{"id":24303,"date":"2023-11-24T17:59:13","date_gmt":"2023-11-24T14:59:13","guid":{"rendered":"https:\/\/minubaltic.ee\/e-pood\/be-kategorijos\/ab-versijos-dvisluoksne-antklode-200x230\/"},"modified":"2024-08-06T18:00:56","modified_gmt":"2024-08-06T15:00:56","slug":"ab-versijos-dvisluoksne-antklode-200-230-21","status":"publish","type":"product","link":"https:\/\/minubaltic.ee\/lt\/e-pood\/antklodes\/ab-versijos-dvisluoksne-antklode-200-230-21\/","title":{"rendered":"AB versijos dvisluoksn\u0117 antklod\u0117 200\u00d7230"},"content":{"rendered":"<ul>\n<li><strong>Dvipus\u0117 antklod\u0117: (AB) skirtingas ra\u0161tas kiekvienoje pus\u0117je.<\/strong><\/li>\n<li><span class=\"product-attribute__label\"><strong>Audinio sud\u0117tis:<\/strong> poliesterio pluo\u0161tas (poliesteris)<\/span><\/li>\n<li><strong>Prek\u0117s pakuo\u010di\u0173 kiekis:<\/strong> 1 vnt.<\/li>\n<li><strong>Svoris: <\/strong>2,6 kg<\/li>\n<li><strong>Dydis:<\/strong> 200\u00d7230 cm<\/li>\n<li><strong>Specifikacija:<\/strong> 1cm x 1-3cm<\/li>\n<li><strong>Sezonas:<\/strong> Visi met\u0173 laikai<\/li>\n<li><strong>Stilius <\/strong>: Amerikieti\u0161kas stilius<\/li>\n<li><strong>Papildoma informacija:<\/strong> Itin mink\u0161tas, patogus, storas, \u0161iltas, pralaidus orui<\/li>\n<li>Produkt\u0173 nuotraukos yra iliustracin\u0117s<\/li>\n<\/ul>\n","protected":false},"excerpt":{"rendered":"<p>Daugiamet\u0117 dvipus\u0117 antklod\u0117, kurios ie\u0161kojote, kad su\u0161ildyt\u0173 jus ilgais \u017eiemos m\u0117nesiais. Antklod\u0117 pagaminta i\u0161 didelio tankio pluo\u0161to, tod\u0117l yra itin mink\u0161ta ir patvari. Puikiai tinka pasiimti \u012f namus arba papuo\u0161ti sve\u010di\u0173 ar \u0161eimos lov\u0105.<br \/>\n\u0160ilta dviguba antklod\u0117 &#8211; puiki dovana \u0161eimai ir draugams.<\/p>\n","protected":false},"featured_media":24285,"comment_status":"open","ping_status":"closed","template":"","meta":[],"product_brand":[],"product_cat":[549,551],"product_tag":[563,562,557,558,559,564],"class_list":{"0":"post-24303","1":"product","2":"type-product","3":"status-publish","4":"has-post-thumbnail","6":"product_cat-antklodes","7":"product_cat-antklodes-200-230","8":"product_tag-antklode","9":"product_tag-antklodes","10":"product_tag-apsipirkti-el","11":"product_tag-e-parduotuve","12":"product_tag-namu-tekstile","13":"product_tag-tekstile","15":"first","16":"outofstock","17":"sale","18":"shipping-taxable","19":"purchasable","20":"product-type-simple"},"yoast_head":"<!-- This site is optimized with the Yoast SEO plugin v27.5 - https:\/\/yoast.com\/product\/yoast-seo-wordpress\/ -->\n<title>AB versijos dvisluoksn\u0117 antklod\u0117 200\u00d7230 - 50% nuolaida<\/title>\n<meta name=\"description\" content=\"Dvigubas kilimas si\u016blo skirtingus ra\u0161tus abiejose pus\u0117se; vienoje pus\u0117je yra \u012fvair\u016bs ra\u0161tai, o kitoje yra kiti. \u0160is universalumas ir patrauklus i\u0161vai...\" \/>\n<meta name=\"robots\" content=\"index, follow, max-snippet:-1, max-image-preview:large, max-video-preview:-1\" \/>\n<link rel=\"canonical\" href=\"https:\/\/minubaltic.ee\/lt\/e-pood\/antklodes\/ab-versijos-dvisluoksne-antklode-200-230-21\/\" \/>\n<meta property=\"og:locale\" content=\"lt_LT\" \/>\n<meta property=\"og:type\" content=\"article\" \/>\n<meta property=\"og:title\" content=\"AB versijos dvisluoksn\u0117 antklod\u0117 200\u00d7230 - 50% nuolaida\" \/>\n<meta property=\"og:description\" content=\"Dvigubas kilimas si\u016blo skirtingus ra\u0161tus abiejose pus\u0117se; vienoje pus\u0117je yra \u012fvair\u016bs ra\u0161tai, o kitoje yra kiti. \u0160is universalumas ir patrauklus i\u0161vai...\" \/>\n<meta property=\"og:url\" content=\"https:\/\/minubaltic.ee\/lt\/e-pood\/antklodes\/ab-versijos-dvisluoksne-antklode-200-230-21\/\" \/>\n<meta property=\"article:publisher\" content=\"https:\/\/www.facebook.com\/minubaltic\" \/>\n<meta property=\"article:modified_time\" content=\"2024-08-06T15:00:56+00:00\" \/>\n<meta property=\"og:image\" content=\"https:\/\/minubaltic.ee\/wp-content\/uploads\/2023\/11\/AB-tekid24-1.jpg\" \/>\n\t<meta property=\"og:image:width\" content=\"800\" \/>\n\t<meta property=\"og:image:height\" content=\"800\" \/>\n\t<meta property=\"og:image:type\" content=\"image\/jpeg\" \/>\n<meta name=\"twitter:card\" content=\"summary_large_image\" \/>\n<meta name=\"twitter:label1\" content=\"Est. reading time\" \/>\n\t<meta name=\"twitter:data1\" content=\"1 minut\u0117\" \/>\n<script type=\"application\/ld+json\" class=\"yoast-schema-graph\">{\"@context\":\"https:\\\/\\\/schema.org\",\"@graph\":[{\"@type\":\"WebPage\",\"@id\":\"https:\\\/\\\/minubaltic.ee\\\/lt\\\/e-pood\\\/antklodes\\\/ab-versijos-dvisluoksne-antklode-200-230-21\\\/\",\"url\":\"https:\\\/\\\/minubaltic.ee\\\/lt\\\/e-pood\\\/antklodes\\\/ab-versijos-dvisluoksne-antklode-200-230-21\\\/\",\"name\":\"AB versijos dvisluoksn\u0117 antklod\u0117 200\u00d7230 - 50% nuolaida\",\"isPartOf\":{\"@id\":\"https:\\\/\\\/minubaltic.ee\\\/lt\\\/#website\"},\"primaryImageOfPage\":{\"@id\":\"https:\\\/\\\/minubaltic.ee\\\/lt\\\/e-pood\\\/antklodes\\\/ab-versijos-dvisluoksne-antklode-200-230-21\\\/#primaryimage\"},\"image\":{\"@id\":\"https:\\\/\\\/minubaltic.ee\\\/lt\\\/e-pood\\\/antklodes\\\/ab-versijos-dvisluoksne-antklode-200-230-21\\\/#primaryimage\"},\"thumbnailUrl\":\"https:\\\/\\\/minubaltic.ee\\\/wp-content\\\/uploads\\\/2023\\\/11\\\/AB-tekid24-1.jpg\",\"datePublished\":\"2023-11-24T14:59:13+00:00\",\"dateModified\":\"2024-08-06T15:00:56+00:00\",\"description\":\"Dvigubas kilimas si\u016blo skirtingus ra\u0161tus abiejose pus\u0117se; vienoje pus\u0117je yra \u012fvair\u016bs ra\u0161tai, o kitoje yra kiti. \u0160is universalumas ir patrauklus i\u0161vai...\",\"breadcrumb\":{\"@id\":\"https:\\\/\\\/minubaltic.ee\\\/lt\\\/e-pood\\\/antklodes\\\/ab-versijos-dvisluoksne-antklode-200-230-21\\\/#breadcrumb\"},\"inLanguage\":\"lt-LT\",\"potentialAction\":[{\"@type\":\"ReadAction\",\"target\":[\"https:\\\/\\\/minubaltic.ee\\\/lt\\\/e-pood\\\/antklodes\\\/ab-versijos-dvisluoksne-antklode-200-230-21\\\/\"]}]},{\"@type\":\"ImageObject\",\"inLanguage\":\"lt-LT\",\"@id\":\"https:\\\/\\\/minubaltic.ee\\\/lt\\\/e-pood\\\/antklodes\\\/ab-versijos-dvisluoksne-antklode-200-230-21\\\/#primaryimage\",\"url\":\"https:\\\/\\\/minubaltic.ee\\\/wp-content\\\/uploads\\\/2023\\\/11\\\/AB-tekid24-1.jpg\",\"contentUrl\":\"https:\\\/\\\/minubaltic.ee\\\/wp-content\\\/uploads\\\/2023\\\/11\\\/AB-tekid24-1.jpg\",\"width\":800,\"height\":800,\"caption\":\"xr:d:DAGCel8hbvM:3,j:3486211047068827374,t:24041510\"},{\"@type\":\"BreadcrumbList\",\"@id\":\"https:\\\/\\\/minubaltic.ee\\\/lt\\\/e-pood\\\/antklodes\\\/ab-versijos-dvisluoksne-antklode-200-230-21\\\/#breadcrumb\",\"itemListElement\":[{\"@type\":\"ListItem\",\"position\":1,\"name\":\"Home\",\"item\":\"https:\\\/\\\/minubaltic.ee\\\/lt\\\/\"},{\"@type\":\"ListItem\",\"position\":2,\"name\":\"Parduotuv\u0117\",\"item\":\"https:\\\/\\\/minubaltic.ee\\\/lt\\\/parduotuve\\\/\"},{\"@type\":\"ListItem\",\"position\":3,\"name\":\"AB versijos dvisluoksn\u0117 antklod\u0117 200\u00d7230\"}]},{\"@type\":\"WebSite\",\"@id\":\"https:\\\/\\\/minubaltic.ee\\\/lt\\\/#website\",\"url\":\"https:\\\/\\\/minubaltic.ee\\\/lt\\\/\",\"name\":\"minubaltic.ee\",\"description\":\"\",\"publisher\":{\"@id\":\"https:\\\/\\\/minubaltic.ee\\\/lt\\\/#organization\"},\"potentialAction\":[{\"@type\":\"SearchAction\",\"target\":{\"@type\":\"EntryPoint\",\"urlTemplate\":\"https:\\\/\\\/minubaltic.ee\\\/lt\\\/?s={search_term_string}\"},\"query-input\":{\"@type\":\"PropertyValueSpecification\",\"valueRequired\":true,\"valueName\":\"search_term_string\"}}],\"inLanguage\":\"lt-LT\"},{\"@type\":\"Organization\",\"@id\":\"https:\\\/\\\/minubaltic.ee\\\/lt\\\/#organization\",\"name\":\"Minu Baltic O\u00dc\",\"url\":\"https:\\\/\\\/minubaltic.ee\\\/lt\\\/\",\"logo\":{\"@type\":\"ImageObject\",\"inLanguage\":\"lt-LT\",\"@id\":\"https:\\\/\\\/minubaltic.ee\\\/lt\\\/#\\\/schema\\\/logo\\\/image\\\/\",\"url\":\"https:\\\/\\\/minubaltic.ee\\\/wp-content\\\/uploads\\\/2023\\\/10\\\/cropped-cropped-cropped-logo.png\",\"contentUrl\":\"https:\\\/\\\/minubaltic.ee\\\/wp-content\\\/uploads\\\/2023\\\/10\\\/cropped-cropped-cropped-logo.png\",\"width\":500,\"height\":237,\"caption\":\"Minu Baltic O\u00dc\"},\"image\":{\"@id\":\"https:\\\/\\\/minubaltic.ee\\\/lt\\\/#\\\/schema\\\/logo\\\/image\\\/\"},\"sameAs\":[\"https:\\\/\\\/www.facebook.com\\\/minubaltic\"]}]}<\/script>\n<!-- \/ Yoast SEO plugin. -->","yoast_head_json":{"title":"AB versijos dvisluoksn\u0117 antklod\u0117 200\u00d7230 - 50% nuolaida","description":"Dvigubas kilimas si\u016blo skirtingus ra\u0161tus abiejose pus\u0117se; vienoje pus\u0117je yra \u012fvair\u016bs ra\u0161tai, o kitoje yra kiti. \u0160is universalumas ir patrauklus i\u0161vai...","robots":{"index":"index","follow":"follow","max-snippet":"max-snippet:-1","max-image-preview":"max-image-preview:large","max-video-preview":"max-video-preview:-1"},"canonical":"https:\/\/minubaltic.ee\/lt\/e-pood\/antklodes\/ab-versijos-dvisluoksne-antklode-200-230-21\/","og_locale":"lt_LT","og_type":"article","og_title":"AB versijos dvisluoksn\u0117 antklod\u0117 200\u00d7230 - 50% nuolaida","og_description":"Dvigubas kilimas si\u016blo skirtingus ra\u0161tus abiejose pus\u0117se; vienoje pus\u0117je yra \u012fvair\u016bs ra\u0161tai, o kitoje yra kiti. \u0160is universalumas ir patrauklus i\u0161vai...","og_url":"https:\/\/minubaltic.ee\/lt\/e-pood\/antklodes\/ab-versijos-dvisluoksne-antklode-200-230-21\/","article_publisher":"https:\/\/www.facebook.com\/minubaltic","article_modified_time":"2024-08-06T15:00:56+00:00","og_image":[{"width":800,"height":800,"url":"https:\/\/minubaltic.ee\/wp-content\/uploads\/2023\/11\/AB-tekid24-1.jpg","type":"image\/jpeg"}],"twitter_card":"summary_large_image","twitter_misc":{"Est. reading time":"1 minut\u0117"},"schema":{"@context":"https:\/\/schema.org","@graph":[{"@type":"WebPage","@id":"https:\/\/minubaltic.ee\/lt\/e-pood\/antklodes\/ab-versijos-dvisluoksne-antklode-200-230-21\/","url":"https:\/\/minubaltic.ee\/lt\/e-pood\/antklodes\/ab-versijos-dvisluoksne-antklode-200-230-21\/","name":"AB versijos dvisluoksn\u0117 antklod\u0117 200\u00d7230 - 50% nuolaida","isPartOf":{"@id":"https:\/\/minubaltic.ee\/lt\/#website"},"primaryImageOfPage":{"@id":"https:\/\/minubaltic.ee\/lt\/e-pood\/antklodes\/ab-versijos-dvisluoksne-antklode-200-230-21\/#primaryimage"},"image":{"@id":"https:\/\/minubaltic.ee\/lt\/e-pood\/antklodes\/ab-versijos-dvisluoksne-antklode-200-230-21\/#primaryimage"},"thumbnailUrl":"https:\/\/minubaltic.ee\/wp-content\/uploads\/2023\/11\/AB-tekid24-1.jpg","datePublished":"2023-11-24T14:59:13+00:00","dateModified":"2024-08-06T15:00:56+00:00","description":"Dvigubas kilimas si\u016blo skirtingus ra\u0161tus abiejose pus\u0117se; vienoje pus\u0117je yra \u012fvair\u016bs ra\u0161tai, o kitoje yra kiti. \u0160is universalumas ir patrauklus i\u0161vai...","breadcrumb":{"@id":"https:\/\/minubaltic.ee\/lt\/e-pood\/antklodes\/ab-versijos-dvisluoksne-antklode-200-230-21\/#breadcrumb"},"inLanguage":"lt-LT","potentialAction":[{"@type":"ReadAction","target":["https:\/\/minubaltic.ee\/lt\/e-pood\/antklodes\/ab-versijos-dvisluoksne-antklode-200-230-21\/"]}]},{"@type":"ImageObject","inLanguage":"lt-LT","@id":"https:\/\/minubaltic.ee\/lt\/e-pood\/antklodes\/ab-versijos-dvisluoksne-antklode-200-230-21\/#primaryimage","url":"https:\/\/minubaltic.ee\/wp-content\/uploads\/2023\/11\/AB-tekid24-1.jpg","contentUrl":"https:\/\/minubaltic.ee\/wp-content\/uploads\/2023\/11\/AB-tekid24-1.jpg","width":800,"height":800,"caption":"xr:d:DAGCel8hbvM:3,j:3486211047068827374,t:24041510"},{"@type":"BreadcrumbList","@id":"https:\/\/minubaltic.ee\/lt\/e-pood\/antklodes\/ab-versijos-dvisluoksne-antklode-200-230-21\/#breadcrumb","itemListElement":[{"@type":"ListItem","position":1,"name":"Home","item":"https:\/\/minubaltic.ee\/lt\/"},{"@type":"ListItem","position":2,"name":"Parduotuv\u0117","item":"https:\/\/minubaltic.ee\/lt\/parduotuve\/"},{"@type":"ListItem","position":3,"name":"AB versijos dvisluoksn\u0117 antklod\u0117 200\u00d7230"}]},{"@type":"WebSite","@id":"https:\/\/minubaltic.ee\/lt\/#website","url":"https:\/\/minubaltic.ee\/lt\/","name":"minubaltic.ee","description":"","publisher":{"@id":"https:\/\/minubaltic.ee\/lt\/#organization"},"potentialAction":[{"@type":"SearchAction","target":{"@type":"EntryPoint","urlTemplate":"https:\/\/minubaltic.ee\/lt\/?s={search_term_string}"},"query-input":{"@type":"PropertyValueSpecification","valueRequired":true,"valueName":"search_term_string"}}],"inLanguage":"lt-LT"},{"@type":"Organization","@id":"https:\/\/minubaltic.ee\/lt\/#organization","name":"Minu Baltic O\u00dc","url":"https:\/\/minubaltic.ee\/lt\/","logo":{"@type":"ImageObject","inLanguage":"lt-LT","@id":"https:\/\/minubaltic.ee\/lt\/#\/schema\/logo\/image\/","url":"https:\/\/minubaltic.ee\/wp-content\/uploads\/2023\/10\/cropped-cropped-cropped-logo.png","contentUrl":"https:\/\/minubaltic.ee\/wp-content\/uploads\/2023\/10\/cropped-cropped-cropped-logo.png","width":500,"height":237,"caption":"Minu Baltic O\u00dc"},"image":{"@id":"https:\/\/minubaltic.ee\/lt\/#\/schema\/logo\/image\/"},"sameAs":["https:\/\/www.facebook.com\/minubaltic"]}]}},"_links":{"self":[{"href":"https:\/\/minubaltic.ee\/lt\/wp-json\/wp\/v2\/product\/24303","targetHints":{"allow":["GET"]}}],"collection":[{"href":"https:\/\/minubaltic.ee\/lt\/wp-json\/wp\/v2\/product"}],"about":[{"href":"https:\/\/minubaltic.ee\/lt\/wp-json\/wp\/v2\/types\/product"}],"replies":[{"embeddable":true,"href":"https:\/\/minubaltic.ee\/lt\/wp-json\/wp\/v2\/comments?post=24303"}],"version-history":[{"count":0,"href":"https:\/\/minubaltic.ee\/lt\/wp-json\/wp\/v2\/product\/24303\/revisions"}],"wp:featuredmedia":[{"embeddable":true,"href":"https:\/\/minubaltic.ee\/lt\/wp-json\/wp\/v2\/media\/24285"}],"wp:attachment":[{"href":"https:\/\/minubaltic.ee\/lt\/wp-json\/wp\/v2\/media?parent=24303"}],"wp:term":[{"taxonomy":"product_brand","embeddable":true,"href":"https:\/\/minubaltic.ee\/lt\/wp-json\/wp\/v2\/product_brand?post=24303"},{"taxonomy":"product_cat","embeddable":true,"href":"https:\/\/minubaltic.ee\/lt\/wp-json\/wp\/v2\/product_cat?post=24303"},{"taxonomy":"product_tag","embeddable":true,"href":"https:\/\/minubaltic.ee\/lt\/wp-json\/wp\/v2\/product_tag?post=24303"}],"curies":[{"name":"wp","href":"https:\/\/api.w.org\/{rel}","templated":true}]}}