{"id":23761,"date":"2023-10-04T19:06:47","date_gmt":"2023-10-04T16:06:47","guid":{"rendered":"https:\/\/minubaltic.ee\/e-pood\/maaratlemata\/medvilninis-ranksluostis-35x75\/"},"modified":"2024-04-13T22:06:44","modified_gmt":"2024-04-13T19:06:44","slug":"medvilninis-ranksluostis-35-75-3","status":"publish","type":"product","link":"https:\/\/minubaltic.ee\/lt\/e-pood\/ranku-ir-veido-ranksluosciai\/medvilninis-ranksluostis-35-75-3\/","title":{"rendered":"Medvilninis rank\u0161luostis 35&#215;75"},"content":{"rendered":"<ul>\n<li><span class=\"product-attribute__label\"><strong>Audinio sud\u0117tis:<\/strong><\/span> <span class=\"product-attribute__value\" data-attribute-code=\"fabric_composition\">100% medviln\u0117<\/span><\/li>\n<li><strong>Produktas pakuot\u0117je:<\/strong> 1 vnt.<\/li>\n<li><strong>I\u0161matavimai:<\/strong> 35&#215;75 cm<\/li>\n<li><strong>Spalva:<\/strong> Baltas<\/li>\n<li><strong>Svoris:<\/strong> 400 g\/m2<\/li>\n<\/ul>\n","protected":false},"excerpt":{"rendered":"<p>Audinio sud\u0117tis: 100% medviln\u0117 Produktas pakuot\u0117je: 1 vnt. I\u0161matavimai: 35&#215;75 cm Spalva: Baltas Svoris: 400 g\/m2<\/p>\n","protected":false},"featured_media":23762,"comment_status":"open","ping_status":"closed","template":"","meta":[],"product_brand":[],"product_cat":[541,542,534],"product_tag":[557,558,559,561,564],"class_list":{"0":"post-23761","1":"product","2":"type-product","3":"status-publish","4":"has-post-thumbnail","6":"product_cat-ranksluosciai","7":"product_cat-ranksluosciai-35-75","8":"product_cat-ranku-ir-veido-ranksluosciai","9":"product_tag-apsipirkti-el","10":"product_tag-e-parduotuve","11":"product_tag-namu-tekstile","12":"product_tag-ranksluosciai","13":"product_tag-tekstile","15":"first","16":"instock","17":"shipping-taxable","18":"purchasable","19":"product-type-simple"},"yoast_head":"<!-- This site is optimized with the Yoast SEO plugin v27.3 - https:\/\/yoast.com\/product\/yoast-seo-wordpress\/ -->\n<title>Medvilninis rank\u0161luostis 35x75 - \u0160iuolaikin\u0117s nam\u0173 apyvokos prek\u0117s, pirkti internetu<\/title>\n<meta name=\"description\" content=\"Bambukiniai rank\u0161luos\u010diai, Ekologi\u0161ki rank\u0161luos\u010diai, Auk\u0161tos kokyb\u0117s mikropluo\u0161to rank\u0161luos\u010diai, Hipoalergi\u0161ki rank\u0161luos\u010diai, Papl\u016bdimio rank\u0161luos\u010diai vasarai,\" \/>\n<meta name=\"robots\" content=\"index, follow, max-snippet:-1, max-image-preview:large, max-video-preview:-1\" \/>\n<link rel=\"canonical\" href=\"https:\/\/minubaltic.ee\/lt\/e-pood\/ranku-ir-veido-ranksluosciai\/medvilninis-ranksluostis-35-75-3\/\" \/>\n<meta property=\"og:locale\" content=\"lt_LT\" \/>\n<meta property=\"og:type\" content=\"article\" \/>\n<meta property=\"og:title\" content=\"Medvilninis rank\u0161luostis 35x75 - \u0160iuolaikin\u0117s nam\u0173 apyvokos prek\u0117s, pirkti internetu\" \/>\n<meta property=\"og:description\" content=\"Bambukiniai rank\u0161luos\u010diai, Ekologi\u0161ki rank\u0161luos\u010diai, Auk\u0161tos kokyb\u0117s mikropluo\u0161to rank\u0161luos\u010diai, Hipoalergi\u0161ki rank\u0161luos\u010diai, Papl\u016bdimio rank\u0161luos\u010diai vasarai,\" \/>\n<meta property=\"og:url\" content=\"https:\/\/minubaltic.ee\/lt\/e-pood\/ranku-ir-veido-ranksluosciai\/medvilninis-ranksluostis-35-75-3\/\" \/>\n<meta property=\"article:publisher\" content=\"https:\/\/www.facebook.com\/minubaltic\" \/>\n<meta property=\"article:modified_time\" content=\"2024-04-13T19:06:44+00:00\" \/>\n<meta property=\"og:image\" content=\"https:\/\/minubaltic.ee\/wp-content\/uploads\/2023\/10\/Ratikud-versa-1.jpg\" \/>\n\t<meta property=\"og:image:width\" content=\"750\" \/>\n\t<meta property=\"og:image:height\" content=\"750\" \/>\n\t<meta property=\"og:image:type\" content=\"image\/jpeg\" \/>\n<meta name=\"twitter:card\" content=\"summary_large_image\" \/>\n<meta name=\"twitter:label1\" content=\"Est. reading time\" \/>\n\t<meta name=\"twitter:data1\" content=\"1 minut\u0117\" \/>\n<script type=\"application\/ld+json\" class=\"yoast-schema-graph\">{\"@context\":\"https:\\\/\\\/schema.org\",\"@graph\":[{\"@type\":\"WebPage\",\"@id\":\"https:\\\/\\\/minubaltic.ee\\\/lt\\\/e-pood\\\/ranku-ir-veido-ranksluosciai\\\/medvilninis-ranksluostis-35-75-3\\\/\",\"url\":\"https:\\\/\\\/minubaltic.ee\\\/lt\\\/e-pood\\\/ranku-ir-veido-ranksluosciai\\\/medvilninis-ranksluostis-35-75-3\\\/\",\"name\":\"Medvilninis rank\u0161luostis 35x75 - \u0160iuolaikin\u0117s nam\u0173 apyvokos prek\u0117s, pirkti internetu\",\"isPartOf\":{\"@id\":\"https:\\\/\\\/minubaltic.ee\\\/lt\\\/#website\"},\"primaryImageOfPage\":{\"@id\":\"https:\\\/\\\/minubaltic.ee\\\/lt\\\/e-pood\\\/ranku-ir-veido-ranksluosciai\\\/medvilninis-ranksluostis-35-75-3\\\/#primaryimage\"},\"image\":{\"@id\":\"https:\\\/\\\/minubaltic.ee\\\/lt\\\/e-pood\\\/ranku-ir-veido-ranksluosciai\\\/medvilninis-ranksluostis-35-75-3\\\/#primaryimage\"},\"thumbnailUrl\":\"https:\\\/\\\/minubaltic.ee\\\/wp-content\\\/uploads\\\/2023\\\/10\\\/Ratikud-versa-1.jpg\",\"datePublished\":\"2023-10-04T16:06:47+00:00\",\"dateModified\":\"2024-04-13T19:06:44+00:00\",\"description\":\"Bambukiniai rank\u0161luos\u010diai, Ekologi\u0161ki rank\u0161luos\u010diai, Auk\u0161tos kokyb\u0117s mikropluo\u0161to rank\u0161luos\u010diai, Hipoalergi\u0161ki rank\u0161luos\u010diai, Papl\u016bdimio rank\u0161luos\u010diai vasarai,\",\"breadcrumb\":{\"@id\":\"https:\\\/\\\/minubaltic.ee\\\/lt\\\/e-pood\\\/ranku-ir-veido-ranksluosciai\\\/medvilninis-ranksluostis-35-75-3\\\/#breadcrumb\"},\"inLanguage\":\"lt-LT\",\"potentialAction\":[{\"@type\":\"ReadAction\",\"target\":[\"https:\\\/\\\/minubaltic.ee\\\/lt\\\/e-pood\\\/ranku-ir-veido-ranksluosciai\\\/medvilninis-ranksluostis-35-75-3\\\/\"]}]},{\"@type\":\"ImageObject\",\"inLanguage\":\"lt-LT\",\"@id\":\"https:\\\/\\\/minubaltic.ee\\\/lt\\\/e-pood\\\/ranku-ir-veido-ranksluosciai\\\/medvilninis-ranksluostis-35-75-3\\\/#primaryimage\",\"url\":\"https:\\\/\\\/minubaltic.ee\\\/wp-content\\\/uploads\\\/2023\\\/10\\\/Ratikud-versa-1.jpg\",\"contentUrl\":\"https:\\\/\\\/minubaltic.ee\\\/wp-content\\\/uploads\\\/2023\\\/10\\\/Ratikud-versa-1.jpg\",\"width\":750,\"height\":750},{\"@type\":\"BreadcrumbList\",\"@id\":\"https:\\\/\\\/minubaltic.ee\\\/lt\\\/e-pood\\\/ranku-ir-veido-ranksluosciai\\\/medvilninis-ranksluostis-35-75-3\\\/#breadcrumb\",\"itemListElement\":[{\"@type\":\"ListItem\",\"position\":1,\"name\":\"Home\",\"item\":\"https:\\\/\\\/minubaltic.ee\\\/lt\\\/\"},{\"@type\":\"ListItem\",\"position\":2,\"name\":\"Parduotuv\u0117\",\"item\":\"https:\\\/\\\/minubaltic.ee\\\/lt\\\/parduotuve\\\/\"},{\"@type\":\"ListItem\",\"position\":3,\"name\":\"Medvilninis rank\u0161luostis 35&#215;75\"}]},{\"@type\":\"WebSite\",\"@id\":\"https:\\\/\\\/minubaltic.ee\\\/lt\\\/#website\",\"url\":\"https:\\\/\\\/minubaltic.ee\\\/lt\\\/\",\"name\":\"minubaltic.ee\",\"description\":\"\",\"publisher\":{\"@id\":\"https:\\\/\\\/minubaltic.ee\\\/lt\\\/#organization\"},\"potentialAction\":[{\"@type\":\"SearchAction\",\"target\":{\"@type\":\"EntryPoint\",\"urlTemplate\":\"https:\\\/\\\/minubaltic.ee\\\/lt\\\/?s={search_term_string}\"},\"query-input\":{\"@type\":\"PropertyValueSpecification\",\"valueRequired\":true,\"valueName\":\"search_term_string\"}}],\"inLanguage\":\"lt-LT\"},{\"@type\":\"Organization\",\"@id\":\"https:\\\/\\\/minubaltic.ee\\\/lt\\\/#organization\",\"name\":\"Minu Baltic O\u00dc\",\"url\":\"https:\\\/\\\/minubaltic.ee\\\/lt\\\/\",\"logo\":{\"@type\":\"ImageObject\",\"inLanguage\":\"lt-LT\",\"@id\":\"https:\\\/\\\/minubaltic.ee\\\/lt\\\/#\\\/schema\\\/logo\\\/image\\\/\",\"url\":\"https:\\\/\\\/minubaltic.ee\\\/wp-content\\\/uploads\\\/2023\\\/10\\\/cropped-cropped-cropped-logo.png\",\"contentUrl\":\"https:\\\/\\\/minubaltic.ee\\\/wp-content\\\/uploads\\\/2023\\\/10\\\/cropped-cropped-cropped-logo.png\",\"width\":500,\"height\":237,\"caption\":\"Minu Baltic O\u00dc\"},\"image\":{\"@id\":\"https:\\\/\\\/minubaltic.ee\\\/lt\\\/#\\\/schema\\\/logo\\\/image\\\/\"},\"sameAs\":[\"https:\\\/\\\/www.facebook.com\\\/minubaltic\"]}]}<\/script>\n<!-- \/ Yoast SEO plugin. -->","yoast_head_json":{"title":"Medvilninis rank\u0161luostis 35x75 - \u0160iuolaikin\u0117s nam\u0173 apyvokos prek\u0117s, pirkti internetu","description":"Bambukiniai rank\u0161luos\u010diai, Ekologi\u0161ki rank\u0161luos\u010diai, Auk\u0161tos kokyb\u0117s mikropluo\u0161to rank\u0161luos\u010diai, Hipoalergi\u0161ki rank\u0161luos\u010diai, Papl\u016bdimio rank\u0161luos\u010diai vasarai,","robots":{"index":"index","follow":"follow","max-snippet":"max-snippet:-1","max-image-preview":"max-image-preview:large","max-video-preview":"max-video-preview:-1"},"canonical":"https:\/\/minubaltic.ee\/lt\/e-pood\/ranku-ir-veido-ranksluosciai\/medvilninis-ranksluostis-35-75-3\/","og_locale":"lt_LT","og_type":"article","og_title":"Medvilninis rank\u0161luostis 35x75 - \u0160iuolaikin\u0117s nam\u0173 apyvokos prek\u0117s, pirkti internetu","og_description":"Bambukiniai rank\u0161luos\u010diai, Ekologi\u0161ki rank\u0161luos\u010diai, Auk\u0161tos kokyb\u0117s mikropluo\u0161to rank\u0161luos\u010diai, Hipoalergi\u0161ki rank\u0161luos\u010diai, Papl\u016bdimio rank\u0161luos\u010diai vasarai,","og_url":"https:\/\/minubaltic.ee\/lt\/e-pood\/ranku-ir-veido-ranksluosciai\/medvilninis-ranksluostis-35-75-3\/","article_publisher":"https:\/\/www.facebook.com\/minubaltic","article_modified_time":"2024-04-13T19:06:44+00:00","og_image":[{"width":750,"height":750,"url":"https:\/\/minubaltic.ee\/wp-content\/uploads\/2023\/10\/Ratikud-versa-1.jpg","type":"image\/jpeg"}],"twitter_card":"summary_large_image","twitter_misc":{"Est. reading time":"1 minut\u0117"},"schema":{"@context":"https:\/\/schema.org","@graph":[{"@type":"WebPage","@id":"https:\/\/minubaltic.ee\/lt\/e-pood\/ranku-ir-veido-ranksluosciai\/medvilninis-ranksluostis-35-75-3\/","url":"https:\/\/minubaltic.ee\/lt\/e-pood\/ranku-ir-veido-ranksluosciai\/medvilninis-ranksluostis-35-75-3\/","name":"Medvilninis rank\u0161luostis 35x75 - \u0160iuolaikin\u0117s nam\u0173 apyvokos prek\u0117s, pirkti internetu","isPartOf":{"@id":"https:\/\/minubaltic.ee\/lt\/#website"},"primaryImageOfPage":{"@id":"https:\/\/minubaltic.ee\/lt\/e-pood\/ranku-ir-veido-ranksluosciai\/medvilninis-ranksluostis-35-75-3\/#primaryimage"},"image":{"@id":"https:\/\/minubaltic.ee\/lt\/e-pood\/ranku-ir-veido-ranksluosciai\/medvilninis-ranksluostis-35-75-3\/#primaryimage"},"thumbnailUrl":"https:\/\/minubaltic.ee\/wp-content\/uploads\/2023\/10\/Ratikud-versa-1.jpg","datePublished":"2023-10-04T16:06:47+00:00","dateModified":"2024-04-13T19:06:44+00:00","description":"Bambukiniai rank\u0161luos\u010diai, Ekologi\u0161ki rank\u0161luos\u010diai, Auk\u0161tos kokyb\u0117s mikropluo\u0161to rank\u0161luos\u010diai, Hipoalergi\u0161ki rank\u0161luos\u010diai, Papl\u016bdimio rank\u0161luos\u010diai vasarai,","breadcrumb":{"@id":"https:\/\/minubaltic.ee\/lt\/e-pood\/ranku-ir-veido-ranksluosciai\/medvilninis-ranksluostis-35-75-3\/#breadcrumb"},"inLanguage":"lt-LT","potentialAction":[{"@type":"ReadAction","target":["https:\/\/minubaltic.ee\/lt\/e-pood\/ranku-ir-veido-ranksluosciai\/medvilninis-ranksluostis-35-75-3\/"]}]},{"@type":"ImageObject","inLanguage":"lt-LT","@id":"https:\/\/minubaltic.ee\/lt\/e-pood\/ranku-ir-veido-ranksluosciai\/medvilninis-ranksluostis-35-75-3\/#primaryimage","url":"https:\/\/minubaltic.ee\/wp-content\/uploads\/2023\/10\/Ratikud-versa-1.jpg","contentUrl":"https:\/\/minubaltic.ee\/wp-content\/uploads\/2023\/10\/Ratikud-versa-1.jpg","width":750,"height":750},{"@type":"BreadcrumbList","@id":"https:\/\/minubaltic.ee\/lt\/e-pood\/ranku-ir-veido-ranksluosciai\/medvilninis-ranksluostis-35-75-3\/#breadcrumb","itemListElement":[{"@type":"ListItem","position":1,"name":"Home","item":"https:\/\/minubaltic.ee\/lt\/"},{"@type":"ListItem","position":2,"name":"Parduotuv\u0117","item":"https:\/\/minubaltic.ee\/lt\/parduotuve\/"},{"@type":"ListItem","position":3,"name":"Medvilninis rank\u0161luostis 35&#215;75"}]},{"@type":"WebSite","@id":"https:\/\/minubaltic.ee\/lt\/#website","url":"https:\/\/minubaltic.ee\/lt\/","name":"minubaltic.ee","description":"","publisher":{"@id":"https:\/\/minubaltic.ee\/lt\/#organization"},"potentialAction":[{"@type":"SearchAction","target":{"@type":"EntryPoint","urlTemplate":"https:\/\/minubaltic.ee\/lt\/?s={search_term_string}"},"query-input":{"@type":"PropertyValueSpecification","valueRequired":true,"valueName":"search_term_string"}}],"inLanguage":"lt-LT"},{"@type":"Organization","@id":"https:\/\/minubaltic.ee\/lt\/#organization","name":"Minu Baltic O\u00dc","url":"https:\/\/minubaltic.ee\/lt\/","logo":{"@type":"ImageObject","inLanguage":"lt-LT","@id":"https:\/\/minubaltic.ee\/lt\/#\/schema\/logo\/image\/","url":"https:\/\/minubaltic.ee\/wp-content\/uploads\/2023\/10\/cropped-cropped-cropped-logo.png","contentUrl":"https:\/\/minubaltic.ee\/wp-content\/uploads\/2023\/10\/cropped-cropped-cropped-logo.png","width":500,"height":237,"caption":"Minu Baltic O\u00dc"},"image":{"@id":"https:\/\/minubaltic.ee\/lt\/#\/schema\/logo\/image\/"},"sameAs":["https:\/\/www.facebook.com\/minubaltic"]}]}},"_links":{"self":[{"href":"https:\/\/minubaltic.ee\/lt\/wp-json\/wp\/v2\/product\/23761","targetHints":{"allow":["GET"]}}],"collection":[{"href":"https:\/\/minubaltic.ee\/lt\/wp-json\/wp\/v2\/product"}],"about":[{"href":"https:\/\/minubaltic.ee\/lt\/wp-json\/wp\/v2\/types\/product"}],"replies":[{"embeddable":true,"href":"https:\/\/minubaltic.ee\/lt\/wp-json\/wp\/v2\/comments?post=23761"}],"version-history":[{"count":0,"href":"https:\/\/minubaltic.ee\/lt\/wp-json\/wp\/v2\/product\/23761\/revisions"}],"wp:featuredmedia":[{"embeddable":true,"href":"https:\/\/minubaltic.ee\/lt\/wp-json\/wp\/v2\/media\/23762"}],"wp:attachment":[{"href":"https:\/\/minubaltic.ee\/lt\/wp-json\/wp\/v2\/media?parent=23761"}],"wp:term":[{"taxonomy":"product_brand","embeddable":true,"href":"https:\/\/minubaltic.ee\/lt\/wp-json\/wp\/v2\/product_brand?post=23761"},{"taxonomy":"product_cat","embeddable":true,"href":"https:\/\/minubaltic.ee\/lt\/wp-json\/wp\/v2\/product_cat?post=23761"},{"taxonomy":"product_tag","embeddable":true,"href":"https:\/\/minubaltic.ee\/lt\/wp-json\/wp\/v2\/product_tag?post=23761"}],"curies":[{"name":"wp","href":"https:\/\/api.w.org\/{rel}","templated":true}]}}