{"id":23702,"date":"2023-10-08T14:15:52","date_gmt":"2023-10-08T11:15:52","guid":{"rendered":"https:\/\/minubaltic.ee\/e-pood\/maaratlemata\/aa-versijos-dvisluoksne-antklode-200x230\/"},"modified":"2024-07-02T22:49:36","modified_gmt":"2024-07-02T19:49:36","slug":"aa-versijos-dvisluoksne-antklode-200-2","status":"publish","type":"product","link":"https:\/\/minubaltic.ee\/lt\/e-pood\/antklodes\/aa-versijos-dvisluoksne-antklode-200-2\/","title":{"rendered":"AA versijos dvisluoksn\u0117 antklod\u0117 200\u00d7230"},"content":{"rendered":"<ul>\n<li><strong>Dvipus\u0117 antklod\u0117<span class=\"product-attribute__label\">: (AA) tas pats ra\u0161tas abiejose pus\u0117se<\/span>.<\/strong><\/li>\n<li><span class=\"product-attribute__label\"><strong>Audinio sud\u0117tis:<\/strong> poliesterio pluo\u0161tas (poliesteris)<\/span><\/li>\n<li><strong>Prek\u0117s pakuo\u010di\u0173 kiekis:<\/strong> 1 vnt.<\/li>\n<li><strong>Svoris: <\/strong>2,6 kg<\/li>\n<li><strong>Dydis:<\/strong> 200\u00d7230 cm<\/li>\n<li><strong>Specifikacija:<\/strong> 1cm x 1-3cm<\/li>\n<li><strong>Sezonas:<\/strong> Visi met\u0173 laikai<\/li>\n<li><strong>Stilius <\/strong>: Amerikieti\u0161kas stilius<\/li>\n<li><strong>Papildoma informacija:<\/strong> Itin mink\u0161tas, patogus, storas, \u0161iltas, pralaidus orui<\/li>\n<li>Produkt\u0173 nuotraukos yra iliustracin\u0117s<\/li>\n<\/ul>\n","protected":false},"excerpt":{"rendered":"<p>Daugiamet\u0117 dvipus\u0117 antklod\u0117, kurios ie\u0161kojote, kad su\u0161ildyt\u0173 jus ilgais \u017eiemos m\u0117nesiais. Antklod\u0117 pagaminta i\u0161 didelio tankio pluo\u0161to, tod\u0117l yra itin mink\u0161ta ir patvari. Puikiai tinka pasiimti \u012f namus arba papuo\u0161ti sve\u010di\u0173 ar \u0161eimos lov\u0105.<br \/>\n\u0160ilta dviguba antklod\u0117 &#8211; puiki dovana \u0161eimai ir draugams.<\/p>\n","protected":false},"featured_media":23703,"comment_status":"open","ping_status":"closed","template":"","meta":[],"product_brand":[],"product_cat":[549,551],"product_tag":[563,562,557,558,559,564],"class_list":{"0":"post-23702","1":"product","2":"type-product","3":"status-publish","4":"has-post-thumbnail","6":"product_cat-antklodes","7":"product_cat-antklodes-200-230","8":"product_tag-antklode","9":"product_tag-antklodes","10":"product_tag-apsipirkti-el","11":"product_tag-e-parduotuve","12":"product_tag-namu-tekstile","13":"product_tag-tekstile","15":"first","16":"instock","17":"sale","18":"shipping-taxable","19":"purchasable","20":"product-type-simple"},"yoast_head":"<!-- This site is optimized with the Yoast SEO plugin v27.3 - https:\/\/yoast.com\/product\/yoast-seo-wordpress\/ -->\n<title>AA versijos dvisluoksn\u0117 antklod\u0117 200\u00d7230 - Prabangios antklod\u0117s, Vooditekt<\/title>\n<meta name=\"description\" content=\"AA antklod\u0117s, Antklod\u0117s, Antklod\u0117s, Antklod\u0117s su ra\u0161tais, Antklod\u0117s vienam ar dviem, Antklod\u0117s, Antklod\u017ei\u0173 pirkimo vadovas, Antklod\u0117s, Antklod\u0117s \u012fvairiems dyd\u017eiams\" \/>\n<meta name=\"robots\" content=\"index, follow, max-snippet:-1, max-image-preview:large, max-video-preview:-1\" \/>\n<link rel=\"canonical\" href=\"https:\/\/minubaltic.ee\/lt\/e-pood\/antklodes\/aa-versijos-dvisluoksne-antklode-200-2\/\" \/>\n<meta property=\"og:locale\" content=\"lt_LT\" \/>\n<meta property=\"og:type\" content=\"article\" \/>\n<meta property=\"og:title\" content=\"AA versijos dvisluoksn\u0117 antklod\u0117 200\u00d7230 - Prabangios antklod\u0117s, Vooditekt\" \/>\n<meta property=\"og:description\" content=\"AA antklod\u0117s, Antklod\u0117s, Antklod\u0117s, Antklod\u0117s su ra\u0161tais, Antklod\u0117s vienam ar dviem, Antklod\u0117s, Antklod\u017ei\u0173 pirkimo vadovas, Antklod\u0117s, Antklod\u0117s \u012fvairiems dyd\u017eiams\" \/>\n<meta property=\"og:url\" content=\"https:\/\/minubaltic.ee\/lt\/e-pood\/antklodes\/aa-versijos-dvisluoksne-antklode-200-2\/\" \/>\n<meta property=\"article:publisher\" content=\"https:\/\/www.facebook.com\/minubaltic\" \/>\n<meta property=\"article:modified_time\" content=\"2024-07-02T19:49:36+00:00\" \/>\n<meta property=\"og:image\" content=\"https:\/\/minubaltic.ee\/wp-content\/uploads\/2023\/10\/tekk-AA-version-6.webp\" \/>\n\t<meta property=\"og:image:width\" content=\"800\" \/>\n\t<meta property=\"og:image:height\" content=\"800\" \/>\n\t<meta property=\"og:image:type\" content=\"image\/webp\" \/>\n<meta name=\"twitter:card\" content=\"summary_large_image\" \/>\n<meta name=\"twitter:label1\" content=\"Est. reading time\" \/>\n\t<meta name=\"twitter:data1\" content=\"1 minut\u0117\" \/>\n<script type=\"application\/ld+json\" class=\"yoast-schema-graph\">{\"@context\":\"https:\\\/\\\/schema.org\",\"@graph\":[{\"@type\":\"WebPage\",\"@id\":\"https:\\\/\\\/minubaltic.ee\\\/lt\\\/e-pood\\\/antklodes\\\/aa-versijos-dvisluoksne-antklode-200-2\\\/\",\"url\":\"https:\\\/\\\/minubaltic.ee\\\/lt\\\/e-pood\\\/antklodes\\\/aa-versijos-dvisluoksne-antklode-200-2\\\/\",\"name\":\"AA versijos dvisluoksn\u0117 antklod\u0117 200\u00d7230 - Prabangios antklod\u0117s, Vooditekt\",\"isPartOf\":{\"@id\":\"https:\\\/\\\/minubaltic.ee\\\/lt\\\/#website\"},\"primaryImageOfPage\":{\"@id\":\"https:\\\/\\\/minubaltic.ee\\\/lt\\\/e-pood\\\/antklodes\\\/aa-versijos-dvisluoksne-antklode-200-2\\\/#primaryimage\"},\"image\":{\"@id\":\"https:\\\/\\\/minubaltic.ee\\\/lt\\\/e-pood\\\/antklodes\\\/aa-versijos-dvisluoksne-antklode-200-2\\\/#primaryimage\"},\"thumbnailUrl\":\"https:\\\/\\\/minubaltic.ee\\\/wp-content\\\/uploads\\\/2023\\\/10\\\/tekk-AA-version-6.webp\",\"datePublished\":\"2023-10-08T11:15:52+00:00\",\"dateModified\":\"2024-07-02T19:49:36+00:00\",\"description\":\"AA antklod\u0117s, Antklod\u0117s, Antklod\u0117s, Antklod\u0117s su ra\u0161tais, Antklod\u0117s vienam ar dviem, Antklod\u0117s, Antklod\u017ei\u0173 pirkimo vadovas, Antklod\u0117s, Antklod\u0117s \u012fvairiems dyd\u017eiams\",\"breadcrumb\":{\"@id\":\"https:\\\/\\\/minubaltic.ee\\\/lt\\\/e-pood\\\/antklodes\\\/aa-versijos-dvisluoksne-antklode-200-2\\\/#breadcrumb\"},\"inLanguage\":\"lt-LT\",\"potentialAction\":[{\"@type\":\"ReadAction\",\"target\":[\"https:\\\/\\\/minubaltic.ee\\\/lt\\\/e-pood\\\/antklodes\\\/aa-versijos-dvisluoksne-antklode-200-2\\\/\"]}]},{\"@type\":\"ImageObject\",\"inLanguage\":\"lt-LT\",\"@id\":\"https:\\\/\\\/minubaltic.ee\\\/lt\\\/e-pood\\\/antklodes\\\/aa-versijos-dvisluoksne-antklode-200-2\\\/#primaryimage\",\"url\":\"https:\\\/\\\/minubaltic.ee\\\/wp-content\\\/uploads\\\/2023\\\/10\\\/tekk-AA-version-6.webp\",\"contentUrl\":\"https:\\\/\\\/minubaltic.ee\\\/wp-content\\\/uploads\\\/2023\\\/10\\\/tekk-AA-version-6.webp\",\"width\":800,\"height\":800},{\"@type\":\"BreadcrumbList\",\"@id\":\"https:\\\/\\\/minubaltic.ee\\\/lt\\\/e-pood\\\/antklodes\\\/aa-versijos-dvisluoksne-antklode-200-2\\\/#breadcrumb\",\"itemListElement\":[{\"@type\":\"ListItem\",\"position\":1,\"name\":\"Home\",\"item\":\"https:\\\/\\\/minubaltic.ee\\\/lt\\\/\"},{\"@type\":\"ListItem\",\"position\":2,\"name\":\"Parduotuv\u0117\",\"item\":\"https:\\\/\\\/minubaltic.ee\\\/lt\\\/parduotuve\\\/\"},{\"@type\":\"ListItem\",\"position\":3,\"name\":\"AA versijos dvisluoksn\u0117 antklod\u0117 200\u00d7230\"}]},{\"@type\":\"WebSite\",\"@id\":\"https:\\\/\\\/minubaltic.ee\\\/lt\\\/#website\",\"url\":\"https:\\\/\\\/minubaltic.ee\\\/lt\\\/\",\"name\":\"minubaltic.ee\",\"description\":\"\",\"publisher\":{\"@id\":\"https:\\\/\\\/minubaltic.ee\\\/lt\\\/#organization\"},\"potentialAction\":[{\"@type\":\"SearchAction\",\"target\":{\"@type\":\"EntryPoint\",\"urlTemplate\":\"https:\\\/\\\/minubaltic.ee\\\/lt\\\/?s={search_term_string}\"},\"query-input\":{\"@type\":\"PropertyValueSpecification\",\"valueRequired\":true,\"valueName\":\"search_term_string\"}}],\"inLanguage\":\"lt-LT\"},{\"@type\":\"Organization\",\"@id\":\"https:\\\/\\\/minubaltic.ee\\\/lt\\\/#organization\",\"name\":\"Minu Baltic O\u00dc\",\"url\":\"https:\\\/\\\/minubaltic.ee\\\/lt\\\/\",\"logo\":{\"@type\":\"ImageObject\",\"inLanguage\":\"lt-LT\",\"@id\":\"https:\\\/\\\/minubaltic.ee\\\/lt\\\/#\\\/schema\\\/logo\\\/image\\\/\",\"url\":\"https:\\\/\\\/minubaltic.ee\\\/wp-content\\\/uploads\\\/2023\\\/10\\\/cropped-cropped-cropped-logo.png\",\"contentUrl\":\"https:\\\/\\\/minubaltic.ee\\\/wp-content\\\/uploads\\\/2023\\\/10\\\/cropped-cropped-cropped-logo.png\",\"width\":500,\"height\":237,\"caption\":\"Minu Baltic O\u00dc\"},\"image\":{\"@id\":\"https:\\\/\\\/minubaltic.ee\\\/lt\\\/#\\\/schema\\\/logo\\\/image\\\/\"},\"sameAs\":[\"https:\\\/\\\/www.facebook.com\\\/minubaltic\"]}]}<\/script>\n<!-- \/ Yoast SEO plugin. -->","yoast_head_json":{"title":"AA versijos dvisluoksn\u0117 antklod\u0117 200\u00d7230 - Prabangios antklod\u0117s, Vooditekt","description":"AA antklod\u0117s, Antklod\u0117s, Antklod\u0117s, Antklod\u0117s su ra\u0161tais, Antklod\u0117s vienam ar dviem, Antklod\u0117s, Antklod\u017ei\u0173 pirkimo vadovas, Antklod\u0117s, Antklod\u0117s \u012fvairiems dyd\u017eiams","robots":{"index":"index","follow":"follow","max-snippet":"max-snippet:-1","max-image-preview":"max-image-preview:large","max-video-preview":"max-video-preview:-1"},"canonical":"https:\/\/minubaltic.ee\/lt\/e-pood\/antklodes\/aa-versijos-dvisluoksne-antklode-200-2\/","og_locale":"lt_LT","og_type":"article","og_title":"AA versijos dvisluoksn\u0117 antklod\u0117 200\u00d7230 - Prabangios antklod\u0117s, Vooditekt","og_description":"AA antklod\u0117s, Antklod\u0117s, Antklod\u0117s, Antklod\u0117s su ra\u0161tais, Antklod\u0117s vienam ar dviem, Antklod\u0117s, Antklod\u017ei\u0173 pirkimo vadovas, Antklod\u0117s, Antklod\u0117s \u012fvairiems dyd\u017eiams","og_url":"https:\/\/minubaltic.ee\/lt\/e-pood\/antklodes\/aa-versijos-dvisluoksne-antklode-200-2\/","article_publisher":"https:\/\/www.facebook.com\/minubaltic","article_modified_time":"2024-07-02T19:49:36+00:00","og_image":[{"width":800,"height":800,"url":"https:\/\/minubaltic.ee\/wp-content\/uploads\/2023\/10\/tekk-AA-version-6.webp","type":"image\/webp"}],"twitter_card":"summary_large_image","twitter_misc":{"Est. reading time":"1 minut\u0117"},"schema":{"@context":"https:\/\/schema.org","@graph":[{"@type":"WebPage","@id":"https:\/\/minubaltic.ee\/lt\/e-pood\/antklodes\/aa-versijos-dvisluoksne-antklode-200-2\/","url":"https:\/\/minubaltic.ee\/lt\/e-pood\/antklodes\/aa-versijos-dvisluoksne-antklode-200-2\/","name":"AA versijos dvisluoksn\u0117 antklod\u0117 200\u00d7230 - Prabangios antklod\u0117s, Vooditekt","isPartOf":{"@id":"https:\/\/minubaltic.ee\/lt\/#website"},"primaryImageOfPage":{"@id":"https:\/\/minubaltic.ee\/lt\/e-pood\/antklodes\/aa-versijos-dvisluoksne-antklode-200-2\/#primaryimage"},"image":{"@id":"https:\/\/minubaltic.ee\/lt\/e-pood\/antklodes\/aa-versijos-dvisluoksne-antklode-200-2\/#primaryimage"},"thumbnailUrl":"https:\/\/minubaltic.ee\/wp-content\/uploads\/2023\/10\/tekk-AA-version-6.webp","datePublished":"2023-10-08T11:15:52+00:00","dateModified":"2024-07-02T19:49:36+00:00","description":"AA antklod\u0117s, Antklod\u0117s, Antklod\u0117s, Antklod\u0117s su ra\u0161tais, Antklod\u0117s vienam ar dviem, Antklod\u0117s, Antklod\u017ei\u0173 pirkimo vadovas, Antklod\u0117s, Antklod\u0117s \u012fvairiems dyd\u017eiams","breadcrumb":{"@id":"https:\/\/minubaltic.ee\/lt\/e-pood\/antklodes\/aa-versijos-dvisluoksne-antklode-200-2\/#breadcrumb"},"inLanguage":"lt-LT","potentialAction":[{"@type":"ReadAction","target":["https:\/\/minubaltic.ee\/lt\/e-pood\/antklodes\/aa-versijos-dvisluoksne-antklode-200-2\/"]}]},{"@type":"ImageObject","inLanguage":"lt-LT","@id":"https:\/\/minubaltic.ee\/lt\/e-pood\/antklodes\/aa-versijos-dvisluoksne-antklode-200-2\/#primaryimage","url":"https:\/\/minubaltic.ee\/wp-content\/uploads\/2023\/10\/tekk-AA-version-6.webp","contentUrl":"https:\/\/minubaltic.ee\/wp-content\/uploads\/2023\/10\/tekk-AA-version-6.webp","width":800,"height":800},{"@type":"BreadcrumbList","@id":"https:\/\/minubaltic.ee\/lt\/e-pood\/antklodes\/aa-versijos-dvisluoksne-antklode-200-2\/#breadcrumb","itemListElement":[{"@type":"ListItem","position":1,"name":"Home","item":"https:\/\/minubaltic.ee\/lt\/"},{"@type":"ListItem","position":2,"name":"Parduotuv\u0117","item":"https:\/\/minubaltic.ee\/lt\/parduotuve\/"},{"@type":"ListItem","position":3,"name":"AA versijos dvisluoksn\u0117 antklod\u0117 200\u00d7230"}]},{"@type":"WebSite","@id":"https:\/\/minubaltic.ee\/lt\/#website","url":"https:\/\/minubaltic.ee\/lt\/","name":"minubaltic.ee","description":"","publisher":{"@id":"https:\/\/minubaltic.ee\/lt\/#organization"},"potentialAction":[{"@type":"SearchAction","target":{"@type":"EntryPoint","urlTemplate":"https:\/\/minubaltic.ee\/lt\/?s={search_term_string}"},"query-input":{"@type":"PropertyValueSpecification","valueRequired":true,"valueName":"search_term_string"}}],"inLanguage":"lt-LT"},{"@type":"Organization","@id":"https:\/\/minubaltic.ee\/lt\/#organization","name":"Minu Baltic O\u00dc","url":"https:\/\/minubaltic.ee\/lt\/","logo":{"@type":"ImageObject","inLanguage":"lt-LT","@id":"https:\/\/minubaltic.ee\/lt\/#\/schema\/logo\/image\/","url":"https:\/\/minubaltic.ee\/wp-content\/uploads\/2023\/10\/cropped-cropped-cropped-logo.png","contentUrl":"https:\/\/minubaltic.ee\/wp-content\/uploads\/2023\/10\/cropped-cropped-cropped-logo.png","width":500,"height":237,"caption":"Minu Baltic O\u00dc"},"image":{"@id":"https:\/\/minubaltic.ee\/lt\/#\/schema\/logo\/image\/"},"sameAs":["https:\/\/www.facebook.com\/minubaltic"]}]}},"_links":{"self":[{"href":"https:\/\/minubaltic.ee\/lt\/wp-json\/wp\/v2\/product\/23702","targetHints":{"allow":["GET"]}}],"collection":[{"href":"https:\/\/minubaltic.ee\/lt\/wp-json\/wp\/v2\/product"}],"about":[{"href":"https:\/\/minubaltic.ee\/lt\/wp-json\/wp\/v2\/types\/product"}],"replies":[{"embeddable":true,"href":"https:\/\/minubaltic.ee\/lt\/wp-json\/wp\/v2\/comments?post=23702"}],"version-history":[{"count":0,"href":"https:\/\/minubaltic.ee\/lt\/wp-json\/wp\/v2\/product\/23702\/revisions"}],"wp:featuredmedia":[{"embeddable":true,"href":"https:\/\/minubaltic.ee\/lt\/wp-json\/wp\/v2\/media\/23703"}],"wp:attachment":[{"href":"https:\/\/minubaltic.ee\/lt\/wp-json\/wp\/v2\/media?parent=23702"}],"wp:term":[{"taxonomy":"product_brand","embeddable":true,"href":"https:\/\/minubaltic.ee\/lt\/wp-json\/wp\/v2\/product_brand?post=23702"},{"taxonomy":"product_cat","embeddable":true,"href":"https:\/\/minubaltic.ee\/lt\/wp-json\/wp\/v2\/product_cat?post=23702"},{"taxonomy":"product_tag","embeddable":true,"href":"https:\/\/minubaltic.ee\/lt\/wp-json\/wp\/v2\/product_tag?post=23702"}],"curies":[{"name":"wp","href":"https:\/\/api.w.org\/{rel}","templated":true}]}}