{"id":23676,"date":"2023-12-14T15:45:34","date_gmt":"2023-12-14T12:45:34","guid":{"rendered":"https:\/\/minubaltic.ee\/e-pood\/maaratlemata\/100-medvilninis-ranksluostis\/"},"modified":"2024-10-15T20:47:48","modified_gmt":"2024-10-15T17:47:48","slug":"100-medvilninis-ranksluostis-21-2","status":"publish","type":"product","link":"https:\/\/minubaltic.ee\/lt\/e-pood\/ranku-ir-veido-ranksluosciai\/100-medvilninis-ranksluostis-21-2\/","title":{"rendered":"100 % medvilninis rank\u0161luostis"},"content":{"rendered":"<ul>\n<li><span class=\"product-attribute__label\"><strong>Audinio sud\u0117tis:<\/strong><\/span> <span class=\"product-attribute__value\" data-attribute-code=\"fabric_composition\">100% medviln\u0117<\/span><\/li>\n<li><strong>Produktas pakuot\u0117je:<\/strong> 1 vnt.<\/li>\n<li><strong>I\u0161matavimai:<\/strong> 35&#215;75 cm<\/li>\n<li><strong>Svoris:<\/strong> 400 g\/m2<\/li>\n<\/ul>\n","protected":false},"excerpt":{"rendered":"<p>Audinio sud\u0117tis: 100% medviln\u0117 Produktas pakuot\u0117je: 1 vnt. I\u0161matavimai: 35&#215;75 cm Svoris: 400 g\/m2<\/p>\n","protected":false},"featured_media":23677,"comment_status":"open","ping_status":"closed","template":"","meta":[],"product_brand":[],"product_cat":[541,542,534],"product_tag":[557,558,559,561,564],"class_list":{"0":"post-23676","1":"product","2":"type-product","3":"status-publish","4":"has-post-thumbnail","6":"product_cat-ranksluosciai","7":"product_cat-ranksluosciai-35-75","8":"product_cat-ranku-ir-veido-ranksluosciai","9":"product_tag-apsipirkti-el","10":"product_tag-e-parduotuve","11":"product_tag-namu-tekstile","12":"product_tag-ranksluosciai","13":"product_tag-tekstile","15":"first","16":"outofstock","17":"shipping-taxable","18":"purchasable","19":"product-type-simple"},"yoast_head":"<!-- This site is optimized with the Yoast SEO plugin v27.3 - https:\/\/yoast.com\/product\/yoast-seo-wordpress\/ -->\n<title>100 % medvilninis rank\u0161luostis - Bambuko rank\u0161luos\u010diai, Rank\u0161luos\u010diai, Rank\u0161luostis<\/title>\n<meta name=\"description\" content=\"Medvilniniai rank\u0161luos\u010diai, Rank\u0161luos\u010diai, Rank\u0161luos\u010diai vaikams, Rank\u0161luos\u010diai virtuvei ir namams, Geriausi rank\u0161luos\u010di\u0173 prek\u0117s \u017eenklai, Rank\u0161luos\u010di\u0173 prie\u017ei\u016bros patarimai, Rank\u0161luos\u010diai vaikams\" \/>\n<meta name=\"robots\" content=\"index, follow, max-snippet:-1, max-image-preview:large, max-video-preview:-1\" \/>\n<link rel=\"canonical\" href=\"https:\/\/minubaltic.ee\/lt\/e-pood\/ranku-ir-veido-ranksluosciai\/100-medvilninis-ranksluostis-21-2\/\" \/>\n<meta property=\"og:locale\" content=\"lt_LT\" \/>\n<meta property=\"og:type\" content=\"article\" \/>\n<meta property=\"og:title\" content=\"100 % medvilninis rank\u0161luostis - Bambuko rank\u0161luos\u010diai, Rank\u0161luos\u010diai, Rank\u0161luostis\" \/>\n<meta property=\"og:description\" content=\"Medvilniniai rank\u0161luos\u010diai, Rank\u0161luos\u010diai, Rank\u0161luos\u010diai vaikams, Rank\u0161luos\u010diai virtuvei ir namams, Geriausi rank\u0161luos\u010di\u0173 prek\u0117s \u017eenklai, Rank\u0161luos\u010di\u0173 prie\u017ei\u016bros patarimai, Rank\u0161luos\u010diai vaikams\" \/>\n<meta property=\"og:url\" content=\"https:\/\/minubaltic.ee\/lt\/e-pood\/ranku-ir-veido-ranksluosciai\/100-medvilninis-ranksluostis-21-2\/\" \/>\n<meta property=\"article:publisher\" content=\"https:\/\/www.facebook.com\/minubaltic\" \/>\n<meta property=\"article:modified_time\" content=\"2024-10-15T17:47:48+00:00\" \/>\n<meta property=\"og:image\" content=\"https:\/\/minubaltic.ee\/wp-content\/uploads\/2023\/12\/Hdac16cf3b0d54f478c24b0630ba015e7q.jpg\" \/>\n\t<meta property=\"og:image:width\" content=\"800\" \/>\n\t<meta property=\"og:image:height\" content=\"800\" \/>\n\t<meta property=\"og:image:type\" content=\"image\/jpeg\" \/>\n<meta name=\"twitter:card\" content=\"summary_large_image\" \/>\n<meta name=\"twitter:label1\" content=\"Est. reading time\" \/>\n\t<meta name=\"twitter:data1\" content=\"1 minut\u0117\" \/>\n<script type=\"application\/ld+json\" class=\"yoast-schema-graph\">{\"@context\":\"https:\\\/\\\/schema.org\",\"@graph\":[{\"@type\":\"WebPage\",\"@id\":\"https:\\\/\\\/minubaltic.ee\\\/lt\\\/e-pood\\\/ranku-ir-veido-ranksluosciai\\\/100-medvilninis-ranksluostis-21-2\\\/\",\"url\":\"https:\\\/\\\/minubaltic.ee\\\/lt\\\/e-pood\\\/ranku-ir-veido-ranksluosciai\\\/100-medvilninis-ranksluostis-21-2\\\/\",\"name\":\"100 % medvilninis rank\u0161luostis - Bambuko rank\u0161luos\u010diai, Rank\u0161luos\u010diai, Rank\u0161luostis\",\"isPartOf\":{\"@id\":\"https:\\\/\\\/minubaltic.ee\\\/lt\\\/#website\"},\"primaryImageOfPage\":{\"@id\":\"https:\\\/\\\/minubaltic.ee\\\/lt\\\/e-pood\\\/ranku-ir-veido-ranksluosciai\\\/100-medvilninis-ranksluostis-21-2\\\/#primaryimage\"},\"image\":{\"@id\":\"https:\\\/\\\/minubaltic.ee\\\/lt\\\/e-pood\\\/ranku-ir-veido-ranksluosciai\\\/100-medvilninis-ranksluostis-21-2\\\/#primaryimage\"},\"thumbnailUrl\":\"https:\\\/\\\/minubaltic.ee\\\/wp-content\\\/uploads\\\/2023\\\/12\\\/Hdac16cf3b0d54f478c24b0630ba015e7q.jpg\",\"datePublished\":\"2023-12-14T12:45:34+00:00\",\"dateModified\":\"2024-10-15T17:47:48+00:00\",\"description\":\"Medvilniniai rank\u0161luos\u010diai, Rank\u0161luos\u010diai, Rank\u0161luos\u010diai vaikams, Rank\u0161luos\u010diai virtuvei ir namams, Geriausi rank\u0161luos\u010di\u0173 prek\u0117s \u017eenklai, Rank\u0161luos\u010di\u0173 prie\u017ei\u016bros patarimai, Rank\u0161luos\u010diai vaikams\",\"breadcrumb\":{\"@id\":\"https:\\\/\\\/minubaltic.ee\\\/lt\\\/e-pood\\\/ranku-ir-veido-ranksluosciai\\\/100-medvilninis-ranksluostis-21-2\\\/#breadcrumb\"},\"inLanguage\":\"lt-LT\",\"potentialAction\":[{\"@type\":\"ReadAction\",\"target\":[\"https:\\\/\\\/minubaltic.ee\\\/lt\\\/e-pood\\\/ranku-ir-veido-ranksluosciai\\\/100-medvilninis-ranksluostis-21-2\\\/\"]}]},{\"@type\":\"ImageObject\",\"inLanguage\":\"lt-LT\",\"@id\":\"https:\\\/\\\/minubaltic.ee\\\/lt\\\/e-pood\\\/ranku-ir-veido-ranksluosciai\\\/100-medvilninis-ranksluostis-21-2\\\/#primaryimage\",\"url\":\"https:\\\/\\\/minubaltic.ee\\\/wp-content\\\/uploads\\\/2023\\\/12\\\/Hdac16cf3b0d54f478c24b0630ba015e7q.jpg\",\"contentUrl\":\"https:\\\/\\\/minubaltic.ee\\\/wp-content\\\/uploads\\\/2023\\\/12\\\/Hdac16cf3b0d54f478c24b0630ba015e7q.jpg\",\"width\":800,\"height\":800},{\"@type\":\"BreadcrumbList\",\"@id\":\"https:\\\/\\\/minubaltic.ee\\\/lt\\\/e-pood\\\/ranku-ir-veido-ranksluosciai\\\/100-medvilninis-ranksluostis-21-2\\\/#breadcrumb\",\"itemListElement\":[{\"@type\":\"ListItem\",\"position\":1,\"name\":\"Home\",\"item\":\"https:\\\/\\\/minubaltic.ee\\\/lt\\\/\"},{\"@type\":\"ListItem\",\"position\":2,\"name\":\"Parduotuv\u0117\",\"item\":\"https:\\\/\\\/minubaltic.ee\\\/lt\\\/parduotuve\\\/\"},{\"@type\":\"ListItem\",\"position\":3,\"name\":\"100 % medvilninis rank\u0161luostis\"}]},{\"@type\":\"WebSite\",\"@id\":\"https:\\\/\\\/minubaltic.ee\\\/lt\\\/#website\",\"url\":\"https:\\\/\\\/minubaltic.ee\\\/lt\\\/\",\"name\":\"minubaltic.ee\",\"description\":\"\",\"publisher\":{\"@id\":\"https:\\\/\\\/minubaltic.ee\\\/lt\\\/#organization\"},\"potentialAction\":[{\"@type\":\"SearchAction\",\"target\":{\"@type\":\"EntryPoint\",\"urlTemplate\":\"https:\\\/\\\/minubaltic.ee\\\/lt\\\/?s={search_term_string}\"},\"query-input\":{\"@type\":\"PropertyValueSpecification\",\"valueRequired\":true,\"valueName\":\"search_term_string\"}}],\"inLanguage\":\"lt-LT\"},{\"@type\":\"Organization\",\"@id\":\"https:\\\/\\\/minubaltic.ee\\\/lt\\\/#organization\",\"name\":\"Minu Baltic O\u00dc\",\"url\":\"https:\\\/\\\/minubaltic.ee\\\/lt\\\/\",\"logo\":{\"@type\":\"ImageObject\",\"inLanguage\":\"lt-LT\",\"@id\":\"https:\\\/\\\/minubaltic.ee\\\/lt\\\/#\\\/schema\\\/logo\\\/image\\\/\",\"url\":\"https:\\\/\\\/minubaltic.ee\\\/wp-content\\\/uploads\\\/2023\\\/10\\\/cropped-cropped-cropped-logo.png\",\"contentUrl\":\"https:\\\/\\\/minubaltic.ee\\\/wp-content\\\/uploads\\\/2023\\\/10\\\/cropped-cropped-cropped-logo.png\",\"width\":500,\"height\":237,\"caption\":\"Minu Baltic O\u00dc\"},\"image\":{\"@id\":\"https:\\\/\\\/minubaltic.ee\\\/lt\\\/#\\\/schema\\\/logo\\\/image\\\/\"},\"sameAs\":[\"https:\\\/\\\/www.facebook.com\\\/minubaltic\"]}]}<\/script>\n<!-- \/ Yoast SEO plugin. -->","yoast_head_json":{"title":"100 % medvilninis rank\u0161luostis - Bambuko rank\u0161luos\u010diai, Rank\u0161luos\u010diai, Rank\u0161luostis","description":"Medvilniniai rank\u0161luos\u010diai, Rank\u0161luos\u010diai, Rank\u0161luos\u010diai vaikams, Rank\u0161luos\u010diai virtuvei ir namams, Geriausi rank\u0161luos\u010di\u0173 prek\u0117s \u017eenklai, Rank\u0161luos\u010di\u0173 prie\u017ei\u016bros patarimai, Rank\u0161luos\u010diai vaikams","robots":{"index":"index","follow":"follow","max-snippet":"max-snippet:-1","max-image-preview":"max-image-preview:large","max-video-preview":"max-video-preview:-1"},"canonical":"https:\/\/minubaltic.ee\/lt\/e-pood\/ranku-ir-veido-ranksluosciai\/100-medvilninis-ranksluostis-21-2\/","og_locale":"lt_LT","og_type":"article","og_title":"100 % medvilninis rank\u0161luostis - Bambuko rank\u0161luos\u010diai, Rank\u0161luos\u010diai, Rank\u0161luostis","og_description":"Medvilniniai rank\u0161luos\u010diai, Rank\u0161luos\u010diai, Rank\u0161luos\u010diai vaikams, Rank\u0161luos\u010diai virtuvei ir namams, Geriausi rank\u0161luos\u010di\u0173 prek\u0117s \u017eenklai, Rank\u0161luos\u010di\u0173 prie\u017ei\u016bros patarimai, Rank\u0161luos\u010diai vaikams","og_url":"https:\/\/minubaltic.ee\/lt\/e-pood\/ranku-ir-veido-ranksluosciai\/100-medvilninis-ranksluostis-21-2\/","article_publisher":"https:\/\/www.facebook.com\/minubaltic","article_modified_time":"2024-10-15T17:47:48+00:00","og_image":[{"width":800,"height":800,"url":"https:\/\/minubaltic.ee\/wp-content\/uploads\/2023\/12\/Hdac16cf3b0d54f478c24b0630ba015e7q.jpg","type":"image\/jpeg"}],"twitter_card":"summary_large_image","twitter_misc":{"Est. reading time":"1 minut\u0117"},"schema":{"@context":"https:\/\/schema.org","@graph":[{"@type":"WebPage","@id":"https:\/\/minubaltic.ee\/lt\/e-pood\/ranku-ir-veido-ranksluosciai\/100-medvilninis-ranksluostis-21-2\/","url":"https:\/\/minubaltic.ee\/lt\/e-pood\/ranku-ir-veido-ranksluosciai\/100-medvilninis-ranksluostis-21-2\/","name":"100 % medvilninis rank\u0161luostis - Bambuko rank\u0161luos\u010diai, Rank\u0161luos\u010diai, Rank\u0161luostis","isPartOf":{"@id":"https:\/\/minubaltic.ee\/lt\/#website"},"primaryImageOfPage":{"@id":"https:\/\/minubaltic.ee\/lt\/e-pood\/ranku-ir-veido-ranksluosciai\/100-medvilninis-ranksluostis-21-2\/#primaryimage"},"image":{"@id":"https:\/\/minubaltic.ee\/lt\/e-pood\/ranku-ir-veido-ranksluosciai\/100-medvilninis-ranksluostis-21-2\/#primaryimage"},"thumbnailUrl":"https:\/\/minubaltic.ee\/wp-content\/uploads\/2023\/12\/Hdac16cf3b0d54f478c24b0630ba015e7q.jpg","datePublished":"2023-12-14T12:45:34+00:00","dateModified":"2024-10-15T17:47:48+00:00","description":"Medvilniniai rank\u0161luos\u010diai, Rank\u0161luos\u010diai, Rank\u0161luos\u010diai vaikams, Rank\u0161luos\u010diai virtuvei ir namams, Geriausi rank\u0161luos\u010di\u0173 prek\u0117s \u017eenklai, Rank\u0161luos\u010di\u0173 prie\u017ei\u016bros patarimai, Rank\u0161luos\u010diai vaikams","breadcrumb":{"@id":"https:\/\/minubaltic.ee\/lt\/e-pood\/ranku-ir-veido-ranksluosciai\/100-medvilninis-ranksluostis-21-2\/#breadcrumb"},"inLanguage":"lt-LT","potentialAction":[{"@type":"ReadAction","target":["https:\/\/minubaltic.ee\/lt\/e-pood\/ranku-ir-veido-ranksluosciai\/100-medvilninis-ranksluostis-21-2\/"]}]},{"@type":"ImageObject","inLanguage":"lt-LT","@id":"https:\/\/minubaltic.ee\/lt\/e-pood\/ranku-ir-veido-ranksluosciai\/100-medvilninis-ranksluostis-21-2\/#primaryimage","url":"https:\/\/minubaltic.ee\/wp-content\/uploads\/2023\/12\/Hdac16cf3b0d54f478c24b0630ba015e7q.jpg","contentUrl":"https:\/\/minubaltic.ee\/wp-content\/uploads\/2023\/12\/Hdac16cf3b0d54f478c24b0630ba015e7q.jpg","width":800,"height":800},{"@type":"BreadcrumbList","@id":"https:\/\/minubaltic.ee\/lt\/e-pood\/ranku-ir-veido-ranksluosciai\/100-medvilninis-ranksluostis-21-2\/#breadcrumb","itemListElement":[{"@type":"ListItem","position":1,"name":"Home","item":"https:\/\/minubaltic.ee\/lt\/"},{"@type":"ListItem","position":2,"name":"Parduotuv\u0117","item":"https:\/\/minubaltic.ee\/lt\/parduotuve\/"},{"@type":"ListItem","position":3,"name":"100 % medvilninis rank\u0161luostis"}]},{"@type":"WebSite","@id":"https:\/\/minubaltic.ee\/lt\/#website","url":"https:\/\/minubaltic.ee\/lt\/","name":"minubaltic.ee","description":"","publisher":{"@id":"https:\/\/minubaltic.ee\/lt\/#organization"},"potentialAction":[{"@type":"SearchAction","target":{"@type":"EntryPoint","urlTemplate":"https:\/\/minubaltic.ee\/lt\/?s={search_term_string}"},"query-input":{"@type":"PropertyValueSpecification","valueRequired":true,"valueName":"search_term_string"}}],"inLanguage":"lt-LT"},{"@type":"Organization","@id":"https:\/\/minubaltic.ee\/lt\/#organization","name":"Minu Baltic O\u00dc","url":"https:\/\/minubaltic.ee\/lt\/","logo":{"@type":"ImageObject","inLanguage":"lt-LT","@id":"https:\/\/minubaltic.ee\/lt\/#\/schema\/logo\/image\/","url":"https:\/\/minubaltic.ee\/wp-content\/uploads\/2023\/10\/cropped-cropped-cropped-logo.png","contentUrl":"https:\/\/minubaltic.ee\/wp-content\/uploads\/2023\/10\/cropped-cropped-cropped-logo.png","width":500,"height":237,"caption":"Minu Baltic O\u00dc"},"image":{"@id":"https:\/\/minubaltic.ee\/lt\/#\/schema\/logo\/image\/"},"sameAs":["https:\/\/www.facebook.com\/minubaltic"]}]}},"_links":{"self":[{"href":"https:\/\/minubaltic.ee\/lt\/wp-json\/wp\/v2\/product\/23676","targetHints":{"allow":["GET"]}}],"collection":[{"href":"https:\/\/minubaltic.ee\/lt\/wp-json\/wp\/v2\/product"}],"about":[{"href":"https:\/\/minubaltic.ee\/lt\/wp-json\/wp\/v2\/types\/product"}],"replies":[{"embeddable":true,"href":"https:\/\/minubaltic.ee\/lt\/wp-json\/wp\/v2\/comments?post=23676"}],"version-history":[{"count":0,"href":"https:\/\/minubaltic.ee\/lt\/wp-json\/wp\/v2\/product\/23676\/revisions"}],"wp:featuredmedia":[{"embeddable":true,"href":"https:\/\/minubaltic.ee\/lt\/wp-json\/wp\/v2\/media\/23677"}],"wp:attachment":[{"href":"https:\/\/minubaltic.ee\/lt\/wp-json\/wp\/v2\/media?parent=23676"}],"wp:term":[{"taxonomy":"product_brand","embeddable":true,"href":"https:\/\/minubaltic.ee\/lt\/wp-json\/wp\/v2\/product_brand?post=23676"},{"taxonomy":"product_cat","embeddable":true,"href":"https:\/\/minubaltic.ee\/lt\/wp-json\/wp\/v2\/product_cat?post=23676"},{"taxonomy":"product_tag","embeddable":true,"href":"https:\/\/minubaltic.ee\/lt\/wp-json\/wp\/v2\/product_tag?post=23676"}],"curies":[{"name":"wp","href":"https:\/\/api.w.org\/{rel}","templated":true}]}}