{"id":23642,"date":"2024-01-11T19:35:50","date_gmt":"2024-01-11T16:35:50","guid":{"rendered":"https:\/\/minubaltic.ee\/e-pood\/be-kategorijos\/ranksluostis-sviesiai-pilkas\/"},"modified":"2024-01-11T19:35:50","modified_gmt":"2024-01-11T16:35:50","slug":"ranksluostis-sviesiai-pilkas","status":"publish","type":"product","link":"https:\/\/minubaltic.ee\/lt\/e-pood\/ranku-ir-veido-ranksluosciai\/ranksluostis-sviesiai-pilkas\/","title":{"rendered":"Rank\u0161luostis (\u0161viesiai pilkas)"},"content":{"rendered":"<p>Si\u016blome auk\u0161tos kokyb\u0117s rank\u0161luos\u010dius i\u0161 medviln\u0117s. \u0160ie rank\u0161luos\u010diai pagaminti Japonijoje &#8211; \u0161alyje, gars\u0117jan\u010dioje auk\u0161tos kokyb\u0117s tekstil\u0117s pramone. Medvilnin\u0117 med\u017eiaga u\u017etikrina malon\u0173 ir mink\u0161t\u0105 prisilietim\u0105 bei puik\u0173 sugeriamum\u0105. Kadangi \u0161ie rank\u0161luos\u010diai gaminami Japonijoje, galite b\u016bti tikri, kad jie kruop\u0161\u010diai pagaminti ir atitinka auk\u0161tus standartus. \u0160ie rank\u0161luos\u010diai ne tik kokybi\u0161ki, bet ir stilingo bei eleganti\u0161ko dizaino, puikiai tinkantys bet kokiems namams.<\/p>\n","protected":false},"excerpt":{"rendered":"<ul>\n<li><span class=\"product-attribute__label\">Audinio sud\u0117tis: <\/span><span class=\"product-attribute__value\" data-attribute-code=\"fabric_composition\">100% medviln\u0117<\/span><\/li>\n<li>Kilm\u0117s \u0161alis: Japonija<\/li>\n<li>Produktas pakuot\u0117je: 1 vnt.<\/li>\n<li>I\u0161matavimai: 35&#215;75 cm<\/li>\n<li>Spalva: \u0160viesiai pilka<\/li>\n<li>Svoris: 400 g\/m2<\/li>\n<\/ul>\n","protected":false},"featured_media":23643,"comment_status":"open","ping_status":"closed","template":"","meta":[],"product_brand":[],"product_cat":[541,542,534],"product_tag":[557,558,559,561,564],"class_list":{"0":"post-23642","1":"product","2":"type-product","3":"status-publish","4":"has-post-thumbnail","6":"product_cat-ranksluosciai","7":"product_cat-ranksluosciai-35-75","8":"product_cat-ranku-ir-veido-ranksluosciai","9":"product_tag-apsipirkti-el","10":"product_tag-e-parduotuve","11":"product_tag-namu-tekstile","12":"product_tag-ranksluosciai","13":"product_tag-tekstile","15":"first","16":"instock","17":"shipping-taxable","18":"purchasable","19":"product-type-simple"},"yoast_head":"<!-- This site is optimized with the Yoast SEO plugin v27.3 - https:\/\/yoast.com\/product\/yoast-seo-wordpress\/ -->\n<title>Rank\u0161luostis (\u0161viesiai pilkas) - Medvilniniai rank\u0161luos\u010diai 1,99\u20ac, Rank\u0161luostis 100% medviln\u0117<\/title>\n<meta name=\"description\" content=\"Rank\u0161luos\u010diai, Rank\u0161luos\u010diai, Rank\u0161luos\u010diai, Rank\u0161luos\u010diai, Rank\u0161luos\u010diai, Rank\u0161luos\u010diai, Rank\u0161luos\u010diai, Rank\u0161luos\u010diai, Rank\u0161luos\u010diai, Rank\u0161luos\u010diai, Rank\u0161luos\u010diai, \u0160viesiai pilkas rank\u0161luostis, \u0160viesiai pilkas rank\u0161luostis, \u0160viesiai pilkas rank\u0161luostis, \u0160viesiai pilkas rank\u0161luostis, Virtuv\u0117s rank\u0161luos\u010diai\" \/>\n<meta name=\"robots\" content=\"index, follow, max-snippet:-1, max-image-preview:large, max-video-preview:-1\" \/>\n<link rel=\"canonical\" href=\"https:\/\/minubaltic.ee\/lt\/e-pood\/ranku-ir-veido-ranksluosciai\/ranksluostis-sviesiai-pilkas\/\" \/>\n<meta property=\"og:locale\" content=\"lt_LT\" \/>\n<meta property=\"og:type\" content=\"article\" \/>\n<meta property=\"og:title\" content=\"Rank\u0161luostis (\u0161viesiai pilkas) - Medvilniniai rank\u0161luos\u010diai 1,99\u20ac, Rank\u0161luostis 100% medviln\u0117\" \/>\n<meta property=\"og:description\" content=\"Rank\u0161luos\u010diai, Rank\u0161luos\u010diai, Rank\u0161luos\u010diai, Rank\u0161luos\u010diai, Rank\u0161luos\u010diai, Rank\u0161luos\u010diai, Rank\u0161luos\u010diai, Rank\u0161luos\u010diai, Rank\u0161luos\u010diai, Rank\u0161luos\u010diai, Rank\u0161luos\u010diai, \u0160viesiai pilkas rank\u0161luostis, \u0160viesiai pilkas rank\u0161luostis, \u0160viesiai pilkas rank\u0161luostis, \u0160viesiai pilkas rank\u0161luostis, Virtuv\u0117s rank\u0161luos\u010diai\" \/>\n<meta property=\"og:url\" content=\"https:\/\/minubaltic.ee\/lt\/e-pood\/ranku-ir-veido-ranksluosciai\/ranksluostis-sviesiai-pilkas\/\" \/>\n<meta property=\"article:publisher\" content=\"https:\/\/www.facebook.com\/minubaltic\" \/>\n<meta property=\"og:image\" content=\"https:\/\/minubaltic.ee\/wp-content\/uploads\/2024\/01\/ratikpuv-2.jpeg\" \/>\n\t<meta property=\"og:image:width\" content=\"800\" \/>\n\t<meta property=\"og:image:height\" content=\"800\" \/>\n\t<meta property=\"og:image:type\" content=\"image\/jpeg\" \/>\n<meta name=\"twitter:card\" content=\"summary_large_image\" \/>\n<script type=\"application\/ld+json\" class=\"yoast-schema-graph\">{\"@context\":\"https:\\\/\\\/schema.org\",\"@graph\":[{\"@type\":\"WebPage\",\"@id\":\"https:\\\/\\\/minubaltic.ee\\\/lt\\\/e-pood\\\/ranku-ir-veido-ranksluosciai\\\/ranksluostis-sviesiai-pilkas\\\/\",\"url\":\"https:\\\/\\\/minubaltic.ee\\\/lt\\\/e-pood\\\/ranku-ir-veido-ranksluosciai\\\/ranksluostis-sviesiai-pilkas\\\/\",\"name\":\"Rank\u0161luostis (\u0161viesiai pilkas) - Medvilniniai rank\u0161luos\u010diai 1,99\u20ac, Rank\u0161luostis 100% medviln\u0117\",\"isPartOf\":{\"@id\":\"https:\\\/\\\/minubaltic.ee\\\/lt\\\/#website\"},\"primaryImageOfPage\":{\"@id\":\"https:\\\/\\\/minubaltic.ee\\\/lt\\\/e-pood\\\/ranku-ir-veido-ranksluosciai\\\/ranksluostis-sviesiai-pilkas\\\/#primaryimage\"},\"image\":{\"@id\":\"https:\\\/\\\/minubaltic.ee\\\/lt\\\/e-pood\\\/ranku-ir-veido-ranksluosciai\\\/ranksluostis-sviesiai-pilkas\\\/#primaryimage\"},\"thumbnailUrl\":\"https:\\\/\\\/minubaltic.ee\\\/wp-content\\\/uploads\\\/2024\\\/01\\\/ratikpuv-2.jpeg\",\"datePublished\":\"2024-01-11T16:35:50+00:00\",\"description\":\"Rank\u0161luos\u010diai, Rank\u0161luos\u010diai, Rank\u0161luos\u010diai, Rank\u0161luos\u010diai, Rank\u0161luos\u010diai, Rank\u0161luos\u010diai, Rank\u0161luos\u010diai, Rank\u0161luos\u010diai, Rank\u0161luos\u010diai, Rank\u0161luos\u010diai, Rank\u0161luos\u010diai, \u0160viesiai pilkas rank\u0161luostis, \u0160viesiai pilkas rank\u0161luostis, \u0160viesiai pilkas rank\u0161luostis, \u0160viesiai pilkas rank\u0161luostis, Virtuv\u0117s rank\u0161luos\u010diai\",\"breadcrumb\":{\"@id\":\"https:\\\/\\\/minubaltic.ee\\\/lt\\\/e-pood\\\/ranku-ir-veido-ranksluosciai\\\/ranksluostis-sviesiai-pilkas\\\/#breadcrumb\"},\"inLanguage\":\"lt-LT\",\"potentialAction\":[{\"@type\":\"ReadAction\",\"target\":[\"https:\\\/\\\/minubaltic.ee\\\/lt\\\/e-pood\\\/ranku-ir-veido-ranksluosciai\\\/ranksluostis-sviesiai-pilkas\\\/\"]}]},{\"@type\":\"ImageObject\",\"inLanguage\":\"lt-LT\",\"@id\":\"https:\\\/\\\/minubaltic.ee\\\/lt\\\/e-pood\\\/ranku-ir-veido-ranksluosciai\\\/ranksluostis-sviesiai-pilkas\\\/#primaryimage\",\"url\":\"https:\\\/\\\/minubaltic.ee\\\/wp-content\\\/uploads\\\/2024\\\/01\\\/ratikpuv-2.jpeg\",\"contentUrl\":\"https:\\\/\\\/minubaltic.ee\\\/wp-content\\\/uploads\\\/2024\\\/01\\\/ratikpuv-2.jpeg\",\"width\":800,\"height\":800},{\"@type\":\"BreadcrumbList\",\"@id\":\"https:\\\/\\\/minubaltic.ee\\\/lt\\\/e-pood\\\/ranku-ir-veido-ranksluosciai\\\/ranksluostis-sviesiai-pilkas\\\/#breadcrumb\",\"itemListElement\":[{\"@type\":\"ListItem\",\"position\":1,\"name\":\"Home\",\"item\":\"https:\\\/\\\/minubaltic.ee\\\/lt\\\/\"},{\"@type\":\"ListItem\",\"position\":2,\"name\":\"Parduotuv\u0117\",\"item\":\"https:\\\/\\\/minubaltic.ee\\\/lt\\\/parduotuve\\\/\"},{\"@type\":\"ListItem\",\"position\":3,\"name\":\"Rank\u0161luostis (\u0161viesiai pilkas)\"}]},{\"@type\":\"WebSite\",\"@id\":\"https:\\\/\\\/minubaltic.ee\\\/lt\\\/#website\",\"url\":\"https:\\\/\\\/minubaltic.ee\\\/lt\\\/\",\"name\":\"minubaltic.ee\",\"description\":\"\",\"publisher\":{\"@id\":\"https:\\\/\\\/minubaltic.ee\\\/lt\\\/#organization\"},\"potentialAction\":[{\"@type\":\"SearchAction\",\"target\":{\"@type\":\"EntryPoint\",\"urlTemplate\":\"https:\\\/\\\/minubaltic.ee\\\/lt\\\/?s={search_term_string}\"},\"query-input\":{\"@type\":\"PropertyValueSpecification\",\"valueRequired\":true,\"valueName\":\"search_term_string\"}}],\"inLanguage\":\"lt-LT\"},{\"@type\":\"Organization\",\"@id\":\"https:\\\/\\\/minubaltic.ee\\\/lt\\\/#organization\",\"name\":\"Minu Baltic O\u00dc\",\"url\":\"https:\\\/\\\/minubaltic.ee\\\/lt\\\/\",\"logo\":{\"@type\":\"ImageObject\",\"inLanguage\":\"lt-LT\",\"@id\":\"https:\\\/\\\/minubaltic.ee\\\/lt\\\/#\\\/schema\\\/logo\\\/image\\\/\",\"url\":\"https:\\\/\\\/minubaltic.ee\\\/wp-content\\\/uploads\\\/2023\\\/10\\\/cropped-cropped-cropped-logo.png\",\"contentUrl\":\"https:\\\/\\\/minubaltic.ee\\\/wp-content\\\/uploads\\\/2023\\\/10\\\/cropped-cropped-cropped-logo.png\",\"width\":500,\"height\":237,\"caption\":\"Minu Baltic O\u00dc\"},\"image\":{\"@id\":\"https:\\\/\\\/minubaltic.ee\\\/lt\\\/#\\\/schema\\\/logo\\\/image\\\/\"},\"sameAs\":[\"https:\\\/\\\/www.facebook.com\\\/minubaltic\"]}]}<\/script>\n<!-- \/ Yoast SEO plugin. -->","yoast_head_json":{"title":"Rank\u0161luostis (\u0161viesiai pilkas) - Medvilniniai rank\u0161luos\u010diai 1,99\u20ac, Rank\u0161luostis 100% medviln\u0117","description":"Rank\u0161luos\u010diai, Rank\u0161luos\u010diai, Rank\u0161luos\u010diai, Rank\u0161luos\u010diai, Rank\u0161luos\u010diai, Rank\u0161luos\u010diai, Rank\u0161luos\u010diai, Rank\u0161luos\u010diai, Rank\u0161luos\u010diai, Rank\u0161luos\u010diai, Rank\u0161luos\u010diai, \u0160viesiai pilkas rank\u0161luostis, \u0160viesiai pilkas rank\u0161luostis, \u0160viesiai pilkas rank\u0161luostis, \u0160viesiai pilkas rank\u0161luostis, Virtuv\u0117s rank\u0161luos\u010diai","robots":{"index":"index","follow":"follow","max-snippet":"max-snippet:-1","max-image-preview":"max-image-preview:large","max-video-preview":"max-video-preview:-1"},"canonical":"https:\/\/minubaltic.ee\/lt\/e-pood\/ranku-ir-veido-ranksluosciai\/ranksluostis-sviesiai-pilkas\/","og_locale":"lt_LT","og_type":"article","og_title":"Rank\u0161luostis (\u0161viesiai pilkas) - Medvilniniai rank\u0161luos\u010diai 1,99\u20ac, Rank\u0161luostis 100% medviln\u0117","og_description":"Rank\u0161luos\u010diai, Rank\u0161luos\u010diai, Rank\u0161luos\u010diai, Rank\u0161luos\u010diai, Rank\u0161luos\u010diai, Rank\u0161luos\u010diai, Rank\u0161luos\u010diai, Rank\u0161luos\u010diai, Rank\u0161luos\u010diai, Rank\u0161luos\u010diai, Rank\u0161luos\u010diai, \u0160viesiai pilkas rank\u0161luostis, \u0160viesiai pilkas rank\u0161luostis, \u0160viesiai pilkas rank\u0161luostis, \u0160viesiai pilkas rank\u0161luostis, Virtuv\u0117s rank\u0161luos\u010diai","og_url":"https:\/\/minubaltic.ee\/lt\/e-pood\/ranku-ir-veido-ranksluosciai\/ranksluostis-sviesiai-pilkas\/","article_publisher":"https:\/\/www.facebook.com\/minubaltic","og_image":[{"width":800,"height":800,"url":"https:\/\/minubaltic.ee\/wp-content\/uploads\/2024\/01\/ratikpuv-2.jpeg","type":"image\/jpeg"}],"twitter_card":"summary_large_image","schema":{"@context":"https:\/\/schema.org","@graph":[{"@type":"WebPage","@id":"https:\/\/minubaltic.ee\/lt\/e-pood\/ranku-ir-veido-ranksluosciai\/ranksluostis-sviesiai-pilkas\/","url":"https:\/\/minubaltic.ee\/lt\/e-pood\/ranku-ir-veido-ranksluosciai\/ranksluostis-sviesiai-pilkas\/","name":"Rank\u0161luostis (\u0161viesiai pilkas) - Medvilniniai rank\u0161luos\u010diai 1,99\u20ac, Rank\u0161luostis 100% medviln\u0117","isPartOf":{"@id":"https:\/\/minubaltic.ee\/lt\/#website"},"primaryImageOfPage":{"@id":"https:\/\/minubaltic.ee\/lt\/e-pood\/ranku-ir-veido-ranksluosciai\/ranksluostis-sviesiai-pilkas\/#primaryimage"},"image":{"@id":"https:\/\/minubaltic.ee\/lt\/e-pood\/ranku-ir-veido-ranksluosciai\/ranksluostis-sviesiai-pilkas\/#primaryimage"},"thumbnailUrl":"https:\/\/minubaltic.ee\/wp-content\/uploads\/2024\/01\/ratikpuv-2.jpeg","datePublished":"2024-01-11T16:35:50+00:00","description":"Rank\u0161luos\u010diai, Rank\u0161luos\u010diai, Rank\u0161luos\u010diai, Rank\u0161luos\u010diai, Rank\u0161luos\u010diai, Rank\u0161luos\u010diai, Rank\u0161luos\u010diai, Rank\u0161luos\u010diai, Rank\u0161luos\u010diai, Rank\u0161luos\u010diai, Rank\u0161luos\u010diai, \u0160viesiai pilkas rank\u0161luostis, \u0160viesiai pilkas rank\u0161luostis, \u0160viesiai pilkas rank\u0161luostis, \u0160viesiai pilkas rank\u0161luostis, Virtuv\u0117s rank\u0161luos\u010diai","breadcrumb":{"@id":"https:\/\/minubaltic.ee\/lt\/e-pood\/ranku-ir-veido-ranksluosciai\/ranksluostis-sviesiai-pilkas\/#breadcrumb"},"inLanguage":"lt-LT","potentialAction":[{"@type":"ReadAction","target":["https:\/\/minubaltic.ee\/lt\/e-pood\/ranku-ir-veido-ranksluosciai\/ranksluostis-sviesiai-pilkas\/"]}]},{"@type":"ImageObject","inLanguage":"lt-LT","@id":"https:\/\/minubaltic.ee\/lt\/e-pood\/ranku-ir-veido-ranksluosciai\/ranksluostis-sviesiai-pilkas\/#primaryimage","url":"https:\/\/minubaltic.ee\/wp-content\/uploads\/2024\/01\/ratikpuv-2.jpeg","contentUrl":"https:\/\/minubaltic.ee\/wp-content\/uploads\/2024\/01\/ratikpuv-2.jpeg","width":800,"height":800},{"@type":"BreadcrumbList","@id":"https:\/\/minubaltic.ee\/lt\/e-pood\/ranku-ir-veido-ranksluosciai\/ranksluostis-sviesiai-pilkas\/#breadcrumb","itemListElement":[{"@type":"ListItem","position":1,"name":"Home","item":"https:\/\/minubaltic.ee\/lt\/"},{"@type":"ListItem","position":2,"name":"Parduotuv\u0117","item":"https:\/\/minubaltic.ee\/lt\/parduotuve\/"},{"@type":"ListItem","position":3,"name":"Rank\u0161luostis (\u0161viesiai pilkas)"}]},{"@type":"WebSite","@id":"https:\/\/minubaltic.ee\/lt\/#website","url":"https:\/\/minubaltic.ee\/lt\/","name":"minubaltic.ee","description":"","publisher":{"@id":"https:\/\/minubaltic.ee\/lt\/#organization"},"potentialAction":[{"@type":"SearchAction","target":{"@type":"EntryPoint","urlTemplate":"https:\/\/minubaltic.ee\/lt\/?s={search_term_string}"},"query-input":{"@type":"PropertyValueSpecification","valueRequired":true,"valueName":"search_term_string"}}],"inLanguage":"lt-LT"},{"@type":"Organization","@id":"https:\/\/minubaltic.ee\/lt\/#organization","name":"Minu Baltic O\u00dc","url":"https:\/\/minubaltic.ee\/lt\/","logo":{"@type":"ImageObject","inLanguage":"lt-LT","@id":"https:\/\/minubaltic.ee\/lt\/#\/schema\/logo\/image\/","url":"https:\/\/minubaltic.ee\/wp-content\/uploads\/2023\/10\/cropped-cropped-cropped-logo.png","contentUrl":"https:\/\/minubaltic.ee\/wp-content\/uploads\/2023\/10\/cropped-cropped-cropped-logo.png","width":500,"height":237,"caption":"Minu Baltic O\u00dc"},"image":{"@id":"https:\/\/minubaltic.ee\/lt\/#\/schema\/logo\/image\/"},"sameAs":["https:\/\/www.facebook.com\/minubaltic"]}]}},"_links":{"self":[{"href":"https:\/\/minubaltic.ee\/lt\/wp-json\/wp\/v2\/product\/23642","targetHints":{"allow":["GET"]}}],"collection":[{"href":"https:\/\/minubaltic.ee\/lt\/wp-json\/wp\/v2\/product"}],"about":[{"href":"https:\/\/minubaltic.ee\/lt\/wp-json\/wp\/v2\/types\/product"}],"replies":[{"embeddable":true,"href":"https:\/\/minubaltic.ee\/lt\/wp-json\/wp\/v2\/comments?post=23642"}],"version-history":[{"count":0,"href":"https:\/\/minubaltic.ee\/lt\/wp-json\/wp\/v2\/product\/23642\/revisions"}],"wp:featuredmedia":[{"embeddable":true,"href":"https:\/\/minubaltic.ee\/lt\/wp-json\/wp\/v2\/media\/23643"}],"wp:attachment":[{"href":"https:\/\/minubaltic.ee\/lt\/wp-json\/wp\/v2\/media?parent=23642"}],"wp:term":[{"taxonomy":"product_brand","embeddable":true,"href":"https:\/\/minubaltic.ee\/lt\/wp-json\/wp\/v2\/product_brand?post=23642"},{"taxonomy":"product_cat","embeddable":true,"href":"https:\/\/minubaltic.ee\/lt\/wp-json\/wp\/v2\/product_cat?post=23642"},{"taxonomy":"product_tag","embeddable":true,"href":"https:\/\/minubaltic.ee\/lt\/wp-json\/wp\/v2\/product_tag?post=23642"}],"curies":[{"name":"wp","href":"https:\/\/api.w.org\/{rel}","templated":true}]}}