{"id":23595,"date":"2024-01-19T17:53:23","date_gmt":"2024-01-19T14:53:23","guid":{"rendered":"https:\/\/minubaltic.ee\/e-pood\/maaratlemata\/muilo-roze-dovanu-dezuteje-tamsiai-pilka\/"},"modified":"2024-01-19T17:53:23","modified_gmt":"2024-01-19T14:53:23","slug":"muilo-roze-dovanu-dezuteje-tamsiai-pilka","status":"publish","type":"product","link":"https:\/\/minubaltic.ee\/lt\/e-pood\/dovanos\/muilo-roze-dovanu-dezuteje-tamsiai-pilka\/","title":{"rendered":"Muilo ro\u017e\u0117 dovan\u0173 d\u0117\u017eut\u0117je (tamsiai pilka)"},"content":{"rendered":"<p><strong>Papuo\u0161al\u0173 d\u0117\u017eut\u0117s dydis:<\/strong> 9 x 9 x 10,4 cm<br \/>\n<strong>Dovan\u0173 mai\u0161elio dydis:<\/strong> 15 x 9,5 x 4,5 cm<br \/>\n<strong>Sveikinimo kortel\u0117s dydis:<\/strong> 18 x 10,5 cm<br \/>\n<strong>Naudojimas:<\/strong> idealiai tinka v\u0117riniams, pakabu\u010diams, \u017eiedams, apyrank\u0117ms, auskarams ir kitiems aksesuarams.<br \/>\n<strong>Rinkin\u012f sudaro:<\/strong> 1 * papuo\u0161al\u0173 d\u0117\u017eut\u0117 su muilo d\u0117\u017eute (papuo\u0161al\u0173 n\u0117ra), 1 * sveikinimo kortel\u0117, 1 * dovan\u0173 mai\u0161elis.<\/p>\n","protected":false},"excerpt":{"rendered":"<p>Savyb\u0117s: rank\u0173 darbo muilo ro\u017e\u0117 sukuria romanti\u0161k\u0105 atmosfer\u0105.<br \/>\nPapuo\u0161al\u0173 d\u0117\u017eut\u0117s dydis: 9 x 9 x 10,4 cm<br \/>\nDovan\u0173 mai\u0161elio dydis: 15 x 9,5 x 4,5 cm<br \/>\nSveikinimo kortel\u0117s dydis: 18 x 10,5 cm<br \/>\nNaudojimas: idealiai tinka v\u0117riniams, pakabu\u010diams, \u017eiedams, apyrank\u0117ms, auskarams ir kitiems aksesuarams.<br \/>\nRinkin\u012f sudaro: 1 * papuo\u0161al\u0173 d\u0117\u017eut\u0117 su muilo d\u0117\u017eute (papuo\u0161al\u0173 n\u0117ra), 1 * sveikinimo kortel\u0117, 1 * dovan\u0173 mai\u0161elis.<\/p>\n<p>\ud83c\udf39 Romanti\u0161ka atmosfera: rank\u0173 darbo muilo d\u0117\u017eut\u0117 sukuria romanti\u0161k\u0105 atmosfer\u0105, tod\u0117l tai puiki vieta laikyti ir eksponuoti mylimus papuo\u0161alus.<\/p>\n<p>\ud83c\udf80 Universalus laikymas: papuo\u0161al\u0173 d\u0117\u017eut\u0117 puikiai tinka v\u0117riniams, pakabu\u010diams, \u017eiedams, apyrank\u0117ms, auskarams ir kitiems aksesuarams, joje yra pakankamai vietos saugiai laikyti ir eksponuoti brangius daiktus.<\/p>\n<p>\ud83d\udc96 \u017davus stilius: papuo\u0161al\u0173 d\u0117\u017eut\u0117 pagaminta su d\u0117mesiu detal\u0117ms, kurios spinduliuoja \u017eaves\u012f ir elegancij\u0105, kad kiekviena dovana b\u016bt\u0173 ypatinga. Romanti\u0161kos papuo\u0161al\u0173 d\u0117\u017eut\u0117s yra \u012fvairi\u0173 spalv\u0173: pilkos, \u017ealios, tamsiai m\u0117lynos, juodos ir ro\u017ein\u0117s.<\/p>\n","protected":false},"featured_media":23596,"comment_status":"open","ping_status":"closed","template":"","meta":[],"product_brand":[],"product_cat":[532,547],"product_tag":[557,558],"class_list":{"0":"post-23595","1":"product","2":"type-product","3":"status-publish","4":"has-post-thumbnail","6":"product_cat-dovanos","7":"product_cat-muilo-geles","8":"product_tag-apsipirkti-el","9":"product_tag-e-parduotuve","11":"first","12":"instock","13":"sale","14":"shipping-taxable","15":"purchasable","16":"product-type-simple"},"yoast_head":"<!-- This site is optimized with the Yoast SEO plugin v27.3 - https:\/\/yoast.com\/product\/yoast-seo-wordpress\/ -->\n<title>Muilo ro\u017e\u0117 dovan\u0173 d\u0117\u017eut\u0117je (tamsiai pilka) - Moter\u0173 dienos dovanos<\/title>\n<meta name=\"description\" content=\"\u012evairiems papuo\u0161alams skirta muilo ro\u017ei\u0173 dovan\u0173 d\u0117\u017eut\u0117 - \u017eavingas ir eleganti\u0161kas aksesuaras, kuriame g\u0117li\u0173 gro\u017eis dera su papuo\u0161al\u0173 d\u0117\u017eut\u0117s prakti\u0161kumu. Valentino dienos dovanos\" \/>\n<meta name=\"robots\" content=\"index, follow, max-snippet:-1, max-image-preview:large, max-video-preview:-1\" \/>\n<link rel=\"canonical\" href=\"https:\/\/minubaltic.ee\/lt\/e-pood\/dovanos\/muilo-roze-dovanu-dezuteje-tamsiai-pilka\/\" \/>\n<meta property=\"og:locale\" content=\"lt_LT\" \/>\n<meta property=\"og:type\" content=\"article\" \/>\n<meta property=\"og:title\" content=\"Muilo ro\u017e\u0117 dovan\u0173 d\u0117\u017eut\u0117je (tamsiai pilka) - Moter\u0173 dienos dovanos\" \/>\n<meta property=\"og:description\" content=\"\u012evairiems papuo\u0161alams skirta muilo ro\u017ei\u0173 dovan\u0173 d\u0117\u017eut\u0117 - \u017eavingas ir eleganti\u0161kas aksesuaras, kuriame g\u0117li\u0173 gro\u017eis dera su papuo\u0161al\u0173 d\u0117\u017eut\u0117s prakti\u0161kumu. Valentino dienos dovanos\" \/>\n<meta property=\"og:url\" content=\"https:\/\/minubaltic.ee\/lt\/e-pood\/dovanos\/muilo-roze-dovanu-dezuteje-tamsiai-pilka\/\" \/>\n<meta property=\"article:publisher\" content=\"https:\/\/www.facebook.com\/minubaltic\" \/>\n<meta property=\"og:image\" content=\"https:\/\/minubaltic.ee\/wp-content\/uploads\/2024\/01\/rs-3.jpg\" \/>\n\t<meta property=\"og:image:width\" content=\"800\" \/>\n\t<meta property=\"og:image:height\" content=\"800\" \/>\n\t<meta property=\"og:image:type\" content=\"image\/jpeg\" \/>\n<meta name=\"twitter:card\" content=\"summary_large_image\" \/>\n<script type=\"application\/ld+json\" class=\"yoast-schema-graph\">{\"@context\":\"https:\\\/\\\/schema.org\",\"@graph\":[{\"@type\":\"WebPage\",\"@id\":\"https:\\\/\\\/minubaltic.ee\\\/lt\\\/e-pood\\\/dovanos\\\/muilo-roze-dovanu-dezuteje-tamsiai-pilka\\\/\",\"url\":\"https:\\\/\\\/minubaltic.ee\\\/lt\\\/e-pood\\\/dovanos\\\/muilo-roze-dovanu-dezuteje-tamsiai-pilka\\\/\",\"name\":\"Muilo ro\u017e\u0117 dovan\u0173 d\u0117\u017eut\u0117je (tamsiai pilka) - Moter\u0173 dienos dovanos\",\"isPartOf\":{\"@id\":\"https:\\\/\\\/minubaltic.ee\\\/lt\\\/#website\"},\"primaryImageOfPage\":{\"@id\":\"https:\\\/\\\/minubaltic.ee\\\/lt\\\/e-pood\\\/dovanos\\\/muilo-roze-dovanu-dezuteje-tamsiai-pilka\\\/#primaryimage\"},\"image\":{\"@id\":\"https:\\\/\\\/minubaltic.ee\\\/lt\\\/e-pood\\\/dovanos\\\/muilo-roze-dovanu-dezuteje-tamsiai-pilka\\\/#primaryimage\"},\"thumbnailUrl\":\"https:\\\/\\\/minubaltic.ee\\\/wp-content\\\/uploads\\\/2024\\\/01\\\/rs-3.jpg\",\"datePublished\":\"2024-01-19T14:53:23+00:00\",\"description\":\"\u012evairiems papuo\u0161alams skirta muilo ro\u017ei\u0173 dovan\u0173 d\u0117\u017eut\u0117 - \u017eavingas ir eleganti\u0161kas aksesuaras, kuriame g\u0117li\u0173 gro\u017eis dera su papuo\u0161al\u0173 d\u0117\u017eut\u0117s prakti\u0161kumu. Valentino dienos dovanos\",\"breadcrumb\":{\"@id\":\"https:\\\/\\\/minubaltic.ee\\\/lt\\\/e-pood\\\/dovanos\\\/muilo-roze-dovanu-dezuteje-tamsiai-pilka\\\/#breadcrumb\"},\"inLanguage\":\"lt-LT\",\"potentialAction\":[{\"@type\":\"ReadAction\",\"target\":[\"https:\\\/\\\/minubaltic.ee\\\/lt\\\/e-pood\\\/dovanos\\\/muilo-roze-dovanu-dezuteje-tamsiai-pilka\\\/\"]}]},{\"@type\":\"ImageObject\",\"inLanguage\":\"lt-LT\",\"@id\":\"https:\\\/\\\/minubaltic.ee\\\/lt\\\/e-pood\\\/dovanos\\\/muilo-roze-dovanu-dezuteje-tamsiai-pilka\\\/#primaryimage\",\"url\":\"https:\\\/\\\/minubaltic.ee\\\/wp-content\\\/uploads\\\/2024\\\/01\\\/rs-3.jpg\",\"contentUrl\":\"https:\\\/\\\/minubaltic.ee\\\/wp-content\\\/uploads\\\/2024\\\/01\\\/rs-3.jpg\",\"width\":800,\"height\":800},{\"@type\":\"BreadcrumbList\",\"@id\":\"https:\\\/\\\/minubaltic.ee\\\/lt\\\/e-pood\\\/dovanos\\\/muilo-roze-dovanu-dezuteje-tamsiai-pilka\\\/#breadcrumb\",\"itemListElement\":[{\"@type\":\"ListItem\",\"position\":1,\"name\":\"Home\",\"item\":\"https:\\\/\\\/minubaltic.ee\\\/lt\\\/\"},{\"@type\":\"ListItem\",\"position\":2,\"name\":\"Parduotuv\u0117\",\"item\":\"https:\\\/\\\/minubaltic.ee\\\/lt\\\/parduotuve\\\/\"},{\"@type\":\"ListItem\",\"position\":3,\"name\":\"Muilo ro\u017e\u0117 dovan\u0173 d\u0117\u017eut\u0117je (tamsiai pilka)\"}]},{\"@type\":\"WebSite\",\"@id\":\"https:\\\/\\\/minubaltic.ee\\\/lt\\\/#website\",\"url\":\"https:\\\/\\\/minubaltic.ee\\\/lt\\\/\",\"name\":\"minubaltic.ee\",\"description\":\"\",\"publisher\":{\"@id\":\"https:\\\/\\\/minubaltic.ee\\\/lt\\\/#organization\"},\"potentialAction\":[{\"@type\":\"SearchAction\",\"target\":{\"@type\":\"EntryPoint\",\"urlTemplate\":\"https:\\\/\\\/minubaltic.ee\\\/lt\\\/?s={search_term_string}\"},\"query-input\":{\"@type\":\"PropertyValueSpecification\",\"valueRequired\":true,\"valueName\":\"search_term_string\"}}],\"inLanguage\":\"lt-LT\"},{\"@type\":\"Organization\",\"@id\":\"https:\\\/\\\/minubaltic.ee\\\/lt\\\/#organization\",\"name\":\"Minu Baltic O\u00dc\",\"url\":\"https:\\\/\\\/minubaltic.ee\\\/lt\\\/\",\"logo\":{\"@type\":\"ImageObject\",\"inLanguage\":\"lt-LT\",\"@id\":\"https:\\\/\\\/minubaltic.ee\\\/lt\\\/#\\\/schema\\\/logo\\\/image\\\/\",\"url\":\"https:\\\/\\\/minubaltic.ee\\\/wp-content\\\/uploads\\\/2023\\\/10\\\/cropped-cropped-cropped-logo.png\",\"contentUrl\":\"https:\\\/\\\/minubaltic.ee\\\/wp-content\\\/uploads\\\/2023\\\/10\\\/cropped-cropped-cropped-logo.png\",\"width\":500,\"height\":237,\"caption\":\"Minu Baltic O\u00dc\"},\"image\":{\"@id\":\"https:\\\/\\\/minubaltic.ee\\\/lt\\\/#\\\/schema\\\/logo\\\/image\\\/\"},\"sameAs\":[\"https:\\\/\\\/www.facebook.com\\\/minubaltic\"]}]}<\/script>\n<!-- \/ Yoast SEO plugin. -->","yoast_head_json":{"title":"Muilo ro\u017e\u0117 dovan\u0173 d\u0117\u017eut\u0117je (tamsiai pilka) - Moter\u0173 dienos dovanos","description":"\u012evairiems papuo\u0161alams skirta muilo ro\u017ei\u0173 dovan\u0173 d\u0117\u017eut\u0117 - \u017eavingas ir eleganti\u0161kas aksesuaras, kuriame g\u0117li\u0173 gro\u017eis dera su papuo\u0161al\u0173 d\u0117\u017eut\u0117s prakti\u0161kumu. Valentino dienos dovanos","robots":{"index":"index","follow":"follow","max-snippet":"max-snippet:-1","max-image-preview":"max-image-preview:large","max-video-preview":"max-video-preview:-1"},"canonical":"https:\/\/minubaltic.ee\/lt\/e-pood\/dovanos\/muilo-roze-dovanu-dezuteje-tamsiai-pilka\/","og_locale":"lt_LT","og_type":"article","og_title":"Muilo ro\u017e\u0117 dovan\u0173 d\u0117\u017eut\u0117je (tamsiai pilka) - Moter\u0173 dienos dovanos","og_description":"\u012evairiems papuo\u0161alams skirta muilo ro\u017ei\u0173 dovan\u0173 d\u0117\u017eut\u0117 - \u017eavingas ir eleganti\u0161kas aksesuaras, kuriame g\u0117li\u0173 gro\u017eis dera su papuo\u0161al\u0173 d\u0117\u017eut\u0117s prakti\u0161kumu. Valentino dienos dovanos","og_url":"https:\/\/minubaltic.ee\/lt\/e-pood\/dovanos\/muilo-roze-dovanu-dezuteje-tamsiai-pilka\/","article_publisher":"https:\/\/www.facebook.com\/minubaltic","og_image":[{"width":800,"height":800,"url":"https:\/\/minubaltic.ee\/wp-content\/uploads\/2024\/01\/rs-3.jpg","type":"image\/jpeg"}],"twitter_card":"summary_large_image","schema":{"@context":"https:\/\/schema.org","@graph":[{"@type":"WebPage","@id":"https:\/\/minubaltic.ee\/lt\/e-pood\/dovanos\/muilo-roze-dovanu-dezuteje-tamsiai-pilka\/","url":"https:\/\/minubaltic.ee\/lt\/e-pood\/dovanos\/muilo-roze-dovanu-dezuteje-tamsiai-pilka\/","name":"Muilo ro\u017e\u0117 dovan\u0173 d\u0117\u017eut\u0117je (tamsiai pilka) - Moter\u0173 dienos dovanos","isPartOf":{"@id":"https:\/\/minubaltic.ee\/lt\/#website"},"primaryImageOfPage":{"@id":"https:\/\/minubaltic.ee\/lt\/e-pood\/dovanos\/muilo-roze-dovanu-dezuteje-tamsiai-pilka\/#primaryimage"},"image":{"@id":"https:\/\/minubaltic.ee\/lt\/e-pood\/dovanos\/muilo-roze-dovanu-dezuteje-tamsiai-pilka\/#primaryimage"},"thumbnailUrl":"https:\/\/minubaltic.ee\/wp-content\/uploads\/2024\/01\/rs-3.jpg","datePublished":"2024-01-19T14:53:23+00:00","description":"\u012evairiems papuo\u0161alams skirta muilo ro\u017ei\u0173 dovan\u0173 d\u0117\u017eut\u0117 - \u017eavingas ir eleganti\u0161kas aksesuaras, kuriame g\u0117li\u0173 gro\u017eis dera su papuo\u0161al\u0173 d\u0117\u017eut\u0117s prakti\u0161kumu. Valentino dienos dovanos","breadcrumb":{"@id":"https:\/\/minubaltic.ee\/lt\/e-pood\/dovanos\/muilo-roze-dovanu-dezuteje-tamsiai-pilka\/#breadcrumb"},"inLanguage":"lt-LT","potentialAction":[{"@type":"ReadAction","target":["https:\/\/minubaltic.ee\/lt\/e-pood\/dovanos\/muilo-roze-dovanu-dezuteje-tamsiai-pilka\/"]}]},{"@type":"ImageObject","inLanguage":"lt-LT","@id":"https:\/\/minubaltic.ee\/lt\/e-pood\/dovanos\/muilo-roze-dovanu-dezuteje-tamsiai-pilka\/#primaryimage","url":"https:\/\/minubaltic.ee\/wp-content\/uploads\/2024\/01\/rs-3.jpg","contentUrl":"https:\/\/minubaltic.ee\/wp-content\/uploads\/2024\/01\/rs-3.jpg","width":800,"height":800},{"@type":"BreadcrumbList","@id":"https:\/\/minubaltic.ee\/lt\/e-pood\/dovanos\/muilo-roze-dovanu-dezuteje-tamsiai-pilka\/#breadcrumb","itemListElement":[{"@type":"ListItem","position":1,"name":"Home","item":"https:\/\/minubaltic.ee\/lt\/"},{"@type":"ListItem","position":2,"name":"Parduotuv\u0117","item":"https:\/\/minubaltic.ee\/lt\/parduotuve\/"},{"@type":"ListItem","position":3,"name":"Muilo ro\u017e\u0117 dovan\u0173 d\u0117\u017eut\u0117je (tamsiai pilka)"}]},{"@type":"WebSite","@id":"https:\/\/minubaltic.ee\/lt\/#website","url":"https:\/\/minubaltic.ee\/lt\/","name":"minubaltic.ee","description":"","publisher":{"@id":"https:\/\/minubaltic.ee\/lt\/#organization"},"potentialAction":[{"@type":"SearchAction","target":{"@type":"EntryPoint","urlTemplate":"https:\/\/minubaltic.ee\/lt\/?s={search_term_string}"},"query-input":{"@type":"PropertyValueSpecification","valueRequired":true,"valueName":"search_term_string"}}],"inLanguage":"lt-LT"},{"@type":"Organization","@id":"https:\/\/minubaltic.ee\/lt\/#organization","name":"Minu Baltic O\u00dc","url":"https:\/\/minubaltic.ee\/lt\/","logo":{"@type":"ImageObject","inLanguage":"lt-LT","@id":"https:\/\/minubaltic.ee\/lt\/#\/schema\/logo\/image\/","url":"https:\/\/minubaltic.ee\/wp-content\/uploads\/2023\/10\/cropped-cropped-cropped-logo.png","contentUrl":"https:\/\/minubaltic.ee\/wp-content\/uploads\/2023\/10\/cropped-cropped-cropped-logo.png","width":500,"height":237,"caption":"Minu Baltic O\u00dc"},"image":{"@id":"https:\/\/minubaltic.ee\/lt\/#\/schema\/logo\/image\/"},"sameAs":["https:\/\/www.facebook.com\/minubaltic"]}]}},"_links":{"self":[{"href":"https:\/\/minubaltic.ee\/lt\/wp-json\/wp\/v2\/product\/23595","targetHints":{"allow":["GET"]}}],"collection":[{"href":"https:\/\/minubaltic.ee\/lt\/wp-json\/wp\/v2\/product"}],"about":[{"href":"https:\/\/minubaltic.ee\/lt\/wp-json\/wp\/v2\/types\/product"}],"replies":[{"embeddable":true,"href":"https:\/\/minubaltic.ee\/lt\/wp-json\/wp\/v2\/comments?post=23595"}],"version-history":[{"count":0,"href":"https:\/\/minubaltic.ee\/lt\/wp-json\/wp\/v2\/product\/23595\/revisions"}],"wp:featuredmedia":[{"embeddable":true,"href":"https:\/\/minubaltic.ee\/lt\/wp-json\/wp\/v2\/media\/23596"}],"wp:attachment":[{"href":"https:\/\/minubaltic.ee\/lt\/wp-json\/wp\/v2\/media?parent=23595"}],"wp:term":[{"taxonomy":"product_brand","embeddable":true,"href":"https:\/\/minubaltic.ee\/lt\/wp-json\/wp\/v2\/product_brand?post=23595"},{"taxonomy":"product_cat","embeddable":true,"href":"https:\/\/minubaltic.ee\/lt\/wp-json\/wp\/v2\/product_cat?post=23595"},{"taxonomy":"product_tag","embeddable":true,"href":"https:\/\/minubaltic.ee\/lt\/wp-json\/wp\/v2\/product_tag?post=23595"}],"curies":[{"name":"wp","href":"https:\/\/api.w.org\/{rel}","templated":true}]}}