{"id":23567,"date":"2024-02-02T01:19:48","date_gmt":"2024-02-01T22:19:48","guid":{"rendered":"https:\/\/minubaltic.ee\/e-pood\/maaratlemata\/premium-antklodes-uzvalkalu-komplektas-100-bambuko-sviesiai-melynas\/"},"modified":"2024-11-28T18:15:04","modified_gmt":"2024-11-28T15:15:04","slug":"premium-patalynes-komplektas-100-bambukas-tamsiai-melyna","status":"publish","type":"product","link":"https:\/\/minubaltic.ee\/lt\/e-pood\/bambuko-patalynes-komplektai\/premium-patalynes-komplektas-100-bambukas-tamsiai-melyna\/","title":{"rendered":"Premium patalyn\u0117s komplektas 100% bambukas &#8211; Tamsiai m\u0117lyna"},"content":{"rendered":"<p>100 % ekologi\u0161kai u\u017eauginta bambuko patalyn\u0117 yra hipoalergin\u0117 ir antibakterin\u0117.<\/p>\n<p><strong>Spalva<\/strong>: Tamsiai m\u0117lyna<br \/>\n<strong>Med\u017eiaga<\/strong>: 100 % bambukas<br \/>\n<strong>Si\u016blas:<\/strong> 300TC<br \/>\n<strong>Rinkinys:<\/strong> 4 vnt.<br \/>\n<strong>Antklod\u0117s u\u017evalkalas:<\/strong> 200\u00d7220<br \/>\n<strong>Paklod\u0117:<\/strong> 220\u00d7230<br \/>\n<strong>Pagalv\u0117s u\u017evalkalas:<\/strong> 50\u00d775 (2 vnt.)<br \/>\nHipoalerginis ir dr\u0117gm\u0119 sugeriantis<br \/>\nIdealiai tinka jautri\u0105 od\u0105 ar egzem\u0105 turintiems \u017emon\u0117ms, ypa\u010d tiems, kurie link\u0119 prakaituoti nakt\u012f.<br \/>\nBambukin\u0117s patalyn\u0117s komplektai supakuoti \u012f i\u0161 to paties audinio pasi\u016bt\u0105 mai\u0161el\u012f.<\/p>\n","protected":false},"excerpt":{"rendered":"<p>Bambuko patalyn\u0117s komplektai &#8211; tai auk\u0161tos kokyb\u0117s, mink\u0161ti ir orui pralaid\u016bs tekstil\u0117s gaminiai, pagaminti i\u0161 nat\u016bralaus bambuko pluo\u0161to. \u0160ie komplektai specialiai sukurti taip, kad naudotojams b\u016bt\u0173 patogu miegoti. Bambuko pluo\u0161tas nat\u016braliai praleid\u017eia or\u0105 ir sugeba nuvesti dr\u0117gm\u0119, tod\u0117l neleid\u017eia prakaituoti ir ilgiau i\u0161lieka \u0161varus ir gaivus.<\/p>\n<p>Bambukiniai patalyn\u0117s komplektai paprastai gaminami naudojant aplinkai nekenksmingas ir tvarias med\u017eiagas. Bambuko augalas pasi\u017eymi greitu augimu ir nedideliu vandens suvartojimu, tod\u0117l gamybos procesas daro ma\u017eesn\u012f poveik\u012f aplinkai. Be to, mink\u0161ta bambuko pluo\u0161to tekst\u016bra suteikia prabangos poj\u016bt\u012f ir \u0161velniai lie\u010diasi, nepa\u017eeisdama odos.<\/p>\n<p>Bambuko patalyn\u0117s komplektai pasi\u017eymi nat\u016braliomis antibakterin\u0117mis ir hipoalergin\u0117mis savyb\u0117mis, kurios palaiko higien\u0105 ir u\u017etikrina komfort\u0105 miego metu. Jie \u017einomi d\u0117l savo gaivinan\u010dio ir v\u0117sinan\u010dio poveikio kar\u0161tu oru.<\/p>\n<p>Tod\u0117l bambuko patalyn\u0117s komplektai yra ekologi\u0161ki ir patog\u016bs gaminiai, suteikiantys naudotojams kokybi\u0161k\u0105 mieg\u0105.<\/p>\n<p><img loading=\"lazy\" decoding=\"async\" class=\" wd-lazy-fade alignnone wp-image-17240\" src=\"https:\/\/minubaltic.ee\/wp-content\/themes\/woodmart\/images\/lazy.svg\" data-src=\"https:\/\/minubaltic.ee\/wp-content\/uploads\/2024\/02\/oie_12300D472WDZf.png\" alt=\"\" width=\"67\" height=\"95\" \/><img loading=\"lazy\" decoding=\"async\" class=\" wd-lazy-fade alignnone wp-image-17257\" src=\"https:\/\/minubaltic.ee\/wp-content\/themes\/woodmart\/images\/lazy.svg\" data-src=\"https:\/\/minubaltic.ee\/wp-content\/uploads\/2024\/02\/organic100bamboo.png\" alt=\"\" width=\"70\" height=\"99\" \/><\/p>\n<p>&nbsp;<\/p>\n","protected":false},"featured_media":23568,"comment_status":"open","ping_status":"closed","template":"","meta":[],"product_brand":[],"product_cat":[530,625,768,553,619,555],"product_tag":[557,556,558,564],"class_list":{"0":"post-23567","1":"product","2":"type-product","3":"status-publish","4":"has-post-thumbnail","6":"product_cat-bambuko-patalynes-komplektai","7":"product_cat-bambuko-patalynes-komplektai-lt","8":"product_cat-ekologiska-patalyne","9":"product_cat-patalynes-komplektai","10":"product_cat-patalynes-komplektai-lt","11":"product_cat-patalynes-komplektai-200-220","12":"product_tag-apsipirkti-el","13":"product_tag-bambuko-patalyne","14":"product_tag-e-parduotuve","15":"product_tag-tekstile","17":"first","18":"instock","19":"sale","20":"shipping-taxable","21":"purchasable","22":"product-type-simple"},"yoast_head":"<!-- This site is optimized with the Yoast SEO plugin v27.3 - https:\/\/yoast.com\/product\/yoast-seo-wordpress\/ -->\n<title>Premium patalyn\u0117s komplektas 100% bambukas - Tamsiai m\u0117lyna<\/title>\n<meta name=\"description\" content=\"Patirkite maksimaliai patog\u0173 ir sveik\u0105 mieg\u0105 su m\u016bs\u0173 bambuko patalyn\u0117s komplektais! \u0160ie 100 % bambuko patalyn\u0117s komplektai suteikia puiki\u0105 miego patirt\u012f.\" \/>\n<meta name=\"robots\" content=\"index, follow, max-snippet:-1, max-image-preview:large, max-video-preview:-1\" \/>\n<link rel=\"canonical\" href=\"https:\/\/minubaltic.ee\/lt\/e-pood\/bambuko-patalynes-komplektai\/premium-patalynes-komplektas-100-bambukas-tamsiai-melyna\/\" \/>\n<meta property=\"og:locale\" content=\"lt_LT\" \/>\n<meta property=\"og:type\" content=\"article\" \/>\n<meta property=\"og:title\" content=\"Premium patalyn\u0117s komplektas 100% bambukas - Tamsiai m\u0117lyna\" \/>\n<meta property=\"og:description\" content=\"Patirkite maksimaliai patog\u0173 ir sveik\u0105 mieg\u0105 su m\u016bs\u0173 bambuko patalyn\u0117s komplektais! \u0160ie 100 % bambuko patalyn\u0117s komplektai suteikia puiki\u0105 miego patirt\u012f.\" \/>\n<meta property=\"og:url\" content=\"https:\/\/minubaltic.ee\/lt\/e-pood\/bambuko-patalynes-komplektai\/premium-patalynes-komplektas-100-bambukas-tamsiai-melyna\/\" \/>\n<meta property=\"article:publisher\" content=\"https:\/\/www.facebook.com\/minubaltic\" \/>\n<meta property=\"article:modified_time\" content=\"2024-11-28T15:15:04+00:00\" \/>\n<meta property=\"og:image\" content=\"https:\/\/minubaltic.ee\/wp-content\/uploads\/2024\/02\/bambus-100-4.jpg\" \/>\n\t<meta property=\"og:image:width\" content=\"1000\" \/>\n\t<meta property=\"og:image:height\" content=\"1000\" \/>\n\t<meta property=\"og:image:type\" content=\"image\/jpeg\" \/>\n<meta name=\"twitter:card\" content=\"summary_large_image\" \/>\n<meta name=\"twitter:label1\" content=\"Est. reading time\" \/>\n\t<meta name=\"twitter:data1\" content=\"1 minut\u0117\" \/>\n<script type=\"application\/ld+json\" class=\"yoast-schema-graph\">{\"@context\":\"https:\\\/\\\/schema.org\",\"@graph\":[{\"@type\":\"WebPage\",\"@id\":\"https:\\\/\\\/minubaltic.ee\\\/lt\\\/e-pood\\\/bambuko-patalynes-komplektai\\\/premium-patalynes-komplektas-100-bambukas-tamsiai-melyna\\\/\",\"url\":\"https:\\\/\\\/minubaltic.ee\\\/lt\\\/e-pood\\\/bambuko-patalynes-komplektai\\\/premium-patalynes-komplektas-100-bambukas-tamsiai-melyna\\\/\",\"name\":\"Premium patalyn\u0117s komplektas 100% bambukas - Tamsiai m\u0117lyna\",\"isPartOf\":{\"@id\":\"https:\\\/\\\/minubaltic.ee\\\/lt\\\/#website\"},\"primaryImageOfPage\":{\"@id\":\"https:\\\/\\\/minubaltic.ee\\\/lt\\\/e-pood\\\/bambuko-patalynes-komplektai\\\/premium-patalynes-komplektas-100-bambukas-tamsiai-melyna\\\/#primaryimage\"},\"image\":{\"@id\":\"https:\\\/\\\/minubaltic.ee\\\/lt\\\/e-pood\\\/bambuko-patalynes-komplektai\\\/premium-patalynes-komplektas-100-bambukas-tamsiai-melyna\\\/#primaryimage\"},\"thumbnailUrl\":\"https:\\\/\\\/minubaltic.ee\\\/wp-content\\\/uploads\\\/2024\\\/02\\\/bambus-100-4.jpg\",\"datePublished\":\"2024-02-01T22:19:48+00:00\",\"dateModified\":\"2024-11-28T15:15:04+00:00\",\"description\":\"Patirkite maksimaliai patog\u0173 ir sveik\u0105 mieg\u0105 su m\u016bs\u0173 bambuko patalyn\u0117s komplektais! \u0160ie 100 % bambuko patalyn\u0117s komplektai suteikia puiki\u0105 miego patirt\u012f.\",\"breadcrumb\":{\"@id\":\"https:\\\/\\\/minubaltic.ee\\\/lt\\\/e-pood\\\/bambuko-patalynes-komplektai\\\/premium-patalynes-komplektas-100-bambukas-tamsiai-melyna\\\/#breadcrumb\"},\"inLanguage\":\"lt-LT\",\"potentialAction\":[{\"@type\":\"ReadAction\",\"target\":[\"https:\\\/\\\/minubaltic.ee\\\/lt\\\/e-pood\\\/bambuko-patalynes-komplektai\\\/premium-patalynes-komplektas-100-bambukas-tamsiai-melyna\\\/\"]}]},{\"@type\":\"ImageObject\",\"inLanguage\":\"lt-LT\",\"@id\":\"https:\\\/\\\/minubaltic.ee\\\/lt\\\/e-pood\\\/bambuko-patalynes-komplektai\\\/premium-patalynes-komplektas-100-bambukas-tamsiai-melyna\\\/#primaryimage\",\"url\":\"https:\\\/\\\/minubaltic.ee\\\/wp-content\\\/uploads\\\/2024\\\/02\\\/bambus-100-4.jpg\",\"contentUrl\":\"https:\\\/\\\/minubaltic.ee\\\/wp-content\\\/uploads\\\/2024\\\/02\\\/bambus-100-4.jpg\",\"width\":1000,\"height\":1000},{\"@type\":\"BreadcrumbList\",\"@id\":\"https:\\\/\\\/minubaltic.ee\\\/lt\\\/e-pood\\\/bambuko-patalynes-komplektai\\\/premium-patalynes-komplektas-100-bambukas-tamsiai-melyna\\\/#breadcrumb\",\"itemListElement\":[{\"@type\":\"ListItem\",\"position\":1,\"name\":\"Home\",\"item\":\"https:\\\/\\\/minubaltic.ee\\\/lt\\\/\"},{\"@type\":\"ListItem\",\"position\":2,\"name\":\"Parduotuv\u0117\",\"item\":\"https:\\\/\\\/minubaltic.ee\\\/lt\\\/parduotuve\\\/\"},{\"@type\":\"ListItem\",\"position\":3,\"name\":\"Premium patalyn\u0117s komplektas 100% bambukas &#8211; Tamsiai m\u0117lyna\"}]},{\"@type\":\"WebSite\",\"@id\":\"https:\\\/\\\/minubaltic.ee\\\/lt\\\/#website\",\"url\":\"https:\\\/\\\/minubaltic.ee\\\/lt\\\/\",\"name\":\"minubaltic.ee\",\"description\":\"\",\"publisher\":{\"@id\":\"https:\\\/\\\/minubaltic.ee\\\/lt\\\/#organization\"},\"potentialAction\":[{\"@type\":\"SearchAction\",\"target\":{\"@type\":\"EntryPoint\",\"urlTemplate\":\"https:\\\/\\\/minubaltic.ee\\\/lt\\\/?s={search_term_string}\"},\"query-input\":{\"@type\":\"PropertyValueSpecification\",\"valueRequired\":true,\"valueName\":\"search_term_string\"}}],\"inLanguage\":\"lt-LT\"},{\"@type\":\"Organization\",\"@id\":\"https:\\\/\\\/minubaltic.ee\\\/lt\\\/#organization\",\"name\":\"Minu Baltic O\u00dc\",\"url\":\"https:\\\/\\\/minubaltic.ee\\\/lt\\\/\",\"logo\":{\"@type\":\"ImageObject\",\"inLanguage\":\"lt-LT\",\"@id\":\"https:\\\/\\\/minubaltic.ee\\\/lt\\\/#\\\/schema\\\/logo\\\/image\\\/\",\"url\":\"https:\\\/\\\/minubaltic.ee\\\/wp-content\\\/uploads\\\/2023\\\/10\\\/cropped-cropped-cropped-logo.png\",\"contentUrl\":\"https:\\\/\\\/minubaltic.ee\\\/wp-content\\\/uploads\\\/2023\\\/10\\\/cropped-cropped-cropped-logo.png\",\"width\":500,\"height\":237,\"caption\":\"Minu Baltic O\u00dc\"},\"image\":{\"@id\":\"https:\\\/\\\/minubaltic.ee\\\/lt\\\/#\\\/schema\\\/logo\\\/image\\\/\"},\"sameAs\":[\"https:\\\/\\\/www.facebook.com\\\/minubaltic\"]}]}<\/script>\n<!-- \/ Yoast SEO plugin. -->","yoast_head_json":{"title":"Premium patalyn\u0117s komplektas 100% bambukas - Tamsiai m\u0117lyna","description":"Patirkite maksimaliai patog\u0173 ir sveik\u0105 mieg\u0105 su m\u016bs\u0173 bambuko patalyn\u0117s komplektais! \u0160ie 100 % bambuko patalyn\u0117s komplektai suteikia puiki\u0105 miego patirt\u012f.","robots":{"index":"index","follow":"follow","max-snippet":"max-snippet:-1","max-image-preview":"max-image-preview:large","max-video-preview":"max-video-preview:-1"},"canonical":"https:\/\/minubaltic.ee\/lt\/e-pood\/bambuko-patalynes-komplektai\/premium-patalynes-komplektas-100-bambukas-tamsiai-melyna\/","og_locale":"lt_LT","og_type":"article","og_title":"Premium patalyn\u0117s komplektas 100% bambukas - Tamsiai m\u0117lyna","og_description":"Patirkite maksimaliai patog\u0173 ir sveik\u0105 mieg\u0105 su m\u016bs\u0173 bambuko patalyn\u0117s komplektais! \u0160ie 100 % bambuko patalyn\u0117s komplektai suteikia puiki\u0105 miego patirt\u012f.","og_url":"https:\/\/minubaltic.ee\/lt\/e-pood\/bambuko-patalynes-komplektai\/premium-patalynes-komplektas-100-bambukas-tamsiai-melyna\/","article_publisher":"https:\/\/www.facebook.com\/minubaltic","article_modified_time":"2024-11-28T15:15:04+00:00","og_image":[{"width":1000,"height":1000,"url":"https:\/\/minubaltic.ee\/wp-content\/uploads\/2024\/02\/bambus-100-4.jpg","type":"image\/jpeg"}],"twitter_card":"summary_large_image","twitter_misc":{"Est. reading time":"1 minut\u0117"},"schema":{"@context":"https:\/\/schema.org","@graph":[{"@type":"WebPage","@id":"https:\/\/minubaltic.ee\/lt\/e-pood\/bambuko-patalynes-komplektai\/premium-patalynes-komplektas-100-bambukas-tamsiai-melyna\/","url":"https:\/\/minubaltic.ee\/lt\/e-pood\/bambuko-patalynes-komplektai\/premium-patalynes-komplektas-100-bambukas-tamsiai-melyna\/","name":"Premium patalyn\u0117s komplektas 100% bambukas - Tamsiai m\u0117lyna","isPartOf":{"@id":"https:\/\/minubaltic.ee\/lt\/#website"},"primaryImageOfPage":{"@id":"https:\/\/minubaltic.ee\/lt\/e-pood\/bambuko-patalynes-komplektai\/premium-patalynes-komplektas-100-bambukas-tamsiai-melyna\/#primaryimage"},"image":{"@id":"https:\/\/minubaltic.ee\/lt\/e-pood\/bambuko-patalynes-komplektai\/premium-patalynes-komplektas-100-bambukas-tamsiai-melyna\/#primaryimage"},"thumbnailUrl":"https:\/\/minubaltic.ee\/wp-content\/uploads\/2024\/02\/bambus-100-4.jpg","datePublished":"2024-02-01T22:19:48+00:00","dateModified":"2024-11-28T15:15:04+00:00","description":"Patirkite maksimaliai patog\u0173 ir sveik\u0105 mieg\u0105 su m\u016bs\u0173 bambuko patalyn\u0117s komplektais! \u0160ie 100 % bambuko patalyn\u0117s komplektai suteikia puiki\u0105 miego patirt\u012f.","breadcrumb":{"@id":"https:\/\/minubaltic.ee\/lt\/e-pood\/bambuko-patalynes-komplektai\/premium-patalynes-komplektas-100-bambukas-tamsiai-melyna\/#breadcrumb"},"inLanguage":"lt-LT","potentialAction":[{"@type":"ReadAction","target":["https:\/\/minubaltic.ee\/lt\/e-pood\/bambuko-patalynes-komplektai\/premium-patalynes-komplektas-100-bambukas-tamsiai-melyna\/"]}]},{"@type":"ImageObject","inLanguage":"lt-LT","@id":"https:\/\/minubaltic.ee\/lt\/e-pood\/bambuko-patalynes-komplektai\/premium-patalynes-komplektas-100-bambukas-tamsiai-melyna\/#primaryimage","url":"https:\/\/minubaltic.ee\/wp-content\/uploads\/2024\/02\/bambus-100-4.jpg","contentUrl":"https:\/\/minubaltic.ee\/wp-content\/uploads\/2024\/02\/bambus-100-4.jpg","width":1000,"height":1000},{"@type":"BreadcrumbList","@id":"https:\/\/minubaltic.ee\/lt\/e-pood\/bambuko-patalynes-komplektai\/premium-patalynes-komplektas-100-bambukas-tamsiai-melyna\/#breadcrumb","itemListElement":[{"@type":"ListItem","position":1,"name":"Home","item":"https:\/\/minubaltic.ee\/lt\/"},{"@type":"ListItem","position":2,"name":"Parduotuv\u0117","item":"https:\/\/minubaltic.ee\/lt\/parduotuve\/"},{"@type":"ListItem","position":3,"name":"Premium patalyn\u0117s komplektas 100% bambukas &#8211; Tamsiai m\u0117lyna"}]},{"@type":"WebSite","@id":"https:\/\/minubaltic.ee\/lt\/#website","url":"https:\/\/minubaltic.ee\/lt\/","name":"minubaltic.ee","description":"","publisher":{"@id":"https:\/\/minubaltic.ee\/lt\/#organization"},"potentialAction":[{"@type":"SearchAction","target":{"@type":"EntryPoint","urlTemplate":"https:\/\/minubaltic.ee\/lt\/?s={search_term_string}"},"query-input":{"@type":"PropertyValueSpecification","valueRequired":true,"valueName":"search_term_string"}}],"inLanguage":"lt-LT"},{"@type":"Organization","@id":"https:\/\/minubaltic.ee\/lt\/#organization","name":"Minu Baltic O\u00dc","url":"https:\/\/minubaltic.ee\/lt\/","logo":{"@type":"ImageObject","inLanguage":"lt-LT","@id":"https:\/\/minubaltic.ee\/lt\/#\/schema\/logo\/image\/","url":"https:\/\/minubaltic.ee\/wp-content\/uploads\/2023\/10\/cropped-cropped-cropped-logo.png","contentUrl":"https:\/\/minubaltic.ee\/wp-content\/uploads\/2023\/10\/cropped-cropped-cropped-logo.png","width":500,"height":237,"caption":"Minu Baltic O\u00dc"},"image":{"@id":"https:\/\/minubaltic.ee\/lt\/#\/schema\/logo\/image\/"},"sameAs":["https:\/\/www.facebook.com\/minubaltic"]}]}},"_links":{"self":[{"href":"https:\/\/minubaltic.ee\/lt\/wp-json\/wp\/v2\/product\/23567","targetHints":{"allow":["GET"]}}],"collection":[{"href":"https:\/\/minubaltic.ee\/lt\/wp-json\/wp\/v2\/product"}],"about":[{"href":"https:\/\/minubaltic.ee\/lt\/wp-json\/wp\/v2\/types\/product"}],"replies":[{"embeddable":true,"href":"https:\/\/minubaltic.ee\/lt\/wp-json\/wp\/v2\/comments?post=23567"}],"version-history":[{"count":2,"href":"https:\/\/minubaltic.ee\/lt\/wp-json\/wp\/v2\/product\/23567\/revisions"}],"predecessor-version":[{"id":38988,"href":"https:\/\/minubaltic.ee\/lt\/wp-json\/wp\/v2\/product\/23567\/revisions\/38988"}],"wp:featuredmedia":[{"embeddable":true,"href":"https:\/\/minubaltic.ee\/lt\/wp-json\/wp\/v2\/media\/23568"}],"wp:attachment":[{"href":"https:\/\/minubaltic.ee\/lt\/wp-json\/wp\/v2\/media?parent=23567"}],"wp:term":[{"taxonomy":"product_brand","embeddable":true,"href":"https:\/\/minubaltic.ee\/lt\/wp-json\/wp\/v2\/product_brand?post=23567"},{"taxonomy":"product_cat","embeddable":true,"href":"https:\/\/minubaltic.ee\/lt\/wp-json\/wp\/v2\/product_cat?post=23567"},{"taxonomy":"product_tag","embeddable":true,"href":"https:\/\/minubaltic.ee\/lt\/wp-json\/wp\/v2\/product_tag?post=23567"}],"curies":[{"name":"wp","href":"https:\/\/api.w.org\/{rel}","templated":true}]}}