{"id":23558,"date":"2024-02-03T16:27:37","date_gmt":"2024-02-03T13:27:37","guid":{"rendered":"https:\/\/minubaltic.ee\/e-pood\/maaratlemata\/turkiski-ranksluosciai-50x80\/"},"modified":"2024-04-14T15:16:16","modified_gmt":"2024-04-14T12:16:16","slug":"turkiski-ranksluosciai-50x80","status":"publish","type":"product","link":"https:\/\/minubaltic.ee\/lt\/e-pood\/ranku-ir-veido-ranksluosciai\/turkiski-ranksluosciai-50x80\/","title":{"rendered":"Turki\u0161ki rank\u0161luos\u010diai 50&#215;80"},"content":{"rendered":"<p>\ud83c\udf3fTurki\u0161ki rank\u0161luos\u010diai 50&#215;80 &#8211; tai vidutinio dyd\u017eio rank\u0161luos\u010diai, pagaminti i\u0161 turki\u0161kos medviln\u0117s tradiciniu b\u016bdu. \u0160ie rank\u0161luos\u010diai gars\u0117ja savo kokybe ir patvarumu ir yra pla\u010diai naudojami visame pasaulyje. Rank\u0161luos\u010diai pagaminti i\u0161 mink\u0161tos medvilnin\u0117s med\u017eiagos, kuri yra lengva ir gerai sugeria dr\u0117gm\u0119. Turki\u0161ki rank\u0161luos\u010diai yra pralaid\u016bs orui ir greitai d\u017ei\u016bstantys, tod\u0117l juos galima naudoti \u012fvairiais tikslais, pavyzd\u017eiui, kaip vonios rank\u0161luost\u012f arba tiesiog kaip dekoratyvin\u012f element\u0105 namuose. \u0160ie rank\u0161luos\u010diai yra \u012fvairi\u0173 spalv\u0173, kad tikt\u0173 bet kokiam skoniui ir dekorui.<\/p>\n","protected":false},"excerpt":{"rendered":"<div class=\"woocommerce-product-details__short-description\">\n<ul>\n<li><span class=\"product-attribute__label\">Audinio sud\u0117tis: <\/span><span class=\"product-attribute__value\" data-attribute-code=\"fabric_composition\">100% medviln\u0117<\/span><\/li>\n<li>Kilm\u0117s \u0161alis: Turkija <img loading=\"lazy\" decoding=\"async\" class=\" wd-lazy-fade wp-image-17267 alignnone\" src=\"https:\/\/minubaltic.ee\/wp-content\/themes\/woodmart\/images\/lazy.svg\" data-src=\"https:\/\/minubaltic.ee\/wp-content\/uploads\/2024\/02\/trbrq.jpg\" alt=\"\" width=\"18\" height=\"12\" \/><\/li>\n<li>Produktas pakuot\u0117je: 1 vnt.<\/li>\n<li>Matmenys: 50\u00d780 cm<\/li>\n<li>Spalva: Priklauso nuo j\u016bs\u0173 pasirinkimo<\/li>\n<li>Svoris: 400 g\/m2<\/li>\n<li>Specifikacija: <b>\u00b11-3<\/b><\/li>\n<li>Produkt\u0173 nuotraukos yra iliustracin\u0117s<\/li>\n<\/ul>\n<\/div>\n","protected":false},"featured_media":23565,"comment_status":"open","ping_status":"closed","template":"","meta":[],"product_brand":[],"product_cat":[541,543,534],"product_tag":[557,558,559,561,564],"class_list":{"0":"post-23558","1":"product","2":"type-product","3":"status-publish","4":"has-post-thumbnail","6":"product_cat-ranksluosciai","7":"product_cat-ranksluosciai-50-80","8":"product_cat-ranku-ir-veido-ranksluosciai","9":"product_tag-apsipirkti-el","10":"product_tag-e-parduotuve","11":"product_tag-namu-tekstile","12":"product_tag-ranksluosciai","13":"product_tag-tekstile","15":"first","16":"outofstock","17":"shipping-taxable","18":"purchasable","19":"product-type-variable"},"yoast_head":"<!-- This site is optimized with the Yoast SEO plugin v27.4 - https:\/\/yoast.com\/product\/yoast-seo-wordpress\/ -->\n<title>Turki\u0161ki rank\u0161luos\u010diai 50x80 - 50% nuolaida<\/title>\n<meta name=\"description\" content=\"\u0160ie 50x80 medvilniniai turki\u0161ki rank\u0161luos\u010diai yra prakti\u0161ki, mink\u0161ti, pralaid\u016bs orui, greitai d\u017ei\u016bstantys ir antibakteriniai.\" \/>\n<meta name=\"robots\" content=\"index, follow, max-snippet:-1, max-image-preview:large, max-video-preview:-1\" \/>\n<link rel=\"canonical\" href=\"https:\/\/minubaltic.ee\/lt\/e-pood\/ranku-ir-veido-ranksluosciai\/turkiski-ranksluosciai-50x80\/\" \/>\n<meta property=\"og:locale\" content=\"lt_LT\" \/>\n<meta property=\"og:type\" content=\"article\" \/>\n<meta property=\"og:title\" content=\"Turki\u0161ki rank\u0161luos\u010diai 50x80 - 50% nuolaida\" \/>\n<meta property=\"og:description\" content=\"\u0160ie 50x80 medvilniniai turki\u0161ki rank\u0161luos\u010diai yra prakti\u0161ki, mink\u0161ti, pralaid\u016bs orui, greitai d\u017ei\u016bstantys ir antibakteriniai.\" \/>\n<meta property=\"og:url\" content=\"https:\/\/minubaltic.ee\/lt\/e-pood\/ranku-ir-veido-ranksluosciai\/turkiski-ranksluosciai-50x80\/\" \/>\n<meta property=\"article:publisher\" content=\"https:\/\/www.facebook.com\/minubaltic\" \/>\n<meta property=\"article:modified_time\" content=\"2024-04-14T12:16:16+00:00\" \/>\n<meta property=\"og:image\" content=\"https:\/\/minubaltic.ee\/wp-content\/uploads\/2024\/02\/50-80r-2.jpg\" \/>\n\t<meta property=\"og:image:width\" content=\"600\" \/>\n\t<meta property=\"og:image:height\" content=\"600\" \/>\n\t<meta property=\"og:image:type\" content=\"image\/jpeg\" \/>\n<meta name=\"twitter:card\" content=\"summary_large_image\" \/>\n<meta name=\"twitter:label1\" content=\"Est. reading time\" \/>\n\t<meta name=\"twitter:data1\" content=\"1 minut\u0117\" \/>\n<script type=\"application\/ld+json\" class=\"yoast-schema-graph\">{\"@context\":\"https:\\\/\\\/schema.org\",\"@graph\":[{\"@type\":\"WebPage\",\"@id\":\"https:\\\/\\\/minubaltic.ee\\\/lt\\\/e-pood\\\/ranku-ir-veido-ranksluosciai\\\/turkiski-ranksluosciai-50x80\\\/\",\"url\":\"https:\\\/\\\/minubaltic.ee\\\/lt\\\/e-pood\\\/ranku-ir-veido-ranksluosciai\\\/turkiski-ranksluosciai-50x80\\\/\",\"name\":\"Turki\u0161ki rank\u0161luos\u010diai 50x80 - 50% nuolaida\",\"isPartOf\":{\"@id\":\"https:\\\/\\\/minubaltic.ee\\\/lt\\\/#website\"},\"primaryImageOfPage\":{\"@id\":\"https:\\\/\\\/minubaltic.ee\\\/lt\\\/e-pood\\\/ranku-ir-veido-ranksluosciai\\\/turkiski-ranksluosciai-50x80\\\/#primaryimage\"},\"image\":{\"@id\":\"https:\\\/\\\/minubaltic.ee\\\/lt\\\/e-pood\\\/ranku-ir-veido-ranksluosciai\\\/turkiski-ranksluosciai-50x80\\\/#primaryimage\"},\"thumbnailUrl\":\"https:\\\/\\\/minubaltic.ee\\\/wp-content\\\/uploads\\\/2024\\\/02\\\/50-80r-2.jpg\",\"datePublished\":\"2024-02-03T13:27:37+00:00\",\"dateModified\":\"2024-04-14T12:16:16+00:00\",\"description\":\"\u0160ie 50x80 medvilniniai turki\u0161ki rank\u0161luos\u010diai yra prakti\u0161ki, mink\u0161ti, pralaid\u016bs orui, greitai d\u017ei\u016bstantys ir antibakteriniai.\",\"breadcrumb\":{\"@id\":\"https:\\\/\\\/minubaltic.ee\\\/lt\\\/e-pood\\\/ranku-ir-veido-ranksluosciai\\\/turkiski-ranksluosciai-50x80\\\/#breadcrumb\"},\"inLanguage\":\"lt-LT\",\"potentialAction\":[{\"@type\":\"ReadAction\",\"target\":[\"https:\\\/\\\/minubaltic.ee\\\/lt\\\/e-pood\\\/ranku-ir-veido-ranksluosciai\\\/turkiski-ranksluosciai-50x80\\\/\"]}]},{\"@type\":\"ImageObject\",\"inLanguage\":\"lt-LT\",\"@id\":\"https:\\\/\\\/minubaltic.ee\\\/lt\\\/e-pood\\\/ranku-ir-veido-ranksluosciai\\\/turkiski-ranksluosciai-50x80\\\/#primaryimage\",\"url\":\"https:\\\/\\\/minubaltic.ee\\\/wp-content\\\/uploads\\\/2024\\\/02\\\/50-80r-2.jpg\",\"contentUrl\":\"https:\\\/\\\/minubaltic.ee\\\/wp-content\\\/uploads\\\/2024\\\/02\\\/50-80r-2.jpg\",\"width\":600,\"height\":600},{\"@type\":\"BreadcrumbList\",\"@id\":\"https:\\\/\\\/minubaltic.ee\\\/lt\\\/e-pood\\\/ranku-ir-veido-ranksluosciai\\\/turkiski-ranksluosciai-50x80\\\/#breadcrumb\",\"itemListElement\":[{\"@type\":\"ListItem\",\"position\":1,\"name\":\"Home\",\"item\":\"https:\\\/\\\/minubaltic.ee\\\/lt\\\/\"},{\"@type\":\"ListItem\",\"position\":2,\"name\":\"Parduotuv\u0117\",\"item\":\"https:\\\/\\\/minubaltic.ee\\\/lt\\\/parduotuve\\\/\"},{\"@type\":\"ListItem\",\"position\":3,\"name\":\"Turki\u0161ki rank\u0161luos\u010diai 50&#215;80\"}]},{\"@type\":\"WebSite\",\"@id\":\"https:\\\/\\\/minubaltic.ee\\\/lt\\\/#website\",\"url\":\"https:\\\/\\\/minubaltic.ee\\\/lt\\\/\",\"name\":\"minubaltic.ee\",\"description\":\"\",\"publisher\":{\"@id\":\"https:\\\/\\\/minubaltic.ee\\\/lt\\\/#organization\"},\"potentialAction\":[{\"@type\":\"SearchAction\",\"target\":{\"@type\":\"EntryPoint\",\"urlTemplate\":\"https:\\\/\\\/minubaltic.ee\\\/lt\\\/?s={search_term_string}\"},\"query-input\":{\"@type\":\"PropertyValueSpecification\",\"valueRequired\":true,\"valueName\":\"search_term_string\"}}],\"inLanguage\":\"lt-LT\"},{\"@type\":\"Organization\",\"@id\":\"https:\\\/\\\/minubaltic.ee\\\/lt\\\/#organization\",\"name\":\"Minu Baltic O\u00dc\",\"url\":\"https:\\\/\\\/minubaltic.ee\\\/lt\\\/\",\"logo\":{\"@type\":\"ImageObject\",\"inLanguage\":\"lt-LT\",\"@id\":\"https:\\\/\\\/minubaltic.ee\\\/lt\\\/#\\\/schema\\\/logo\\\/image\\\/\",\"url\":\"https:\\\/\\\/minubaltic.ee\\\/wp-content\\\/uploads\\\/2023\\\/10\\\/cropped-cropped-cropped-logo.png\",\"contentUrl\":\"https:\\\/\\\/minubaltic.ee\\\/wp-content\\\/uploads\\\/2023\\\/10\\\/cropped-cropped-cropped-logo.png\",\"width\":500,\"height\":237,\"caption\":\"Minu Baltic O\u00dc\"},\"image\":{\"@id\":\"https:\\\/\\\/minubaltic.ee\\\/lt\\\/#\\\/schema\\\/logo\\\/image\\\/\"},\"sameAs\":[\"https:\\\/\\\/www.facebook.com\\\/minubaltic\"]}]}<\/script>\n<!-- \/ Yoast SEO plugin. -->","yoast_head_json":{"title":"Turki\u0161ki rank\u0161luos\u010diai 50x80 - 50% nuolaida","description":"\u0160ie 50x80 medvilniniai turki\u0161ki rank\u0161luos\u010diai yra prakti\u0161ki, mink\u0161ti, pralaid\u016bs orui, greitai d\u017ei\u016bstantys ir antibakteriniai.","robots":{"index":"index","follow":"follow","max-snippet":"max-snippet:-1","max-image-preview":"max-image-preview:large","max-video-preview":"max-video-preview:-1"},"canonical":"https:\/\/minubaltic.ee\/lt\/e-pood\/ranku-ir-veido-ranksluosciai\/turkiski-ranksluosciai-50x80\/","og_locale":"lt_LT","og_type":"article","og_title":"Turki\u0161ki rank\u0161luos\u010diai 50x80 - 50% nuolaida","og_description":"\u0160ie 50x80 medvilniniai turki\u0161ki rank\u0161luos\u010diai yra prakti\u0161ki, mink\u0161ti, pralaid\u016bs orui, greitai d\u017ei\u016bstantys ir antibakteriniai.","og_url":"https:\/\/minubaltic.ee\/lt\/e-pood\/ranku-ir-veido-ranksluosciai\/turkiski-ranksluosciai-50x80\/","article_publisher":"https:\/\/www.facebook.com\/minubaltic","article_modified_time":"2024-04-14T12:16:16+00:00","og_image":[{"width":600,"height":600,"url":"https:\/\/minubaltic.ee\/wp-content\/uploads\/2024\/02\/50-80r-2.jpg","type":"image\/jpeg"}],"twitter_card":"summary_large_image","twitter_misc":{"Est. reading time":"1 minut\u0117"},"schema":{"@context":"https:\/\/schema.org","@graph":[{"@type":"WebPage","@id":"https:\/\/minubaltic.ee\/lt\/e-pood\/ranku-ir-veido-ranksluosciai\/turkiski-ranksluosciai-50x80\/","url":"https:\/\/minubaltic.ee\/lt\/e-pood\/ranku-ir-veido-ranksluosciai\/turkiski-ranksluosciai-50x80\/","name":"Turki\u0161ki rank\u0161luos\u010diai 50x80 - 50% nuolaida","isPartOf":{"@id":"https:\/\/minubaltic.ee\/lt\/#website"},"primaryImageOfPage":{"@id":"https:\/\/minubaltic.ee\/lt\/e-pood\/ranku-ir-veido-ranksluosciai\/turkiski-ranksluosciai-50x80\/#primaryimage"},"image":{"@id":"https:\/\/minubaltic.ee\/lt\/e-pood\/ranku-ir-veido-ranksluosciai\/turkiski-ranksluosciai-50x80\/#primaryimage"},"thumbnailUrl":"https:\/\/minubaltic.ee\/wp-content\/uploads\/2024\/02\/50-80r-2.jpg","datePublished":"2024-02-03T13:27:37+00:00","dateModified":"2024-04-14T12:16:16+00:00","description":"\u0160ie 50x80 medvilniniai turki\u0161ki rank\u0161luos\u010diai yra prakti\u0161ki, mink\u0161ti, pralaid\u016bs orui, greitai d\u017ei\u016bstantys ir antibakteriniai.","breadcrumb":{"@id":"https:\/\/minubaltic.ee\/lt\/e-pood\/ranku-ir-veido-ranksluosciai\/turkiski-ranksluosciai-50x80\/#breadcrumb"},"inLanguage":"lt-LT","potentialAction":[{"@type":"ReadAction","target":["https:\/\/minubaltic.ee\/lt\/e-pood\/ranku-ir-veido-ranksluosciai\/turkiski-ranksluosciai-50x80\/"]}]},{"@type":"ImageObject","inLanguage":"lt-LT","@id":"https:\/\/minubaltic.ee\/lt\/e-pood\/ranku-ir-veido-ranksluosciai\/turkiski-ranksluosciai-50x80\/#primaryimage","url":"https:\/\/minubaltic.ee\/wp-content\/uploads\/2024\/02\/50-80r-2.jpg","contentUrl":"https:\/\/minubaltic.ee\/wp-content\/uploads\/2024\/02\/50-80r-2.jpg","width":600,"height":600},{"@type":"BreadcrumbList","@id":"https:\/\/minubaltic.ee\/lt\/e-pood\/ranku-ir-veido-ranksluosciai\/turkiski-ranksluosciai-50x80\/#breadcrumb","itemListElement":[{"@type":"ListItem","position":1,"name":"Home","item":"https:\/\/minubaltic.ee\/lt\/"},{"@type":"ListItem","position":2,"name":"Parduotuv\u0117","item":"https:\/\/minubaltic.ee\/lt\/parduotuve\/"},{"@type":"ListItem","position":3,"name":"Turki\u0161ki rank\u0161luos\u010diai 50&#215;80"}]},{"@type":"WebSite","@id":"https:\/\/minubaltic.ee\/lt\/#website","url":"https:\/\/minubaltic.ee\/lt\/","name":"minubaltic.ee","description":"","publisher":{"@id":"https:\/\/minubaltic.ee\/lt\/#organization"},"potentialAction":[{"@type":"SearchAction","target":{"@type":"EntryPoint","urlTemplate":"https:\/\/minubaltic.ee\/lt\/?s={search_term_string}"},"query-input":{"@type":"PropertyValueSpecification","valueRequired":true,"valueName":"search_term_string"}}],"inLanguage":"lt-LT"},{"@type":"Organization","@id":"https:\/\/minubaltic.ee\/lt\/#organization","name":"Minu Baltic O\u00dc","url":"https:\/\/minubaltic.ee\/lt\/","logo":{"@type":"ImageObject","inLanguage":"lt-LT","@id":"https:\/\/minubaltic.ee\/lt\/#\/schema\/logo\/image\/","url":"https:\/\/minubaltic.ee\/wp-content\/uploads\/2023\/10\/cropped-cropped-cropped-logo.png","contentUrl":"https:\/\/minubaltic.ee\/wp-content\/uploads\/2023\/10\/cropped-cropped-cropped-logo.png","width":500,"height":237,"caption":"Minu Baltic O\u00dc"},"image":{"@id":"https:\/\/minubaltic.ee\/lt\/#\/schema\/logo\/image\/"},"sameAs":["https:\/\/www.facebook.com\/minubaltic"]}]}},"_links":{"self":[{"href":"https:\/\/minubaltic.ee\/lt\/wp-json\/wp\/v2\/product\/23558","targetHints":{"allow":["GET"]}}],"collection":[{"href":"https:\/\/minubaltic.ee\/lt\/wp-json\/wp\/v2\/product"}],"about":[{"href":"https:\/\/minubaltic.ee\/lt\/wp-json\/wp\/v2\/types\/product"}],"replies":[{"embeddable":true,"href":"https:\/\/minubaltic.ee\/lt\/wp-json\/wp\/v2\/comments?post=23558"}],"version-history":[{"count":0,"href":"https:\/\/minubaltic.ee\/lt\/wp-json\/wp\/v2\/product\/23558\/revisions"}],"wp:featuredmedia":[{"embeddable":true,"href":"https:\/\/minubaltic.ee\/lt\/wp-json\/wp\/v2\/media\/23565"}],"wp:attachment":[{"href":"https:\/\/minubaltic.ee\/lt\/wp-json\/wp\/v2\/media?parent=23558"}],"wp:term":[{"taxonomy":"product_brand","embeddable":true,"href":"https:\/\/minubaltic.ee\/lt\/wp-json\/wp\/v2\/product_brand?post=23558"},{"taxonomy":"product_cat","embeddable":true,"href":"https:\/\/minubaltic.ee\/lt\/wp-json\/wp\/v2\/product_cat?post=23558"},{"taxonomy":"product_tag","embeddable":true,"href":"https:\/\/minubaltic.ee\/lt\/wp-json\/wp\/v2\/product_tag?post=23558"}],"curies":[{"name":"wp","href":"https:\/\/api.w.org\/{rel}","templated":true}]}}