{"id":23550,"date":"2024-02-05T20:14:25","date_gmt":"2024-02-05T17:14:25","guid":{"rendered":"https:\/\/minubaltic.ee\/e-pood\/maaratlemata\/turkiski-ranksluosciai-50x90\/"},"modified":"2024-02-05T20:14:25","modified_gmt":"2024-02-05T17:14:25","slug":"turkiski-ranksluosciai-50x90","status":"publish","type":"product","link":"https:\/\/minubaltic.ee\/lt\/e-pood\/ranku-ir-veido-ranksluosciai\/turkiski-ranksluosciai-50x90\/","title":{"rendered":"Turki\u0161ki rank\u0161luos\u010diai 50&#215;90"},"content":{"rendered":"<p>\ud83c\udf3fTurki\u0161ki rank\u0161luos\u010diai pagaminti i\u0161 100 % nat\u016bralios medviln\u0117s. \u0160ie rank\u0161luos\u010diai gars\u0117ja savo kokybe, patvarumu ir eleganti\u0161ku dizainu. D\u0117l sodri\u0173 spalv\u0173 jie puikiai tinka bet kokiam interjerui.<\/p>\n<p>\ud83c\udf31 Rank\u0161luos\u010diai suteikia auk\u0161\u010diausi\u0105 komfort\u0105 ir malonum\u0105, sukuria \u0161veln\u0173 ir \u0161ilkin\u012f odos poj\u016bt\u012f. Turki\u0161ki rank\u0161luos\u010diai puikiai sugeria dr\u0117gm\u0119 ir greitai i\u0161d\u017ei\u016bsta, taip pat gars\u0117ja savo patvarumu. Jie tarnaus ilgus metus, i\u0161laikydami savo mink\u0161tum\u0105 ir spalv\u0105.<\/p>\n","protected":false},"excerpt":{"rendered":"<div class=\"woocommerce-product-details__short-description\">\n<ul>\n<li><span class=\"product-attribute__label\">Audinio sud\u0117tis: <\/span><span class=\"product-attribute__value\" data-attribute-code=\"fabric_composition\">100% medviln\u0117<\/span><\/li>\n<li>Kilm\u0117s \u0161alis: Turkija <img loading=\"lazy\" decoding=\"async\" class=\" wd-lazy-fade wp-image-17267 alignnone\" src=\"https:\/\/minubaltic.ee\/wp-content\/themes\/woodmart\/images\/lazy.svg\" data-src=\"https:\/\/minubaltic.ee\/wp-content\/uploads\/2024\/02\/trbrq.jpg\" alt=\"\" width=\"18\" height=\"12\"><\/li>\n<li>Produktas pakuot\u0117je: 1 vnt.<\/li>\n<li>I\u0161matavimai: 50\u00d790 cm<\/li>\n<li>Spalva: Priklauso nuo j\u016bs\u0173 pasirinkimo<\/li>\n<li>Svoris: 400 g\/m2<\/li>\n<li>Specifikacija: <b>\u00b11-3<\/b><\/li>\n<li>Produkt\u0173 nuotraukos yra iliustracin\u0117s<\/li>\n<\/ul>\n<\/div>\n","protected":false},"featured_media":23557,"comment_status":"open","ping_status":"closed","template":"","meta":[],"product_brand":[],"product_cat":[541,544,534],"product_tag":[557,558,559,561,564],"class_list":{"0":"post-23550","1":"product","2":"type-product","3":"status-publish","4":"has-post-thumbnail","6":"product_cat-ranksluosciai","7":"product_cat-ranksluosciai-50-90","8":"product_cat-ranku-ir-veido-ranksluosciai","9":"product_tag-apsipirkti-el","10":"product_tag-e-parduotuve","11":"product_tag-namu-tekstile","12":"product_tag-ranksluosciai","13":"product_tag-tekstile","15":"first","16":"outofstock","17":"shipping-taxable","18":"product-type-variable"},"yoast_head":"<!-- This site is optimized with the Yoast SEO plugin v27.3 - https:\/\/yoast.com\/product\/yoast-seo-wordpress\/ -->\n<title>Turki\u0161ki rank\u0161luos\u010diai 50x90 - Turki\u0161ki medvilniniai rank\u0161luos\u010diai 50x90 - iki 50% nuolaida<\/title>\n<meta name=\"description\" content=\"Turki\u0161ki medvilniniai rank\u0161luos\u010diai lepina kiekvien\u0105 kart\u0105, kai juos naudojate. M\u016bs\u0173 rank\u0161luos\u010di\u0173, pagamint\u0173 tik i\u0161 auk\u0161\u010diausios kokyb\u0117s medviln\u0117s, matmenys - 50*90.\" \/>\n<meta name=\"robots\" content=\"index, follow, max-snippet:-1, max-image-preview:large, max-video-preview:-1\" \/>\n<link rel=\"canonical\" href=\"https:\/\/minubaltic.ee\/lt\/e-pood\/ranku-ir-veido-ranksluosciai\/turkiski-ranksluosciai-50x90\/\" \/>\n<meta property=\"og:locale\" content=\"lt_LT\" \/>\n<meta property=\"og:type\" content=\"article\" \/>\n<meta property=\"og:title\" content=\"Turki\u0161ki rank\u0161luos\u010diai 50x90 - Turki\u0161ki medvilniniai rank\u0161luos\u010diai 50x90 - iki 50% nuolaida\" \/>\n<meta property=\"og:description\" content=\"Turki\u0161ki medvilniniai rank\u0161luos\u010diai lepina kiekvien\u0105 kart\u0105, kai juos naudojate. M\u016bs\u0173 rank\u0161luos\u010di\u0173, pagamint\u0173 tik i\u0161 auk\u0161\u010diausios kokyb\u0117s medviln\u0117s, matmenys - 50*90.\" \/>\n<meta property=\"og:url\" content=\"https:\/\/minubaltic.ee\/lt\/e-pood\/ranku-ir-veido-ranksluosciai\/turkiski-ranksluosciai-50x90\/\" \/>\n<meta property=\"article:publisher\" content=\"https:\/\/www.facebook.com\/minubaltic\" \/>\n<meta property=\"og:image\" content=\"https:\/\/minubaltic.ee\/wp-content\/uploads\/2024\/02\/trhavlu-2.jpg\" \/>\n\t<meta property=\"og:image:width\" content=\"650\" \/>\n\t<meta property=\"og:image:height\" content=\"650\" \/>\n\t<meta property=\"og:image:type\" content=\"image\/jpeg\" \/>\n<meta name=\"twitter:card\" content=\"summary_large_image\" \/>\n<script type=\"application\/ld+json\" class=\"yoast-schema-graph\">{\"@context\":\"https:\\\/\\\/schema.org\",\"@graph\":[{\"@type\":\"WebPage\",\"@id\":\"https:\\\/\\\/minubaltic.ee\\\/lt\\\/e-pood\\\/ranku-ir-veido-ranksluosciai\\\/turkiski-ranksluosciai-50x90\\\/\",\"url\":\"https:\\\/\\\/minubaltic.ee\\\/lt\\\/e-pood\\\/ranku-ir-veido-ranksluosciai\\\/turkiski-ranksluosciai-50x90\\\/\",\"name\":\"Turki\u0161ki rank\u0161luos\u010diai 50x90 - Turki\u0161ki medvilniniai rank\u0161luos\u010diai 50x90 - iki 50% nuolaida\",\"isPartOf\":{\"@id\":\"https:\\\/\\\/minubaltic.ee\\\/lt\\\/#website\"},\"primaryImageOfPage\":{\"@id\":\"https:\\\/\\\/minubaltic.ee\\\/lt\\\/e-pood\\\/ranku-ir-veido-ranksluosciai\\\/turkiski-ranksluosciai-50x90\\\/#primaryimage\"},\"image\":{\"@id\":\"https:\\\/\\\/minubaltic.ee\\\/lt\\\/e-pood\\\/ranku-ir-veido-ranksluosciai\\\/turkiski-ranksluosciai-50x90\\\/#primaryimage\"},\"thumbnailUrl\":\"https:\\\/\\\/minubaltic.ee\\\/wp-content\\\/uploads\\\/2024\\\/02\\\/trhavlu-2.jpg\",\"datePublished\":\"2024-02-05T17:14:25+00:00\",\"description\":\"Turki\u0161ki medvilniniai rank\u0161luos\u010diai lepina kiekvien\u0105 kart\u0105, kai juos naudojate. M\u016bs\u0173 rank\u0161luos\u010di\u0173, pagamint\u0173 tik i\u0161 auk\u0161\u010diausios kokyb\u0117s medviln\u0117s, matmenys - 50*90.\",\"breadcrumb\":{\"@id\":\"https:\\\/\\\/minubaltic.ee\\\/lt\\\/e-pood\\\/ranku-ir-veido-ranksluosciai\\\/turkiski-ranksluosciai-50x90\\\/#breadcrumb\"},\"inLanguage\":\"lt-LT\",\"potentialAction\":[{\"@type\":\"ReadAction\",\"target\":[\"https:\\\/\\\/minubaltic.ee\\\/lt\\\/e-pood\\\/ranku-ir-veido-ranksluosciai\\\/turkiski-ranksluosciai-50x90\\\/\"]}]},{\"@type\":\"ImageObject\",\"inLanguage\":\"lt-LT\",\"@id\":\"https:\\\/\\\/minubaltic.ee\\\/lt\\\/e-pood\\\/ranku-ir-veido-ranksluosciai\\\/turkiski-ranksluosciai-50x90\\\/#primaryimage\",\"url\":\"https:\\\/\\\/minubaltic.ee\\\/wp-content\\\/uploads\\\/2024\\\/02\\\/trhavlu-2.jpg\",\"contentUrl\":\"https:\\\/\\\/minubaltic.ee\\\/wp-content\\\/uploads\\\/2024\\\/02\\\/trhavlu-2.jpg\",\"width\":650,\"height\":650},{\"@type\":\"BreadcrumbList\",\"@id\":\"https:\\\/\\\/minubaltic.ee\\\/lt\\\/e-pood\\\/ranku-ir-veido-ranksluosciai\\\/turkiski-ranksluosciai-50x90\\\/#breadcrumb\",\"itemListElement\":[{\"@type\":\"ListItem\",\"position\":1,\"name\":\"Home\",\"item\":\"https:\\\/\\\/minubaltic.ee\\\/lt\\\/\"},{\"@type\":\"ListItem\",\"position\":2,\"name\":\"Parduotuv\u0117\",\"item\":\"https:\\\/\\\/minubaltic.ee\\\/lt\\\/parduotuve\\\/\"},{\"@type\":\"ListItem\",\"position\":3,\"name\":\"Turki\u0161ki rank\u0161luos\u010diai 50&#215;90\"}]},{\"@type\":\"WebSite\",\"@id\":\"https:\\\/\\\/minubaltic.ee\\\/lt\\\/#website\",\"url\":\"https:\\\/\\\/minubaltic.ee\\\/lt\\\/\",\"name\":\"minubaltic.ee\",\"description\":\"\",\"publisher\":{\"@id\":\"https:\\\/\\\/minubaltic.ee\\\/lt\\\/#organization\"},\"potentialAction\":[{\"@type\":\"SearchAction\",\"target\":{\"@type\":\"EntryPoint\",\"urlTemplate\":\"https:\\\/\\\/minubaltic.ee\\\/lt\\\/?s={search_term_string}\"},\"query-input\":{\"@type\":\"PropertyValueSpecification\",\"valueRequired\":true,\"valueName\":\"search_term_string\"}}],\"inLanguage\":\"lt-LT\"},{\"@type\":\"Organization\",\"@id\":\"https:\\\/\\\/minubaltic.ee\\\/lt\\\/#organization\",\"name\":\"Minu Baltic O\u00dc\",\"url\":\"https:\\\/\\\/minubaltic.ee\\\/lt\\\/\",\"logo\":{\"@type\":\"ImageObject\",\"inLanguage\":\"lt-LT\",\"@id\":\"https:\\\/\\\/minubaltic.ee\\\/lt\\\/#\\\/schema\\\/logo\\\/image\\\/\",\"url\":\"https:\\\/\\\/minubaltic.ee\\\/wp-content\\\/uploads\\\/2023\\\/10\\\/cropped-cropped-cropped-logo.png\",\"contentUrl\":\"https:\\\/\\\/minubaltic.ee\\\/wp-content\\\/uploads\\\/2023\\\/10\\\/cropped-cropped-cropped-logo.png\",\"width\":500,\"height\":237,\"caption\":\"Minu Baltic O\u00dc\"},\"image\":{\"@id\":\"https:\\\/\\\/minubaltic.ee\\\/lt\\\/#\\\/schema\\\/logo\\\/image\\\/\"},\"sameAs\":[\"https:\\\/\\\/www.facebook.com\\\/minubaltic\"]}]}<\/script>\n<!-- \/ Yoast SEO plugin. -->","yoast_head_json":{"title":"Turki\u0161ki rank\u0161luos\u010diai 50x90 - Turki\u0161ki medvilniniai rank\u0161luos\u010diai 50x90 - iki 50% nuolaida","description":"Turki\u0161ki medvilniniai rank\u0161luos\u010diai lepina kiekvien\u0105 kart\u0105, kai juos naudojate. M\u016bs\u0173 rank\u0161luos\u010di\u0173, pagamint\u0173 tik i\u0161 auk\u0161\u010diausios kokyb\u0117s medviln\u0117s, matmenys - 50*90.","robots":{"index":"index","follow":"follow","max-snippet":"max-snippet:-1","max-image-preview":"max-image-preview:large","max-video-preview":"max-video-preview:-1"},"canonical":"https:\/\/minubaltic.ee\/lt\/e-pood\/ranku-ir-veido-ranksluosciai\/turkiski-ranksluosciai-50x90\/","og_locale":"lt_LT","og_type":"article","og_title":"Turki\u0161ki rank\u0161luos\u010diai 50x90 - Turki\u0161ki medvilniniai rank\u0161luos\u010diai 50x90 - iki 50% nuolaida","og_description":"Turki\u0161ki medvilniniai rank\u0161luos\u010diai lepina kiekvien\u0105 kart\u0105, kai juos naudojate. M\u016bs\u0173 rank\u0161luos\u010di\u0173, pagamint\u0173 tik i\u0161 auk\u0161\u010diausios kokyb\u0117s medviln\u0117s, matmenys - 50*90.","og_url":"https:\/\/minubaltic.ee\/lt\/e-pood\/ranku-ir-veido-ranksluosciai\/turkiski-ranksluosciai-50x90\/","article_publisher":"https:\/\/www.facebook.com\/minubaltic","og_image":[{"width":650,"height":650,"url":"https:\/\/minubaltic.ee\/wp-content\/uploads\/2024\/02\/trhavlu-2.jpg","type":"image\/jpeg"}],"twitter_card":"summary_large_image","schema":{"@context":"https:\/\/schema.org","@graph":[{"@type":"WebPage","@id":"https:\/\/minubaltic.ee\/lt\/e-pood\/ranku-ir-veido-ranksluosciai\/turkiski-ranksluosciai-50x90\/","url":"https:\/\/minubaltic.ee\/lt\/e-pood\/ranku-ir-veido-ranksluosciai\/turkiski-ranksluosciai-50x90\/","name":"Turki\u0161ki rank\u0161luos\u010diai 50x90 - Turki\u0161ki medvilniniai rank\u0161luos\u010diai 50x90 - iki 50% nuolaida","isPartOf":{"@id":"https:\/\/minubaltic.ee\/lt\/#website"},"primaryImageOfPage":{"@id":"https:\/\/minubaltic.ee\/lt\/e-pood\/ranku-ir-veido-ranksluosciai\/turkiski-ranksluosciai-50x90\/#primaryimage"},"image":{"@id":"https:\/\/minubaltic.ee\/lt\/e-pood\/ranku-ir-veido-ranksluosciai\/turkiski-ranksluosciai-50x90\/#primaryimage"},"thumbnailUrl":"https:\/\/minubaltic.ee\/wp-content\/uploads\/2024\/02\/trhavlu-2.jpg","datePublished":"2024-02-05T17:14:25+00:00","description":"Turki\u0161ki medvilniniai rank\u0161luos\u010diai lepina kiekvien\u0105 kart\u0105, kai juos naudojate. M\u016bs\u0173 rank\u0161luos\u010di\u0173, pagamint\u0173 tik i\u0161 auk\u0161\u010diausios kokyb\u0117s medviln\u0117s, matmenys - 50*90.","breadcrumb":{"@id":"https:\/\/minubaltic.ee\/lt\/e-pood\/ranku-ir-veido-ranksluosciai\/turkiski-ranksluosciai-50x90\/#breadcrumb"},"inLanguage":"lt-LT","potentialAction":[{"@type":"ReadAction","target":["https:\/\/minubaltic.ee\/lt\/e-pood\/ranku-ir-veido-ranksluosciai\/turkiski-ranksluosciai-50x90\/"]}]},{"@type":"ImageObject","inLanguage":"lt-LT","@id":"https:\/\/minubaltic.ee\/lt\/e-pood\/ranku-ir-veido-ranksluosciai\/turkiski-ranksluosciai-50x90\/#primaryimage","url":"https:\/\/minubaltic.ee\/wp-content\/uploads\/2024\/02\/trhavlu-2.jpg","contentUrl":"https:\/\/minubaltic.ee\/wp-content\/uploads\/2024\/02\/trhavlu-2.jpg","width":650,"height":650},{"@type":"BreadcrumbList","@id":"https:\/\/minubaltic.ee\/lt\/e-pood\/ranku-ir-veido-ranksluosciai\/turkiski-ranksluosciai-50x90\/#breadcrumb","itemListElement":[{"@type":"ListItem","position":1,"name":"Home","item":"https:\/\/minubaltic.ee\/lt\/"},{"@type":"ListItem","position":2,"name":"Parduotuv\u0117","item":"https:\/\/minubaltic.ee\/lt\/parduotuve\/"},{"@type":"ListItem","position":3,"name":"Turki\u0161ki rank\u0161luos\u010diai 50&#215;90"}]},{"@type":"WebSite","@id":"https:\/\/minubaltic.ee\/lt\/#website","url":"https:\/\/minubaltic.ee\/lt\/","name":"minubaltic.ee","description":"","publisher":{"@id":"https:\/\/minubaltic.ee\/lt\/#organization"},"potentialAction":[{"@type":"SearchAction","target":{"@type":"EntryPoint","urlTemplate":"https:\/\/minubaltic.ee\/lt\/?s={search_term_string}"},"query-input":{"@type":"PropertyValueSpecification","valueRequired":true,"valueName":"search_term_string"}}],"inLanguage":"lt-LT"},{"@type":"Organization","@id":"https:\/\/minubaltic.ee\/lt\/#organization","name":"Minu Baltic O\u00dc","url":"https:\/\/minubaltic.ee\/lt\/","logo":{"@type":"ImageObject","inLanguage":"lt-LT","@id":"https:\/\/minubaltic.ee\/lt\/#\/schema\/logo\/image\/","url":"https:\/\/minubaltic.ee\/wp-content\/uploads\/2023\/10\/cropped-cropped-cropped-logo.png","contentUrl":"https:\/\/minubaltic.ee\/wp-content\/uploads\/2023\/10\/cropped-cropped-cropped-logo.png","width":500,"height":237,"caption":"Minu Baltic O\u00dc"},"image":{"@id":"https:\/\/minubaltic.ee\/lt\/#\/schema\/logo\/image\/"},"sameAs":["https:\/\/www.facebook.com\/minubaltic"]}]}},"_links":{"self":[{"href":"https:\/\/minubaltic.ee\/lt\/wp-json\/wp\/v2\/product\/23550","targetHints":{"allow":["GET"]}}],"collection":[{"href":"https:\/\/minubaltic.ee\/lt\/wp-json\/wp\/v2\/product"}],"about":[{"href":"https:\/\/minubaltic.ee\/lt\/wp-json\/wp\/v2\/types\/product"}],"replies":[{"embeddable":true,"href":"https:\/\/minubaltic.ee\/lt\/wp-json\/wp\/v2\/comments?post=23550"}],"version-history":[{"count":0,"href":"https:\/\/minubaltic.ee\/lt\/wp-json\/wp\/v2\/product\/23550\/revisions"}],"wp:featuredmedia":[{"embeddable":true,"href":"https:\/\/minubaltic.ee\/lt\/wp-json\/wp\/v2\/media\/23557"}],"wp:attachment":[{"href":"https:\/\/minubaltic.ee\/lt\/wp-json\/wp\/v2\/media?parent=23550"}],"wp:term":[{"taxonomy":"product_brand","embeddable":true,"href":"https:\/\/minubaltic.ee\/lt\/wp-json\/wp\/v2\/product_brand?post=23550"},{"taxonomy":"product_cat","embeddable":true,"href":"https:\/\/minubaltic.ee\/lt\/wp-json\/wp\/v2\/product_cat?post=23550"},{"taxonomy":"product_tag","embeddable":true,"href":"https:\/\/minubaltic.ee\/lt\/wp-json\/wp\/v2\/product_tag?post=23550"}],"curies":[{"name":"wp","href":"https:\/\/api.w.org\/{rel}","templated":true}]}}