{"id":23548,"date":"2024-02-05T20:38:48","date_gmt":"2024-02-05T17:38:48","guid":{"rendered":"https:\/\/minubaltic.ee\/e-pood\/maaratlemata\/premium-6-daliu-ranksluosciu-rinkinys-50x90\/"},"modified":"2024-09-23T19:42:33","modified_gmt":"2024-09-23T16:42:33","slug":"premium-6-daliu-ranksluosciu-rinkinys-50x90","status":"publish","type":"product","link":"https:\/\/minubaltic.ee\/lt\/e-pood\/ranku-ir-veido-ranksluosciai\/premium-6-daliu-ranksluosciu-rinkinys-50x90\/","title":{"rendered":"Premium 6 dali\u0173 rank\u0161luos\u010di\u0173 rinkinys 50&#215;90"},"content":{"rendered":"<p>Turki\u0161k\u0173 rank\u0161luos\u010di\u0173 rinkin\u012f sudaro 6 skirtingos spalvos, kurios suteiks spalvingumo ir stiliaus bet kuriam vonios kambariui. \u0160ie rank\u0161luos\u010diai puikiai tinka did\u017eiausiam komfortui.<\/p>\n<p>Spalv\u0173 palet\u0117 yra universali, su ry\u0161kiais ir gra\u017eiais atspalviais. Nesvarbu, ar jums labiau patinka bly\u0161ki ir \u0161velni ro\u017ein\u0117, eleganti\u0161ka ir raminanti akvamarino, ar dr\u0105si violetin\u0117 &#8211; kiekvienas ras sau tinkam\u0105. Prid\u0117kite kelis rank\u0161luos\u010dius, kad sukurtum\u0117te sluoksniuot\u0105 \u012fvaizd\u012f, arba sumai\u0161ykite skirtingus atspalvius, kad atrodytum\u0117te ry\u0161kiai ir madingai.<\/p>\n<p>Rank\u0161luos\u010diai ne tik puikiai atrodo, bet ir yra pagaminti i\u0161 auk\u0161tos kokyb\u0117s medviln\u0117s. Taip u\u017etikrinama, kad rank\u0161luos\u010diai b\u016bt\u0173 mink\u0161ti, patvar\u016bs ir tinkami naudoti kasdien.<\/p>\n<p>Turki\u0161k\u0173 rank\u0161luos\u010di\u0173 rinkinys suteiks j\u016bs\u0173 vonios kambariui stiliaus ir patogumo. Jie taip pat yra ideali dovana \u0161eimai ir draugams. I\u0161sirinkite m\u0117gstamus spalv\u0173 atspalvius ir m\u0117gaukit\u0117s nuostabiais turki\u0161kais rank\u0161luos\u010diais jau \u0161iandien!<\/p>\n","protected":false},"excerpt":{"rendered":"<div class=\"woocommerce-product-details__short-description\">\n<ul>\n<li><span class=\"product-attribute__label\">Audinio sud\u0117tis: <\/span><span class=\"product-attribute__value\" data-attribute-code=\"fabric_composition\">100% medviln\u0117<\/span><\/li>\n<li>Kilm\u0117s \u0161alis: Turkija <img loading=\"lazy\" decoding=\"async\" class=\" wd-lazy-fade wp-image-17267 alignnone\" src=\"https:\/\/minubaltic.ee\/wp-content\/themes\/woodmart\/images\/lazy.svg\" data-src=\"https:\/\/minubaltic.ee\/wp-content\/uploads\/2024\/02\/trbrq.jpg\" alt=\"\" width=\"18\" height=\"12\"><\/li>\n<li>Rinkinyje: 6 vnt<\/li>\n<li>I\u0161matavimai: 50\u00d790 cm<\/li>\n<li>Spalva: 6 spalvoti rank\u0161luos\u010diai (po 1 kiekvienos spalvos)<\/li>\n<li>Svoris: 400 g\/m2<\/li>\n<li>Specifikacija: <b>\u00b11-3<\/b><\/li>\n<li>Produkt\u0173 nuotraukos yra iliustracin\u0117s<\/li>\n<\/ul>\n<\/div>\n","protected":false},"featured_media":23549,"comment_status":"open","ping_status":"closed","template":"","meta":[],"product_brand":[],"product_cat":[817,541,544,545,534],"product_tag":[557,558,559,561,564],"class_list":{"0":"post-23548","1":"product","2":"type-product","3":"status-publish","4":"has-post-thumbnail","6":"product_cat-100-medvilne","7":"product_cat-ranksluosciai","8":"product_cat-ranksluosciai-50-90","9":"product_cat-ranksluosciu-rinkiniai","10":"product_cat-ranku-ir-veido-ranksluosciai","11":"product_tag-apsipirkti-el","12":"product_tag-e-parduotuve","13":"product_tag-namu-tekstile","14":"product_tag-ranksluosciai","15":"product_tag-tekstile","17":"first","18":"outofstock","19":"shipping-taxable","20":"purchasable","21":"product-type-simple"},"yoast_head":"<!-- This site is optimized with the Yoast SEO plugin v27.3 - https:\/\/yoast.com\/product\/yoast-seo-wordpress\/ -->\n<title>Premium 6 dali\u0173 rank\u0161luos\u010di\u0173 rinkinys 50x90 - turkija 100% medviln\u0117 4,99<\/title>\n<meta name=\"description\" content=\"6 rank\u0161luos\u010di\u0173 rinkinys, turki\u0161k\u0173 rank\u0161luos\u010di\u0173 rinkinys, pagamintas i\u0161 auk\u0161tos kokyb\u0117s medvilnin\u0117s med\u017eiagos, kurioje dera patogumas ir elegancija.\" \/>\n<meta name=\"robots\" content=\"index, follow, max-snippet:-1, max-image-preview:large, max-video-preview:-1\" \/>\n<link rel=\"canonical\" href=\"https:\/\/minubaltic.ee\/lt\/e-pood\/ranku-ir-veido-ranksluosciai\/premium-6-daliu-ranksluosciu-rinkinys-50x90\/\" \/>\n<meta property=\"og:locale\" content=\"lt_LT\" \/>\n<meta property=\"og:type\" content=\"article\" \/>\n<meta property=\"og:title\" content=\"Premium 6 dali\u0173 rank\u0161luos\u010di\u0173 rinkinys 50x90 - turkija 100% medviln\u0117 4,99\" \/>\n<meta property=\"og:description\" content=\"6 rank\u0161luos\u010di\u0173 rinkinys, turki\u0161k\u0173 rank\u0161luos\u010di\u0173 rinkinys, pagamintas i\u0161 auk\u0161tos kokyb\u0117s medvilnin\u0117s med\u017eiagos, kurioje dera patogumas ir elegancija.\" \/>\n<meta property=\"og:url\" content=\"https:\/\/minubaltic.ee\/lt\/e-pood\/ranku-ir-veido-ranksluosciai\/premium-6-daliu-ranksluosciu-rinkinys-50x90\/\" \/>\n<meta property=\"article:publisher\" content=\"https:\/\/www.facebook.com\/minubaltic\" \/>\n<meta property=\"article:modified_time\" content=\"2024-09-23T16:42:33+00:00\" \/>\n<meta property=\"og:image\" content=\"https:\/\/minubaltic.ee\/wp-content\/uploads\/2024\/02\/trhavlu-1.jpg\" \/>\n\t<meta property=\"og:image:width\" content=\"650\" \/>\n\t<meta property=\"og:image:height\" content=\"650\" \/>\n\t<meta property=\"og:image:type\" content=\"image\/jpeg\" \/>\n<meta name=\"twitter:card\" content=\"summary_large_image\" \/>\n<meta name=\"twitter:label1\" content=\"Est. reading time\" \/>\n\t<meta name=\"twitter:data1\" content=\"1 minut\u0117\" \/>\n<script type=\"application\/ld+json\" class=\"yoast-schema-graph\">{\"@context\":\"https:\\\/\\\/schema.org\",\"@graph\":[{\"@type\":\"WebPage\",\"@id\":\"https:\\\/\\\/minubaltic.ee\\\/lt\\\/e-pood\\\/ranku-ir-veido-ranksluosciai\\\/premium-6-daliu-ranksluosciu-rinkinys-50x90\\\/\",\"url\":\"https:\\\/\\\/minubaltic.ee\\\/lt\\\/e-pood\\\/ranku-ir-veido-ranksluosciai\\\/premium-6-daliu-ranksluosciu-rinkinys-50x90\\\/\",\"name\":\"Premium 6 dali\u0173 rank\u0161luos\u010di\u0173 rinkinys 50x90 - turkija 100% medviln\u0117 4,99\",\"isPartOf\":{\"@id\":\"https:\\\/\\\/minubaltic.ee\\\/lt\\\/#website\"},\"primaryImageOfPage\":{\"@id\":\"https:\\\/\\\/minubaltic.ee\\\/lt\\\/e-pood\\\/ranku-ir-veido-ranksluosciai\\\/premium-6-daliu-ranksluosciu-rinkinys-50x90\\\/#primaryimage\"},\"image\":{\"@id\":\"https:\\\/\\\/minubaltic.ee\\\/lt\\\/e-pood\\\/ranku-ir-veido-ranksluosciai\\\/premium-6-daliu-ranksluosciu-rinkinys-50x90\\\/#primaryimage\"},\"thumbnailUrl\":\"https:\\\/\\\/minubaltic.ee\\\/wp-content\\\/uploads\\\/2024\\\/02\\\/trhavlu-1.jpg\",\"datePublished\":\"2024-02-05T17:38:48+00:00\",\"dateModified\":\"2024-09-23T16:42:33+00:00\",\"description\":\"6 rank\u0161luos\u010di\u0173 rinkinys, turki\u0161k\u0173 rank\u0161luos\u010di\u0173 rinkinys, pagamintas i\u0161 auk\u0161tos kokyb\u0117s medvilnin\u0117s med\u017eiagos, kurioje dera patogumas ir elegancija.\",\"breadcrumb\":{\"@id\":\"https:\\\/\\\/minubaltic.ee\\\/lt\\\/e-pood\\\/ranku-ir-veido-ranksluosciai\\\/premium-6-daliu-ranksluosciu-rinkinys-50x90\\\/#breadcrumb\"},\"inLanguage\":\"lt-LT\",\"potentialAction\":[{\"@type\":\"ReadAction\",\"target\":[\"https:\\\/\\\/minubaltic.ee\\\/lt\\\/e-pood\\\/ranku-ir-veido-ranksluosciai\\\/premium-6-daliu-ranksluosciu-rinkinys-50x90\\\/\"]}]},{\"@type\":\"ImageObject\",\"inLanguage\":\"lt-LT\",\"@id\":\"https:\\\/\\\/minubaltic.ee\\\/lt\\\/e-pood\\\/ranku-ir-veido-ranksluosciai\\\/premium-6-daliu-ranksluosciu-rinkinys-50x90\\\/#primaryimage\",\"url\":\"https:\\\/\\\/minubaltic.ee\\\/wp-content\\\/uploads\\\/2024\\\/02\\\/trhavlu-1.jpg\",\"contentUrl\":\"https:\\\/\\\/minubaltic.ee\\\/wp-content\\\/uploads\\\/2024\\\/02\\\/trhavlu-1.jpg\",\"width\":650,\"height\":650},{\"@type\":\"BreadcrumbList\",\"@id\":\"https:\\\/\\\/minubaltic.ee\\\/lt\\\/e-pood\\\/ranku-ir-veido-ranksluosciai\\\/premium-6-daliu-ranksluosciu-rinkinys-50x90\\\/#breadcrumb\",\"itemListElement\":[{\"@type\":\"ListItem\",\"position\":1,\"name\":\"Home\",\"item\":\"https:\\\/\\\/minubaltic.ee\\\/lt\\\/\"},{\"@type\":\"ListItem\",\"position\":2,\"name\":\"Parduotuv\u0117\",\"item\":\"https:\\\/\\\/minubaltic.ee\\\/lt\\\/parduotuve\\\/\"},{\"@type\":\"ListItem\",\"position\":3,\"name\":\"Premium 6 dali\u0173 rank\u0161luos\u010di\u0173 rinkinys 50&#215;90\"}]},{\"@type\":\"WebSite\",\"@id\":\"https:\\\/\\\/minubaltic.ee\\\/lt\\\/#website\",\"url\":\"https:\\\/\\\/minubaltic.ee\\\/lt\\\/\",\"name\":\"minubaltic.ee\",\"description\":\"\",\"publisher\":{\"@id\":\"https:\\\/\\\/minubaltic.ee\\\/lt\\\/#organization\"},\"potentialAction\":[{\"@type\":\"SearchAction\",\"target\":{\"@type\":\"EntryPoint\",\"urlTemplate\":\"https:\\\/\\\/minubaltic.ee\\\/lt\\\/?s={search_term_string}\"},\"query-input\":{\"@type\":\"PropertyValueSpecification\",\"valueRequired\":true,\"valueName\":\"search_term_string\"}}],\"inLanguage\":\"lt-LT\"},{\"@type\":\"Organization\",\"@id\":\"https:\\\/\\\/minubaltic.ee\\\/lt\\\/#organization\",\"name\":\"Minu Baltic O\u00dc\",\"url\":\"https:\\\/\\\/minubaltic.ee\\\/lt\\\/\",\"logo\":{\"@type\":\"ImageObject\",\"inLanguage\":\"lt-LT\",\"@id\":\"https:\\\/\\\/minubaltic.ee\\\/lt\\\/#\\\/schema\\\/logo\\\/image\\\/\",\"url\":\"https:\\\/\\\/minubaltic.ee\\\/wp-content\\\/uploads\\\/2023\\\/10\\\/cropped-cropped-cropped-logo.png\",\"contentUrl\":\"https:\\\/\\\/minubaltic.ee\\\/wp-content\\\/uploads\\\/2023\\\/10\\\/cropped-cropped-cropped-logo.png\",\"width\":500,\"height\":237,\"caption\":\"Minu Baltic O\u00dc\"},\"image\":{\"@id\":\"https:\\\/\\\/minubaltic.ee\\\/lt\\\/#\\\/schema\\\/logo\\\/image\\\/\"},\"sameAs\":[\"https:\\\/\\\/www.facebook.com\\\/minubaltic\"]}]}<\/script>\n<!-- \/ Yoast SEO plugin. -->","yoast_head_json":{"title":"Premium 6 dali\u0173 rank\u0161luos\u010di\u0173 rinkinys 50x90 - turkija 100% medviln\u0117 4,99","description":"6 rank\u0161luos\u010di\u0173 rinkinys, turki\u0161k\u0173 rank\u0161luos\u010di\u0173 rinkinys, pagamintas i\u0161 auk\u0161tos kokyb\u0117s medvilnin\u0117s med\u017eiagos, kurioje dera patogumas ir elegancija.","robots":{"index":"index","follow":"follow","max-snippet":"max-snippet:-1","max-image-preview":"max-image-preview:large","max-video-preview":"max-video-preview:-1"},"canonical":"https:\/\/minubaltic.ee\/lt\/e-pood\/ranku-ir-veido-ranksluosciai\/premium-6-daliu-ranksluosciu-rinkinys-50x90\/","og_locale":"lt_LT","og_type":"article","og_title":"Premium 6 dali\u0173 rank\u0161luos\u010di\u0173 rinkinys 50x90 - turkija 100% medviln\u0117 4,99","og_description":"6 rank\u0161luos\u010di\u0173 rinkinys, turki\u0161k\u0173 rank\u0161luos\u010di\u0173 rinkinys, pagamintas i\u0161 auk\u0161tos kokyb\u0117s medvilnin\u0117s med\u017eiagos, kurioje dera patogumas ir elegancija.","og_url":"https:\/\/minubaltic.ee\/lt\/e-pood\/ranku-ir-veido-ranksluosciai\/premium-6-daliu-ranksluosciu-rinkinys-50x90\/","article_publisher":"https:\/\/www.facebook.com\/minubaltic","article_modified_time":"2024-09-23T16:42:33+00:00","og_image":[{"width":650,"height":650,"url":"https:\/\/minubaltic.ee\/wp-content\/uploads\/2024\/02\/trhavlu-1.jpg","type":"image\/jpeg"}],"twitter_card":"summary_large_image","twitter_misc":{"Est. reading time":"1 minut\u0117"},"schema":{"@context":"https:\/\/schema.org","@graph":[{"@type":"WebPage","@id":"https:\/\/minubaltic.ee\/lt\/e-pood\/ranku-ir-veido-ranksluosciai\/premium-6-daliu-ranksluosciu-rinkinys-50x90\/","url":"https:\/\/minubaltic.ee\/lt\/e-pood\/ranku-ir-veido-ranksluosciai\/premium-6-daliu-ranksluosciu-rinkinys-50x90\/","name":"Premium 6 dali\u0173 rank\u0161luos\u010di\u0173 rinkinys 50x90 - turkija 100% medviln\u0117 4,99","isPartOf":{"@id":"https:\/\/minubaltic.ee\/lt\/#website"},"primaryImageOfPage":{"@id":"https:\/\/minubaltic.ee\/lt\/e-pood\/ranku-ir-veido-ranksluosciai\/premium-6-daliu-ranksluosciu-rinkinys-50x90\/#primaryimage"},"image":{"@id":"https:\/\/minubaltic.ee\/lt\/e-pood\/ranku-ir-veido-ranksluosciai\/premium-6-daliu-ranksluosciu-rinkinys-50x90\/#primaryimage"},"thumbnailUrl":"https:\/\/minubaltic.ee\/wp-content\/uploads\/2024\/02\/trhavlu-1.jpg","datePublished":"2024-02-05T17:38:48+00:00","dateModified":"2024-09-23T16:42:33+00:00","description":"6 rank\u0161luos\u010di\u0173 rinkinys, turki\u0161k\u0173 rank\u0161luos\u010di\u0173 rinkinys, pagamintas i\u0161 auk\u0161tos kokyb\u0117s medvilnin\u0117s med\u017eiagos, kurioje dera patogumas ir elegancija.","breadcrumb":{"@id":"https:\/\/minubaltic.ee\/lt\/e-pood\/ranku-ir-veido-ranksluosciai\/premium-6-daliu-ranksluosciu-rinkinys-50x90\/#breadcrumb"},"inLanguage":"lt-LT","potentialAction":[{"@type":"ReadAction","target":["https:\/\/minubaltic.ee\/lt\/e-pood\/ranku-ir-veido-ranksluosciai\/premium-6-daliu-ranksluosciu-rinkinys-50x90\/"]}]},{"@type":"ImageObject","inLanguage":"lt-LT","@id":"https:\/\/minubaltic.ee\/lt\/e-pood\/ranku-ir-veido-ranksluosciai\/premium-6-daliu-ranksluosciu-rinkinys-50x90\/#primaryimage","url":"https:\/\/minubaltic.ee\/wp-content\/uploads\/2024\/02\/trhavlu-1.jpg","contentUrl":"https:\/\/minubaltic.ee\/wp-content\/uploads\/2024\/02\/trhavlu-1.jpg","width":650,"height":650},{"@type":"BreadcrumbList","@id":"https:\/\/minubaltic.ee\/lt\/e-pood\/ranku-ir-veido-ranksluosciai\/premium-6-daliu-ranksluosciu-rinkinys-50x90\/#breadcrumb","itemListElement":[{"@type":"ListItem","position":1,"name":"Home","item":"https:\/\/minubaltic.ee\/lt\/"},{"@type":"ListItem","position":2,"name":"Parduotuv\u0117","item":"https:\/\/minubaltic.ee\/lt\/parduotuve\/"},{"@type":"ListItem","position":3,"name":"Premium 6 dali\u0173 rank\u0161luos\u010di\u0173 rinkinys 50&#215;90"}]},{"@type":"WebSite","@id":"https:\/\/minubaltic.ee\/lt\/#website","url":"https:\/\/minubaltic.ee\/lt\/","name":"minubaltic.ee","description":"","publisher":{"@id":"https:\/\/minubaltic.ee\/lt\/#organization"},"potentialAction":[{"@type":"SearchAction","target":{"@type":"EntryPoint","urlTemplate":"https:\/\/minubaltic.ee\/lt\/?s={search_term_string}"},"query-input":{"@type":"PropertyValueSpecification","valueRequired":true,"valueName":"search_term_string"}}],"inLanguage":"lt-LT"},{"@type":"Organization","@id":"https:\/\/minubaltic.ee\/lt\/#organization","name":"Minu Baltic O\u00dc","url":"https:\/\/minubaltic.ee\/lt\/","logo":{"@type":"ImageObject","inLanguage":"lt-LT","@id":"https:\/\/minubaltic.ee\/lt\/#\/schema\/logo\/image\/","url":"https:\/\/minubaltic.ee\/wp-content\/uploads\/2023\/10\/cropped-cropped-cropped-logo.png","contentUrl":"https:\/\/minubaltic.ee\/wp-content\/uploads\/2023\/10\/cropped-cropped-cropped-logo.png","width":500,"height":237,"caption":"Minu Baltic O\u00dc"},"image":{"@id":"https:\/\/minubaltic.ee\/lt\/#\/schema\/logo\/image\/"},"sameAs":["https:\/\/www.facebook.com\/minubaltic"]}]}},"_links":{"self":[{"href":"https:\/\/minubaltic.ee\/lt\/wp-json\/wp\/v2\/product\/23548","targetHints":{"allow":["GET"]}}],"collection":[{"href":"https:\/\/minubaltic.ee\/lt\/wp-json\/wp\/v2\/product"}],"about":[{"href":"https:\/\/minubaltic.ee\/lt\/wp-json\/wp\/v2\/types\/product"}],"replies":[{"embeddable":true,"href":"https:\/\/minubaltic.ee\/lt\/wp-json\/wp\/v2\/comments?post=23548"}],"version-history":[{"count":0,"href":"https:\/\/minubaltic.ee\/lt\/wp-json\/wp\/v2\/product\/23548\/revisions"}],"wp:featuredmedia":[{"embeddable":true,"href":"https:\/\/minubaltic.ee\/lt\/wp-json\/wp\/v2\/media\/23549"}],"wp:attachment":[{"href":"https:\/\/minubaltic.ee\/lt\/wp-json\/wp\/v2\/media?parent=23548"}],"wp:term":[{"taxonomy":"product_brand","embeddable":true,"href":"https:\/\/minubaltic.ee\/lt\/wp-json\/wp\/v2\/product_brand?post=23548"},{"taxonomy":"product_cat","embeddable":true,"href":"https:\/\/minubaltic.ee\/lt\/wp-json\/wp\/v2\/product_cat?post=23548"},{"taxonomy":"product_tag","embeddable":true,"href":"https:\/\/minubaltic.ee\/lt\/wp-json\/wp\/v2\/product_tag?post=23548"}],"curies":[{"name":"wp","href":"https:\/\/api.w.org\/{rel}","templated":true}]}}