{"id":23517,"date":"2024-02-10T18:23:14","date_gmt":"2024-02-10T15:23:14","guid":{"rendered":"https:\/\/minubaltic.ee\/e-pood\/maaratlemata\/rinkinys-moterims-ir-vyrams-meile\/"},"modified":"2024-02-10T18:23:14","modified_gmt":"2024-02-10T15:23:14","slug":"rinkinys-moterims-ir-vyrams-meile","status":"publish","type":"product","link":"https:\/\/minubaltic.ee\/lt\/e-pood\/priedai\/rinkinys-moterims-ir-vyrams-meile\/","title":{"rendered":"Rinkinys moterims ir vyrams (meil\u0117)"},"content":{"rendered":"<p>Laikrod\u017eio dir\u017eelio ilgis ma\u017edaug: 240 mm<br \/>\nLaikrod\u017eio dir\u017eelio plotis ma\u017edaug 10 mm<br \/>\nLaikrod\u017eio korpuso skersmuo ma\u017edaug 38 mm<br \/>\nLaikrod\u017eio korpuso storis: apie 8 mm<br \/>\nKomplekte: 2 x laikrodis<br \/>\nLaikrod\u017eio d\u0117klas ne\u012ftrauktas \u012f komplekt\u0105<\/p>\n","protected":false},"excerpt":{"rendered":"<p>I\u0161laisvinkite savo stili\u0173 su naujos kartos laikrod\u017eiu! Kiekvien\u0105 akimirk\u0105 spinduliuokite ir pasitik\u0117kite savimi d\u0117v\u0117dami elegancij\u0105 ir kokyb\u0119 simbolizuojant\u012f laikrod\u012f. Laikrod\u017ei\u0173 kolekcijoje rasite ko nors kiekvienam skoniui ir stiliui &#8211; nuo minimalistinio ir \u0161varaus dizaino iki modeli\u0173 su \u012fmantriomis detal\u0117mis ir \u017e\u0117rin\u010diais kristalais.<br \/>\nLaikrod\u017eiai sukurti taip, kad atitikt\u0173 aktyvi\u0173 ir ambicing\u0173 \u017emoni\u0173, norin\u010di\u0173 i\u0161reik\u0161ti savo individualum\u0105 elegancija ir stiliumi, l\u016bkes\u010dius.<br \/>\nRankiniai laikrod\u017eiai yra daugiau nei tik laikrodis &#8211; tai unikal\u016bs ir ak\u012f traukiantys aksesuarai, kurie papildo j\u016bs\u0173 kasdien\u012f stili\u0173 ir leid\u017eia atrodyti gra\u017eiai bei nepaprastai.<\/p>\n","protected":false},"featured_media":23518,"comment_status":"open","ping_status":"closed","template":"","meta":[],"product_brand":[],"product_cat":[533,529],"product_tag":[558],"class_list":{"0":"post-23517","1":"product","2":"type-product","3":"status-publish","4":"has-post-thumbnail","6":"product_cat-laikrodziai","7":"product_cat-priedai","8":"product_tag-e-parduotuve","10":"first","11":"instock","12":"shipping-taxable","13":"purchasable","14":"product-type-simple"},"yoast_head":"<!-- This site is optimized with the Yoast SEO plugin v27.3 - https:\/\/yoast.com\/product\/yoast-seo-wordpress\/ -->\n<title>Rinkinys moterims ir vyrams (meil\u0117) - Gera kaina 4,4\u20ac<\/title>\n<meta name=\"description\" content=\"Specialiai atrinkta kolekcija laikrod\u017ei\u0173 entuziastams. Rinkit\u0117s i\u0161 naujausi\u0173 vyri\u0161k\u0173 ir moteri\u0161k\u0173 laikrod\u017ei\u0173 modeli\u0173, tinkan\u010di\u0173 j\u016bs\u0173 stiliui.\" \/>\n<meta name=\"robots\" content=\"index, follow, max-snippet:-1, max-image-preview:large, max-video-preview:-1\" \/>\n<link rel=\"canonical\" href=\"https:\/\/minubaltic.ee\/lt\/e-pood\/priedai\/rinkinys-moterims-ir-vyrams-meile\/\" \/>\n<meta property=\"og:locale\" content=\"lt_LT\" \/>\n<meta property=\"og:type\" content=\"article\" \/>\n<meta property=\"og:title\" content=\"Rinkinys moterims ir vyrams (meil\u0117) - Gera kaina 4,4\u20ac\" \/>\n<meta property=\"og:description\" content=\"Specialiai atrinkta kolekcija laikrod\u017ei\u0173 entuziastams. Rinkit\u0117s i\u0161 naujausi\u0173 vyri\u0161k\u0173 ir moteri\u0161k\u0173 laikrod\u017ei\u0173 modeli\u0173, tinkan\u010di\u0173 j\u016bs\u0173 stiliui.\" \/>\n<meta property=\"og:url\" content=\"https:\/\/minubaltic.ee\/lt\/e-pood\/priedai\/rinkinys-moterims-ir-vyrams-meile\/\" \/>\n<meta property=\"article:publisher\" content=\"https:\/\/www.facebook.com\/minubaltic\" \/>\n<meta property=\"og:image\" content=\"https:\/\/minubaltic.ee\/wp-content\/uploads\/2024\/02\/h-35.jpg\" \/>\n\t<meta property=\"og:image:width\" content=\"500\" \/>\n\t<meta property=\"og:image:height\" content=\"500\" \/>\n\t<meta property=\"og:image:type\" content=\"image\/jpeg\" \/>\n<meta name=\"twitter:card\" content=\"summary_large_image\" \/>\n<script type=\"application\/ld+json\" class=\"yoast-schema-graph\">{\"@context\":\"https:\\\/\\\/schema.org\",\"@graph\":[{\"@type\":\"WebPage\",\"@id\":\"https:\\\/\\\/minubaltic.ee\\\/lt\\\/e-pood\\\/priedai\\\/rinkinys-moterims-ir-vyrams-meile\\\/\",\"url\":\"https:\\\/\\\/minubaltic.ee\\\/lt\\\/e-pood\\\/priedai\\\/rinkinys-moterims-ir-vyrams-meile\\\/\",\"name\":\"Rinkinys moterims ir vyrams (meil\u0117) - Gera kaina 4,4\u20ac\",\"isPartOf\":{\"@id\":\"https:\\\/\\\/minubaltic.ee\\\/lt\\\/#website\"},\"primaryImageOfPage\":{\"@id\":\"https:\\\/\\\/minubaltic.ee\\\/lt\\\/e-pood\\\/priedai\\\/rinkinys-moterims-ir-vyrams-meile\\\/#primaryimage\"},\"image\":{\"@id\":\"https:\\\/\\\/minubaltic.ee\\\/lt\\\/e-pood\\\/priedai\\\/rinkinys-moterims-ir-vyrams-meile\\\/#primaryimage\"},\"thumbnailUrl\":\"https:\\\/\\\/minubaltic.ee\\\/wp-content\\\/uploads\\\/2024\\\/02\\\/h-35.jpg\",\"datePublished\":\"2024-02-10T15:23:14+00:00\",\"description\":\"Specialiai atrinkta kolekcija laikrod\u017ei\u0173 entuziastams. Rinkit\u0117s i\u0161 naujausi\u0173 vyri\u0161k\u0173 ir moteri\u0161k\u0173 laikrod\u017ei\u0173 modeli\u0173, tinkan\u010di\u0173 j\u016bs\u0173 stiliui.\",\"breadcrumb\":{\"@id\":\"https:\\\/\\\/minubaltic.ee\\\/lt\\\/e-pood\\\/priedai\\\/rinkinys-moterims-ir-vyrams-meile\\\/#breadcrumb\"},\"inLanguage\":\"lt-LT\",\"potentialAction\":[{\"@type\":\"ReadAction\",\"target\":[\"https:\\\/\\\/minubaltic.ee\\\/lt\\\/e-pood\\\/priedai\\\/rinkinys-moterims-ir-vyrams-meile\\\/\"]}]},{\"@type\":\"ImageObject\",\"inLanguage\":\"lt-LT\",\"@id\":\"https:\\\/\\\/minubaltic.ee\\\/lt\\\/e-pood\\\/priedai\\\/rinkinys-moterims-ir-vyrams-meile\\\/#primaryimage\",\"url\":\"https:\\\/\\\/minubaltic.ee\\\/wp-content\\\/uploads\\\/2024\\\/02\\\/h-35.jpg\",\"contentUrl\":\"https:\\\/\\\/minubaltic.ee\\\/wp-content\\\/uploads\\\/2024\\\/02\\\/h-35.jpg\",\"width\":500,\"height\":500},{\"@type\":\"BreadcrumbList\",\"@id\":\"https:\\\/\\\/minubaltic.ee\\\/lt\\\/e-pood\\\/priedai\\\/rinkinys-moterims-ir-vyrams-meile\\\/#breadcrumb\",\"itemListElement\":[{\"@type\":\"ListItem\",\"position\":1,\"name\":\"Home\",\"item\":\"https:\\\/\\\/minubaltic.ee\\\/lt\\\/\"},{\"@type\":\"ListItem\",\"position\":2,\"name\":\"Parduotuv\u0117\",\"item\":\"https:\\\/\\\/minubaltic.ee\\\/lt\\\/parduotuve\\\/\"},{\"@type\":\"ListItem\",\"position\":3,\"name\":\"Rinkinys moterims ir vyrams (meil\u0117)\"}]},{\"@type\":\"WebSite\",\"@id\":\"https:\\\/\\\/minubaltic.ee\\\/lt\\\/#website\",\"url\":\"https:\\\/\\\/minubaltic.ee\\\/lt\\\/\",\"name\":\"minubaltic.ee\",\"description\":\"\",\"publisher\":{\"@id\":\"https:\\\/\\\/minubaltic.ee\\\/lt\\\/#organization\"},\"potentialAction\":[{\"@type\":\"SearchAction\",\"target\":{\"@type\":\"EntryPoint\",\"urlTemplate\":\"https:\\\/\\\/minubaltic.ee\\\/lt\\\/?s={search_term_string}\"},\"query-input\":{\"@type\":\"PropertyValueSpecification\",\"valueRequired\":true,\"valueName\":\"search_term_string\"}}],\"inLanguage\":\"lt-LT\"},{\"@type\":\"Organization\",\"@id\":\"https:\\\/\\\/minubaltic.ee\\\/lt\\\/#organization\",\"name\":\"Minu Baltic O\u00dc\",\"url\":\"https:\\\/\\\/minubaltic.ee\\\/lt\\\/\",\"logo\":{\"@type\":\"ImageObject\",\"inLanguage\":\"lt-LT\",\"@id\":\"https:\\\/\\\/minubaltic.ee\\\/lt\\\/#\\\/schema\\\/logo\\\/image\\\/\",\"url\":\"https:\\\/\\\/minubaltic.ee\\\/wp-content\\\/uploads\\\/2023\\\/10\\\/cropped-cropped-cropped-logo.png\",\"contentUrl\":\"https:\\\/\\\/minubaltic.ee\\\/wp-content\\\/uploads\\\/2023\\\/10\\\/cropped-cropped-cropped-logo.png\",\"width\":500,\"height\":237,\"caption\":\"Minu Baltic O\u00dc\"},\"image\":{\"@id\":\"https:\\\/\\\/minubaltic.ee\\\/lt\\\/#\\\/schema\\\/logo\\\/image\\\/\"},\"sameAs\":[\"https:\\\/\\\/www.facebook.com\\\/minubaltic\"]}]}<\/script>\n<!-- \/ Yoast SEO plugin. -->","yoast_head_json":{"title":"Rinkinys moterims ir vyrams (meil\u0117) - Gera kaina 4,4\u20ac","description":"Specialiai atrinkta kolekcija laikrod\u017ei\u0173 entuziastams. Rinkit\u0117s i\u0161 naujausi\u0173 vyri\u0161k\u0173 ir moteri\u0161k\u0173 laikrod\u017ei\u0173 modeli\u0173, tinkan\u010di\u0173 j\u016bs\u0173 stiliui.","robots":{"index":"index","follow":"follow","max-snippet":"max-snippet:-1","max-image-preview":"max-image-preview:large","max-video-preview":"max-video-preview:-1"},"canonical":"https:\/\/minubaltic.ee\/lt\/e-pood\/priedai\/rinkinys-moterims-ir-vyrams-meile\/","og_locale":"lt_LT","og_type":"article","og_title":"Rinkinys moterims ir vyrams (meil\u0117) - Gera kaina 4,4\u20ac","og_description":"Specialiai atrinkta kolekcija laikrod\u017ei\u0173 entuziastams. Rinkit\u0117s i\u0161 naujausi\u0173 vyri\u0161k\u0173 ir moteri\u0161k\u0173 laikrod\u017ei\u0173 modeli\u0173, tinkan\u010di\u0173 j\u016bs\u0173 stiliui.","og_url":"https:\/\/minubaltic.ee\/lt\/e-pood\/priedai\/rinkinys-moterims-ir-vyrams-meile\/","article_publisher":"https:\/\/www.facebook.com\/minubaltic","og_image":[{"width":500,"height":500,"url":"https:\/\/minubaltic.ee\/wp-content\/uploads\/2024\/02\/h-35.jpg","type":"image\/jpeg"}],"twitter_card":"summary_large_image","schema":{"@context":"https:\/\/schema.org","@graph":[{"@type":"WebPage","@id":"https:\/\/minubaltic.ee\/lt\/e-pood\/priedai\/rinkinys-moterims-ir-vyrams-meile\/","url":"https:\/\/minubaltic.ee\/lt\/e-pood\/priedai\/rinkinys-moterims-ir-vyrams-meile\/","name":"Rinkinys moterims ir vyrams (meil\u0117) - Gera kaina 4,4\u20ac","isPartOf":{"@id":"https:\/\/minubaltic.ee\/lt\/#website"},"primaryImageOfPage":{"@id":"https:\/\/minubaltic.ee\/lt\/e-pood\/priedai\/rinkinys-moterims-ir-vyrams-meile\/#primaryimage"},"image":{"@id":"https:\/\/minubaltic.ee\/lt\/e-pood\/priedai\/rinkinys-moterims-ir-vyrams-meile\/#primaryimage"},"thumbnailUrl":"https:\/\/minubaltic.ee\/wp-content\/uploads\/2024\/02\/h-35.jpg","datePublished":"2024-02-10T15:23:14+00:00","description":"Specialiai atrinkta kolekcija laikrod\u017ei\u0173 entuziastams. Rinkit\u0117s i\u0161 naujausi\u0173 vyri\u0161k\u0173 ir moteri\u0161k\u0173 laikrod\u017ei\u0173 modeli\u0173, tinkan\u010di\u0173 j\u016bs\u0173 stiliui.","breadcrumb":{"@id":"https:\/\/minubaltic.ee\/lt\/e-pood\/priedai\/rinkinys-moterims-ir-vyrams-meile\/#breadcrumb"},"inLanguage":"lt-LT","potentialAction":[{"@type":"ReadAction","target":["https:\/\/minubaltic.ee\/lt\/e-pood\/priedai\/rinkinys-moterims-ir-vyrams-meile\/"]}]},{"@type":"ImageObject","inLanguage":"lt-LT","@id":"https:\/\/minubaltic.ee\/lt\/e-pood\/priedai\/rinkinys-moterims-ir-vyrams-meile\/#primaryimage","url":"https:\/\/minubaltic.ee\/wp-content\/uploads\/2024\/02\/h-35.jpg","contentUrl":"https:\/\/minubaltic.ee\/wp-content\/uploads\/2024\/02\/h-35.jpg","width":500,"height":500},{"@type":"BreadcrumbList","@id":"https:\/\/minubaltic.ee\/lt\/e-pood\/priedai\/rinkinys-moterims-ir-vyrams-meile\/#breadcrumb","itemListElement":[{"@type":"ListItem","position":1,"name":"Home","item":"https:\/\/minubaltic.ee\/lt\/"},{"@type":"ListItem","position":2,"name":"Parduotuv\u0117","item":"https:\/\/minubaltic.ee\/lt\/parduotuve\/"},{"@type":"ListItem","position":3,"name":"Rinkinys moterims ir vyrams (meil\u0117)"}]},{"@type":"WebSite","@id":"https:\/\/minubaltic.ee\/lt\/#website","url":"https:\/\/minubaltic.ee\/lt\/","name":"minubaltic.ee","description":"","publisher":{"@id":"https:\/\/minubaltic.ee\/lt\/#organization"},"potentialAction":[{"@type":"SearchAction","target":{"@type":"EntryPoint","urlTemplate":"https:\/\/minubaltic.ee\/lt\/?s={search_term_string}"},"query-input":{"@type":"PropertyValueSpecification","valueRequired":true,"valueName":"search_term_string"}}],"inLanguage":"lt-LT"},{"@type":"Organization","@id":"https:\/\/minubaltic.ee\/lt\/#organization","name":"Minu Baltic O\u00dc","url":"https:\/\/minubaltic.ee\/lt\/","logo":{"@type":"ImageObject","inLanguage":"lt-LT","@id":"https:\/\/minubaltic.ee\/lt\/#\/schema\/logo\/image\/","url":"https:\/\/minubaltic.ee\/wp-content\/uploads\/2023\/10\/cropped-cropped-cropped-logo.png","contentUrl":"https:\/\/minubaltic.ee\/wp-content\/uploads\/2023\/10\/cropped-cropped-cropped-logo.png","width":500,"height":237,"caption":"Minu Baltic O\u00dc"},"image":{"@id":"https:\/\/minubaltic.ee\/lt\/#\/schema\/logo\/image\/"},"sameAs":["https:\/\/www.facebook.com\/minubaltic"]}]}},"_links":{"self":[{"href":"https:\/\/minubaltic.ee\/lt\/wp-json\/wp\/v2\/product\/23517","targetHints":{"allow":["GET"]}}],"collection":[{"href":"https:\/\/minubaltic.ee\/lt\/wp-json\/wp\/v2\/product"}],"about":[{"href":"https:\/\/minubaltic.ee\/lt\/wp-json\/wp\/v2\/types\/product"}],"replies":[{"embeddable":true,"href":"https:\/\/minubaltic.ee\/lt\/wp-json\/wp\/v2\/comments?post=23517"}],"version-history":[{"count":0,"href":"https:\/\/minubaltic.ee\/lt\/wp-json\/wp\/v2\/product\/23517\/revisions"}],"wp:featuredmedia":[{"embeddable":true,"href":"https:\/\/minubaltic.ee\/lt\/wp-json\/wp\/v2\/media\/23518"}],"wp:attachment":[{"href":"https:\/\/minubaltic.ee\/lt\/wp-json\/wp\/v2\/media?parent=23517"}],"wp:term":[{"taxonomy":"product_brand","embeddable":true,"href":"https:\/\/minubaltic.ee\/lt\/wp-json\/wp\/v2\/product_brand?post=23517"},{"taxonomy":"product_cat","embeddable":true,"href":"https:\/\/minubaltic.ee\/lt\/wp-json\/wp\/v2\/product_cat?post=23517"},{"taxonomy":"product_tag","embeddable":true,"href":"https:\/\/minubaltic.ee\/lt\/wp-json\/wp\/v2\/product_tag?post=23517"}],"curies":[{"name":"wp","href":"https:\/\/api.w.org\/{rel}","templated":true}]}}