{"id":23488,"date":"2024-02-23T20:04:08","date_gmt":"2024-02-23T17:04:08","guid":{"rendered":"https:\/\/minubaltic.ee\/e-pood\/be-kategorijos\/dvisluoksne-antklode-200x230-2\/"},"modified":"2024-06-08T13:56:38","modified_gmt":"2024-06-08T10:56:38","slug":"dvisluoksne-antklode-200x230-2","status":"publish","type":"product","link":"https:\/\/minubaltic.ee\/lt\/e-pood\/raschel-antklodes\/raschel-antklodes-200-230\/dvisluoksne-antklode-200x230-2\/","title":{"rendered":"Dvisluoksn\u0117 antklod\u0117 200\u00d7230"},"content":{"rendered":"<p>\u2605Dvipus\u0117s, mink\u0161tos ir kokybi\u0161kos antklod\u0117s yra b\u016btent tos, kurios suteikia maksimal\u0173 komfort\u0105 ir \u0161ilum\u0105. \u0160i\u0173 antklod\u017ei\u0173 viena pus\u0117 yra i\u0161 tam tikro ra\u0161tuoto audinio arba spalvos, o kita &#8211; i\u0161 kito ra\u0161tuoto audinio arba spalvos.<br \/>\n\u2605\u0160ios antklod\u0117s pagamintos i\u0161 auk\u0161tos kokyb\u0117s med\u017eiagos, mink\u0161tos ir patvarios. \u0160ios antklod\u0117s u\u017etikrina geresn\u0119 izoliacij\u0105 ir i\u0161laiko \u0161ilum\u0105 net \u0161al\u010diausiomis naktimis. Be to, jie taip pat yra gra\u017eaus ir eleganti\u0161ko dizaino, kuris suteikia kambariui prabangos ir jaukumo.<br \/>\n\u2605 Mink\u0161tos dvipus\u0117s antklod\u0117s yra puik\u016bs palydovai atsipalaidavimo akimirkoms ant sofos ar lovoje ir neabejotinai padeda gerai i\u0161simiegoti. Naudodami \u0161ias paklodes galite greitai ir lengvai pakeisti kambar\u012f pagal norim\u0105 stili\u0173 ar spalvas.<\/p>\n","protected":false},"excerpt":{"rendered":"<p>\u2605 Mink\u0161tas ir draugi\u0161kas odai.<br \/>\n\u2605 Galima skalbti skalbimo ma\u0161inoje \/ skalbti rankomis \/ nebalinti \/ nelyginti \/ nevalyti sausuoju b\u016bdu.<br \/>\n\u2605 I\u0161matavimai: 200&#215;230 cm<br \/>\n\u2605 Svoris: 3,5 kg<\/p>\n","protected":false},"featured_media":23489,"comment_status":"open","ping_status":"closed","template":"","meta":[],"product_brand":[],"product_cat":[549,551,540,743],"product_tag":[563,562,557,558,559,564],"class_list":{"0":"post-23488","1":"product","2":"type-product","3":"status-publish","4":"has-post-thumbnail","6":"product_cat-antklodes","7":"product_cat-antklodes-200-230","8":"product_cat-raschel-antklodes","9":"product_cat-raschel-antklodes-200-230","10":"product_tag-antklode","11":"product_tag-antklodes","12":"product_tag-apsipirkti-el","13":"product_tag-e-parduotuve","14":"product_tag-namu-tekstile","15":"product_tag-tekstile","17":"first","18":"instock","19":"sale","20":"shipping-taxable","21":"purchasable","22":"product-type-simple"},"yoast_head":"<!-- This site is optimized with the Yoast SEO plugin v27.3 - https:\/\/yoast.com\/product\/yoast-seo-wordpress\/ -->\n<title>Dvisluoksn\u0117 antklod\u0117 200\u00d7230 - Antklod\u0117s, Antklod\u0117s, \u0160iltos antklod\u0117s, Antklod\u017ei\u0173 pardavimas<\/title>\n<meta name=\"description\" content=\"Antklod\u0117s, \u012evairi\u0173 dyd\u017ei\u0173 antklod\u0117s, Antklod\u0117s visiems met\u0173 laikams, Antklod\u0117s kiekvienai progai, Antklod\u0117s pirkimas, Antklod\u0117s, Prabang\u016bs antklod\u0117s, \u0160iltos antklod\u0117s, Stilingi namai, Miegamojo apstatymas\" \/>\n<meta name=\"robots\" content=\"index, follow, max-snippet:-1, max-image-preview:large, max-video-preview:-1\" \/>\n<link rel=\"canonical\" href=\"https:\/\/minubaltic.ee\/lt\/e-pood\/raschel-antklodes\/raschel-antklodes-200-230\/dvisluoksne-antklode-200x230-2\/\" \/>\n<meta property=\"og:locale\" content=\"lt_LT\" \/>\n<meta property=\"og:type\" content=\"article\" \/>\n<meta property=\"og:title\" content=\"Dvisluoksn\u0117 antklod\u0117 200\u00d7230 - Antklod\u0117s, Antklod\u0117s, \u0160iltos antklod\u0117s, Antklod\u017ei\u0173 pardavimas\" \/>\n<meta property=\"og:description\" content=\"Antklod\u0117s, \u012evairi\u0173 dyd\u017ei\u0173 antklod\u0117s, Antklod\u0117s visiems met\u0173 laikams, Antklod\u0117s kiekvienai progai, Antklod\u0117s pirkimas, Antklod\u0117s, Prabang\u016bs antklod\u0117s, \u0160iltos antklod\u0117s, Stilingi namai, Miegamojo apstatymas\" \/>\n<meta property=\"og:url\" content=\"https:\/\/minubaltic.ee\/lt\/e-pood\/raschel-antklodes\/raschel-antklodes-200-230\/dvisluoksne-antklode-200x230-2\/\" \/>\n<meta property=\"article:publisher\" content=\"https:\/\/www.facebook.com\/minubaltic\" \/>\n<meta property=\"article:modified_time\" content=\"2024-06-08T10:56:38+00:00\" \/>\n<meta property=\"og:image\" content=\"https:\/\/minubaltic.ee\/wp-content\/uploads\/2024\/02\/raschel24-6.jpg\" \/>\n\t<meta property=\"og:image:width\" content=\"640\" \/>\n\t<meta property=\"og:image:height\" content=\"640\" \/>\n\t<meta property=\"og:image:type\" content=\"image\/jpeg\" \/>\n<meta name=\"twitter:card\" content=\"summary_large_image\" \/>\n<meta name=\"twitter:label1\" content=\"Est. reading time\" \/>\n\t<meta name=\"twitter:data1\" content=\"1 minut\u0117\" \/>\n<script type=\"application\/ld+json\" class=\"yoast-schema-graph\">{\"@context\":\"https:\\\/\\\/schema.org\",\"@graph\":[{\"@type\":\"WebPage\",\"@id\":\"https:\\\/\\\/minubaltic.ee\\\/lt\\\/e-pood\\\/raschel-antklodes\\\/raschel-antklodes-200-230\\\/dvisluoksne-antklode-200x230-2\\\/\",\"url\":\"https:\\\/\\\/minubaltic.ee\\\/lt\\\/e-pood\\\/raschel-antklodes\\\/raschel-antklodes-200-230\\\/dvisluoksne-antklode-200x230-2\\\/\",\"name\":\"Dvisluoksn\u0117 antklod\u0117 200\u00d7230 - Antklod\u0117s, Antklod\u0117s, \u0160iltos antklod\u0117s, Antklod\u017ei\u0173 pardavimas\",\"isPartOf\":{\"@id\":\"https:\\\/\\\/minubaltic.ee\\\/lt\\\/#website\"},\"primaryImageOfPage\":{\"@id\":\"https:\\\/\\\/minubaltic.ee\\\/lt\\\/e-pood\\\/raschel-antklodes\\\/raschel-antklodes-200-230\\\/dvisluoksne-antklode-200x230-2\\\/#primaryimage\"},\"image\":{\"@id\":\"https:\\\/\\\/minubaltic.ee\\\/lt\\\/e-pood\\\/raschel-antklodes\\\/raschel-antklodes-200-230\\\/dvisluoksne-antklode-200x230-2\\\/#primaryimage\"},\"thumbnailUrl\":\"https:\\\/\\\/minubaltic.ee\\\/wp-content\\\/uploads\\\/2024\\\/02\\\/raschel24-6.jpg\",\"datePublished\":\"2024-02-23T17:04:08+00:00\",\"dateModified\":\"2024-06-08T10:56:38+00:00\",\"description\":\"Antklod\u0117s, \u012evairi\u0173 dyd\u017ei\u0173 antklod\u0117s, Antklod\u0117s visiems met\u0173 laikams, Antklod\u0117s kiekvienai progai, Antklod\u0117s pirkimas, Antklod\u0117s, Prabang\u016bs antklod\u0117s, \u0160iltos antklod\u0117s, Stilingi namai, Miegamojo apstatymas\",\"breadcrumb\":{\"@id\":\"https:\\\/\\\/minubaltic.ee\\\/lt\\\/e-pood\\\/raschel-antklodes\\\/raschel-antklodes-200-230\\\/dvisluoksne-antklode-200x230-2\\\/#breadcrumb\"},\"inLanguage\":\"lt-LT\",\"potentialAction\":[{\"@type\":\"ReadAction\",\"target\":[\"https:\\\/\\\/minubaltic.ee\\\/lt\\\/e-pood\\\/raschel-antklodes\\\/raschel-antklodes-200-230\\\/dvisluoksne-antklode-200x230-2\\\/\"]}]},{\"@type\":\"ImageObject\",\"inLanguage\":\"lt-LT\",\"@id\":\"https:\\\/\\\/minubaltic.ee\\\/lt\\\/e-pood\\\/raschel-antklodes\\\/raschel-antklodes-200-230\\\/dvisluoksne-antklode-200x230-2\\\/#primaryimage\",\"url\":\"https:\\\/\\\/minubaltic.ee\\\/wp-content\\\/uploads\\\/2024\\\/02\\\/raschel24-6.jpg\",\"contentUrl\":\"https:\\\/\\\/minubaltic.ee\\\/wp-content\\\/uploads\\\/2024\\\/02\\\/raschel24-6.jpg\",\"width\":640,\"height\":640},{\"@type\":\"BreadcrumbList\",\"@id\":\"https:\\\/\\\/minubaltic.ee\\\/lt\\\/e-pood\\\/raschel-antklodes\\\/raschel-antklodes-200-230\\\/dvisluoksne-antklode-200x230-2\\\/#breadcrumb\",\"itemListElement\":[{\"@type\":\"ListItem\",\"position\":1,\"name\":\"Home\",\"item\":\"https:\\\/\\\/minubaltic.ee\\\/lt\\\/\"},{\"@type\":\"ListItem\",\"position\":2,\"name\":\"Parduotuv\u0117\",\"item\":\"https:\\\/\\\/minubaltic.ee\\\/lt\\\/parduotuve\\\/\"},{\"@type\":\"ListItem\",\"position\":3,\"name\":\"Dvisluoksn\u0117 antklod\u0117 200\u00d7230\"}]},{\"@type\":\"WebSite\",\"@id\":\"https:\\\/\\\/minubaltic.ee\\\/lt\\\/#website\",\"url\":\"https:\\\/\\\/minubaltic.ee\\\/lt\\\/\",\"name\":\"minubaltic.ee\",\"description\":\"\",\"publisher\":{\"@id\":\"https:\\\/\\\/minubaltic.ee\\\/lt\\\/#organization\"},\"potentialAction\":[{\"@type\":\"SearchAction\",\"target\":{\"@type\":\"EntryPoint\",\"urlTemplate\":\"https:\\\/\\\/minubaltic.ee\\\/lt\\\/?s={search_term_string}\"},\"query-input\":{\"@type\":\"PropertyValueSpecification\",\"valueRequired\":true,\"valueName\":\"search_term_string\"}}],\"inLanguage\":\"lt-LT\"},{\"@type\":\"Organization\",\"@id\":\"https:\\\/\\\/minubaltic.ee\\\/lt\\\/#organization\",\"name\":\"Minu Baltic O\u00dc\",\"url\":\"https:\\\/\\\/minubaltic.ee\\\/lt\\\/\",\"logo\":{\"@type\":\"ImageObject\",\"inLanguage\":\"lt-LT\",\"@id\":\"https:\\\/\\\/minubaltic.ee\\\/lt\\\/#\\\/schema\\\/logo\\\/image\\\/\",\"url\":\"https:\\\/\\\/minubaltic.ee\\\/wp-content\\\/uploads\\\/2023\\\/10\\\/cropped-cropped-cropped-logo.png\",\"contentUrl\":\"https:\\\/\\\/minubaltic.ee\\\/wp-content\\\/uploads\\\/2023\\\/10\\\/cropped-cropped-cropped-logo.png\",\"width\":500,\"height\":237,\"caption\":\"Minu Baltic O\u00dc\"},\"image\":{\"@id\":\"https:\\\/\\\/minubaltic.ee\\\/lt\\\/#\\\/schema\\\/logo\\\/image\\\/\"},\"sameAs\":[\"https:\\\/\\\/www.facebook.com\\\/minubaltic\"]}]}<\/script>\n<!-- \/ Yoast SEO plugin. -->","yoast_head_json":{"title":"Dvisluoksn\u0117 antklod\u0117 200\u00d7230 - Antklod\u0117s, Antklod\u0117s, \u0160iltos antklod\u0117s, Antklod\u017ei\u0173 pardavimas","description":"Antklod\u0117s, \u012evairi\u0173 dyd\u017ei\u0173 antklod\u0117s, Antklod\u0117s visiems met\u0173 laikams, Antklod\u0117s kiekvienai progai, Antklod\u0117s pirkimas, Antklod\u0117s, Prabang\u016bs antklod\u0117s, \u0160iltos antklod\u0117s, Stilingi namai, Miegamojo apstatymas","robots":{"index":"index","follow":"follow","max-snippet":"max-snippet:-1","max-image-preview":"max-image-preview:large","max-video-preview":"max-video-preview:-1"},"canonical":"https:\/\/minubaltic.ee\/lt\/e-pood\/raschel-antklodes\/raschel-antklodes-200-230\/dvisluoksne-antklode-200x230-2\/","og_locale":"lt_LT","og_type":"article","og_title":"Dvisluoksn\u0117 antklod\u0117 200\u00d7230 - Antklod\u0117s, Antklod\u0117s, \u0160iltos antklod\u0117s, Antklod\u017ei\u0173 pardavimas","og_description":"Antklod\u0117s, \u012evairi\u0173 dyd\u017ei\u0173 antklod\u0117s, Antklod\u0117s visiems met\u0173 laikams, Antklod\u0117s kiekvienai progai, Antklod\u0117s pirkimas, Antklod\u0117s, Prabang\u016bs antklod\u0117s, \u0160iltos antklod\u0117s, Stilingi namai, Miegamojo apstatymas","og_url":"https:\/\/minubaltic.ee\/lt\/e-pood\/raschel-antklodes\/raschel-antklodes-200-230\/dvisluoksne-antklode-200x230-2\/","article_publisher":"https:\/\/www.facebook.com\/minubaltic","article_modified_time":"2024-06-08T10:56:38+00:00","og_image":[{"width":640,"height":640,"url":"https:\/\/minubaltic.ee\/wp-content\/uploads\/2024\/02\/raschel24-6.jpg","type":"image\/jpeg"}],"twitter_card":"summary_large_image","twitter_misc":{"Est. reading time":"1 minut\u0117"},"schema":{"@context":"https:\/\/schema.org","@graph":[{"@type":"WebPage","@id":"https:\/\/minubaltic.ee\/lt\/e-pood\/raschel-antklodes\/raschel-antklodes-200-230\/dvisluoksne-antklode-200x230-2\/","url":"https:\/\/minubaltic.ee\/lt\/e-pood\/raschel-antklodes\/raschel-antklodes-200-230\/dvisluoksne-antklode-200x230-2\/","name":"Dvisluoksn\u0117 antklod\u0117 200\u00d7230 - Antklod\u0117s, Antklod\u0117s, \u0160iltos antklod\u0117s, Antklod\u017ei\u0173 pardavimas","isPartOf":{"@id":"https:\/\/minubaltic.ee\/lt\/#website"},"primaryImageOfPage":{"@id":"https:\/\/minubaltic.ee\/lt\/e-pood\/raschel-antklodes\/raschel-antklodes-200-230\/dvisluoksne-antklode-200x230-2\/#primaryimage"},"image":{"@id":"https:\/\/minubaltic.ee\/lt\/e-pood\/raschel-antklodes\/raschel-antklodes-200-230\/dvisluoksne-antklode-200x230-2\/#primaryimage"},"thumbnailUrl":"https:\/\/minubaltic.ee\/wp-content\/uploads\/2024\/02\/raschel24-6.jpg","datePublished":"2024-02-23T17:04:08+00:00","dateModified":"2024-06-08T10:56:38+00:00","description":"Antklod\u0117s, \u012evairi\u0173 dyd\u017ei\u0173 antklod\u0117s, Antklod\u0117s visiems met\u0173 laikams, Antklod\u0117s kiekvienai progai, Antklod\u0117s pirkimas, Antklod\u0117s, Prabang\u016bs antklod\u0117s, \u0160iltos antklod\u0117s, Stilingi namai, Miegamojo apstatymas","breadcrumb":{"@id":"https:\/\/minubaltic.ee\/lt\/e-pood\/raschel-antklodes\/raschel-antklodes-200-230\/dvisluoksne-antklode-200x230-2\/#breadcrumb"},"inLanguage":"lt-LT","potentialAction":[{"@type":"ReadAction","target":["https:\/\/minubaltic.ee\/lt\/e-pood\/raschel-antklodes\/raschel-antklodes-200-230\/dvisluoksne-antklode-200x230-2\/"]}]},{"@type":"ImageObject","inLanguage":"lt-LT","@id":"https:\/\/minubaltic.ee\/lt\/e-pood\/raschel-antklodes\/raschel-antklodes-200-230\/dvisluoksne-antklode-200x230-2\/#primaryimage","url":"https:\/\/minubaltic.ee\/wp-content\/uploads\/2024\/02\/raschel24-6.jpg","contentUrl":"https:\/\/minubaltic.ee\/wp-content\/uploads\/2024\/02\/raschel24-6.jpg","width":640,"height":640},{"@type":"BreadcrumbList","@id":"https:\/\/minubaltic.ee\/lt\/e-pood\/raschel-antklodes\/raschel-antklodes-200-230\/dvisluoksne-antklode-200x230-2\/#breadcrumb","itemListElement":[{"@type":"ListItem","position":1,"name":"Home","item":"https:\/\/minubaltic.ee\/lt\/"},{"@type":"ListItem","position":2,"name":"Parduotuv\u0117","item":"https:\/\/minubaltic.ee\/lt\/parduotuve\/"},{"@type":"ListItem","position":3,"name":"Dvisluoksn\u0117 antklod\u0117 200\u00d7230"}]},{"@type":"WebSite","@id":"https:\/\/minubaltic.ee\/lt\/#website","url":"https:\/\/minubaltic.ee\/lt\/","name":"minubaltic.ee","description":"","publisher":{"@id":"https:\/\/minubaltic.ee\/lt\/#organization"},"potentialAction":[{"@type":"SearchAction","target":{"@type":"EntryPoint","urlTemplate":"https:\/\/minubaltic.ee\/lt\/?s={search_term_string}"},"query-input":{"@type":"PropertyValueSpecification","valueRequired":true,"valueName":"search_term_string"}}],"inLanguage":"lt-LT"},{"@type":"Organization","@id":"https:\/\/minubaltic.ee\/lt\/#organization","name":"Minu Baltic O\u00dc","url":"https:\/\/minubaltic.ee\/lt\/","logo":{"@type":"ImageObject","inLanguage":"lt-LT","@id":"https:\/\/minubaltic.ee\/lt\/#\/schema\/logo\/image\/","url":"https:\/\/minubaltic.ee\/wp-content\/uploads\/2023\/10\/cropped-cropped-cropped-logo.png","contentUrl":"https:\/\/minubaltic.ee\/wp-content\/uploads\/2023\/10\/cropped-cropped-cropped-logo.png","width":500,"height":237,"caption":"Minu Baltic O\u00dc"},"image":{"@id":"https:\/\/minubaltic.ee\/lt\/#\/schema\/logo\/image\/"},"sameAs":["https:\/\/www.facebook.com\/minubaltic"]}]}},"_links":{"self":[{"href":"https:\/\/minubaltic.ee\/lt\/wp-json\/wp\/v2\/product\/23488","targetHints":{"allow":["GET"]}}],"collection":[{"href":"https:\/\/minubaltic.ee\/lt\/wp-json\/wp\/v2\/product"}],"about":[{"href":"https:\/\/minubaltic.ee\/lt\/wp-json\/wp\/v2\/types\/product"}],"replies":[{"embeddable":true,"href":"https:\/\/minubaltic.ee\/lt\/wp-json\/wp\/v2\/comments?post=23488"}],"version-history":[{"count":0,"href":"https:\/\/minubaltic.ee\/lt\/wp-json\/wp\/v2\/product\/23488\/revisions"}],"wp:featuredmedia":[{"embeddable":true,"href":"https:\/\/minubaltic.ee\/lt\/wp-json\/wp\/v2\/media\/23489"}],"wp:attachment":[{"href":"https:\/\/minubaltic.ee\/lt\/wp-json\/wp\/v2\/media?parent=23488"}],"wp:term":[{"taxonomy":"product_brand","embeddable":true,"href":"https:\/\/minubaltic.ee\/lt\/wp-json\/wp\/v2\/product_brand?post=23488"},{"taxonomy":"product_cat","embeddable":true,"href":"https:\/\/minubaltic.ee\/lt\/wp-json\/wp\/v2\/product_cat?post=23488"},{"taxonomy":"product_tag","embeddable":true,"href":"https:\/\/minubaltic.ee\/lt\/wp-json\/wp\/v2\/product_tag?post=23488"}],"curies":[{"name":"wp","href":"https:\/\/api.w.org\/{rel}","templated":true}]}}