{"id":23450,"date":"2024-03-06T19:28:37","date_gmt":"2024-03-06T16:28:37","guid":{"rendered":"https:\/\/minubaltic.ee\/e-pood\/be-kategorijos\/vonios-ranksluostis-70x140\/"},"modified":"2024-08-09T15:01:17","modified_gmt":"2024-08-09T12:01:17","slug":"vonios-ranksluostis-70x140","status":"publish","type":"product","link":"https:\/\/minubaltic.ee\/lt\/e-pood\/ranksluosciai\/vonios-ranksluostis-70x140\/","title":{"rendered":"Vonios rank\u0161luostis 70&#215;140"},"content":{"rendered":"<p>Si\u016blome auk\u0161tos kokyb\u0117s pirties rank\u0161luos\u010dius i\u0161 medviln\u0117s. \u0160ie rank\u0161luos\u010diai pagaminti Japonijoje &#8211; \u0161alyje, gars\u0117jan\u010dioje auk\u0161tos kokyb\u0117s tekstil\u0117s pramone. Medvilnin\u0117 med\u017eiaga u\u017etikrina malon\u0173 ir mink\u0161t\u0105 prisilietim\u0105 bei puik\u0173 sugeriamum\u0105. Kadangi \u0161ie rank\u0161luos\u010diai gaminami Japonijoje, galite b\u016bti tikri, kad jie kruop\u0161\u010diai pagaminti ir atitinka auk\u0161tus standartus. \u0160ie rank\u0161luos\u010diai ne tik kokybi\u0161ki, bet ir stilingo bei eleganti\u0161ko dizaino, puikiai tinkantys bet kokiems namams.<\/p>\n","protected":false},"excerpt":{"rendered":"<ul>\n<li><span class=\"product-attribute__label\">Audinio sud\u0117tis: <\/span><span class=\"product-attribute__value\" data-attribute-code=\"fabric_composition\">100% medviln\u0117<\/span><\/li>\n<li>Kilm\u0117s \u0161alis: Japonija <img loading=\"lazy\" decoding=\"async\" class=\" wd-lazy-fade wp-image-17659 alignnone\" src=\"https:\/\/minubaltic.ee\/wp-content\/themes\/woodmart\/images\/lazy.svg\" data-src=\"https:\/\/minubaltic.ee\/wp-content\/uploads\/2024\/03\/Japanese-Flag-1.jpg\" alt=\"\" width=\"22\" height=\"14\" srcset=\"\" data-srcset=\"https:\/\/minubaltic.ee\/wp-content\/uploads\/2024\/03\/Japanese-Flag-1.jpg 333w, https:\/\/minubaltic.ee\/wp-content\/uploads\/2024\/03\/Japanese-Flag-1-150x96.jpg 150w\" sizes=\"auto, (max-width: 22px) 100vw, 22px\" \/><\/li>\n<li>Produktas pakuot\u0117je: 1 vnt.<\/li>\n<li>I\u0161matavimai: 70&#215;140 cm<\/li>\n<li>Spalva: \u0160viesiai ro\u017ein\u0117<\/li>\n<li>Svoris: 400 g\/m2<\/li>\n<\/ul>\n","protected":false},"featured_media":23451,"comment_status":"open","ping_status":"closed","template":"","meta":[],"product_brand":[],"product_cat":[541,546,731],"product_tag":[557,558,559,561,564],"class_list":{"0":"post-23450","1":"product","2":"type-product","3":"status-publish","4":"has-post-thumbnail","6":"product_cat-ranksluosciai","7":"product_cat-vonios-ranksluosciai","8":"product_cat-vonios-ranksluosciai-70-140","9":"product_tag-apsipirkti-el","10":"product_tag-e-parduotuve","11":"product_tag-namu-tekstile","12":"product_tag-ranksluosciai","13":"product_tag-tekstile","15":"first","16":"outofstock","17":"sale","18":"shipping-taxable","19":"purchasable","20":"product-type-simple"},"yoast_head":"<!-- This site is optimized with the Yoast SEO plugin v27.3 - https:\/\/yoast.com\/product\/yoast-seo-wordpress\/ -->\n<title>Vonios rank\u0161luostis 70x140 - Medvilniniai pirties rank\u0161luos\u010diai ir rank\u0161luos\u010diai iki 60% nuolaida<\/title>\n<meta name=\"description\" content=\"70x140 cm medvilninis rank\u0161luostis yra idealaus dyd\u017eio. Pasirinkite m\u0117gstam\u0105 spalv\u0105 ir m\u0117gaukit\u0117s mink\u0161tumu Su m\u016bs\u0173 medvilniniais rank\u0161luos\u010diais \u012fne\u0161kite \u0161iek tiek prabangos \u012f savo kasdienyb\u0119.\" \/>\n<meta name=\"robots\" content=\"index, follow, max-snippet:-1, max-image-preview:large, max-video-preview:-1\" \/>\n<link rel=\"canonical\" href=\"https:\/\/minubaltic.ee\/lt\/e-pood\/ranksluosciai\/vonios-ranksluostis-70x140\/\" \/>\n<meta property=\"og:locale\" content=\"lt_LT\" \/>\n<meta property=\"og:type\" content=\"article\" \/>\n<meta property=\"og:title\" content=\"Vonios rank\u0161luostis 70x140 - Medvilniniai pirties rank\u0161luos\u010diai ir rank\u0161luos\u010diai iki 60% nuolaida\" \/>\n<meta property=\"og:description\" content=\"70x140 cm medvilninis rank\u0161luostis yra idealaus dyd\u017eio. Pasirinkite m\u0117gstam\u0105 spalv\u0105 ir m\u0117gaukit\u0117s mink\u0161tumu Su m\u016bs\u0173 medvilniniais rank\u0161luos\u010diais \u012fne\u0161kite \u0161iek tiek prabangos \u012f savo kasdienyb\u0119.\" \/>\n<meta property=\"og:url\" content=\"https:\/\/minubaltic.ee\/lt\/e-pood\/ranksluosciai\/vonios-ranksluostis-70x140\/\" \/>\n<meta property=\"article:publisher\" content=\"https:\/\/www.facebook.com\/minubaltic\" \/>\n<meta property=\"article:modified_time\" content=\"2024-08-09T12:01:17+00:00\" \/>\n<meta property=\"og:image\" content=\"https:\/\/minubaltic.ee\/wp-content\/uploads\/2024\/03\/mnrd24-6.jpeg\" \/>\n\t<meta property=\"og:image:width\" content=\"800\" \/>\n\t<meta property=\"og:image:height\" content=\"800\" \/>\n\t<meta property=\"og:image:type\" content=\"image\/jpeg\" \/>\n<meta name=\"twitter:card\" content=\"summary_large_image\" \/>\n<script type=\"application\/ld+json\" class=\"yoast-schema-graph\">{\"@context\":\"https:\\\/\\\/schema.org\",\"@graph\":[{\"@type\":\"WebPage\",\"@id\":\"https:\\\/\\\/minubaltic.ee\\\/lt\\\/e-pood\\\/ranksluosciai\\\/vonios-ranksluostis-70x140\\\/\",\"url\":\"https:\\\/\\\/minubaltic.ee\\\/lt\\\/e-pood\\\/ranksluosciai\\\/vonios-ranksluostis-70x140\\\/\",\"name\":\"Vonios rank\u0161luostis 70x140 - Medvilniniai pirties rank\u0161luos\u010diai ir rank\u0161luos\u010diai iki 60% nuolaida\",\"isPartOf\":{\"@id\":\"https:\\\/\\\/minubaltic.ee\\\/lt\\\/#website\"},\"primaryImageOfPage\":{\"@id\":\"https:\\\/\\\/minubaltic.ee\\\/lt\\\/e-pood\\\/ranksluosciai\\\/vonios-ranksluostis-70x140\\\/#primaryimage\"},\"image\":{\"@id\":\"https:\\\/\\\/minubaltic.ee\\\/lt\\\/e-pood\\\/ranksluosciai\\\/vonios-ranksluostis-70x140\\\/#primaryimage\"},\"thumbnailUrl\":\"https:\\\/\\\/minubaltic.ee\\\/wp-content\\\/uploads\\\/2024\\\/03\\\/mnrd24-6.jpeg\",\"datePublished\":\"2024-03-06T16:28:37+00:00\",\"dateModified\":\"2024-08-09T12:01:17+00:00\",\"description\":\"70x140 cm medvilninis rank\u0161luostis yra idealaus dyd\u017eio. Pasirinkite m\u0117gstam\u0105 spalv\u0105 ir m\u0117gaukit\u0117s mink\u0161tumu Su m\u016bs\u0173 medvilniniais rank\u0161luos\u010diais \u012fne\u0161kite \u0161iek tiek prabangos \u012f savo kasdienyb\u0119.\",\"breadcrumb\":{\"@id\":\"https:\\\/\\\/minubaltic.ee\\\/lt\\\/e-pood\\\/ranksluosciai\\\/vonios-ranksluostis-70x140\\\/#breadcrumb\"},\"inLanguage\":\"lt-LT\",\"potentialAction\":[{\"@type\":\"ReadAction\",\"target\":[\"https:\\\/\\\/minubaltic.ee\\\/lt\\\/e-pood\\\/ranksluosciai\\\/vonios-ranksluostis-70x140\\\/\"]}]},{\"@type\":\"ImageObject\",\"inLanguage\":\"lt-LT\",\"@id\":\"https:\\\/\\\/minubaltic.ee\\\/lt\\\/e-pood\\\/ranksluosciai\\\/vonios-ranksluostis-70x140\\\/#primaryimage\",\"url\":\"https:\\\/\\\/minubaltic.ee\\\/wp-content\\\/uploads\\\/2024\\\/03\\\/mnrd24-6.jpeg\",\"contentUrl\":\"https:\\\/\\\/minubaltic.ee\\\/wp-content\\\/uploads\\\/2024\\\/03\\\/mnrd24-6.jpeg\",\"width\":800,\"height\":800},{\"@type\":\"BreadcrumbList\",\"@id\":\"https:\\\/\\\/minubaltic.ee\\\/lt\\\/e-pood\\\/ranksluosciai\\\/vonios-ranksluostis-70x140\\\/#breadcrumb\",\"itemListElement\":[{\"@type\":\"ListItem\",\"position\":1,\"name\":\"Home\",\"item\":\"https:\\\/\\\/minubaltic.ee\\\/lt\\\/\"},{\"@type\":\"ListItem\",\"position\":2,\"name\":\"Parduotuv\u0117\",\"item\":\"https:\\\/\\\/minubaltic.ee\\\/lt\\\/parduotuve\\\/\"},{\"@type\":\"ListItem\",\"position\":3,\"name\":\"Vonios rank\u0161luostis 70&#215;140\"}]},{\"@type\":\"WebSite\",\"@id\":\"https:\\\/\\\/minubaltic.ee\\\/lt\\\/#website\",\"url\":\"https:\\\/\\\/minubaltic.ee\\\/lt\\\/\",\"name\":\"minubaltic.ee\",\"description\":\"\",\"publisher\":{\"@id\":\"https:\\\/\\\/minubaltic.ee\\\/lt\\\/#organization\"},\"potentialAction\":[{\"@type\":\"SearchAction\",\"target\":{\"@type\":\"EntryPoint\",\"urlTemplate\":\"https:\\\/\\\/minubaltic.ee\\\/lt\\\/?s={search_term_string}\"},\"query-input\":{\"@type\":\"PropertyValueSpecification\",\"valueRequired\":true,\"valueName\":\"search_term_string\"}}],\"inLanguage\":\"lt-LT\"},{\"@type\":\"Organization\",\"@id\":\"https:\\\/\\\/minubaltic.ee\\\/lt\\\/#organization\",\"name\":\"Minu Baltic O\u00dc\",\"url\":\"https:\\\/\\\/minubaltic.ee\\\/lt\\\/\",\"logo\":{\"@type\":\"ImageObject\",\"inLanguage\":\"lt-LT\",\"@id\":\"https:\\\/\\\/minubaltic.ee\\\/lt\\\/#\\\/schema\\\/logo\\\/image\\\/\",\"url\":\"https:\\\/\\\/minubaltic.ee\\\/wp-content\\\/uploads\\\/2023\\\/10\\\/cropped-cropped-cropped-logo.png\",\"contentUrl\":\"https:\\\/\\\/minubaltic.ee\\\/wp-content\\\/uploads\\\/2023\\\/10\\\/cropped-cropped-cropped-logo.png\",\"width\":500,\"height\":237,\"caption\":\"Minu Baltic O\u00dc\"},\"image\":{\"@id\":\"https:\\\/\\\/minubaltic.ee\\\/lt\\\/#\\\/schema\\\/logo\\\/image\\\/\"},\"sameAs\":[\"https:\\\/\\\/www.facebook.com\\\/minubaltic\"]}]}<\/script>\n<!-- \/ Yoast SEO plugin. -->","yoast_head_json":{"title":"Vonios rank\u0161luostis 70x140 - Medvilniniai pirties rank\u0161luos\u010diai ir rank\u0161luos\u010diai iki 60% nuolaida","description":"70x140 cm medvilninis rank\u0161luostis yra idealaus dyd\u017eio. Pasirinkite m\u0117gstam\u0105 spalv\u0105 ir m\u0117gaukit\u0117s mink\u0161tumu Su m\u016bs\u0173 medvilniniais rank\u0161luos\u010diais \u012fne\u0161kite \u0161iek tiek prabangos \u012f savo kasdienyb\u0119.","robots":{"index":"index","follow":"follow","max-snippet":"max-snippet:-1","max-image-preview":"max-image-preview:large","max-video-preview":"max-video-preview:-1"},"canonical":"https:\/\/minubaltic.ee\/lt\/e-pood\/ranksluosciai\/vonios-ranksluostis-70x140\/","og_locale":"lt_LT","og_type":"article","og_title":"Vonios rank\u0161luostis 70x140 - Medvilniniai pirties rank\u0161luos\u010diai ir rank\u0161luos\u010diai iki 60% nuolaida","og_description":"70x140 cm medvilninis rank\u0161luostis yra idealaus dyd\u017eio. Pasirinkite m\u0117gstam\u0105 spalv\u0105 ir m\u0117gaukit\u0117s mink\u0161tumu Su m\u016bs\u0173 medvilniniais rank\u0161luos\u010diais \u012fne\u0161kite \u0161iek tiek prabangos \u012f savo kasdienyb\u0119.","og_url":"https:\/\/minubaltic.ee\/lt\/e-pood\/ranksluosciai\/vonios-ranksluostis-70x140\/","article_publisher":"https:\/\/www.facebook.com\/minubaltic","article_modified_time":"2024-08-09T12:01:17+00:00","og_image":[{"width":800,"height":800,"url":"https:\/\/minubaltic.ee\/wp-content\/uploads\/2024\/03\/mnrd24-6.jpeg","type":"image\/jpeg"}],"twitter_card":"summary_large_image","schema":{"@context":"https:\/\/schema.org","@graph":[{"@type":"WebPage","@id":"https:\/\/minubaltic.ee\/lt\/e-pood\/ranksluosciai\/vonios-ranksluostis-70x140\/","url":"https:\/\/minubaltic.ee\/lt\/e-pood\/ranksluosciai\/vonios-ranksluostis-70x140\/","name":"Vonios rank\u0161luostis 70x140 - Medvilniniai pirties rank\u0161luos\u010diai ir rank\u0161luos\u010diai iki 60% nuolaida","isPartOf":{"@id":"https:\/\/minubaltic.ee\/lt\/#website"},"primaryImageOfPage":{"@id":"https:\/\/minubaltic.ee\/lt\/e-pood\/ranksluosciai\/vonios-ranksluostis-70x140\/#primaryimage"},"image":{"@id":"https:\/\/minubaltic.ee\/lt\/e-pood\/ranksluosciai\/vonios-ranksluostis-70x140\/#primaryimage"},"thumbnailUrl":"https:\/\/minubaltic.ee\/wp-content\/uploads\/2024\/03\/mnrd24-6.jpeg","datePublished":"2024-03-06T16:28:37+00:00","dateModified":"2024-08-09T12:01:17+00:00","description":"70x140 cm medvilninis rank\u0161luostis yra idealaus dyd\u017eio. Pasirinkite m\u0117gstam\u0105 spalv\u0105 ir m\u0117gaukit\u0117s mink\u0161tumu Su m\u016bs\u0173 medvilniniais rank\u0161luos\u010diais \u012fne\u0161kite \u0161iek tiek prabangos \u012f savo kasdienyb\u0119.","breadcrumb":{"@id":"https:\/\/minubaltic.ee\/lt\/e-pood\/ranksluosciai\/vonios-ranksluostis-70x140\/#breadcrumb"},"inLanguage":"lt-LT","potentialAction":[{"@type":"ReadAction","target":["https:\/\/minubaltic.ee\/lt\/e-pood\/ranksluosciai\/vonios-ranksluostis-70x140\/"]}]},{"@type":"ImageObject","inLanguage":"lt-LT","@id":"https:\/\/minubaltic.ee\/lt\/e-pood\/ranksluosciai\/vonios-ranksluostis-70x140\/#primaryimage","url":"https:\/\/minubaltic.ee\/wp-content\/uploads\/2024\/03\/mnrd24-6.jpeg","contentUrl":"https:\/\/minubaltic.ee\/wp-content\/uploads\/2024\/03\/mnrd24-6.jpeg","width":800,"height":800},{"@type":"BreadcrumbList","@id":"https:\/\/minubaltic.ee\/lt\/e-pood\/ranksluosciai\/vonios-ranksluostis-70x140\/#breadcrumb","itemListElement":[{"@type":"ListItem","position":1,"name":"Home","item":"https:\/\/minubaltic.ee\/lt\/"},{"@type":"ListItem","position":2,"name":"Parduotuv\u0117","item":"https:\/\/minubaltic.ee\/lt\/parduotuve\/"},{"@type":"ListItem","position":3,"name":"Vonios rank\u0161luostis 70&#215;140"}]},{"@type":"WebSite","@id":"https:\/\/minubaltic.ee\/lt\/#website","url":"https:\/\/minubaltic.ee\/lt\/","name":"minubaltic.ee","description":"","publisher":{"@id":"https:\/\/minubaltic.ee\/lt\/#organization"},"potentialAction":[{"@type":"SearchAction","target":{"@type":"EntryPoint","urlTemplate":"https:\/\/minubaltic.ee\/lt\/?s={search_term_string}"},"query-input":{"@type":"PropertyValueSpecification","valueRequired":true,"valueName":"search_term_string"}}],"inLanguage":"lt-LT"},{"@type":"Organization","@id":"https:\/\/minubaltic.ee\/lt\/#organization","name":"Minu Baltic O\u00dc","url":"https:\/\/minubaltic.ee\/lt\/","logo":{"@type":"ImageObject","inLanguage":"lt-LT","@id":"https:\/\/minubaltic.ee\/lt\/#\/schema\/logo\/image\/","url":"https:\/\/minubaltic.ee\/wp-content\/uploads\/2023\/10\/cropped-cropped-cropped-logo.png","contentUrl":"https:\/\/minubaltic.ee\/wp-content\/uploads\/2023\/10\/cropped-cropped-cropped-logo.png","width":500,"height":237,"caption":"Minu Baltic O\u00dc"},"image":{"@id":"https:\/\/minubaltic.ee\/lt\/#\/schema\/logo\/image\/"},"sameAs":["https:\/\/www.facebook.com\/minubaltic"]}]}},"_links":{"self":[{"href":"https:\/\/minubaltic.ee\/lt\/wp-json\/wp\/v2\/product\/23450","targetHints":{"allow":["GET"]}}],"collection":[{"href":"https:\/\/minubaltic.ee\/lt\/wp-json\/wp\/v2\/product"}],"about":[{"href":"https:\/\/minubaltic.ee\/lt\/wp-json\/wp\/v2\/types\/product"}],"replies":[{"embeddable":true,"href":"https:\/\/minubaltic.ee\/lt\/wp-json\/wp\/v2\/comments?post=23450"}],"version-history":[{"count":0,"href":"https:\/\/minubaltic.ee\/lt\/wp-json\/wp\/v2\/product\/23450\/revisions"}],"wp:featuredmedia":[{"embeddable":true,"href":"https:\/\/minubaltic.ee\/lt\/wp-json\/wp\/v2\/media\/23451"}],"wp:attachment":[{"href":"https:\/\/minubaltic.ee\/lt\/wp-json\/wp\/v2\/media?parent=23450"}],"wp:term":[{"taxonomy":"product_brand","embeddable":true,"href":"https:\/\/minubaltic.ee\/lt\/wp-json\/wp\/v2\/product_brand?post=23450"},{"taxonomy":"product_cat","embeddable":true,"href":"https:\/\/minubaltic.ee\/lt\/wp-json\/wp\/v2\/product_cat?post=23450"},{"taxonomy":"product_tag","embeddable":true,"href":"https:\/\/minubaltic.ee\/lt\/wp-json\/wp\/v2\/product_tag?post=23450"}],"curies":[{"name":"wp","href":"https:\/\/api.w.org\/{rel}","templated":true}]}}