{"id":23379,"date":"2024-03-22T00:12:18","date_gmt":"2024-03-21T21:12:18","guid":{"rendered":"https:\/\/minubaltic.ee\/e-pood\/be-kategorijos\/4-daliu-50x90-ranksluosciu-rinkinys\/"},"modified":"2025-01-14T19:01:58","modified_gmt":"2025-01-14T16:01:58","slug":"4-daliu-50x90-ranksluosciu-rinkinys","status":"publish","type":"product","link":"https:\/\/minubaltic.ee\/lt\/e-pood\/ranku-ir-veido-ranksluosciai\/4-daliu-50x90-ranksluosciu-rinkinys\/","title":{"rendered":"4 dali\u0173 50&#215;90 rank\u0161luos\u010di\u0173 rinkinys"},"content":{"rendered":"<p>Pakuot\u0117s turinys: 4 vnt. 50&#215;90 cm rank\u0173 ir veido rank\u0161luos\u010di\u0173<\/p>\n<p>I\u0161skirtin\u0117s Turki\u0161kos kolekcijos rank\u0161luos\u010diai pagaminti i\u0161 100 % medviln\u0117s. Rank\u0161luos\u010diai pagaminti i\u0161 auk\u0161tos kokyb\u0117s medvilnini\u0173 si\u016bl\u0173 i\u0161 Anatolijos, tod\u0117l yra itin mink\u0161tos tekst\u016bros. Su kiekvienu skalbimu jie tampa dar mink\u0161tesni.<\/p>\n<p>\u0160ie rank\u0161luos\u010diai greitai d\u017ei\u016bsta, sugeria iki 20 kart\u0173 daugiau vandens nei j\u0173 svoris. Naudojant speciali\u0105 audimo technik\u0105, jie veiksmingai i\u0161sklaido skyst\u012f savo pavir\u0161iuje, tod\u0117l greitai i\u0161garuoja.<\/p>\n<p>Be to, rank\u0161luos\u010diai yra ekologi\u0161ki, nes da\u017eomi ekologi\u0161kais da\u017eais, kurie nekenkia aplinkai.<\/p>\n","protected":false},"excerpt":{"rendered":"<div class=\"woocommerce-product-details__short-description\">\n<ul>\n<li><span class=\"product-attribute__label\">Audinio sud\u0117tis: <\/span><span class=\"product-attribute__value\" data-attribute-code=\"fabric_composition\">Sud\u0117tis: 100% medviln\u0117<\/span><\/li>\n<li>Kilm\u0117s \u0161alis: Turkija <img loading=\"lazy\" decoding=\"async\" class=\" wd-lazy-fade wp-image-17267 alignnone\" src=\"https:\/\/minubaltic.ee\/wp-content\/themes\/woodmart\/images\/lazy.svg\" data-src=\"https:\/\/minubaltic.ee\/wp-content\/uploads\/2024\/02\/trbrq.jpg\" alt=\"\" width=\"18\" height=\"12\"><\/li>\n<li>4 dali\u0173 rinkinys<\/li>\n<li>I\u0161matavimai: 50\u00d790 cm<\/li>\n<li>Spalva: 4 spalvoti rank\u0161luos\u010diai (po 1 kiekvienos spalvos).<\/li>\n<li>Svoris: 400 g\/m2<\/li>\n<li>Specifikacija: <b>\u00b11-3<\/b><\/li>\n<li>Produkt\u0173 nuotraukos yra iliustracin\u0117s<\/li>\n<\/ul>\n<\/div>\n","protected":false},"featured_media":23380,"comment_status":"open","ping_status":"closed","template":"","meta":[],"product_brand":[],"product_cat":[817,541,544,545,534],"product_tag":[557,558,559,561,564],"class_list":{"0":"post-23379","1":"product","2":"type-product","3":"status-publish","4":"has-post-thumbnail","6":"product_cat-100-medvilne","7":"product_cat-ranksluosciai","8":"product_cat-ranksluosciai-50-90","9":"product_cat-ranksluosciu-rinkiniai","10":"product_cat-ranku-ir-veido-ranksluosciai","11":"product_tag-apsipirkti-el","12":"product_tag-e-parduotuve","13":"product_tag-namu-tekstile","14":"product_tag-ranksluosciai","15":"product_tag-tekstile","17":"first","18":"outofstock","19":"sale","20":"shipping-taxable","21":"purchasable","22":"product-type-simple"},"yoast_head":"<!-- This site is optimized with the Yoast SEO plugin v27.5 - https:\/\/yoast.com\/product\/yoast-seo-wordpress\/ -->\n<title>4 dali\u0173 50x90 rank\u0161luos\u010di\u0173 rinkinys - turkija 100% medvilniniai<\/title>\n<meta name=\"description\" content=\"4 rank\u0161luos\u010di\u0173 rinkinys, turki\u0161k\u0173 rank\u0161luos\u010di\u0173 rinkinys, pagamintas i\u0161 auk\u0161tos kokyb\u0117s medvilnin\u0117s med\u017eiagos, kurioje dera patogumas ir elegancija.\" \/>\n<meta name=\"robots\" content=\"index, follow, max-snippet:-1, max-image-preview:large, max-video-preview:-1\" \/>\n<link rel=\"canonical\" href=\"https:\/\/minubaltic.ee\/lt\/e-pood\/ranku-ir-veido-ranksluosciai\/4-daliu-50x90-ranksluosciu-rinkinys\/\" \/>\n<meta property=\"og:locale\" content=\"lt_LT\" \/>\n<meta property=\"og:type\" content=\"article\" \/>\n<meta property=\"og:title\" content=\"4 dali\u0173 50x90 rank\u0161luos\u010di\u0173 rinkinys - turkija 100% medvilniniai\" \/>\n<meta property=\"og:description\" content=\"4 rank\u0161luos\u010di\u0173 rinkinys, turki\u0161k\u0173 rank\u0161luos\u010di\u0173 rinkinys, pagamintas i\u0161 auk\u0161tos kokyb\u0117s medvilnin\u0117s med\u017eiagos, kurioje dera patogumas ir elegancija.\" \/>\n<meta property=\"og:url\" content=\"https:\/\/minubaltic.ee\/lt\/e-pood\/ranku-ir-veido-ranksluosciai\/4-daliu-50x90-ranksluosciu-rinkinys\/\" \/>\n<meta property=\"article:publisher\" content=\"https:\/\/www.facebook.com\/minubaltic\" \/>\n<meta property=\"article:modified_time\" content=\"2025-01-14T16:01:58+00:00\" \/>\n<meta property=\"og:image\" content=\"https:\/\/minubaltic.ee\/wp-content\/uploads\/2024\/03\/trkomplektr-1.jpeg\" \/>\n\t<meta property=\"og:image:width\" content=\"632\" \/>\n\t<meta property=\"og:image:height\" content=\"632\" \/>\n\t<meta property=\"og:image:type\" content=\"image\/jpeg\" \/>\n<meta name=\"twitter:card\" content=\"summary_large_image\" \/>\n<meta name=\"twitter:label1\" content=\"Est. reading time\" \/>\n\t<meta name=\"twitter:data1\" content=\"1 minut\u0117\" \/>\n<script type=\"application\/ld+json\" class=\"yoast-schema-graph\">{\"@context\":\"https:\\\/\\\/schema.org\",\"@graph\":[{\"@type\":\"WebPage\",\"@id\":\"https:\\\/\\\/minubaltic.ee\\\/lt\\\/e-pood\\\/ranku-ir-veido-ranksluosciai\\\/4-daliu-50x90-ranksluosciu-rinkinys\\\/\",\"url\":\"https:\\\/\\\/minubaltic.ee\\\/lt\\\/e-pood\\\/ranku-ir-veido-ranksluosciai\\\/4-daliu-50x90-ranksluosciu-rinkinys\\\/\",\"name\":\"4 dali\u0173 50x90 rank\u0161luos\u010di\u0173 rinkinys - turkija 100% medvilniniai\",\"isPartOf\":{\"@id\":\"https:\\\/\\\/minubaltic.ee\\\/lt\\\/#website\"},\"primaryImageOfPage\":{\"@id\":\"https:\\\/\\\/minubaltic.ee\\\/lt\\\/e-pood\\\/ranku-ir-veido-ranksluosciai\\\/4-daliu-50x90-ranksluosciu-rinkinys\\\/#primaryimage\"},\"image\":{\"@id\":\"https:\\\/\\\/minubaltic.ee\\\/lt\\\/e-pood\\\/ranku-ir-veido-ranksluosciai\\\/4-daliu-50x90-ranksluosciu-rinkinys\\\/#primaryimage\"},\"thumbnailUrl\":\"https:\\\/\\\/minubaltic.ee\\\/wp-content\\\/uploads\\\/2024\\\/03\\\/trkomplektr-1.jpeg\",\"datePublished\":\"2024-03-21T21:12:18+00:00\",\"dateModified\":\"2025-01-14T16:01:58+00:00\",\"description\":\"4 rank\u0161luos\u010di\u0173 rinkinys, turki\u0161k\u0173 rank\u0161luos\u010di\u0173 rinkinys, pagamintas i\u0161 auk\u0161tos kokyb\u0117s medvilnin\u0117s med\u017eiagos, kurioje dera patogumas ir elegancija.\",\"breadcrumb\":{\"@id\":\"https:\\\/\\\/minubaltic.ee\\\/lt\\\/e-pood\\\/ranku-ir-veido-ranksluosciai\\\/4-daliu-50x90-ranksluosciu-rinkinys\\\/#breadcrumb\"},\"inLanguage\":\"lt-LT\",\"potentialAction\":[{\"@type\":\"ReadAction\",\"target\":[\"https:\\\/\\\/minubaltic.ee\\\/lt\\\/e-pood\\\/ranku-ir-veido-ranksluosciai\\\/4-daliu-50x90-ranksluosciu-rinkinys\\\/\"]}]},{\"@type\":\"ImageObject\",\"inLanguage\":\"lt-LT\",\"@id\":\"https:\\\/\\\/minubaltic.ee\\\/lt\\\/e-pood\\\/ranku-ir-veido-ranksluosciai\\\/4-daliu-50x90-ranksluosciu-rinkinys\\\/#primaryimage\",\"url\":\"https:\\\/\\\/minubaltic.ee\\\/wp-content\\\/uploads\\\/2024\\\/03\\\/trkomplektr-1.jpeg\",\"contentUrl\":\"https:\\\/\\\/minubaltic.ee\\\/wp-content\\\/uploads\\\/2024\\\/03\\\/trkomplektr-1.jpeg\",\"width\":632,\"height\":632},{\"@type\":\"BreadcrumbList\",\"@id\":\"https:\\\/\\\/minubaltic.ee\\\/lt\\\/e-pood\\\/ranku-ir-veido-ranksluosciai\\\/4-daliu-50x90-ranksluosciu-rinkinys\\\/#breadcrumb\",\"itemListElement\":[{\"@type\":\"ListItem\",\"position\":1,\"name\":\"Home\",\"item\":\"https:\\\/\\\/minubaltic.ee\\\/lt\\\/\"},{\"@type\":\"ListItem\",\"position\":2,\"name\":\"Parduotuv\u0117\",\"item\":\"https:\\\/\\\/minubaltic.ee\\\/lt\\\/parduotuve\\\/\"},{\"@type\":\"ListItem\",\"position\":3,\"name\":\"4 dali\u0173 50&#215;90 rank\u0161luos\u010di\u0173 rinkinys\"}]},{\"@type\":\"WebSite\",\"@id\":\"https:\\\/\\\/minubaltic.ee\\\/lt\\\/#website\",\"url\":\"https:\\\/\\\/minubaltic.ee\\\/lt\\\/\",\"name\":\"minubaltic.ee\",\"description\":\"\",\"publisher\":{\"@id\":\"https:\\\/\\\/minubaltic.ee\\\/lt\\\/#organization\"},\"potentialAction\":[{\"@type\":\"SearchAction\",\"target\":{\"@type\":\"EntryPoint\",\"urlTemplate\":\"https:\\\/\\\/minubaltic.ee\\\/lt\\\/?s={search_term_string}\"},\"query-input\":{\"@type\":\"PropertyValueSpecification\",\"valueRequired\":true,\"valueName\":\"search_term_string\"}}],\"inLanguage\":\"lt-LT\"},{\"@type\":\"Organization\",\"@id\":\"https:\\\/\\\/minubaltic.ee\\\/lt\\\/#organization\",\"name\":\"Minu Baltic O\u00dc\",\"url\":\"https:\\\/\\\/minubaltic.ee\\\/lt\\\/\",\"logo\":{\"@type\":\"ImageObject\",\"inLanguage\":\"lt-LT\",\"@id\":\"https:\\\/\\\/minubaltic.ee\\\/lt\\\/#\\\/schema\\\/logo\\\/image\\\/\",\"url\":\"https:\\\/\\\/minubaltic.ee\\\/wp-content\\\/uploads\\\/2023\\\/10\\\/cropped-cropped-cropped-logo.png\",\"contentUrl\":\"https:\\\/\\\/minubaltic.ee\\\/wp-content\\\/uploads\\\/2023\\\/10\\\/cropped-cropped-cropped-logo.png\",\"width\":500,\"height\":237,\"caption\":\"Minu Baltic O\u00dc\"},\"image\":{\"@id\":\"https:\\\/\\\/minubaltic.ee\\\/lt\\\/#\\\/schema\\\/logo\\\/image\\\/\"},\"sameAs\":[\"https:\\\/\\\/www.facebook.com\\\/minubaltic\"]}]}<\/script>\n<!-- \/ Yoast SEO plugin. -->","yoast_head_json":{"title":"4 dali\u0173 50x90 rank\u0161luos\u010di\u0173 rinkinys - turkija 100% medvilniniai","description":"4 rank\u0161luos\u010di\u0173 rinkinys, turki\u0161k\u0173 rank\u0161luos\u010di\u0173 rinkinys, pagamintas i\u0161 auk\u0161tos kokyb\u0117s medvilnin\u0117s med\u017eiagos, kurioje dera patogumas ir elegancija.","robots":{"index":"index","follow":"follow","max-snippet":"max-snippet:-1","max-image-preview":"max-image-preview:large","max-video-preview":"max-video-preview:-1"},"canonical":"https:\/\/minubaltic.ee\/lt\/e-pood\/ranku-ir-veido-ranksluosciai\/4-daliu-50x90-ranksluosciu-rinkinys\/","og_locale":"lt_LT","og_type":"article","og_title":"4 dali\u0173 50x90 rank\u0161luos\u010di\u0173 rinkinys - turkija 100% medvilniniai","og_description":"4 rank\u0161luos\u010di\u0173 rinkinys, turki\u0161k\u0173 rank\u0161luos\u010di\u0173 rinkinys, pagamintas i\u0161 auk\u0161tos kokyb\u0117s medvilnin\u0117s med\u017eiagos, kurioje dera patogumas ir elegancija.","og_url":"https:\/\/minubaltic.ee\/lt\/e-pood\/ranku-ir-veido-ranksluosciai\/4-daliu-50x90-ranksluosciu-rinkinys\/","article_publisher":"https:\/\/www.facebook.com\/minubaltic","article_modified_time":"2025-01-14T16:01:58+00:00","og_image":[{"width":632,"height":632,"url":"https:\/\/minubaltic.ee\/wp-content\/uploads\/2024\/03\/trkomplektr-1.jpeg","type":"image\/jpeg"}],"twitter_card":"summary_large_image","twitter_misc":{"Est. reading time":"1 minut\u0117"},"schema":{"@context":"https:\/\/schema.org","@graph":[{"@type":"WebPage","@id":"https:\/\/minubaltic.ee\/lt\/e-pood\/ranku-ir-veido-ranksluosciai\/4-daliu-50x90-ranksluosciu-rinkinys\/","url":"https:\/\/minubaltic.ee\/lt\/e-pood\/ranku-ir-veido-ranksluosciai\/4-daliu-50x90-ranksluosciu-rinkinys\/","name":"4 dali\u0173 50x90 rank\u0161luos\u010di\u0173 rinkinys - turkija 100% medvilniniai","isPartOf":{"@id":"https:\/\/minubaltic.ee\/lt\/#website"},"primaryImageOfPage":{"@id":"https:\/\/minubaltic.ee\/lt\/e-pood\/ranku-ir-veido-ranksluosciai\/4-daliu-50x90-ranksluosciu-rinkinys\/#primaryimage"},"image":{"@id":"https:\/\/minubaltic.ee\/lt\/e-pood\/ranku-ir-veido-ranksluosciai\/4-daliu-50x90-ranksluosciu-rinkinys\/#primaryimage"},"thumbnailUrl":"https:\/\/minubaltic.ee\/wp-content\/uploads\/2024\/03\/trkomplektr-1.jpeg","datePublished":"2024-03-21T21:12:18+00:00","dateModified":"2025-01-14T16:01:58+00:00","description":"4 rank\u0161luos\u010di\u0173 rinkinys, turki\u0161k\u0173 rank\u0161luos\u010di\u0173 rinkinys, pagamintas i\u0161 auk\u0161tos kokyb\u0117s medvilnin\u0117s med\u017eiagos, kurioje dera patogumas ir elegancija.","breadcrumb":{"@id":"https:\/\/minubaltic.ee\/lt\/e-pood\/ranku-ir-veido-ranksluosciai\/4-daliu-50x90-ranksluosciu-rinkinys\/#breadcrumb"},"inLanguage":"lt-LT","potentialAction":[{"@type":"ReadAction","target":["https:\/\/minubaltic.ee\/lt\/e-pood\/ranku-ir-veido-ranksluosciai\/4-daliu-50x90-ranksluosciu-rinkinys\/"]}]},{"@type":"ImageObject","inLanguage":"lt-LT","@id":"https:\/\/minubaltic.ee\/lt\/e-pood\/ranku-ir-veido-ranksluosciai\/4-daliu-50x90-ranksluosciu-rinkinys\/#primaryimage","url":"https:\/\/minubaltic.ee\/wp-content\/uploads\/2024\/03\/trkomplektr-1.jpeg","contentUrl":"https:\/\/minubaltic.ee\/wp-content\/uploads\/2024\/03\/trkomplektr-1.jpeg","width":632,"height":632},{"@type":"BreadcrumbList","@id":"https:\/\/minubaltic.ee\/lt\/e-pood\/ranku-ir-veido-ranksluosciai\/4-daliu-50x90-ranksluosciu-rinkinys\/#breadcrumb","itemListElement":[{"@type":"ListItem","position":1,"name":"Home","item":"https:\/\/minubaltic.ee\/lt\/"},{"@type":"ListItem","position":2,"name":"Parduotuv\u0117","item":"https:\/\/minubaltic.ee\/lt\/parduotuve\/"},{"@type":"ListItem","position":3,"name":"4 dali\u0173 50&#215;90 rank\u0161luos\u010di\u0173 rinkinys"}]},{"@type":"WebSite","@id":"https:\/\/minubaltic.ee\/lt\/#website","url":"https:\/\/minubaltic.ee\/lt\/","name":"minubaltic.ee","description":"","publisher":{"@id":"https:\/\/minubaltic.ee\/lt\/#organization"},"potentialAction":[{"@type":"SearchAction","target":{"@type":"EntryPoint","urlTemplate":"https:\/\/minubaltic.ee\/lt\/?s={search_term_string}"},"query-input":{"@type":"PropertyValueSpecification","valueRequired":true,"valueName":"search_term_string"}}],"inLanguage":"lt-LT"},{"@type":"Organization","@id":"https:\/\/minubaltic.ee\/lt\/#organization","name":"Minu Baltic O\u00dc","url":"https:\/\/minubaltic.ee\/lt\/","logo":{"@type":"ImageObject","inLanguage":"lt-LT","@id":"https:\/\/minubaltic.ee\/lt\/#\/schema\/logo\/image\/","url":"https:\/\/minubaltic.ee\/wp-content\/uploads\/2023\/10\/cropped-cropped-cropped-logo.png","contentUrl":"https:\/\/minubaltic.ee\/wp-content\/uploads\/2023\/10\/cropped-cropped-cropped-logo.png","width":500,"height":237,"caption":"Minu Baltic O\u00dc"},"image":{"@id":"https:\/\/minubaltic.ee\/lt\/#\/schema\/logo\/image\/"},"sameAs":["https:\/\/www.facebook.com\/minubaltic"]}]}},"_links":{"self":[{"href":"https:\/\/minubaltic.ee\/lt\/wp-json\/wp\/v2\/product\/23379","targetHints":{"allow":["GET"]}}],"collection":[{"href":"https:\/\/minubaltic.ee\/lt\/wp-json\/wp\/v2\/product"}],"about":[{"href":"https:\/\/minubaltic.ee\/lt\/wp-json\/wp\/v2\/types\/product"}],"replies":[{"embeddable":true,"href":"https:\/\/minubaltic.ee\/lt\/wp-json\/wp\/v2\/comments?post=23379"}],"version-history":[{"count":0,"href":"https:\/\/minubaltic.ee\/lt\/wp-json\/wp\/v2\/product\/23379\/revisions"}],"wp:featuredmedia":[{"embeddable":true,"href":"https:\/\/minubaltic.ee\/lt\/wp-json\/wp\/v2\/media\/23380"}],"wp:attachment":[{"href":"https:\/\/minubaltic.ee\/lt\/wp-json\/wp\/v2\/media?parent=23379"}],"wp:term":[{"taxonomy":"product_brand","embeddable":true,"href":"https:\/\/minubaltic.ee\/lt\/wp-json\/wp\/v2\/product_brand?post=23379"},{"taxonomy":"product_cat","embeddable":true,"href":"https:\/\/minubaltic.ee\/lt\/wp-json\/wp\/v2\/product_cat?post=23379"},{"taxonomy":"product_tag","embeddable":true,"href":"https:\/\/minubaltic.ee\/lt\/wp-json\/wp\/v2\/product_tag?post=23379"}],"curies":[{"name":"wp","href":"https:\/\/api.w.org\/{rel}","templated":true}]}}