{"id":23376,"date":"2024-03-22T00:44:54","date_gmt":"2024-03-21T21:44:54","guid":{"rendered":"https:\/\/minubaltic.ee\/e-pood\/be-kategorijos\/saunos-ranksluosciu-rinkinys-4-vnt-50x90-cm-2-vnt-70x140-cm-2-vnt\/"},"modified":"2024-08-02T22:48:48","modified_gmt":"2024-08-02T19:48:48","slug":"saunos-ranksluosciu-rinkinys-4-vnt","status":"publish","type":"product","link":"https:\/\/minubaltic.ee\/lt\/e-pood\/ranku-ir-veido-ranksluosciai\/saunos-ranksluosciu-rinkinys-4-vnt\/","title":{"rendered":"Saunos rank\u0161luos\u010di\u0173 rinkinys 4 vnt. 50&#215;90 cm 2 vnt. + 70&#215;140 cm 2 vnt."},"content":{"rendered":"<p>Pagaminta i\u0161 medvilnini\u0173 si\u016bl\u0173.<br \/>\n* Jis yra paprasto dizaino, mink\u0161tos tekst\u016bros, stilingas ir naudingas modelis.<br \/>\n*D\u0117l ra\u0161t\u0173 detali\u0173 ir skirting\u0173 spalv\u0173 ji suteiks j\u016bs\u0173 vonios kambariui spalving\u0105 atmosfer\u0105.<br \/>\nD\u0117l rank\u0161luos\u010dio gamybai naudojam\u0173 kokybi\u0161k\u0173 si\u016bl\u0173 jis nesideformuoja po skalbimo.<br \/>\nSkalbimo ir d\u017eiovinimo instrukcijos: rank\u0161luos\u010dius rekomenduojama skalbti pagal 30 laipsni\u0173 medviln\u0117s program\u0105, geriausia naudoti lengv\u0105 skalbikl\u012f ir audini\u0173 mink\u0161tikl\u012f.<br \/>\nNiekada nenaudokite chemini\u0173 med\u017eiag\u0173, pvz., balikli\u0173 ir pan.<br \/>\nTinka d\u017eiovinti d\u017eiovykl\u0117je.<br \/>\nTinka lyginti vidutin\u0117je temperat\u016broje.<\/p>\n","protected":false},"excerpt":{"rendered":"<div class=\"woocommerce-product-details__short-description\">\n<ul>\n<li><span class=\"product-attribute__label\">Audinio sud\u0117tis:<\/span><span class=\"product-attribute__value\" data-attribute-code=\"fabric_composition\">100% medviln\u0117<\/span><\/li>\n<li>Kilm\u0117s \u0161alis: Turkija <img loading=\"lazy\" decoding=\"async\" class=\" wd-lazy-fade wp-image-17267 alignnone\" src=\"https:\/\/minubaltic.ee\/wp-content\/themes\/woodmart\/images\/lazy.svg\" data-src=\"https:\/\/minubaltic.ee\/wp-content\/uploads\/2024\/02\/trbrq.jpg\" alt=\"\" width=\"18\" height=\"12\"><\/li>\n<li>4 dali\u0173 rinkinys<\/li>\n<li>I\u0161matavimai: (70\u00d7140 cm 2 vnt.) + (50\u00d790 cm 2 vnt.)<\/li>\n<li>Spalva: 2 kavos + 2 baltos spalvos<\/li>\n<li>Svoris: 420 g\/m2<\/li>\n<li>Specifikacija: <b>\u00b11-5<\/b><\/li>\n<li>Produkt\u0173 nuotraukos yra iliustracin\u0117s<\/li>\n<\/ul>\n<\/div>\n","protected":false},"featured_media":23377,"comment_status":"open","ping_status":"closed","template":"","meta":[],"product_brand":[],"product_cat":[817,541,544,545,534],"product_tag":[557,558,559,561,564],"class_list":{"0":"post-23376","1":"product","2":"type-product","3":"status-publish","4":"has-post-thumbnail","6":"product_cat-100-medvilne","7":"product_cat-ranksluosciai","8":"product_cat-ranksluosciai-50-90","9":"product_cat-ranksluosciu-rinkiniai","10":"product_cat-ranku-ir-veido-ranksluosciai","11":"product_tag-apsipirkti-el","12":"product_tag-e-parduotuve","13":"product_tag-namu-tekstile","14":"product_tag-ranksluosciai","15":"product_tag-tekstile","17":"first","18":"outofstock","19":"sale","20":"shipping-taxable","21":"purchasable","22":"product-type-simple"},"yoast_head":"<!-- This site is optimized with the Yoast SEO plugin v27.3 - https:\/\/yoast.com\/product\/yoast-seo-wordpress\/ -->\n<title>Saunos rank\u0161luos\u010di\u0173 rinkinys 4 vnt. 50x90 cm 2 vnt. + 70x140 cm 2 vnt. -<\/title>\n<meta name=\"description\" content=\"4 vnt. 50x90 cm 2 vnt., + 70x140 cm 2 vnt. turki\u0161k\u0173 rank\u0161luos\u010di\u0173 rinkinys, pagamintas i\u0161 auk\u0161tos kokyb\u0117s medvilnin\u0117s med\u017eiagos, kurioje dera pato...\" \/>\n<meta name=\"robots\" content=\"index, follow, max-snippet:-1, max-image-preview:large, max-video-preview:-1\" \/>\n<link rel=\"canonical\" href=\"https:\/\/minubaltic.ee\/lt\/e-pood\/ranku-ir-veido-ranksluosciai\/saunos-ranksluosciu-rinkinys-4-vnt\/\" \/>\n<meta property=\"og:locale\" content=\"lt_LT\" \/>\n<meta property=\"og:type\" content=\"article\" \/>\n<meta property=\"og:title\" content=\"Saunos rank\u0161luos\u010di\u0173 rinkinys 4 vnt. 50x90 cm 2 vnt. + 70x140 cm 2 vnt. -\" \/>\n<meta property=\"og:description\" content=\"4 vnt. 50x90 cm 2 vnt., + 70x140 cm 2 vnt. turki\u0161k\u0173 rank\u0161luos\u010di\u0173 rinkinys, pagamintas i\u0161 auk\u0161tos kokyb\u0117s medvilnin\u0117s med\u017eiagos, kurioje dera pato...\" \/>\n<meta property=\"og:url\" content=\"https:\/\/minubaltic.ee\/lt\/e-pood\/ranku-ir-veido-ranksluosciai\/saunos-ranksluosciu-rinkinys-4-vnt\/\" \/>\n<meta property=\"article:publisher\" content=\"https:\/\/www.facebook.com\/minubaltic\" \/>\n<meta property=\"article:modified_time\" content=\"2024-08-02T19:48:48+00:00\" \/>\n<meta property=\"og:image\" content=\"https:\/\/minubaltic.ee\/wp-content\/uploads\/2024\/03\/trkomplektr-1.jpg\" \/>\n\t<meta property=\"og:image:width\" content=\"682\" \/>\n\t<meta property=\"og:image:height\" content=\"682\" \/>\n\t<meta property=\"og:image:type\" content=\"image\/jpeg\" \/>\n<meta name=\"twitter:card\" content=\"summary_large_image\" \/>\n<meta name=\"twitter:label1\" content=\"Est. reading time\" \/>\n\t<meta name=\"twitter:data1\" content=\"1 minut\u0117\" \/>\n<script type=\"application\/ld+json\" class=\"yoast-schema-graph\">{\"@context\":\"https:\\\/\\\/schema.org\",\"@graph\":[{\"@type\":\"WebPage\",\"@id\":\"https:\\\/\\\/minubaltic.ee\\\/lt\\\/e-pood\\\/ranku-ir-veido-ranksluosciai\\\/saunos-ranksluosciu-rinkinys-4-vnt\\\/\",\"url\":\"https:\\\/\\\/minubaltic.ee\\\/lt\\\/e-pood\\\/ranku-ir-veido-ranksluosciai\\\/saunos-ranksluosciu-rinkinys-4-vnt\\\/\",\"name\":\"Saunos rank\u0161luos\u010di\u0173 rinkinys 4 vnt. 50x90 cm 2 vnt. + 70x140 cm 2 vnt. -\",\"isPartOf\":{\"@id\":\"https:\\\/\\\/minubaltic.ee\\\/lt\\\/#website\"},\"primaryImageOfPage\":{\"@id\":\"https:\\\/\\\/minubaltic.ee\\\/lt\\\/e-pood\\\/ranku-ir-veido-ranksluosciai\\\/saunos-ranksluosciu-rinkinys-4-vnt\\\/#primaryimage\"},\"image\":{\"@id\":\"https:\\\/\\\/minubaltic.ee\\\/lt\\\/e-pood\\\/ranku-ir-veido-ranksluosciai\\\/saunos-ranksluosciu-rinkinys-4-vnt\\\/#primaryimage\"},\"thumbnailUrl\":\"https:\\\/\\\/minubaltic.ee\\\/wp-content\\\/uploads\\\/2024\\\/03\\\/trkomplektr-1.jpg\",\"datePublished\":\"2024-03-21T21:44:54+00:00\",\"dateModified\":\"2024-08-02T19:48:48+00:00\",\"description\":\"4 vnt. 50x90 cm 2 vnt., + 70x140 cm 2 vnt. turki\u0161k\u0173 rank\u0161luos\u010di\u0173 rinkinys, pagamintas i\u0161 auk\u0161tos kokyb\u0117s medvilnin\u0117s med\u017eiagos, kurioje dera pato...\",\"breadcrumb\":{\"@id\":\"https:\\\/\\\/minubaltic.ee\\\/lt\\\/e-pood\\\/ranku-ir-veido-ranksluosciai\\\/saunos-ranksluosciu-rinkinys-4-vnt\\\/#breadcrumb\"},\"inLanguage\":\"lt-LT\",\"potentialAction\":[{\"@type\":\"ReadAction\",\"target\":[\"https:\\\/\\\/minubaltic.ee\\\/lt\\\/e-pood\\\/ranku-ir-veido-ranksluosciai\\\/saunos-ranksluosciu-rinkinys-4-vnt\\\/\"]}]},{\"@type\":\"ImageObject\",\"inLanguage\":\"lt-LT\",\"@id\":\"https:\\\/\\\/minubaltic.ee\\\/lt\\\/e-pood\\\/ranku-ir-veido-ranksluosciai\\\/saunos-ranksluosciu-rinkinys-4-vnt\\\/#primaryimage\",\"url\":\"https:\\\/\\\/minubaltic.ee\\\/wp-content\\\/uploads\\\/2024\\\/03\\\/trkomplektr-1.jpg\",\"contentUrl\":\"https:\\\/\\\/minubaltic.ee\\\/wp-content\\\/uploads\\\/2024\\\/03\\\/trkomplektr-1.jpg\",\"width\":682,\"height\":682},{\"@type\":\"BreadcrumbList\",\"@id\":\"https:\\\/\\\/minubaltic.ee\\\/lt\\\/e-pood\\\/ranku-ir-veido-ranksluosciai\\\/saunos-ranksluosciu-rinkinys-4-vnt\\\/#breadcrumb\",\"itemListElement\":[{\"@type\":\"ListItem\",\"position\":1,\"name\":\"Home\",\"item\":\"https:\\\/\\\/minubaltic.ee\\\/lt\\\/\"},{\"@type\":\"ListItem\",\"position\":2,\"name\":\"Parduotuv\u0117\",\"item\":\"https:\\\/\\\/minubaltic.ee\\\/lt\\\/parduotuve\\\/\"},{\"@type\":\"ListItem\",\"position\":3,\"name\":\"Saunos rank\u0161luos\u010di\u0173 rinkinys 4 vnt. 50&#215;90 cm 2 vnt. + 70&#215;140 cm 2 vnt.\"}]},{\"@type\":\"WebSite\",\"@id\":\"https:\\\/\\\/minubaltic.ee\\\/lt\\\/#website\",\"url\":\"https:\\\/\\\/minubaltic.ee\\\/lt\\\/\",\"name\":\"minubaltic.ee\",\"description\":\"\",\"publisher\":{\"@id\":\"https:\\\/\\\/minubaltic.ee\\\/lt\\\/#organization\"},\"potentialAction\":[{\"@type\":\"SearchAction\",\"target\":{\"@type\":\"EntryPoint\",\"urlTemplate\":\"https:\\\/\\\/minubaltic.ee\\\/lt\\\/?s={search_term_string}\"},\"query-input\":{\"@type\":\"PropertyValueSpecification\",\"valueRequired\":true,\"valueName\":\"search_term_string\"}}],\"inLanguage\":\"lt-LT\"},{\"@type\":\"Organization\",\"@id\":\"https:\\\/\\\/minubaltic.ee\\\/lt\\\/#organization\",\"name\":\"Minu Baltic O\u00dc\",\"url\":\"https:\\\/\\\/minubaltic.ee\\\/lt\\\/\",\"logo\":{\"@type\":\"ImageObject\",\"inLanguage\":\"lt-LT\",\"@id\":\"https:\\\/\\\/minubaltic.ee\\\/lt\\\/#\\\/schema\\\/logo\\\/image\\\/\",\"url\":\"https:\\\/\\\/minubaltic.ee\\\/wp-content\\\/uploads\\\/2023\\\/10\\\/cropped-cropped-cropped-logo.png\",\"contentUrl\":\"https:\\\/\\\/minubaltic.ee\\\/wp-content\\\/uploads\\\/2023\\\/10\\\/cropped-cropped-cropped-logo.png\",\"width\":500,\"height\":237,\"caption\":\"Minu Baltic O\u00dc\"},\"image\":{\"@id\":\"https:\\\/\\\/minubaltic.ee\\\/lt\\\/#\\\/schema\\\/logo\\\/image\\\/\"},\"sameAs\":[\"https:\\\/\\\/www.facebook.com\\\/minubaltic\"]}]}<\/script>\n<!-- \/ Yoast SEO plugin. -->","yoast_head_json":{"title":"Saunos rank\u0161luos\u010di\u0173 rinkinys 4 vnt. 50x90 cm 2 vnt. + 70x140 cm 2 vnt. -","description":"4 vnt. 50x90 cm 2 vnt., + 70x140 cm 2 vnt. turki\u0161k\u0173 rank\u0161luos\u010di\u0173 rinkinys, pagamintas i\u0161 auk\u0161tos kokyb\u0117s medvilnin\u0117s med\u017eiagos, kurioje dera pato...","robots":{"index":"index","follow":"follow","max-snippet":"max-snippet:-1","max-image-preview":"max-image-preview:large","max-video-preview":"max-video-preview:-1"},"canonical":"https:\/\/minubaltic.ee\/lt\/e-pood\/ranku-ir-veido-ranksluosciai\/saunos-ranksluosciu-rinkinys-4-vnt\/","og_locale":"lt_LT","og_type":"article","og_title":"Saunos rank\u0161luos\u010di\u0173 rinkinys 4 vnt. 50x90 cm 2 vnt. + 70x140 cm 2 vnt. -","og_description":"4 vnt. 50x90 cm 2 vnt., + 70x140 cm 2 vnt. turki\u0161k\u0173 rank\u0161luos\u010di\u0173 rinkinys, pagamintas i\u0161 auk\u0161tos kokyb\u0117s medvilnin\u0117s med\u017eiagos, kurioje dera pato...","og_url":"https:\/\/minubaltic.ee\/lt\/e-pood\/ranku-ir-veido-ranksluosciai\/saunos-ranksluosciu-rinkinys-4-vnt\/","article_publisher":"https:\/\/www.facebook.com\/minubaltic","article_modified_time":"2024-08-02T19:48:48+00:00","og_image":[{"width":682,"height":682,"url":"https:\/\/minubaltic.ee\/wp-content\/uploads\/2024\/03\/trkomplektr-1.jpg","type":"image\/jpeg"}],"twitter_card":"summary_large_image","twitter_misc":{"Est. reading time":"1 minut\u0117"},"schema":{"@context":"https:\/\/schema.org","@graph":[{"@type":"WebPage","@id":"https:\/\/minubaltic.ee\/lt\/e-pood\/ranku-ir-veido-ranksluosciai\/saunos-ranksluosciu-rinkinys-4-vnt\/","url":"https:\/\/minubaltic.ee\/lt\/e-pood\/ranku-ir-veido-ranksluosciai\/saunos-ranksluosciu-rinkinys-4-vnt\/","name":"Saunos rank\u0161luos\u010di\u0173 rinkinys 4 vnt. 50x90 cm 2 vnt. + 70x140 cm 2 vnt. -","isPartOf":{"@id":"https:\/\/minubaltic.ee\/lt\/#website"},"primaryImageOfPage":{"@id":"https:\/\/minubaltic.ee\/lt\/e-pood\/ranku-ir-veido-ranksluosciai\/saunos-ranksluosciu-rinkinys-4-vnt\/#primaryimage"},"image":{"@id":"https:\/\/minubaltic.ee\/lt\/e-pood\/ranku-ir-veido-ranksluosciai\/saunos-ranksluosciu-rinkinys-4-vnt\/#primaryimage"},"thumbnailUrl":"https:\/\/minubaltic.ee\/wp-content\/uploads\/2024\/03\/trkomplektr-1.jpg","datePublished":"2024-03-21T21:44:54+00:00","dateModified":"2024-08-02T19:48:48+00:00","description":"4 vnt. 50x90 cm 2 vnt., + 70x140 cm 2 vnt. turki\u0161k\u0173 rank\u0161luos\u010di\u0173 rinkinys, pagamintas i\u0161 auk\u0161tos kokyb\u0117s medvilnin\u0117s med\u017eiagos, kurioje dera pato...","breadcrumb":{"@id":"https:\/\/minubaltic.ee\/lt\/e-pood\/ranku-ir-veido-ranksluosciai\/saunos-ranksluosciu-rinkinys-4-vnt\/#breadcrumb"},"inLanguage":"lt-LT","potentialAction":[{"@type":"ReadAction","target":["https:\/\/minubaltic.ee\/lt\/e-pood\/ranku-ir-veido-ranksluosciai\/saunos-ranksluosciu-rinkinys-4-vnt\/"]}]},{"@type":"ImageObject","inLanguage":"lt-LT","@id":"https:\/\/minubaltic.ee\/lt\/e-pood\/ranku-ir-veido-ranksluosciai\/saunos-ranksluosciu-rinkinys-4-vnt\/#primaryimage","url":"https:\/\/minubaltic.ee\/wp-content\/uploads\/2024\/03\/trkomplektr-1.jpg","contentUrl":"https:\/\/minubaltic.ee\/wp-content\/uploads\/2024\/03\/trkomplektr-1.jpg","width":682,"height":682},{"@type":"BreadcrumbList","@id":"https:\/\/minubaltic.ee\/lt\/e-pood\/ranku-ir-veido-ranksluosciai\/saunos-ranksluosciu-rinkinys-4-vnt\/#breadcrumb","itemListElement":[{"@type":"ListItem","position":1,"name":"Home","item":"https:\/\/minubaltic.ee\/lt\/"},{"@type":"ListItem","position":2,"name":"Parduotuv\u0117","item":"https:\/\/minubaltic.ee\/lt\/parduotuve\/"},{"@type":"ListItem","position":3,"name":"Saunos rank\u0161luos\u010di\u0173 rinkinys 4 vnt. 50&#215;90 cm 2 vnt. + 70&#215;140 cm 2 vnt."}]},{"@type":"WebSite","@id":"https:\/\/minubaltic.ee\/lt\/#website","url":"https:\/\/minubaltic.ee\/lt\/","name":"minubaltic.ee","description":"","publisher":{"@id":"https:\/\/minubaltic.ee\/lt\/#organization"},"potentialAction":[{"@type":"SearchAction","target":{"@type":"EntryPoint","urlTemplate":"https:\/\/minubaltic.ee\/lt\/?s={search_term_string}"},"query-input":{"@type":"PropertyValueSpecification","valueRequired":true,"valueName":"search_term_string"}}],"inLanguage":"lt-LT"},{"@type":"Organization","@id":"https:\/\/minubaltic.ee\/lt\/#organization","name":"Minu Baltic O\u00dc","url":"https:\/\/minubaltic.ee\/lt\/","logo":{"@type":"ImageObject","inLanguage":"lt-LT","@id":"https:\/\/minubaltic.ee\/lt\/#\/schema\/logo\/image\/","url":"https:\/\/minubaltic.ee\/wp-content\/uploads\/2023\/10\/cropped-cropped-cropped-logo.png","contentUrl":"https:\/\/minubaltic.ee\/wp-content\/uploads\/2023\/10\/cropped-cropped-cropped-logo.png","width":500,"height":237,"caption":"Minu Baltic O\u00dc"},"image":{"@id":"https:\/\/minubaltic.ee\/lt\/#\/schema\/logo\/image\/"},"sameAs":["https:\/\/www.facebook.com\/minubaltic"]}]}},"_links":{"self":[{"href":"https:\/\/minubaltic.ee\/lt\/wp-json\/wp\/v2\/product\/23376","targetHints":{"allow":["GET"]}}],"collection":[{"href":"https:\/\/minubaltic.ee\/lt\/wp-json\/wp\/v2\/product"}],"about":[{"href":"https:\/\/minubaltic.ee\/lt\/wp-json\/wp\/v2\/types\/product"}],"replies":[{"embeddable":true,"href":"https:\/\/minubaltic.ee\/lt\/wp-json\/wp\/v2\/comments?post=23376"}],"version-history":[{"count":0,"href":"https:\/\/minubaltic.ee\/lt\/wp-json\/wp\/v2\/product\/23376\/revisions"}],"wp:featuredmedia":[{"embeddable":true,"href":"https:\/\/minubaltic.ee\/lt\/wp-json\/wp\/v2\/media\/23377"}],"wp:attachment":[{"href":"https:\/\/minubaltic.ee\/lt\/wp-json\/wp\/v2\/media?parent=23376"}],"wp:term":[{"taxonomy":"product_brand","embeddable":true,"href":"https:\/\/minubaltic.ee\/lt\/wp-json\/wp\/v2\/product_brand?post=23376"},{"taxonomy":"product_cat","embeddable":true,"href":"https:\/\/minubaltic.ee\/lt\/wp-json\/wp\/v2\/product_cat?post=23376"},{"taxonomy":"product_tag","embeddable":true,"href":"https:\/\/minubaltic.ee\/lt\/wp-json\/wp\/v2\/product_tag?post=23376"}],"curies":[{"name":"wp","href":"https:\/\/api.w.org\/{rel}","templated":true}]}}