{"id":23348,"date":"2024-03-31T21:13:37","date_gmt":"2024-03-31T18:13:37","guid":{"rendered":"https:\/\/minubaltic.ee\/e-pood\/be-kategorijos\/muilo-rozes-birzelio-men\/"},"modified":"2024-04-12T15:19:25","modified_gmt":"2024-04-12T12:19:25","slug":"muilo-rozes-birzelio-men","status":"publish","type":"product","link":"https:\/\/minubaltic.ee\/lt\/e-pood\/dovanos\/muilo-rozes-birzelio-men\/","title":{"rendered":"Muilo ro\u017e\u0117s &#8211; Bir\u017eelis"},"content":{"rendered":"<p><strong>Med\u017eiaga:<\/strong> Muilo g\u0117l\u0117s<br \/>\n<strong>Spalva:<\/strong> Kaip parodyta nuotraukose<br \/>\n<strong>Dydis:<\/strong> 15*15*6 cm<\/p>\n","protected":false},"excerpt":{"rendered":"<p>Med\u017eiaga: muilo g\u0117l\u0117s<br \/>\nSpalva: Kaip parodyta nuotraukose<br \/>\nDydis: 15*15*6 cm<\/p>\n<p>\ud83c\udf39 Rank\u0173 darbo muilo ro\u017e\u0117s sukuria romanti\u0161k\u0105 atmosfer\u0105.<\/p>\n","protected":false},"featured_media":23349,"comment_status":"open","ping_status":"closed","template":"","meta":[],"product_brand":[],"product_cat":[532,547],"product_tag":[557,558],"class_list":{"0":"post-23348","1":"product","2":"type-product","3":"status-publish","4":"has-post-thumbnail","6":"product_cat-dovanos","7":"product_cat-muilo-geles","8":"product_tag-apsipirkti-el","9":"product_tag-e-parduotuve","11":"first","12":"instock","13":"sale","14":"shipping-taxable","15":"purchasable","16":"product-type-simple"},"yoast_head":"<!-- This site is optimized with the Yoast SEO plugin v27.3 - https:\/\/yoast.com\/product\/yoast-seo-wordpress\/ -->\n<title>Muilo ro\u017e\u0117s - Bir\u017eelis - Dovanos<\/title>\n<meta name=\"description\" content=\"\u012evairiems papuo\u0161alams skirta muilo ro\u017ei\u0173 dovan\u0173 d\u0117\u017eut\u0117 - \u017eavingas ir eleganti\u0161kas aksesuaras, kuriame g\u0117li\u0173 gro\u017eis dera su papuo\u0161al\u0173 d\u0117\u017eut\u0117s prakti\u0161kumu. Valentino dienos dovanos\" \/>\n<meta name=\"robots\" content=\"index, follow, max-snippet:-1, max-image-preview:large, max-video-preview:-1\" \/>\n<link rel=\"canonical\" href=\"https:\/\/minubaltic.ee\/lt\/e-pood\/dovanos\/muilo-rozes-birzelio-men\/\" \/>\n<meta property=\"og:locale\" content=\"lt_LT\" \/>\n<meta property=\"og:type\" content=\"article\" \/>\n<meta property=\"og:title\" content=\"Muilo ro\u017e\u0117s - Bir\u017eelis - Dovanos\" \/>\n<meta property=\"og:description\" content=\"\u012evairiems papuo\u0161alams skirta muilo ro\u017ei\u0173 dovan\u0173 d\u0117\u017eut\u0117 - \u017eavingas ir eleganti\u0161kas aksesuaras, kuriame g\u0117li\u0173 gro\u017eis dera su papuo\u0161al\u0173 d\u0117\u017eut\u0117s prakti\u0161kumu. Valentino dienos dovanos\" \/>\n<meta property=\"og:url\" content=\"https:\/\/minubaltic.ee\/lt\/e-pood\/dovanos\/muilo-rozes-birzelio-men\/\" \/>\n<meta property=\"article:publisher\" content=\"https:\/\/www.facebook.com\/minubaltic\" \/>\n<meta property=\"article:modified_time\" content=\"2024-04-12T12:19:25+00:00\" \/>\n<meta property=\"og:image\" content=\"https:\/\/minubaltic.ee\/wp-content\/uploads\/2024\/03\/13597715861715192884.jpg\" \/>\n\t<meta property=\"og:image:width\" content=\"650\" \/>\n\t<meta property=\"og:image:height\" content=\"650\" \/>\n\t<meta property=\"og:image:type\" content=\"image\/jpeg\" \/>\n<meta name=\"twitter:card\" content=\"summary_large_image\" \/>\n<script type=\"application\/ld+json\" class=\"yoast-schema-graph\">{\"@context\":\"https:\\\/\\\/schema.org\",\"@graph\":[{\"@type\":\"WebPage\",\"@id\":\"https:\\\/\\\/minubaltic.ee\\\/lt\\\/e-pood\\\/dovanos\\\/muilo-rozes-birzelio-men\\\/\",\"url\":\"https:\\\/\\\/minubaltic.ee\\\/lt\\\/e-pood\\\/dovanos\\\/muilo-rozes-birzelio-men\\\/\",\"name\":\"Muilo ro\u017e\u0117s - Bir\u017eelis - Dovanos\",\"isPartOf\":{\"@id\":\"https:\\\/\\\/minubaltic.ee\\\/lt\\\/#website\"},\"primaryImageOfPage\":{\"@id\":\"https:\\\/\\\/minubaltic.ee\\\/lt\\\/e-pood\\\/dovanos\\\/muilo-rozes-birzelio-men\\\/#primaryimage\"},\"image\":{\"@id\":\"https:\\\/\\\/minubaltic.ee\\\/lt\\\/e-pood\\\/dovanos\\\/muilo-rozes-birzelio-men\\\/#primaryimage\"},\"thumbnailUrl\":\"https:\\\/\\\/minubaltic.ee\\\/wp-content\\\/uploads\\\/2024\\\/03\\\/13597715861715192884.jpg\",\"datePublished\":\"2024-03-31T18:13:37+00:00\",\"dateModified\":\"2024-04-12T12:19:25+00:00\",\"description\":\"\u012evairiems papuo\u0161alams skirta muilo ro\u017ei\u0173 dovan\u0173 d\u0117\u017eut\u0117 - \u017eavingas ir eleganti\u0161kas aksesuaras, kuriame g\u0117li\u0173 gro\u017eis dera su papuo\u0161al\u0173 d\u0117\u017eut\u0117s prakti\u0161kumu. Valentino dienos dovanos\",\"breadcrumb\":{\"@id\":\"https:\\\/\\\/minubaltic.ee\\\/lt\\\/e-pood\\\/dovanos\\\/muilo-rozes-birzelio-men\\\/#breadcrumb\"},\"inLanguage\":\"lt-LT\",\"potentialAction\":[{\"@type\":\"ReadAction\",\"target\":[\"https:\\\/\\\/minubaltic.ee\\\/lt\\\/e-pood\\\/dovanos\\\/muilo-rozes-birzelio-men\\\/\"]}]},{\"@type\":\"ImageObject\",\"inLanguage\":\"lt-LT\",\"@id\":\"https:\\\/\\\/minubaltic.ee\\\/lt\\\/e-pood\\\/dovanos\\\/muilo-rozes-birzelio-men\\\/#primaryimage\",\"url\":\"https:\\\/\\\/minubaltic.ee\\\/wp-content\\\/uploads\\\/2024\\\/03\\\/13597715861715192884.jpg\",\"contentUrl\":\"https:\\\/\\\/minubaltic.ee\\\/wp-content\\\/uploads\\\/2024\\\/03\\\/13597715861715192884.jpg\",\"width\":650,\"height\":650},{\"@type\":\"BreadcrumbList\",\"@id\":\"https:\\\/\\\/minubaltic.ee\\\/lt\\\/e-pood\\\/dovanos\\\/muilo-rozes-birzelio-men\\\/#breadcrumb\",\"itemListElement\":[{\"@type\":\"ListItem\",\"position\":1,\"name\":\"Home\",\"item\":\"https:\\\/\\\/minubaltic.ee\\\/lt\\\/\"},{\"@type\":\"ListItem\",\"position\":2,\"name\":\"Parduotuv\u0117\",\"item\":\"https:\\\/\\\/minubaltic.ee\\\/lt\\\/parduotuve\\\/\"},{\"@type\":\"ListItem\",\"position\":3,\"name\":\"Muilo ro\u017e\u0117s &#8211; Bir\u017eelis\"}]},{\"@type\":\"WebSite\",\"@id\":\"https:\\\/\\\/minubaltic.ee\\\/lt\\\/#website\",\"url\":\"https:\\\/\\\/minubaltic.ee\\\/lt\\\/\",\"name\":\"minubaltic.ee\",\"description\":\"\",\"publisher\":{\"@id\":\"https:\\\/\\\/minubaltic.ee\\\/lt\\\/#organization\"},\"potentialAction\":[{\"@type\":\"SearchAction\",\"target\":{\"@type\":\"EntryPoint\",\"urlTemplate\":\"https:\\\/\\\/minubaltic.ee\\\/lt\\\/?s={search_term_string}\"},\"query-input\":{\"@type\":\"PropertyValueSpecification\",\"valueRequired\":true,\"valueName\":\"search_term_string\"}}],\"inLanguage\":\"lt-LT\"},{\"@type\":\"Organization\",\"@id\":\"https:\\\/\\\/minubaltic.ee\\\/lt\\\/#organization\",\"name\":\"Minu Baltic O\u00dc\",\"url\":\"https:\\\/\\\/minubaltic.ee\\\/lt\\\/\",\"logo\":{\"@type\":\"ImageObject\",\"inLanguage\":\"lt-LT\",\"@id\":\"https:\\\/\\\/minubaltic.ee\\\/lt\\\/#\\\/schema\\\/logo\\\/image\\\/\",\"url\":\"https:\\\/\\\/minubaltic.ee\\\/wp-content\\\/uploads\\\/2023\\\/10\\\/cropped-cropped-cropped-logo.png\",\"contentUrl\":\"https:\\\/\\\/minubaltic.ee\\\/wp-content\\\/uploads\\\/2023\\\/10\\\/cropped-cropped-cropped-logo.png\",\"width\":500,\"height\":237,\"caption\":\"Minu Baltic O\u00dc\"},\"image\":{\"@id\":\"https:\\\/\\\/minubaltic.ee\\\/lt\\\/#\\\/schema\\\/logo\\\/image\\\/\"},\"sameAs\":[\"https:\\\/\\\/www.facebook.com\\\/minubaltic\"]}]}<\/script>\n<!-- \/ Yoast SEO plugin. -->","yoast_head_json":{"title":"Muilo ro\u017e\u0117s - Bir\u017eelis - Dovanos","description":"\u012evairiems papuo\u0161alams skirta muilo ro\u017ei\u0173 dovan\u0173 d\u0117\u017eut\u0117 - \u017eavingas ir eleganti\u0161kas aksesuaras, kuriame g\u0117li\u0173 gro\u017eis dera su papuo\u0161al\u0173 d\u0117\u017eut\u0117s prakti\u0161kumu. Valentino dienos dovanos","robots":{"index":"index","follow":"follow","max-snippet":"max-snippet:-1","max-image-preview":"max-image-preview:large","max-video-preview":"max-video-preview:-1"},"canonical":"https:\/\/minubaltic.ee\/lt\/e-pood\/dovanos\/muilo-rozes-birzelio-men\/","og_locale":"lt_LT","og_type":"article","og_title":"Muilo ro\u017e\u0117s - Bir\u017eelis - Dovanos","og_description":"\u012evairiems papuo\u0161alams skirta muilo ro\u017ei\u0173 dovan\u0173 d\u0117\u017eut\u0117 - \u017eavingas ir eleganti\u0161kas aksesuaras, kuriame g\u0117li\u0173 gro\u017eis dera su papuo\u0161al\u0173 d\u0117\u017eut\u0117s prakti\u0161kumu. Valentino dienos dovanos","og_url":"https:\/\/minubaltic.ee\/lt\/e-pood\/dovanos\/muilo-rozes-birzelio-men\/","article_publisher":"https:\/\/www.facebook.com\/minubaltic","article_modified_time":"2024-04-12T12:19:25+00:00","og_image":[{"width":650,"height":650,"url":"https:\/\/minubaltic.ee\/wp-content\/uploads\/2024\/03\/13597715861715192884.jpg","type":"image\/jpeg"}],"twitter_card":"summary_large_image","schema":{"@context":"https:\/\/schema.org","@graph":[{"@type":"WebPage","@id":"https:\/\/minubaltic.ee\/lt\/e-pood\/dovanos\/muilo-rozes-birzelio-men\/","url":"https:\/\/minubaltic.ee\/lt\/e-pood\/dovanos\/muilo-rozes-birzelio-men\/","name":"Muilo ro\u017e\u0117s - Bir\u017eelis - Dovanos","isPartOf":{"@id":"https:\/\/minubaltic.ee\/lt\/#website"},"primaryImageOfPage":{"@id":"https:\/\/minubaltic.ee\/lt\/e-pood\/dovanos\/muilo-rozes-birzelio-men\/#primaryimage"},"image":{"@id":"https:\/\/minubaltic.ee\/lt\/e-pood\/dovanos\/muilo-rozes-birzelio-men\/#primaryimage"},"thumbnailUrl":"https:\/\/minubaltic.ee\/wp-content\/uploads\/2024\/03\/13597715861715192884.jpg","datePublished":"2024-03-31T18:13:37+00:00","dateModified":"2024-04-12T12:19:25+00:00","description":"\u012evairiems papuo\u0161alams skirta muilo ro\u017ei\u0173 dovan\u0173 d\u0117\u017eut\u0117 - \u017eavingas ir eleganti\u0161kas aksesuaras, kuriame g\u0117li\u0173 gro\u017eis dera su papuo\u0161al\u0173 d\u0117\u017eut\u0117s prakti\u0161kumu. Valentino dienos dovanos","breadcrumb":{"@id":"https:\/\/minubaltic.ee\/lt\/e-pood\/dovanos\/muilo-rozes-birzelio-men\/#breadcrumb"},"inLanguage":"lt-LT","potentialAction":[{"@type":"ReadAction","target":["https:\/\/minubaltic.ee\/lt\/e-pood\/dovanos\/muilo-rozes-birzelio-men\/"]}]},{"@type":"ImageObject","inLanguage":"lt-LT","@id":"https:\/\/minubaltic.ee\/lt\/e-pood\/dovanos\/muilo-rozes-birzelio-men\/#primaryimage","url":"https:\/\/minubaltic.ee\/wp-content\/uploads\/2024\/03\/13597715861715192884.jpg","contentUrl":"https:\/\/minubaltic.ee\/wp-content\/uploads\/2024\/03\/13597715861715192884.jpg","width":650,"height":650},{"@type":"BreadcrumbList","@id":"https:\/\/minubaltic.ee\/lt\/e-pood\/dovanos\/muilo-rozes-birzelio-men\/#breadcrumb","itemListElement":[{"@type":"ListItem","position":1,"name":"Home","item":"https:\/\/minubaltic.ee\/lt\/"},{"@type":"ListItem","position":2,"name":"Parduotuv\u0117","item":"https:\/\/minubaltic.ee\/lt\/parduotuve\/"},{"@type":"ListItem","position":3,"name":"Muilo ro\u017e\u0117s &#8211; Bir\u017eelis"}]},{"@type":"WebSite","@id":"https:\/\/minubaltic.ee\/lt\/#website","url":"https:\/\/minubaltic.ee\/lt\/","name":"minubaltic.ee","description":"","publisher":{"@id":"https:\/\/minubaltic.ee\/lt\/#organization"},"potentialAction":[{"@type":"SearchAction","target":{"@type":"EntryPoint","urlTemplate":"https:\/\/minubaltic.ee\/lt\/?s={search_term_string}"},"query-input":{"@type":"PropertyValueSpecification","valueRequired":true,"valueName":"search_term_string"}}],"inLanguage":"lt-LT"},{"@type":"Organization","@id":"https:\/\/minubaltic.ee\/lt\/#organization","name":"Minu Baltic O\u00dc","url":"https:\/\/minubaltic.ee\/lt\/","logo":{"@type":"ImageObject","inLanguage":"lt-LT","@id":"https:\/\/minubaltic.ee\/lt\/#\/schema\/logo\/image\/","url":"https:\/\/minubaltic.ee\/wp-content\/uploads\/2023\/10\/cropped-cropped-cropped-logo.png","contentUrl":"https:\/\/minubaltic.ee\/wp-content\/uploads\/2023\/10\/cropped-cropped-cropped-logo.png","width":500,"height":237,"caption":"Minu Baltic O\u00dc"},"image":{"@id":"https:\/\/minubaltic.ee\/lt\/#\/schema\/logo\/image\/"},"sameAs":["https:\/\/www.facebook.com\/minubaltic"]}]}},"_links":{"self":[{"href":"https:\/\/minubaltic.ee\/lt\/wp-json\/wp\/v2\/product\/23348","targetHints":{"allow":["GET"]}}],"collection":[{"href":"https:\/\/minubaltic.ee\/lt\/wp-json\/wp\/v2\/product"}],"about":[{"href":"https:\/\/minubaltic.ee\/lt\/wp-json\/wp\/v2\/types\/product"}],"replies":[{"embeddable":true,"href":"https:\/\/minubaltic.ee\/lt\/wp-json\/wp\/v2\/comments?post=23348"}],"version-history":[{"count":0,"href":"https:\/\/minubaltic.ee\/lt\/wp-json\/wp\/v2\/product\/23348\/revisions"}],"wp:featuredmedia":[{"embeddable":true,"href":"https:\/\/minubaltic.ee\/lt\/wp-json\/wp\/v2\/media\/23349"}],"wp:attachment":[{"href":"https:\/\/minubaltic.ee\/lt\/wp-json\/wp\/v2\/media?parent=23348"}],"wp:term":[{"taxonomy":"product_brand","embeddable":true,"href":"https:\/\/minubaltic.ee\/lt\/wp-json\/wp\/v2\/product_brand?post=23348"},{"taxonomy":"product_cat","embeddable":true,"href":"https:\/\/minubaltic.ee\/lt\/wp-json\/wp\/v2\/product_cat?post=23348"},{"taxonomy":"product_tag","embeddable":true,"href":"https:\/\/minubaltic.ee\/lt\/wp-json\/wp\/v2\/product_tag?post=23348"}],"curies":[{"name":"wp","href":"https:\/\/api.w.org\/{rel}","templated":true}]}}