{"id":23329,"date":"2024-04-05T18:56:48","date_gmt":"2024-04-05T15:56:48","guid":{"rendered":"https:\/\/minubaltic.ee\/e-pood\/be-kategorijos\/dvisluoksne-raschel-antklode-200x230-9\/"},"modified":"2024-04-13T18:44:36","modified_gmt":"2024-04-13T15:44:36","slug":"dvisluoksne-raschel-antklode-201-9","status":"publish","type":"product","link":"https:\/\/minubaltic.ee\/lt\/e-pood\/raschel-antklodes\/raschel-antklodes-200-230\/dvisluoksne-raschel-antklode-201-9\/","title":{"rendered":"Dvisluoksn\u0117 Raschel antklod\u0117 200\u00d7230"},"content":{"rendered":"<ul>\n<li><span class=\"product-attribute__label\"><strong>Audinio sud\u0117tis:<\/strong> poliesterio pluo\u0161tas (poliesteris)<\/span><\/li>\n<li><strong>Prek\u0117s pakuo\u010di\u0173 kiekis:<\/strong> 1 vnt.<\/li>\n<li><strong>Svoris: <\/strong>3,5 kg<\/li>\n<li><strong>Dydis:<\/strong> 200\u00d7230 cm<\/li>\n<li><strong>Specifikacija:<\/strong> \u00b15 cm<\/li>\n<li><strong>Stilius <\/strong>: Europieti\u0161kas ir Amerikieti\u0161kas stilius<\/li>\n<li><strong>Papildoma informacija:<\/strong> itin mink\u0161tas, patogus, storas, \u0161iltas, pralaidus orui<\/li>\n<li>Produkt\u0173 nuotraukos yra iliustracin\u0117s<\/li>\n<\/ul>\n","protected":false},"excerpt":{"rendered":"<p>Visiems met\u0173 laikams skirta dvipus\u0117 pliu\u0161in\u0117 antklod\u0117 yra tai, ko ie\u0161kojote ilgiems \u017eiemos m\u0117nesiams. Dviej\u0173 pusi\u0173 mink\u0161tasuoliai suteikia maloni\u0105 \u0161ilum\u0105.<\/p>\n","protected":false},"featured_media":23330,"comment_status":"open","ping_status":"closed","template":"","meta":[],"product_brand":[],"product_cat":[549,551,540,743],"product_tag":[563,562,557,558,559,564],"class_list":{"0":"post-23329","1":"product","2":"type-product","3":"status-publish","4":"has-post-thumbnail","6":"product_cat-antklodes","7":"product_cat-antklodes-200-230","8":"product_cat-raschel-antklodes","9":"product_cat-raschel-antklodes-200-230","10":"product_tag-antklode","11":"product_tag-antklodes","12":"product_tag-apsipirkti-el","13":"product_tag-e-parduotuve","14":"product_tag-namu-tekstile","15":"product_tag-tekstile","17":"first","18":"instock","19":"sale","20":"shipping-taxable","21":"purchasable","22":"product-type-simple"},"yoast_head":"<!-- This site is optimized with the Yoast SEO plugin v27.3 - https:\/\/yoast.com\/product\/yoast-seo-wordpress\/ -->\n<title>Dvisluoksn\u0117 Raschel antklod\u0117 200\u00d7230 - Nuolaida iki -50%<\/title>\n<meta name=\"description\" content=\"Antklod\u0117s, \u012evairi\u0173 dyd\u017ei\u0173 antklod\u0117s, Antklod\u0117s visiems met\u0173 laikams, Antklod\u0117s kiekvienai progai, Antklod\u0117s pirkimas, Prabang\u016bs antklod\u0117s\" \/>\n<meta name=\"robots\" content=\"index, follow, max-snippet:-1, max-image-preview:large, max-video-preview:-1\" \/>\n<link rel=\"canonical\" href=\"https:\/\/minubaltic.ee\/lt\/e-pood\/raschel-antklodes\/raschel-antklodes-200-230\/dvisluoksne-raschel-antklode-201-9\/\" \/>\n<meta property=\"og:locale\" content=\"lt_LT\" \/>\n<meta property=\"og:type\" content=\"article\" \/>\n<meta property=\"og:title\" content=\"Dvisluoksn\u0117 Raschel antklod\u0117 200\u00d7230 - Nuolaida iki -50%\" \/>\n<meta property=\"og:description\" content=\"Antklod\u0117s, \u012evairi\u0173 dyd\u017ei\u0173 antklod\u0117s, Antklod\u0117s visiems met\u0173 laikams, Antklod\u0117s kiekvienai progai, Antklod\u0117s pirkimas, Prabang\u016bs antklod\u0117s\" \/>\n<meta property=\"og:url\" content=\"https:\/\/minubaltic.ee\/lt\/e-pood\/raschel-antklodes\/raschel-antklodes-200-230\/dvisluoksne-raschel-antklode-201-9\/\" \/>\n<meta property=\"article:publisher\" content=\"https:\/\/www.facebook.com\/minubaltic\" \/>\n<meta property=\"article:modified_time\" content=\"2024-04-13T15:44:36+00:00\" \/>\n<meta property=\"og:image\" content=\"https:\/\/minubaltic.ee\/wp-content\/uploads\/2024\/04\/01.jpg\" \/>\n\t<meta property=\"og:image:width\" content=\"650\" \/>\n\t<meta property=\"og:image:height\" content=\"650\" \/>\n\t<meta property=\"og:image:type\" content=\"image\/jpeg\" \/>\n<meta name=\"twitter:card\" content=\"summary_large_image\" \/>\n<meta name=\"twitter:label1\" content=\"Est. reading time\" \/>\n\t<meta name=\"twitter:data1\" content=\"1 minut\u0117\" \/>\n<script type=\"application\/ld+json\" class=\"yoast-schema-graph\">{\"@context\":\"https:\\\/\\\/schema.org\",\"@graph\":[{\"@type\":\"WebPage\",\"@id\":\"https:\\\/\\\/minubaltic.ee\\\/lt\\\/e-pood\\\/raschel-antklodes\\\/raschel-antklodes-200-230\\\/dvisluoksne-raschel-antklode-201-9\\\/\",\"url\":\"https:\\\/\\\/minubaltic.ee\\\/lt\\\/e-pood\\\/raschel-antklodes\\\/raschel-antklodes-200-230\\\/dvisluoksne-raschel-antklode-201-9\\\/\",\"name\":\"Dvisluoksn\u0117 Raschel antklod\u0117 200\u00d7230 - Nuolaida iki -50%\",\"isPartOf\":{\"@id\":\"https:\\\/\\\/minubaltic.ee\\\/lt\\\/#website\"},\"primaryImageOfPage\":{\"@id\":\"https:\\\/\\\/minubaltic.ee\\\/lt\\\/e-pood\\\/raschel-antklodes\\\/raschel-antklodes-200-230\\\/dvisluoksne-raschel-antklode-201-9\\\/#primaryimage\"},\"image\":{\"@id\":\"https:\\\/\\\/minubaltic.ee\\\/lt\\\/e-pood\\\/raschel-antklodes\\\/raschel-antklodes-200-230\\\/dvisluoksne-raschel-antklode-201-9\\\/#primaryimage\"},\"thumbnailUrl\":\"https:\\\/\\\/minubaltic.ee\\\/wp-content\\\/uploads\\\/2024\\\/04\\\/01.jpg\",\"datePublished\":\"2024-04-05T15:56:48+00:00\",\"dateModified\":\"2024-04-13T15:44:36+00:00\",\"description\":\"Antklod\u0117s, \u012evairi\u0173 dyd\u017ei\u0173 antklod\u0117s, Antklod\u0117s visiems met\u0173 laikams, Antklod\u0117s kiekvienai progai, Antklod\u0117s pirkimas, Prabang\u016bs antklod\u0117s\",\"breadcrumb\":{\"@id\":\"https:\\\/\\\/minubaltic.ee\\\/lt\\\/e-pood\\\/raschel-antklodes\\\/raschel-antklodes-200-230\\\/dvisluoksne-raschel-antklode-201-9\\\/#breadcrumb\"},\"inLanguage\":\"lt-LT\",\"potentialAction\":[{\"@type\":\"ReadAction\",\"target\":[\"https:\\\/\\\/minubaltic.ee\\\/lt\\\/e-pood\\\/raschel-antklodes\\\/raschel-antklodes-200-230\\\/dvisluoksne-raschel-antklode-201-9\\\/\"]}]},{\"@type\":\"ImageObject\",\"inLanguage\":\"lt-LT\",\"@id\":\"https:\\\/\\\/minubaltic.ee\\\/lt\\\/e-pood\\\/raschel-antklodes\\\/raschel-antklodes-200-230\\\/dvisluoksne-raschel-antklode-201-9\\\/#primaryimage\",\"url\":\"https:\\\/\\\/minubaltic.ee\\\/wp-content\\\/uploads\\\/2024\\\/04\\\/01.jpg\",\"contentUrl\":\"https:\\\/\\\/minubaltic.ee\\\/wp-content\\\/uploads\\\/2024\\\/04\\\/01.jpg\",\"width\":650,\"height\":650},{\"@type\":\"BreadcrumbList\",\"@id\":\"https:\\\/\\\/minubaltic.ee\\\/lt\\\/e-pood\\\/raschel-antklodes\\\/raschel-antklodes-200-230\\\/dvisluoksne-raschel-antklode-201-9\\\/#breadcrumb\",\"itemListElement\":[{\"@type\":\"ListItem\",\"position\":1,\"name\":\"Home\",\"item\":\"https:\\\/\\\/minubaltic.ee\\\/lt\\\/\"},{\"@type\":\"ListItem\",\"position\":2,\"name\":\"Parduotuv\u0117\",\"item\":\"https:\\\/\\\/minubaltic.ee\\\/lt\\\/parduotuve\\\/\"},{\"@type\":\"ListItem\",\"position\":3,\"name\":\"Dvisluoksn\u0117 Raschel antklod\u0117 200\u00d7230\"}]},{\"@type\":\"WebSite\",\"@id\":\"https:\\\/\\\/minubaltic.ee\\\/lt\\\/#website\",\"url\":\"https:\\\/\\\/minubaltic.ee\\\/lt\\\/\",\"name\":\"minubaltic.ee\",\"description\":\"\",\"publisher\":{\"@id\":\"https:\\\/\\\/minubaltic.ee\\\/lt\\\/#organization\"},\"potentialAction\":[{\"@type\":\"SearchAction\",\"target\":{\"@type\":\"EntryPoint\",\"urlTemplate\":\"https:\\\/\\\/minubaltic.ee\\\/lt\\\/?s={search_term_string}\"},\"query-input\":{\"@type\":\"PropertyValueSpecification\",\"valueRequired\":true,\"valueName\":\"search_term_string\"}}],\"inLanguage\":\"lt-LT\"},{\"@type\":\"Organization\",\"@id\":\"https:\\\/\\\/minubaltic.ee\\\/lt\\\/#organization\",\"name\":\"Minu Baltic O\u00dc\",\"url\":\"https:\\\/\\\/minubaltic.ee\\\/lt\\\/\",\"logo\":{\"@type\":\"ImageObject\",\"inLanguage\":\"lt-LT\",\"@id\":\"https:\\\/\\\/minubaltic.ee\\\/lt\\\/#\\\/schema\\\/logo\\\/image\\\/\",\"url\":\"https:\\\/\\\/minubaltic.ee\\\/wp-content\\\/uploads\\\/2023\\\/10\\\/cropped-cropped-cropped-logo.png\",\"contentUrl\":\"https:\\\/\\\/minubaltic.ee\\\/wp-content\\\/uploads\\\/2023\\\/10\\\/cropped-cropped-cropped-logo.png\",\"width\":500,\"height\":237,\"caption\":\"Minu Baltic O\u00dc\"},\"image\":{\"@id\":\"https:\\\/\\\/minubaltic.ee\\\/lt\\\/#\\\/schema\\\/logo\\\/image\\\/\"},\"sameAs\":[\"https:\\\/\\\/www.facebook.com\\\/minubaltic\"]}]}<\/script>\n<!-- \/ Yoast SEO plugin. -->","yoast_head_json":{"title":"Dvisluoksn\u0117 Raschel antklod\u0117 200\u00d7230 - Nuolaida iki -50%","description":"Antklod\u0117s, \u012evairi\u0173 dyd\u017ei\u0173 antklod\u0117s, Antklod\u0117s visiems met\u0173 laikams, Antklod\u0117s kiekvienai progai, Antklod\u0117s pirkimas, Prabang\u016bs antklod\u0117s","robots":{"index":"index","follow":"follow","max-snippet":"max-snippet:-1","max-image-preview":"max-image-preview:large","max-video-preview":"max-video-preview:-1"},"canonical":"https:\/\/minubaltic.ee\/lt\/e-pood\/raschel-antklodes\/raschel-antklodes-200-230\/dvisluoksne-raschel-antklode-201-9\/","og_locale":"lt_LT","og_type":"article","og_title":"Dvisluoksn\u0117 Raschel antklod\u0117 200\u00d7230 - Nuolaida iki -50%","og_description":"Antklod\u0117s, \u012evairi\u0173 dyd\u017ei\u0173 antklod\u0117s, Antklod\u0117s visiems met\u0173 laikams, Antklod\u0117s kiekvienai progai, Antklod\u0117s pirkimas, Prabang\u016bs antklod\u0117s","og_url":"https:\/\/minubaltic.ee\/lt\/e-pood\/raschel-antklodes\/raschel-antklodes-200-230\/dvisluoksne-raschel-antklode-201-9\/","article_publisher":"https:\/\/www.facebook.com\/minubaltic","article_modified_time":"2024-04-13T15:44:36+00:00","og_image":[{"width":650,"height":650,"url":"https:\/\/minubaltic.ee\/wp-content\/uploads\/2024\/04\/01.jpg","type":"image\/jpeg"}],"twitter_card":"summary_large_image","twitter_misc":{"Est. reading time":"1 minut\u0117"},"schema":{"@context":"https:\/\/schema.org","@graph":[{"@type":"WebPage","@id":"https:\/\/minubaltic.ee\/lt\/e-pood\/raschel-antklodes\/raschel-antklodes-200-230\/dvisluoksne-raschel-antklode-201-9\/","url":"https:\/\/minubaltic.ee\/lt\/e-pood\/raschel-antklodes\/raschel-antklodes-200-230\/dvisluoksne-raschel-antklode-201-9\/","name":"Dvisluoksn\u0117 Raschel antklod\u0117 200\u00d7230 - Nuolaida iki -50%","isPartOf":{"@id":"https:\/\/minubaltic.ee\/lt\/#website"},"primaryImageOfPage":{"@id":"https:\/\/minubaltic.ee\/lt\/e-pood\/raschel-antklodes\/raschel-antklodes-200-230\/dvisluoksne-raschel-antklode-201-9\/#primaryimage"},"image":{"@id":"https:\/\/minubaltic.ee\/lt\/e-pood\/raschel-antklodes\/raschel-antklodes-200-230\/dvisluoksne-raschel-antklode-201-9\/#primaryimage"},"thumbnailUrl":"https:\/\/minubaltic.ee\/wp-content\/uploads\/2024\/04\/01.jpg","datePublished":"2024-04-05T15:56:48+00:00","dateModified":"2024-04-13T15:44:36+00:00","description":"Antklod\u0117s, \u012evairi\u0173 dyd\u017ei\u0173 antklod\u0117s, Antklod\u0117s visiems met\u0173 laikams, Antklod\u0117s kiekvienai progai, Antklod\u0117s pirkimas, Prabang\u016bs antklod\u0117s","breadcrumb":{"@id":"https:\/\/minubaltic.ee\/lt\/e-pood\/raschel-antklodes\/raschel-antklodes-200-230\/dvisluoksne-raschel-antklode-201-9\/#breadcrumb"},"inLanguage":"lt-LT","potentialAction":[{"@type":"ReadAction","target":["https:\/\/minubaltic.ee\/lt\/e-pood\/raschel-antklodes\/raschel-antklodes-200-230\/dvisluoksne-raschel-antklode-201-9\/"]}]},{"@type":"ImageObject","inLanguage":"lt-LT","@id":"https:\/\/minubaltic.ee\/lt\/e-pood\/raschel-antklodes\/raschel-antklodes-200-230\/dvisluoksne-raschel-antklode-201-9\/#primaryimage","url":"https:\/\/minubaltic.ee\/wp-content\/uploads\/2024\/04\/01.jpg","contentUrl":"https:\/\/minubaltic.ee\/wp-content\/uploads\/2024\/04\/01.jpg","width":650,"height":650},{"@type":"BreadcrumbList","@id":"https:\/\/minubaltic.ee\/lt\/e-pood\/raschel-antklodes\/raschel-antklodes-200-230\/dvisluoksne-raschel-antklode-201-9\/#breadcrumb","itemListElement":[{"@type":"ListItem","position":1,"name":"Home","item":"https:\/\/minubaltic.ee\/lt\/"},{"@type":"ListItem","position":2,"name":"Parduotuv\u0117","item":"https:\/\/minubaltic.ee\/lt\/parduotuve\/"},{"@type":"ListItem","position":3,"name":"Dvisluoksn\u0117 Raschel antklod\u0117 200\u00d7230"}]},{"@type":"WebSite","@id":"https:\/\/minubaltic.ee\/lt\/#website","url":"https:\/\/minubaltic.ee\/lt\/","name":"minubaltic.ee","description":"","publisher":{"@id":"https:\/\/minubaltic.ee\/lt\/#organization"},"potentialAction":[{"@type":"SearchAction","target":{"@type":"EntryPoint","urlTemplate":"https:\/\/minubaltic.ee\/lt\/?s={search_term_string}"},"query-input":{"@type":"PropertyValueSpecification","valueRequired":true,"valueName":"search_term_string"}}],"inLanguage":"lt-LT"},{"@type":"Organization","@id":"https:\/\/minubaltic.ee\/lt\/#organization","name":"Minu Baltic O\u00dc","url":"https:\/\/minubaltic.ee\/lt\/","logo":{"@type":"ImageObject","inLanguage":"lt-LT","@id":"https:\/\/minubaltic.ee\/lt\/#\/schema\/logo\/image\/","url":"https:\/\/minubaltic.ee\/wp-content\/uploads\/2023\/10\/cropped-cropped-cropped-logo.png","contentUrl":"https:\/\/minubaltic.ee\/wp-content\/uploads\/2023\/10\/cropped-cropped-cropped-logo.png","width":500,"height":237,"caption":"Minu Baltic O\u00dc"},"image":{"@id":"https:\/\/minubaltic.ee\/lt\/#\/schema\/logo\/image\/"},"sameAs":["https:\/\/www.facebook.com\/minubaltic"]}]}},"_links":{"self":[{"href":"https:\/\/minubaltic.ee\/lt\/wp-json\/wp\/v2\/product\/23329","targetHints":{"allow":["GET"]}}],"collection":[{"href":"https:\/\/minubaltic.ee\/lt\/wp-json\/wp\/v2\/product"}],"about":[{"href":"https:\/\/minubaltic.ee\/lt\/wp-json\/wp\/v2\/types\/product"}],"replies":[{"embeddable":true,"href":"https:\/\/minubaltic.ee\/lt\/wp-json\/wp\/v2\/comments?post=23329"}],"version-history":[{"count":0,"href":"https:\/\/minubaltic.ee\/lt\/wp-json\/wp\/v2\/product\/23329\/revisions"}],"wp:featuredmedia":[{"embeddable":true,"href":"https:\/\/minubaltic.ee\/lt\/wp-json\/wp\/v2\/media\/23330"}],"wp:attachment":[{"href":"https:\/\/minubaltic.ee\/lt\/wp-json\/wp\/v2\/media?parent=23329"}],"wp:term":[{"taxonomy":"product_brand","embeddable":true,"href":"https:\/\/minubaltic.ee\/lt\/wp-json\/wp\/v2\/product_brand?post=23329"},{"taxonomy":"product_cat","embeddable":true,"href":"https:\/\/minubaltic.ee\/lt\/wp-json\/wp\/v2\/product_cat?post=23329"},{"taxonomy":"product_tag","embeddable":true,"href":"https:\/\/minubaltic.ee\/lt\/wp-json\/wp\/v2\/product_tag?post=23329"}],"curies":[{"name":"wp","href":"https:\/\/api.w.org\/{rel}","templated":true}]}}