{"id":17488,"date":"2024-02-10T18:25:28","date_gmt":"2024-02-10T15:25:28","guid":{"rendered":"https:\/\/minubaltic.ee\/?post_type=product&#038;p=17488"},"modified":"2025-03-04T23:40:19","modified_gmt":"2025-03-04T20:40:19","slug":"komplekt-naisele-ja-mehele-kls","status":"publish","type":"product","link":"https:\/\/minubaltic.ee\/lt\/e-pood\/priedai\/komplekt-naisele-ja-mehele-kls\/","title":{"rendered":"Komplekt naisele ja mehele (klassik)"},"content":{"rendered":"<p>Kellarihma pikkus ca: 240 mm<br \/>\nKellarihma laius ca: 10 mm<br \/>\nKella korpuse l\u00e4bim\u00f5\u00f5t ca: 38 mm<br \/>\nKella korpuse paksus: umbes 8 mm<br \/>\nKomplektis: 2 x k\u00e4ekell<br \/>\nKellakarp ei kuulu komplekti<\/p>\n","protected":false},"excerpt":{"rendered":"<p>Ava oma stiilin\u00e4gemine uue generatsiooni k\u00e4ekellaga! Ole s\u00e4rav ja enesekindel igas hetkes, kandes elegantsi ja kvaliteeti s\u00fcmboliseerivat kelladisaini. K\u00e4ekellade kollektsioonil on midagi igale maitsele ja stiilile &#8211; alustades minimalistlikust ja puhtast disainist kuni keerukate detailide ja s\u00e4delevate kristallidega mudeliteni.<br \/>\nKellad on loodud vastama aktiivsete ja ambitsioonikate inimeste ootustele, kes soovivad v\u00e4ljendada oma individuaalsust l\u00e4bi elegantsi ja stiili.<br \/>\nK\u00e4ekellad on rohkem kui vaid ajan\u00e4itajad &#8211; need on unikaalsed ja silmapaistvad aksessuaarid, mis t\u00e4iendavad sinu igap\u00e4evast stiili ja muudavad su v\u00e4limuse kauniks ning t\u00e4helepanuv\u00e4\u00e4rseks.<\/p>\n","protected":false},"featured_media":17489,"comment_status":"open","ping_status":"closed","template":"","meta":[],"product_brand":[],"product_cat":[53,246],"product_tag":[158],"class_list":{"0":"post-17488","1":"product","2":"type-product","3":"status-publish","4":"has-post-thumbnail","6":"product_cat-aksessuaarid","7":"product_cat-kaekellad","8":"product_tag-e-pood","10":"first","11":"outofstock","12":"shipping-taxable","13":"purchasable","14":"product-type-simple"},"yoast_head":"<!-- This site is optimized with the Yoast SEO plugin v27.4 - https:\/\/yoast.com\/product\/yoast-seo-wordpress\/ -->\n<title>Komplekt naisele ja mehele (klassik) - Hea hind 4,4\u20ac<\/title>\n<meta name=\"description\" content=\"Spetsiaalselt valitud kollektsioon k\u00e4ekellahuvilistele. Valige meeste ja naiste uusimate kellamudelite hulgast oma stiilile sobiv k\u00e4ekell.\" \/>\n<meta name=\"robots\" content=\"index, follow, max-snippet:-1, max-image-preview:large, max-video-preview:-1\" \/>\n<link rel=\"canonical\" href=\"https:\/\/minubaltic.ee\/lt\/e-pood\/priedai\/komplekt-naisele-ja-mehele-kls\/\" \/>\n<meta property=\"og:locale\" content=\"lt_LT\" \/>\n<meta property=\"og:type\" content=\"article\" \/>\n<meta property=\"og:title\" content=\"Komplekt naisele ja mehele (klassik) - Hea hind 4,4\u20ac\" \/>\n<meta property=\"og:description\" content=\"Spetsiaalselt valitud kollektsioon k\u00e4ekellahuvilistele. Valige meeste ja naiste uusimate kellamudelite hulgast oma stiilile sobiv k\u00e4ekell.\" \/>\n<meta property=\"og:url\" content=\"https:\/\/minubaltic.ee\/lt\/e-pood\/priedai\/komplekt-naisele-ja-mehele-kls\/\" \/>\n<meta property=\"article:publisher\" content=\"https:\/\/www.facebook.com\/minubaltic\" \/>\n<meta property=\"article:modified_time\" content=\"2025-03-04T20:40:19+00:00\" \/>\n<meta property=\"og:image\" content=\"https:\/\/minubaltic.ee\/wp-content\/uploads\/2024\/02\/k-2.jpg\" \/>\n\t<meta property=\"og:image:width\" content=\"960\" \/>\n\t<meta property=\"og:image:height\" content=\"960\" \/>\n\t<meta property=\"og:image:type\" content=\"image\/jpeg\" \/>\n<meta name=\"twitter:card\" content=\"summary_large_image\" \/>\n<meta name=\"twitter:label1\" content=\"Est. reading time\" \/>\n\t<meta name=\"twitter:data1\" content=\"1 minut\u0117\" \/>\n<script type=\"application\/ld+json\" class=\"yoast-schema-graph\">{\"@context\":\"https:\\\/\\\/schema.org\",\"@graph\":[{\"@type\":\"WebPage\",\"@id\":\"https:\\\/\\\/minubaltic.ee\\\/lt\\\/e-pood\\\/priedai\\\/komplekt-naisele-ja-mehele-kls\\\/\",\"url\":\"https:\\\/\\\/minubaltic.ee\\\/lt\\\/e-pood\\\/priedai\\\/komplekt-naisele-ja-mehele-kls\\\/\",\"name\":\"Komplekt naisele ja mehele (klassik) - Hea hind 4,4\u20ac\",\"isPartOf\":{\"@id\":\"https:\\\/\\\/minubaltic.ee\\\/lt\\\/#website\"},\"primaryImageOfPage\":{\"@id\":\"https:\\\/\\\/minubaltic.ee\\\/lt\\\/e-pood\\\/priedai\\\/komplekt-naisele-ja-mehele-kls\\\/#primaryimage\"},\"image\":{\"@id\":\"https:\\\/\\\/minubaltic.ee\\\/lt\\\/e-pood\\\/priedai\\\/komplekt-naisele-ja-mehele-kls\\\/#primaryimage\"},\"thumbnailUrl\":\"https:\\\/\\\/minubaltic.ee\\\/wp-content\\\/uploads\\\/2024\\\/02\\\/k-2.jpg\",\"datePublished\":\"2024-02-10T15:25:28+00:00\",\"dateModified\":\"2025-03-04T20:40:19+00:00\",\"description\":\"Spetsiaalselt valitud kollektsioon k\u00e4ekellahuvilistele. Valige meeste ja naiste uusimate kellamudelite hulgast oma stiilile sobiv k\u00e4ekell.\",\"breadcrumb\":{\"@id\":\"https:\\\/\\\/minubaltic.ee\\\/lt\\\/e-pood\\\/priedai\\\/komplekt-naisele-ja-mehele-kls\\\/#breadcrumb\"},\"inLanguage\":\"lt-LT\",\"potentialAction\":[{\"@type\":\"ReadAction\",\"target\":[\"https:\\\/\\\/minubaltic.ee\\\/lt\\\/e-pood\\\/priedai\\\/komplekt-naisele-ja-mehele-kls\\\/\"]}]},{\"@type\":\"ImageObject\",\"inLanguage\":\"lt-LT\",\"@id\":\"https:\\\/\\\/minubaltic.ee\\\/lt\\\/e-pood\\\/priedai\\\/komplekt-naisele-ja-mehele-kls\\\/#primaryimage\",\"url\":\"https:\\\/\\\/minubaltic.ee\\\/wp-content\\\/uploads\\\/2024\\\/02\\\/k-2.jpg\",\"contentUrl\":\"https:\\\/\\\/minubaltic.ee\\\/wp-content\\\/uploads\\\/2024\\\/02\\\/k-2.jpg\",\"width\":960,\"height\":960},{\"@type\":\"BreadcrumbList\",\"@id\":\"https:\\\/\\\/minubaltic.ee\\\/lt\\\/e-pood\\\/priedai\\\/komplekt-naisele-ja-mehele-kls\\\/#breadcrumb\",\"itemListElement\":[{\"@type\":\"ListItem\",\"position\":1,\"name\":\"Home\",\"item\":\"https:\\\/\\\/minubaltic.ee\\\/lt\\\/\"},{\"@type\":\"ListItem\",\"position\":2,\"name\":\"Parduotuv\u0117\",\"item\":\"https:\\\/\\\/minubaltic.ee\\\/lt\\\/parduotuve\\\/\"},{\"@type\":\"ListItem\",\"position\":3,\"name\":\"Komplekt naisele ja mehele (klassik)\"}]},{\"@type\":\"WebSite\",\"@id\":\"https:\\\/\\\/minubaltic.ee\\\/lt\\\/#website\",\"url\":\"https:\\\/\\\/minubaltic.ee\\\/lt\\\/\",\"name\":\"minubaltic.ee\",\"description\":\"\",\"publisher\":{\"@id\":\"https:\\\/\\\/minubaltic.ee\\\/lt\\\/#organization\"},\"potentialAction\":[{\"@type\":\"SearchAction\",\"target\":{\"@type\":\"EntryPoint\",\"urlTemplate\":\"https:\\\/\\\/minubaltic.ee\\\/lt\\\/?s={search_term_string}\"},\"query-input\":{\"@type\":\"PropertyValueSpecification\",\"valueRequired\":true,\"valueName\":\"search_term_string\"}}],\"inLanguage\":\"lt-LT\"},{\"@type\":\"Organization\",\"@id\":\"https:\\\/\\\/minubaltic.ee\\\/lt\\\/#organization\",\"name\":\"Minu Baltic O\u00dc\",\"url\":\"https:\\\/\\\/minubaltic.ee\\\/lt\\\/\",\"logo\":{\"@type\":\"ImageObject\",\"inLanguage\":\"lt-LT\",\"@id\":\"https:\\\/\\\/minubaltic.ee\\\/lt\\\/#\\\/schema\\\/logo\\\/image\\\/\",\"url\":\"https:\\\/\\\/minubaltic.ee\\\/wp-content\\\/uploads\\\/2023\\\/10\\\/cropped-cropped-cropped-logo.png\",\"contentUrl\":\"https:\\\/\\\/minubaltic.ee\\\/wp-content\\\/uploads\\\/2023\\\/10\\\/cropped-cropped-cropped-logo.png\",\"width\":500,\"height\":237,\"caption\":\"Minu Baltic O\u00dc\"},\"image\":{\"@id\":\"https:\\\/\\\/minubaltic.ee\\\/lt\\\/#\\\/schema\\\/logo\\\/image\\\/\"},\"sameAs\":[\"https:\\\/\\\/www.facebook.com\\\/minubaltic\"]}]}<\/script>\n<!-- \/ Yoast SEO plugin. -->","yoast_head_json":{"title":"Komplekt naisele ja mehele (klassik) - Hea hind 4,4\u20ac","description":"Spetsiaalselt valitud kollektsioon k\u00e4ekellahuvilistele. Valige meeste ja naiste uusimate kellamudelite hulgast oma stiilile sobiv k\u00e4ekell.","robots":{"index":"index","follow":"follow","max-snippet":"max-snippet:-1","max-image-preview":"max-image-preview:large","max-video-preview":"max-video-preview:-1"},"canonical":"https:\/\/minubaltic.ee\/lt\/e-pood\/priedai\/komplekt-naisele-ja-mehele-kls\/","og_locale":"lt_LT","og_type":"article","og_title":"Komplekt naisele ja mehele (klassik) - Hea hind 4,4\u20ac","og_description":"Spetsiaalselt valitud kollektsioon k\u00e4ekellahuvilistele. Valige meeste ja naiste uusimate kellamudelite hulgast oma stiilile sobiv k\u00e4ekell.","og_url":"https:\/\/minubaltic.ee\/lt\/e-pood\/priedai\/komplekt-naisele-ja-mehele-kls\/","article_publisher":"https:\/\/www.facebook.com\/minubaltic","article_modified_time":"2025-03-04T20:40:19+00:00","og_image":[{"width":960,"height":960,"url":"https:\/\/minubaltic.ee\/wp-content\/uploads\/2024\/02\/k-2.jpg","type":"image\/jpeg"}],"twitter_card":"summary_large_image","twitter_misc":{"Est. reading time":"1 minut\u0117"},"schema":{"@context":"https:\/\/schema.org","@graph":[{"@type":"WebPage","@id":"https:\/\/minubaltic.ee\/lt\/e-pood\/priedai\/komplekt-naisele-ja-mehele-kls\/","url":"https:\/\/minubaltic.ee\/lt\/e-pood\/priedai\/komplekt-naisele-ja-mehele-kls\/","name":"Komplekt naisele ja mehele (klassik) - Hea hind 4,4\u20ac","isPartOf":{"@id":"https:\/\/minubaltic.ee\/lt\/#website"},"primaryImageOfPage":{"@id":"https:\/\/minubaltic.ee\/lt\/e-pood\/priedai\/komplekt-naisele-ja-mehele-kls\/#primaryimage"},"image":{"@id":"https:\/\/minubaltic.ee\/lt\/e-pood\/priedai\/komplekt-naisele-ja-mehele-kls\/#primaryimage"},"thumbnailUrl":"https:\/\/minubaltic.ee\/wp-content\/uploads\/2024\/02\/k-2.jpg","datePublished":"2024-02-10T15:25:28+00:00","dateModified":"2025-03-04T20:40:19+00:00","description":"Spetsiaalselt valitud kollektsioon k\u00e4ekellahuvilistele. Valige meeste ja naiste uusimate kellamudelite hulgast oma stiilile sobiv k\u00e4ekell.","breadcrumb":{"@id":"https:\/\/minubaltic.ee\/lt\/e-pood\/priedai\/komplekt-naisele-ja-mehele-kls\/#breadcrumb"},"inLanguage":"lt-LT","potentialAction":[{"@type":"ReadAction","target":["https:\/\/minubaltic.ee\/lt\/e-pood\/priedai\/komplekt-naisele-ja-mehele-kls\/"]}]},{"@type":"ImageObject","inLanguage":"lt-LT","@id":"https:\/\/minubaltic.ee\/lt\/e-pood\/priedai\/komplekt-naisele-ja-mehele-kls\/#primaryimage","url":"https:\/\/minubaltic.ee\/wp-content\/uploads\/2024\/02\/k-2.jpg","contentUrl":"https:\/\/minubaltic.ee\/wp-content\/uploads\/2024\/02\/k-2.jpg","width":960,"height":960},{"@type":"BreadcrumbList","@id":"https:\/\/minubaltic.ee\/lt\/e-pood\/priedai\/komplekt-naisele-ja-mehele-kls\/#breadcrumb","itemListElement":[{"@type":"ListItem","position":1,"name":"Home","item":"https:\/\/minubaltic.ee\/lt\/"},{"@type":"ListItem","position":2,"name":"Parduotuv\u0117","item":"https:\/\/minubaltic.ee\/lt\/parduotuve\/"},{"@type":"ListItem","position":3,"name":"Komplekt naisele ja mehele (klassik)"}]},{"@type":"WebSite","@id":"https:\/\/minubaltic.ee\/lt\/#website","url":"https:\/\/minubaltic.ee\/lt\/","name":"minubaltic.ee","description":"","publisher":{"@id":"https:\/\/minubaltic.ee\/lt\/#organization"},"potentialAction":[{"@type":"SearchAction","target":{"@type":"EntryPoint","urlTemplate":"https:\/\/minubaltic.ee\/lt\/?s={search_term_string}"},"query-input":{"@type":"PropertyValueSpecification","valueRequired":true,"valueName":"search_term_string"}}],"inLanguage":"lt-LT"},{"@type":"Organization","@id":"https:\/\/minubaltic.ee\/lt\/#organization","name":"Minu Baltic O\u00dc","url":"https:\/\/minubaltic.ee\/lt\/","logo":{"@type":"ImageObject","inLanguage":"lt-LT","@id":"https:\/\/minubaltic.ee\/lt\/#\/schema\/logo\/image\/","url":"https:\/\/minubaltic.ee\/wp-content\/uploads\/2023\/10\/cropped-cropped-cropped-logo.png","contentUrl":"https:\/\/minubaltic.ee\/wp-content\/uploads\/2023\/10\/cropped-cropped-cropped-logo.png","width":500,"height":237,"caption":"Minu Baltic O\u00dc"},"image":{"@id":"https:\/\/minubaltic.ee\/lt\/#\/schema\/logo\/image\/"},"sameAs":["https:\/\/www.facebook.com\/minubaltic"]}]}},"_links":{"self":[{"href":"https:\/\/minubaltic.ee\/lt\/wp-json\/wp\/v2\/product\/17488","targetHints":{"allow":["GET"]}}],"collection":[{"href":"https:\/\/minubaltic.ee\/lt\/wp-json\/wp\/v2\/product"}],"about":[{"href":"https:\/\/minubaltic.ee\/lt\/wp-json\/wp\/v2\/types\/product"}],"replies":[{"embeddable":true,"href":"https:\/\/minubaltic.ee\/lt\/wp-json\/wp\/v2\/comments?post=17488"}],"version-history":[{"count":1,"href":"https:\/\/minubaltic.ee\/lt\/wp-json\/wp\/v2\/product\/17488\/revisions"}],"predecessor-version":[{"id":43561,"href":"https:\/\/minubaltic.ee\/lt\/wp-json\/wp\/v2\/product\/17488\/revisions\/43561"}],"wp:featuredmedia":[{"embeddable":true,"href":"https:\/\/minubaltic.ee\/lt\/wp-json\/wp\/v2\/media\/17489"}],"wp:attachment":[{"href":"https:\/\/minubaltic.ee\/lt\/wp-json\/wp\/v2\/media?parent=17488"}],"wp:term":[{"taxonomy":"product_brand","embeddable":true,"href":"https:\/\/minubaltic.ee\/lt\/wp-json\/wp\/v2\/product_brand?post=17488"},{"taxonomy":"product_cat","embeddable":true,"href":"https:\/\/minubaltic.ee\/lt\/wp-json\/wp\/v2\/product_cat?post=17488"},{"taxonomy":"product_tag","embeddable":true,"href":"https:\/\/minubaltic.ee\/lt\/wp-json\/wp\/v2\/product_tag?post=17488"}],"curies":[{"name":"wp","href":"https:\/\/api.w.org\/{rel}","templated":true}]}}