{"id":16744,"date":"2023-12-19T17:08:39","date_gmt":"2023-12-19T14:08:39","guid":{"rendered":"https:\/\/minubaltic.ee\/?post_type=product&#038;p=16744"},"modified":"2025-03-04T23:49:08","modified_gmt":"2025-03-04T20:49:08","slug":"voodipesukomplekt-satiinpuuvillane-200x220-hobune","status":"publish","type":"product","link":"https:\/\/minubaltic.ee\/lt\/e-pood\/patalynes-komplektai\/voodipesukomplekt-satiinpuuvillane-200x220-hobune\/","title":{"rendered":"Voodipesukomplekt satiinpuuvillane 200\u00d7220"},"content":{"rendered":"<ul>\n<li><span class=\"product-attribute__label\"><strong>Kanga koostis: <\/strong>100% puuvillasatiin<\/span><\/li>\n<li><strong>Tekikott<span class=\"product-attribute__label\">:<\/span><\/strong> 200\u00d7220<\/li>\n<li><strong>Lina<span class=\"product-attribute__label\">:<\/span><\/strong> 200\u00d7230<\/li>\n<li><strong>Padjap\u00fc\u00fcr<span class=\"product-attribute__label\">:<\/span><\/strong> 70\u00d780 (2tk)<\/li>\n<li>Toodete pildid on illustratiivsed<\/li>\n<\/ul>\n","protected":false},"excerpt":{"rendered":"<p>200\u00d7220 (tekikott 200\u00d7220, lina 200\u00d7230, 2 padjap\u00fc\u00fcri 70\u00d780)<\/p>\n","protected":false},"featured_media":16777,"comment_status":"open","ping_status":"closed","template":"","meta":[],"product_brand":[],"product_cat":[25,232],"product_tag":[156,158,160],"class_list":{"0":"post-16744","1":"product","2":"type-product","3":"status-publish","4":"has-post-thumbnail","6":"product_cat-voodipesu","7":"product_cat-voodipesu-200-220","8":"product_tag-e-kaubandus","9":"product_tag-e-pood","10":"product_tag-e-tekstiil","12":"first","13":"outofstock","14":"sale","15":"shipping-taxable","16":"purchasable","17":"product-type-simple"},"yoast_head":"<!-- This site is optimized with the Yoast SEO plugin v27.3 - https:\/\/yoast.com\/product\/yoast-seo-wordpress\/ -->\n<title>Voodipesukomplekt satiinpuuvillane 200\u00d7220 - Satiinist voodipesu<\/title>\n<meta name=\"description\" content=\"\u00d6koloogiline voodipesu, Satiinist voodipesu, Puuvillane voodipesu, Tekikomplektid, Voodipesu komplektid soodushinnaga, Soodne voodipesu, Hobune voodipesu\" \/>\n<meta name=\"robots\" content=\"index, follow, max-snippet:-1, max-image-preview:large, max-video-preview:-1\" \/>\n<link rel=\"canonical\" href=\"https:\/\/minubaltic.ee\/lt\/e-pood\/patalynes-komplektai\/voodipesukomplekt-satiinpuuvillane-200x220-hobune\/\" \/>\n<meta property=\"og:locale\" content=\"lt_LT\" \/>\n<meta property=\"og:type\" content=\"article\" \/>\n<meta property=\"og:title\" content=\"Voodipesukomplekt satiinpuuvillane 200\u00d7220 - Satiinist voodipesu\" \/>\n<meta property=\"og:description\" content=\"\u00d6koloogiline voodipesu, Satiinist voodipesu, Puuvillane voodipesu, Tekikomplektid, Voodipesu komplektid soodushinnaga, Soodne voodipesu, Hobune voodipesu\" \/>\n<meta property=\"og:url\" content=\"https:\/\/minubaltic.ee\/lt\/e-pood\/patalynes-komplektai\/voodipesukomplekt-satiinpuuvillane-200x220-hobune\/\" \/>\n<meta property=\"article:publisher\" content=\"https:\/\/www.facebook.com\/minubaltic\" \/>\n<meta property=\"article:modified_time\" content=\"2025-03-04T20:49:08+00:00\" \/>\n<meta property=\"og:image\" content=\"https:\/\/minubaltic.ee\/wp-content\/uploads\/2023\/12\/oie_19213354v5UcyNWi-1.png\" \/>\n\t<meta property=\"og:image:width\" content=\"518\" \/>\n\t<meta property=\"og:image:height\" content=\"518\" \/>\n\t<meta property=\"og:image:type\" content=\"image\/png\" \/>\n<meta name=\"twitter:card\" content=\"summary_large_image\" \/>\n<meta name=\"twitter:label1\" content=\"Est. reading time\" \/>\n\t<meta name=\"twitter:data1\" content=\"1 minut\u0117\" \/>\n<script type=\"application\/ld+json\" class=\"yoast-schema-graph\">{\"@context\":\"https:\\\/\\\/schema.org\",\"@graph\":[{\"@type\":\"WebPage\",\"@id\":\"https:\\\/\\\/minubaltic.ee\\\/lt\\\/e-pood\\\/patalynes-komplektai\\\/voodipesukomplekt-satiinpuuvillane-200x220-hobune\\\/\",\"url\":\"https:\\\/\\\/minubaltic.ee\\\/lt\\\/e-pood\\\/patalynes-komplektai\\\/voodipesukomplekt-satiinpuuvillane-200x220-hobune\\\/\",\"name\":\"Voodipesukomplekt satiinpuuvillane 200\u00d7220 - Satiinist voodipesu\",\"isPartOf\":{\"@id\":\"https:\\\/\\\/minubaltic.ee\\\/lt\\\/#website\"},\"primaryImageOfPage\":{\"@id\":\"https:\\\/\\\/minubaltic.ee\\\/lt\\\/e-pood\\\/patalynes-komplektai\\\/voodipesukomplekt-satiinpuuvillane-200x220-hobune\\\/#primaryimage\"},\"image\":{\"@id\":\"https:\\\/\\\/minubaltic.ee\\\/lt\\\/e-pood\\\/patalynes-komplektai\\\/voodipesukomplekt-satiinpuuvillane-200x220-hobune\\\/#primaryimage\"},\"thumbnailUrl\":\"https:\\\/\\\/minubaltic.ee\\\/wp-content\\\/uploads\\\/2023\\\/12\\\/oie_19213354v5UcyNWi-1.png\",\"datePublished\":\"2023-12-19T14:08:39+00:00\",\"dateModified\":\"2025-03-04T20:49:08+00:00\",\"description\":\"\u00d6koloogiline voodipesu, Satiinist voodipesu, Puuvillane voodipesu, Tekikomplektid, Voodipesu komplektid soodushinnaga, Soodne voodipesu, Hobune voodipesu\",\"breadcrumb\":{\"@id\":\"https:\\\/\\\/minubaltic.ee\\\/lt\\\/e-pood\\\/patalynes-komplektai\\\/voodipesukomplekt-satiinpuuvillane-200x220-hobune\\\/#breadcrumb\"},\"inLanguage\":\"lt-LT\",\"potentialAction\":[{\"@type\":\"ReadAction\",\"target\":[\"https:\\\/\\\/minubaltic.ee\\\/lt\\\/e-pood\\\/patalynes-komplektai\\\/voodipesukomplekt-satiinpuuvillane-200x220-hobune\\\/\"]}]},{\"@type\":\"ImageObject\",\"inLanguage\":\"lt-LT\",\"@id\":\"https:\\\/\\\/minubaltic.ee\\\/lt\\\/e-pood\\\/patalynes-komplektai\\\/voodipesukomplekt-satiinpuuvillane-200x220-hobune\\\/#primaryimage\",\"url\":\"https:\\\/\\\/minubaltic.ee\\\/wp-content\\\/uploads\\\/2023\\\/12\\\/oie_19213354v5UcyNWi-1.png\",\"contentUrl\":\"https:\\\/\\\/minubaltic.ee\\\/wp-content\\\/uploads\\\/2023\\\/12\\\/oie_19213354v5UcyNWi-1.png\",\"width\":518,\"height\":518},{\"@type\":\"BreadcrumbList\",\"@id\":\"https:\\\/\\\/minubaltic.ee\\\/lt\\\/e-pood\\\/patalynes-komplektai\\\/voodipesukomplekt-satiinpuuvillane-200x220-hobune\\\/#breadcrumb\",\"itemListElement\":[{\"@type\":\"ListItem\",\"position\":1,\"name\":\"Home\",\"item\":\"https:\\\/\\\/minubaltic.ee\\\/lt\\\/\"},{\"@type\":\"ListItem\",\"position\":2,\"name\":\"Parduotuv\u0117\",\"item\":\"https:\\\/\\\/minubaltic.ee\\\/lt\\\/parduotuve\\\/\"},{\"@type\":\"ListItem\",\"position\":3,\"name\":\"Voodipesukomplekt satiinpuuvillane 200\u00d7220\"}]},{\"@type\":\"WebSite\",\"@id\":\"https:\\\/\\\/minubaltic.ee\\\/lt\\\/#website\",\"url\":\"https:\\\/\\\/minubaltic.ee\\\/lt\\\/\",\"name\":\"minubaltic.ee\",\"description\":\"\",\"publisher\":{\"@id\":\"https:\\\/\\\/minubaltic.ee\\\/lt\\\/#organization\"},\"potentialAction\":[{\"@type\":\"SearchAction\",\"target\":{\"@type\":\"EntryPoint\",\"urlTemplate\":\"https:\\\/\\\/minubaltic.ee\\\/lt\\\/?s={search_term_string}\"},\"query-input\":{\"@type\":\"PropertyValueSpecification\",\"valueRequired\":true,\"valueName\":\"search_term_string\"}}],\"inLanguage\":\"lt-LT\"},{\"@type\":\"Organization\",\"@id\":\"https:\\\/\\\/minubaltic.ee\\\/lt\\\/#organization\",\"name\":\"Minu Baltic O\u00dc\",\"url\":\"https:\\\/\\\/minubaltic.ee\\\/lt\\\/\",\"logo\":{\"@type\":\"ImageObject\",\"inLanguage\":\"lt-LT\",\"@id\":\"https:\\\/\\\/minubaltic.ee\\\/lt\\\/#\\\/schema\\\/logo\\\/image\\\/\",\"url\":\"https:\\\/\\\/minubaltic.ee\\\/wp-content\\\/uploads\\\/2023\\\/10\\\/cropped-cropped-cropped-logo.png\",\"contentUrl\":\"https:\\\/\\\/minubaltic.ee\\\/wp-content\\\/uploads\\\/2023\\\/10\\\/cropped-cropped-cropped-logo.png\",\"width\":500,\"height\":237,\"caption\":\"Minu Baltic O\u00dc\"},\"image\":{\"@id\":\"https:\\\/\\\/minubaltic.ee\\\/lt\\\/#\\\/schema\\\/logo\\\/image\\\/\"},\"sameAs\":[\"https:\\\/\\\/www.facebook.com\\\/minubaltic\"]}]}<\/script>\n<!-- \/ Yoast SEO plugin. -->","yoast_head_json":{"title":"Voodipesukomplekt satiinpuuvillane 200\u00d7220 - Satiinist voodipesu","description":"\u00d6koloogiline voodipesu, Satiinist voodipesu, Puuvillane voodipesu, Tekikomplektid, Voodipesu komplektid soodushinnaga, Soodne voodipesu, Hobune voodipesu","robots":{"index":"index","follow":"follow","max-snippet":"max-snippet:-1","max-image-preview":"max-image-preview:large","max-video-preview":"max-video-preview:-1"},"canonical":"https:\/\/minubaltic.ee\/lt\/e-pood\/patalynes-komplektai\/voodipesukomplekt-satiinpuuvillane-200x220-hobune\/","og_locale":"lt_LT","og_type":"article","og_title":"Voodipesukomplekt satiinpuuvillane 200\u00d7220 - Satiinist voodipesu","og_description":"\u00d6koloogiline voodipesu, Satiinist voodipesu, Puuvillane voodipesu, Tekikomplektid, Voodipesu komplektid soodushinnaga, Soodne voodipesu, Hobune voodipesu","og_url":"https:\/\/minubaltic.ee\/lt\/e-pood\/patalynes-komplektai\/voodipesukomplekt-satiinpuuvillane-200x220-hobune\/","article_publisher":"https:\/\/www.facebook.com\/minubaltic","article_modified_time":"2025-03-04T20:49:08+00:00","og_image":[{"width":518,"height":518,"url":"https:\/\/minubaltic.ee\/wp-content\/uploads\/2023\/12\/oie_19213354v5UcyNWi-1.png","type":"image\/png"}],"twitter_card":"summary_large_image","twitter_misc":{"Est. reading time":"1 minut\u0117"},"schema":{"@context":"https:\/\/schema.org","@graph":[{"@type":"WebPage","@id":"https:\/\/minubaltic.ee\/lt\/e-pood\/patalynes-komplektai\/voodipesukomplekt-satiinpuuvillane-200x220-hobune\/","url":"https:\/\/minubaltic.ee\/lt\/e-pood\/patalynes-komplektai\/voodipesukomplekt-satiinpuuvillane-200x220-hobune\/","name":"Voodipesukomplekt satiinpuuvillane 200\u00d7220 - Satiinist voodipesu","isPartOf":{"@id":"https:\/\/minubaltic.ee\/lt\/#website"},"primaryImageOfPage":{"@id":"https:\/\/minubaltic.ee\/lt\/e-pood\/patalynes-komplektai\/voodipesukomplekt-satiinpuuvillane-200x220-hobune\/#primaryimage"},"image":{"@id":"https:\/\/minubaltic.ee\/lt\/e-pood\/patalynes-komplektai\/voodipesukomplekt-satiinpuuvillane-200x220-hobune\/#primaryimage"},"thumbnailUrl":"https:\/\/minubaltic.ee\/wp-content\/uploads\/2023\/12\/oie_19213354v5UcyNWi-1.png","datePublished":"2023-12-19T14:08:39+00:00","dateModified":"2025-03-04T20:49:08+00:00","description":"\u00d6koloogiline voodipesu, Satiinist voodipesu, Puuvillane voodipesu, Tekikomplektid, Voodipesu komplektid soodushinnaga, Soodne voodipesu, Hobune voodipesu","breadcrumb":{"@id":"https:\/\/minubaltic.ee\/lt\/e-pood\/patalynes-komplektai\/voodipesukomplekt-satiinpuuvillane-200x220-hobune\/#breadcrumb"},"inLanguage":"lt-LT","potentialAction":[{"@type":"ReadAction","target":["https:\/\/minubaltic.ee\/lt\/e-pood\/patalynes-komplektai\/voodipesukomplekt-satiinpuuvillane-200x220-hobune\/"]}]},{"@type":"ImageObject","inLanguage":"lt-LT","@id":"https:\/\/minubaltic.ee\/lt\/e-pood\/patalynes-komplektai\/voodipesukomplekt-satiinpuuvillane-200x220-hobune\/#primaryimage","url":"https:\/\/minubaltic.ee\/wp-content\/uploads\/2023\/12\/oie_19213354v5UcyNWi-1.png","contentUrl":"https:\/\/minubaltic.ee\/wp-content\/uploads\/2023\/12\/oie_19213354v5UcyNWi-1.png","width":518,"height":518},{"@type":"BreadcrumbList","@id":"https:\/\/minubaltic.ee\/lt\/e-pood\/patalynes-komplektai\/voodipesukomplekt-satiinpuuvillane-200x220-hobune\/#breadcrumb","itemListElement":[{"@type":"ListItem","position":1,"name":"Home","item":"https:\/\/minubaltic.ee\/lt\/"},{"@type":"ListItem","position":2,"name":"Parduotuv\u0117","item":"https:\/\/minubaltic.ee\/lt\/parduotuve\/"},{"@type":"ListItem","position":3,"name":"Voodipesukomplekt satiinpuuvillane 200\u00d7220"}]},{"@type":"WebSite","@id":"https:\/\/minubaltic.ee\/lt\/#website","url":"https:\/\/minubaltic.ee\/lt\/","name":"minubaltic.ee","description":"","publisher":{"@id":"https:\/\/minubaltic.ee\/lt\/#organization"},"potentialAction":[{"@type":"SearchAction","target":{"@type":"EntryPoint","urlTemplate":"https:\/\/minubaltic.ee\/lt\/?s={search_term_string}"},"query-input":{"@type":"PropertyValueSpecification","valueRequired":true,"valueName":"search_term_string"}}],"inLanguage":"lt-LT"},{"@type":"Organization","@id":"https:\/\/minubaltic.ee\/lt\/#organization","name":"Minu Baltic O\u00dc","url":"https:\/\/minubaltic.ee\/lt\/","logo":{"@type":"ImageObject","inLanguage":"lt-LT","@id":"https:\/\/minubaltic.ee\/lt\/#\/schema\/logo\/image\/","url":"https:\/\/minubaltic.ee\/wp-content\/uploads\/2023\/10\/cropped-cropped-cropped-logo.png","contentUrl":"https:\/\/minubaltic.ee\/wp-content\/uploads\/2023\/10\/cropped-cropped-cropped-logo.png","width":500,"height":237,"caption":"Minu Baltic O\u00dc"},"image":{"@id":"https:\/\/minubaltic.ee\/lt\/#\/schema\/logo\/image\/"},"sameAs":["https:\/\/www.facebook.com\/minubaltic"]}]}},"_links":{"self":[{"href":"https:\/\/minubaltic.ee\/lt\/wp-json\/wp\/v2\/product\/16744","targetHints":{"allow":["GET"]}}],"collection":[{"href":"https:\/\/minubaltic.ee\/lt\/wp-json\/wp\/v2\/product"}],"about":[{"href":"https:\/\/minubaltic.ee\/lt\/wp-json\/wp\/v2\/types\/product"}],"replies":[{"embeddable":true,"href":"https:\/\/minubaltic.ee\/lt\/wp-json\/wp\/v2\/comments?post=16744"}],"version-history":[{"count":1,"href":"https:\/\/minubaltic.ee\/lt\/wp-json\/wp\/v2\/product\/16744\/revisions"}],"predecessor-version":[{"id":43631,"href":"https:\/\/minubaltic.ee\/lt\/wp-json\/wp\/v2\/product\/16744\/revisions\/43631"}],"wp:featuredmedia":[{"embeddable":true,"href":"https:\/\/minubaltic.ee\/lt\/wp-json\/wp\/v2\/media\/16777"}],"wp:attachment":[{"href":"https:\/\/minubaltic.ee\/lt\/wp-json\/wp\/v2\/media?parent=16744"}],"wp:term":[{"taxonomy":"product_brand","embeddable":true,"href":"https:\/\/minubaltic.ee\/lt\/wp-json\/wp\/v2\/product_brand?post=16744"},{"taxonomy":"product_cat","embeddable":true,"href":"https:\/\/minubaltic.ee\/lt\/wp-json\/wp\/v2\/product_cat?post=16744"},{"taxonomy":"product_tag","embeddable":true,"href":"https:\/\/minubaltic.ee\/lt\/wp-json\/wp\/v2\/product_tag?post=16744"}],"curies":[{"name":"wp","href":"https:\/\/api.w.org\/{rel}","templated":true}]}}