{"id":23956,"date":"2024-01-09T00:24:29","date_gmt":"2024-01-08T21:24:29","guid":{"rendered":"https:\/\/minubaltic.ee\/kaip-uzsisakyti\/"},"modified":"2024-04-13T15:43:54","modified_gmt":"2024-04-13T12:43:54","slug":"kaip-uzsisakyti","status":"publish","type":"page","link":"https:\/\/minubaltic.ee\/lt\/kaip-uzsisakyti\/","title":{"rendered":"Kaip u\u017esisakyti?"},"content":{"rendered":"\t\t<div data-elementor-type=\"wp-page\" data-elementor-id=\"23956\" class=\"elementor elementor-23956 elementor-16935\">\n\t\t\t\t<div class=\"wd-negative-gap elementor-element elementor-element-70d0918 e-flex e-con-boxed e-con e-parent\" data-id=\"70d0918\" data-element_type=\"container\" data-e-type=\"container\">\n\t\t\t\t\t<div class=\"e-con-inner\">\n\t\t<div class=\"elementor-element elementor-element-8c5c209 e-con-full e-flex e-con e-child\" data-id=\"8c5c209\" data-element_type=\"container\" data-e-type=\"container\">\n\t\t\t\t<div class=\"elementor-element elementor-element-82d9e56 elementor-widget elementor-widget-video\" data-id=\"82d9e56\" data-element_type=\"widget\" data-e-type=\"widget\" data-settings=\"{&quot;youtube_url&quot;:&quot;https:\\\/\\\/www.youtube.com\\\/watch?v=I0PPEds2q3U&quot;,&quot;video_type&quot;:&quot;youtube&quot;,&quot;controls&quot;:&quot;yes&quot;}\" data-widget_type=\"video.default\">\n\t\t\t\t<div class=\"elementor-widget-container\">\n\t\t\t\t\t\t\t<div class=\"elementor-wrapper elementor-open-inline\">\n\t\t\t<div class=\"elementor-video\"><\/div>\t\t<\/div>\n\t\t\t\t\t\t<\/div>\n\t\t\t\t<\/div>\n\t\t\t\t<\/div>\n\t\t<div class=\"elementor-element elementor-element-0463a7f e-con-full e-flex e-con e-child\" data-id=\"0463a7f\" data-element_type=\"container\" data-e-type=\"container\">\n\t\t\t\t<\/div>\n\t\t\t\t\t<\/div>\n\t\t\t\t<\/div>\n\t\t\t\t<\/div>\n\t\t","protected":false},"excerpt":{"rendered":"","protected":false},"author":1,"featured_media":0,"parent":0,"menu_order":0,"comment_status":"closed","ping_status":"closed","template":"","meta":{"footnotes":""},"class_list":["post-23956","page","type-page","status-publish","hentry"],"yoast_head":"<!-- This site is optimized with the Yoast SEO plugin v27.4 - https:\/\/yoast.com\/product\/yoast-seo-wordpress\/ -->\n<title>Kaip u\u017esisakyti? - Patalyn\u0117, antklod\u0117s, rank\u0161luos\u010diai<\/title>\n<meta name=\"description\" content=\"Kaip u\u017esisakyti preki\u0173 i\u0161 &quot;My Baltic&quot; elektronin\u0117s parduotuv\u0117s, E-komercija, E-parduotuv\u0117, E-parduotuv\u0117, Vaik\u0173 patalyn\u0117, Vaik\u0173 antklod\u0117s, Tekstil\u0117, Rank\u0161luos\u010diai, Tekstil\u0117, Antklod\u0117s, Vaik\u0173 antklod\u0117s\" \/>\n<meta name=\"robots\" content=\"index, follow, max-snippet:-1, max-image-preview:large, max-video-preview:-1\" \/>\n<link rel=\"canonical\" href=\"https:\/\/minubaltic.ee\/lt\/kaip-uzsisakyti\/\" \/>\n<meta property=\"og:locale\" content=\"lt_LT\" \/>\n<meta property=\"og:type\" content=\"article\" \/>\n<meta property=\"og:title\" content=\"Kaip u\u017esisakyti? - Patalyn\u0117, antklod\u0117s, rank\u0161luos\u010diai\" \/>\n<meta property=\"og:description\" content=\"Kaip u\u017esisakyti preki\u0173 i\u0161 &quot;My Baltic&quot; elektronin\u0117s parduotuv\u0117s, E-komercija, E-parduotuv\u0117, E-parduotuv\u0117, Vaik\u0173 patalyn\u0117, Vaik\u0173 antklod\u0117s, Tekstil\u0117, Rank\u0161luos\u010diai, Tekstil\u0117, Antklod\u0117s, Vaik\u0173 antklod\u0117s\" \/>\n<meta property=\"og:url\" content=\"https:\/\/minubaltic.ee\/lt\/kaip-uzsisakyti\/\" \/>\n<meta property=\"article:publisher\" content=\"https:\/\/www.facebook.com\/minubaltic\" \/>\n<meta property=\"article:modified_time\" content=\"2024-04-13T12:43:54+00:00\" \/>\n<meta name=\"twitter:card\" content=\"summary_large_image\" \/>\n<script type=\"application\/ld+json\" class=\"yoast-schema-graph\">{\"@context\":\"https:\\\/\\\/schema.org\",\"@graph\":[{\"@type\":\"WebPage\",\"@id\":\"https:\\\/\\\/minubaltic.ee\\\/lt\\\/kaip-uzsisakyti\\\/\",\"url\":\"https:\\\/\\\/minubaltic.ee\\\/lt\\\/kaip-uzsisakyti\\\/\",\"name\":\"Kaip u\u017esisakyti? - Patalyn\u0117, antklod\u0117s, rank\u0161luos\u010diai\",\"isPartOf\":{\"@id\":\"https:\\\/\\\/minubaltic.ee\\\/lt\\\/#website\"},\"datePublished\":\"2024-01-08T21:24:29+00:00\",\"dateModified\":\"2024-04-13T12:43:54+00:00\",\"description\":\"Kaip u\u017esisakyti preki\u0173 i\u0161 \\\"My Baltic\\\" elektronin\u0117s parduotuv\u0117s, E-komercija, E-parduotuv\u0117, E-parduotuv\u0117, Vaik\u0173 patalyn\u0117, Vaik\u0173 antklod\u0117s, Tekstil\u0117, Rank\u0161luos\u010diai, Tekstil\u0117, Antklod\u0117s, Vaik\u0173 antklod\u0117s\",\"breadcrumb\":{\"@id\":\"https:\\\/\\\/minubaltic.ee\\\/lt\\\/kaip-uzsisakyti\\\/#breadcrumb\"},\"inLanguage\":\"lt-LT\",\"potentialAction\":[{\"@type\":\"ReadAction\",\"target\":[\"https:\\\/\\\/minubaltic.ee\\\/lt\\\/kaip-uzsisakyti\\\/\"]}]},{\"@type\":\"BreadcrumbList\",\"@id\":\"https:\\\/\\\/minubaltic.ee\\\/lt\\\/kaip-uzsisakyti\\\/#breadcrumb\",\"itemListElement\":[{\"@type\":\"ListItem\",\"position\":1,\"name\":\"Home\",\"item\":\"https:\\\/\\\/minubaltic.ee\\\/lt\\\/\"},{\"@type\":\"ListItem\",\"position\":2,\"name\":\"Kaip u\u017esisakyti?\"}]},{\"@type\":\"WebSite\",\"@id\":\"https:\\\/\\\/minubaltic.ee\\\/lt\\\/#website\",\"url\":\"https:\\\/\\\/minubaltic.ee\\\/lt\\\/\",\"name\":\"minubaltic.ee\",\"description\":\"\",\"publisher\":{\"@id\":\"https:\\\/\\\/minubaltic.ee\\\/lt\\\/#organization\"},\"potentialAction\":[{\"@type\":\"SearchAction\",\"target\":{\"@type\":\"EntryPoint\",\"urlTemplate\":\"https:\\\/\\\/minubaltic.ee\\\/lt\\\/?s={search_term_string}\"},\"query-input\":{\"@type\":\"PropertyValueSpecification\",\"valueRequired\":true,\"valueName\":\"search_term_string\"}}],\"inLanguage\":\"lt-LT\"},{\"@type\":\"Organization\",\"@id\":\"https:\\\/\\\/minubaltic.ee\\\/lt\\\/#organization\",\"name\":\"Minu Baltic O\u00dc\",\"url\":\"https:\\\/\\\/minubaltic.ee\\\/lt\\\/\",\"logo\":{\"@type\":\"ImageObject\",\"inLanguage\":\"lt-LT\",\"@id\":\"https:\\\/\\\/minubaltic.ee\\\/lt\\\/#\\\/schema\\\/logo\\\/image\\\/\",\"url\":\"https:\\\/\\\/minubaltic.ee\\\/wp-content\\\/uploads\\\/2023\\\/10\\\/cropped-cropped-cropped-logo.png\",\"contentUrl\":\"https:\\\/\\\/minubaltic.ee\\\/wp-content\\\/uploads\\\/2023\\\/10\\\/cropped-cropped-cropped-logo.png\",\"width\":500,\"height\":237,\"caption\":\"Minu Baltic O\u00dc\"},\"image\":{\"@id\":\"https:\\\/\\\/minubaltic.ee\\\/lt\\\/#\\\/schema\\\/logo\\\/image\\\/\"},\"sameAs\":[\"https:\\\/\\\/www.facebook.com\\\/minubaltic\"]}]}<\/script>\n<!-- \/ Yoast SEO plugin. -->","yoast_head_json":{"title":"Kaip u\u017esisakyti? - Patalyn\u0117, antklod\u0117s, rank\u0161luos\u010diai","description":"Kaip u\u017esisakyti preki\u0173 i\u0161 \"My Baltic\" elektronin\u0117s parduotuv\u0117s, E-komercija, E-parduotuv\u0117, E-parduotuv\u0117, Vaik\u0173 patalyn\u0117, Vaik\u0173 antklod\u0117s, Tekstil\u0117, Rank\u0161luos\u010diai, Tekstil\u0117, Antklod\u0117s, Vaik\u0173 antklod\u0117s","robots":{"index":"index","follow":"follow","max-snippet":"max-snippet:-1","max-image-preview":"max-image-preview:large","max-video-preview":"max-video-preview:-1"},"canonical":"https:\/\/minubaltic.ee\/lt\/kaip-uzsisakyti\/","og_locale":"lt_LT","og_type":"article","og_title":"Kaip u\u017esisakyti? - Patalyn\u0117, antklod\u0117s, rank\u0161luos\u010diai","og_description":"Kaip u\u017esisakyti preki\u0173 i\u0161 \"My Baltic\" elektronin\u0117s parduotuv\u0117s, E-komercija, E-parduotuv\u0117, E-parduotuv\u0117, Vaik\u0173 patalyn\u0117, Vaik\u0173 antklod\u0117s, Tekstil\u0117, Rank\u0161luos\u010diai, Tekstil\u0117, Antklod\u0117s, Vaik\u0173 antklod\u0117s","og_url":"https:\/\/minubaltic.ee\/lt\/kaip-uzsisakyti\/","article_publisher":"https:\/\/www.facebook.com\/minubaltic","article_modified_time":"2024-04-13T12:43:54+00:00","twitter_card":"summary_large_image","schema":{"@context":"https:\/\/schema.org","@graph":[{"@type":"WebPage","@id":"https:\/\/minubaltic.ee\/lt\/kaip-uzsisakyti\/","url":"https:\/\/minubaltic.ee\/lt\/kaip-uzsisakyti\/","name":"Kaip u\u017esisakyti? - Patalyn\u0117, antklod\u0117s, rank\u0161luos\u010diai","isPartOf":{"@id":"https:\/\/minubaltic.ee\/lt\/#website"},"datePublished":"2024-01-08T21:24:29+00:00","dateModified":"2024-04-13T12:43:54+00:00","description":"Kaip u\u017esisakyti preki\u0173 i\u0161 \"My Baltic\" elektronin\u0117s parduotuv\u0117s, E-komercija, E-parduotuv\u0117, E-parduotuv\u0117, Vaik\u0173 patalyn\u0117, Vaik\u0173 antklod\u0117s, Tekstil\u0117, Rank\u0161luos\u010diai, Tekstil\u0117, Antklod\u0117s, Vaik\u0173 antklod\u0117s","breadcrumb":{"@id":"https:\/\/minubaltic.ee\/lt\/kaip-uzsisakyti\/#breadcrumb"},"inLanguage":"lt-LT","potentialAction":[{"@type":"ReadAction","target":["https:\/\/minubaltic.ee\/lt\/kaip-uzsisakyti\/"]}]},{"@type":"BreadcrumbList","@id":"https:\/\/minubaltic.ee\/lt\/kaip-uzsisakyti\/#breadcrumb","itemListElement":[{"@type":"ListItem","position":1,"name":"Home","item":"https:\/\/minubaltic.ee\/lt\/"},{"@type":"ListItem","position":2,"name":"Kaip u\u017esisakyti?"}]},{"@type":"WebSite","@id":"https:\/\/minubaltic.ee\/lt\/#website","url":"https:\/\/minubaltic.ee\/lt\/","name":"minubaltic.ee","description":"","publisher":{"@id":"https:\/\/minubaltic.ee\/lt\/#organization"},"potentialAction":[{"@type":"SearchAction","target":{"@type":"EntryPoint","urlTemplate":"https:\/\/minubaltic.ee\/lt\/?s={search_term_string}"},"query-input":{"@type":"PropertyValueSpecification","valueRequired":true,"valueName":"search_term_string"}}],"inLanguage":"lt-LT"},{"@type":"Organization","@id":"https:\/\/minubaltic.ee\/lt\/#organization","name":"Minu Baltic O\u00dc","url":"https:\/\/minubaltic.ee\/lt\/","logo":{"@type":"ImageObject","inLanguage":"lt-LT","@id":"https:\/\/minubaltic.ee\/lt\/#\/schema\/logo\/image\/","url":"https:\/\/minubaltic.ee\/wp-content\/uploads\/2023\/10\/cropped-cropped-cropped-logo.png","contentUrl":"https:\/\/minubaltic.ee\/wp-content\/uploads\/2023\/10\/cropped-cropped-cropped-logo.png","width":500,"height":237,"caption":"Minu Baltic O\u00dc"},"image":{"@id":"https:\/\/minubaltic.ee\/lt\/#\/schema\/logo\/image\/"},"sameAs":["https:\/\/www.facebook.com\/minubaltic"]}]}},"_links":{"self":[{"href":"https:\/\/minubaltic.ee\/lt\/wp-json\/wp\/v2\/pages\/23956","targetHints":{"allow":["GET"]}}],"collection":[{"href":"https:\/\/minubaltic.ee\/lt\/wp-json\/wp\/v2\/pages"}],"about":[{"href":"https:\/\/minubaltic.ee\/lt\/wp-json\/wp\/v2\/types\/page"}],"author":[{"embeddable":true,"href":"https:\/\/minubaltic.ee\/lt\/wp-json\/wp\/v2\/users\/1"}],"replies":[{"embeddable":true,"href":"https:\/\/minubaltic.ee\/lt\/wp-json\/wp\/v2\/comments?post=23956"}],"version-history":[{"count":0,"href":"https:\/\/minubaltic.ee\/lt\/wp-json\/wp\/v2\/pages\/23956\/revisions"}],"wp:attachment":[{"href":"https:\/\/minubaltic.ee\/lt\/wp-json\/wp\/v2\/media?parent=23956"}],"curies":[{"name":"wp","href":"https:\/\/api.w.org\/{rel}","templated":true}]}}