{"id":23952,"date":"2023-09-30T13:50:58","date_gmt":"2023-09-30T10:50:58","guid":{"rendered":"https:\/\/minubaltic.ee\/prekiu-grazinimas\/"},"modified":"2024-08-08T11:33:51","modified_gmt":"2024-08-08T08:33:51","slug":"prekiu-grazinimas","status":"publish","type":"page","link":"https:\/\/minubaltic.ee\/lt\/prekiu-grazinimas\/","title":{"rendered":"Preki\u0173 gr\u0105\u017einimas"},"content":{"rendered":"\t\t<div data-elementor-type=\"wp-page\" data-elementor-id=\"23952\" class=\"elementor elementor-23952 elementor-617\">\n\t\t\t\t<div class=\"wd-negative-gap elementor-element elementor-element-bff023c e-flex e-con-boxed e-con e-parent\" data-id=\"bff023c\" data-element_type=\"container\" data-e-type=\"container\">\n\t\t\t\t\t<div class=\"e-con-inner\">\n\t\t\t\t<div class=\"elementor-element elementor-element-5cb92abb color-scheme-inherit text-left elementor-widget elementor-widget-text-editor\" data-id=\"5cb92abb\" data-element_type=\"widget\" data-e-type=\"widget\" data-widget_type=\"text-editor.default\">\n\t\t\t\t<div class=\"elementor-widget-container\">\n\t\t\t\t\t\t\t\t\t<p>\u00a0<\/p><p>Teisingumo ministras 2013 12 17. a Reglamentas Nr. 41<br \/>&#8222;Sutartis, sudaryta naudojantis telekomunikacij\u0173 paslaugomis, ir<br \/>ne prekybai skirtose patalpose sudaryta sutartis.<br \/>standartin\u0119 sutarties atsisakymo form\u0105 ir<br \/>nustatyti pavyzdin\u012f pasitraukimo i\u0161 rinkos elgesio kodeks\u0105&#8221;.<\/p><p><strong>Pastaba: siuntimo i\u0161laidos negr\u0105\u017einamos.<\/strong><\/p><p>\u00a0<\/p>\t\t\t\t\t\t\t\t<\/div>\n\t\t\t\t<\/div>\n\t\t\t\t\t<\/div>\n\t\t\t\t<\/div>\n\t\t<div class=\"wd-negative-gap elementor-element elementor-element-d50a5d0 e-flex e-con-boxed e-con e-parent\" data-id=\"d50a5d0\" data-element_type=\"container\" data-e-type=\"container\">\n\t\t\t\t\t<div class=\"e-con-inner\">\n\t\t\t\t<div class=\"elementor-element elementor-element-e0af6b0 elementor-widget elementor-widget-shortcode\" data-id=\"e0af6b0\" data-element_type=\"widget\" data-e-type=\"widget\" data-widget_type=\"shortcode.default\">\n\t\t\t\t<div class=\"elementor-widget-container\">\n\t\t\t\t\t\t\t<div class=\"elementor-shortcode\"><p class=\"wpcf7-contact-form-not-found\"><strong>Klaida:<\/strong> Kontakt\u0173 forma nerasta.<\/p><\/div>\n\t\t\t\t\t\t<\/div>\n\t\t\t\t<\/div>\n\t\t\t\t\t<\/div>\n\t\t\t\t<\/div>\n\t\t\t\t<\/div>\n\t\t","protected":false},"excerpt":{"rendered":"<p>\u00a0 Teisingumo ministras 2013 12 17. a Reglamentas Nr. 41&#8222;Sutartis, sudaryta naudojantis telekomunikacij\u0173 paslaugomis, irne prekybai skirtose patalpose sudaryta sutartis.standartin\u0119<\/p>\n","protected":false},"author":1,"featured_media":0,"parent":0,"menu_order":0,"comment_status":"closed","ping_status":"closed","template":"","meta":{"footnotes":""},"class_list":["post-23952","page","type-page","status-publish","hentry"],"yoast_head":"<!-- This site is optimized with the Yoast SEO plugin v27.3 - https:\/\/yoast.com\/product\/yoast-seo-wordpress\/ -->\n<title>Preki\u0173 gr\u0105\u017einimas - MinuBaltic.EE<\/title>\n<meta name=\"description\" content=\"Minu Baltic O\u00dc, adresas: Ida-Virumaa, L\u00fcganuse kaimo savivaldyb\u0117, L\u00fcganuse alevik, Papli tn 4-6, 43301, tel. +3725161789.\" \/>\n<meta name=\"robots\" content=\"index, follow, max-snippet:-1, max-image-preview:large, max-video-preview:-1\" \/>\n<link rel=\"canonical\" href=\"https:\/\/minubaltic.ee\/lt\/prekiu-grazinimas\/\" \/>\n<meta property=\"og:locale\" content=\"lt_LT\" \/>\n<meta property=\"og:type\" content=\"article\" \/>\n<meta property=\"og:title\" content=\"Preki\u0173 gr\u0105\u017einimas - MinuBaltic.EE\" \/>\n<meta property=\"og:description\" content=\"Minu Baltic O\u00dc, adresas: Ida-Virumaa, L\u00fcganuse kaimo savivaldyb\u0117, L\u00fcganuse alevik, Papli tn 4-6, 43301, tel. +3725161789.\" \/>\n<meta property=\"og:url\" content=\"https:\/\/minubaltic.ee\/lt\/prekiu-grazinimas\/\" \/>\n<meta property=\"article:publisher\" content=\"https:\/\/www.facebook.com\/minubaltic\" \/>\n<meta property=\"article:modified_time\" content=\"2024-08-08T08:33:51+00:00\" \/>\n<meta name=\"twitter:card\" content=\"summary_large_image\" \/>\n<meta name=\"twitter:label1\" content=\"Est. reading time\" \/>\n\t<meta name=\"twitter:data1\" content=\"1 minut\u0117\" \/>\n<script type=\"application\/ld+json\" class=\"yoast-schema-graph\">{\"@context\":\"https:\\\/\\\/schema.org\",\"@graph\":[{\"@type\":\"WebPage\",\"@id\":\"https:\\\/\\\/minubaltic.ee\\\/lt\\\/prekiu-grazinimas\\\/\",\"url\":\"https:\\\/\\\/minubaltic.ee\\\/lt\\\/prekiu-grazinimas\\\/\",\"name\":\"Preki\u0173 gr\u0105\u017einimas - MinuBaltic.EE\",\"isPartOf\":{\"@id\":\"https:\\\/\\\/minubaltic.ee\\\/lt\\\/#website\"},\"datePublished\":\"2023-09-30T10:50:58+00:00\",\"dateModified\":\"2024-08-08T08:33:51+00:00\",\"description\":\"Minu Baltic O\u00dc, adresas: Ida-Virumaa, L\u00fcganuse kaimo savivaldyb\u0117, L\u00fcganuse alevik, Papli tn 4-6, 43301, tel. +3725161789.\",\"breadcrumb\":{\"@id\":\"https:\\\/\\\/minubaltic.ee\\\/lt\\\/prekiu-grazinimas\\\/#breadcrumb\"},\"inLanguage\":\"lt-LT\",\"potentialAction\":[{\"@type\":\"ReadAction\",\"target\":[\"https:\\\/\\\/minubaltic.ee\\\/lt\\\/prekiu-grazinimas\\\/\"]}]},{\"@type\":\"BreadcrumbList\",\"@id\":\"https:\\\/\\\/minubaltic.ee\\\/lt\\\/prekiu-grazinimas\\\/#breadcrumb\",\"itemListElement\":[{\"@type\":\"ListItem\",\"position\":1,\"name\":\"Home\",\"item\":\"https:\\\/\\\/minubaltic.ee\\\/lt\\\/\"},{\"@type\":\"ListItem\",\"position\":2,\"name\":\"Preki\u0173 gr\u0105\u017einimas\"}]},{\"@type\":\"WebSite\",\"@id\":\"https:\\\/\\\/minubaltic.ee\\\/lt\\\/#website\",\"url\":\"https:\\\/\\\/minubaltic.ee\\\/lt\\\/\",\"name\":\"minubaltic.ee\",\"description\":\"\",\"publisher\":{\"@id\":\"https:\\\/\\\/minubaltic.ee\\\/lt\\\/#organization\"},\"potentialAction\":[{\"@type\":\"SearchAction\",\"target\":{\"@type\":\"EntryPoint\",\"urlTemplate\":\"https:\\\/\\\/minubaltic.ee\\\/lt\\\/?s={search_term_string}\"},\"query-input\":{\"@type\":\"PropertyValueSpecification\",\"valueRequired\":true,\"valueName\":\"search_term_string\"}}],\"inLanguage\":\"lt-LT\"},{\"@type\":\"Organization\",\"@id\":\"https:\\\/\\\/minubaltic.ee\\\/lt\\\/#organization\",\"name\":\"Minu Baltic O\u00dc\",\"url\":\"https:\\\/\\\/minubaltic.ee\\\/lt\\\/\",\"logo\":{\"@type\":\"ImageObject\",\"inLanguage\":\"lt-LT\",\"@id\":\"https:\\\/\\\/minubaltic.ee\\\/lt\\\/#\\\/schema\\\/logo\\\/image\\\/\",\"url\":\"https:\\\/\\\/minubaltic.ee\\\/wp-content\\\/uploads\\\/2023\\\/10\\\/cropped-cropped-cropped-logo.png\",\"contentUrl\":\"https:\\\/\\\/minubaltic.ee\\\/wp-content\\\/uploads\\\/2023\\\/10\\\/cropped-cropped-cropped-logo.png\",\"width\":500,\"height\":237,\"caption\":\"Minu Baltic O\u00dc\"},\"image\":{\"@id\":\"https:\\\/\\\/minubaltic.ee\\\/lt\\\/#\\\/schema\\\/logo\\\/image\\\/\"},\"sameAs\":[\"https:\\\/\\\/www.facebook.com\\\/minubaltic\"]}]}<\/script>\n<!-- \/ Yoast SEO plugin. -->","yoast_head_json":{"title":"Preki\u0173 gr\u0105\u017einimas - MinuBaltic.EE","description":"Minu Baltic O\u00dc, adresas: Ida-Virumaa, L\u00fcganuse kaimo savivaldyb\u0117, L\u00fcganuse alevik, Papli tn 4-6, 43301, tel. +3725161789.","robots":{"index":"index","follow":"follow","max-snippet":"max-snippet:-1","max-image-preview":"max-image-preview:large","max-video-preview":"max-video-preview:-1"},"canonical":"https:\/\/minubaltic.ee\/lt\/prekiu-grazinimas\/","og_locale":"lt_LT","og_type":"article","og_title":"Preki\u0173 gr\u0105\u017einimas - MinuBaltic.EE","og_description":"Minu Baltic O\u00dc, adresas: Ida-Virumaa, L\u00fcganuse kaimo savivaldyb\u0117, L\u00fcganuse alevik, Papli tn 4-6, 43301, tel. +3725161789.","og_url":"https:\/\/minubaltic.ee\/lt\/prekiu-grazinimas\/","article_publisher":"https:\/\/www.facebook.com\/minubaltic","article_modified_time":"2024-08-08T08:33:51+00:00","twitter_card":"summary_large_image","twitter_misc":{"Est. reading time":"1 minut\u0117"},"schema":{"@context":"https:\/\/schema.org","@graph":[{"@type":"WebPage","@id":"https:\/\/minubaltic.ee\/lt\/prekiu-grazinimas\/","url":"https:\/\/minubaltic.ee\/lt\/prekiu-grazinimas\/","name":"Preki\u0173 gr\u0105\u017einimas - MinuBaltic.EE","isPartOf":{"@id":"https:\/\/minubaltic.ee\/lt\/#website"},"datePublished":"2023-09-30T10:50:58+00:00","dateModified":"2024-08-08T08:33:51+00:00","description":"Minu Baltic O\u00dc, adresas: Ida-Virumaa, L\u00fcganuse kaimo savivaldyb\u0117, L\u00fcganuse alevik, Papli tn 4-6, 43301, tel. +3725161789.","breadcrumb":{"@id":"https:\/\/minubaltic.ee\/lt\/prekiu-grazinimas\/#breadcrumb"},"inLanguage":"lt-LT","potentialAction":[{"@type":"ReadAction","target":["https:\/\/minubaltic.ee\/lt\/prekiu-grazinimas\/"]}]},{"@type":"BreadcrumbList","@id":"https:\/\/minubaltic.ee\/lt\/prekiu-grazinimas\/#breadcrumb","itemListElement":[{"@type":"ListItem","position":1,"name":"Home","item":"https:\/\/minubaltic.ee\/lt\/"},{"@type":"ListItem","position":2,"name":"Preki\u0173 gr\u0105\u017einimas"}]},{"@type":"WebSite","@id":"https:\/\/minubaltic.ee\/lt\/#website","url":"https:\/\/minubaltic.ee\/lt\/","name":"minubaltic.ee","description":"","publisher":{"@id":"https:\/\/minubaltic.ee\/lt\/#organization"},"potentialAction":[{"@type":"SearchAction","target":{"@type":"EntryPoint","urlTemplate":"https:\/\/minubaltic.ee\/lt\/?s={search_term_string}"},"query-input":{"@type":"PropertyValueSpecification","valueRequired":true,"valueName":"search_term_string"}}],"inLanguage":"lt-LT"},{"@type":"Organization","@id":"https:\/\/minubaltic.ee\/lt\/#organization","name":"Minu Baltic O\u00dc","url":"https:\/\/minubaltic.ee\/lt\/","logo":{"@type":"ImageObject","inLanguage":"lt-LT","@id":"https:\/\/minubaltic.ee\/lt\/#\/schema\/logo\/image\/","url":"https:\/\/minubaltic.ee\/wp-content\/uploads\/2023\/10\/cropped-cropped-cropped-logo.png","contentUrl":"https:\/\/minubaltic.ee\/wp-content\/uploads\/2023\/10\/cropped-cropped-cropped-logo.png","width":500,"height":237,"caption":"Minu Baltic O\u00dc"},"image":{"@id":"https:\/\/minubaltic.ee\/lt\/#\/schema\/logo\/image\/"},"sameAs":["https:\/\/www.facebook.com\/minubaltic"]}]}},"_links":{"self":[{"href":"https:\/\/minubaltic.ee\/lt\/wp-json\/wp\/v2\/pages\/23952","targetHints":{"allow":["GET"]}}],"collection":[{"href":"https:\/\/minubaltic.ee\/lt\/wp-json\/wp\/v2\/pages"}],"about":[{"href":"https:\/\/minubaltic.ee\/lt\/wp-json\/wp\/v2\/types\/page"}],"author":[{"embeddable":true,"href":"https:\/\/minubaltic.ee\/lt\/wp-json\/wp\/v2\/users\/1"}],"replies":[{"embeddable":true,"href":"https:\/\/minubaltic.ee\/lt\/wp-json\/wp\/v2\/comments?post=23952"}],"version-history":[{"count":3,"href":"https:\/\/minubaltic.ee\/lt\/wp-json\/wp\/v2\/pages\/23952\/revisions"}],"predecessor-version":[{"id":31463,"href":"https:\/\/minubaltic.ee\/lt\/wp-json\/wp\/v2\/pages\/23952\/revisions\/31463"}],"wp:attachment":[{"href":"https:\/\/minubaltic.ee\/lt\/wp-json\/wp\/v2\/media?parent=23952"}],"curies":[{"name":"wp","href":"https:\/\/api.w.org\/{rel}","templated":true}]}}