{"id":23950,"date":"2023-09-30T13:49:48","date_gmt":"2023-09-30T10:49:48","guid":{"rendered":"https:\/\/minubaltic.ee\/salygos-ir-nuostatos\/"},"modified":"2024-04-13T15:36:18","modified_gmt":"2024-04-13T12:36:18","slug":"salygos-ir-nuostatos","status":"publish","type":"page","link":"https:\/\/minubaltic.ee\/lt\/salygos-ir-nuostatos\/","title":{"rendered":"S\u0105lygos ir nuostatos"},"content":{"rendered":"\n<p>PARDAVIMO S\u0104LYGOS<br\/>Internetin\u0117s parduotuv\u0117s &#8221; <strong>Minu Baltic&#8221; (toliau &#8211; Internetin\u0117 parduotuv\u0117) savininkas yra &#8222;Minu Baltic O\u00dc&#8221; (registracijos kodas<br\/>16809904), \u012fsik\u016brusi Ida-Virumaa, L\u00fcganuse parapijoje, L\u00fcganuse kaime, Papli gatv\u0117je 4-6,<br\/>43301<\/strong>.<br\/>Pirkimo-pardavimo sutarties galiojimas, komercin\u0117 ir kain\u0173 informacija<br\/>\u0160ios pardavimo s\u0105lygos taikomos perkant prekes i\u0161 internetin\u0117s parduotuv\u0117s.<br\/>Internetin\u0117je parduotuv\u0117je parduodam\u0173 produkt\u0173 kainos nurodytos prie produkt\u0173. Kaina plius mokestis<br\/>u\u017e preki\u0173 pristatym\u0105. Visos internetin\u0117je parduotuv\u0117je parduodam\u0173 preki\u0173 kainos nurodytos eurais.<br\/>Pristatymo mokestis priklauso nuo pirk\u0117jo buvimo vietos ir pristatymo b\u016bdo.<br\/>Pristatymo mokestis bus nurodytas pirk\u0117jui pateikiant u\u017esakym\u0105.<br\/>Informacija apie prekes pateikiama internetin\u0117je parduotuv\u0117je prie pat preki\u0173.<br\/>U\u017esakymo pateikimas<br\/>Nor\u0117dami u\u017esakyti, \u012f pirkini\u0173 krep\u0161el\u012f turite \u012ftraukti norimus produktus. Nor\u0117dami pateikti u\u017esakym\u0105, turite u\u017epildyti<br\/>reikiamus duomen\u0173 laukus ir pasirinkite tinkam\u0105 pristatymo b\u016bd\u0105. Tada pamatysite<br\/>mokes\u010dio sum\u0105, kuri\u0105 galima saugiai sumok\u0117ti \u0161iais mok\u0117jimo b\u016bdais:<br\/>Bank\u0173 mok\u0117jimai Estijoje: <strong>Swedbank, SEB, Luminor, LHV, Coop Pank, Citadele<br\/>Mok\u0117jimai Visa\/Mastercard kortel\u0117mis<\/strong><br\/>Suomijos bank\u0173 nuorodos: <strong>Aktia, \u00c5landsbanken, Danske, Handelsbanken, Nordea, Oma<br\/><\/strong> S\u00e4\u00e4stopankki <strong>, Pohjola, POP Pankki, S-Pankki, S\u00e4\u00e4stopankki<\/strong>.<br\/>Bank\u0173 mok\u0117jimai Latvijoje: &#8221; <strong>Swedbank&#8221;, SEB, &#8222;Citadele&#8221;, &#8222;Citadele&#8221; ir &#8222;Luminor&#8221;<\/strong>.<br\/>Bank\u0173 mok\u0117jimai Lietuvoje: &#8221; <strong>Swedbank&#8221;, SEB, &#8222;Citadele&#8221;, &#8222;\u0160iauli\u0173&#8221; ir &#8222;Luminor&#8221;<\/strong>.<br\/>NB! Mok\u0117dami banko pavedimu, banko puslapyje b\u016btinai paspauskite mygtuk\u0105 &#8222;Gr\u012f\u017eti pas prekybinink\u0105&#8221;.<br\/>Mok\u0117jimams tarpininkauja <strong>&#8222;Maksekeskus AS&#8221;<\/strong>. Mok\u0117jimas atliekamas ne internetin\u0117je parduotuv\u0117je, saugioje<br\/>saugioje aplinkoje &#8211; mokant banko pavedimu atitinkamo banko saugioje aplinkoje ir kredito kortele.<br\/>mok\u0117ti saugioje<strong> &#8222;Payment Centre AS&#8221; <\/strong>aplinkoje. Prekiautojas neturi prieigos prie kliento banko ir<br\/>kredito kortel\u0117s duomenis. Sutartis \u012fsigalioja nuo mok\u0117tinos sumos gavimo dienos.<br\/>\u012f savo internetin\u0117s parduotuv\u0117s paskyr\u0105.<br\/>Svetain\u0117s savininkas yra asmens duomen\u0173 valdytojas ir mok\u0117jim\u0173 tikslais.<br\/>reikalingus asmens duomenis tvarkytojui<strong> &#8222;Maksekeskus AS&#8221;<\/strong>.<br\/>Jei u\u017esakytos prek\u0117s negali b\u016bti pristatytos d\u0117l pasibaigusio preki\u0173 galiojimo termino arba d\u0117l bet kokios kitos prie\u017easties,<br\/>pirk\u0117jas informuojamas kuo grei\u010diau ir gr\u0105\u017einami visi sumok\u0117ti pinigai (\u012fskaitant preki\u0173 kain\u0105).<br\/>pristatymo i\u0161laidas) nedelsiant, bet ne v\u0117liau kaip per <strong>14 dien\u0173<\/strong> nuo prane\u0161imo i\u0161siuntimo.<\/p>\n\n<p>Pristatymas \u012f<br\/>Prek\u0117s bus siun\u010diamos \u012f \u0161ias \u0161alis: <strong>Estij\u0105<\/strong><br\/>Nor\u0117damas atsiimti prekes, pirk\u0117jas gali rinktis: <strong>&#8222;Itella SmartPost&#8221; siunt\u0173 terminal\u0105, &#8222;Omniva&#8221;<br\/>siunt\u0173 terminal\u0105, DPD siunt\u0173 terminal\u0105<\/strong>.<br\/>Siuntimo i\u0161laidas apmoka pirk\u0117jas, o atitinkama informacija apie kain\u0105 rodoma prie siuntimo b\u016bdo.<br\/>Siuntos Estijoje paprastai pasiekia pirk\u0117jo nurodyt\u0105 paskirties viet\u0105 per <strong>2-7 darbo dienas<\/strong> nuo.<br\/>nuo pirkimo-pardavimo sutarties \u012fsigaliojimo.<br\/>I\u0161imtiniais atvejais turite teis\u0119 reikalauti, kad prek\u0117s b\u016bt\u0173 pristatytos per 45 kalendorines dienas.<br\/>Teis\u0117 atsisakyti sutarties<br\/>Gav\u0119s u\u017esakym\u0105, pirk\u0117jas turi teis\u0119 per <strong>14 dien\u0173<\/strong> atsisakyti e. sutarties.<br\/>apie.<br\/>Teis\u0117 atsisakyti sutarties netaikoma, jei pirk\u0117jas yra juridinis asmuo.<br\/>Norint pasinaudoti <strong>14 dien\u0173<\/strong>gr\u0105\u017einimo teise, u\u017esakytos prek\u0117s turi b\u016bti naudojamos tik.<br\/>b\u016btina, kad b\u016bt\u0173 galima nustatyti preki\u0173 pob\u016bd\u012f, savybes ir veikim\u0105 leid\u017eiamu b\u016bdu.<br\/>i\u0161bandyti prekes fizin\u0117je parduotuv\u0117je.<br\/>Jei prek\u0117s buvo naudojamos kitiems tikslams, nei reikalauja j\u0173 pob\u016bdis, savyb\u0117s ar<br\/>norint \u012fsitikinti, kad ji tinkamai veikia, arba jei ji turi naudojimo ar nusid\u0117v\u0117jimo po\u017eymi\u0173, &#8222;Veebipoel&#8221; turi teis\u0119.<br\/>suma\u017einti gr\u0105\u017einam\u0105 mokest\u012f, atsi\u017evelgiant \u012f suma\u017e\u0117jusi\u0105 preki\u0173 vert\u0119.<br\/>Nor\u0117dami gr\u0105\u017einti prekes, turite pateikti atsisakymo nuo sutarties form\u0105, kurios form\u0105 rasite adresu.<br\/>i\u0161 \u010dia: <a href=\"https:\/\/minubaltic.ee\/taganemisavalduse-vorm\/\">\n  <strong>at\u0161aukimo parei\u0161kimas<\/strong>\n<\/a> ir atsi\u0173skite j\u012f el. pa\u0161tu <strong>info@minubaltic.ee<\/strong><br\/>ne v\u0117liau kaip per <strong>14 dien\u0173<\/strong> nuo preki\u0173 gavimo.<br\/>Preki\u0173 gr\u0105\u017einimo i\u0161laidas apmoka pirk\u0117jas, i\u0161skyrus atvejus, kai preki\u0173 gr\u0105\u017einimo prie\u017eastis yra.<br\/>tai, kad gr\u0105\u017einamas produktas neatitinka u\u017esakyto produkto (pvz., netinkamas arba nekokybi\u0161kas produktas).<br\/>Pirk\u0117jas turi gr\u0105\u017einti prekes per <strong>14 dien\u0173<\/strong> nuo parai\u0161kos pateikimo dienos arba pristatyti prekes \u012f.<br\/>\u012frodymas, kad per min\u0117t\u0105 laikotarp\u012f jis perdav\u0117 prekes ve\u017e\u0117jui.<br\/>Gavusi gr\u0105\u017einamas prekes, internetin\u0117 parduotuv\u0117 nedelsdama, bet ne v\u0117liau kaip iki.<br\/><strong>14 dien\u0173<\/strong> nuo prane\u0161imo apie sutarties atsisakym\u0105 gavimo dienos, visus i\u0161 pirk\u0117jo pagal sutart\u012f gautus mok\u0117jimus.<br\/>mokes\u010diai.<br\/>Internetin\u0117 parduotuv\u0117 gali atsisakyti gr\u0105\u017einti pinigus, jei prek\u0117, d\u0117l kurios sudaryta sutartis, n\u0117ra gr\u0105\u017einta.<br\/>arba kol pirk\u0117jas nepateikia \u012frodym\u0173, kad jis gr\u0105\u017eino prekes, priklausomai nuo konkretaus atvejo,<br\/>kuris \u012fvyksta pirmas.<br\/>Jei pirk\u0117jas ai\u0161kiai pasirinko pigiausi\u0105 i\u0161 \u012fprast\u0173 internetin\u0117s parduotuv\u0117s si\u016blom\u0173 preki\u0173.<br\/>pristatymo b\u016bd\u0105, internetin\u0117 parduotuv\u0117 neprivalo gr\u0105\u017einti vartotojui pinig\u0173.<br\/>kaina, kuri vir\u0161ija \u012fprasto pristatymo b\u016bdo kain\u0105.<\/p>\n\n<p>Jei Klientas neatsiima u\u017esakymo pa\u0161te <strong>arba siunt\u0173 automate<\/strong> per saugojimo laikotarp\u012f,<br\/>u\u017esakymas bus gr\u0105\u017eintas <strong>&#8222;Minu Baltic O\u00dc&#8221;<\/strong>. Kad gaut\u0173 u\u017esakym\u0105, klientas turi sumok\u0117ti.<br\/>Siuntinio gr\u0105\u017einimo ir pakartotinio pristatymo \u012f <strong>Minu Baltic O\u00dc<\/strong> <strong>Omniva\/Itella Smartpost\/DPD<\/strong> i\u0161laidos<br\/>pagal dabartin\u012f kainora\u0161t\u012f. Pagal \u0161\u012f punkt\u0105 pradin\u0117s transportavimo i\u0161laidos negr\u0105\u017einamos.<\/p>\n\n<p>Internetin\u0117 parduotuv\u0117 turi teis\u0119 atsisakyti pardavimo ir susigr\u0105\u017einti prekes i\u0161 pirk\u0117jo, jei preki\u0173 kaina yra.<br\/>internetin\u0117je parduotuv\u0117je buvo klaidingai pa\u017eym\u0117ta gerokai ma\u017eesn\u0117 nei prek\u0117s rinkos kaina.<br\/>Teis\u0117 pateikti skund\u0105<br\/>Internetin\u0117 parduotuv\u0117 atsako u\u017e pirk\u0117jui parduot\u0173 preki\u0173 neatitikim\u0105 ar defektus.<br\/>kurie jau buvo pristatymo metu ir kurie paai\u0161k\u0117s per dvejus metus,<br\/>nuo tada, kai prek\u0117s pristatomos pirk\u0117jui. I\u0161 j\u0173 1 metai nuo preki\u0173 pristatymo pirk\u0117jui.<br\/>daroma prielaida, kad tr\u016bkumas jau buvo pristatymo metu. Atitinkama prielaida<br\/>u\u017e paneigim\u0105 atsako internetin\u0117 parduotuv\u0117.<br\/>Defekto atveju pirk\u0117jas turi teis\u0119 kreiptis \u012f internetin\u0119 parduotuv\u0119 ne v\u0117liau kaip per du m\u0117nesius,<br\/>si\u0173sdami el. lai\u0161k\u0105 adresu <strong>info@minubaltic.ee<\/strong> arba skambindami telefonu <strong>+3725161789<\/strong>.<br\/>Internetin\u0117 parduotuv\u0117 neatsako u\u017e defektus, atsiradusius po to, kai prek\u0117s buvo pristatytos pirk\u0117jui.<br\/>Jei i\u0161 internetin\u0117s parduotuv\u0117s \u012fsigytos prek\u0117s turi defekt\u0173, u\u017e kuriuos atsako internetin\u0117 parduotuv\u0117, internetin\u0117 parduotuv\u0117 pataisys arba.<br\/>internetin\u0117 parduotuv\u0117 pakeis tr\u016bkstamas prekes. Jei preki\u0173 negalima pataisyti ar pakeisti,<br\/>internetin\u0117 parduotuv\u0117 gr\u0105\u017eins Pirk\u0117jui visus mokes\u010dius, sumok\u0117tus u\u017e pirkimo-pardavimo sutart\u012f.<br\/>Internetin\u0117 parduotuv\u0117 \u012f vartotojo skund\u0105 atsako ra\u0161tu arba ra\u0161tu atkuria skundo tekst\u0105.<br\/>15 dien\u0173 formatu.<br\/>Tiesiogin\u0117 rinkodara ir asmens duomen\u0173 tvarkymas<br\/>Internetin\u0117 parduotuv\u0117 pirk\u0117jo pateiktus asmens duomenis naudos tik u\u017esakymui apdoroti ir.<br\/>i\u0161si\u0173sti prekes pirk\u0117jui. Internetin\u0117 parduotuv\u0117 perduoda asmens duomenis transporto paslaug\u0173 \u012fmon\u0117ms<br\/>pristatyti prekes.<br\/>Internetin\u0117 parduotuv\u0117 siun\u010dia naujienlai\u0161kius ir pasi\u016blymus pirk\u0117jo el. pa\u0161to adresu tik tuo atveju, jei.<br\/>pirk\u0117jas i\u0161rei\u0161k\u0117 tok\u012f pageidavim\u0105, nurodydamas savo el. pa\u0161to adres\u0105 interneto svetain\u0117je ir nurodydamas savo<br\/>pageidavim\u0105 gauti tiesioginio pa\u0161to prane\u0161imus.<br\/>Pirk\u0117jai gali bet kada atsisakyti gauti pasi\u016blymus ir naujienlai\u0161kius el. pa\u0161tu.<br\/>informuodami mus el. pa\u0161tu arba vadovaudamiesi el. lai\u0161ke su pasi\u016blymu pateiktais nurodymais.<br\/>Gin\u010d\u0173 sprendimas<br\/>Jei pirk\u0117jas turi koki\u0173 nors nusiskundim\u0173 d\u0117l internetin\u0117s parduotuv\u0117s, jie tur\u0117t\u0173 b\u016bti siun\u010diami elektroniniu pa\u0161tu \u0161iuo adresu.<br\/><strong>info@minubaltic.ee<\/strong> arba skambinkite: <strong>+3725161789<\/strong><br\/>Jei Pirk\u0117jui ir Internetinei parduotuvei nepavyksta i\u0161spr\u0119sti gin\u010do susitarimu, Pirk\u0117jas gali.<br\/>perduoti klausim\u0105 Vartotoj\u0173 gin\u010d\u0173 komitetui. Vartotoj\u0173 gin\u010d\u0173 komitetas yra atsakingas u\u017e<br\/>spr\u0119sti gin\u010dus, kylan\u010dius i\u0161 pirk\u0117jo ir internetin\u0117s parduotuv\u0117s sutarties. Pirk\u0117jo skundas<br\/>Komisijos egzaminas yra nemokamas.<br\/>Pirk\u0117jas gali kreiptis \u012f Europos S\u0105jungos vartotoj\u0173 gin\u010d\u0173 sprendimo platform\u0105.<\/p>\n","protected":false},"excerpt":{"rendered":"<p>PARDAVIMO S\u0104LYGOSInternetin\u0117s parduotuv\u0117s &#8221; Minu Baltic&#8221; (toliau &#8211; Internetin\u0117 parduotuv\u0117) savininkas yra &#8222;Minu Baltic O\u00dc&#8221; (registracijos kodas16809904), \u012fsik\u016brusi Ida-Virumaa, L\u00fcganuse<\/p>\n","protected":false},"author":1,"featured_media":0,"parent":0,"menu_order":0,"comment_status":"closed","ping_status":"closed","template":"","meta":{"footnotes":""},"class_list":["post-23950","page","type-page","status-publish","hentry"],"yoast_head":"<!-- This site is optimized with the Yoast SEO plugin v27.3 - https:\/\/yoast.com\/product\/yoast-seo-wordpress\/ -->\n<title>S\u0105lygos ir nuostatos -<\/title>\n<meta name=\"robots\" content=\"index, follow, max-snippet:-1, max-image-preview:large, max-video-preview:-1\" \/>\n<link rel=\"canonical\" href=\"https:\/\/minubaltic.ee\/lt\/salygos-ir-nuostatos\/\" \/>\n<meta property=\"og:locale\" content=\"lt_LT\" \/>\n<meta property=\"og:type\" content=\"article\" \/>\n<meta property=\"og:title\" content=\"S\u0105lygos ir nuostatos -\" \/>\n<meta property=\"og:description\" content=\"PARDAVIMO S\u0104LYGOSInternetin\u0117s parduotuv\u0117s &#8221; Minu Baltic&#8221; (toliau &#8211; Internetin\u0117 parduotuv\u0117) savininkas yra &#8222;Minu Baltic O\u00dc&#8221; (registracijos kodas16809904), \u012fsik\u016brusi Ida-Virumaa, L\u00fcganuse\" \/>\n<meta property=\"og:url\" content=\"https:\/\/minubaltic.ee\/lt\/salygos-ir-nuostatos\/\" \/>\n<meta property=\"article:publisher\" content=\"https:\/\/www.facebook.com\/minubaltic\" \/>\n<meta property=\"article:modified_time\" content=\"2024-04-13T12:36:18+00:00\" \/>\n<meta name=\"twitter:card\" content=\"summary_large_image\" \/>\n<meta name=\"twitter:label1\" content=\"Est. reading time\" \/>\n\t<meta name=\"twitter:data1\" content=\"6 minut\u0117s\" \/>\n<script type=\"application\/ld+json\" class=\"yoast-schema-graph\">{\"@context\":\"https:\\\/\\\/schema.org\",\"@graph\":[{\"@type\":\"WebPage\",\"@id\":\"https:\\\/\\\/minubaltic.ee\\\/lt\\\/salygos-ir-nuostatos\\\/\",\"url\":\"https:\\\/\\\/minubaltic.ee\\\/lt\\\/salygos-ir-nuostatos\\\/\",\"name\":\"S\u0105lygos ir nuostatos -\",\"isPartOf\":{\"@id\":\"https:\\\/\\\/minubaltic.ee\\\/lt\\\/#website\"},\"datePublished\":\"2023-09-30T10:49:48+00:00\",\"dateModified\":\"2024-04-13T12:36:18+00:00\",\"breadcrumb\":{\"@id\":\"https:\\\/\\\/minubaltic.ee\\\/lt\\\/salygos-ir-nuostatos\\\/#breadcrumb\"},\"inLanguage\":\"lt-LT\",\"potentialAction\":[{\"@type\":\"ReadAction\",\"target\":[\"https:\\\/\\\/minubaltic.ee\\\/lt\\\/salygos-ir-nuostatos\\\/\"]}]},{\"@type\":\"BreadcrumbList\",\"@id\":\"https:\\\/\\\/minubaltic.ee\\\/lt\\\/salygos-ir-nuostatos\\\/#breadcrumb\",\"itemListElement\":[{\"@type\":\"ListItem\",\"position\":1,\"name\":\"Home\",\"item\":\"https:\\\/\\\/minubaltic.ee\\\/lt\\\/\"},{\"@type\":\"ListItem\",\"position\":2,\"name\":\"S\u0105lygos ir nuostatos\"}]},{\"@type\":\"WebSite\",\"@id\":\"https:\\\/\\\/minubaltic.ee\\\/lt\\\/#website\",\"url\":\"https:\\\/\\\/minubaltic.ee\\\/lt\\\/\",\"name\":\"minubaltic.ee\",\"description\":\"\",\"publisher\":{\"@id\":\"https:\\\/\\\/minubaltic.ee\\\/lt\\\/#organization\"},\"potentialAction\":[{\"@type\":\"SearchAction\",\"target\":{\"@type\":\"EntryPoint\",\"urlTemplate\":\"https:\\\/\\\/minubaltic.ee\\\/lt\\\/?s={search_term_string}\"},\"query-input\":{\"@type\":\"PropertyValueSpecification\",\"valueRequired\":true,\"valueName\":\"search_term_string\"}}],\"inLanguage\":\"lt-LT\"},{\"@type\":\"Organization\",\"@id\":\"https:\\\/\\\/minubaltic.ee\\\/lt\\\/#organization\",\"name\":\"Minu Baltic O\u00dc\",\"url\":\"https:\\\/\\\/minubaltic.ee\\\/lt\\\/\",\"logo\":{\"@type\":\"ImageObject\",\"inLanguage\":\"lt-LT\",\"@id\":\"https:\\\/\\\/minubaltic.ee\\\/lt\\\/#\\\/schema\\\/logo\\\/image\\\/\",\"url\":\"https:\\\/\\\/minubaltic.ee\\\/wp-content\\\/uploads\\\/2023\\\/10\\\/cropped-cropped-cropped-logo.png\",\"contentUrl\":\"https:\\\/\\\/minubaltic.ee\\\/wp-content\\\/uploads\\\/2023\\\/10\\\/cropped-cropped-cropped-logo.png\",\"width\":500,\"height\":237,\"caption\":\"Minu Baltic O\u00dc\"},\"image\":{\"@id\":\"https:\\\/\\\/minubaltic.ee\\\/lt\\\/#\\\/schema\\\/logo\\\/image\\\/\"},\"sameAs\":[\"https:\\\/\\\/www.facebook.com\\\/minubaltic\"]}]}<\/script>\n<!-- \/ Yoast SEO plugin. -->","yoast_head_json":{"title":"S\u0105lygos ir nuostatos -","robots":{"index":"index","follow":"follow","max-snippet":"max-snippet:-1","max-image-preview":"max-image-preview:large","max-video-preview":"max-video-preview:-1"},"canonical":"https:\/\/minubaltic.ee\/lt\/salygos-ir-nuostatos\/","og_locale":"lt_LT","og_type":"article","og_title":"S\u0105lygos ir nuostatos -","og_description":"PARDAVIMO S\u0104LYGOSInternetin\u0117s parduotuv\u0117s &#8221; Minu Baltic&#8221; (toliau &#8211; Internetin\u0117 parduotuv\u0117) savininkas yra &#8222;Minu Baltic O\u00dc&#8221; (registracijos kodas16809904), \u012fsik\u016brusi Ida-Virumaa, L\u00fcganuse","og_url":"https:\/\/minubaltic.ee\/lt\/salygos-ir-nuostatos\/","article_publisher":"https:\/\/www.facebook.com\/minubaltic","article_modified_time":"2024-04-13T12:36:18+00:00","twitter_card":"summary_large_image","twitter_misc":{"Est. reading time":"6 minut\u0117s"},"schema":{"@context":"https:\/\/schema.org","@graph":[{"@type":"WebPage","@id":"https:\/\/minubaltic.ee\/lt\/salygos-ir-nuostatos\/","url":"https:\/\/minubaltic.ee\/lt\/salygos-ir-nuostatos\/","name":"S\u0105lygos ir nuostatos -","isPartOf":{"@id":"https:\/\/minubaltic.ee\/lt\/#website"},"datePublished":"2023-09-30T10:49:48+00:00","dateModified":"2024-04-13T12:36:18+00:00","breadcrumb":{"@id":"https:\/\/minubaltic.ee\/lt\/salygos-ir-nuostatos\/#breadcrumb"},"inLanguage":"lt-LT","potentialAction":[{"@type":"ReadAction","target":["https:\/\/minubaltic.ee\/lt\/salygos-ir-nuostatos\/"]}]},{"@type":"BreadcrumbList","@id":"https:\/\/minubaltic.ee\/lt\/salygos-ir-nuostatos\/#breadcrumb","itemListElement":[{"@type":"ListItem","position":1,"name":"Home","item":"https:\/\/minubaltic.ee\/lt\/"},{"@type":"ListItem","position":2,"name":"S\u0105lygos ir nuostatos"}]},{"@type":"WebSite","@id":"https:\/\/minubaltic.ee\/lt\/#website","url":"https:\/\/minubaltic.ee\/lt\/","name":"minubaltic.ee","description":"","publisher":{"@id":"https:\/\/minubaltic.ee\/lt\/#organization"},"potentialAction":[{"@type":"SearchAction","target":{"@type":"EntryPoint","urlTemplate":"https:\/\/minubaltic.ee\/lt\/?s={search_term_string}"},"query-input":{"@type":"PropertyValueSpecification","valueRequired":true,"valueName":"search_term_string"}}],"inLanguage":"lt-LT"},{"@type":"Organization","@id":"https:\/\/minubaltic.ee\/lt\/#organization","name":"Minu Baltic O\u00dc","url":"https:\/\/minubaltic.ee\/lt\/","logo":{"@type":"ImageObject","inLanguage":"lt-LT","@id":"https:\/\/minubaltic.ee\/lt\/#\/schema\/logo\/image\/","url":"https:\/\/minubaltic.ee\/wp-content\/uploads\/2023\/10\/cropped-cropped-cropped-logo.png","contentUrl":"https:\/\/minubaltic.ee\/wp-content\/uploads\/2023\/10\/cropped-cropped-cropped-logo.png","width":500,"height":237,"caption":"Minu Baltic O\u00dc"},"image":{"@id":"https:\/\/minubaltic.ee\/lt\/#\/schema\/logo\/image\/"},"sameAs":["https:\/\/www.facebook.com\/minubaltic"]}]}},"_links":{"self":[{"href":"https:\/\/minubaltic.ee\/lt\/wp-json\/wp\/v2\/pages\/23950","targetHints":{"allow":["GET"]}}],"collection":[{"href":"https:\/\/minubaltic.ee\/lt\/wp-json\/wp\/v2\/pages"}],"about":[{"href":"https:\/\/minubaltic.ee\/lt\/wp-json\/wp\/v2\/types\/page"}],"author":[{"embeddable":true,"href":"https:\/\/minubaltic.ee\/lt\/wp-json\/wp\/v2\/users\/1"}],"replies":[{"embeddable":true,"href":"https:\/\/minubaltic.ee\/lt\/wp-json\/wp\/v2\/comments?post=23950"}],"version-history":[{"count":0,"href":"https:\/\/minubaltic.ee\/lt\/wp-json\/wp\/v2\/pages\/23950\/revisions"}],"wp:attachment":[{"href":"https:\/\/minubaltic.ee\/lt\/wp-json\/wp\/v2\/media?parent=23950"}],"curies":[{"name":"wp","href":"https:\/\/api.w.org\/{rel}","templated":true}]}}