{"id":23948,"date":"2023-10-08T17:36:48","date_gmt":"2023-10-08T14:36:48","guid":{"rendered":"https:\/\/minubaltic.ee\/informacija\/"},"modified":"2025-07-25T23:15:06","modified_gmt":"2025-07-25T20:15:06","slug":"informacija","status":"publish","type":"page","link":"https:\/\/minubaltic.ee\/lt\/informacija\/","title":{"rendered":"Informacija"},"content":{"rendered":"\n<p><\/p>\n\n\n\n<p class=\"has-text-align-center\"><strong>&#8222;Minu Baltic O\u00dc&#8221;<\/strong> &#8211; kokyb\u0117, komfortas ir elegancija j\u016bs\u0173 kasdienyb\u0117je<\/p>\n\n\n\n<p class=\"has-text-align-center\">Sveiki atvyk\u0119 \u012f nuostab\u0173 <strong>&#8222;Minu Baltic O\u00dc&#8221;<\/strong> pasaul\u012f, kuriame mes kuriame namus, apie kuriuos visada svajojote! Did\u017eiuojam\u0117s gal\u0117dami pristatyti jums savo \u012fmon\u0119, kuri u\u017esiima auk\u0161tos kokyb\u0117s tekstil\u0117s gamini\u0173 pardavimu.<\/p>\n\n\n\n<p class=\"has-text-align-center\">M\u016bs\u0173 antklod\u017ei\u0173, vaiki\u0161k\u0173 antklod\u017ei\u0173, rank\u0161luos\u010di\u0173 ir patalyn\u0117s komplekt\u0173 asortimentas yra gausus ir \u012fvairus, ta\u010diau visus m\u016bs\u0173 gaminius vienija viena bendra savyb\u0117 &#8211; kokyb\u0117. Antklod\u0117s su\u0161ildo \u0161altomis naktimis ir suteikia miegamajam spalv\u0173 bei elegancijos. Vaikams skirtos antklod\u0117s yra mink\u0161tos ir jaukios, suteikian\u010dios komforto, kurio reikia, kad jie jaust\u0173si kuo geriau. Rank\u0161luos\u010diai yra mink\u0161ti ir sugeriantys, tod\u0117l kiekvienas rytas ir vakaras yra laiminga akimirka. Miegamojo patalyn\u0117s komplektai sukuria nepakartojam\u0105 atmosfer\u0105 j\u016bs\u0173 miegamajame ir kartu yra mink\u0161ti bei patvar\u016bs.<\/p>\n\n\n\n<p class=\"has-text-align-center\"><strong>&#8222;Minu Baltic O\u00dc&#8221;<\/strong> misija &#8211; pasi\u016blyti jums daugiau nei tik tekstil\u0117s gaminius. Norime \u012f j\u016bs\u0173 gyvenim\u0105 \u012fne\u0161ti komforto, \u0161ilumos ir stiliaus. Norime pad\u0117ti jums sukurti namus, kurie atspind\u0117t\u0173 j\u016bs\u0173 asmenyb\u0119 ir skon\u012f, kuriuose visada jaustum\u0117t\u0117s laukiami ir patogiai.<\/p>\n\n\n\n<p class=\"has-text-align-center\">Be m\u016bs\u0173 gamini\u0173, taip pat turime paslaugi\u0105 komand\u0105, kuri visada pasiruo\u0161usi jums pad\u0117ti ir patarti. Esame \u010dia tam, kad pasidalytume savo \u017einiomis ir patirtimi ir pad\u0117tume jums rasti tobulus tekstil\u0117s gaminius, atitinkan\u010dius j\u016bs\u0173 poreikius ir norus.<\/p>\n\n\n\n<p class=\"has-text-align-center\">Esame d\u0117kingi, kad pasirinkote mus kaip savo nam\u0173 tobulinimo partnerius, ir pa\u017eadame ir toliau pranokti j\u016bs\u0173 l\u016bkes\u010dius visose srityse. D\u0117kojame, kad esate m\u016bs\u0173 \u0161eimos dalis ir leid\u017eiate mums b\u016bti j\u016bs\u0173 nam\u0173 dalimi.<\/p>\n\n\n\n<p class=\"has-text-align-center\">Tarptautiniai klientai gali apsilankyti m\u016bs\u0173 Europos internetin\u0117je parduotuv\u0117je: <a href=\"https:\/\/aztex.ee\/lt\/\">AZTEX<\/a><\/p>\n\n\n\n<p><\/p>\n","protected":false},"excerpt":{"rendered":"<p>&#8222;Minu Baltic O\u00dc&#8221; &#8211; kokyb\u0117, komfortas ir elegancija j\u016bs\u0173 kasdienyb\u0117je Sveiki atvyk\u0119 \u012f nuostab\u0173 &#8222;Minu Baltic O\u00dc&#8221; pasaul\u012f, kuriame mes<\/p>\n","protected":false},"author":1,"featured_media":0,"parent":0,"menu_order":0,"comment_status":"closed","ping_status":"closed","template":"","meta":{"footnotes":""},"class_list":["post-23948","page","type-page","status-publish","hentry"],"yoast_head":"<!-- This site is optimized with the Yoast SEO plugin v27.3 - https:\/\/yoast.com\/product\/yoast-seo-wordpress\/ -->\n<title>Informacija - Minu Baltic O\u00dc<\/title>\n<meta name=\"description\" content=\"Sveiki atvyk\u0119 \u012f nuostab\u0173 Minu Baltic O\u00dc pasaul\u012f, kuriame mes kuriame namus, apie kuriuos visada svajojote! Did\u017eiuojam\u0117s gal\u0117dami pristatyti jums savo \u012fmon\u0119, kuri u\u017esiima auk\u0161tos kokyb\u0117s tekstil\u0117s gamini\u0173 pardavimu.\" \/>\n<meta name=\"robots\" content=\"index, follow, max-snippet:-1, max-image-preview:large, max-video-preview:-1\" \/>\n<link rel=\"canonical\" href=\"https:\/\/minubaltic.ee\/lt\/informacija\/\" \/>\n<meta property=\"og:locale\" content=\"lt_LT\" \/>\n<meta property=\"og:type\" content=\"article\" \/>\n<meta property=\"og:title\" content=\"Informacija - Minu Baltic O\u00dc\" \/>\n<meta property=\"og:description\" content=\"Sveiki atvyk\u0119 \u012f nuostab\u0173 Minu Baltic O\u00dc pasaul\u012f, kuriame mes kuriame namus, apie kuriuos visada svajojote! Did\u017eiuojam\u0117s gal\u0117dami pristatyti jums savo \u012fmon\u0119, kuri u\u017esiima auk\u0161tos kokyb\u0117s tekstil\u0117s gamini\u0173 pardavimu.\" \/>\n<meta property=\"og:url\" content=\"https:\/\/minubaltic.ee\/lt\/informacija\/\" \/>\n<meta property=\"article:publisher\" content=\"https:\/\/www.facebook.com\/minubaltic\" \/>\n<meta property=\"article:modified_time\" content=\"2025-07-25T20:15:06+00:00\" \/>\n<meta name=\"twitter:card\" content=\"summary_large_image\" \/>\n<meta name=\"twitter:label1\" content=\"Est. reading time\" \/>\n\t<meta name=\"twitter:data1\" content=\"2 minut\u0117s\" \/>\n<script type=\"application\/ld+json\" class=\"yoast-schema-graph\">{\"@context\":\"https:\\\/\\\/schema.org\",\"@graph\":[{\"@type\":\"WebPage\",\"@id\":\"https:\\\/\\\/minubaltic.ee\\\/lt\\\/informacija\\\/\",\"url\":\"https:\\\/\\\/minubaltic.ee\\\/lt\\\/informacija\\\/\",\"name\":\"Informacija - Minu Baltic O\u00dc\",\"isPartOf\":{\"@id\":\"https:\\\/\\\/minubaltic.ee\\\/lt\\\/#website\"},\"datePublished\":\"2023-10-08T14:36:48+00:00\",\"dateModified\":\"2025-07-25T20:15:06+00:00\",\"description\":\"Sveiki atvyk\u0119 \u012f nuostab\u0173 Minu Baltic O\u00dc pasaul\u012f, kuriame mes kuriame namus, apie kuriuos visada svajojote! Did\u017eiuojam\u0117s gal\u0117dami pristatyti jums savo \u012fmon\u0119, kuri u\u017esiima auk\u0161tos kokyb\u0117s tekstil\u0117s gamini\u0173 pardavimu.\",\"breadcrumb\":{\"@id\":\"https:\\\/\\\/minubaltic.ee\\\/lt\\\/informacija\\\/#breadcrumb\"},\"inLanguage\":\"lt-LT\",\"potentialAction\":[{\"@type\":\"ReadAction\",\"target\":[\"https:\\\/\\\/minubaltic.ee\\\/lt\\\/informacija\\\/\"]}]},{\"@type\":\"BreadcrumbList\",\"@id\":\"https:\\\/\\\/minubaltic.ee\\\/lt\\\/informacija\\\/#breadcrumb\",\"itemListElement\":[{\"@type\":\"ListItem\",\"position\":1,\"name\":\"Home\",\"item\":\"https:\\\/\\\/minubaltic.ee\\\/lt\\\/\"},{\"@type\":\"ListItem\",\"position\":2,\"name\":\"Informacija\"}]},{\"@type\":\"WebSite\",\"@id\":\"https:\\\/\\\/minubaltic.ee\\\/lt\\\/#website\",\"url\":\"https:\\\/\\\/minubaltic.ee\\\/lt\\\/\",\"name\":\"minubaltic.ee\",\"description\":\"\",\"publisher\":{\"@id\":\"https:\\\/\\\/minubaltic.ee\\\/lt\\\/#organization\"},\"potentialAction\":[{\"@type\":\"SearchAction\",\"target\":{\"@type\":\"EntryPoint\",\"urlTemplate\":\"https:\\\/\\\/minubaltic.ee\\\/lt\\\/?s={search_term_string}\"},\"query-input\":{\"@type\":\"PropertyValueSpecification\",\"valueRequired\":true,\"valueName\":\"search_term_string\"}}],\"inLanguage\":\"lt-LT\"},{\"@type\":\"Organization\",\"@id\":\"https:\\\/\\\/minubaltic.ee\\\/lt\\\/#organization\",\"name\":\"Minu Baltic O\u00dc\",\"url\":\"https:\\\/\\\/minubaltic.ee\\\/lt\\\/\",\"logo\":{\"@type\":\"ImageObject\",\"inLanguage\":\"lt-LT\",\"@id\":\"https:\\\/\\\/minubaltic.ee\\\/lt\\\/#\\\/schema\\\/logo\\\/image\\\/\",\"url\":\"https:\\\/\\\/minubaltic.ee\\\/wp-content\\\/uploads\\\/2023\\\/10\\\/cropped-cropped-cropped-logo.png\",\"contentUrl\":\"https:\\\/\\\/minubaltic.ee\\\/wp-content\\\/uploads\\\/2023\\\/10\\\/cropped-cropped-cropped-logo.png\",\"width\":500,\"height\":237,\"caption\":\"Minu Baltic O\u00dc\"},\"image\":{\"@id\":\"https:\\\/\\\/minubaltic.ee\\\/lt\\\/#\\\/schema\\\/logo\\\/image\\\/\"},\"sameAs\":[\"https:\\\/\\\/www.facebook.com\\\/minubaltic\"]}]}<\/script>\n<!-- \/ Yoast SEO plugin. -->","yoast_head_json":{"title":"Informacija - Minu Baltic O\u00dc","description":"Sveiki atvyk\u0119 \u012f nuostab\u0173 Minu Baltic O\u00dc pasaul\u012f, kuriame mes kuriame namus, apie kuriuos visada svajojote! Did\u017eiuojam\u0117s gal\u0117dami pristatyti jums savo \u012fmon\u0119, kuri u\u017esiima auk\u0161tos kokyb\u0117s tekstil\u0117s gamini\u0173 pardavimu.","robots":{"index":"index","follow":"follow","max-snippet":"max-snippet:-1","max-image-preview":"max-image-preview:large","max-video-preview":"max-video-preview:-1"},"canonical":"https:\/\/minubaltic.ee\/lt\/informacija\/","og_locale":"lt_LT","og_type":"article","og_title":"Informacija - Minu Baltic O\u00dc","og_description":"Sveiki atvyk\u0119 \u012f nuostab\u0173 Minu Baltic O\u00dc pasaul\u012f, kuriame mes kuriame namus, apie kuriuos visada svajojote! Did\u017eiuojam\u0117s gal\u0117dami pristatyti jums savo \u012fmon\u0119, kuri u\u017esiima auk\u0161tos kokyb\u0117s tekstil\u0117s gamini\u0173 pardavimu.","og_url":"https:\/\/minubaltic.ee\/lt\/informacija\/","article_publisher":"https:\/\/www.facebook.com\/minubaltic","article_modified_time":"2025-07-25T20:15:06+00:00","twitter_card":"summary_large_image","twitter_misc":{"Est. reading time":"2 minut\u0117s"},"schema":{"@context":"https:\/\/schema.org","@graph":[{"@type":"WebPage","@id":"https:\/\/minubaltic.ee\/lt\/informacija\/","url":"https:\/\/minubaltic.ee\/lt\/informacija\/","name":"Informacija - Minu Baltic O\u00dc","isPartOf":{"@id":"https:\/\/minubaltic.ee\/lt\/#website"},"datePublished":"2023-10-08T14:36:48+00:00","dateModified":"2025-07-25T20:15:06+00:00","description":"Sveiki atvyk\u0119 \u012f nuostab\u0173 Minu Baltic O\u00dc pasaul\u012f, kuriame mes kuriame namus, apie kuriuos visada svajojote! Did\u017eiuojam\u0117s gal\u0117dami pristatyti jums savo \u012fmon\u0119, kuri u\u017esiima auk\u0161tos kokyb\u0117s tekstil\u0117s gamini\u0173 pardavimu.","breadcrumb":{"@id":"https:\/\/minubaltic.ee\/lt\/informacija\/#breadcrumb"},"inLanguage":"lt-LT","potentialAction":[{"@type":"ReadAction","target":["https:\/\/minubaltic.ee\/lt\/informacija\/"]}]},{"@type":"BreadcrumbList","@id":"https:\/\/minubaltic.ee\/lt\/informacija\/#breadcrumb","itemListElement":[{"@type":"ListItem","position":1,"name":"Home","item":"https:\/\/minubaltic.ee\/lt\/"},{"@type":"ListItem","position":2,"name":"Informacija"}]},{"@type":"WebSite","@id":"https:\/\/minubaltic.ee\/lt\/#website","url":"https:\/\/minubaltic.ee\/lt\/","name":"minubaltic.ee","description":"","publisher":{"@id":"https:\/\/minubaltic.ee\/lt\/#organization"},"potentialAction":[{"@type":"SearchAction","target":{"@type":"EntryPoint","urlTemplate":"https:\/\/minubaltic.ee\/lt\/?s={search_term_string}"},"query-input":{"@type":"PropertyValueSpecification","valueRequired":true,"valueName":"search_term_string"}}],"inLanguage":"lt-LT"},{"@type":"Organization","@id":"https:\/\/minubaltic.ee\/lt\/#organization","name":"Minu Baltic O\u00dc","url":"https:\/\/minubaltic.ee\/lt\/","logo":{"@type":"ImageObject","inLanguage":"lt-LT","@id":"https:\/\/minubaltic.ee\/lt\/#\/schema\/logo\/image\/","url":"https:\/\/minubaltic.ee\/wp-content\/uploads\/2023\/10\/cropped-cropped-cropped-logo.png","contentUrl":"https:\/\/minubaltic.ee\/wp-content\/uploads\/2023\/10\/cropped-cropped-cropped-logo.png","width":500,"height":237,"caption":"Minu Baltic O\u00dc"},"image":{"@id":"https:\/\/minubaltic.ee\/lt\/#\/schema\/logo\/image\/"},"sameAs":["https:\/\/www.facebook.com\/minubaltic"]}]}},"_links":{"self":[{"href":"https:\/\/minubaltic.ee\/lt\/wp-json\/wp\/v2\/pages\/23948","targetHints":{"allow":["GET"]}}],"collection":[{"href":"https:\/\/minubaltic.ee\/lt\/wp-json\/wp\/v2\/pages"}],"about":[{"href":"https:\/\/minubaltic.ee\/lt\/wp-json\/wp\/v2\/types\/page"}],"author":[{"embeddable":true,"href":"https:\/\/minubaltic.ee\/lt\/wp-json\/wp\/v2\/users\/1"}],"replies":[{"embeddable":true,"href":"https:\/\/minubaltic.ee\/lt\/wp-json\/wp\/v2\/comments?post=23948"}],"version-history":[{"count":1,"href":"https:\/\/minubaltic.ee\/lt\/wp-json\/wp\/v2\/pages\/23948\/revisions"}],"predecessor-version":[{"id":44810,"href":"https:\/\/minubaltic.ee\/lt\/wp-json\/wp\/v2\/pages\/23948\/revisions\/44810"}],"wp:attachment":[{"href":"https:\/\/minubaltic.ee\/lt\/wp-json\/wp\/v2\/media?parent=23948"}],"curies":[{"name":"wp","href":"https:\/\/api.w.org\/{rel}","templated":true}]}}