{"id":23944,"date":"2023-09-30T13:38:29","date_gmt":"2023-09-30T10:38:29","guid":{"rendered":"https:\/\/minubaltic.ee\/privatumo-politikos\/"},"modified":"2024-04-13T15:21:32","modified_gmt":"2024-04-13T12:21:32","slug":"privatumo-politikos","status":"publish","type":"page","link":"https:\/\/minubaltic.ee\/lt\/privatumo-politikos\/","title":{"rendered":"Privatumo politikos"},"content":{"rendered":"\n<ol class=\"wp-block-list\">\n<li>Bendrosios nuostatos<br\/>1.1. \u0160i privatumo politika reglamentuoja asmens duomen\u0173 rinkim\u0105, tvarkym\u0105 ir saugojim\u0105.<br\/>principai. Duomen\u0173 valdytojo renkami, tvarkomi ir saugomi asmens duomenys<br\/>duomen\u0173 tvarkytojas <strong>Minu Balitic O\u00dc<\/strong> (toliau &#8211; duomen\u0173 tvarkytojas).<br\/>1.2. \u0160ioje privatumo politikoje duomen\u0173 subjektas yra klientas arba kitas fizinis asmuo, kuris.<br\/>duomen\u0173 valdytojo tvarkomus asmens duomenis.<br\/>1.3. \u0160ioje privatumo politikoje klientas yra bet kuris asmuo, kuris perka i\u0161 duomen\u0173 valdytojo svetain\u0117s.<br\/>preki\u0173.<br\/>1.4. Duomen\u0173 tvarkytojas laikosi teis\u0117s aktuose nustatyt\u0173 duomen\u0173 tvarkymo princip\u0173, \u012fskaitant.<br\/>teis\u0117tai, s\u0105\u017einingai ir saugiai tvarkyti asmens duomenis. Duomen\u0173 tvarkytojas yra<br\/>gal\u0117t\u0173 patvirtinti, kad asmens duomenys buvo tvarkomi laikantis teis\u0117s akt\u0173.<\/li>\n\n\n\n<li>Asmens duomen\u0173 rinkimas, tvarkymas ir saugojimas<br\/>2.1. Duomen\u0173 valdytojo renkami, tvarkomi ir saugomi asmens duomenys renkami elektroniniu b\u016bdu,<br\/>daugiausia per interneto svetain\u0119 ir el. pa\u0161tu.  <br\/>2.2. Dalydamasis savo asmens duomenimis, duomen\u0173 subjektas suteikia duomen\u0173 valdytojui teis\u0119 rinkti,<br\/>\u0161ioje privatumo politikoje nurodytais tikslais tvarkyti, naudoti ir valdyti asmens duomenis, kurie yra.<br\/>kuriais duomen\u0173 subjektas tiesiogiai ar netiesiogiai dalijasi su duomen\u0173 valdytoju pirkdamas prekes ar paslaugas i\u0161 svetain\u0117s.<br\/>2.3. Duomen\u0173 subjektas privalo u\u017etikrinti, kad jo pateikta informacija b\u016bt\u0173 tiksli, teisinga ir.<br\/>integruotas. S\u0105moningas klaidingos informacijos pateikimas laikomas Privatumo politikos pa\u017eeidimu.<br\/>Duomen\u0173 subjektas privalo nedelsdamas informuoti duomen\u0173 tvarkytoj\u0105 apie.<br\/>nuo pasikeitimo.<br\/>2.4. Duomen\u0173 tvarkytojas neatsako u\u017e bet koki\u0105 \u017eal\u0105, padaryt\u0105 duomen\u0173 subjektui pateikus klaiding\u0105 informacij\u0105.<br\/>duomen\u0173 subjektui arba tre\u010diosioms \u0161alims.<\/li>\n\n\n\n<li>Klient\u0173 asmens duomen\u0173 tvarkymas<br\/>3.1. Duomen\u0173 tvarkytojas gali tvarkyti \u0161iuos duomen\u0173 subjekto asmens duomenis:<br\/>3.1.1. Vardas ir pavard\u0117;<br\/>3.1.2. Gimimo data;<br\/>3.1.3. Telefono numeris;<br\/>3.1.4. El. pa\u0161to adresas;<br\/>3.1.5. Pristatymo adresas;<br\/>3.1.6. Einamosios s\u0105skaitos numeris;<br\/>3.1.7. Mok\u0117jimo kortel\u0117s duomenys;<br\/>3.2. Be to, kas i\u0161d\u0117styta pirmiau, duomen\u0173 valdytojas turi teis\u0119 rinkti duomenis apie klient\u0105, kurie yra.<br\/>galima rasti vie\u0161uosiuose registruose.<br\/>3.3. Asmens duomen\u0173 tvarkymo teisinis pagrindas yra Bendrojo duomen\u0173 apsaugos reglamento 6 straipsnio 6 dalis.<br\/>1 p-d a), b), c) ir f):<br\/>(a) duomen\u0173 subjektas dav\u0117 sutikim\u0105 tvarkyti jo asmens duomenis vienu ar keliais toliau nurodytais b\u016bdais.<br\/>konkre\u010diam tikslui;<br\/>(b) tvarkyti duomenis b\u016btina siekiant \u012fvykdyti su duomen\u0173 subjektu sudaryt\u0105 sutart\u012f; arba<br\/>imtis ikisutartini\u0173 priemoni\u0173 duomen\u0173 subjekto pra\u0161ymu;<br\/>(c) tvarkyti duomenis b\u016btina siekiant laikytis teisin\u0117s prievol\u0117s, kuri taikoma duomen\u0173 valdytojui;<br\/>(f) asmens duomenis tvarkyti b\u016btina duomen\u0173 valdytojo arba tre\u010diosios \u0161alies teis\u0117t\u0173 interes\u0173, kuri\u0173 siekia duomen\u0173 valdytojas arba tre\u010dioji \u0161alis, tikslais; arba<br\/>i\u0161skyrus atvejus, kai u\u017e tok\u012f interes\u0105 yra svarbesni duomen\u0173 subjekto interesai; arba<br\/>pagrindines teises ir laisves, d\u0117l kuri\u0173 turi b\u016bti saugomi asmens duomenys, vis\u0173 pirma tais atvejais, kai.<br\/>duomen\u0173 subjektas yra vaikas.<br\/>3.4. Asmens duomen\u0173 tvarkymas tais tikslais, kuriais jie tvarkomi:<br\/>3.4.1. Duomen\u0173 tvarkymo tikslas &#8211; saugumas ir sauga<br\/>Maksimalus saugojimo laikotarpis &#8211; laikantis teis\u0117s aktuose nustatyt\u0173 termin\u0173.<br\/>3.4.2. Apdorojimo tikslas &#8211; u\u017esakymo apdorojimas<br\/>Maksimalus saugojimo laikotarpis &#8211; laikantis teis\u0117s aktuose nustatyt\u0173 termin\u0173.<br\/>3.4.3. Duomen\u0173 tvarkymo tikslas &#8211; u\u017etikrinti elektronin\u0117s parduotuv\u0117s paslaug\u0173 veikim\u0105.<br\/>Maksimalus saugojimo laikotarpis &#8211; 1 metai.<br\/>3.4.4. Duomen\u0173 tvarkymo tikslas &#8211; klient\u0173 valdymas<br\/>Maksimalus saugojimo laikotarpis &#8211; 1 metai.<br\/>3.4.5. Duomen\u0173 tvarkymo tikslas &#8211; finansin\u0117 veikla, apskaita.<br\/>Maksimalus saugojimo laikotarpis &#8211; laikantis teis\u0117s aktuose nustatyt\u0173 termin\u0173.<br\/>3.4.6. Apdorojimo tikslas &#8211; rinkodara<br\/>Maksimalus saugojimo laikotarpis &#8211; 1 metai.<\/li>\n<\/ol>\n\n<p>3.5. Duomen\u0173 tvarkytojas turi teis\u0119 dalytis klient\u0173 asmens duomenimis su tre\u010diosiomis \u0161alimis, pvz.<br\/>pavyzd\u017eiui, \u012fgaliotieji duomen\u0173 tvarkytojai, buhalteriai, transporto ir kurjeri\u0173 bendrov\u0117s,<br\/>duomen\u0173 perdavimo paslaugas teikian\u010dios \u012fmon\u0117s Duomen\u0173 valdytojas yra duomen\u0173 tvarkytojas.<br\/>Asmens duomenis, reikalingus mok\u0117jimams atlikti, tvarkytojas perduoda tvarkytojui.<br\/>\u012e Maksekeskus AS.<br\/>3.6. Tvarkydamas ir saugodamas su duomen\u0173 subjektu susijusius asmens duomenis, duomen\u0173 valdytojas taiko \u0161ias nuostatas.<br\/>organizacines ir technines priemones, u\u017etikrinan\u010dias asmens duomen\u0173 apsaug\u0105 atsitiktini\u0173 ar.<br\/>neteis\u0117tas sunaikinimas, pakeitimas, atskleidimas ar bet koks kitas neteis\u0117tas veiksmas.<br\/>apdorojimui.<br\/>3.7. Duomen\u0173 valdytojas saugo duomen\u0173 subjekt\u0173 duomenis tais tikslais, kuriais jie tvarkomi, ta\u010diau.<br\/>ne ilgiau kaip 2 metus.<\/p>\n\n<ol class=\"wp-block-list\" start=\"4\">\n<li>Duomen\u0173 subjekto teis\u0117s<br\/>4.1. Duomen\u0173 subjektai turi teis\u0119 susipa\u017einti su savo asmens duomenimis ir juos tikrinti.<br\/>4.2. Duomen\u0173 subjektas turi teis\u0119 b\u016bti informuotas apie jo asmens duomen\u0173 tvarkym\u0105.<br\/>4.3. Duomen\u0173 subjektas turi teis\u0119 papildyti arba i\u0161taisyti netikslius duomenis.<br\/>4.4. Kai duomen\u0173 valdytojas tvarko duomen\u0173 subjekto asmens duomenis remdamasis duomen\u0173 subjekto sutikimu,<br\/>duomen\u0173 subjektas turi teis\u0119 bet kada at\u0161aukti sutikim\u0105.<br\/>4.5. Nor\u0117dami pasinaudoti savo teis\u0117mis, duomen\u0173 subjektai gali kreiptis \u012f elektronin\u0117s parduotuv\u0117s klient\u0173 aptarnavimo skyri\u0173 \u0161iuo adresu.<br\/><strong>info@minubaltic.ee<\/strong><br\/>4.6. Duomen\u0173 subjektas turi teis\u0119 pateikti skund\u0105 duomen\u0173 apsaugos institucijai, kad b\u016bt\u0173 apgintos jo teis\u0117s.<br\/>Inspekcijai.<\/li>\n\n\n\n<li>Galutin\u0117s nuostatos<br\/>5.1. \u0160ios duomen\u0173 apsaugos s\u0105lygos parengtos pagal Europos Parlamento ir Tarybos reglament\u0105 (EB) Nr.<br\/>Tarybos reglamentas (ES) 2016\/679 d\u0117l fizini\u0173 asmen\u0173 apsaugos tvarkant asmens duomenis.<br\/>d\u0117l laisvo toki\u0173 duomen\u0173 jud\u0117jimo ir panaikinanti Direktyv\u0105 95\/46\/EB \/<br\/>EB (Bendrasis duomen\u0173 apsaugos reglamentas), Estijos Respublikos asmens duomen\u0173 apsaugos \u012fstatymas ir Estijos Respublikos asmens duomen\u0173 apsaugos \u012fstatymas.<br\/>Estijos Respublikos ir Europos S\u0105jungos teis\u0117s aktai.<br\/>5.2. Duomen\u0173 valdytojas turi teis\u0119 visi\u0161kai ar i\u0161 dalies pakeisti duomen\u0173 apsaugos s\u0105lygas, apie tai prane\u0161damas.<br\/>duomen\u0173 subjektams apie pakeitimus svetain\u0117je <strong>www.minubaltic.ee<\/strong>.<\/li>\n<\/ol>\n","protected":false},"excerpt":{"rendered":"<p>3.5. Duomen\u0173 tvarkytojas turi teis\u0119 dalytis klient\u0173 asmens duomenimis su tre\u010diosiomis \u0161alimis, pvz.pavyzd\u017eiui, \u012fgaliotieji duomen\u0173 tvarkytojai, buhalteriai, transporto ir kurjeri\u0173<\/p>\n","protected":false},"author":1,"featured_media":0,"parent":0,"menu_order":0,"comment_status":"closed","ping_status":"closed","template":"","meta":{"footnotes":""},"class_list":["post-23944","page","type-page","status-publish","hentry"],"yoast_head":"<!-- This site is optimized with the Yoast SEO plugin v27.3 - https:\/\/yoast.com\/product\/yoast-seo-wordpress\/ -->\n<title>Privatumo politikos - MinuBaltic.EE<\/title>\n<meta name=\"robots\" content=\"index, follow, max-snippet:-1, max-image-preview:large, max-video-preview:-1\" \/>\n<link rel=\"canonical\" href=\"https:\/\/minubaltic.ee\/lt\/privatumo-politikos\/\" \/>\n<meta property=\"og:locale\" content=\"lt_LT\" \/>\n<meta property=\"og:type\" content=\"article\" \/>\n<meta property=\"og:title\" content=\"Privatumo politikos - MinuBaltic.EE\" \/>\n<meta property=\"og:description\" content=\"3.5. Duomen\u0173 tvarkytojas turi teis\u0119 dalytis klient\u0173 asmens duomenimis su tre\u010diosiomis \u0161alimis, pvz.pavyzd\u017eiui, \u012fgaliotieji duomen\u0173 tvarkytojai, buhalteriai, transporto ir kurjeri\u0173\" \/>\n<meta property=\"og:url\" content=\"https:\/\/minubaltic.ee\/lt\/privatumo-politikos\/\" \/>\n<meta property=\"article:publisher\" content=\"https:\/\/www.facebook.com\/minubaltic\" \/>\n<meta property=\"article:modified_time\" content=\"2024-04-13T12:21:32+00:00\" \/>\n<meta name=\"twitter:card\" content=\"summary_large_image\" \/>\n<meta name=\"twitter:label1\" content=\"Est. reading time\" \/>\n\t<meta name=\"twitter:data1\" content=\"4 minut\u0117s\" \/>\n<script type=\"application\/ld+json\" class=\"yoast-schema-graph\">{\"@context\":\"https:\\\/\\\/schema.org\",\"@graph\":[{\"@type\":\"WebPage\",\"@id\":\"https:\\\/\\\/minubaltic.ee\\\/lt\\\/privatumo-politikos\\\/\",\"url\":\"https:\\\/\\\/minubaltic.ee\\\/lt\\\/privatumo-politikos\\\/\",\"name\":\"Privatumo politikos - MinuBaltic.EE\",\"isPartOf\":{\"@id\":\"https:\\\/\\\/minubaltic.ee\\\/lt\\\/#website\"},\"datePublished\":\"2023-09-30T10:38:29+00:00\",\"dateModified\":\"2024-04-13T12:21:32+00:00\",\"breadcrumb\":{\"@id\":\"https:\\\/\\\/minubaltic.ee\\\/lt\\\/privatumo-politikos\\\/#breadcrumb\"},\"inLanguage\":\"lt-LT\",\"potentialAction\":[{\"@type\":\"ReadAction\",\"target\":[\"https:\\\/\\\/minubaltic.ee\\\/lt\\\/privatumo-politikos\\\/\"]}]},{\"@type\":\"BreadcrumbList\",\"@id\":\"https:\\\/\\\/minubaltic.ee\\\/lt\\\/privatumo-politikos\\\/#breadcrumb\",\"itemListElement\":[{\"@type\":\"ListItem\",\"position\":1,\"name\":\"Home\",\"item\":\"https:\\\/\\\/minubaltic.ee\\\/lt\\\/\"},{\"@type\":\"ListItem\",\"position\":2,\"name\":\"Privatumo politikos\"}]},{\"@type\":\"WebSite\",\"@id\":\"https:\\\/\\\/minubaltic.ee\\\/lt\\\/#website\",\"url\":\"https:\\\/\\\/minubaltic.ee\\\/lt\\\/\",\"name\":\"minubaltic.ee\",\"description\":\"\",\"publisher\":{\"@id\":\"https:\\\/\\\/minubaltic.ee\\\/lt\\\/#organization\"},\"potentialAction\":[{\"@type\":\"SearchAction\",\"target\":{\"@type\":\"EntryPoint\",\"urlTemplate\":\"https:\\\/\\\/minubaltic.ee\\\/lt\\\/?s={search_term_string}\"},\"query-input\":{\"@type\":\"PropertyValueSpecification\",\"valueRequired\":true,\"valueName\":\"search_term_string\"}}],\"inLanguage\":\"lt-LT\"},{\"@type\":\"Organization\",\"@id\":\"https:\\\/\\\/minubaltic.ee\\\/lt\\\/#organization\",\"name\":\"Minu Baltic O\u00dc\",\"url\":\"https:\\\/\\\/minubaltic.ee\\\/lt\\\/\",\"logo\":{\"@type\":\"ImageObject\",\"inLanguage\":\"lt-LT\",\"@id\":\"https:\\\/\\\/minubaltic.ee\\\/lt\\\/#\\\/schema\\\/logo\\\/image\\\/\",\"url\":\"https:\\\/\\\/minubaltic.ee\\\/wp-content\\\/uploads\\\/2023\\\/10\\\/cropped-cropped-cropped-logo.png\",\"contentUrl\":\"https:\\\/\\\/minubaltic.ee\\\/wp-content\\\/uploads\\\/2023\\\/10\\\/cropped-cropped-cropped-logo.png\",\"width\":500,\"height\":237,\"caption\":\"Minu Baltic O\u00dc\"},\"image\":{\"@id\":\"https:\\\/\\\/minubaltic.ee\\\/lt\\\/#\\\/schema\\\/logo\\\/image\\\/\"},\"sameAs\":[\"https:\\\/\\\/www.facebook.com\\\/minubaltic\"]}]}<\/script>\n<!-- \/ Yoast SEO plugin. -->","yoast_head_json":{"title":"Privatumo politikos - MinuBaltic.EE","robots":{"index":"index","follow":"follow","max-snippet":"max-snippet:-1","max-image-preview":"max-image-preview:large","max-video-preview":"max-video-preview:-1"},"canonical":"https:\/\/minubaltic.ee\/lt\/privatumo-politikos\/","og_locale":"lt_LT","og_type":"article","og_title":"Privatumo politikos - MinuBaltic.EE","og_description":"3.5. Duomen\u0173 tvarkytojas turi teis\u0119 dalytis klient\u0173 asmens duomenimis su tre\u010diosiomis \u0161alimis, pvz.pavyzd\u017eiui, \u012fgaliotieji duomen\u0173 tvarkytojai, buhalteriai, transporto ir kurjeri\u0173","og_url":"https:\/\/minubaltic.ee\/lt\/privatumo-politikos\/","article_publisher":"https:\/\/www.facebook.com\/minubaltic","article_modified_time":"2024-04-13T12:21:32+00:00","twitter_card":"summary_large_image","twitter_misc":{"Est. reading time":"4 minut\u0117s"},"schema":{"@context":"https:\/\/schema.org","@graph":[{"@type":"WebPage","@id":"https:\/\/minubaltic.ee\/lt\/privatumo-politikos\/","url":"https:\/\/minubaltic.ee\/lt\/privatumo-politikos\/","name":"Privatumo politikos - MinuBaltic.EE","isPartOf":{"@id":"https:\/\/minubaltic.ee\/lt\/#website"},"datePublished":"2023-09-30T10:38:29+00:00","dateModified":"2024-04-13T12:21:32+00:00","breadcrumb":{"@id":"https:\/\/minubaltic.ee\/lt\/privatumo-politikos\/#breadcrumb"},"inLanguage":"lt-LT","potentialAction":[{"@type":"ReadAction","target":["https:\/\/minubaltic.ee\/lt\/privatumo-politikos\/"]}]},{"@type":"BreadcrumbList","@id":"https:\/\/minubaltic.ee\/lt\/privatumo-politikos\/#breadcrumb","itemListElement":[{"@type":"ListItem","position":1,"name":"Home","item":"https:\/\/minubaltic.ee\/lt\/"},{"@type":"ListItem","position":2,"name":"Privatumo politikos"}]},{"@type":"WebSite","@id":"https:\/\/minubaltic.ee\/lt\/#website","url":"https:\/\/minubaltic.ee\/lt\/","name":"minubaltic.ee","description":"","publisher":{"@id":"https:\/\/minubaltic.ee\/lt\/#organization"},"potentialAction":[{"@type":"SearchAction","target":{"@type":"EntryPoint","urlTemplate":"https:\/\/minubaltic.ee\/lt\/?s={search_term_string}"},"query-input":{"@type":"PropertyValueSpecification","valueRequired":true,"valueName":"search_term_string"}}],"inLanguage":"lt-LT"},{"@type":"Organization","@id":"https:\/\/minubaltic.ee\/lt\/#organization","name":"Minu Baltic O\u00dc","url":"https:\/\/minubaltic.ee\/lt\/","logo":{"@type":"ImageObject","inLanguage":"lt-LT","@id":"https:\/\/minubaltic.ee\/lt\/#\/schema\/logo\/image\/","url":"https:\/\/minubaltic.ee\/wp-content\/uploads\/2023\/10\/cropped-cropped-cropped-logo.png","contentUrl":"https:\/\/minubaltic.ee\/wp-content\/uploads\/2023\/10\/cropped-cropped-cropped-logo.png","width":500,"height":237,"caption":"Minu Baltic O\u00dc"},"image":{"@id":"https:\/\/minubaltic.ee\/lt\/#\/schema\/logo\/image\/"},"sameAs":["https:\/\/www.facebook.com\/minubaltic"]}]}},"_links":{"self":[{"href":"https:\/\/minubaltic.ee\/lt\/wp-json\/wp\/v2\/pages\/23944","targetHints":{"allow":["GET"]}}],"collection":[{"href":"https:\/\/minubaltic.ee\/lt\/wp-json\/wp\/v2\/pages"}],"about":[{"href":"https:\/\/minubaltic.ee\/lt\/wp-json\/wp\/v2\/types\/page"}],"author":[{"embeddable":true,"href":"https:\/\/minubaltic.ee\/lt\/wp-json\/wp\/v2\/users\/1"}],"replies":[{"embeddable":true,"href":"https:\/\/minubaltic.ee\/lt\/wp-json\/wp\/v2\/comments?post=23944"}],"version-history":[{"count":0,"href":"https:\/\/minubaltic.ee\/lt\/wp-json\/wp\/v2\/pages\/23944\/revisions"}],"wp:attachment":[{"href":"https:\/\/minubaltic.ee\/lt\/wp-json\/wp\/v2\/media?parent=23944"}],"curies":[{"name":"wp","href":"https:\/\/api.w.org\/{rel}","templated":true}]}}