{"id":23501,"date":"2021-08-26T12:21:44","date_gmt":"2021-08-26T09:21:44","guid":{"rendered":"https:\/\/minubaltic.ee\/palyginti\/"},"modified":"2024-04-12T17:04:40","modified_gmt":"2024-04-12T14:04:40","slug":"palyginti","status":"publish","type":"page","link":"https:\/\/minubaltic.ee\/lt\/palyginti\/","title":{"rendered":"Palyginti"},"content":{"rendered":"\t\t<div class=\"wd-empty-block wd-empty-compare\">\n\t\t\t<h2 class=\"wd-empty-block-title\">\n\t\t\t\tPalyginimo s\u0105ra\u0161as tu\u0161\u010dias.\t\t\t<\/h2>\n\t\t\t\t\t\t\t<p class=\"wd-empty-block-text\">\n\t\t\t\t\tPalyginimo s\u0105ra\u0161e n\u0117ra produkt\u0173. Nor\u0117dami palyginti, turite prid\u0117ti kelet\u0105 produkt\u0173.<br> M\u016bs\u0173 \"Parduotuv\u0117\" puslapyje rasite daug \u012fdomi\u0173 preki\u0173.\t\t\t\t<\/p>\n\t\t\t\t\t\t<a class=\"button btn btn-accent wd-empty-block-btn\" href=\"https:\/\/minubaltic.ee\/lt\/parduotuve\/\">\n\t\t\t\tGr\u012f\u017eti \u012f parduotuv\u0119\t\t\t<\/a>\n\t\t<\/div>\n\t\t\n","protected":false},"excerpt":{"rendered":"","protected":false},"author":1,"featured_media":0,"parent":0,"menu_order":0,"comment_status":"closed","ping_status":"closed","template":"","meta":{"footnotes":""},"class_list":["post-23501","page","type-page","status-publish","hentry"],"yoast_head":"<!-- This site is optimized with the Yoast SEO plugin v27.3 - https:\/\/yoast.com\/product\/yoast-seo-wordpress\/ -->\n<title>Palyginti - Minu Baltic<\/title>\n<meta name=\"robots\" content=\"index, follow, max-snippet:-1, max-image-preview:large, max-video-preview:-1\" \/>\n<link rel=\"canonical\" href=\"https:\/\/minubaltic.ee\/lt\/palyginti\/\" \/>\n<meta property=\"og:locale\" content=\"lt_LT\" \/>\n<meta property=\"og:type\" content=\"article\" \/>\n<meta property=\"og:title\" content=\"Palyginti - Minu Baltic\" \/>\n<meta property=\"og:url\" content=\"https:\/\/minubaltic.ee\/lt\/palyginti\/\" \/>\n<meta property=\"article:publisher\" content=\"https:\/\/www.facebook.com\/minubaltic\" \/>\n<meta property=\"article:modified_time\" content=\"2024-04-12T14:04:40+00:00\" \/>\n<meta name=\"twitter:card\" content=\"summary_large_image\" \/>\n<script type=\"application\/ld+json\" class=\"yoast-schema-graph\">{\"@context\":\"https:\\\/\\\/schema.org\",\"@graph\":[{\"@type\":\"WebPage\",\"@id\":\"https:\\\/\\\/minubaltic.ee\\\/lt\\\/palyginti\\\/\",\"url\":\"https:\\\/\\\/minubaltic.ee\\\/lt\\\/palyginti\\\/\",\"name\":\"Palyginti - Minu Baltic\",\"isPartOf\":{\"@id\":\"https:\\\/\\\/minubaltic.ee\\\/lt\\\/#website\"},\"datePublished\":\"2021-08-26T09:21:44+00:00\",\"dateModified\":\"2024-04-12T14:04:40+00:00\",\"breadcrumb\":{\"@id\":\"https:\\\/\\\/minubaltic.ee\\\/lt\\\/palyginti\\\/#breadcrumb\"},\"inLanguage\":\"lt-LT\",\"potentialAction\":[{\"@type\":\"ReadAction\",\"target\":[\"https:\\\/\\\/minubaltic.ee\\\/lt\\\/palyginti\\\/\"]}]},{\"@type\":\"BreadcrumbList\",\"@id\":\"https:\\\/\\\/minubaltic.ee\\\/lt\\\/palyginti\\\/#breadcrumb\",\"itemListElement\":[{\"@type\":\"ListItem\",\"position\":1,\"name\":\"Home\",\"item\":\"https:\\\/\\\/minubaltic.ee\\\/lt\\\/\"},{\"@type\":\"ListItem\",\"position\":2,\"name\":\"Palyginti\"}]},{\"@type\":\"WebSite\",\"@id\":\"https:\\\/\\\/minubaltic.ee\\\/lt\\\/#website\",\"url\":\"https:\\\/\\\/minubaltic.ee\\\/lt\\\/\",\"name\":\"minubaltic.ee\",\"description\":\"\",\"publisher\":{\"@id\":\"https:\\\/\\\/minubaltic.ee\\\/lt\\\/#organization\"},\"potentialAction\":[{\"@type\":\"SearchAction\",\"target\":{\"@type\":\"EntryPoint\",\"urlTemplate\":\"https:\\\/\\\/minubaltic.ee\\\/lt\\\/?s={search_term_string}\"},\"query-input\":{\"@type\":\"PropertyValueSpecification\",\"valueRequired\":true,\"valueName\":\"search_term_string\"}}],\"inLanguage\":\"lt-LT\"},{\"@type\":\"Organization\",\"@id\":\"https:\\\/\\\/minubaltic.ee\\\/lt\\\/#organization\",\"name\":\"Minu Baltic O\u00dc\",\"url\":\"https:\\\/\\\/minubaltic.ee\\\/lt\\\/\",\"logo\":{\"@type\":\"ImageObject\",\"inLanguage\":\"lt-LT\",\"@id\":\"https:\\\/\\\/minubaltic.ee\\\/lt\\\/#\\\/schema\\\/logo\\\/image\\\/\",\"url\":\"https:\\\/\\\/minubaltic.ee\\\/wp-content\\\/uploads\\\/2023\\\/10\\\/cropped-cropped-cropped-logo.png\",\"contentUrl\":\"https:\\\/\\\/minubaltic.ee\\\/wp-content\\\/uploads\\\/2023\\\/10\\\/cropped-cropped-cropped-logo.png\",\"width\":500,\"height\":237,\"caption\":\"Minu Baltic O\u00dc\"},\"image\":{\"@id\":\"https:\\\/\\\/minubaltic.ee\\\/lt\\\/#\\\/schema\\\/logo\\\/image\\\/\"},\"sameAs\":[\"https:\\\/\\\/www.facebook.com\\\/minubaltic\"]}]}<\/script>\n<!-- \/ Yoast SEO plugin. -->","yoast_head_json":{"title":"Palyginti - Minu Baltic","robots":{"index":"index","follow":"follow","max-snippet":"max-snippet:-1","max-image-preview":"max-image-preview:large","max-video-preview":"max-video-preview:-1"},"canonical":"https:\/\/minubaltic.ee\/lt\/palyginti\/","og_locale":"lt_LT","og_type":"article","og_title":"Palyginti - Minu Baltic","og_url":"https:\/\/minubaltic.ee\/lt\/palyginti\/","article_publisher":"https:\/\/www.facebook.com\/minubaltic","article_modified_time":"2024-04-12T14:04:40+00:00","twitter_card":"summary_large_image","schema":{"@context":"https:\/\/schema.org","@graph":[{"@type":"WebPage","@id":"https:\/\/minubaltic.ee\/lt\/palyginti\/","url":"https:\/\/minubaltic.ee\/lt\/palyginti\/","name":"Palyginti - Minu Baltic","isPartOf":{"@id":"https:\/\/minubaltic.ee\/lt\/#website"},"datePublished":"2021-08-26T09:21:44+00:00","dateModified":"2024-04-12T14:04:40+00:00","breadcrumb":{"@id":"https:\/\/minubaltic.ee\/lt\/palyginti\/#breadcrumb"},"inLanguage":"lt-LT","potentialAction":[{"@type":"ReadAction","target":["https:\/\/minubaltic.ee\/lt\/palyginti\/"]}]},{"@type":"BreadcrumbList","@id":"https:\/\/minubaltic.ee\/lt\/palyginti\/#breadcrumb","itemListElement":[{"@type":"ListItem","position":1,"name":"Home","item":"https:\/\/minubaltic.ee\/lt\/"},{"@type":"ListItem","position":2,"name":"Palyginti"}]},{"@type":"WebSite","@id":"https:\/\/minubaltic.ee\/lt\/#website","url":"https:\/\/minubaltic.ee\/lt\/","name":"minubaltic.ee","description":"","publisher":{"@id":"https:\/\/minubaltic.ee\/lt\/#organization"},"potentialAction":[{"@type":"SearchAction","target":{"@type":"EntryPoint","urlTemplate":"https:\/\/minubaltic.ee\/lt\/?s={search_term_string}"},"query-input":{"@type":"PropertyValueSpecification","valueRequired":true,"valueName":"search_term_string"}}],"inLanguage":"lt-LT"},{"@type":"Organization","@id":"https:\/\/minubaltic.ee\/lt\/#organization","name":"Minu Baltic O\u00dc","url":"https:\/\/minubaltic.ee\/lt\/","logo":{"@type":"ImageObject","inLanguage":"lt-LT","@id":"https:\/\/minubaltic.ee\/lt\/#\/schema\/logo\/image\/","url":"https:\/\/minubaltic.ee\/wp-content\/uploads\/2023\/10\/cropped-cropped-cropped-logo.png","contentUrl":"https:\/\/minubaltic.ee\/wp-content\/uploads\/2023\/10\/cropped-cropped-cropped-logo.png","width":500,"height":237,"caption":"Minu Baltic O\u00dc"},"image":{"@id":"https:\/\/minubaltic.ee\/lt\/#\/schema\/logo\/image\/"},"sameAs":["https:\/\/www.facebook.com\/minubaltic"]}]}},"_links":{"self":[{"href":"https:\/\/minubaltic.ee\/lt\/wp-json\/wp\/v2\/pages\/23501","targetHints":{"allow":["GET"]}}],"collection":[{"href":"https:\/\/minubaltic.ee\/lt\/wp-json\/wp\/v2\/pages"}],"about":[{"href":"https:\/\/minubaltic.ee\/lt\/wp-json\/wp\/v2\/types\/page"}],"author":[{"embeddable":true,"href":"https:\/\/minubaltic.ee\/lt\/wp-json\/wp\/v2\/users\/1"}],"replies":[{"embeddable":true,"href":"https:\/\/minubaltic.ee\/lt\/wp-json\/wp\/v2\/comments?post=23501"}],"version-history":[{"count":0,"href":"https:\/\/minubaltic.ee\/lt\/wp-json\/wp\/v2\/pages\/23501\/revisions"}],"wp:attachment":[{"href":"https:\/\/minubaltic.ee\/lt\/wp-json\/wp\/v2\/media?parent=23501"}],"curies":[{"name":"wp","href":"https:\/\/api.w.org\/{rel}","templated":true}]}}