{"id":23497,"date":"2023-09-17T12:49:25","date_gmt":"2023-09-17T09:49:25","guid":{"rendered":"https:\/\/minubaltic.ee\/krepselis\/"},"modified":"2024-04-12T17:00:52","modified_gmt":"2024-04-12T14:00:52","slug":"krepselis","status":"publish","type":"page","link":"https:\/\/minubaltic.ee\/lt\/krepselis\/","title":{"rendered":"Krep\u0161elis"},"content":{"rendered":"\n","protected":false},"excerpt":{"rendered":"","protected":false},"author":1,"featured_media":0,"parent":0,"menu_order":0,"comment_status":"closed","ping_status":"closed","template":"","meta":{"footnotes":""},"class_list":["post-23497","page","type-page","status-publish","hentry"],"yoast_head":"<!-- This site is optimized with the Yoast SEO plugin v27.3 - https:\/\/yoast.com\/product\/yoast-seo-wordpress\/ -->\n<title>Krep\u0161elis - Minu Baltic<\/title>\n<meta name=\"description\" content=\"Antklod\u0117s, Antklod\u0117s, Antklod\u0117s vaikams, Prabang\u016bs antklod\u0117s, \u012evairi\u0173 dyd\u017ei\u0173 antklod\u0117s, Rank\u0161luos\u010diai, Rank\u0161luos\u010diai, Rank\u0161luos\u010diai, Rank\u0161luos\u010diai vaikams, Rank\u0161luos\u010diai, Rank\u0161luos\u010diai voniai, Rank\u0161luos\u010diai papl\u016bdimiui\" \/>\n<meta name=\"robots\" content=\"index, follow, max-snippet:-1, max-image-preview:large, max-video-preview:-1\" \/>\n<link rel=\"canonical\" href=\"https:\/\/minubaltic.ee\/lt\/krepselis\/\" \/>\n<meta property=\"og:locale\" content=\"lt_LT\" \/>\n<meta property=\"og:type\" content=\"article\" \/>\n<meta property=\"og:title\" content=\"Krep\u0161elis - Minu Baltic\" \/>\n<meta property=\"og:description\" content=\"Antklod\u0117s, Antklod\u0117s, Antklod\u0117s vaikams, Prabang\u016bs antklod\u0117s, \u012evairi\u0173 dyd\u017ei\u0173 antklod\u0117s, Rank\u0161luos\u010diai, Rank\u0161luos\u010diai, Rank\u0161luos\u010diai, Rank\u0161luos\u010diai vaikams, Rank\u0161luos\u010diai, Rank\u0161luos\u010diai voniai, Rank\u0161luos\u010diai papl\u016bdimiui\" \/>\n<meta property=\"og:url\" content=\"https:\/\/minubaltic.ee\/lt\/krepselis\/\" \/>\n<meta property=\"article:publisher\" content=\"https:\/\/www.facebook.com\/minubaltic\" \/>\n<meta property=\"article:modified_time\" content=\"2024-04-12T14:00:52+00:00\" \/>\n<meta name=\"twitter:card\" content=\"summary_large_image\" \/>\n<script type=\"application\/ld+json\" class=\"yoast-schema-graph\">{\"@context\":\"https:\\\/\\\/schema.org\",\"@graph\":[{\"@type\":\"WebPage\",\"@id\":\"https:\\\/\\\/minubaltic.ee\\\/lt\\\/krepselis\\\/\",\"url\":\"https:\\\/\\\/minubaltic.ee\\\/lt\\\/krepselis\\\/\",\"name\":\"Krep\u0161elis - Minu Baltic\",\"isPartOf\":{\"@id\":\"https:\\\/\\\/minubaltic.ee\\\/lt\\\/#website\"},\"datePublished\":\"2023-09-17T09:49:25+00:00\",\"dateModified\":\"2024-04-12T14:00:52+00:00\",\"description\":\"Antklod\u0117s, Antklod\u0117s, Antklod\u0117s vaikams, Prabang\u016bs antklod\u0117s, \u012evairi\u0173 dyd\u017ei\u0173 antklod\u0117s, Rank\u0161luos\u010diai, Rank\u0161luos\u010diai, Rank\u0161luos\u010diai, Rank\u0161luos\u010diai vaikams, Rank\u0161luos\u010diai, Rank\u0161luos\u010diai voniai, Rank\u0161luos\u010diai papl\u016bdimiui\",\"breadcrumb\":{\"@id\":\"https:\\\/\\\/minubaltic.ee\\\/lt\\\/krepselis\\\/#breadcrumb\"},\"inLanguage\":\"lt-LT\",\"potentialAction\":[{\"@type\":\"ReadAction\",\"target\":[\"https:\\\/\\\/minubaltic.ee\\\/lt\\\/krepselis\\\/\"]}]},{\"@type\":\"BreadcrumbList\",\"@id\":\"https:\\\/\\\/minubaltic.ee\\\/lt\\\/krepselis\\\/#breadcrumb\",\"itemListElement\":[{\"@type\":\"ListItem\",\"position\":1,\"name\":\"Home\",\"item\":\"https:\\\/\\\/minubaltic.ee\\\/lt\\\/\"},{\"@type\":\"ListItem\",\"position\":2,\"name\":\"Krep\u0161elis\"}]},{\"@type\":\"WebSite\",\"@id\":\"https:\\\/\\\/minubaltic.ee\\\/lt\\\/#website\",\"url\":\"https:\\\/\\\/minubaltic.ee\\\/lt\\\/\",\"name\":\"minubaltic.ee\",\"description\":\"\",\"publisher\":{\"@id\":\"https:\\\/\\\/minubaltic.ee\\\/lt\\\/#organization\"},\"potentialAction\":[{\"@type\":\"SearchAction\",\"target\":{\"@type\":\"EntryPoint\",\"urlTemplate\":\"https:\\\/\\\/minubaltic.ee\\\/lt\\\/?s={search_term_string}\"},\"query-input\":{\"@type\":\"PropertyValueSpecification\",\"valueRequired\":true,\"valueName\":\"search_term_string\"}}],\"inLanguage\":\"lt-LT\"},{\"@type\":\"Organization\",\"@id\":\"https:\\\/\\\/minubaltic.ee\\\/lt\\\/#organization\",\"name\":\"Minu Baltic O\u00dc\",\"url\":\"https:\\\/\\\/minubaltic.ee\\\/lt\\\/\",\"logo\":{\"@type\":\"ImageObject\",\"inLanguage\":\"lt-LT\",\"@id\":\"https:\\\/\\\/minubaltic.ee\\\/lt\\\/#\\\/schema\\\/logo\\\/image\\\/\",\"url\":\"https:\\\/\\\/minubaltic.ee\\\/wp-content\\\/uploads\\\/2023\\\/10\\\/cropped-cropped-cropped-logo.png\",\"contentUrl\":\"https:\\\/\\\/minubaltic.ee\\\/wp-content\\\/uploads\\\/2023\\\/10\\\/cropped-cropped-cropped-logo.png\",\"width\":500,\"height\":237,\"caption\":\"Minu Baltic O\u00dc\"},\"image\":{\"@id\":\"https:\\\/\\\/minubaltic.ee\\\/lt\\\/#\\\/schema\\\/logo\\\/image\\\/\"},\"sameAs\":[\"https:\\\/\\\/www.facebook.com\\\/minubaltic\"]}]}<\/script>\n<!-- \/ Yoast SEO plugin. -->","yoast_head_json":{"title":"Krep\u0161elis - Minu Baltic","description":"Antklod\u0117s, Antklod\u0117s, Antklod\u0117s vaikams, Prabang\u016bs antklod\u0117s, \u012evairi\u0173 dyd\u017ei\u0173 antklod\u0117s, Rank\u0161luos\u010diai, Rank\u0161luos\u010diai, Rank\u0161luos\u010diai, Rank\u0161luos\u010diai vaikams, Rank\u0161luos\u010diai, Rank\u0161luos\u010diai voniai, Rank\u0161luos\u010diai papl\u016bdimiui","robots":{"index":"index","follow":"follow","max-snippet":"max-snippet:-1","max-image-preview":"max-image-preview:large","max-video-preview":"max-video-preview:-1"},"canonical":"https:\/\/minubaltic.ee\/lt\/krepselis\/","og_locale":"lt_LT","og_type":"article","og_title":"Krep\u0161elis - Minu Baltic","og_description":"Antklod\u0117s, Antklod\u0117s, Antklod\u0117s vaikams, Prabang\u016bs antklod\u0117s, \u012evairi\u0173 dyd\u017ei\u0173 antklod\u0117s, Rank\u0161luos\u010diai, Rank\u0161luos\u010diai, Rank\u0161luos\u010diai, Rank\u0161luos\u010diai vaikams, Rank\u0161luos\u010diai, Rank\u0161luos\u010diai voniai, Rank\u0161luos\u010diai papl\u016bdimiui","og_url":"https:\/\/minubaltic.ee\/lt\/krepselis\/","article_publisher":"https:\/\/www.facebook.com\/minubaltic","article_modified_time":"2024-04-12T14:00:52+00:00","twitter_card":"summary_large_image","schema":{"@context":"https:\/\/schema.org","@graph":[{"@type":"WebPage","@id":"https:\/\/minubaltic.ee\/lt\/krepselis\/","url":"https:\/\/minubaltic.ee\/lt\/krepselis\/","name":"Krep\u0161elis - Minu Baltic","isPartOf":{"@id":"https:\/\/minubaltic.ee\/lt\/#website"},"datePublished":"2023-09-17T09:49:25+00:00","dateModified":"2024-04-12T14:00:52+00:00","description":"Antklod\u0117s, Antklod\u0117s, Antklod\u0117s vaikams, Prabang\u016bs antklod\u0117s, \u012evairi\u0173 dyd\u017ei\u0173 antklod\u0117s, Rank\u0161luos\u010diai, Rank\u0161luos\u010diai, Rank\u0161luos\u010diai, Rank\u0161luos\u010diai vaikams, Rank\u0161luos\u010diai, Rank\u0161luos\u010diai voniai, Rank\u0161luos\u010diai papl\u016bdimiui","breadcrumb":{"@id":"https:\/\/minubaltic.ee\/lt\/krepselis\/#breadcrumb"},"inLanguage":"lt-LT","potentialAction":[{"@type":"ReadAction","target":["https:\/\/minubaltic.ee\/lt\/krepselis\/"]}]},{"@type":"BreadcrumbList","@id":"https:\/\/minubaltic.ee\/lt\/krepselis\/#breadcrumb","itemListElement":[{"@type":"ListItem","position":1,"name":"Home","item":"https:\/\/minubaltic.ee\/lt\/"},{"@type":"ListItem","position":2,"name":"Krep\u0161elis"}]},{"@type":"WebSite","@id":"https:\/\/minubaltic.ee\/lt\/#website","url":"https:\/\/minubaltic.ee\/lt\/","name":"minubaltic.ee","description":"","publisher":{"@id":"https:\/\/minubaltic.ee\/lt\/#organization"},"potentialAction":[{"@type":"SearchAction","target":{"@type":"EntryPoint","urlTemplate":"https:\/\/minubaltic.ee\/lt\/?s={search_term_string}"},"query-input":{"@type":"PropertyValueSpecification","valueRequired":true,"valueName":"search_term_string"}}],"inLanguage":"lt-LT"},{"@type":"Organization","@id":"https:\/\/minubaltic.ee\/lt\/#organization","name":"Minu Baltic O\u00dc","url":"https:\/\/minubaltic.ee\/lt\/","logo":{"@type":"ImageObject","inLanguage":"lt-LT","@id":"https:\/\/minubaltic.ee\/lt\/#\/schema\/logo\/image\/","url":"https:\/\/minubaltic.ee\/wp-content\/uploads\/2023\/10\/cropped-cropped-cropped-logo.png","contentUrl":"https:\/\/minubaltic.ee\/wp-content\/uploads\/2023\/10\/cropped-cropped-cropped-logo.png","width":500,"height":237,"caption":"Minu Baltic O\u00dc"},"image":{"@id":"https:\/\/minubaltic.ee\/lt\/#\/schema\/logo\/image\/"},"sameAs":["https:\/\/www.facebook.com\/minubaltic"]}]}},"_links":{"self":[{"href":"https:\/\/minubaltic.ee\/lt\/wp-json\/wp\/v2\/pages\/23497","targetHints":{"allow":["GET"]}}],"collection":[{"href":"https:\/\/minubaltic.ee\/lt\/wp-json\/wp\/v2\/pages"}],"about":[{"href":"https:\/\/minubaltic.ee\/lt\/wp-json\/wp\/v2\/types\/page"}],"author":[{"embeddable":true,"href":"https:\/\/minubaltic.ee\/lt\/wp-json\/wp\/v2\/users\/1"}],"replies":[{"embeddable":true,"href":"https:\/\/minubaltic.ee\/lt\/wp-json\/wp\/v2\/comments?post=23497"}],"version-history":[{"count":0,"href":"https:\/\/minubaltic.ee\/lt\/wp-json\/wp\/v2\/pages\/23497\/revisions"}],"wp:attachment":[{"href":"https:\/\/minubaltic.ee\/lt\/wp-json\/wp\/v2\/media?parent=23497"}],"curies":[{"name":"wp","href":"https:\/\/api.w.org\/{rel}","templated":true}]}}