{"id":43969,"date":"2025-03-12T11:49:36","date_gmt":"2025-03-12T08:49:36","guid":{"rendered":"https:\/\/minubaltic.ee\/?post_type=product&#038;p=43969"},"modified":"2025-03-12T14:33:56","modified_gmt":"2025-03-12T11:33:56","slug":"lasten-vuodevaatteet-setti-ankanpoikanen","status":"publish","type":"product","link":"https:\/\/minubaltic.ee\/fi\/e-pood\/vuodevaatteet\/lasten-vuodevaatteet-setti-ankanpoikanen\/","title":{"rendered":"Lasten vuodevaatteet setti | Ankanpoikanen"},"content":{"rendered":"<p>Puuvillainen lasten vuodevaatteet setti on loistava valinta jokaiselle vanhemmalle, joka etsii mukavaa, herkk\u00e4\u00e4 ja hengitt\u00e4v\u00e4\u00e4 s\u00e4nky\u00e4 lapselleen. Setti on valmistettu 100% korkealaatuisesta puuvillasta, joka varmistaa pehmeyden ja tekee jokaisesta unesta nautinnollisen. Puuvilla on hengitt\u00e4v\u00e4 materiaali, joka auttaa s\u00e4\u00e4telem\u00e4\u00e4n l\u00e4mp\u00f6tilaa ja ehk\u00e4isem\u00e4\u00e4n ylikuumenemista tarjoten rauhallisen ja mukavan unen joka y\u00f6.<\/p>\n<p>S\u00e4ngyiss\u00e4 on iloisia ja s\u00f6p\u00f6j\u00e4 kuvia, jotka tuovat l\u00e4mp\u00f6\u00e4, leikkisyytt\u00e4 ja kutsuvan tunnelman jokaiseen makuuhuoneeseen. Tuotteessa yhdistyv\u00e4t k\u00e4yt\u00e4nn\u00f6llisyys ja kauneus tarjoten ihanteellisen ratkaisun jokap\u00e4iv\u00e4iseen k\u00e4ytt\u00f6\u00f6n ja katseenvangitsijana jokaiseen huoneeseen.<\/p>\n<p>Sarjan helppohoitoisuus ja kest\u00e4vyys tekev\u00e4t siit\u00e4 loistavan valinnan jokap\u00e4iv\u00e4iseen k\u00e4ytt\u00f6\u00f6n. Puuvillamateriaali on helppo pest\u00e4 ja kest\u00e4\u00e4 pitk\u00e4\u00e4n.<\/p>\n<p>Mukava ja rauhallinen uni on lapsille ensiarvoisen t\u00e4rke\u00e4\u00e4, ja puuvillaset vuodevaatteet auttavat varmistamaan, ett\u00e4 jokainen lapsi voi nauttia jokaisesta unen hetkest\u00e4.<\/p>\n","protected":false},"excerpt":{"rendered":"<ul>\n<li>Materiaali: 100% Puuvillaa<\/li>\n<li>Pussilakana: 120&#215;150 cm<\/li>\n<li>Patjan p\u00e4\u00e4llinen: 60&#215;135 cm<\/li>\n<li>Tyynyliina: 30&#215;50 cm<\/li>\n<\/ul>\n","protected":false},"featured_media":43975,"comment_status":"open","ping_status":"closed","template":"","meta":[],"product_brand":[],"product_cat":[852,857,396],"product_tag":[402,401,404],"class_list":{"0":"post-43969","1":"product","2":"type-product","3":"status-publish","4":"has-post-thumbnail","6":"product_cat-lasten-maailma","7":"product_cat-lasten-vuodevaatteet","8":"product_cat-vuodevaatteet","9":"product_tag-kodin-tekstiilit","10":"product_tag-tekstiili","11":"product_tag-vuodevaatteet-setti","13":"first","14":"instock","15":"shipping-taxable","16":"purchasable","17":"product-type-simple"},"yoast_head":"<!-- This site is optimized with the Yoast SEO plugin v27.3 - https:\/\/yoast.com\/product\/yoast-seo-wordpress\/ -->\n<title>Lasten vuodevaatteet setti | Ankanpoikanen - 100% Puuvillaa<\/title>\n<meta name=\"description\" content=\"Puuvillainen lasten vuodevaatteet Ankanpoikanen - pehme\u00e4 ja hengitt\u00e4v\u00e4 materiaali takaa hemmottelevan kosketuksen, mukavuuden ja rauhallisen unen joka y\u00f6\" \/>\n<meta name=\"robots\" content=\"index, follow, max-snippet:-1, max-image-preview:large, max-video-preview:-1\" \/>\n<link rel=\"canonical\" href=\"https:\/\/minubaltic.ee\/fi\/e-pood\/vuodevaatteet\/lasten-vuodevaatteet-setti-ankanpoikanen\/\" \/>\n<meta property=\"og:locale\" content=\"fi_FI\" \/>\n<meta property=\"og:type\" content=\"article\" \/>\n<meta property=\"og:title\" content=\"Lasten vuodevaatteet setti | Ankanpoikanen - 100% Puuvillaa\" \/>\n<meta property=\"og:description\" content=\"Puuvillainen lasten vuodevaatteet Ankanpoikanen - pehme\u00e4 ja hengitt\u00e4v\u00e4 materiaali takaa hemmottelevan kosketuksen, mukavuuden ja rauhallisen unen joka y\u00f6\" \/>\n<meta property=\"og:url\" content=\"https:\/\/minubaltic.ee\/fi\/e-pood\/vuodevaatteet\/lasten-vuodevaatteet-setti-ankanpoikanen\/\" \/>\n<meta property=\"article:publisher\" content=\"https:\/\/www.facebook.com\/minubaltic\" \/>\n<meta property=\"article:modified_time\" content=\"2025-03-12T11:33:56+00:00\" \/>\n<meta property=\"og:image\" content=\"https:\/\/minubaltic.ee\/wp-content\/uploads\/2025\/03\/Laste-voodipesukomplekt-Pardike.jpg\" \/>\n\t<meta property=\"og:image:width\" content=\"800\" \/>\n\t<meta property=\"og:image:height\" content=\"800\" \/>\n\t<meta property=\"og:image:type\" content=\"image\/jpeg\" \/>\n<meta name=\"twitter:card\" content=\"summary_large_image\" \/>\n<meta name=\"twitter:label1\" content=\"Arvioitu lukuaika\" \/>\n\t<meta name=\"twitter:data1\" content=\"1 minuutti\" \/>\n<script type=\"application\/ld+json\" class=\"yoast-schema-graph\">{\"@context\":\"https:\\\/\\\/schema.org\",\"@graph\":[{\"@type\":\"WebPage\",\"@id\":\"https:\\\/\\\/minubaltic.ee\\\/fi\\\/e-pood\\\/vuodevaatteet\\\/lasten-vuodevaatteet-setti-ankanpoikanen\\\/\",\"url\":\"https:\\\/\\\/minubaltic.ee\\\/fi\\\/e-pood\\\/vuodevaatteet\\\/lasten-vuodevaatteet-setti-ankanpoikanen\\\/\",\"name\":\"Lasten vuodevaatteet setti | Ankanpoikanen - 100% Puuvillaa\",\"isPartOf\":{\"@id\":\"https:\\\/\\\/minubaltic.ee\\\/fi\\\/#website\"},\"primaryImageOfPage\":{\"@id\":\"https:\\\/\\\/minubaltic.ee\\\/fi\\\/e-pood\\\/vuodevaatteet\\\/lasten-vuodevaatteet-setti-ankanpoikanen\\\/#primaryimage\"},\"image\":{\"@id\":\"https:\\\/\\\/minubaltic.ee\\\/fi\\\/e-pood\\\/vuodevaatteet\\\/lasten-vuodevaatteet-setti-ankanpoikanen\\\/#primaryimage\"},\"thumbnailUrl\":\"https:\\\/\\\/minubaltic.ee\\\/wp-content\\\/uploads\\\/2025\\\/03\\\/Laste-voodipesukomplekt-Pardike.jpg\",\"datePublished\":\"2025-03-12T08:49:36+00:00\",\"dateModified\":\"2025-03-12T11:33:56+00:00\",\"description\":\"Puuvillainen lasten vuodevaatteet Ankanpoikanen - pehme\u00e4 ja hengitt\u00e4v\u00e4 materiaali takaa hemmottelevan kosketuksen, mukavuuden ja rauhallisen unen joka y\u00f6\",\"breadcrumb\":{\"@id\":\"https:\\\/\\\/minubaltic.ee\\\/fi\\\/e-pood\\\/vuodevaatteet\\\/lasten-vuodevaatteet-setti-ankanpoikanen\\\/#breadcrumb\"},\"inLanguage\":\"fi\",\"potentialAction\":[{\"@type\":\"ReadAction\",\"target\":[\"https:\\\/\\\/minubaltic.ee\\\/fi\\\/e-pood\\\/vuodevaatteet\\\/lasten-vuodevaatteet-setti-ankanpoikanen\\\/\"]}]},{\"@type\":\"ImageObject\",\"inLanguage\":\"fi\",\"@id\":\"https:\\\/\\\/minubaltic.ee\\\/fi\\\/e-pood\\\/vuodevaatteet\\\/lasten-vuodevaatteet-setti-ankanpoikanen\\\/#primaryimage\",\"url\":\"https:\\\/\\\/minubaltic.ee\\\/wp-content\\\/uploads\\\/2025\\\/03\\\/Laste-voodipesukomplekt-Pardike.jpg\",\"contentUrl\":\"https:\\\/\\\/minubaltic.ee\\\/wp-content\\\/uploads\\\/2025\\\/03\\\/Laste-voodipesukomplekt-Pardike.jpg\",\"width\":800,\"height\":800,\"caption\":\"Laste voodipesukomplekt - Pardike\"},{\"@type\":\"BreadcrumbList\",\"@id\":\"https:\\\/\\\/minubaltic.ee\\\/fi\\\/e-pood\\\/vuodevaatteet\\\/lasten-vuodevaatteet-setti-ankanpoikanen\\\/#breadcrumb\",\"itemListElement\":[{\"@type\":\"ListItem\",\"position\":1,\"name\":\"Home\",\"item\":\"https:\\\/\\\/minubaltic.ee\\\/fi\\\/\"},{\"@type\":\"ListItem\",\"position\":2,\"name\":\"Verkkokauppa\",\"item\":\"https:\\\/\\\/minubaltic.ee\\\/fi\\\/verkkokauppa\\\/\"},{\"@type\":\"ListItem\",\"position\":3,\"name\":\"Lasten vuodevaatteet setti | Ankanpoikanen\"}]},{\"@type\":\"WebSite\",\"@id\":\"https:\\\/\\\/minubaltic.ee\\\/fi\\\/#website\",\"url\":\"https:\\\/\\\/minubaltic.ee\\\/fi\\\/\",\"name\":\"minubaltic.ee\",\"description\":\"\",\"publisher\":{\"@id\":\"https:\\\/\\\/minubaltic.ee\\\/fi\\\/#organization\"},\"potentialAction\":[{\"@type\":\"SearchAction\",\"target\":{\"@type\":\"EntryPoint\",\"urlTemplate\":\"https:\\\/\\\/minubaltic.ee\\\/fi\\\/?s={search_term_string}\"},\"query-input\":{\"@type\":\"PropertyValueSpecification\",\"valueRequired\":true,\"valueName\":\"search_term_string\"}}],\"inLanguage\":\"fi\"},{\"@type\":\"Organization\",\"@id\":\"https:\\\/\\\/minubaltic.ee\\\/fi\\\/#organization\",\"name\":\"Minu Baltic O\u00dc\",\"url\":\"https:\\\/\\\/minubaltic.ee\\\/fi\\\/\",\"logo\":{\"@type\":\"ImageObject\",\"inLanguage\":\"fi\",\"@id\":\"https:\\\/\\\/minubaltic.ee\\\/fi\\\/#\\\/schema\\\/logo\\\/image\\\/\",\"url\":\"https:\\\/\\\/minubaltic.ee\\\/wp-content\\\/uploads\\\/2023\\\/10\\\/cropped-cropped-cropped-logo.png\",\"contentUrl\":\"https:\\\/\\\/minubaltic.ee\\\/wp-content\\\/uploads\\\/2023\\\/10\\\/cropped-cropped-cropped-logo.png\",\"width\":500,\"height\":237,\"caption\":\"Minu Baltic O\u00dc\"},\"image\":{\"@id\":\"https:\\\/\\\/minubaltic.ee\\\/fi\\\/#\\\/schema\\\/logo\\\/image\\\/\"},\"sameAs\":[\"https:\\\/\\\/www.facebook.com\\\/minubaltic\"]}]}<\/script>\n<!-- \/ Yoast SEO plugin. -->","yoast_head_json":{"title":"Lasten vuodevaatteet setti | Ankanpoikanen - 100% Puuvillaa","description":"Puuvillainen lasten vuodevaatteet Ankanpoikanen - pehme\u00e4 ja hengitt\u00e4v\u00e4 materiaali takaa hemmottelevan kosketuksen, mukavuuden ja rauhallisen unen joka y\u00f6","robots":{"index":"index","follow":"follow","max-snippet":"max-snippet:-1","max-image-preview":"max-image-preview:large","max-video-preview":"max-video-preview:-1"},"canonical":"https:\/\/minubaltic.ee\/fi\/e-pood\/vuodevaatteet\/lasten-vuodevaatteet-setti-ankanpoikanen\/","og_locale":"fi_FI","og_type":"article","og_title":"Lasten vuodevaatteet setti | Ankanpoikanen - 100% Puuvillaa","og_description":"Puuvillainen lasten vuodevaatteet Ankanpoikanen - pehme\u00e4 ja hengitt\u00e4v\u00e4 materiaali takaa hemmottelevan kosketuksen, mukavuuden ja rauhallisen unen joka y\u00f6","og_url":"https:\/\/minubaltic.ee\/fi\/e-pood\/vuodevaatteet\/lasten-vuodevaatteet-setti-ankanpoikanen\/","article_publisher":"https:\/\/www.facebook.com\/minubaltic","article_modified_time":"2025-03-12T11:33:56+00:00","og_image":[{"width":800,"height":800,"url":"https:\/\/minubaltic.ee\/wp-content\/uploads\/2025\/03\/Laste-voodipesukomplekt-Pardike.jpg","type":"image\/jpeg"}],"twitter_card":"summary_large_image","twitter_misc":{"Arvioitu lukuaika":"1 minuutti"},"schema":{"@context":"https:\/\/schema.org","@graph":[{"@type":"WebPage","@id":"https:\/\/minubaltic.ee\/fi\/e-pood\/vuodevaatteet\/lasten-vuodevaatteet-setti-ankanpoikanen\/","url":"https:\/\/minubaltic.ee\/fi\/e-pood\/vuodevaatteet\/lasten-vuodevaatteet-setti-ankanpoikanen\/","name":"Lasten vuodevaatteet setti | Ankanpoikanen - 100% Puuvillaa","isPartOf":{"@id":"https:\/\/minubaltic.ee\/fi\/#website"},"primaryImageOfPage":{"@id":"https:\/\/minubaltic.ee\/fi\/e-pood\/vuodevaatteet\/lasten-vuodevaatteet-setti-ankanpoikanen\/#primaryimage"},"image":{"@id":"https:\/\/minubaltic.ee\/fi\/e-pood\/vuodevaatteet\/lasten-vuodevaatteet-setti-ankanpoikanen\/#primaryimage"},"thumbnailUrl":"https:\/\/minubaltic.ee\/wp-content\/uploads\/2025\/03\/Laste-voodipesukomplekt-Pardike.jpg","datePublished":"2025-03-12T08:49:36+00:00","dateModified":"2025-03-12T11:33:56+00:00","description":"Puuvillainen lasten vuodevaatteet Ankanpoikanen - pehme\u00e4 ja hengitt\u00e4v\u00e4 materiaali takaa hemmottelevan kosketuksen, mukavuuden ja rauhallisen unen joka y\u00f6","breadcrumb":{"@id":"https:\/\/minubaltic.ee\/fi\/e-pood\/vuodevaatteet\/lasten-vuodevaatteet-setti-ankanpoikanen\/#breadcrumb"},"inLanguage":"fi","potentialAction":[{"@type":"ReadAction","target":["https:\/\/minubaltic.ee\/fi\/e-pood\/vuodevaatteet\/lasten-vuodevaatteet-setti-ankanpoikanen\/"]}]},{"@type":"ImageObject","inLanguage":"fi","@id":"https:\/\/minubaltic.ee\/fi\/e-pood\/vuodevaatteet\/lasten-vuodevaatteet-setti-ankanpoikanen\/#primaryimage","url":"https:\/\/minubaltic.ee\/wp-content\/uploads\/2025\/03\/Laste-voodipesukomplekt-Pardike.jpg","contentUrl":"https:\/\/minubaltic.ee\/wp-content\/uploads\/2025\/03\/Laste-voodipesukomplekt-Pardike.jpg","width":800,"height":800,"caption":"Laste voodipesukomplekt - Pardike"},{"@type":"BreadcrumbList","@id":"https:\/\/minubaltic.ee\/fi\/e-pood\/vuodevaatteet\/lasten-vuodevaatteet-setti-ankanpoikanen\/#breadcrumb","itemListElement":[{"@type":"ListItem","position":1,"name":"Home","item":"https:\/\/minubaltic.ee\/fi\/"},{"@type":"ListItem","position":2,"name":"Verkkokauppa","item":"https:\/\/minubaltic.ee\/fi\/verkkokauppa\/"},{"@type":"ListItem","position":3,"name":"Lasten vuodevaatteet setti | Ankanpoikanen"}]},{"@type":"WebSite","@id":"https:\/\/minubaltic.ee\/fi\/#website","url":"https:\/\/minubaltic.ee\/fi\/","name":"minubaltic.ee","description":"","publisher":{"@id":"https:\/\/minubaltic.ee\/fi\/#organization"},"potentialAction":[{"@type":"SearchAction","target":{"@type":"EntryPoint","urlTemplate":"https:\/\/minubaltic.ee\/fi\/?s={search_term_string}"},"query-input":{"@type":"PropertyValueSpecification","valueRequired":true,"valueName":"search_term_string"}}],"inLanguage":"fi"},{"@type":"Organization","@id":"https:\/\/minubaltic.ee\/fi\/#organization","name":"Minu Baltic O\u00dc","url":"https:\/\/minubaltic.ee\/fi\/","logo":{"@type":"ImageObject","inLanguage":"fi","@id":"https:\/\/minubaltic.ee\/fi\/#\/schema\/logo\/image\/","url":"https:\/\/minubaltic.ee\/wp-content\/uploads\/2023\/10\/cropped-cropped-cropped-logo.png","contentUrl":"https:\/\/minubaltic.ee\/wp-content\/uploads\/2023\/10\/cropped-cropped-cropped-logo.png","width":500,"height":237,"caption":"Minu Baltic O\u00dc"},"image":{"@id":"https:\/\/minubaltic.ee\/fi\/#\/schema\/logo\/image\/"},"sameAs":["https:\/\/www.facebook.com\/minubaltic"]}]}},"_links":{"self":[{"href":"https:\/\/minubaltic.ee\/fi\/wp-json\/wp\/v2\/product\/43969","targetHints":{"allow":["GET"]}}],"collection":[{"href":"https:\/\/minubaltic.ee\/fi\/wp-json\/wp\/v2\/product"}],"about":[{"href":"https:\/\/minubaltic.ee\/fi\/wp-json\/wp\/v2\/types\/product"}],"replies":[{"embeddable":true,"href":"https:\/\/minubaltic.ee\/fi\/wp-json\/wp\/v2\/comments?post=43969"}],"version-history":[{"count":2,"href":"https:\/\/minubaltic.ee\/fi\/wp-json\/wp\/v2\/product\/43969\/revisions"}],"predecessor-version":[{"id":44048,"href":"https:\/\/minubaltic.ee\/fi\/wp-json\/wp\/v2\/product\/43969\/revisions\/44048"}],"wp:featuredmedia":[{"embeddable":true,"href":"https:\/\/minubaltic.ee\/fi\/wp-json\/wp\/v2\/media\/43975"}],"wp:attachment":[{"href":"https:\/\/minubaltic.ee\/fi\/wp-json\/wp\/v2\/media?parent=43969"}],"wp:term":[{"taxonomy":"product_brand","embeddable":true,"href":"https:\/\/minubaltic.ee\/fi\/wp-json\/wp\/v2\/product_brand?post=43969"},{"taxonomy":"product_cat","embeddable":true,"href":"https:\/\/minubaltic.ee\/fi\/wp-json\/wp\/v2\/product_cat?post=43969"},{"taxonomy":"product_tag","embeddable":true,"href":"https:\/\/minubaltic.ee\/fi\/wp-json\/wp\/v2\/product_tag?post=43969"}],"curies":[{"name":"wp","href":"https:\/\/api.w.org\/{rel}","templated":true}]}}