{"id":43115,"date":"2025-03-01T04:07:38","date_gmt":"2025-03-01T01:07:38","guid":{"rendered":"https:\/\/minubaltic.ee\/?post_type=product&#038;p=43115"},"modified":"2025-03-01T06:35:37","modified_gmt":"2025-03-01T03:35:37","slug":"tencel-vuodevaatteet-setti-kahvia","status":"publish","type":"product","link":"https:\/\/minubaltic.ee\/fi\/e-pood\/vuodevaatteet\/tencel-vuodevaatteet-setti-kahvia\/","title":{"rendered":"Tencel vuodevaatteet setti &#8211; Kahvia"},"content":{"rendered":"<p>Tencel-vuodevaatteet on valmistettu luonnollisesta eukalyptuksesta, mik\u00e4 tarjoaa poikkeuksellista pehmeytt\u00e4 ja hengitt\u00e4vyytt\u00e4. T\u00e4m\u00e4 ihoyst\u00e4v\u00e4llinen materiaali on t\u00e4ydellinen valinta niille, jotka arvostavat laadukkaita ja ymp\u00e4rist\u00f6yst\u00e4v\u00e4llisi\u00e4 tuotteita. Tencel-kangas s\u00e4\u00e4telee kosteutta ja pit\u00e4\u00e4 kehon l\u00e4mp\u00f6tilan tasapainossa varmistaakseen raikkaan ja mukavan unen. Tencel on my\u00f6s hypoallergeeninen ja antibakteerinen, joten se on t\u00e4ydellinen allergikoille ja ihmisille, joilla on herkk\u00e4 iho.<\/p>\n<p>Tencel-vuodevaatesarja on kest\u00e4v\u00e4 ja s\u00e4ilytt\u00e4\u00e4 laatunsa useidenkin pesujen j\u00e4lkeen. Tuotteissa yhdistyv\u00e4t mukavuus, kest\u00e4vyys ja ymp\u00e4rist\u00f6yst\u00e4v\u00e4llisyys, mik\u00e4 tekee niist\u00e4 ihanteellisen valinnan jokap\u00e4iv\u00e4iseen k\u00e4ytt\u00f6\u00f6n. Luonnonkuitujensa ansiosta Tencel-vuodevaatteet on herkk\u00e4 ja silkkinen tarjoten ylellisen unikokemuksen joka y\u00f6. Se on my\u00f6s loistava valinta niille, jotka etsiv\u00e4t hypoallergeenisia ja antibakteerisia ratkaisuja makuuhuoneeseensa.<\/p>\n<p>Tencel-vuodevaatteet tarjoavat paitsi poikkeuksellista mukavuutta ja laatua, my\u00f6s tyyli\u00e4 ja eleganssia. Sen kaunis ja minimalistinen muotoilu tuo makuuhuoneeseen ylellisen ja rauhallisen tunnelman. Lis\u00e4\u00e4 laatua ja tyyli\u00e4 makuuhuoneeseesi valitsemalla Tencel-vuodevaatteet \u2013 t\u00e4ydellinen ratkaisu jokaiseen p\u00e4iv\u00e4\u00e4n.<\/p>\n","protected":false},"excerpt":{"rendered":"<p>100% ekologinen, antibakteerinen ja ihoyst\u00e4v\u00e4llinen, tarjoaa pehmeytt\u00e4 ja hengitt\u00e4vyytt\u00e4.<\/p>\n<ul>\n<li>V\u00e4ri: Kahvia<\/li>\n<li>Materiaali: 100% Tencel<\/li>\n<li>Kuituluettelo: 60S \/ 300TC<\/li>\n<li>Pussilakana: 200\u00d7220 cm<\/li>\n<li>Lakana: 220\u00d7240 cm<\/li>\n<li>Tyynyliinaa: 50\u00d770 cm (2kpl)<\/li>\n<\/ul>\n<p><img loading=\"lazy\" decoding=\"async\" class=\" wd-lazy-fade alignnone wp-image-42933\" src=\"https:\/\/minubaltic.ee\/wp-content\/themes\/woodmart\/images\/lazy.svg\" data-src=\"https:\/\/minubaltic.ee\/wp-content\/uploads\/2025\/03\/tencel-certified-400x129.png\" alt=\"\" width=\"125\" height=\"40\" srcset=\"\" data-srcset=\"https:\/\/minubaltic.ee\/wp-content\/uploads\/2025\/03\/tencel-certified-400x129.png 400w, https:\/\/minubaltic.ee\/wp-content\/uploads\/2025\/03\/tencel-certified-430x139.png 430w, https:\/\/minubaltic.ee\/wp-content\/uploads\/2025\/03\/tencel-certified-150x49.png 150w, https:\/\/minubaltic.ee\/wp-content\/uploads\/2025\/03\/tencel-certified.png 516w\" sizes=\"auto, (max-width: 125px) 100vw, 125px\" \/><img loading=\"lazy\" decoding=\"async\" class=\" wd-lazy-fade alignnone wp-image-42939\" src=\"https:\/\/minubaltic.ee\/wp-content\/themes\/woodmart\/images\/lazy.svg\" data-src=\"https:\/\/minubaltic.ee\/wp-content\/uploads\/2025\/03\/oeko-tex-standard-100.png\" alt=\"\" width=\"125\" height=\"41\" srcset=\"\" data-srcset=\"https:\/\/minubaltic.ee\/wp-content\/uploads\/2025\/03\/oeko-tex-standard-100.png 200w, https:\/\/minubaltic.ee\/wp-content\/uploads\/2025\/03\/oeko-tex-standard-100-150x50.png 150w\" sizes=\"auto, (max-width: 125px) 100vw, 125px\" \/><\/p>\n","protected":false},"featured_media":43126,"comment_status":"open","ping_status":"closed","template":"","meta":[],"product_brand":[],"product_cat":[766,735,595,396,398,617],"product_tag":[401,400],"class_list":{"0":"post-43115","1":"product","2":"type-product","3":"status-publish","4":"has-post-thumbnail","6":"product_cat-orgaaniset-vuodevaatteet","7":"product_cat-tencel-pussilakanasetti","8":"product_cat-tencel-vuodevaatteet","9":"product_cat-vuodevaatteet","10":"product_cat-vuodevaatteet-200-220","11":"product_cat-vuodevaatteet-setit","12":"product_tag-tekstiili","13":"product_tag-verkkokauppa","15":"first","16":"instock","17":"shipping-taxable","18":"purchasable","19":"product-type-simple"},"yoast_head":"<!-- This site is optimized with the Yoast SEO plugin v27.3 - https:\/\/yoast.com\/product\/yoast-seo-wordpress\/ -->\n<title>Tencel vuodevaatteet setti - Kahvia | 100% TENCEL\u2122<\/title>\n<meta name=\"description\" content=\"Luonnollinen ja ihoyst\u00e4v\u00e4llinen eukalyptuksen Kahvia Tencel pussilakanasetti takaavat mukavan ja raikkaan unen. Hengitt\u00e4v\u00e4 ja pehme\u00e4 kangas\" \/>\n<meta name=\"robots\" content=\"index, follow, max-snippet:-1, max-image-preview:large, max-video-preview:-1\" \/>\n<link rel=\"canonical\" href=\"https:\/\/minubaltic.ee\/fi\/e-pood\/vuodevaatteet\/tencel-vuodevaatteet-setti-kahvia\/\" \/>\n<meta property=\"og:locale\" content=\"fi_FI\" \/>\n<meta property=\"og:type\" content=\"article\" \/>\n<meta property=\"og:title\" content=\"Tencel vuodevaatteet setti - Kahvia | 100% TENCEL\u2122\" \/>\n<meta property=\"og:description\" content=\"Luonnollinen ja ihoyst\u00e4v\u00e4llinen eukalyptuksen Kahvia Tencel pussilakanasetti takaavat mukavan ja raikkaan unen. Hengitt\u00e4v\u00e4 ja pehme\u00e4 kangas\" \/>\n<meta property=\"og:url\" content=\"https:\/\/minubaltic.ee\/fi\/e-pood\/vuodevaatteet\/tencel-vuodevaatteet-setti-kahvia\/\" \/>\n<meta property=\"article:publisher\" content=\"https:\/\/www.facebook.com\/minubaltic\" \/>\n<meta property=\"article:modified_time\" content=\"2025-03-01T03:35:37+00:00\" \/>\n<meta property=\"og:image\" content=\"https:\/\/minubaltic.ee\/wp-content\/uploads\/2025\/03\/Tencel-voodipesukomplekt-\u2013-Kohv.jpg\" \/>\n\t<meta property=\"og:image:width\" content=\"800\" \/>\n\t<meta property=\"og:image:height\" content=\"800\" \/>\n\t<meta property=\"og:image:type\" content=\"image\/jpeg\" \/>\n<meta name=\"twitter:card\" content=\"summary_large_image\" \/>\n<meta name=\"twitter:label1\" content=\"Arvioitu lukuaika\" \/>\n\t<meta name=\"twitter:data1\" content=\"1 minuutti\" \/>\n<script type=\"application\/ld+json\" class=\"yoast-schema-graph\">{\"@context\":\"https:\\\/\\\/schema.org\",\"@graph\":[{\"@type\":\"WebPage\",\"@id\":\"https:\\\/\\\/minubaltic.ee\\\/fi\\\/e-pood\\\/vuodevaatteet\\\/tencel-vuodevaatteet-setti-kahvia\\\/\",\"url\":\"https:\\\/\\\/minubaltic.ee\\\/fi\\\/e-pood\\\/vuodevaatteet\\\/tencel-vuodevaatteet-setti-kahvia\\\/\",\"name\":\"Tencel vuodevaatteet setti - Kahvia | 100% TENCEL\u2122\",\"isPartOf\":{\"@id\":\"https:\\\/\\\/minubaltic.ee\\\/fi\\\/#website\"},\"primaryImageOfPage\":{\"@id\":\"https:\\\/\\\/minubaltic.ee\\\/fi\\\/e-pood\\\/vuodevaatteet\\\/tencel-vuodevaatteet-setti-kahvia\\\/#primaryimage\"},\"image\":{\"@id\":\"https:\\\/\\\/minubaltic.ee\\\/fi\\\/e-pood\\\/vuodevaatteet\\\/tencel-vuodevaatteet-setti-kahvia\\\/#primaryimage\"},\"thumbnailUrl\":\"https:\\\/\\\/minubaltic.ee\\\/wp-content\\\/uploads\\\/2025\\\/03\\\/Tencel-voodipesukomplekt-\u2013-Kohv.jpg\",\"datePublished\":\"2025-03-01T01:07:38+00:00\",\"dateModified\":\"2025-03-01T03:35:37+00:00\",\"description\":\"Luonnollinen ja ihoyst\u00e4v\u00e4llinen eukalyptuksen Kahvia Tencel pussilakanasetti takaavat mukavan ja raikkaan unen. Hengitt\u00e4v\u00e4 ja pehme\u00e4 kangas\",\"breadcrumb\":{\"@id\":\"https:\\\/\\\/minubaltic.ee\\\/fi\\\/e-pood\\\/vuodevaatteet\\\/tencel-vuodevaatteet-setti-kahvia\\\/#breadcrumb\"},\"inLanguage\":\"fi\",\"potentialAction\":[{\"@type\":\"ReadAction\",\"target\":[\"https:\\\/\\\/minubaltic.ee\\\/fi\\\/e-pood\\\/vuodevaatteet\\\/tencel-vuodevaatteet-setti-kahvia\\\/\"]}]},{\"@type\":\"ImageObject\",\"inLanguage\":\"fi\",\"@id\":\"https:\\\/\\\/minubaltic.ee\\\/fi\\\/e-pood\\\/vuodevaatteet\\\/tencel-vuodevaatteet-setti-kahvia\\\/#primaryimage\",\"url\":\"https:\\\/\\\/minubaltic.ee\\\/wp-content\\\/uploads\\\/2025\\\/03\\\/Tencel-voodipesukomplekt-\u2013-Kohv.jpg\",\"contentUrl\":\"https:\\\/\\\/minubaltic.ee\\\/wp-content\\\/uploads\\\/2025\\\/03\\\/Tencel-voodipesukomplekt-\u2013-Kohv.jpg\",\"width\":800,\"height\":800,\"caption\":\"Tencel voodipesukomplekt \u2013 Kohv\"},{\"@type\":\"BreadcrumbList\",\"@id\":\"https:\\\/\\\/minubaltic.ee\\\/fi\\\/e-pood\\\/vuodevaatteet\\\/tencel-vuodevaatteet-setti-kahvia\\\/#breadcrumb\",\"itemListElement\":[{\"@type\":\"ListItem\",\"position\":1,\"name\":\"Home\",\"item\":\"https:\\\/\\\/minubaltic.ee\\\/fi\\\/\"},{\"@type\":\"ListItem\",\"position\":2,\"name\":\"Verkkokauppa\",\"item\":\"https:\\\/\\\/minubaltic.ee\\\/fi\\\/verkkokauppa\\\/\"},{\"@type\":\"ListItem\",\"position\":3,\"name\":\"Tencel vuodevaatteet setti &#8211; Kahvia\"}]},{\"@type\":\"WebSite\",\"@id\":\"https:\\\/\\\/minubaltic.ee\\\/fi\\\/#website\",\"url\":\"https:\\\/\\\/minubaltic.ee\\\/fi\\\/\",\"name\":\"minubaltic.ee\",\"description\":\"\",\"publisher\":{\"@id\":\"https:\\\/\\\/minubaltic.ee\\\/fi\\\/#organization\"},\"potentialAction\":[{\"@type\":\"SearchAction\",\"target\":{\"@type\":\"EntryPoint\",\"urlTemplate\":\"https:\\\/\\\/minubaltic.ee\\\/fi\\\/?s={search_term_string}\"},\"query-input\":{\"@type\":\"PropertyValueSpecification\",\"valueRequired\":true,\"valueName\":\"search_term_string\"}}],\"inLanguage\":\"fi\"},{\"@type\":\"Organization\",\"@id\":\"https:\\\/\\\/minubaltic.ee\\\/fi\\\/#organization\",\"name\":\"Minu Baltic O\u00dc\",\"url\":\"https:\\\/\\\/minubaltic.ee\\\/fi\\\/\",\"logo\":{\"@type\":\"ImageObject\",\"inLanguage\":\"fi\",\"@id\":\"https:\\\/\\\/minubaltic.ee\\\/fi\\\/#\\\/schema\\\/logo\\\/image\\\/\",\"url\":\"https:\\\/\\\/minubaltic.ee\\\/wp-content\\\/uploads\\\/2023\\\/10\\\/cropped-cropped-cropped-logo.png\",\"contentUrl\":\"https:\\\/\\\/minubaltic.ee\\\/wp-content\\\/uploads\\\/2023\\\/10\\\/cropped-cropped-cropped-logo.png\",\"width\":500,\"height\":237,\"caption\":\"Minu Baltic O\u00dc\"},\"image\":{\"@id\":\"https:\\\/\\\/minubaltic.ee\\\/fi\\\/#\\\/schema\\\/logo\\\/image\\\/\"},\"sameAs\":[\"https:\\\/\\\/www.facebook.com\\\/minubaltic\"]}]}<\/script>\n<!-- \/ Yoast SEO plugin. -->","yoast_head_json":{"title":"Tencel vuodevaatteet setti - Kahvia | 100% TENCEL\u2122","description":"Luonnollinen ja ihoyst\u00e4v\u00e4llinen eukalyptuksen Kahvia Tencel pussilakanasetti takaavat mukavan ja raikkaan unen. Hengitt\u00e4v\u00e4 ja pehme\u00e4 kangas","robots":{"index":"index","follow":"follow","max-snippet":"max-snippet:-1","max-image-preview":"max-image-preview:large","max-video-preview":"max-video-preview:-1"},"canonical":"https:\/\/minubaltic.ee\/fi\/e-pood\/vuodevaatteet\/tencel-vuodevaatteet-setti-kahvia\/","og_locale":"fi_FI","og_type":"article","og_title":"Tencel vuodevaatteet setti - Kahvia | 100% TENCEL\u2122","og_description":"Luonnollinen ja ihoyst\u00e4v\u00e4llinen eukalyptuksen Kahvia Tencel pussilakanasetti takaavat mukavan ja raikkaan unen. Hengitt\u00e4v\u00e4 ja pehme\u00e4 kangas","og_url":"https:\/\/minubaltic.ee\/fi\/e-pood\/vuodevaatteet\/tencel-vuodevaatteet-setti-kahvia\/","article_publisher":"https:\/\/www.facebook.com\/minubaltic","article_modified_time":"2025-03-01T03:35:37+00:00","og_image":[{"width":800,"height":800,"url":"https:\/\/minubaltic.ee\/wp-content\/uploads\/2025\/03\/Tencel-voodipesukomplekt-\u2013-Kohv.jpg","type":"image\/jpeg"}],"twitter_card":"summary_large_image","twitter_misc":{"Arvioitu lukuaika":"1 minuutti"},"schema":{"@context":"https:\/\/schema.org","@graph":[{"@type":"WebPage","@id":"https:\/\/minubaltic.ee\/fi\/e-pood\/vuodevaatteet\/tencel-vuodevaatteet-setti-kahvia\/","url":"https:\/\/minubaltic.ee\/fi\/e-pood\/vuodevaatteet\/tencel-vuodevaatteet-setti-kahvia\/","name":"Tencel vuodevaatteet setti - Kahvia | 100% TENCEL\u2122","isPartOf":{"@id":"https:\/\/minubaltic.ee\/fi\/#website"},"primaryImageOfPage":{"@id":"https:\/\/minubaltic.ee\/fi\/e-pood\/vuodevaatteet\/tencel-vuodevaatteet-setti-kahvia\/#primaryimage"},"image":{"@id":"https:\/\/minubaltic.ee\/fi\/e-pood\/vuodevaatteet\/tencel-vuodevaatteet-setti-kahvia\/#primaryimage"},"thumbnailUrl":"https:\/\/minubaltic.ee\/wp-content\/uploads\/2025\/03\/Tencel-voodipesukomplekt-\u2013-Kohv.jpg","datePublished":"2025-03-01T01:07:38+00:00","dateModified":"2025-03-01T03:35:37+00:00","description":"Luonnollinen ja ihoyst\u00e4v\u00e4llinen eukalyptuksen Kahvia Tencel pussilakanasetti takaavat mukavan ja raikkaan unen. Hengitt\u00e4v\u00e4 ja pehme\u00e4 kangas","breadcrumb":{"@id":"https:\/\/minubaltic.ee\/fi\/e-pood\/vuodevaatteet\/tencel-vuodevaatteet-setti-kahvia\/#breadcrumb"},"inLanguage":"fi","potentialAction":[{"@type":"ReadAction","target":["https:\/\/minubaltic.ee\/fi\/e-pood\/vuodevaatteet\/tencel-vuodevaatteet-setti-kahvia\/"]}]},{"@type":"ImageObject","inLanguage":"fi","@id":"https:\/\/minubaltic.ee\/fi\/e-pood\/vuodevaatteet\/tencel-vuodevaatteet-setti-kahvia\/#primaryimage","url":"https:\/\/minubaltic.ee\/wp-content\/uploads\/2025\/03\/Tencel-voodipesukomplekt-\u2013-Kohv.jpg","contentUrl":"https:\/\/minubaltic.ee\/wp-content\/uploads\/2025\/03\/Tencel-voodipesukomplekt-\u2013-Kohv.jpg","width":800,"height":800,"caption":"Tencel voodipesukomplekt \u2013 Kohv"},{"@type":"BreadcrumbList","@id":"https:\/\/minubaltic.ee\/fi\/e-pood\/vuodevaatteet\/tencel-vuodevaatteet-setti-kahvia\/#breadcrumb","itemListElement":[{"@type":"ListItem","position":1,"name":"Home","item":"https:\/\/minubaltic.ee\/fi\/"},{"@type":"ListItem","position":2,"name":"Verkkokauppa","item":"https:\/\/minubaltic.ee\/fi\/verkkokauppa\/"},{"@type":"ListItem","position":3,"name":"Tencel vuodevaatteet setti &#8211; Kahvia"}]},{"@type":"WebSite","@id":"https:\/\/minubaltic.ee\/fi\/#website","url":"https:\/\/minubaltic.ee\/fi\/","name":"minubaltic.ee","description":"","publisher":{"@id":"https:\/\/minubaltic.ee\/fi\/#organization"},"potentialAction":[{"@type":"SearchAction","target":{"@type":"EntryPoint","urlTemplate":"https:\/\/minubaltic.ee\/fi\/?s={search_term_string}"},"query-input":{"@type":"PropertyValueSpecification","valueRequired":true,"valueName":"search_term_string"}}],"inLanguage":"fi"},{"@type":"Organization","@id":"https:\/\/minubaltic.ee\/fi\/#organization","name":"Minu Baltic O\u00dc","url":"https:\/\/minubaltic.ee\/fi\/","logo":{"@type":"ImageObject","inLanguage":"fi","@id":"https:\/\/minubaltic.ee\/fi\/#\/schema\/logo\/image\/","url":"https:\/\/minubaltic.ee\/wp-content\/uploads\/2023\/10\/cropped-cropped-cropped-logo.png","contentUrl":"https:\/\/minubaltic.ee\/wp-content\/uploads\/2023\/10\/cropped-cropped-cropped-logo.png","width":500,"height":237,"caption":"Minu Baltic O\u00dc"},"image":{"@id":"https:\/\/minubaltic.ee\/fi\/#\/schema\/logo\/image\/"},"sameAs":["https:\/\/www.facebook.com\/minubaltic"]}]}},"_links":{"self":[{"href":"https:\/\/minubaltic.ee\/fi\/wp-json\/wp\/v2\/product\/43115","targetHints":{"allow":["GET"]}}],"collection":[{"href":"https:\/\/minubaltic.ee\/fi\/wp-json\/wp\/v2\/product"}],"about":[{"href":"https:\/\/minubaltic.ee\/fi\/wp-json\/wp\/v2\/types\/product"}],"replies":[{"embeddable":true,"href":"https:\/\/minubaltic.ee\/fi\/wp-json\/wp\/v2\/comments?post=43115"}],"version-history":[{"count":2,"href":"https:\/\/minubaltic.ee\/fi\/wp-json\/wp\/v2\/product\/43115\/revisions"}],"predecessor-version":[{"id":43477,"href":"https:\/\/minubaltic.ee\/fi\/wp-json\/wp\/v2\/product\/43115\/revisions\/43477"}],"wp:featuredmedia":[{"embeddable":true,"href":"https:\/\/minubaltic.ee\/fi\/wp-json\/wp\/v2\/media\/43126"}],"wp:attachment":[{"href":"https:\/\/minubaltic.ee\/fi\/wp-json\/wp\/v2\/media?parent=43115"}],"wp:term":[{"taxonomy":"product_brand","embeddable":true,"href":"https:\/\/minubaltic.ee\/fi\/wp-json\/wp\/v2\/product_brand?post=43115"},{"taxonomy":"product_cat","embeddable":true,"href":"https:\/\/minubaltic.ee\/fi\/wp-json\/wp\/v2\/product_cat?post=43115"},{"taxonomy":"product_tag","embeddable":true,"href":"https:\/\/minubaltic.ee\/fi\/wp-json\/wp\/v2\/product_tag?post=43115"}],"curies":[{"name":"wp","href":"https:\/\/api.w.org\/{rel}","templated":true}]}}