{"id":42659,"date":"2025-02-21T17:23:48","date_gmt":"2025-02-21T14:23:48","guid":{"rendered":"https:\/\/minubaltic.ee\/?post_type=product&#038;p=42659"},"modified":"2025-02-21T18:35:00","modified_gmt":"2025-02-21T15:35:00","slug":"tyynypeitto-2-in-1-mikki-hiiri-punainen","status":"publish","type":"product","link":"https:\/\/minubaltic.ee\/fi\/e-pood\/lasten-peitot\/tyynypeitto-2-in-1-mikki-hiiri-punainen\/","title":{"rendered":"Tyynypeitto 2 in 1 &#8211; Mikki Hiiri | punainen"},"content":{"rendered":"<p>Lapsille luotu 2in1 viltti-tyyny on fiksu ratkaisu, jossa yhdistyy mukava tyyny ja l\u00e4mmin peitto, joka tarjoaa lapsellesi viihtyisyytt\u00e4 joka tilanteessa. P\u00e4iv\u00e4ll\u00e4 sit\u00e4 voidaan k\u00e4ytt\u00e4\u00e4 mukavana tyynyn\u00e4, ja y\u00f6ll\u00e4 se avautuu pehme\u00e4ksi ja l\u00e4mpim\u00e4ksi peitoksi, joka pit\u00e4\u00e4 lapsesi mukavasti peitettyn\u00e4. Se on loistava valinta niin kotiin kuin matkoillekin tarjoamalla lapsellesi tutun ja turvallisen tunteen my\u00f6s tuntemattomissa paikoissa.<\/p>\n","protected":false},"excerpt":{"rendered":"<ul>\n<li>Kangaskoostumus: Coral fleece<\/li>\n<li>Koko: 40\u00d740 cm \u2013 avattuna 105\u00d7155 cm<\/li>\n<li>Paino: 1,1 kg<\/li>\n<\/ul>\n","protected":false},"featured_media":42665,"comment_status":"open","ping_status":"closed","template":"","meta":[],"product_brand":[],"product_cat":[852,380],"product_tag":[408,400],"class_list":{"0":"post-42659","1":"product","2":"type-product","3":"status-publish","4":"has-post-thumbnail","6":"product_cat-lasten-maailma","7":"product_cat-lasten-peitot","8":"product_tag-lasten-peitto","9":"product_tag-verkkokauppa","11":"first","12":"instock","13":"shipping-taxable","14":"purchasable","15":"product-type-simple"},"yoast_head":"<!-- This site is optimized with the Yoast SEO plugin v27.3 - https:\/\/yoast.com\/product\/yoast-seo-wordpress\/ -->\n<title>Tyynypeitto 2 in 1 - Mikki Hiiri | punainen - Minu Baltic<\/title>\n<meta name=\"description\" content=\"Monipuolinen tyyny ja peitto 2 in 1 - punainen Mikki Hiiri - pehme\u00e4 ja mukava ratkaisu kotiin, matkalle tai piknikille. K\u00e4yt\u00e4 tyynyn\u00e4 tai avaa se mukavaksi\" \/>\n<meta name=\"robots\" content=\"index, follow, max-snippet:-1, max-image-preview:large, max-video-preview:-1\" \/>\n<link rel=\"canonical\" href=\"https:\/\/minubaltic.ee\/fi\/e-pood\/lasten-peitot\/tyynypeitto-2-in-1-mikki-hiiri-punainen\/\" \/>\n<meta property=\"og:locale\" content=\"fi_FI\" \/>\n<meta property=\"og:type\" content=\"article\" \/>\n<meta property=\"og:title\" content=\"Tyynypeitto 2 in 1 - Mikki Hiiri | punainen - Minu Baltic\" \/>\n<meta property=\"og:description\" content=\"Monipuolinen tyyny ja peitto 2 in 1 - punainen Mikki Hiiri - pehme\u00e4 ja mukava ratkaisu kotiin, matkalle tai piknikille. K\u00e4yt\u00e4 tyynyn\u00e4 tai avaa se mukavaksi\" \/>\n<meta property=\"og:url\" content=\"https:\/\/minubaltic.ee\/fi\/e-pood\/lasten-peitot\/tyynypeitto-2-in-1-mikki-hiiri-punainen\/\" \/>\n<meta property=\"article:publisher\" content=\"https:\/\/www.facebook.com\/minubaltic\" \/>\n<meta property=\"article:modified_time\" content=\"2025-02-21T15:35:00+00:00\" \/>\n<meta property=\"og:image\" content=\"https:\/\/minubaltic.ee\/wp-content\/uploads\/2025\/02\/Padi-ja-tekk-2-in-1-Miki-Hiir-punane.jpg\" \/>\n\t<meta property=\"og:image:width\" content=\"800\" \/>\n\t<meta property=\"og:image:height\" content=\"800\" \/>\n\t<meta property=\"og:image:type\" content=\"image\/jpeg\" \/>\n<meta name=\"twitter:card\" content=\"summary_large_image\" \/>\n<meta name=\"twitter:label1\" content=\"Arvioitu lukuaika\" \/>\n\t<meta name=\"twitter:data1\" content=\"1 minuutti\" \/>\n<script type=\"application\/ld+json\" class=\"yoast-schema-graph\">{\"@context\":\"https:\\\/\\\/schema.org\",\"@graph\":[{\"@type\":\"WebPage\",\"@id\":\"https:\\\/\\\/minubaltic.ee\\\/fi\\\/e-pood\\\/lasten-peitot\\\/tyynypeitto-2-in-1-mikki-hiiri-punainen\\\/\",\"url\":\"https:\\\/\\\/minubaltic.ee\\\/fi\\\/e-pood\\\/lasten-peitot\\\/tyynypeitto-2-in-1-mikki-hiiri-punainen\\\/\",\"name\":\"Tyynypeitto 2 in 1 - Mikki Hiiri | punainen - Minu Baltic\",\"isPartOf\":{\"@id\":\"https:\\\/\\\/minubaltic.ee\\\/fi\\\/#website\"},\"primaryImageOfPage\":{\"@id\":\"https:\\\/\\\/minubaltic.ee\\\/fi\\\/e-pood\\\/lasten-peitot\\\/tyynypeitto-2-in-1-mikki-hiiri-punainen\\\/#primaryimage\"},\"image\":{\"@id\":\"https:\\\/\\\/minubaltic.ee\\\/fi\\\/e-pood\\\/lasten-peitot\\\/tyynypeitto-2-in-1-mikki-hiiri-punainen\\\/#primaryimage\"},\"thumbnailUrl\":\"https:\\\/\\\/minubaltic.ee\\\/wp-content\\\/uploads\\\/2025\\\/02\\\/Padi-ja-tekk-2-in-1-Miki-Hiir-punane.jpg\",\"datePublished\":\"2025-02-21T14:23:48+00:00\",\"dateModified\":\"2025-02-21T15:35:00+00:00\",\"description\":\"Monipuolinen tyyny ja peitto 2 in 1 - punainen Mikki Hiiri - pehme\u00e4 ja mukava ratkaisu kotiin, matkalle tai piknikille. K\u00e4yt\u00e4 tyynyn\u00e4 tai avaa se mukavaksi\",\"breadcrumb\":{\"@id\":\"https:\\\/\\\/minubaltic.ee\\\/fi\\\/e-pood\\\/lasten-peitot\\\/tyynypeitto-2-in-1-mikki-hiiri-punainen\\\/#breadcrumb\"},\"inLanguage\":\"fi\",\"potentialAction\":[{\"@type\":\"ReadAction\",\"target\":[\"https:\\\/\\\/minubaltic.ee\\\/fi\\\/e-pood\\\/lasten-peitot\\\/tyynypeitto-2-in-1-mikki-hiiri-punainen\\\/\"]}]},{\"@type\":\"ImageObject\",\"inLanguage\":\"fi\",\"@id\":\"https:\\\/\\\/minubaltic.ee\\\/fi\\\/e-pood\\\/lasten-peitot\\\/tyynypeitto-2-in-1-mikki-hiiri-punainen\\\/#primaryimage\",\"url\":\"https:\\\/\\\/minubaltic.ee\\\/wp-content\\\/uploads\\\/2025\\\/02\\\/Padi-ja-tekk-2-in-1-Miki-Hiir-punane.jpg\",\"contentUrl\":\"https:\\\/\\\/minubaltic.ee\\\/wp-content\\\/uploads\\\/2025\\\/02\\\/Padi-ja-tekk-2-in-1-Miki-Hiir-punane.jpg\",\"width\":800,\"height\":800,\"caption\":\"Padi ja tekk 2 in 1- Miki Hiir punane\"},{\"@type\":\"BreadcrumbList\",\"@id\":\"https:\\\/\\\/minubaltic.ee\\\/fi\\\/e-pood\\\/lasten-peitot\\\/tyynypeitto-2-in-1-mikki-hiiri-punainen\\\/#breadcrumb\",\"itemListElement\":[{\"@type\":\"ListItem\",\"position\":1,\"name\":\"Home\",\"item\":\"https:\\\/\\\/minubaltic.ee\\\/fi\\\/\"},{\"@type\":\"ListItem\",\"position\":2,\"name\":\"Verkkokauppa\",\"item\":\"https:\\\/\\\/minubaltic.ee\\\/fi\\\/verkkokauppa\\\/\"},{\"@type\":\"ListItem\",\"position\":3,\"name\":\"Tyynypeitto 2 in 1 &#8211; Mikki Hiiri | punainen\"}]},{\"@type\":\"WebSite\",\"@id\":\"https:\\\/\\\/minubaltic.ee\\\/fi\\\/#website\",\"url\":\"https:\\\/\\\/minubaltic.ee\\\/fi\\\/\",\"name\":\"minubaltic.ee\",\"description\":\"\",\"publisher\":{\"@id\":\"https:\\\/\\\/minubaltic.ee\\\/fi\\\/#organization\"},\"potentialAction\":[{\"@type\":\"SearchAction\",\"target\":{\"@type\":\"EntryPoint\",\"urlTemplate\":\"https:\\\/\\\/minubaltic.ee\\\/fi\\\/?s={search_term_string}\"},\"query-input\":{\"@type\":\"PropertyValueSpecification\",\"valueRequired\":true,\"valueName\":\"search_term_string\"}}],\"inLanguage\":\"fi\"},{\"@type\":\"Organization\",\"@id\":\"https:\\\/\\\/minubaltic.ee\\\/fi\\\/#organization\",\"name\":\"Minu Baltic O\u00dc\",\"url\":\"https:\\\/\\\/minubaltic.ee\\\/fi\\\/\",\"logo\":{\"@type\":\"ImageObject\",\"inLanguage\":\"fi\",\"@id\":\"https:\\\/\\\/minubaltic.ee\\\/fi\\\/#\\\/schema\\\/logo\\\/image\\\/\",\"url\":\"https:\\\/\\\/minubaltic.ee\\\/wp-content\\\/uploads\\\/2023\\\/10\\\/cropped-cropped-cropped-logo.png\",\"contentUrl\":\"https:\\\/\\\/minubaltic.ee\\\/wp-content\\\/uploads\\\/2023\\\/10\\\/cropped-cropped-cropped-logo.png\",\"width\":500,\"height\":237,\"caption\":\"Minu Baltic O\u00dc\"},\"image\":{\"@id\":\"https:\\\/\\\/minubaltic.ee\\\/fi\\\/#\\\/schema\\\/logo\\\/image\\\/\"},\"sameAs\":[\"https:\\\/\\\/www.facebook.com\\\/minubaltic\"]}]}<\/script>\n<!-- \/ Yoast SEO plugin. -->","yoast_head_json":{"title":"Tyynypeitto 2 in 1 - Mikki Hiiri | punainen - Minu Baltic","description":"Monipuolinen tyyny ja peitto 2 in 1 - punainen Mikki Hiiri - pehme\u00e4 ja mukava ratkaisu kotiin, matkalle tai piknikille. K\u00e4yt\u00e4 tyynyn\u00e4 tai avaa se mukavaksi","robots":{"index":"index","follow":"follow","max-snippet":"max-snippet:-1","max-image-preview":"max-image-preview:large","max-video-preview":"max-video-preview:-1"},"canonical":"https:\/\/minubaltic.ee\/fi\/e-pood\/lasten-peitot\/tyynypeitto-2-in-1-mikki-hiiri-punainen\/","og_locale":"fi_FI","og_type":"article","og_title":"Tyynypeitto 2 in 1 - Mikki Hiiri | punainen - Minu Baltic","og_description":"Monipuolinen tyyny ja peitto 2 in 1 - punainen Mikki Hiiri - pehme\u00e4 ja mukava ratkaisu kotiin, matkalle tai piknikille. K\u00e4yt\u00e4 tyynyn\u00e4 tai avaa se mukavaksi","og_url":"https:\/\/minubaltic.ee\/fi\/e-pood\/lasten-peitot\/tyynypeitto-2-in-1-mikki-hiiri-punainen\/","article_publisher":"https:\/\/www.facebook.com\/minubaltic","article_modified_time":"2025-02-21T15:35:00+00:00","og_image":[{"width":800,"height":800,"url":"https:\/\/minubaltic.ee\/wp-content\/uploads\/2025\/02\/Padi-ja-tekk-2-in-1-Miki-Hiir-punane.jpg","type":"image\/jpeg"}],"twitter_card":"summary_large_image","twitter_misc":{"Arvioitu lukuaika":"1 minuutti"},"schema":{"@context":"https:\/\/schema.org","@graph":[{"@type":"WebPage","@id":"https:\/\/minubaltic.ee\/fi\/e-pood\/lasten-peitot\/tyynypeitto-2-in-1-mikki-hiiri-punainen\/","url":"https:\/\/minubaltic.ee\/fi\/e-pood\/lasten-peitot\/tyynypeitto-2-in-1-mikki-hiiri-punainen\/","name":"Tyynypeitto 2 in 1 - Mikki Hiiri | punainen - Minu Baltic","isPartOf":{"@id":"https:\/\/minubaltic.ee\/fi\/#website"},"primaryImageOfPage":{"@id":"https:\/\/minubaltic.ee\/fi\/e-pood\/lasten-peitot\/tyynypeitto-2-in-1-mikki-hiiri-punainen\/#primaryimage"},"image":{"@id":"https:\/\/minubaltic.ee\/fi\/e-pood\/lasten-peitot\/tyynypeitto-2-in-1-mikki-hiiri-punainen\/#primaryimage"},"thumbnailUrl":"https:\/\/minubaltic.ee\/wp-content\/uploads\/2025\/02\/Padi-ja-tekk-2-in-1-Miki-Hiir-punane.jpg","datePublished":"2025-02-21T14:23:48+00:00","dateModified":"2025-02-21T15:35:00+00:00","description":"Monipuolinen tyyny ja peitto 2 in 1 - punainen Mikki Hiiri - pehme\u00e4 ja mukava ratkaisu kotiin, matkalle tai piknikille. K\u00e4yt\u00e4 tyynyn\u00e4 tai avaa se mukavaksi","breadcrumb":{"@id":"https:\/\/minubaltic.ee\/fi\/e-pood\/lasten-peitot\/tyynypeitto-2-in-1-mikki-hiiri-punainen\/#breadcrumb"},"inLanguage":"fi","potentialAction":[{"@type":"ReadAction","target":["https:\/\/minubaltic.ee\/fi\/e-pood\/lasten-peitot\/tyynypeitto-2-in-1-mikki-hiiri-punainen\/"]}]},{"@type":"ImageObject","inLanguage":"fi","@id":"https:\/\/minubaltic.ee\/fi\/e-pood\/lasten-peitot\/tyynypeitto-2-in-1-mikki-hiiri-punainen\/#primaryimage","url":"https:\/\/minubaltic.ee\/wp-content\/uploads\/2025\/02\/Padi-ja-tekk-2-in-1-Miki-Hiir-punane.jpg","contentUrl":"https:\/\/minubaltic.ee\/wp-content\/uploads\/2025\/02\/Padi-ja-tekk-2-in-1-Miki-Hiir-punane.jpg","width":800,"height":800,"caption":"Padi ja tekk 2 in 1- Miki Hiir punane"},{"@type":"BreadcrumbList","@id":"https:\/\/minubaltic.ee\/fi\/e-pood\/lasten-peitot\/tyynypeitto-2-in-1-mikki-hiiri-punainen\/#breadcrumb","itemListElement":[{"@type":"ListItem","position":1,"name":"Home","item":"https:\/\/minubaltic.ee\/fi\/"},{"@type":"ListItem","position":2,"name":"Verkkokauppa","item":"https:\/\/minubaltic.ee\/fi\/verkkokauppa\/"},{"@type":"ListItem","position":3,"name":"Tyynypeitto 2 in 1 &#8211; Mikki Hiiri | punainen"}]},{"@type":"WebSite","@id":"https:\/\/minubaltic.ee\/fi\/#website","url":"https:\/\/minubaltic.ee\/fi\/","name":"minubaltic.ee","description":"","publisher":{"@id":"https:\/\/minubaltic.ee\/fi\/#organization"},"potentialAction":[{"@type":"SearchAction","target":{"@type":"EntryPoint","urlTemplate":"https:\/\/minubaltic.ee\/fi\/?s={search_term_string}"},"query-input":{"@type":"PropertyValueSpecification","valueRequired":true,"valueName":"search_term_string"}}],"inLanguage":"fi"},{"@type":"Organization","@id":"https:\/\/minubaltic.ee\/fi\/#organization","name":"Minu Baltic O\u00dc","url":"https:\/\/minubaltic.ee\/fi\/","logo":{"@type":"ImageObject","inLanguage":"fi","@id":"https:\/\/minubaltic.ee\/fi\/#\/schema\/logo\/image\/","url":"https:\/\/minubaltic.ee\/wp-content\/uploads\/2023\/10\/cropped-cropped-cropped-logo.png","contentUrl":"https:\/\/minubaltic.ee\/wp-content\/uploads\/2023\/10\/cropped-cropped-cropped-logo.png","width":500,"height":237,"caption":"Minu Baltic O\u00dc"},"image":{"@id":"https:\/\/minubaltic.ee\/fi\/#\/schema\/logo\/image\/"},"sameAs":["https:\/\/www.facebook.com\/minubaltic"]}]}},"_links":{"self":[{"href":"https:\/\/minubaltic.ee\/fi\/wp-json\/wp\/v2\/product\/42659","targetHints":{"allow":["GET"]}}],"collection":[{"href":"https:\/\/minubaltic.ee\/fi\/wp-json\/wp\/v2\/product"}],"about":[{"href":"https:\/\/minubaltic.ee\/fi\/wp-json\/wp\/v2\/types\/product"}],"replies":[{"embeddable":true,"href":"https:\/\/minubaltic.ee\/fi\/wp-json\/wp\/v2\/comments?post=42659"}],"version-history":[{"count":2,"href":"https:\/\/minubaltic.ee\/fi\/wp-json\/wp\/v2\/product\/42659\/revisions"}],"predecessor-version":[{"id":42791,"href":"https:\/\/minubaltic.ee\/fi\/wp-json\/wp\/v2\/product\/42659\/revisions\/42791"}],"wp:featuredmedia":[{"embeddable":true,"href":"https:\/\/minubaltic.ee\/fi\/wp-json\/wp\/v2\/media\/42665"}],"wp:attachment":[{"href":"https:\/\/minubaltic.ee\/fi\/wp-json\/wp\/v2\/media?parent=42659"}],"wp:term":[{"taxonomy":"product_brand","embeddable":true,"href":"https:\/\/minubaltic.ee\/fi\/wp-json\/wp\/v2\/product_brand?post=42659"},{"taxonomy":"product_cat","embeddable":true,"href":"https:\/\/minubaltic.ee\/fi\/wp-json\/wp\/v2\/product_cat?post=42659"},{"taxonomy":"product_tag","embeddable":true,"href":"https:\/\/minubaltic.ee\/fi\/wp-json\/wp\/v2\/product_tag?post=42659"}],"curies":[{"name":"wp","href":"https:\/\/api.w.org\/{rel}","templated":true}]}}