{"id":42134,"date":"2025-01-30T16:37:37","date_gmt":"2025-01-30T13:37:37","guid":{"rendered":"https:\/\/minubaltic.ee\/?post_type=product&#038;p=42134"},"modified":"2025-01-30T17:06:44","modified_gmt":"2025-01-30T14:06:44","slug":"huopa-130x180-cm-hunaja","status":"publish","type":"product","link":"https:\/\/minubaltic.ee\/fi\/e-pood\/peitot\/huopa-130x180-cm-hunaja\/","title":{"rendered":"Huopa 130&#215;180 cm (Hunaja)"},"content":{"rendered":"<p>Pehme\u00e4 ja kevyt akryylipleedi &#8211; t\u00e4ydellinen valinta kaikkiin vuodenaikoihin! Pehme\u00e4 rakenne ja ruudun l\u00e4mp\u00f6\u00e4 s\u00e4ilytt\u00e4v\u00e4t ominaisuudet tekev\u00e4t siit\u00e4 t\u00e4ydellisen kumppanin mihin tahansa aikaan. Akryyli on kevyt, mutta l\u00e4mp\u00f6\u00e4 pid\u00e4tt\u00e4v\u00e4 materiaali, joka tarjoaa mukavuutta ja l\u00e4mp\u00f6\u00e4 my\u00f6s kylmin\u00e4 p\u00e4ivin\u00e4. Akryylipleidin hoito on helppoa, sill\u00e4 akryylimateriaali ei rypisty tai muuta muotoaan usean pesun j\u00e4lkeenk\u00e4\u00e4n. Plaidin kest\u00e4vyys takaa pitk\u00e4aikaisen k\u00e4yt\u00f6n, samalla kun se on pehme\u00e4 ja miellytt\u00e4v\u00e4 iholle.<\/p>\n<p>Akryylipleedi on t\u00e4ydellinen jokap\u00e4iv\u00e4iseen k\u00e4ytt\u00f6\u00f6n, ja koska se on riitt\u00e4v\u00e4n kevyt, se voidaan ottaa k\u00e4tev\u00e4sti mukaan.<br \/>\nT\u00e4ydenn\u00e4 kotiasi k\u00e4yt\u00e4nn\u00f6llisell\u00e4 ja tyylikk\u00e4\u00e4ll\u00e4 akryyliruudulla, joka tarjoaa l\u00e4mp\u00f6\u00e4 ja mukavuutta milloin tahansa!<\/p>\n","protected":false},"excerpt":{"rendered":"<ul>\n<li>Kangaskoostumus: 100% Akryylia<\/li>\n<li>Paino: 0,560 kg<\/li>\n<li>Koko: 130&#215;180 cm<\/li>\n<\/ul>\n","protected":false},"featured_media":42140,"comment_status":"open","ping_status":"closed","template":"","meta":[],"product_brand":[],"product_cat":[392,971],"product_tag":[402,406,407,401],"class_list":{"0":"post-42134","1":"product","2":"type-product","3":"status-publish","4":"has-post-thumbnail","6":"product_cat-peitot","7":"product_cat-plaidit","8":"product_tag-kodin-tekstiilit","9":"product_tag-peitot","10":"product_tag-peitto","11":"product_tag-tekstiili","13":"first","14":"instock","15":"shipping-taxable","16":"purchasable","17":"product-type-simple"},"yoast_head":"<!-- This site is optimized with the Yoast SEO plugin v27.3 - https:\/\/yoast.com\/product\/yoast-seo-wordpress\/ -->\n<title>Huopa 130x180 cm (Hunaja) - Minu Baltic<\/title>\n<meta name=\"description\" content=\"Hunaja akryyli huopa, jossa yhdistyy tyyli ja k\u00e4yt\u00e4nn\u00f6llisyys. Pehme\u00e4, hengitt\u00e4v\u00e4 ja kevyt materiaali takaa maksimaalisen mukavuuden, ...\" \/>\n<meta name=\"robots\" content=\"index, follow, max-snippet:-1, max-image-preview:large, max-video-preview:-1\" \/>\n<link rel=\"canonical\" href=\"https:\/\/minubaltic.ee\/fi\/e-pood\/peitot\/huopa-130x180-cm-hunaja\/\" \/>\n<meta property=\"og:locale\" content=\"fi_FI\" \/>\n<meta property=\"og:type\" content=\"article\" \/>\n<meta property=\"og:title\" content=\"Huopa 130x180 cm (Hunaja) - Minu Baltic\" \/>\n<meta property=\"og:description\" content=\"Hunaja akryyli huopa, jossa yhdistyy tyyli ja k\u00e4yt\u00e4nn\u00f6llisyys. Pehme\u00e4, hengitt\u00e4v\u00e4 ja kevyt materiaali takaa maksimaalisen mukavuuden, ...\" \/>\n<meta property=\"og:url\" content=\"https:\/\/minubaltic.ee\/fi\/e-pood\/peitot\/huopa-130x180-cm-hunaja\/\" \/>\n<meta property=\"article:publisher\" content=\"https:\/\/www.facebook.com\/minubaltic\" \/>\n<meta property=\"article:modified_time\" content=\"2025-01-30T14:06:44+00:00\" \/>\n<meta property=\"og:image\" content=\"https:\/\/minubaltic.ee\/wp-content\/uploads\/2025\/01\/Pleed-130x180-cm-Mesi.jpg\" \/>\n\t<meta property=\"og:image:width\" content=\"800\" \/>\n\t<meta property=\"og:image:height\" content=\"800\" \/>\n\t<meta property=\"og:image:type\" content=\"image\/jpeg\" \/>\n<meta name=\"twitter:card\" content=\"summary_large_image\" \/>\n<meta name=\"twitter:label1\" content=\"Arvioitu lukuaika\" \/>\n\t<meta name=\"twitter:data1\" content=\"1 minuutti\" \/>\n<script type=\"application\/ld+json\" class=\"yoast-schema-graph\">{\"@context\":\"https:\\\/\\\/schema.org\",\"@graph\":[{\"@type\":\"WebPage\",\"@id\":\"https:\\\/\\\/minubaltic.ee\\\/fi\\\/e-pood\\\/peitot\\\/huopa-130x180-cm-hunaja\\\/\",\"url\":\"https:\\\/\\\/minubaltic.ee\\\/fi\\\/e-pood\\\/peitot\\\/huopa-130x180-cm-hunaja\\\/\",\"name\":\"Huopa 130x180 cm (Hunaja) - Minu Baltic\",\"isPartOf\":{\"@id\":\"https:\\\/\\\/minubaltic.ee\\\/fi\\\/#website\"},\"primaryImageOfPage\":{\"@id\":\"https:\\\/\\\/minubaltic.ee\\\/fi\\\/e-pood\\\/peitot\\\/huopa-130x180-cm-hunaja\\\/#primaryimage\"},\"image\":{\"@id\":\"https:\\\/\\\/minubaltic.ee\\\/fi\\\/e-pood\\\/peitot\\\/huopa-130x180-cm-hunaja\\\/#primaryimage\"},\"thumbnailUrl\":\"https:\\\/\\\/minubaltic.ee\\\/wp-content\\\/uploads\\\/2025\\\/01\\\/Pleed-130x180-cm-Mesi.jpg\",\"datePublished\":\"2025-01-30T13:37:37+00:00\",\"dateModified\":\"2025-01-30T14:06:44+00:00\",\"description\":\"Hunaja akryyli huopa, jossa yhdistyy tyyli ja k\u00e4yt\u00e4nn\u00f6llisyys. Pehme\u00e4, hengitt\u00e4v\u00e4 ja kevyt materiaali takaa maksimaalisen mukavuuden, ...\",\"breadcrumb\":{\"@id\":\"https:\\\/\\\/minubaltic.ee\\\/fi\\\/e-pood\\\/peitot\\\/huopa-130x180-cm-hunaja\\\/#breadcrumb\"},\"inLanguage\":\"fi\",\"potentialAction\":[{\"@type\":\"ReadAction\",\"target\":[\"https:\\\/\\\/minubaltic.ee\\\/fi\\\/e-pood\\\/peitot\\\/huopa-130x180-cm-hunaja\\\/\"]}]},{\"@type\":\"ImageObject\",\"inLanguage\":\"fi\",\"@id\":\"https:\\\/\\\/minubaltic.ee\\\/fi\\\/e-pood\\\/peitot\\\/huopa-130x180-cm-hunaja\\\/#primaryimage\",\"url\":\"https:\\\/\\\/minubaltic.ee\\\/wp-content\\\/uploads\\\/2025\\\/01\\\/Pleed-130x180-cm-Mesi.jpg\",\"contentUrl\":\"https:\\\/\\\/minubaltic.ee\\\/wp-content\\\/uploads\\\/2025\\\/01\\\/Pleed-130x180-cm-Mesi.jpg\",\"width\":800,\"height\":800,\"caption\":\"Pleed 130x180 cm (Mesi)\"},{\"@type\":\"BreadcrumbList\",\"@id\":\"https:\\\/\\\/minubaltic.ee\\\/fi\\\/e-pood\\\/peitot\\\/huopa-130x180-cm-hunaja\\\/#breadcrumb\",\"itemListElement\":[{\"@type\":\"ListItem\",\"position\":1,\"name\":\"Home\",\"item\":\"https:\\\/\\\/minubaltic.ee\\\/fi\\\/\"},{\"@type\":\"ListItem\",\"position\":2,\"name\":\"Verkkokauppa\",\"item\":\"https:\\\/\\\/minubaltic.ee\\\/fi\\\/verkkokauppa\\\/\"},{\"@type\":\"ListItem\",\"position\":3,\"name\":\"Huopa 130&#215;180 cm (Hunaja)\"}]},{\"@type\":\"WebSite\",\"@id\":\"https:\\\/\\\/minubaltic.ee\\\/fi\\\/#website\",\"url\":\"https:\\\/\\\/minubaltic.ee\\\/fi\\\/\",\"name\":\"minubaltic.ee\",\"description\":\"\",\"publisher\":{\"@id\":\"https:\\\/\\\/minubaltic.ee\\\/fi\\\/#organization\"},\"potentialAction\":[{\"@type\":\"SearchAction\",\"target\":{\"@type\":\"EntryPoint\",\"urlTemplate\":\"https:\\\/\\\/minubaltic.ee\\\/fi\\\/?s={search_term_string}\"},\"query-input\":{\"@type\":\"PropertyValueSpecification\",\"valueRequired\":true,\"valueName\":\"search_term_string\"}}],\"inLanguage\":\"fi\"},{\"@type\":\"Organization\",\"@id\":\"https:\\\/\\\/minubaltic.ee\\\/fi\\\/#organization\",\"name\":\"Minu Baltic O\u00dc\",\"url\":\"https:\\\/\\\/minubaltic.ee\\\/fi\\\/\",\"logo\":{\"@type\":\"ImageObject\",\"inLanguage\":\"fi\",\"@id\":\"https:\\\/\\\/minubaltic.ee\\\/fi\\\/#\\\/schema\\\/logo\\\/image\\\/\",\"url\":\"https:\\\/\\\/minubaltic.ee\\\/wp-content\\\/uploads\\\/2023\\\/10\\\/cropped-cropped-cropped-logo.png\",\"contentUrl\":\"https:\\\/\\\/minubaltic.ee\\\/wp-content\\\/uploads\\\/2023\\\/10\\\/cropped-cropped-cropped-logo.png\",\"width\":500,\"height\":237,\"caption\":\"Minu Baltic O\u00dc\"},\"image\":{\"@id\":\"https:\\\/\\\/minubaltic.ee\\\/fi\\\/#\\\/schema\\\/logo\\\/image\\\/\"},\"sameAs\":[\"https:\\\/\\\/www.facebook.com\\\/minubaltic\"]}]}<\/script>\n<!-- \/ Yoast SEO plugin. -->","yoast_head_json":{"title":"Huopa 130x180 cm (Hunaja) - Minu Baltic","description":"Hunaja akryyli huopa, jossa yhdistyy tyyli ja k\u00e4yt\u00e4nn\u00f6llisyys. Pehme\u00e4, hengitt\u00e4v\u00e4 ja kevyt materiaali takaa maksimaalisen mukavuuden, ...","robots":{"index":"index","follow":"follow","max-snippet":"max-snippet:-1","max-image-preview":"max-image-preview:large","max-video-preview":"max-video-preview:-1"},"canonical":"https:\/\/minubaltic.ee\/fi\/e-pood\/peitot\/huopa-130x180-cm-hunaja\/","og_locale":"fi_FI","og_type":"article","og_title":"Huopa 130x180 cm (Hunaja) - Minu Baltic","og_description":"Hunaja akryyli huopa, jossa yhdistyy tyyli ja k\u00e4yt\u00e4nn\u00f6llisyys. Pehme\u00e4, hengitt\u00e4v\u00e4 ja kevyt materiaali takaa maksimaalisen mukavuuden, ...","og_url":"https:\/\/minubaltic.ee\/fi\/e-pood\/peitot\/huopa-130x180-cm-hunaja\/","article_publisher":"https:\/\/www.facebook.com\/minubaltic","article_modified_time":"2025-01-30T14:06:44+00:00","og_image":[{"width":800,"height":800,"url":"https:\/\/minubaltic.ee\/wp-content\/uploads\/2025\/01\/Pleed-130x180-cm-Mesi.jpg","type":"image\/jpeg"}],"twitter_card":"summary_large_image","twitter_misc":{"Arvioitu lukuaika":"1 minuutti"},"schema":{"@context":"https:\/\/schema.org","@graph":[{"@type":"WebPage","@id":"https:\/\/minubaltic.ee\/fi\/e-pood\/peitot\/huopa-130x180-cm-hunaja\/","url":"https:\/\/minubaltic.ee\/fi\/e-pood\/peitot\/huopa-130x180-cm-hunaja\/","name":"Huopa 130x180 cm (Hunaja) - Minu Baltic","isPartOf":{"@id":"https:\/\/minubaltic.ee\/fi\/#website"},"primaryImageOfPage":{"@id":"https:\/\/minubaltic.ee\/fi\/e-pood\/peitot\/huopa-130x180-cm-hunaja\/#primaryimage"},"image":{"@id":"https:\/\/minubaltic.ee\/fi\/e-pood\/peitot\/huopa-130x180-cm-hunaja\/#primaryimage"},"thumbnailUrl":"https:\/\/minubaltic.ee\/wp-content\/uploads\/2025\/01\/Pleed-130x180-cm-Mesi.jpg","datePublished":"2025-01-30T13:37:37+00:00","dateModified":"2025-01-30T14:06:44+00:00","description":"Hunaja akryyli huopa, jossa yhdistyy tyyli ja k\u00e4yt\u00e4nn\u00f6llisyys. Pehme\u00e4, hengitt\u00e4v\u00e4 ja kevyt materiaali takaa maksimaalisen mukavuuden, ...","breadcrumb":{"@id":"https:\/\/minubaltic.ee\/fi\/e-pood\/peitot\/huopa-130x180-cm-hunaja\/#breadcrumb"},"inLanguage":"fi","potentialAction":[{"@type":"ReadAction","target":["https:\/\/minubaltic.ee\/fi\/e-pood\/peitot\/huopa-130x180-cm-hunaja\/"]}]},{"@type":"ImageObject","inLanguage":"fi","@id":"https:\/\/minubaltic.ee\/fi\/e-pood\/peitot\/huopa-130x180-cm-hunaja\/#primaryimage","url":"https:\/\/minubaltic.ee\/wp-content\/uploads\/2025\/01\/Pleed-130x180-cm-Mesi.jpg","contentUrl":"https:\/\/minubaltic.ee\/wp-content\/uploads\/2025\/01\/Pleed-130x180-cm-Mesi.jpg","width":800,"height":800,"caption":"Pleed 130x180 cm (Mesi)"},{"@type":"BreadcrumbList","@id":"https:\/\/minubaltic.ee\/fi\/e-pood\/peitot\/huopa-130x180-cm-hunaja\/#breadcrumb","itemListElement":[{"@type":"ListItem","position":1,"name":"Home","item":"https:\/\/minubaltic.ee\/fi\/"},{"@type":"ListItem","position":2,"name":"Verkkokauppa","item":"https:\/\/minubaltic.ee\/fi\/verkkokauppa\/"},{"@type":"ListItem","position":3,"name":"Huopa 130&#215;180 cm (Hunaja)"}]},{"@type":"WebSite","@id":"https:\/\/minubaltic.ee\/fi\/#website","url":"https:\/\/minubaltic.ee\/fi\/","name":"minubaltic.ee","description":"","publisher":{"@id":"https:\/\/minubaltic.ee\/fi\/#organization"},"potentialAction":[{"@type":"SearchAction","target":{"@type":"EntryPoint","urlTemplate":"https:\/\/minubaltic.ee\/fi\/?s={search_term_string}"},"query-input":{"@type":"PropertyValueSpecification","valueRequired":true,"valueName":"search_term_string"}}],"inLanguage":"fi"},{"@type":"Organization","@id":"https:\/\/minubaltic.ee\/fi\/#organization","name":"Minu Baltic O\u00dc","url":"https:\/\/minubaltic.ee\/fi\/","logo":{"@type":"ImageObject","inLanguage":"fi","@id":"https:\/\/minubaltic.ee\/fi\/#\/schema\/logo\/image\/","url":"https:\/\/minubaltic.ee\/wp-content\/uploads\/2023\/10\/cropped-cropped-cropped-logo.png","contentUrl":"https:\/\/minubaltic.ee\/wp-content\/uploads\/2023\/10\/cropped-cropped-cropped-logo.png","width":500,"height":237,"caption":"Minu Baltic O\u00dc"},"image":{"@id":"https:\/\/minubaltic.ee\/fi\/#\/schema\/logo\/image\/"},"sameAs":["https:\/\/www.facebook.com\/minubaltic"]}]}},"_links":{"self":[{"href":"https:\/\/minubaltic.ee\/fi\/wp-json\/wp\/v2\/product\/42134","targetHints":{"allow":["GET"]}}],"collection":[{"href":"https:\/\/minubaltic.ee\/fi\/wp-json\/wp\/v2\/product"}],"about":[{"href":"https:\/\/minubaltic.ee\/fi\/wp-json\/wp\/v2\/types\/product"}],"replies":[{"embeddable":true,"href":"https:\/\/minubaltic.ee\/fi\/wp-json\/wp\/v2\/comments?post=42134"}],"version-history":[{"count":2,"href":"https:\/\/minubaltic.ee\/fi\/wp-json\/wp\/v2\/product\/42134\/revisions"}],"predecessor-version":[{"id":42232,"href":"https:\/\/minubaltic.ee\/fi\/wp-json\/wp\/v2\/product\/42134\/revisions\/42232"}],"wp:featuredmedia":[{"embeddable":true,"href":"https:\/\/minubaltic.ee\/fi\/wp-json\/wp\/v2\/media\/42140"}],"wp:attachment":[{"href":"https:\/\/minubaltic.ee\/fi\/wp-json\/wp\/v2\/media?parent=42134"}],"wp:term":[{"taxonomy":"product_brand","embeddable":true,"href":"https:\/\/minubaltic.ee\/fi\/wp-json\/wp\/v2\/product_brand?post=42134"},{"taxonomy":"product_cat","embeddable":true,"href":"https:\/\/minubaltic.ee\/fi\/wp-json\/wp\/v2\/product_cat?post=42134"},{"taxonomy":"product_tag","embeddable":true,"href":"https:\/\/minubaltic.ee\/fi\/wp-json\/wp\/v2\/product_tag?post=42134"}],"curies":[{"name":"wp","href":"https:\/\/api.w.org\/{rel}","templated":true}]}}