{"id":41974,"date":"2025-01-27T17:22:35","date_gmt":"2025-01-27T14:22:35","guid":{"rendered":"https:\/\/minubaltic.ee\/?post_type=product&#038;p=41974"},"modified":"2025-01-27T18:08:14","modified_gmt":"2025-01-27T15:08:14","slug":"bambu-kylpypyyhe-tummanpunainen","status":"publish","type":"product","link":"https:\/\/minubaltic.ee\/fi\/e-pood\/bambu-pyyhkeet\/bambu-kylpypyyhkeet\/bambu-kylpypyyhe-tummanpunainen\/","title":{"rendered":"Bambu kylpypyyhe (Tummanpunainen)"},"content":{"rendered":"<ul>\n<li><strong>Kankaan koostumus:<\/strong> 100% bambu<\/li>\n<li><strong>Tuote pakkauksessa:<\/strong> 1 kpl<\/li>\n<li><strong>Mitat:<\/strong> 70\u00d7140 cm \u00b13 cm<\/li>\n<li><strong>Paino:<\/strong> 520g\/m2<\/li>\n<\/ul>\n","protected":false},"excerpt":{"rendered":"<p>\ud83c\udf31Bambuisia kylpypyyhkeit\u00e4 arvostetaan suuresti niiden pehmeyden ja imukyvyn vuoksi.<br \/>\n\ud83c\udf31Bambukuidut ovat hypoallergeenisia ja sopivat herk\u00e4lle iholle, ja bambu on my\u00f6s ymp\u00e4rist\u00f6yst\u00e4v\u00e4llinen valinta.<\/p>\n","protected":false},"featured_media":41956,"comment_status":"open","ping_status":"closed","template":"","meta":[],"product_brand":[],"product_cat":[793,790,389,730,384],"product_tag":[402,403,400],"class_list":{"0":"post-41974","1":"product","2":"type-product","3":"status-publish","4":"has-post-thumbnail","6":"product_cat-bambu-kylpypyyhkeet","7":"product_cat-bambu-pyyhkeet","8":"product_cat-kylpypyyhkeet","9":"product_cat-kylpypyyhkeet-70-140","10":"product_cat-pyyhkeet","11":"product_tag-kodin-tekstiilit","12":"product_tag-pyyhkeet","13":"product_tag-verkkokauppa","15":"first","16":"instock","17":"shipping-taxable","18":"purchasable","19":"product-type-simple"},"yoast_head":"<!-- This site is optimized with the Yoast SEO plugin v27.3 - https:\/\/yoast.com\/product\/yoast-seo-wordpress\/ -->\n<title>Bambu kylpypyyhe (Tummanpunainen) - 100% bambu<\/title>\n<meta name=\"description\" content=\"Tummanpunainen Bambu kylpypyyhe on eritt\u00e4in pehme\u00e4 ihoa vasten ja sopii herk\u00e4lle iholle. Ekologinen valinta takaa tuoreuden ja on ...\" \/>\n<meta name=\"robots\" content=\"index, follow, max-snippet:-1, max-image-preview:large, max-video-preview:-1\" \/>\n<link rel=\"canonical\" href=\"https:\/\/minubaltic.ee\/fi\/e-pood\/bambu-pyyhkeet\/bambu-kylpypyyhkeet\/bambu-kylpypyyhe-tummanpunainen\/\" \/>\n<meta property=\"og:locale\" content=\"fi_FI\" \/>\n<meta property=\"og:type\" content=\"article\" \/>\n<meta property=\"og:title\" content=\"Bambu kylpypyyhe (Tummanpunainen) - 100% bambu\" \/>\n<meta property=\"og:description\" content=\"Tummanpunainen Bambu kylpypyyhe on eritt\u00e4in pehme\u00e4 ihoa vasten ja sopii herk\u00e4lle iholle. Ekologinen valinta takaa tuoreuden ja on ...\" \/>\n<meta property=\"og:url\" content=\"https:\/\/minubaltic.ee\/fi\/e-pood\/bambu-pyyhkeet\/bambu-kylpypyyhkeet\/bambu-kylpypyyhe-tummanpunainen\/\" \/>\n<meta property=\"article:publisher\" content=\"https:\/\/www.facebook.com\/minubaltic\" \/>\n<meta property=\"article:modified_time\" content=\"2025-01-27T15:08:14+00:00\" \/>\n<meta property=\"og:image\" content=\"https:\/\/minubaltic.ee\/wp-content\/uploads\/2025\/01\/Vanniratik-Tumepunane.jpg\" \/>\n\t<meta property=\"og:image:width\" content=\"800\" \/>\n\t<meta property=\"og:image:height\" content=\"800\" \/>\n\t<meta property=\"og:image:type\" content=\"image\/jpeg\" \/>\n<meta name=\"twitter:card\" content=\"summary_large_image\" \/>\n<meta name=\"twitter:label1\" content=\"Arvioitu lukuaika\" \/>\n\t<meta name=\"twitter:data1\" content=\"1 minuutti\" \/>\n<script type=\"application\/ld+json\" class=\"yoast-schema-graph\">{\"@context\":\"https:\\\/\\\/schema.org\",\"@graph\":[{\"@type\":\"WebPage\",\"@id\":\"https:\\\/\\\/minubaltic.ee\\\/fi\\\/e-pood\\\/bambu-pyyhkeet\\\/bambu-kylpypyyhkeet\\\/bambu-kylpypyyhe-tummanpunainen\\\/\",\"url\":\"https:\\\/\\\/minubaltic.ee\\\/fi\\\/e-pood\\\/bambu-pyyhkeet\\\/bambu-kylpypyyhkeet\\\/bambu-kylpypyyhe-tummanpunainen\\\/\",\"name\":\"Bambu kylpypyyhe (Tummanpunainen) - 100% bambu\",\"isPartOf\":{\"@id\":\"https:\\\/\\\/minubaltic.ee\\\/fi\\\/#website\"},\"primaryImageOfPage\":{\"@id\":\"https:\\\/\\\/minubaltic.ee\\\/fi\\\/e-pood\\\/bambu-pyyhkeet\\\/bambu-kylpypyyhkeet\\\/bambu-kylpypyyhe-tummanpunainen\\\/#primaryimage\"},\"image\":{\"@id\":\"https:\\\/\\\/minubaltic.ee\\\/fi\\\/e-pood\\\/bambu-pyyhkeet\\\/bambu-kylpypyyhkeet\\\/bambu-kylpypyyhe-tummanpunainen\\\/#primaryimage\"},\"thumbnailUrl\":\"https:\\\/\\\/minubaltic.ee\\\/wp-content\\\/uploads\\\/2025\\\/01\\\/Vanniratik-Tumepunane.jpg\",\"datePublished\":\"2025-01-27T14:22:35+00:00\",\"dateModified\":\"2025-01-27T15:08:14+00:00\",\"description\":\"Tummanpunainen Bambu kylpypyyhe on eritt\u00e4in pehme\u00e4 ihoa vasten ja sopii herk\u00e4lle iholle. Ekologinen valinta takaa tuoreuden ja on ...\",\"breadcrumb\":{\"@id\":\"https:\\\/\\\/minubaltic.ee\\\/fi\\\/e-pood\\\/bambu-pyyhkeet\\\/bambu-kylpypyyhkeet\\\/bambu-kylpypyyhe-tummanpunainen\\\/#breadcrumb\"},\"inLanguage\":\"fi\",\"potentialAction\":[{\"@type\":\"ReadAction\",\"target\":[\"https:\\\/\\\/minubaltic.ee\\\/fi\\\/e-pood\\\/bambu-pyyhkeet\\\/bambu-kylpypyyhkeet\\\/bambu-kylpypyyhe-tummanpunainen\\\/\"]}]},{\"@type\":\"ImageObject\",\"inLanguage\":\"fi\",\"@id\":\"https:\\\/\\\/minubaltic.ee\\\/fi\\\/e-pood\\\/bambu-pyyhkeet\\\/bambu-kylpypyyhkeet\\\/bambu-kylpypyyhe-tummanpunainen\\\/#primaryimage\",\"url\":\"https:\\\/\\\/minubaltic.ee\\\/wp-content\\\/uploads\\\/2025\\\/01\\\/Vanniratik-Tumepunane.jpg\",\"contentUrl\":\"https:\\\/\\\/minubaltic.ee\\\/wp-content\\\/uploads\\\/2025\\\/01\\\/Vanniratik-Tumepunane.jpg\",\"width\":800,\"height\":800,\"caption\":\"Vannir\u00e4tik Tumepunane\"},{\"@type\":\"BreadcrumbList\",\"@id\":\"https:\\\/\\\/minubaltic.ee\\\/fi\\\/e-pood\\\/bambu-pyyhkeet\\\/bambu-kylpypyyhkeet\\\/bambu-kylpypyyhe-tummanpunainen\\\/#breadcrumb\",\"itemListElement\":[{\"@type\":\"ListItem\",\"position\":1,\"name\":\"Home\",\"item\":\"https:\\\/\\\/minubaltic.ee\\\/fi\\\/\"},{\"@type\":\"ListItem\",\"position\":2,\"name\":\"Verkkokauppa\",\"item\":\"https:\\\/\\\/minubaltic.ee\\\/fi\\\/verkkokauppa\\\/\"},{\"@type\":\"ListItem\",\"position\":3,\"name\":\"Bambu kylpypyyhe (Tummanpunainen)\"}]},{\"@type\":\"WebSite\",\"@id\":\"https:\\\/\\\/minubaltic.ee\\\/fi\\\/#website\",\"url\":\"https:\\\/\\\/minubaltic.ee\\\/fi\\\/\",\"name\":\"minubaltic.ee\",\"description\":\"\",\"publisher\":{\"@id\":\"https:\\\/\\\/minubaltic.ee\\\/fi\\\/#organization\"},\"potentialAction\":[{\"@type\":\"SearchAction\",\"target\":{\"@type\":\"EntryPoint\",\"urlTemplate\":\"https:\\\/\\\/minubaltic.ee\\\/fi\\\/?s={search_term_string}\"},\"query-input\":{\"@type\":\"PropertyValueSpecification\",\"valueRequired\":true,\"valueName\":\"search_term_string\"}}],\"inLanguage\":\"fi\"},{\"@type\":\"Organization\",\"@id\":\"https:\\\/\\\/minubaltic.ee\\\/fi\\\/#organization\",\"name\":\"Minu Baltic O\u00dc\",\"url\":\"https:\\\/\\\/minubaltic.ee\\\/fi\\\/\",\"logo\":{\"@type\":\"ImageObject\",\"inLanguage\":\"fi\",\"@id\":\"https:\\\/\\\/minubaltic.ee\\\/fi\\\/#\\\/schema\\\/logo\\\/image\\\/\",\"url\":\"https:\\\/\\\/minubaltic.ee\\\/wp-content\\\/uploads\\\/2023\\\/10\\\/cropped-cropped-cropped-logo.png\",\"contentUrl\":\"https:\\\/\\\/minubaltic.ee\\\/wp-content\\\/uploads\\\/2023\\\/10\\\/cropped-cropped-cropped-logo.png\",\"width\":500,\"height\":237,\"caption\":\"Minu Baltic O\u00dc\"},\"image\":{\"@id\":\"https:\\\/\\\/minubaltic.ee\\\/fi\\\/#\\\/schema\\\/logo\\\/image\\\/\"},\"sameAs\":[\"https:\\\/\\\/www.facebook.com\\\/minubaltic\"]}]}<\/script>\n<!-- \/ Yoast SEO plugin. -->","yoast_head_json":{"title":"Bambu kylpypyyhe (Tummanpunainen) - 100% bambu","description":"Tummanpunainen Bambu kylpypyyhe on eritt\u00e4in pehme\u00e4 ihoa vasten ja sopii herk\u00e4lle iholle. Ekologinen valinta takaa tuoreuden ja on ...","robots":{"index":"index","follow":"follow","max-snippet":"max-snippet:-1","max-image-preview":"max-image-preview:large","max-video-preview":"max-video-preview:-1"},"canonical":"https:\/\/minubaltic.ee\/fi\/e-pood\/bambu-pyyhkeet\/bambu-kylpypyyhkeet\/bambu-kylpypyyhe-tummanpunainen\/","og_locale":"fi_FI","og_type":"article","og_title":"Bambu kylpypyyhe (Tummanpunainen) - 100% bambu","og_description":"Tummanpunainen Bambu kylpypyyhe on eritt\u00e4in pehme\u00e4 ihoa vasten ja sopii herk\u00e4lle iholle. Ekologinen valinta takaa tuoreuden ja on ...","og_url":"https:\/\/minubaltic.ee\/fi\/e-pood\/bambu-pyyhkeet\/bambu-kylpypyyhkeet\/bambu-kylpypyyhe-tummanpunainen\/","article_publisher":"https:\/\/www.facebook.com\/minubaltic","article_modified_time":"2025-01-27T15:08:14+00:00","og_image":[{"width":800,"height":800,"url":"https:\/\/minubaltic.ee\/wp-content\/uploads\/2025\/01\/Vanniratik-Tumepunane.jpg","type":"image\/jpeg"}],"twitter_card":"summary_large_image","twitter_misc":{"Arvioitu lukuaika":"1 minuutti"},"schema":{"@context":"https:\/\/schema.org","@graph":[{"@type":"WebPage","@id":"https:\/\/minubaltic.ee\/fi\/e-pood\/bambu-pyyhkeet\/bambu-kylpypyyhkeet\/bambu-kylpypyyhe-tummanpunainen\/","url":"https:\/\/minubaltic.ee\/fi\/e-pood\/bambu-pyyhkeet\/bambu-kylpypyyhkeet\/bambu-kylpypyyhe-tummanpunainen\/","name":"Bambu kylpypyyhe (Tummanpunainen) - 100% bambu","isPartOf":{"@id":"https:\/\/minubaltic.ee\/fi\/#website"},"primaryImageOfPage":{"@id":"https:\/\/minubaltic.ee\/fi\/e-pood\/bambu-pyyhkeet\/bambu-kylpypyyhkeet\/bambu-kylpypyyhe-tummanpunainen\/#primaryimage"},"image":{"@id":"https:\/\/minubaltic.ee\/fi\/e-pood\/bambu-pyyhkeet\/bambu-kylpypyyhkeet\/bambu-kylpypyyhe-tummanpunainen\/#primaryimage"},"thumbnailUrl":"https:\/\/minubaltic.ee\/wp-content\/uploads\/2025\/01\/Vanniratik-Tumepunane.jpg","datePublished":"2025-01-27T14:22:35+00:00","dateModified":"2025-01-27T15:08:14+00:00","description":"Tummanpunainen Bambu kylpypyyhe on eritt\u00e4in pehme\u00e4 ihoa vasten ja sopii herk\u00e4lle iholle. Ekologinen valinta takaa tuoreuden ja on ...","breadcrumb":{"@id":"https:\/\/minubaltic.ee\/fi\/e-pood\/bambu-pyyhkeet\/bambu-kylpypyyhkeet\/bambu-kylpypyyhe-tummanpunainen\/#breadcrumb"},"inLanguage":"fi","potentialAction":[{"@type":"ReadAction","target":["https:\/\/minubaltic.ee\/fi\/e-pood\/bambu-pyyhkeet\/bambu-kylpypyyhkeet\/bambu-kylpypyyhe-tummanpunainen\/"]}]},{"@type":"ImageObject","inLanguage":"fi","@id":"https:\/\/minubaltic.ee\/fi\/e-pood\/bambu-pyyhkeet\/bambu-kylpypyyhkeet\/bambu-kylpypyyhe-tummanpunainen\/#primaryimage","url":"https:\/\/minubaltic.ee\/wp-content\/uploads\/2025\/01\/Vanniratik-Tumepunane.jpg","contentUrl":"https:\/\/minubaltic.ee\/wp-content\/uploads\/2025\/01\/Vanniratik-Tumepunane.jpg","width":800,"height":800,"caption":"Vannir\u00e4tik Tumepunane"},{"@type":"BreadcrumbList","@id":"https:\/\/minubaltic.ee\/fi\/e-pood\/bambu-pyyhkeet\/bambu-kylpypyyhkeet\/bambu-kylpypyyhe-tummanpunainen\/#breadcrumb","itemListElement":[{"@type":"ListItem","position":1,"name":"Home","item":"https:\/\/minubaltic.ee\/fi\/"},{"@type":"ListItem","position":2,"name":"Verkkokauppa","item":"https:\/\/minubaltic.ee\/fi\/verkkokauppa\/"},{"@type":"ListItem","position":3,"name":"Bambu kylpypyyhe (Tummanpunainen)"}]},{"@type":"WebSite","@id":"https:\/\/minubaltic.ee\/fi\/#website","url":"https:\/\/minubaltic.ee\/fi\/","name":"minubaltic.ee","description":"","publisher":{"@id":"https:\/\/minubaltic.ee\/fi\/#organization"},"potentialAction":[{"@type":"SearchAction","target":{"@type":"EntryPoint","urlTemplate":"https:\/\/minubaltic.ee\/fi\/?s={search_term_string}"},"query-input":{"@type":"PropertyValueSpecification","valueRequired":true,"valueName":"search_term_string"}}],"inLanguage":"fi"},{"@type":"Organization","@id":"https:\/\/minubaltic.ee\/fi\/#organization","name":"Minu Baltic O\u00dc","url":"https:\/\/minubaltic.ee\/fi\/","logo":{"@type":"ImageObject","inLanguage":"fi","@id":"https:\/\/minubaltic.ee\/fi\/#\/schema\/logo\/image\/","url":"https:\/\/minubaltic.ee\/wp-content\/uploads\/2023\/10\/cropped-cropped-cropped-logo.png","contentUrl":"https:\/\/minubaltic.ee\/wp-content\/uploads\/2023\/10\/cropped-cropped-cropped-logo.png","width":500,"height":237,"caption":"Minu Baltic O\u00dc"},"image":{"@id":"https:\/\/minubaltic.ee\/fi\/#\/schema\/logo\/image\/"},"sameAs":["https:\/\/www.facebook.com\/minubaltic"]}]}},"_links":{"self":[{"href":"https:\/\/minubaltic.ee\/fi\/wp-json\/wp\/v2\/product\/41974","targetHints":{"allow":["GET"]}}],"collection":[{"href":"https:\/\/minubaltic.ee\/fi\/wp-json\/wp\/v2\/product"}],"about":[{"href":"https:\/\/minubaltic.ee\/fi\/wp-json\/wp\/v2\/types\/product"}],"replies":[{"embeddable":true,"href":"https:\/\/minubaltic.ee\/fi\/wp-json\/wp\/v2\/comments?post=41974"}],"version-history":[{"count":2,"href":"https:\/\/minubaltic.ee\/fi\/wp-json\/wp\/v2\/product\/41974\/revisions"}],"predecessor-version":[{"id":42070,"href":"https:\/\/minubaltic.ee\/fi\/wp-json\/wp\/v2\/product\/41974\/revisions\/42070"}],"wp:featuredmedia":[{"embeddable":true,"href":"https:\/\/minubaltic.ee\/fi\/wp-json\/wp\/v2\/media\/41956"}],"wp:attachment":[{"href":"https:\/\/minubaltic.ee\/fi\/wp-json\/wp\/v2\/media?parent=41974"}],"wp:term":[{"taxonomy":"product_brand","embeddable":true,"href":"https:\/\/minubaltic.ee\/fi\/wp-json\/wp\/v2\/product_brand?post=41974"},{"taxonomy":"product_cat","embeddable":true,"href":"https:\/\/minubaltic.ee\/fi\/wp-json\/wp\/v2\/product_cat?post=41974"},{"taxonomy":"product_tag","embeddable":true,"href":"https:\/\/minubaltic.ee\/fi\/wp-json\/wp\/v2\/product_tag?post=41974"}],"curies":[{"name":"wp","href":"https:\/\/api.w.org\/{rel}","templated":true}]}}