{"id":41557,"date":"2025-01-18T08:19:45","date_gmt":"2025-01-18T05:19:45","guid":{"rendered":"https:\/\/minubaltic.ee\/?post_type=product&#038;p=41557"},"modified":"2025-02-01T00:00:22","modified_gmt":"2025-01-31T21:00:22","slug":"kylpypyyhe-70x140-vaaleansininen","status":"publish","type":"product","link":"https:\/\/minubaltic.ee\/fi\/e-pood\/pyyhkeet\/kylpypyyhe-70x140-vaaleansininen\/","title":{"rendered":"Kylpypyyhe 70&#215;140 (Vaaleansininen)"},"content":{"rendered":"<p>Puuvillainen kylpypyyhe, koko 70&#215;140 cm, on suunniteltu jokap\u00e4iv\u00e4iseen k\u00e4ytt\u00f6\u00f6n. Valmistettu 100 % luonnollisista puuvillakuiduista, se tarjoaa pehme\u00e4n ja herk\u00e4n tunteen ja imee nopeasti kosteutta. Sen koko on juuri sopiva, mik\u00e4 tarjoaa riitt\u00e4v\u00e4n peitt\u00e4vyyden ja mukavuuden.<\/p>\n<p>Pyyhe on suunniteltu kest\u00e4m\u00e4\u00e4n &#8211; kest\u00e4v\u00e4 materiaali s\u00e4ilytt\u00e4\u00e4 pehmeytens\u00e4 ja laatunsa my\u00f6s toistuvien pesujen j\u00e4lkeen. Tihe\u00e4n koostumuksensa ansiosta pyyhe kuivuu nopeasti.<\/p>\n<p>Klassinen muotoilu sopii jokaiseen kylpyhuoneeseen ja antaa sille puhtaan ja siistin ilmeen. Pyyhe on my\u00f6s helppohoitoinen, sill\u00e4 se on konepest\u00e4v\u00e4 ja s\u00e4ilytt\u00e4\u00e4 v\u00e4rins\u00e4 useidenkin pesujen j\u00e4lkeen.<\/p>\n<p>Jos arvostat laadun ja k\u00e4yt\u00e4nn\u00f6llisyyden tasapainoa, t\u00e4m\u00e4 puuvillainen kylpypyyhe on loistava valinta jokap\u00e4iv\u00e4iseen el\u00e4m\u00e4\u00e4si.<\/p>\n","protected":false},"excerpt":{"rendered":"<ul>\n<li><span class=\"product-attribute__label\">Kankaan koostumus: <\/span><span class=\"product-attribute__value\" data-attribute-code=\"fabric_composition\">100% puuvillaa<\/span><\/li>\n<li>Alkuper\u00e4maa: Azerbaid\u017ean<\/li>\n<li>Tuote pakkauksessa: 1 kpl<\/li>\n<li>Koko: 70&#215;140 cm \u00b13<\/li>\n<li>Paino: 400g\/m2<\/li>\n<\/ul>\n","protected":false},"featured_media":41562,"comment_status":"open","ping_status":"closed","template":"","meta":[],"product_brand":[],"product_cat":[389,730,384],"product_tag":[402,403,401,400],"class_list":{"0":"post-41557","1":"product","2":"type-product","3":"status-publish","4":"has-post-thumbnail","6":"product_cat-kylpypyyhkeet","7":"product_cat-kylpypyyhkeet-70-140","8":"product_cat-pyyhkeet","9":"product_tag-kodin-tekstiilit","10":"product_tag-pyyhkeet","11":"product_tag-tekstiili","12":"product_tag-verkkokauppa","14":"first","15":"instock","16":"sale","17":"shipping-taxable","18":"purchasable","19":"product-type-simple"},"yoast_head":"<!-- This site is optimized with the Yoast SEO plugin v27.3 - https:\/\/yoast.com\/product\/yoast-seo-wordpress\/ -->\n<title>Kylpypyyhe 70x140 (Vaaleansininen) - Minu Baltic<\/title>\n<meta name=\"description\" content=\"Puuvillainen Vaaleansininen kylpypyyhe 70x140 cm, pehme\u00e4, imukykyinen, kest\u00e4v\u00e4, laadukas, luotettava, jokap\u00e4iv\u00e4iseen k\u00e4ytt\u00f6\u00f6n, nopeasti kuivuva, ...\" \/>\n<meta name=\"robots\" content=\"index, follow, max-snippet:-1, max-image-preview:large, max-video-preview:-1\" \/>\n<link rel=\"canonical\" href=\"https:\/\/minubaltic.ee\/fi\/e-pood\/pyyhkeet\/kylpypyyhe-70x140-vaaleansininen\/\" \/>\n<meta property=\"og:locale\" content=\"fi_FI\" \/>\n<meta property=\"og:type\" content=\"article\" \/>\n<meta property=\"og:title\" content=\"Kylpypyyhe 70x140 (Vaaleansininen) - Minu Baltic\" \/>\n<meta property=\"og:description\" content=\"Puuvillainen Vaaleansininen kylpypyyhe 70x140 cm, pehme\u00e4, imukykyinen, kest\u00e4v\u00e4, laadukas, luotettava, jokap\u00e4iv\u00e4iseen k\u00e4ytt\u00f6\u00f6n, nopeasti kuivuva, ...\" \/>\n<meta property=\"og:url\" content=\"https:\/\/minubaltic.ee\/fi\/e-pood\/pyyhkeet\/kylpypyyhe-70x140-vaaleansininen\/\" \/>\n<meta property=\"article:publisher\" content=\"https:\/\/www.facebook.com\/minubaltic\" \/>\n<meta property=\"article:modified_time\" content=\"2025-01-31T21:00:22+00:00\" \/>\n<meta property=\"og:image\" content=\"https:\/\/minubaltic.ee\/wp-content\/uploads\/2025\/01\/Vanniratik-70x140-Helesinine.jpg\" \/>\n\t<meta property=\"og:image:width\" content=\"800\" \/>\n\t<meta property=\"og:image:height\" content=\"800\" \/>\n\t<meta property=\"og:image:type\" content=\"image\/jpeg\" \/>\n<meta name=\"twitter:card\" content=\"summary_large_image\" \/>\n<meta name=\"twitter:label1\" content=\"Arvioitu lukuaika\" \/>\n\t<meta name=\"twitter:data1\" content=\"1 minuutti\" \/>\n<script type=\"application\/ld+json\" class=\"yoast-schema-graph\">{\"@context\":\"https:\\\/\\\/schema.org\",\"@graph\":[{\"@type\":\"WebPage\",\"@id\":\"https:\\\/\\\/minubaltic.ee\\\/fi\\\/e-pood\\\/pyyhkeet\\\/kylpypyyhe-70x140-vaaleansininen\\\/\",\"url\":\"https:\\\/\\\/minubaltic.ee\\\/fi\\\/e-pood\\\/pyyhkeet\\\/kylpypyyhe-70x140-vaaleansininen\\\/\",\"name\":\"Kylpypyyhe 70x140 (Vaaleansininen) - Minu Baltic\",\"isPartOf\":{\"@id\":\"https:\\\/\\\/minubaltic.ee\\\/fi\\\/#website\"},\"primaryImageOfPage\":{\"@id\":\"https:\\\/\\\/minubaltic.ee\\\/fi\\\/e-pood\\\/pyyhkeet\\\/kylpypyyhe-70x140-vaaleansininen\\\/#primaryimage\"},\"image\":{\"@id\":\"https:\\\/\\\/minubaltic.ee\\\/fi\\\/e-pood\\\/pyyhkeet\\\/kylpypyyhe-70x140-vaaleansininen\\\/#primaryimage\"},\"thumbnailUrl\":\"https:\\\/\\\/minubaltic.ee\\\/wp-content\\\/uploads\\\/2025\\\/01\\\/Vanniratik-70x140-Helesinine.jpg\",\"datePublished\":\"2025-01-18T05:19:45+00:00\",\"dateModified\":\"2025-01-31T21:00:22+00:00\",\"description\":\"Puuvillainen Vaaleansininen kylpypyyhe 70x140 cm, pehme\u00e4, imukykyinen, kest\u00e4v\u00e4, laadukas, luotettava, jokap\u00e4iv\u00e4iseen k\u00e4ytt\u00f6\u00f6n, nopeasti kuivuva, ...\",\"breadcrumb\":{\"@id\":\"https:\\\/\\\/minubaltic.ee\\\/fi\\\/e-pood\\\/pyyhkeet\\\/kylpypyyhe-70x140-vaaleansininen\\\/#breadcrumb\"},\"inLanguage\":\"fi\",\"potentialAction\":[{\"@type\":\"ReadAction\",\"target\":[\"https:\\\/\\\/minubaltic.ee\\\/fi\\\/e-pood\\\/pyyhkeet\\\/kylpypyyhe-70x140-vaaleansininen\\\/\"]}]},{\"@type\":\"ImageObject\",\"inLanguage\":\"fi\",\"@id\":\"https:\\\/\\\/minubaltic.ee\\\/fi\\\/e-pood\\\/pyyhkeet\\\/kylpypyyhe-70x140-vaaleansininen\\\/#primaryimage\",\"url\":\"https:\\\/\\\/minubaltic.ee\\\/wp-content\\\/uploads\\\/2025\\\/01\\\/Vanniratik-70x140-Helesinine.jpg\",\"contentUrl\":\"https:\\\/\\\/minubaltic.ee\\\/wp-content\\\/uploads\\\/2025\\\/01\\\/Vanniratik-70x140-Helesinine.jpg\",\"width\":800,\"height\":800},{\"@type\":\"BreadcrumbList\",\"@id\":\"https:\\\/\\\/minubaltic.ee\\\/fi\\\/e-pood\\\/pyyhkeet\\\/kylpypyyhe-70x140-vaaleansininen\\\/#breadcrumb\",\"itemListElement\":[{\"@type\":\"ListItem\",\"position\":1,\"name\":\"Home\",\"item\":\"https:\\\/\\\/minubaltic.ee\\\/fi\\\/\"},{\"@type\":\"ListItem\",\"position\":2,\"name\":\"Verkkokauppa\",\"item\":\"https:\\\/\\\/minubaltic.ee\\\/fi\\\/verkkokauppa\\\/\"},{\"@type\":\"ListItem\",\"position\":3,\"name\":\"Kylpypyyhe 70&#215;140 (Vaaleansininen)\"}]},{\"@type\":\"WebSite\",\"@id\":\"https:\\\/\\\/minubaltic.ee\\\/fi\\\/#website\",\"url\":\"https:\\\/\\\/minubaltic.ee\\\/fi\\\/\",\"name\":\"minubaltic.ee\",\"description\":\"\",\"publisher\":{\"@id\":\"https:\\\/\\\/minubaltic.ee\\\/fi\\\/#organization\"},\"potentialAction\":[{\"@type\":\"SearchAction\",\"target\":{\"@type\":\"EntryPoint\",\"urlTemplate\":\"https:\\\/\\\/minubaltic.ee\\\/fi\\\/?s={search_term_string}\"},\"query-input\":{\"@type\":\"PropertyValueSpecification\",\"valueRequired\":true,\"valueName\":\"search_term_string\"}}],\"inLanguage\":\"fi\"},{\"@type\":\"Organization\",\"@id\":\"https:\\\/\\\/minubaltic.ee\\\/fi\\\/#organization\",\"name\":\"Minu Baltic O\u00dc\",\"url\":\"https:\\\/\\\/minubaltic.ee\\\/fi\\\/\",\"logo\":{\"@type\":\"ImageObject\",\"inLanguage\":\"fi\",\"@id\":\"https:\\\/\\\/minubaltic.ee\\\/fi\\\/#\\\/schema\\\/logo\\\/image\\\/\",\"url\":\"https:\\\/\\\/minubaltic.ee\\\/wp-content\\\/uploads\\\/2023\\\/10\\\/cropped-cropped-cropped-logo.png\",\"contentUrl\":\"https:\\\/\\\/minubaltic.ee\\\/wp-content\\\/uploads\\\/2023\\\/10\\\/cropped-cropped-cropped-logo.png\",\"width\":500,\"height\":237,\"caption\":\"Minu Baltic O\u00dc\"},\"image\":{\"@id\":\"https:\\\/\\\/minubaltic.ee\\\/fi\\\/#\\\/schema\\\/logo\\\/image\\\/\"},\"sameAs\":[\"https:\\\/\\\/www.facebook.com\\\/minubaltic\"]}]}<\/script>\n<!-- \/ Yoast SEO plugin. -->","yoast_head_json":{"title":"Kylpypyyhe 70x140 (Vaaleansininen) - Minu Baltic","description":"Puuvillainen Vaaleansininen kylpypyyhe 70x140 cm, pehme\u00e4, imukykyinen, kest\u00e4v\u00e4, laadukas, luotettava, jokap\u00e4iv\u00e4iseen k\u00e4ytt\u00f6\u00f6n, nopeasti kuivuva, ...","robots":{"index":"index","follow":"follow","max-snippet":"max-snippet:-1","max-image-preview":"max-image-preview:large","max-video-preview":"max-video-preview:-1"},"canonical":"https:\/\/minubaltic.ee\/fi\/e-pood\/pyyhkeet\/kylpypyyhe-70x140-vaaleansininen\/","og_locale":"fi_FI","og_type":"article","og_title":"Kylpypyyhe 70x140 (Vaaleansininen) - Minu Baltic","og_description":"Puuvillainen Vaaleansininen kylpypyyhe 70x140 cm, pehme\u00e4, imukykyinen, kest\u00e4v\u00e4, laadukas, luotettava, jokap\u00e4iv\u00e4iseen k\u00e4ytt\u00f6\u00f6n, nopeasti kuivuva, ...","og_url":"https:\/\/minubaltic.ee\/fi\/e-pood\/pyyhkeet\/kylpypyyhe-70x140-vaaleansininen\/","article_publisher":"https:\/\/www.facebook.com\/minubaltic","article_modified_time":"2025-01-31T21:00:22+00:00","og_image":[{"width":800,"height":800,"url":"https:\/\/minubaltic.ee\/wp-content\/uploads\/2025\/01\/Vanniratik-70x140-Helesinine.jpg","type":"image\/jpeg"}],"twitter_card":"summary_large_image","twitter_misc":{"Arvioitu lukuaika":"1 minuutti"},"schema":{"@context":"https:\/\/schema.org","@graph":[{"@type":"WebPage","@id":"https:\/\/minubaltic.ee\/fi\/e-pood\/pyyhkeet\/kylpypyyhe-70x140-vaaleansininen\/","url":"https:\/\/minubaltic.ee\/fi\/e-pood\/pyyhkeet\/kylpypyyhe-70x140-vaaleansininen\/","name":"Kylpypyyhe 70x140 (Vaaleansininen) - Minu Baltic","isPartOf":{"@id":"https:\/\/minubaltic.ee\/fi\/#website"},"primaryImageOfPage":{"@id":"https:\/\/minubaltic.ee\/fi\/e-pood\/pyyhkeet\/kylpypyyhe-70x140-vaaleansininen\/#primaryimage"},"image":{"@id":"https:\/\/minubaltic.ee\/fi\/e-pood\/pyyhkeet\/kylpypyyhe-70x140-vaaleansininen\/#primaryimage"},"thumbnailUrl":"https:\/\/minubaltic.ee\/wp-content\/uploads\/2025\/01\/Vanniratik-70x140-Helesinine.jpg","datePublished":"2025-01-18T05:19:45+00:00","dateModified":"2025-01-31T21:00:22+00:00","description":"Puuvillainen Vaaleansininen kylpypyyhe 70x140 cm, pehme\u00e4, imukykyinen, kest\u00e4v\u00e4, laadukas, luotettava, jokap\u00e4iv\u00e4iseen k\u00e4ytt\u00f6\u00f6n, nopeasti kuivuva, ...","breadcrumb":{"@id":"https:\/\/minubaltic.ee\/fi\/e-pood\/pyyhkeet\/kylpypyyhe-70x140-vaaleansininen\/#breadcrumb"},"inLanguage":"fi","potentialAction":[{"@type":"ReadAction","target":["https:\/\/minubaltic.ee\/fi\/e-pood\/pyyhkeet\/kylpypyyhe-70x140-vaaleansininen\/"]}]},{"@type":"ImageObject","inLanguage":"fi","@id":"https:\/\/minubaltic.ee\/fi\/e-pood\/pyyhkeet\/kylpypyyhe-70x140-vaaleansininen\/#primaryimage","url":"https:\/\/minubaltic.ee\/wp-content\/uploads\/2025\/01\/Vanniratik-70x140-Helesinine.jpg","contentUrl":"https:\/\/minubaltic.ee\/wp-content\/uploads\/2025\/01\/Vanniratik-70x140-Helesinine.jpg","width":800,"height":800},{"@type":"BreadcrumbList","@id":"https:\/\/minubaltic.ee\/fi\/e-pood\/pyyhkeet\/kylpypyyhe-70x140-vaaleansininen\/#breadcrumb","itemListElement":[{"@type":"ListItem","position":1,"name":"Home","item":"https:\/\/minubaltic.ee\/fi\/"},{"@type":"ListItem","position":2,"name":"Verkkokauppa","item":"https:\/\/minubaltic.ee\/fi\/verkkokauppa\/"},{"@type":"ListItem","position":3,"name":"Kylpypyyhe 70&#215;140 (Vaaleansininen)"}]},{"@type":"WebSite","@id":"https:\/\/minubaltic.ee\/fi\/#website","url":"https:\/\/minubaltic.ee\/fi\/","name":"minubaltic.ee","description":"","publisher":{"@id":"https:\/\/minubaltic.ee\/fi\/#organization"},"potentialAction":[{"@type":"SearchAction","target":{"@type":"EntryPoint","urlTemplate":"https:\/\/minubaltic.ee\/fi\/?s={search_term_string}"},"query-input":{"@type":"PropertyValueSpecification","valueRequired":true,"valueName":"search_term_string"}}],"inLanguage":"fi"},{"@type":"Organization","@id":"https:\/\/minubaltic.ee\/fi\/#organization","name":"Minu Baltic O\u00dc","url":"https:\/\/minubaltic.ee\/fi\/","logo":{"@type":"ImageObject","inLanguage":"fi","@id":"https:\/\/minubaltic.ee\/fi\/#\/schema\/logo\/image\/","url":"https:\/\/minubaltic.ee\/wp-content\/uploads\/2023\/10\/cropped-cropped-cropped-logo.png","contentUrl":"https:\/\/minubaltic.ee\/wp-content\/uploads\/2023\/10\/cropped-cropped-cropped-logo.png","width":500,"height":237,"caption":"Minu Baltic O\u00dc"},"image":{"@id":"https:\/\/minubaltic.ee\/fi\/#\/schema\/logo\/image\/"},"sameAs":["https:\/\/www.facebook.com\/minubaltic"]}]}},"_links":{"self":[{"href":"https:\/\/minubaltic.ee\/fi\/wp-json\/wp\/v2\/product\/41557","targetHints":{"allow":["GET"]}}],"collection":[{"href":"https:\/\/minubaltic.ee\/fi\/wp-json\/wp\/v2\/product"}],"about":[{"href":"https:\/\/minubaltic.ee\/fi\/wp-json\/wp\/v2\/types\/product"}],"replies":[{"embeddable":true,"href":"https:\/\/minubaltic.ee\/fi\/wp-json\/wp\/v2\/comments?post=41557"}],"version-history":[{"count":2,"href":"https:\/\/minubaltic.ee\/fi\/wp-json\/wp\/v2\/product\/41557\/revisions"}],"predecessor-version":[{"id":41787,"href":"https:\/\/minubaltic.ee\/fi\/wp-json\/wp\/v2\/product\/41557\/revisions\/41787"}],"wp:featuredmedia":[{"embeddable":true,"href":"https:\/\/minubaltic.ee\/fi\/wp-json\/wp\/v2\/media\/41562"}],"wp:attachment":[{"href":"https:\/\/minubaltic.ee\/fi\/wp-json\/wp\/v2\/media?parent=41557"}],"wp:term":[{"taxonomy":"product_brand","embeddable":true,"href":"https:\/\/minubaltic.ee\/fi\/wp-json\/wp\/v2\/product_brand?post=41557"},{"taxonomy":"product_cat","embeddable":true,"href":"https:\/\/minubaltic.ee\/fi\/wp-json\/wp\/v2\/product_cat?post=41557"},{"taxonomy":"product_tag","embeddable":true,"href":"https:\/\/minubaltic.ee\/fi\/wp-json\/wp\/v2\/product_tag?post=41557"}],"curies":[{"name":"wp","href":"https:\/\/api.w.org\/{rel}","templated":true}]}}