{"id":41453,"date":"2025-01-07T19:36:32","date_gmt":"2025-01-07T16:36:32","guid":{"rendered":"https:\/\/minubaltic.ee\/?post_type=product&#038;p=41453"},"modified":"2025-01-07T19:59:54","modified_gmt":"2025-01-07T16:59:54","slug":"kylpypyyhe-70x140-vaaleanpunainen-4","status":"publish","type":"product","link":"https:\/\/minubaltic.ee\/fi\/e-pood\/bambu-pyyhkeet\/bambu-kylpypyyhkeet\/kylpypyyhe-70x140-vaaleanpunainen-4\/","title":{"rendered":"Kylpypyyhe 70&#215;140 (Vaaleanpunainen)"},"content":{"rendered":"<p>Pehme\u00e4 ja herkk\u00e4 pyyhe on olennainen osa jokaista kylpyhuonetta. Valikoimastamme l\u00f6yd\u00e4t erilaisia malleja ja kylpypyyhesarjoja halutun tiheyden ja mittojen mukaan.<\/p>\n","protected":false},"excerpt":{"rendered":"<ul>\n<li><span class=\"product-attribute__label\">Kankaan koostumus: 100% bambu<\/span><\/li>\n<li>Tuote pakkauksessa: 1kpl<\/li>\n<li>Koko: 70&#215;140 cm<\/li>\n<li>Paino: 400g\/m2<\/li>\n<\/ul>\n","protected":false},"featured_media":41464,"comment_status":"open","ping_status":"closed","template":"","meta":[],"product_brand":[],"product_cat":[793,790,389,730,384],"product_tag":[402,403,399,401,400],"class_list":{"0":"post-41453","1":"product","2":"type-product","3":"status-publish","4":"has-post-thumbnail","6":"product_cat-bambu-kylpypyyhkeet","7":"product_cat-bambu-pyyhkeet","8":"product_cat-kylpypyyhkeet","9":"product_cat-kylpypyyhkeet-70-140","10":"product_cat-pyyhkeet","11":"product_tag-kodin-tekstiilit","12":"product_tag-pyyhkeet","13":"product_tag-sahkoinen-kaupankaynti","14":"product_tag-tekstiili","15":"product_tag-verkkokauppa","17":"first","18":"instock","19":"shipping-taxable","20":"purchasable","21":"product-type-simple"},"yoast_head":"<!-- This site is optimized with the Yoast SEO plugin v27.3 - https:\/\/yoast.com\/product\/yoast-seo-wordpress\/ -->\n<title>Kylpypyyhe 70x140 cm - (Vaaleanpunainen)<\/title>\n<meta name=\"description\" content=\"70x140 cm bamboo pyyhkeet ovat t\u00e4ydellisen kokoisia. Valitse suosikkiv\u00e4risi ja nauti pehmeydest\u00e4 Tuo hieman ylellisyytt\u00e4 arkeesi pyyhkeill\u00e4mme.\" \/>\n<meta name=\"robots\" content=\"index, follow, max-snippet:-1, max-image-preview:large, max-video-preview:-1\" \/>\n<link rel=\"canonical\" href=\"https:\/\/minubaltic.ee\/fi\/e-pood\/bambu-pyyhkeet\/bambu-kylpypyyhkeet\/kylpypyyhe-70x140-vaaleanpunainen-4\/\" \/>\n<meta property=\"og:locale\" content=\"fi_FI\" \/>\n<meta property=\"og:type\" content=\"article\" \/>\n<meta property=\"og:title\" content=\"Kylpypyyhe 70x140 cm - (Vaaleanpunainen)\" \/>\n<meta property=\"og:description\" content=\"70x140 cm bamboo pyyhkeet ovat t\u00e4ydellisen kokoisia. Valitse suosikkiv\u00e4risi ja nauti pehmeydest\u00e4 Tuo hieman ylellisyytt\u00e4 arkeesi pyyhkeill\u00e4mme.\" \/>\n<meta property=\"og:url\" content=\"https:\/\/minubaltic.ee\/fi\/e-pood\/bambu-pyyhkeet\/bambu-kylpypyyhkeet\/kylpypyyhe-70x140-vaaleanpunainen-4\/\" \/>\n<meta property=\"article:publisher\" content=\"https:\/\/www.facebook.com\/minubaltic\" \/>\n<meta property=\"article:modified_time\" content=\"2025-01-07T16:59:54+00:00\" \/>\n<meta property=\"og:image\" content=\"https:\/\/minubaltic.ee\/wp-content\/uploads\/2025\/01\/Vanniratik-70\u00d7140-2.jpg\" \/>\n\t<meta property=\"og:image:width\" content=\"800\" \/>\n\t<meta property=\"og:image:height\" content=\"800\" \/>\n\t<meta property=\"og:image:type\" content=\"image\/jpeg\" \/>\n<meta name=\"twitter:card\" content=\"summary_large_image\" \/>\n<meta name=\"twitter:label1\" content=\"Arvioitu lukuaika\" \/>\n\t<meta name=\"twitter:data1\" content=\"1 minuutti\" \/>\n<script type=\"application\/ld+json\" class=\"yoast-schema-graph\">{\"@context\":\"https:\\\/\\\/schema.org\",\"@graph\":[{\"@type\":\"WebPage\",\"@id\":\"https:\\\/\\\/minubaltic.ee\\\/fi\\\/e-pood\\\/bambu-pyyhkeet\\\/bambu-kylpypyyhkeet\\\/kylpypyyhe-70x140-vaaleanpunainen-4\\\/\",\"url\":\"https:\\\/\\\/minubaltic.ee\\\/fi\\\/e-pood\\\/bambu-pyyhkeet\\\/bambu-kylpypyyhkeet\\\/kylpypyyhe-70x140-vaaleanpunainen-4\\\/\",\"name\":\"Kylpypyyhe 70x140 cm - (Vaaleanpunainen)\",\"isPartOf\":{\"@id\":\"https:\\\/\\\/minubaltic.ee\\\/fi\\\/#website\"},\"primaryImageOfPage\":{\"@id\":\"https:\\\/\\\/minubaltic.ee\\\/fi\\\/e-pood\\\/bambu-pyyhkeet\\\/bambu-kylpypyyhkeet\\\/kylpypyyhe-70x140-vaaleanpunainen-4\\\/#primaryimage\"},\"image\":{\"@id\":\"https:\\\/\\\/minubaltic.ee\\\/fi\\\/e-pood\\\/bambu-pyyhkeet\\\/bambu-kylpypyyhkeet\\\/kylpypyyhe-70x140-vaaleanpunainen-4\\\/#primaryimage\"},\"thumbnailUrl\":\"https:\\\/\\\/minubaltic.ee\\\/wp-content\\\/uploads\\\/2025\\\/01\\\/Vanniratik-70\u00d7140-2.jpg\",\"datePublished\":\"2025-01-07T16:36:32+00:00\",\"dateModified\":\"2025-01-07T16:59:54+00:00\",\"description\":\"70x140 cm bamboo pyyhkeet ovat t\u00e4ydellisen kokoisia. Valitse suosikkiv\u00e4risi ja nauti pehmeydest\u00e4 Tuo hieman ylellisyytt\u00e4 arkeesi pyyhkeill\u00e4mme.\",\"breadcrumb\":{\"@id\":\"https:\\\/\\\/minubaltic.ee\\\/fi\\\/e-pood\\\/bambu-pyyhkeet\\\/bambu-kylpypyyhkeet\\\/kylpypyyhe-70x140-vaaleanpunainen-4\\\/#breadcrumb\"},\"inLanguage\":\"fi\",\"potentialAction\":[{\"@type\":\"ReadAction\",\"target\":[\"https:\\\/\\\/minubaltic.ee\\\/fi\\\/e-pood\\\/bambu-pyyhkeet\\\/bambu-kylpypyyhkeet\\\/kylpypyyhe-70x140-vaaleanpunainen-4\\\/\"]}]},{\"@type\":\"ImageObject\",\"inLanguage\":\"fi\",\"@id\":\"https:\\\/\\\/minubaltic.ee\\\/fi\\\/e-pood\\\/bambu-pyyhkeet\\\/bambu-kylpypyyhkeet\\\/kylpypyyhe-70x140-vaaleanpunainen-4\\\/#primaryimage\",\"url\":\"https:\\\/\\\/minubaltic.ee\\\/wp-content\\\/uploads\\\/2025\\\/01\\\/Vanniratik-70\u00d7140-2.jpg\",\"contentUrl\":\"https:\\\/\\\/minubaltic.ee\\\/wp-content\\\/uploads\\\/2025\\\/01\\\/Vanniratik-70\u00d7140-2.jpg\",\"width\":800,\"height\":800,\"caption\":\"Vannir\u00e4tik\"},{\"@type\":\"BreadcrumbList\",\"@id\":\"https:\\\/\\\/minubaltic.ee\\\/fi\\\/e-pood\\\/bambu-pyyhkeet\\\/bambu-kylpypyyhkeet\\\/kylpypyyhe-70x140-vaaleanpunainen-4\\\/#breadcrumb\",\"itemListElement\":[{\"@type\":\"ListItem\",\"position\":1,\"name\":\"Home\",\"item\":\"https:\\\/\\\/minubaltic.ee\\\/fi\\\/\"},{\"@type\":\"ListItem\",\"position\":2,\"name\":\"Verkkokauppa\",\"item\":\"https:\\\/\\\/minubaltic.ee\\\/fi\\\/verkkokauppa\\\/\"},{\"@type\":\"ListItem\",\"position\":3,\"name\":\"Kylpypyyhe 70&#215;140 (Vaaleanpunainen)\"}]},{\"@type\":\"WebSite\",\"@id\":\"https:\\\/\\\/minubaltic.ee\\\/fi\\\/#website\",\"url\":\"https:\\\/\\\/minubaltic.ee\\\/fi\\\/\",\"name\":\"minubaltic.ee\",\"description\":\"\",\"publisher\":{\"@id\":\"https:\\\/\\\/minubaltic.ee\\\/fi\\\/#organization\"},\"potentialAction\":[{\"@type\":\"SearchAction\",\"target\":{\"@type\":\"EntryPoint\",\"urlTemplate\":\"https:\\\/\\\/minubaltic.ee\\\/fi\\\/?s={search_term_string}\"},\"query-input\":{\"@type\":\"PropertyValueSpecification\",\"valueRequired\":true,\"valueName\":\"search_term_string\"}}],\"inLanguage\":\"fi\"},{\"@type\":\"Organization\",\"@id\":\"https:\\\/\\\/minubaltic.ee\\\/fi\\\/#organization\",\"name\":\"Minu Baltic O\u00dc\",\"url\":\"https:\\\/\\\/minubaltic.ee\\\/fi\\\/\",\"logo\":{\"@type\":\"ImageObject\",\"inLanguage\":\"fi\",\"@id\":\"https:\\\/\\\/minubaltic.ee\\\/fi\\\/#\\\/schema\\\/logo\\\/image\\\/\",\"url\":\"https:\\\/\\\/minubaltic.ee\\\/wp-content\\\/uploads\\\/2023\\\/10\\\/cropped-cropped-cropped-logo.png\",\"contentUrl\":\"https:\\\/\\\/minubaltic.ee\\\/wp-content\\\/uploads\\\/2023\\\/10\\\/cropped-cropped-cropped-logo.png\",\"width\":500,\"height\":237,\"caption\":\"Minu Baltic O\u00dc\"},\"image\":{\"@id\":\"https:\\\/\\\/minubaltic.ee\\\/fi\\\/#\\\/schema\\\/logo\\\/image\\\/\"},\"sameAs\":[\"https:\\\/\\\/www.facebook.com\\\/minubaltic\"]}]}<\/script>\n<!-- \/ Yoast SEO plugin. -->","yoast_head_json":{"title":"Kylpypyyhe 70x140 cm - (Vaaleanpunainen)","description":"70x140 cm bamboo pyyhkeet ovat t\u00e4ydellisen kokoisia. Valitse suosikkiv\u00e4risi ja nauti pehmeydest\u00e4 Tuo hieman ylellisyytt\u00e4 arkeesi pyyhkeill\u00e4mme.","robots":{"index":"index","follow":"follow","max-snippet":"max-snippet:-1","max-image-preview":"max-image-preview:large","max-video-preview":"max-video-preview:-1"},"canonical":"https:\/\/minubaltic.ee\/fi\/e-pood\/bambu-pyyhkeet\/bambu-kylpypyyhkeet\/kylpypyyhe-70x140-vaaleanpunainen-4\/","og_locale":"fi_FI","og_type":"article","og_title":"Kylpypyyhe 70x140 cm - (Vaaleanpunainen)","og_description":"70x140 cm bamboo pyyhkeet ovat t\u00e4ydellisen kokoisia. Valitse suosikkiv\u00e4risi ja nauti pehmeydest\u00e4 Tuo hieman ylellisyytt\u00e4 arkeesi pyyhkeill\u00e4mme.","og_url":"https:\/\/minubaltic.ee\/fi\/e-pood\/bambu-pyyhkeet\/bambu-kylpypyyhkeet\/kylpypyyhe-70x140-vaaleanpunainen-4\/","article_publisher":"https:\/\/www.facebook.com\/minubaltic","article_modified_time":"2025-01-07T16:59:54+00:00","og_image":[{"width":800,"height":800,"url":"https:\/\/minubaltic.ee\/wp-content\/uploads\/2025\/01\/Vanniratik-70\u00d7140-2.jpg","type":"image\/jpeg"}],"twitter_card":"summary_large_image","twitter_misc":{"Arvioitu lukuaika":"1 minuutti"},"schema":{"@context":"https:\/\/schema.org","@graph":[{"@type":"WebPage","@id":"https:\/\/minubaltic.ee\/fi\/e-pood\/bambu-pyyhkeet\/bambu-kylpypyyhkeet\/kylpypyyhe-70x140-vaaleanpunainen-4\/","url":"https:\/\/minubaltic.ee\/fi\/e-pood\/bambu-pyyhkeet\/bambu-kylpypyyhkeet\/kylpypyyhe-70x140-vaaleanpunainen-4\/","name":"Kylpypyyhe 70x140 cm - (Vaaleanpunainen)","isPartOf":{"@id":"https:\/\/minubaltic.ee\/fi\/#website"},"primaryImageOfPage":{"@id":"https:\/\/minubaltic.ee\/fi\/e-pood\/bambu-pyyhkeet\/bambu-kylpypyyhkeet\/kylpypyyhe-70x140-vaaleanpunainen-4\/#primaryimage"},"image":{"@id":"https:\/\/minubaltic.ee\/fi\/e-pood\/bambu-pyyhkeet\/bambu-kylpypyyhkeet\/kylpypyyhe-70x140-vaaleanpunainen-4\/#primaryimage"},"thumbnailUrl":"https:\/\/minubaltic.ee\/wp-content\/uploads\/2025\/01\/Vanniratik-70\u00d7140-2.jpg","datePublished":"2025-01-07T16:36:32+00:00","dateModified":"2025-01-07T16:59:54+00:00","description":"70x140 cm bamboo pyyhkeet ovat t\u00e4ydellisen kokoisia. Valitse suosikkiv\u00e4risi ja nauti pehmeydest\u00e4 Tuo hieman ylellisyytt\u00e4 arkeesi pyyhkeill\u00e4mme.","breadcrumb":{"@id":"https:\/\/minubaltic.ee\/fi\/e-pood\/bambu-pyyhkeet\/bambu-kylpypyyhkeet\/kylpypyyhe-70x140-vaaleanpunainen-4\/#breadcrumb"},"inLanguage":"fi","potentialAction":[{"@type":"ReadAction","target":["https:\/\/minubaltic.ee\/fi\/e-pood\/bambu-pyyhkeet\/bambu-kylpypyyhkeet\/kylpypyyhe-70x140-vaaleanpunainen-4\/"]}]},{"@type":"ImageObject","inLanguage":"fi","@id":"https:\/\/minubaltic.ee\/fi\/e-pood\/bambu-pyyhkeet\/bambu-kylpypyyhkeet\/kylpypyyhe-70x140-vaaleanpunainen-4\/#primaryimage","url":"https:\/\/minubaltic.ee\/wp-content\/uploads\/2025\/01\/Vanniratik-70\u00d7140-2.jpg","contentUrl":"https:\/\/minubaltic.ee\/wp-content\/uploads\/2025\/01\/Vanniratik-70\u00d7140-2.jpg","width":800,"height":800,"caption":"Vannir\u00e4tik"},{"@type":"BreadcrumbList","@id":"https:\/\/minubaltic.ee\/fi\/e-pood\/bambu-pyyhkeet\/bambu-kylpypyyhkeet\/kylpypyyhe-70x140-vaaleanpunainen-4\/#breadcrumb","itemListElement":[{"@type":"ListItem","position":1,"name":"Home","item":"https:\/\/minubaltic.ee\/fi\/"},{"@type":"ListItem","position":2,"name":"Verkkokauppa","item":"https:\/\/minubaltic.ee\/fi\/verkkokauppa\/"},{"@type":"ListItem","position":3,"name":"Kylpypyyhe 70&#215;140 (Vaaleanpunainen)"}]},{"@type":"WebSite","@id":"https:\/\/minubaltic.ee\/fi\/#website","url":"https:\/\/minubaltic.ee\/fi\/","name":"minubaltic.ee","description":"","publisher":{"@id":"https:\/\/minubaltic.ee\/fi\/#organization"},"potentialAction":[{"@type":"SearchAction","target":{"@type":"EntryPoint","urlTemplate":"https:\/\/minubaltic.ee\/fi\/?s={search_term_string}"},"query-input":{"@type":"PropertyValueSpecification","valueRequired":true,"valueName":"search_term_string"}}],"inLanguage":"fi"},{"@type":"Organization","@id":"https:\/\/minubaltic.ee\/fi\/#organization","name":"Minu Baltic O\u00dc","url":"https:\/\/minubaltic.ee\/fi\/","logo":{"@type":"ImageObject","inLanguage":"fi","@id":"https:\/\/minubaltic.ee\/fi\/#\/schema\/logo\/image\/","url":"https:\/\/minubaltic.ee\/wp-content\/uploads\/2023\/10\/cropped-cropped-cropped-logo.png","contentUrl":"https:\/\/minubaltic.ee\/wp-content\/uploads\/2023\/10\/cropped-cropped-cropped-logo.png","width":500,"height":237,"caption":"Minu Baltic O\u00dc"},"image":{"@id":"https:\/\/minubaltic.ee\/fi\/#\/schema\/logo\/image\/"},"sameAs":["https:\/\/www.facebook.com\/minubaltic"]}]}},"_links":{"self":[{"href":"https:\/\/minubaltic.ee\/fi\/wp-json\/wp\/v2\/product\/41453","targetHints":{"allow":["GET"]}}],"collection":[{"href":"https:\/\/minubaltic.ee\/fi\/wp-json\/wp\/v2\/product"}],"about":[{"href":"https:\/\/minubaltic.ee\/fi\/wp-json\/wp\/v2\/types\/product"}],"replies":[{"embeddable":true,"href":"https:\/\/minubaltic.ee\/fi\/wp-json\/wp\/v2\/comments?post=41453"}],"version-history":[{"count":2,"href":"https:\/\/minubaltic.ee\/fi\/wp-json\/wp\/v2\/product\/41453\/revisions"}],"predecessor-version":[{"id":41491,"href":"https:\/\/minubaltic.ee\/fi\/wp-json\/wp\/v2\/product\/41453\/revisions\/41491"}],"wp:featuredmedia":[{"embeddable":true,"href":"https:\/\/minubaltic.ee\/fi\/wp-json\/wp\/v2\/media\/41464"}],"wp:attachment":[{"href":"https:\/\/minubaltic.ee\/fi\/wp-json\/wp\/v2\/media?parent=41453"}],"wp:term":[{"taxonomy":"product_brand","embeddable":true,"href":"https:\/\/minubaltic.ee\/fi\/wp-json\/wp\/v2\/product_brand?post=41453"},{"taxonomy":"product_cat","embeddable":true,"href":"https:\/\/minubaltic.ee\/fi\/wp-json\/wp\/v2\/product_cat?post=41453"},{"taxonomy":"product_tag","embeddable":true,"href":"https:\/\/minubaltic.ee\/fi\/wp-json\/wp\/v2\/product_tag?post=41453"}],"curies":[{"name":"wp","href":"https:\/\/api.w.org\/{rel}","templated":true}]}}