{"id":41336,"date":"2024-12-31T18:35:00","date_gmt":"2024-12-31T15:35:00","guid":{"rendered":"https:\/\/minubaltic.ee\/?post_type=product&#038;p=41336"},"modified":"2024-12-31T19:08:19","modified_gmt":"2024-12-31T16:08:19","slug":"pehmea-sametti-fleecepeitto-sininen","status":"publish","type":"product","link":"https:\/\/minubaltic.ee\/fi\/e-pood\/velvet-peitot\/velvet-peitot-150-200\/pehmea-sametti-fleecepeitto-sininen\/","title":{"rendered":"Pehme\u00e4 sametti fleecepeitto | Sininen"},"content":{"rendered":"<ul>\n<li><span class=\"product-attribute__label\"><strong>Kangaskoostumus: <\/strong>Coral fleece<\/span><\/li>\n<li><strong>Tuote pakkauksessa:<\/strong> 1 kpl<\/li>\n<li><strong>Koko:<\/strong> Riippuu valinnastasi<\/li>\n<li><strong>Virhe:<\/strong> \u00b15 cm<\/li>\n<li><strong>Kausi:<\/strong> Kaikki vuodenajat<\/li>\n<li><strong>Lis\u00e4tiedot:<\/strong> eritt\u00e4in pehme\u00e4, mukava, l\u00e4mmin, hengitt\u00e4v\u00e4.<\/li>\n<li>Tuotekuvat ovat havainnollistavia<\/li>\n<\/ul>\n","protected":false},"excerpt":{"rendered":"<p>-Samettifleece-peitot ovat pehmeit\u00e4 ja l\u00e4mpimi\u00e4 p\u00f6rr\u00f6isen ja samettisen koostumuksensa ansiosta. N\u00e4iss\u00e4 peitoissa on hyv\u00e4 l\u00e4mm\u00f6neristys, joka auttaa pit\u00e4m\u00e4\u00e4n sinut l\u00e4mpim\u00e4n\u00e4 my\u00f6s kylmempin\u00e4 \u00f6in\u00e4.<br \/>\n-Samettifleece-peitot ovat kevyit\u00e4 ja mukavia ja helppohoitoisia, koska ne ovat konepest\u00e4vi\u00e4.<\/p>\n","protected":false},"featured_media":41354,"comment_status":"open","ping_status":"closed","template":"","meta":[],"product_brand":[],"product_cat":[392,393,641,394,635,647,653,659],"product_tag":[406,407],"class_list":{"0":"post-41336","1":"product","2":"type-product","3":"status-publish","4":"has-post-thumbnail","6":"product_cat-peitot","7":"product_cat-peitot-150-200","8":"product_cat-peitot-180-200","9":"product_cat-peitot-200-230","10":"product_cat-velvet-peitot","11":"product_cat-velvet-peitot-150-200","12":"product_cat-velvet-peitot-180-200","13":"product_cat-velvet-peitot-200-230","14":"product_tag-peitot","15":"product_tag-peitto","17":"first","18":"instock","19":"shipping-taxable","20":"purchasable","21":"product-type-variable"},"yoast_head":"<!-- This site is optimized with the Yoast SEO plugin v27.3 - https:\/\/yoast.com\/product\/yoast-seo-wordpress\/ -->\n<title>Pehme\u00e4 sametti fleecepeitto | Sininen - 19\u20ac<\/title>\n<meta name=\"description\" content=\"Pehme\u00e4 ja ylellinen sametti fleecepeitto, joka tarjoaa l\u00e4mp\u00f6\u00e4 ja mukavuutta kaikkina vuodenaikoina. T\u00e4ydellinen lis\u00e4 makuuhuoneeseesi tai olohuoneeseesi.\" \/>\n<meta name=\"robots\" content=\"index, follow, max-snippet:-1, max-image-preview:large, max-video-preview:-1\" \/>\n<link rel=\"canonical\" href=\"https:\/\/minubaltic.ee\/fi\/e-pood\/velvet-peitot\/velvet-peitot-150-200\/pehmea-sametti-fleecepeitto-sininen\/\" \/>\n<meta property=\"og:locale\" content=\"fi_FI\" \/>\n<meta property=\"og:type\" content=\"article\" \/>\n<meta property=\"og:title\" content=\"Pehme\u00e4 sametti fleecepeitto | Sininen - 19\u20ac\" \/>\n<meta property=\"og:description\" content=\"Pehme\u00e4 ja ylellinen sametti fleecepeitto, joka tarjoaa l\u00e4mp\u00f6\u00e4 ja mukavuutta kaikkina vuodenaikoina. T\u00e4ydellinen lis\u00e4 makuuhuoneeseesi tai olohuoneeseesi.\" \/>\n<meta property=\"og:url\" content=\"https:\/\/minubaltic.ee\/fi\/e-pood\/velvet-peitot\/velvet-peitot-150-200\/pehmea-sametti-fleecepeitto-sininen\/\" \/>\n<meta property=\"article:publisher\" content=\"https:\/\/www.facebook.com\/minubaltic\" \/>\n<meta property=\"article:modified_time\" content=\"2024-12-31T16:08:19+00:00\" \/>\n<meta property=\"og:image\" content=\"https:\/\/minubaltic.ee\/wp-content\/uploads\/2024\/12\/Pehme-velvet-fliistekk-Sinine.jpg\" \/>\n\t<meta property=\"og:image:width\" content=\"800\" \/>\n\t<meta property=\"og:image:height\" content=\"800\" \/>\n\t<meta property=\"og:image:type\" content=\"image\/jpeg\" \/>\n<meta name=\"twitter:card\" content=\"summary_large_image\" \/>\n<meta name=\"twitter:label1\" content=\"Arvioitu lukuaika\" \/>\n\t<meta name=\"twitter:data1\" content=\"1 minuutti\" \/>\n<script type=\"application\/ld+json\" class=\"yoast-schema-graph\">{\"@context\":\"https:\\\/\\\/schema.org\",\"@graph\":[{\"@type\":\"WebPage\",\"@id\":\"https:\\\/\\\/minubaltic.ee\\\/fi\\\/e-pood\\\/velvet-peitot\\\/velvet-peitot-150-200\\\/pehmea-sametti-fleecepeitto-sininen\\\/\",\"url\":\"https:\\\/\\\/minubaltic.ee\\\/fi\\\/e-pood\\\/velvet-peitot\\\/velvet-peitot-150-200\\\/pehmea-sametti-fleecepeitto-sininen\\\/\",\"name\":\"Pehme\u00e4 sametti fleecepeitto | Sininen - 19\u20ac\",\"isPartOf\":{\"@id\":\"https:\\\/\\\/minubaltic.ee\\\/fi\\\/#website\"},\"primaryImageOfPage\":{\"@id\":\"https:\\\/\\\/minubaltic.ee\\\/fi\\\/e-pood\\\/velvet-peitot\\\/velvet-peitot-150-200\\\/pehmea-sametti-fleecepeitto-sininen\\\/#primaryimage\"},\"image\":{\"@id\":\"https:\\\/\\\/minubaltic.ee\\\/fi\\\/e-pood\\\/velvet-peitot\\\/velvet-peitot-150-200\\\/pehmea-sametti-fleecepeitto-sininen\\\/#primaryimage\"},\"thumbnailUrl\":\"https:\\\/\\\/minubaltic.ee\\\/wp-content\\\/uploads\\\/2024\\\/12\\\/Pehme-velvet-fliistekk-Sinine.jpg\",\"datePublished\":\"2024-12-31T15:35:00+00:00\",\"dateModified\":\"2024-12-31T16:08:19+00:00\",\"description\":\"Pehme\u00e4 ja ylellinen sametti fleecepeitto, joka tarjoaa l\u00e4mp\u00f6\u00e4 ja mukavuutta kaikkina vuodenaikoina. T\u00e4ydellinen lis\u00e4 makuuhuoneeseesi tai olohuoneeseesi.\",\"breadcrumb\":{\"@id\":\"https:\\\/\\\/minubaltic.ee\\\/fi\\\/e-pood\\\/velvet-peitot\\\/velvet-peitot-150-200\\\/pehmea-sametti-fleecepeitto-sininen\\\/#breadcrumb\"},\"inLanguage\":\"fi\",\"potentialAction\":[{\"@type\":\"ReadAction\",\"target\":[\"https:\\\/\\\/minubaltic.ee\\\/fi\\\/e-pood\\\/velvet-peitot\\\/velvet-peitot-150-200\\\/pehmea-sametti-fleecepeitto-sininen\\\/\"]}]},{\"@type\":\"ImageObject\",\"inLanguage\":\"fi\",\"@id\":\"https:\\\/\\\/minubaltic.ee\\\/fi\\\/e-pood\\\/velvet-peitot\\\/velvet-peitot-150-200\\\/pehmea-sametti-fleecepeitto-sininen\\\/#primaryimage\",\"url\":\"https:\\\/\\\/minubaltic.ee\\\/wp-content\\\/uploads\\\/2024\\\/12\\\/Pehme-velvet-fliistekk-Sinine.jpg\",\"contentUrl\":\"https:\\\/\\\/minubaltic.ee\\\/wp-content\\\/uploads\\\/2024\\\/12\\\/Pehme-velvet-fliistekk-Sinine.jpg\",\"width\":800,\"height\":800,\"caption\":\"Pehme velvet fliistekk Sinine\"},{\"@type\":\"BreadcrumbList\",\"@id\":\"https:\\\/\\\/minubaltic.ee\\\/fi\\\/e-pood\\\/velvet-peitot\\\/velvet-peitot-150-200\\\/pehmea-sametti-fleecepeitto-sininen\\\/#breadcrumb\",\"itemListElement\":[{\"@type\":\"ListItem\",\"position\":1,\"name\":\"Home\",\"item\":\"https:\\\/\\\/minubaltic.ee\\\/fi\\\/\"},{\"@type\":\"ListItem\",\"position\":2,\"name\":\"Verkkokauppa\",\"item\":\"https:\\\/\\\/minubaltic.ee\\\/fi\\\/verkkokauppa\\\/\"},{\"@type\":\"ListItem\",\"position\":3,\"name\":\"Pehme\u00e4 sametti fleecepeitto | Sininen\"}]},{\"@type\":\"WebSite\",\"@id\":\"https:\\\/\\\/minubaltic.ee\\\/fi\\\/#website\",\"url\":\"https:\\\/\\\/minubaltic.ee\\\/fi\\\/\",\"name\":\"minubaltic.ee\",\"description\":\"\",\"publisher\":{\"@id\":\"https:\\\/\\\/minubaltic.ee\\\/fi\\\/#organization\"},\"potentialAction\":[{\"@type\":\"SearchAction\",\"target\":{\"@type\":\"EntryPoint\",\"urlTemplate\":\"https:\\\/\\\/minubaltic.ee\\\/fi\\\/?s={search_term_string}\"},\"query-input\":{\"@type\":\"PropertyValueSpecification\",\"valueRequired\":true,\"valueName\":\"search_term_string\"}}],\"inLanguage\":\"fi\"},{\"@type\":\"Organization\",\"@id\":\"https:\\\/\\\/minubaltic.ee\\\/fi\\\/#organization\",\"name\":\"Minu Baltic O\u00dc\",\"url\":\"https:\\\/\\\/minubaltic.ee\\\/fi\\\/\",\"logo\":{\"@type\":\"ImageObject\",\"inLanguage\":\"fi\",\"@id\":\"https:\\\/\\\/minubaltic.ee\\\/fi\\\/#\\\/schema\\\/logo\\\/image\\\/\",\"url\":\"https:\\\/\\\/minubaltic.ee\\\/wp-content\\\/uploads\\\/2023\\\/10\\\/cropped-cropped-cropped-logo.png\",\"contentUrl\":\"https:\\\/\\\/minubaltic.ee\\\/wp-content\\\/uploads\\\/2023\\\/10\\\/cropped-cropped-cropped-logo.png\",\"width\":500,\"height\":237,\"caption\":\"Minu Baltic O\u00dc\"},\"image\":{\"@id\":\"https:\\\/\\\/minubaltic.ee\\\/fi\\\/#\\\/schema\\\/logo\\\/image\\\/\"},\"sameAs\":[\"https:\\\/\\\/www.facebook.com\\\/minubaltic\"]}]}<\/script>\n<!-- \/ Yoast SEO plugin. -->","yoast_head_json":{"title":"Pehme\u00e4 sametti fleecepeitto | Sininen - 19\u20ac","description":"Pehme\u00e4 ja ylellinen sametti fleecepeitto, joka tarjoaa l\u00e4mp\u00f6\u00e4 ja mukavuutta kaikkina vuodenaikoina. T\u00e4ydellinen lis\u00e4 makuuhuoneeseesi tai olohuoneeseesi.","robots":{"index":"index","follow":"follow","max-snippet":"max-snippet:-1","max-image-preview":"max-image-preview:large","max-video-preview":"max-video-preview:-1"},"canonical":"https:\/\/minubaltic.ee\/fi\/e-pood\/velvet-peitot\/velvet-peitot-150-200\/pehmea-sametti-fleecepeitto-sininen\/","og_locale":"fi_FI","og_type":"article","og_title":"Pehme\u00e4 sametti fleecepeitto | Sininen - 19\u20ac","og_description":"Pehme\u00e4 ja ylellinen sametti fleecepeitto, joka tarjoaa l\u00e4mp\u00f6\u00e4 ja mukavuutta kaikkina vuodenaikoina. T\u00e4ydellinen lis\u00e4 makuuhuoneeseesi tai olohuoneeseesi.","og_url":"https:\/\/minubaltic.ee\/fi\/e-pood\/velvet-peitot\/velvet-peitot-150-200\/pehmea-sametti-fleecepeitto-sininen\/","article_publisher":"https:\/\/www.facebook.com\/minubaltic","article_modified_time":"2024-12-31T16:08:19+00:00","og_image":[{"width":800,"height":800,"url":"https:\/\/minubaltic.ee\/wp-content\/uploads\/2024\/12\/Pehme-velvet-fliistekk-Sinine.jpg","type":"image\/jpeg"}],"twitter_card":"summary_large_image","twitter_misc":{"Arvioitu lukuaika":"1 minuutti"},"schema":{"@context":"https:\/\/schema.org","@graph":[{"@type":"WebPage","@id":"https:\/\/minubaltic.ee\/fi\/e-pood\/velvet-peitot\/velvet-peitot-150-200\/pehmea-sametti-fleecepeitto-sininen\/","url":"https:\/\/minubaltic.ee\/fi\/e-pood\/velvet-peitot\/velvet-peitot-150-200\/pehmea-sametti-fleecepeitto-sininen\/","name":"Pehme\u00e4 sametti fleecepeitto | Sininen - 19\u20ac","isPartOf":{"@id":"https:\/\/minubaltic.ee\/fi\/#website"},"primaryImageOfPage":{"@id":"https:\/\/minubaltic.ee\/fi\/e-pood\/velvet-peitot\/velvet-peitot-150-200\/pehmea-sametti-fleecepeitto-sininen\/#primaryimage"},"image":{"@id":"https:\/\/minubaltic.ee\/fi\/e-pood\/velvet-peitot\/velvet-peitot-150-200\/pehmea-sametti-fleecepeitto-sininen\/#primaryimage"},"thumbnailUrl":"https:\/\/minubaltic.ee\/wp-content\/uploads\/2024\/12\/Pehme-velvet-fliistekk-Sinine.jpg","datePublished":"2024-12-31T15:35:00+00:00","dateModified":"2024-12-31T16:08:19+00:00","description":"Pehme\u00e4 ja ylellinen sametti fleecepeitto, joka tarjoaa l\u00e4mp\u00f6\u00e4 ja mukavuutta kaikkina vuodenaikoina. T\u00e4ydellinen lis\u00e4 makuuhuoneeseesi tai olohuoneeseesi.","breadcrumb":{"@id":"https:\/\/minubaltic.ee\/fi\/e-pood\/velvet-peitot\/velvet-peitot-150-200\/pehmea-sametti-fleecepeitto-sininen\/#breadcrumb"},"inLanguage":"fi","potentialAction":[{"@type":"ReadAction","target":["https:\/\/minubaltic.ee\/fi\/e-pood\/velvet-peitot\/velvet-peitot-150-200\/pehmea-sametti-fleecepeitto-sininen\/"]}]},{"@type":"ImageObject","inLanguage":"fi","@id":"https:\/\/minubaltic.ee\/fi\/e-pood\/velvet-peitot\/velvet-peitot-150-200\/pehmea-sametti-fleecepeitto-sininen\/#primaryimage","url":"https:\/\/minubaltic.ee\/wp-content\/uploads\/2024\/12\/Pehme-velvet-fliistekk-Sinine.jpg","contentUrl":"https:\/\/minubaltic.ee\/wp-content\/uploads\/2024\/12\/Pehme-velvet-fliistekk-Sinine.jpg","width":800,"height":800,"caption":"Pehme velvet fliistekk Sinine"},{"@type":"BreadcrumbList","@id":"https:\/\/minubaltic.ee\/fi\/e-pood\/velvet-peitot\/velvet-peitot-150-200\/pehmea-sametti-fleecepeitto-sininen\/#breadcrumb","itemListElement":[{"@type":"ListItem","position":1,"name":"Home","item":"https:\/\/minubaltic.ee\/fi\/"},{"@type":"ListItem","position":2,"name":"Verkkokauppa","item":"https:\/\/minubaltic.ee\/fi\/verkkokauppa\/"},{"@type":"ListItem","position":3,"name":"Pehme\u00e4 sametti fleecepeitto | Sininen"}]},{"@type":"WebSite","@id":"https:\/\/minubaltic.ee\/fi\/#website","url":"https:\/\/minubaltic.ee\/fi\/","name":"minubaltic.ee","description":"","publisher":{"@id":"https:\/\/minubaltic.ee\/fi\/#organization"},"potentialAction":[{"@type":"SearchAction","target":{"@type":"EntryPoint","urlTemplate":"https:\/\/minubaltic.ee\/fi\/?s={search_term_string}"},"query-input":{"@type":"PropertyValueSpecification","valueRequired":true,"valueName":"search_term_string"}}],"inLanguage":"fi"},{"@type":"Organization","@id":"https:\/\/minubaltic.ee\/fi\/#organization","name":"Minu Baltic O\u00dc","url":"https:\/\/minubaltic.ee\/fi\/","logo":{"@type":"ImageObject","inLanguage":"fi","@id":"https:\/\/minubaltic.ee\/fi\/#\/schema\/logo\/image\/","url":"https:\/\/minubaltic.ee\/wp-content\/uploads\/2023\/10\/cropped-cropped-cropped-logo.png","contentUrl":"https:\/\/minubaltic.ee\/wp-content\/uploads\/2023\/10\/cropped-cropped-cropped-logo.png","width":500,"height":237,"caption":"Minu Baltic O\u00dc"},"image":{"@id":"https:\/\/minubaltic.ee\/fi\/#\/schema\/logo\/image\/"},"sameAs":["https:\/\/www.facebook.com\/minubaltic"]}]}},"_links":{"self":[{"href":"https:\/\/minubaltic.ee\/fi\/wp-json\/wp\/v2\/product\/41336","targetHints":{"allow":["GET"]}}],"collection":[{"href":"https:\/\/minubaltic.ee\/fi\/wp-json\/wp\/v2\/product"}],"about":[{"href":"https:\/\/minubaltic.ee\/fi\/wp-json\/wp\/v2\/types\/product"}],"replies":[{"embeddable":true,"href":"https:\/\/minubaltic.ee\/fi\/wp-json\/wp\/v2\/comments?post=41336"}],"version-history":[{"count":2,"href":"https:\/\/minubaltic.ee\/fi\/wp-json\/wp\/v2\/product\/41336\/revisions"}],"predecessor-version":[{"id":41399,"href":"https:\/\/minubaltic.ee\/fi\/wp-json\/wp\/v2\/product\/41336\/revisions\/41399"}],"wp:featuredmedia":[{"embeddable":true,"href":"https:\/\/minubaltic.ee\/fi\/wp-json\/wp\/v2\/media\/41354"}],"wp:attachment":[{"href":"https:\/\/minubaltic.ee\/fi\/wp-json\/wp\/v2\/media?parent=41336"}],"wp:term":[{"taxonomy":"product_brand","embeddable":true,"href":"https:\/\/minubaltic.ee\/fi\/wp-json\/wp\/v2\/product_brand?post=41336"},{"taxonomy":"product_cat","embeddable":true,"href":"https:\/\/minubaltic.ee\/fi\/wp-json\/wp\/v2\/product_cat?post=41336"},{"taxonomy":"product_tag","embeddable":true,"href":"https:\/\/minubaltic.ee\/fi\/wp-json\/wp\/v2\/product_tag?post=41336"}],"curies":[{"name":"wp","href":"https:\/\/api.w.org\/{rel}","templated":true}]}}