{"id":40223,"date":"2024-12-09T23:28:15","date_gmt":"2024-12-09T20:28:15","guid":{"rendered":"https:\/\/minubaltic.ee\/?post_type=product&#038;p=40223"},"modified":"2024-12-10T00:54:05","modified_gmt":"2024-12-09T21:54:05","slug":"bambu-tyynyliina-sahara","status":"publish","type":"product","link":"https:\/\/minubaltic.ee\/fi\/e-pood\/bambu-vuodevaatteet\/bambu-tyynyliina-sahara\/","title":{"rendered":"Bambu tyynyliina &#8211; Sahara"},"content":{"rendered":"<p>Bambu tyynyliina on t\u00e4ydellinen valinta niille, jotka etsiv\u00e4t ihoyst\u00e4v\u00e4llist\u00e4 ja laadukasta univarustusta. Luonnollisesta ja ymp\u00e4rist\u00f6yst\u00e4v\u00e4llisest\u00e4 bambukuidusta valmistettu tyynyliina on pehme\u00e4, silkkinen ja hell\u00e4varainen sek\u00e4 kasvojen iholle ett\u00e4 hiuksille.<\/p>\n<p>Bambu tyynyliinamateriaali on hengitt\u00e4v\u00e4\u00e4 ja s\u00e4\u00e4telee l\u00e4mp\u00f6tilaa antaen viileytt\u00e4 ja s\u00e4ilytt\u00e4\u00e4 l\u00e4mm\u00f6n kylmemm\u00e4ll\u00e4 s\u00e4\u00e4ll\u00e4. Antibakteeriset ja hypoallergeeniset ominaisuudet varmistavat, ett\u00e4 tyynyliina pysyy raikkaana ja puhtaana pidemp\u00e4\u00e4n ja tarjoaa mukavan ja terveellisen nukkumisymp\u00e4rist\u00f6n.<\/p>\n","protected":false},"excerpt":{"rendered":"<p>100 % bambusta valmistettu ekologinen tyynyliina on pehme\u00e4, hengitt\u00e4v\u00e4 ja ihoyst\u00e4v\u00e4llinen tarjoten luonnollista mukavuutta ja hoitaen ihoasi joka ilta.<\/p>\n<ul>\n<li>V\u00e4ri: Sahara<\/li>\n<li>Materiaali: 100% bambu<\/li>\n<li>Kuituluettelo: 300TC<\/li>\n<\/ul>\n<p><img loading=\"lazy\" decoding=\"async\" class=\" wd-lazy-fade alignnone wp-image-21482\" src=\"https:\/\/minubaltic.ee\/wp-content\/themes\/woodmart\/images\/lazy.svg\" data-src=\"https:\/\/minubaltic.ee\/wp-content\/uploads\/2024\/03\/image-removebg-preview-70-400x264.png\" alt=\"\" width=\"172\" height=\"114\" srcset=\"\" data-srcset=\"https:\/\/minubaltic.ee\/wp-content\/uploads\/2024\/03\/image-removebg-preview-70-400x264.png 400w, https:\/\/minubaltic.ee\/wp-content\/uploads\/2024\/03\/image-removebg-preview-70-430x284.png 430w, https:\/\/minubaltic.ee\/wp-content\/uploads\/2024\/03\/image-removebg-preview-70-150x99.png 150w, https:\/\/minubaltic.ee\/wp-content\/uploads\/2024\/03\/image-removebg-preview-70.png 615w\" sizes=\"auto, (max-width: 172px) 100vw, 172px\" \/><img loading=\"lazy\" decoding=\"async\" class=\" wd-lazy-fade alignnone wp-image-17257\" src=\"https:\/\/minubaltic.ee\/wp-content\/themes\/woodmart\/images\/lazy.svg\" data-src=\"https:\/\/minubaltic.ee\/wp-content\/uploads\/2024\/02\/organic100bamboo.png\" alt=\"\" width=\"70\" height=\"99\" \/><\/p>\n","protected":false},"featured_media":40240,"comment_status":"open","ping_status":"closed","template":"","meta":[],"product_brand":[],"product_cat":[911,375,766,396],"product_tag":[409,401,400],"class_list":{"0":"post-40223","1":"product","2":"type-product","3":"status-publish","4":"has-post-thumbnail","6":"product_cat-bambu-tyynyliinat","7":"product_cat-bambu-vuodevaatteet","8":"product_cat-orgaaniset-vuodevaatteet","9":"product_cat-vuodevaatteet","10":"product_tag-bambu-vuodevaatteet","11":"product_tag-tekstiili","12":"product_tag-verkkokauppa","14":"first","15":"instock","16":"shipping-taxable","17":"purchasable","18":"product-type-variable"},"yoast_head":"<!-- This site is optimized with the Yoast SEO plugin v27.3 - https:\/\/yoast.com\/product\/yoast-seo-wordpress\/ -->\n<title>Bambu tyynyliina - Sahara - 100% bambu tyynyliinat<\/title>\n<meta name=\"description\" content=\"Bambu tyynyliina on pehme\u00e4 ja hypoallergeeninen, mik\u00e4 tarjoaa mukavan ja ihoyst\u00e4v\u00e4llisen nukkumiskokemuksen. Sen hengitt\u00e4v\u00e4 materiaali s\u00e4\u00e4telee l\u00e4mp\u00f6tilaa\" \/>\n<meta name=\"robots\" content=\"index, follow, max-snippet:-1, max-image-preview:large, max-video-preview:-1\" \/>\n<link rel=\"canonical\" href=\"https:\/\/minubaltic.ee\/fi\/e-pood\/bambu-vuodevaatteet\/bambu-tyynyliina-sahara\/\" \/>\n<meta property=\"og:locale\" content=\"fi_FI\" \/>\n<meta property=\"og:type\" content=\"article\" \/>\n<meta property=\"og:title\" content=\"Bambu tyynyliina - Sahara - 100% bambu tyynyliinat\" \/>\n<meta property=\"og:description\" content=\"Bambu tyynyliina on pehme\u00e4 ja hypoallergeeninen, mik\u00e4 tarjoaa mukavan ja ihoyst\u00e4v\u00e4llisen nukkumiskokemuksen. Sen hengitt\u00e4v\u00e4 materiaali s\u00e4\u00e4telee l\u00e4mp\u00f6tilaa\" \/>\n<meta property=\"og:url\" content=\"https:\/\/minubaltic.ee\/fi\/e-pood\/bambu-vuodevaatteet\/bambu-tyynyliina-sahara\/\" \/>\n<meta property=\"article:publisher\" content=\"https:\/\/www.facebook.com\/minubaltic\" \/>\n<meta property=\"article:modified_time\" content=\"2024-12-09T21:54:05+00:00\" \/>\n<meta property=\"og:image\" content=\"https:\/\/minubaltic.ee\/wp-content\/uploads\/2024\/12\/Bambusest-padjapuur.jpg\" \/>\n\t<meta property=\"og:image:width\" content=\"800\" \/>\n\t<meta property=\"og:image:height\" content=\"800\" \/>\n\t<meta property=\"og:image:type\" content=\"image\/jpeg\" \/>\n<meta name=\"twitter:card\" content=\"summary_large_image\" \/>\n<meta name=\"twitter:label1\" content=\"Arvioitu lukuaika\" \/>\n\t<meta name=\"twitter:data1\" content=\"1 minuutti\" \/>\n<script type=\"application\/ld+json\" class=\"yoast-schema-graph\">{\"@context\":\"https:\\\/\\\/schema.org\",\"@graph\":[{\"@type\":\"WebPage\",\"@id\":\"https:\\\/\\\/minubaltic.ee\\\/fi\\\/e-pood\\\/bambu-vuodevaatteet\\\/bambu-tyynyliina-sahara\\\/\",\"url\":\"https:\\\/\\\/minubaltic.ee\\\/fi\\\/e-pood\\\/bambu-vuodevaatteet\\\/bambu-tyynyliina-sahara\\\/\",\"name\":\"Bambu tyynyliina - Sahara - 100% bambu tyynyliinat\",\"isPartOf\":{\"@id\":\"https:\\\/\\\/minubaltic.ee\\\/fi\\\/#website\"},\"primaryImageOfPage\":{\"@id\":\"https:\\\/\\\/minubaltic.ee\\\/fi\\\/e-pood\\\/bambu-vuodevaatteet\\\/bambu-tyynyliina-sahara\\\/#primaryimage\"},\"image\":{\"@id\":\"https:\\\/\\\/minubaltic.ee\\\/fi\\\/e-pood\\\/bambu-vuodevaatteet\\\/bambu-tyynyliina-sahara\\\/#primaryimage\"},\"thumbnailUrl\":\"https:\\\/\\\/minubaltic.ee\\\/wp-content\\\/uploads\\\/2024\\\/12\\\/Bambusest-padjapuur.jpg\",\"datePublished\":\"2024-12-09T20:28:15+00:00\",\"dateModified\":\"2024-12-09T21:54:05+00:00\",\"description\":\"Bambu tyynyliina on pehme\u00e4 ja hypoallergeeninen, mik\u00e4 tarjoaa mukavan ja ihoyst\u00e4v\u00e4llisen nukkumiskokemuksen. Sen hengitt\u00e4v\u00e4 materiaali s\u00e4\u00e4telee l\u00e4mp\u00f6tilaa\",\"breadcrumb\":{\"@id\":\"https:\\\/\\\/minubaltic.ee\\\/fi\\\/e-pood\\\/bambu-vuodevaatteet\\\/bambu-tyynyliina-sahara\\\/#breadcrumb\"},\"inLanguage\":\"fi\",\"potentialAction\":[{\"@type\":\"ReadAction\",\"target\":[\"https:\\\/\\\/minubaltic.ee\\\/fi\\\/e-pood\\\/bambu-vuodevaatteet\\\/bambu-tyynyliina-sahara\\\/\"]}]},{\"@type\":\"ImageObject\",\"inLanguage\":\"fi\",\"@id\":\"https:\\\/\\\/minubaltic.ee\\\/fi\\\/e-pood\\\/bambu-vuodevaatteet\\\/bambu-tyynyliina-sahara\\\/#primaryimage\",\"url\":\"https:\\\/\\\/minubaltic.ee\\\/wp-content\\\/uploads\\\/2024\\\/12\\\/Bambusest-padjapuur.jpg\",\"contentUrl\":\"https:\\\/\\\/minubaltic.ee\\\/wp-content\\\/uploads\\\/2024\\\/12\\\/Bambusest-padjapuur.jpg\",\"width\":800,\"height\":800,\"caption\":\"Bambusest padjap\u00fc\u00fcr\"},{\"@type\":\"BreadcrumbList\",\"@id\":\"https:\\\/\\\/minubaltic.ee\\\/fi\\\/e-pood\\\/bambu-vuodevaatteet\\\/bambu-tyynyliina-sahara\\\/#breadcrumb\",\"itemListElement\":[{\"@type\":\"ListItem\",\"position\":1,\"name\":\"Home\",\"item\":\"https:\\\/\\\/minubaltic.ee\\\/fi\\\/\"},{\"@type\":\"ListItem\",\"position\":2,\"name\":\"Verkkokauppa\",\"item\":\"https:\\\/\\\/minubaltic.ee\\\/fi\\\/verkkokauppa\\\/\"},{\"@type\":\"ListItem\",\"position\":3,\"name\":\"Bambu tyynyliina &#8211; Sahara\"}]},{\"@type\":\"WebSite\",\"@id\":\"https:\\\/\\\/minubaltic.ee\\\/fi\\\/#website\",\"url\":\"https:\\\/\\\/minubaltic.ee\\\/fi\\\/\",\"name\":\"minubaltic.ee\",\"description\":\"\",\"publisher\":{\"@id\":\"https:\\\/\\\/minubaltic.ee\\\/fi\\\/#organization\"},\"potentialAction\":[{\"@type\":\"SearchAction\",\"target\":{\"@type\":\"EntryPoint\",\"urlTemplate\":\"https:\\\/\\\/minubaltic.ee\\\/fi\\\/?s={search_term_string}\"},\"query-input\":{\"@type\":\"PropertyValueSpecification\",\"valueRequired\":true,\"valueName\":\"search_term_string\"}}],\"inLanguage\":\"fi\"},{\"@type\":\"Organization\",\"@id\":\"https:\\\/\\\/minubaltic.ee\\\/fi\\\/#organization\",\"name\":\"Minu Baltic O\u00dc\",\"url\":\"https:\\\/\\\/minubaltic.ee\\\/fi\\\/\",\"logo\":{\"@type\":\"ImageObject\",\"inLanguage\":\"fi\",\"@id\":\"https:\\\/\\\/minubaltic.ee\\\/fi\\\/#\\\/schema\\\/logo\\\/image\\\/\",\"url\":\"https:\\\/\\\/minubaltic.ee\\\/wp-content\\\/uploads\\\/2023\\\/10\\\/cropped-cropped-cropped-logo.png\",\"contentUrl\":\"https:\\\/\\\/minubaltic.ee\\\/wp-content\\\/uploads\\\/2023\\\/10\\\/cropped-cropped-cropped-logo.png\",\"width\":500,\"height\":237,\"caption\":\"Minu Baltic O\u00dc\"},\"image\":{\"@id\":\"https:\\\/\\\/minubaltic.ee\\\/fi\\\/#\\\/schema\\\/logo\\\/image\\\/\"},\"sameAs\":[\"https:\\\/\\\/www.facebook.com\\\/minubaltic\"]}]}<\/script>\n<!-- \/ Yoast SEO plugin. -->","yoast_head_json":{"title":"Bambu tyynyliina - Sahara - 100% bambu tyynyliinat","description":"Bambu tyynyliina on pehme\u00e4 ja hypoallergeeninen, mik\u00e4 tarjoaa mukavan ja ihoyst\u00e4v\u00e4llisen nukkumiskokemuksen. Sen hengitt\u00e4v\u00e4 materiaali s\u00e4\u00e4telee l\u00e4mp\u00f6tilaa","robots":{"index":"index","follow":"follow","max-snippet":"max-snippet:-1","max-image-preview":"max-image-preview:large","max-video-preview":"max-video-preview:-1"},"canonical":"https:\/\/minubaltic.ee\/fi\/e-pood\/bambu-vuodevaatteet\/bambu-tyynyliina-sahara\/","og_locale":"fi_FI","og_type":"article","og_title":"Bambu tyynyliina - Sahara - 100% bambu tyynyliinat","og_description":"Bambu tyynyliina on pehme\u00e4 ja hypoallergeeninen, mik\u00e4 tarjoaa mukavan ja ihoyst\u00e4v\u00e4llisen nukkumiskokemuksen. Sen hengitt\u00e4v\u00e4 materiaali s\u00e4\u00e4telee l\u00e4mp\u00f6tilaa","og_url":"https:\/\/minubaltic.ee\/fi\/e-pood\/bambu-vuodevaatteet\/bambu-tyynyliina-sahara\/","article_publisher":"https:\/\/www.facebook.com\/minubaltic","article_modified_time":"2024-12-09T21:54:05+00:00","og_image":[{"width":800,"height":800,"url":"https:\/\/minubaltic.ee\/wp-content\/uploads\/2024\/12\/Bambusest-padjapuur.jpg","type":"image\/jpeg"}],"twitter_card":"summary_large_image","twitter_misc":{"Arvioitu lukuaika":"1 minuutti"},"schema":{"@context":"https:\/\/schema.org","@graph":[{"@type":"WebPage","@id":"https:\/\/minubaltic.ee\/fi\/e-pood\/bambu-vuodevaatteet\/bambu-tyynyliina-sahara\/","url":"https:\/\/minubaltic.ee\/fi\/e-pood\/bambu-vuodevaatteet\/bambu-tyynyliina-sahara\/","name":"Bambu tyynyliina - Sahara - 100% bambu tyynyliinat","isPartOf":{"@id":"https:\/\/minubaltic.ee\/fi\/#website"},"primaryImageOfPage":{"@id":"https:\/\/minubaltic.ee\/fi\/e-pood\/bambu-vuodevaatteet\/bambu-tyynyliina-sahara\/#primaryimage"},"image":{"@id":"https:\/\/minubaltic.ee\/fi\/e-pood\/bambu-vuodevaatteet\/bambu-tyynyliina-sahara\/#primaryimage"},"thumbnailUrl":"https:\/\/minubaltic.ee\/wp-content\/uploads\/2024\/12\/Bambusest-padjapuur.jpg","datePublished":"2024-12-09T20:28:15+00:00","dateModified":"2024-12-09T21:54:05+00:00","description":"Bambu tyynyliina on pehme\u00e4 ja hypoallergeeninen, mik\u00e4 tarjoaa mukavan ja ihoyst\u00e4v\u00e4llisen nukkumiskokemuksen. Sen hengitt\u00e4v\u00e4 materiaali s\u00e4\u00e4telee l\u00e4mp\u00f6tilaa","breadcrumb":{"@id":"https:\/\/minubaltic.ee\/fi\/e-pood\/bambu-vuodevaatteet\/bambu-tyynyliina-sahara\/#breadcrumb"},"inLanguage":"fi","potentialAction":[{"@type":"ReadAction","target":["https:\/\/minubaltic.ee\/fi\/e-pood\/bambu-vuodevaatteet\/bambu-tyynyliina-sahara\/"]}]},{"@type":"ImageObject","inLanguage":"fi","@id":"https:\/\/minubaltic.ee\/fi\/e-pood\/bambu-vuodevaatteet\/bambu-tyynyliina-sahara\/#primaryimage","url":"https:\/\/minubaltic.ee\/wp-content\/uploads\/2024\/12\/Bambusest-padjapuur.jpg","contentUrl":"https:\/\/minubaltic.ee\/wp-content\/uploads\/2024\/12\/Bambusest-padjapuur.jpg","width":800,"height":800,"caption":"Bambusest padjap\u00fc\u00fcr"},{"@type":"BreadcrumbList","@id":"https:\/\/minubaltic.ee\/fi\/e-pood\/bambu-vuodevaatteet\/bambu-tyynyliina-sahara\/#breadcrumb","itemListElement":[{"@type":"ListItem","position":1,"name":"Home","item":"https:\/\/minubaltic.ee\/fi\/"},{"@type":"ListItem","position":2,"name":"Verkkokauppa","item":"https:\/\/minubaltic.ee\/fi\/verkkokauppa\/"},{"@type":"ListItem","position":3,"name":"Bambu tyynyliina &#8211; Sahara"}]},{"@type":"WebSite","@id":"https:\/\/minubaltic.ee\/fi\/#website","url":"https:\/\/minubaltic.ee\/fi\/","name":"minubaltic.ee","description":"","publisher":{"@id":"https:\/\/minubaltic.ee\/fi\/#organization"},"potentialAction":[{"@type":"SearchAction","target":{"@type":"EntryPoint","urlTemplate":"https:\/\/minubaltic.ee\/fi\/?s={search_term_string}"},"query-input":{"@type":"PropertyValueSpecification","valueRequired":true,"valueName":"search_term_string"}}],"inLanguage":"fi"},{"@type":"Organization","@id":"https:\/\/minubaltic.ee\/fi\/#organization","name":"Minu Baltic O\u00dc","url":"https:\/\/minubaltic.ee\/fi\/","logo":{"@type":"ImageObject","inLanguage":"fi","@id":"https:\/\/minubaltic.ee\/fi\/#\/schema\/logo\/image\/","url":"https:\/\/minubaltic.ee\/wp-content\/uploads\/2023\/10\/cropped-cropped-cropped-logo.png","contentUrl":"https:\/\/minubaltic.ee\/wp-content\/uploads\/2023\/10\/cropped-cropped-cropped-logo.png","width":500,"height":237,"caption":"Minu Baltic O\u00dc"},"image":{"@id":"https:\/\/minubaltic.ee\/fi\/#\/schema\/logo\/image\/"},"sameAs":["https:\/\/www.facebook.com\/minubaltic"]}]}},"_links":{"self":[{"href":"https:\/\/minubaltic.ee\/fi\/wp-json\/wp\/v2\/product\/40223","targetHints":{"allow":["GET"]}}],"collection":[{"href":"https:\/\/minubaltic.ee\/fi\/wp-json\/wp\/v2\/product"}],"about":[{"href":"https:\/\/minubaltic.ee\/fi\/wp-json\/wp\/v2\/types\/product"}],"replies":[{"embeddable":true,"href":"https:\/\/minubaltic.ee\/fi\/wp-json\/wp\/v2\/comments?post=40223"}],"version-history":[{"count":2,"href":"https:\/\/minubaltic.ee\/fi\/wp-json\/wp\/v2\/product\/40223\/revisions"}],"predecessor-version":[{"id":40855,"href":"https:\/\/minubaltic.ee\/fi\/wp-json\/wp\/v2\/product\/40223\/revisions\/40855"}],"wp:featuredmedia":[{"embeddable":true,"href":"https:\/\/minubaltic.ee\/fi\/wp-json\/wp\/v2\/media\/40240"}],"wp:attachment":[{"href":"https:\/\/minubaltic.ee\/fi\/wp-json\/wp\/v2\/media?parent=40223"}],"wp:term":[{"taxonomy":"product_brand","embeddable":true,"href":"https:\/\/minubaltic.ee\/fi\/wp-json\/wp\/v2\/product_brand?post=40223"},{"taxonomy":"product_cat","embeddable":true,"href":"https:\/\/minubaltic.ee\/fi\/wp-json\/wp\/v2\/product_cat?post=40223"},{"taxonomy":"product_tag","embeddable":true,"href":"https:\/\/minubaltic.ee\/fi\/wp-json\/wp\/v2\/product_tag?post=40223"}],"curies":[{"name":"wp","href":"https:\/\/api.w.org\/{rel}","templated":true}]}}