{"id":39975,"date":"2024-12-08T04:48:18","date_gmt":"2024-12-08T01:48:18","guid":{"rendered":"https:\/\/minubaltic.ee\/?post_type=product&#038;p=39975"},"modified":"2024-12-08T05:26:37","modified_gmt":"2024-12-08T02:26:37","slug":"bambu-lakana-valtameri","status":"publish","type":"product","link":"https:\/\/minubaltic.ee\/fi\/e-pood\/bambu-vuodevaatteet\/bambu-lakana-valtameri\/","title":{"rendered":"Bambu lakana &#8211; Valtameri"},"content":{"rendered":"<p>Bambu lakana on arvostettu sen luonnollisista ominaisuuksista ja erinomaisesta mukavuudesta. Se on valmistettu nopeasti uusiutuvasta ja ymp\u00e4rist\u00f6yst\u00e4v\u00e4llisest\u00e4 materiaalista, joka ei vaadi torjunta-aineiden k\u00e4ytt\u00f6\u00e4 tai liiallista vett\u00e4 kasvaakseen. Bambukuidut ovat luonnostaan \u200b\u200bpehmeit\u00e4, silkkim\u00e4isi\u00e4 ja sopivat hyvin herk\u00e4lle iholle, koska ne ovat hypoallergeenisia ja antibakteerisia.<\/p>\n<p>Lis\u00e4ksi bambulakana tunnetaan erinomaisesta hengitt\u00e4vyydest\u00e4\u00e4n, joka auttaa kehoa yll\u00e4pit\u00e4m\u00e4\u00e4n optimaalista l\u00e4mp\u00f6tilaa nukkuessaan. Se siirt\u00e4\u00e4 kosteutta pois ja pit\u00e4\u00e4 liinavaatteet raikkaina my\u00f6s l\u00e4mpimin\u00e4 \u00f6in\u00e4. Kest\u00e4vyyden ja ylellisen ulkon\u00e4\u00f6n ansiosta bambuvuodevaatteet ovat ihanteellinen valinta, jossa yhdistyv\u00e4t k\u00e4yt\u00e4nn\u00f6llisyys ja tyylik\u00e4s muotoilu.<\/p>\n","protected":false},"excerpt":{"rendered":"<p>100 % bambusta valmistettu ekologinen lakana on ihanan pehme\u00e4, hengitt\u00e4v\u00e4 ja ymp\u00e4rist\u00f6yst\u00e4v\u00e4llinen ja tarjoaa t\u00e4ydellisen mukavuuden joka ilta.<\/p>\n<ul>\n<li>V\u00e4ri: Valtameri<\/li>\n<li>Materiaali: 100% bambu<\/li>\n<li>Kuituluettelo: 300TC<\/li>\n<\/ul>\n<p><img loading=\"lazy\" decoding=\"async\" class=\" wd-lazy-fade alignnone wp-image-21482\" src=\"https:\/\/minubaltic.ee\/wp-content\/themes\/woodmart\/images\/lazy.svg\" data-src=\"https:\/\/minubaltic.ee\/wp-content\/uploads\/2024\/03\/image-removebg-preview-70-400x264.png\" alt=\"\" width=\"172\" height=\"114\" srcset=\"\" data-srcset=\"https:\/\/minubaltic.ee\/wp-content\/uploads\/2024\/03\/image-removebg-preview-70-400x264.png 400w, https:\/\/minubaltic.ee\/wp-content\/uploads\/2024\/03\/image-removebg-preview-70-430x284.png 430w, https:\/\/minubaltic.ee\/wp-content\/uploads\/2024\/03\/image-removebg-preview-70-150x99.png 150w, https:\/\/minubaltic.ee\/wp-content\/uploads\/2024\/03\/image-removebg-preview-70.png 615w\" sizes=\"auto, (max-width: 172px) 100vw, 172px\" \/><img loading=\"lazy\" decoding=\"async\" class=\" wd-lazy-fade alignnone wp-image-17257\" src=\"https:\/\/minubaltic.ee\/wp-content\/themes\/woodmart\/images\/lazy.svg\" data-src=\"https:\/\/minubaltic.ee\/wp-content\/uploads\/2024\/02\/organic100bamboo.png\" alt=\"\" width=\"70\" height=\"99\" \/><\/p>\n","protected":false},"featured_media":39983,"comment_status":"open","ping_status":"closed","template":"","meta":[],"product_brand":[],"product_cat":[917,375,766,396],"product_tag":[409,399,401,400],"class_list":{"0":"post-39975","1":"product","2":"type-product","3":"status-publish","4":"has-post-thumbnail","6":"product_cat-bambu-lakanat","7":"product_cat-bambu-vuodevaatteet","8":"product_cat-orgaaniset-vuodevaatteet","9":"product_cat-vuodevaatteet","10":"product_tag-bambu-vuodevaatteet","11":"product_tag-sahkoinen-kaupankaynti","12":"product_tag-tekstiili","13":"product_tag-verkkokauppa","15":"first","16":"outofstock","17":"shipping-taxable","18":"purchasable","19":"product-type-variable"},"yoast_head":"<!-- This site is optimized with the Yoast SEO plugin v27.4 - https:\/\/yoast.com\/product\/yoast-seo-wordpress\/ -->\n<title>Bambu lakana - Valtameri - 100% bambu<\/title>\n<meta name=\"description\" content=\"100% Bambu lakanat ovat hengitt\u00e4vi\u00e4, kosteutta siirt\u00e4vi\u00e4 ja l\u00e4mp\u00f6tilaa s\u00e4\u00e4televi\u00e4. T\u00e4m\u00e4 materiaali on pehme\u00e4\u00e4, hypoallergeenista ja ihanteellinen .....\" \/>\n<meta name=\"robots\" content=\"index, follow, max-snippet:-1, max-image-preview:large, max-video-preview:-1\" \/>\n<link rel=\"canonical\" href=\"https:\/\/minubaltic.ee\/fi\/e-pood\/bambu-vuodevaatteet\/bambu-lakana-valtameri\/\" \/>\n<meta property=\"og:locale\" content=\"fi_FI\" \/>\n<meta property=\"og:type\" content=\"article\" \/>\n<meta property=\"og:title\" content=\"Bambu lakana - Valtameri - 100% bambu\" \/>\n<meta property=\"og:description\" content=\"100% Bambu lakanat ovat hengitt\u00e4vi\u00e4, kosteutta siirt\u00e4vi\u00e4 ja l\u00e4mp\u00f6tilaa s\u00e4\u00e4televi\u00e4. T\u00e4m\u00e4 materiaali on pehme\u00e4\u00e4, hypoallergeenista ja ihanteellinen .....\" \/>\n<meta property=\"og:url\" content=\"https:\/\/minubaltic.ee\/fi\/e-pood\/bambu-vuodevaatteet\/bambu-lakana-valtameri\/\" \/>\n<meta property=\"article:publisher\" content=\"https:\/\/www.facebook.com\/minubaltic\" \/>\n<meta property=\"article:modified_time\" content=\"2024-12-08T02:26:37+00:00\" \/>\n<meta property=\"og:image\" content=\"https:\/\/minubaltic.ee\/wp-content\/uploads\/2024\/12\/Bambusest-voodilina-1-6.jpg\" \/>\n\t<meta property=\"og:image:width\" content=\"800\" \/>\n\t<meta property=\"og:image:height\" content=\"800\" \/>\n\t<meta property=\"og:image:type\" content=\"image\/jpeg\" \/>\n<meta name=\"twitter:card\" content=\"summary_large_image\" \/>\n<meta name=\"twitter:label1\" content=\"Arvioitu lukuaika\" \/>\n\t<meta name=\"twitter:data1\" content=\"1 minuutti\" \/>\n<script type=\"application\/ld+json\" class=\"yoast-schema-graph\">{\"@context\":\"https:\\\/\\\/schema.org\",\"@graph\":[{\"@type\":\"WebPage\",\"@id\":\"https:\\\/\\\/minubaltic.ee\\\/fi\\\/e-pood\\\/bambu-vuodevaatteet\\\/bambu-lakana-valtameri\\\/\",\"url\":\"https:\\\/\\\/minubaltic.ee\\\/fi\\\/e-pood\\\/bambu-vuodevaatteet\\\/bambu-lakana-valtameri\\\/\",\"name\":\"Bambu lakana - Valtameri - 100% bambu\",\"isPartOf\":{\"@id\":\"https:\\\/\\\/minubaltic.ee\\\/fi\\\/#website\"},\"primaryImageOfPage\":{\"@id\":\"https:\\\/\\\/minubaltic.ee\\\/fi\\\/e-pood\\\/bambu-vuodevaatteet\\\/bambu-lakana-valtameri\\\/#primaryimage\"},\"image\":{\"@id\":\"https:\\\/\\\/minubaltic.ee\\\/fi\\\/e-pood\\\/bambu-vuodevaatteet\\\/bambu-lakana-valtameri\\\/#primaryimage\"},\"thumbnailUrl\":\"https:\\\/\\\/minubaltic.ee\\\/wp-content\\\/uploads\\\/2024\\\/12\\\/Bambusest-voodilina-1-6.jpg\",\"datePublished\":\"2024-12-08T01:48:18+00:00\",\"dateModified\":\"2024-12-08T02:26:37+00:00\",\"description\":\"100% Bambu lakanat ovat hengitt\u00e4vi\u00e4, kosteutta siirt\u00e4vi\u00e4 ja l\u00e4mp\u00f6tilaa s\u00e4\u00e4televi\u00e4. T\u00e4m\u00e4 materiaali on pehme\u00e4\u00e4, hypoallergeenista ja ihanteellinen .....\",\"breadcrumb\":{\"@id\":\"https:\\\/\\\/minubaltic.ee\\\/fi\\\/e-pood\\\/bambu-vuodevaatteet\\\/bambu-lakana-valtameri\\\/#breadcrumb\"},\"inLanguage\":\"fi\",\"potentialAction\":[{\"@type\":\"ReadAction\",\"target\":[\"https:\\\/\\\/minubaltic.ee\\\/fi\\\/e-pood\\\/bambu-vuodevaatteet\\\/bambu-lakana-valtameri\\\/\"]}]},{\"@type\":\"ImageObject\",\"inLanguage\":\"fi\",\"@id\":\"https:\\\/\\\/minubaltic.ee\\\/fi\\\/e-pood\\\/bambu-vuodevaatteet\\\/bambu-lakana-valtameri\\\/#primaryimage\",\"url\":\"https:\\\/\\\/minubaltic.ee\\\/wp-content\\\/uploads\\\/2024\\\/12\\\/Bambusest-voodilina-1-6.jpg\",\"contentUrl\":\"https:\\\/\\\/minubaltic.ee\\\/wp-content\\\/uploads\\\/2024\\\/12\\\/Bambusest-voodilina-1-6.jpg\",\"width\":800,\"height\":800,\"caption\":\"Bambusest voodilina\"},{\"@type\":\"BreadcrumbList\",\"@id\":\"https:\\\/\\\/minubaltic.ee\\\/fi\\\/e-pood\\\/bambu-vuodevaatteet\\\/bambu-lakana-valtameri\\\/#breadcrumb\",\"itemListElement\":[{\"@type\":\"ListItem\",\"position\":1,\"name\":\"Home\",\"item\":\"https:\\\/\\\/minubaltic.ee\\\/fi\\\/\"},{\"@type\":\"ListItem\",\"position\":2,\"name\":\"Verkkokauppa\",\"item\":\"https:\\\/\\\/minubaltic.ee\\\/fi\\\/verkkokauppa\\\/\"},{\"@type\":\"ListItem\",\"position\":3,\"name\":\"Bambu lakana &#8211; Valtameri\"}]},{\"@type\":\"WebSite\",\"@id\":\"https:\\\/\\\/minubaltic.ee\\\/fi\\\/#website\",\"url\":\"https:\\\/\\\/minubaltic.ee\\\/fi\\\/\",\"name\":\"minubaltic.ee\",\"description\":\"\",\"publisher\":{\"@id\":\"https:\\\/\\\/minubaltic.ee\\\/fi\\\/#organization\"},\"potentialAction\":[{\"@type\":\"SearchAction\",\"target\":{\"@type\":\"EntryPoint\",\"urlTemplate\":\"https:\\\/\\\/minubaltic.ee\\\/fi\\\/?s={search_term_string}\"},\"query-input\":{\"@type\":\"PropertyValueSpecification\",\"valueRequired\":true,\"valueName\":\"search_term_string\"}}],\"inLanguage\":\"fi\"},{\"@type\":\"Organization\",\"@id\":\"https:\\\/\\\/minubaltic.ee\\\/fi\\\/#organization\",\"name\":\"Minu Baltic O\u00dc\",\"url\":\"https:\\\/\\\/minubaltic.ee\\\/fi\\\/\",\"logo\":{\"@type\":\"ImageObject\",\"inLanguage\":\"fi\",\"@id\":\"https:\\\/\\\/minubaltic.ee\\\/fi\\\/#\\\/schema\\\/logo\\\/image\\\/\",\"url\":\"https:\\\/\\\/minubaltic.ee\\\/wp-content\\\/uploads\\\/2023\\\/10\\\/cropped-cropped-cropped-logo.png\",\"contentUrl\":\"https:\\\/\\\/minubaltic.ee\\\/wp-content\\\/uploads\\\/2023\\\/10\\\/cropped-cropped-cropped-logo.png\",\"width\":500,\"height\":237,\"caption\":\"Minu Baltic O\u00dc\"},\"image\":{\"@id\":\"https:\\\/\\\/minubaltic.ee\\\/fi\\\/#\\\/schema\\\/logo\\\/image\\\/\"},\"sameAs\":[\"https:\\\/\\\/www.facebook.com\\\/minubaltic\"]}]}<\/script>\n<!-- \/ Yoast SEO plugin. -->","yoast_head_json":{"title":"Bambu lakana - Valtameri - 100% bambu","description":"100% Bambu lakanat ovat hengitt\u00e4vi\u00e4, kosteutta siirt\u00e4vi\u00e4 ja l\u00e4mp\u00f6tilaa s\u00e4\u00e4televi\u00e4. T\u00e4m\u00e4 materiaali on pehme\u00e4\u00e4, hypoallergeenista ja ihanteellinen .....","robots":{"index":"index","follow":"follow","max-snippet":"max-snippet:-1","max-image-preview":"max-image-preview:large","max-video-preview":"max-video-preview:-1"},"canonical":"https:\/\/minubaltic.ee\/fi\/e-pood\/bambu-vuodevaatteet\/bambu-lakana-valtameri\/","og_locale":"fi_FI","og_type":"article","og_title":"Bambu lakana - Valtameri - 100% bambu","og_description":"100% Bambu lakanat ovat hengitt\u00e4vi\u00e4, kosteutta siirt\u00e4vi\u00e4 ja l\u00e4mp\u00f6tilaa s\u00e4\u00e4televi\u00e4. T\u00e4m\u00e4 materiaali on pehme\u00e4\u00e4, hypoallergeenista ja ihanteellinen .....","og_url":"https:\/\/minubaltic.ee\/fi\/e-pood\/bambu-vuodevaatteet\/bambu-lakana-valtameri\/","article_publisher":"https:\/\/www.facebook.com\/minubaltic","article_modified_time":"2024-12-08T02:26:37+00:00","og_image":[{"width":800,"height":800,"url":"https:\/\/minubaltic.ee\/wp-content\/uploads\/2024\/12\/Bambusest-voodilina-1-6.jpg","type":"image\/jpeg"}],"twitter_card":"summary_large_image","twitter_misc":{"Arvioitu lukuaika":"1 minuutti"},"schema":{"@context":"https:\/\/schema.org","@graph":[{"@type":"WebPage","@id":"https:\/\/minubaltic.ee\/fi\/e-pood\/bambu-vuodevaatteet\/bambu-lakana-valtameri\/","url":"https:\/\/minubaltic.ee\/fi\/e-pood\/bambu-vuodevaatteet\/bambu-lakana-valtameri\/","name":"Bambu lakana - Valtameri - 100% bambu","isPartOf":{"@id":"https:\/\/minubaltic.ee\/fi\/#website"},"primaryImageOfPage":{"@id":"https:\/\/minubaltic.ee\/fi\/e-pood\/bambu-vuodevaatteet\/bambu-lakana-valtameri\/#primaryimage"},"image":{"@id":"https:\/\/minubaltic.ee\/fi\/e-pood\/bambu-vuodevaatteet\/bambu-lakana-valtameri\/#primaryimage"},"thumbnailUrl":"https:\/\/minubaltic.ee\/wp-content\/uploads\/2024\/12\/Bambusest-voodilina-1-6.jpg","datePublished":"2024-12-08T01:48:18+00:00","dateModified":"2024-12-08T02:26:37+00:00","description":"100% Bambu lakanat ovat hengitt\u00e4vi\u00e4, kosteutta siirt\u00e4vi\u00e4 ja l\u00e4mp\u00f6tilaa s\u00e4\u00e4televi\u00e4. T\u00e4m\u00e4 materiaali on pehme\u00e4\u00e4, hypoallergeenista ja ihanteellinen .....","breadcrumb":{"@id":"https:\/\/minubaltic.ee\/fi\/e-pood\/bambu-vuodevaatteet\/bambu-lakana-valtameri\/#breadcrumb"},"inLanguage":"fi","potentialAction":[{"@type":"ReadAction","target":["https:\/\/minubaltic.ee\/fi\/e-pood\/bambu-vuodevaatteet\/bambu-lakana-valtameri\/"]}]},{"@type":"ImageObject","inLanguage":"fi","@id":"https:\/\/minubaltic.ee\/fi\/e-pood\/bambu-vuodevaatteet\/bambu-lakana-valtameri\/#primaryimage","url":"https:\/\/minubaltic.ee\/wp-content\/uploads\/2024\/12\/Bambusest-voodilina-1-6.jpg","contentUrl":"https:\/\/minubaltic.ee\/wp-content\/uploads\/2024\/12\/Bambusest-voodilina-1-6.jpg","width":800,"height":800,"caption":"Bambusest voodilina"},{"@type":"BreadcrumbList","@id":"https:\/\/minubaltic.ee\/fi\/e-pood\/bambu-vuodevaatteet\/bambu-lakana-valtameri\/#breadcrumb","itemListElement":[{"@type":"ListItem","position":1,"name":"Home","item":"https:\/\/minubaltic.ee\/fi\/"},{"@type":"ListItem","position":2,"name":"Verkkokauppa","item":"https:\/\/minubaltic.ee\/fi\/verkkokauppa\/"},{"@type":"ListItem","position":3,"name":"Bambu lakana &#8211; Valtameri"}]},{"@type":"WebSite","@id":"https:\/\/minubaltic.ee\/fi\/#website","url":"https:\/\/minubaltic.ee\/fi\/","name":"minubaltic.ee","description":"","publisher":{"@id":"https:\/\/minubaltic.ee\/fi\/#organization"},"potentialAction":[{"@type":"SearchAction","target":{"@type":"EntryPoint","urlTemplate":"https:\/\/minubaltic.ee\/fi\/?s={search_term_string}"},"query-input":{"@type":"PropertyValueSpecification","valueRequired":true,"valueName":"search_term_string"}}],"inLanguage":"fi"},{"@type":"Organization","@id":"https:\/\/minubaltic.ee\/fi\/#organization","name":"Minu Baltic O\u00dc","url":"https:\/\/minubaltic.ee\/fi\/","logo":{"@type":"ImageObject","inLanguage":"fi","@id":"https:\/\/minubaltic.ee\/fi\/#\/schema\/logo\/image\/","url":"https:\/\/minubaltic.ee\/wp-content\/uploads\/2023\/10\/cropped-cropped-cropped-logo.png","contentUrl":"https:\/\/minubaltic.ee\/wp-content\/uploads\/2023\/10\/cropped-cropped-cropped-logo.png","width":500,"height":237,"caption":"Minu Baltic O\u00dc"},"image":{"@id":"https:\/\/minubaltic.ee\/fi\/#\/schema\/logo\/image\/"},"sameAs":["https:\/\/www.facebook.com\/minubaltic"]}]}},"_links":{"self":[{"href":"https:\/\/minubaltic.ee\/fi\/wp-json\/wp\/v2\/product\/39975","targetHints":{"allow":["GET"]}}],"collection":[{"href":"https:\/\/minubaltic.ee\/fi\/wp-json\/wp\/v2\/product"}],"about":[{"href":"https:\/\/minubaltic.ee\/fi\/wp-json\/wp\/v2\/types\/product"}],"replies":[{"embeddable":true,"href":"https:\/\/minubaltic.ee\/fi\/wp-json\/wp\/v2\/comments?post=39975"}],"version-history":[{"count":2,"href":"https:\/\/minubaltic.ee\/fi\/wp-json\/wp\/v2\/product\/39975\/revisions"}],"predecessor-version":[{"id":40042,"href":"https:\/\/minubaltic.ee\/fi\/wp-json\/wp\/v2\/product\/39975\/revisions\/40042"}],"wp:featuredmedia":[{"embeddable":true,"href":"https:\/\/minubaltic.ee\/fi\/wp-json\/wp\/v2\/media\/39983"}],"wp:attachment":[{"href":"https:\/\/minubaltic.ee\/fi\/wp-json\/wp\/v2\/media?parent=39975"}],"wp:term":[{"taxonomy":"product_brand","embeddable":true,"href":"https:\/\/minubaltic.ee\/fi\/wp-json\/wp\/v2\/product_brand?post=39975"},{"taxonomy":"product_cat","embeddable":true,"href":"https:\/\/minubaltic.ee\/fi\/wp-json\/wp\/v2\/product_cat?post=39975"},{"taxonomy":"product_tag","embeddable":true,"href":"https:\/\/minubaltic.ee\/fi\/wp-json\/wp\/v2\/product_tag?post=39975"}],"curies":[{"name":"wp","href":"https:\/\/api.w.org\/{rel}","templated":true}]}}