{"id":38768,"date":"2024-11-23T02:19:19","date_gmt":"2024-11-22T23:19:19","guid":{"rendered":"https:\/\/minubaltic.ee\/?post_type=product&#038;p=38768"},"modified":"2024-11-23T02:38:27","modified_gmt":"2024-11-22T23:38:27","slug":"lasten-huopa-110x140-bonica","status":"publish","type":"product","link":"https:\/\/minubaltic.ee\/fi\/e-pood\/lasten-peitot\/lasten-huopa-110x140-bonica\/","title":{"rendered":"Lasten huopa 110&#215;140 &#8211; Bonica"},"content":{"rendered":"<p><strong>Kangaskoostumus:<\/strong> polyesterikuitu (polyesteri)<br \/>\n<strong>Tuote pakkauksessa:<\/strong> 1 kpl<br \/>\n<strong>Koko:<\/strong> 110\u00d7140 cm<br \/>\n<strong>Erittely:<\/strong> \u00b13 cm<br \/>\n<strong>Lis\u00e4tietoja:<\/strong> Super pehme\u00e4, mukava, paksu, l\u00e4mmin, hengitt\u00e4v\u00e4.<br \/>\nTuotekuvat ovat havainnollistavia<\/p>\n","protected":false},"excerpt":{"rendered":"<p>Pehme\u00e4 lasten peitto tarjoaa erinomaisen mukavuuden p\u00e4iv\u00e4unille ja leikkiin. Helppohoitoinen peitto on ihanteellinen jokap\u00e4iv\u00e4iseen k\u00e4ytt\u00f6\u00f6n. Se on k\u00e4yt\u00e4nn\u00f6llinen valinta, joka lis\u00e4\u00e4 l\u00e4mp\u00f6\u00e4 ja viihtyisyytt\u00e4 jokaiseen p\u00e4iv\u00e4\u00e4n. Pehme\u00e4ss\u00e4 lasten huopassa yhdistyv\u00e4t tyyli, kest\u00e4vyys ja mukavuus.<\/p>\n","protected":false},"featured_media":38774,"comment_status":"open","ping_status":"closed","template":"","meta":[],"product_brand":[],"product_cat":[852,380],"product_tag":[408,400],"class_list":{"0":"post-38768","1":"product","2":"type-product","3":"status-publish","4":"has-post-thumbnail","6":"product_cat-lasten-maailma","7":"product_cat-lasten-peitot","8":"product_tag-lasten-peitto","9":"product_tag-verkkokauppa","11":"first","12":"instock","13":"shipping-taxable","14":"purchasable","15":"product-type-simple"},"yoast_head":"<!-- This site is optimized with the Yoast SEO plugin v27.3 - https:\/\/yoast.com\/product\/yoast-seo-wordpress\/ -->\n<title>Lasten huopa 110x140 - Bonica - Minu Baltic<\/title>\n<meta name=\"description\" content=\"Bonica lasten peitto takaa l\u00e4mpim\u00e4n ja mukavan unen kaikkina aikoina. Lapsiyst\u00e4v\u00e4llinen muotoilu ja helppohoitoisuus tekev\u00e4t siit\u00e4 loistavan\" \/>\n<meta name=\"robots\" content=\"index, follow, max-snippet:-1, max-image-preview:large, max-video-preview:-1\" \/>\n<link rel=\"canonical\" href=\"https:\/\/minubaltic.ee\/fi\/e-pood\/lasten-peitot\/lasten-huopa-110x140-bonica\/\" \/>\n<meta property=\"og:locale\" content=\"fi_FI\" \/>\n<meta property=\"og:type\" content=\"article\" \/>\n<meta property=\"og:title\" content=\"Lasten huopa 110x140 - Bonica - Minu Baltic\" \/>\n<meta property=\"og:description\" content=\"Bonica lasten peitto takaa l\u00e4mpim\u00e4n ja mukavan unen kaikkina aikoina. Lapsiyst\u00e4v\u00e4llinen muotoilu ja helppohoitoisuus tekev\u00e4t siit\u00e4 loistavan\" \/>\n<meta property=\"og:url\" content=\"https:\/\/minubaltic.ee\/fi\/e-pood\/lasten-peitot\/lasten-huopa-110x140-bonica\/\" \/>\n<meta property=\"article:publisher\" content=\"https:\/\/www.facebook.com\/minubaltic\" \/>\n<meta property=\"article:modified_time\" content=\"2024-11-22T23:38:27+00:00\" \/>\n<meta property=\"og:image\" content=\"https:\/\/minubaltic.ee\/wp-content\/uploads\/2024\/11\/Laste-tekk-110x140-5.jpg\" \/>\n\t<meta property=\"og:image:width\" content=\"800\" \/>\n\t<meta property=\"og:image:height\" content=\"800\" \/>\n\t<meta property=\"og:image:type\" content=\"image\/jpeg\" \/>\n<meta name=\"twitter:card\" content=\"summary_large_image\" \/>\n<meta name=\"twitter:label1\" content=\"Arvioitu lukuaika\" \/>\n\t<meta name=\"twitter:data1\" content=\"1 minuutti\" \/>\n<script type=\"application\/ld+json\" class=\"yoast-schema-graph\">{\"@context\":\"https:\\\/\\\/schema.org\",\"@graph\":[{\"@type\":\"WebPage\",\"@id\":\"https:\\\/\\\/minubaltic.ee\\\/fi\\\/e-pood\\\/lasten-peitot\\\/lasten-huopa-110x140-bonica\\\/\",\"url\":\"https:\\\/\\\/minubaltic.ee\\\/fi\\\/e-pood\\\/lasten-peitot\\\/lasten-huopa-110x140-bonica\\\/\",\"name\":\"Lasten huopa 110x140 - Bonica - Minu Baltic\",\"isPartOf\":{\"@id\":\"https:\\\/\\\/minubaltic.ee\\\/fi\\\/#website\"},\"primaryImageOfPage\":{\"@id\":\"https:\\\/\\\/minubaltic.ee\\\/fi\\\/e-pood\\\/lasten-peitot\\\/lasten-huopa-110x140-bonica\\\/#primaryimage\"},\"image\":{\"@id\":\"https:\\\/\\\/minubaltic.ee\\\/fi\\\/e-pood\\\/lasten-peitot\\\/lasten-huopa-110x140-bonica\\\/#primaryimage\"},\"thumbnailUrl\":\"https:\\\/\\\/minubaltic.ee\\\/wp-content\\\/uploads\\\/2024\\\/11\\\/Laste-tekk-110x140-5.jpg\",\"datePublished\":\"2024-11-22T23:19:19+00:00\",\"dateModified\":\"2024-11-22T23:38:27+00:00\",\"description\":\"Bonica lasten peitto takaa l\u00e4mpim\u00e4n ja mukavan unen kaikkina aikoina. Lapsiyst\u00e4v\u00e4llinen muotoilu ja helppohoitoisuus tekev\u00e4t siit\u00e4 loistavan\",\"breadcrumb\":{\"@id\":\"https:\\\/\\\/minubaltic.ee\\\/fi\\\/e-pood\\\/lasten-peitot\\\/lasten-huopa-110x140-bonica\\\/#breadcrumb\"},\"inLanguage\":\"fi\",\"potentialAction\":[{\"@type\":\"ReadAction\",\"target\":[\"https:\\\/\\\/minubaltic.ee\\\/fi\\\/e-pood\\\/lasten-peitot\\\/lasten-huopa-110x140-bonica\\\/\"]}]},{\"@type\":\"ImageObject\",\"inLanguage\":\"fi\",\"@id\":\"https:\\\/\\\/minubaltic.ee\\\/fi\\\/e-pood\\\/lasten-peitot\\\/lasten-huopa-110x140-bonica\\\/#primaryimage\",\"url\":\"https:\\\/\\\/minubaltic.ee\\\/wp-content\\\/uploads\\\/2024\\\/11\\\/Laste-tekk-110x140-5.jpg\",\"contentUrl\":\"https:\\\/\\\/minubaltic.ee\\\/wp-content\\\/uploads\\\/2024\\\/11\\\/Laste-tekk-110x140-5.jpg\",\"width\":800,\"height\":800,\"caption\":\"Laste tekk\"},{\"@type\":\"BreadcrumbList\",\"@id\":\"https:\\\/\\\/minubaltic.ee\\\/fi\\\/e-pood\\\/lasten-peitot\\\/lasten-huopa-110x140-bonica\\\/#breadcrumb\",\"itemListElement\":[{\"@type\":\"ListItem\",\"position\":1,\"name\":\"Home\",\"item\":\"https:\\\/\\\/minubaltic.ee\\\/fi\\\/\"},{\"@type\":\"ListItem\",\"position\":2,\"name\":\"Verkkokauppa\",\"item\":\"https:\\\/\\\/minubaltic.ee\\\/fi\\\/verkkokauppa\\\/\"},{\"@type\":\"ListItem\",\"position\":3,\"name\":\"Lasten huopa 110&#215;140 &#8211; Bonica\"}]},{\"@type\":\"WebSite\",\"@id\":\"https:\\\/\\\/minubaltic.ee\\\/fi\\\/#website\",\"url\":\"https:\\\/\\\/minubaltic.ee\\\/fi\\\/\",\"name\":\"minubaltic.ee\",\"description\":\"\",\"publisher\":{\"@id\":\"https:\\\/\\\/minubaltic.ee\\\/fi\\\/#organization\"},\"potentialAction\":[{\"@type\":\"SearchAction\",\"target\":{\"@type\":\"EntryPoint\",\"urlTemplate\":\"https:\\\/\\\/minubaltic.ee\\\/fi\\\/?s={search_term_string}\"},\"query-input\":{\"@type\":\"PropertyValueSpecification\",\"valueRequired\":true,\"valueName\":\"search_term_string\"}}],\"inLanguage\":\"fi\"},{\"@type\":\"Organization\",\"@id\":\"https:\\\/\\\/minubaltic.ee\\\/fi\\\/#organization\",\"name\":\"Minu Baltic O\u00dc\",\"url\":\"https:\\\/\\\/minubaltic.ee\\\/fi\\\/\",\"logo\":{\"@type\":\"ImageObject\",\"inLanguage\":\"fi\",\"@id\":\"https:\\\/\\\/minubaltic.ee\\\/fi\\\/#\\\/schema\\\/logo\\\/image\\\/\",\"url\":\"https:\\\/\\\/minubaltic.ee\\\/wp-content\\\/uploads\\\/2023\\\/10\\\/cropped-cropped-cropped-logo.png\",\"contentUrl\":\"https:\\\/\\\/minubaltic.ee\\\/wp-content\\\/uploads\\\/2023\\\/10\\\/cropped-cropped-cropped-logo.png\",\"width\":500,\"height\":237,\"caption\":\"Minu Baltic O\u00dc\"},\"image\":{\"@id\":\"https:\\\/\\\/minubaltic.ee\\\/fi\\\/#\\\/schema\\\/logo\\\/image\\\/\"},\"sameAs\":[\"https:\\\/\\\/www.facebook.com\\\/minubaltic\"]}]}<\/script>\n<!-- \/ Yoast SEO plugin. -->","yoast_head_json":{"title":"Lasten huopa 110x140 - Bonica - Minu Baltic","description":"Bonica lasten peitto takaa l\u00e4mpim\u00e4n ja mukavan unen kaikkina aikoina. Lapsiyst\u00e4v\u00e4llinen muotoilu ja helppohoitoisuus tekev\u00e4t siit\u00e4 loistavan","robots":{"index":"index","follow":"follow","max-snippet":"max-snippet:-1","max-image-preview":"max-image-preview:large","max-video-preview":"max-video-preview:-1"},"canonical":"https:\/\/minubaltic.ee\/fi\/e-pood\/lasten-peitot\/lasten-huopa-110x140-bonica\/","og_locale":"fi_FI","og_type":"article","og_title":"Lasten huopa 110x140 - Bonica - Minu Baltic","og_description":"Bonica lasten peitto takaa l\u00e4mpim\u00e4n ja mukavan unen kaikkina aikoina. Lapsiyst\u00e4v\u00e4llinen muotoilu ja helppohoitoisuus tekev\u00e4t siit\u00e4 loistavan","og_url":"https:\/\/minubaltic.ee\/fi\/e-pood\/lasten-peitot\/lasten-huopa-110x140-bonica\/","article_publisher":"https:\/\/www.facebook.com\/minubaltic","article_modified_time":"2024-11-22T23:38:27+00:00","og_image":[{"width":800,"height":800,"url":"https:\/\/minubaltic.ee\/wp-content\/uploads\/2024\/11\/Laste-tekk-110x140-5.jpg","type":"image\/jpeg"}],"twitter_card":"summary_large_image","twitter_misc":{"Arvioitu lukuaika":"1 minuutti"},"schema":{"@context":"https:\/\/schema.org","@graph":[{"@type":"WebPage","@id":"https:\/\/minubaltic.ee\/fi\/e-pood\/lasten-peitot\/lasten-huopa-110x140-bonica\/","url":"https:\/\/minubaltic.ee\/fi\/e-pood\/lasten-peitot\/lasten-huopa-110x140-bonica\/","name":"Lasten huopa 110x140 - Bonica - Minu Baltic","isPartOf":{"@id":"https:\/\/minubaltic.ee\/fi\/#website"},"primaryImageOfPage":{"@id":"https:\/\/minubaltic.ee\/fi\/e-pood\/lasten-peitot\/lasten-huopa-110x140-bonica\/#primaryimage"},"image":{"@id":"https:\/\/minubaltic.ee\/fi\/e-pood\/lasten-peitot\/lasten-huopa-110x140-bonica\/#primaryimage"},"thumbnailUrl":"https:\/\/minubaltic.ee\/wp-content\/uploads\/2024\/11\/Laste-tekk-110x140-5.jpg","datePublished":"2024-11-22T23:19:19+00:00","dateModified":"2024-11-22T23:38:27+00:00","description":"Bonica lasten peitto takaa l\u00e4mpim\u00e4n ja mukavan unen kaikkina aikoina. Lapsiyst\u00e4v\u00e4llinen muotoilu ja helppohoitoisuus tekev\u00e4t siit\u00e4 loistavan","breadcrumb":{"@id":"https:\/\/minubaltic.ee\/fi\/e-pood\/lasten-peitot\/lasten-huopa-110x140-bonica\/#breadcrumb"},"inLanguage":"fi","potentialAction":[{"@type":"ReadAction","target":["https:\/\/minubaltic.ee\/fi\/e-pood\/lasten-peitot\/lasten-huopa-110x140-bonica\/"]}]},{"@type":"ImageObject","inLanguage":"fi","@id":"https:\/\/minubaltic.ee\/fi\/e-pood\/lasten-peitot\/lasten-huopa-110x140-bonica\/#primaryimage","url":"https:\/\/minubaltic.ee\/wp-content\/uploads\/2024\/11\/Laste-tekk-110x140-5.jpg","contentUrl":"https:\/\/minubaltic.ee\/wp-content\/uploads\/2024\/11\/Laste-tekk-110x140-5.jpg","width":800,"height":800,"caption":"Laste tekk"},{"@type":"BreadcrumbList","@id":"https:\/\/minubaltic.ee\/fi\/e-pood\/lasten-peitot\/lasten-huopa-110x140-bonica\/#breadcrumb","itemListElement":[{"@type":"ListItem","position":1,"name":"Home","item":"https:\/\/minubaltic.ee\/fi\/"},{"@type":"ListItem","position":2,"name":"Verkkokauppa","item":"https:\/\/minubaltic.ee\/fi\/verkkokauppa\/"},{"@type":"ListItem","position":3,"name":"Lasten huopa 110&#215;140 &#8211; Bonica"}]},{"@type":"WebSite","@id":"https:\/\/minubaltic.ee\/fi\/#website","url":"https:\/\/minubaltic.ee\/fi\/","name":"minubaltic.ee","description":"","publisher":{"@id":"https:\/\/minubaltic.ee\/fi\/#organization"},"potentialAction":[{"@type":"SearchAction","target":{"@type":"EntryPoint","urlTemplate":"https:\/\/minubaltic.ee\/fi\/?s={search_term_string}"},"query-input":{"@type":"PropertyValueSpecification","valueRequired":true,"valueName":"search_term_string"}}],"inLanguage":"fi"},{"@type":"Organization","@id":"https:\/\/minubaltic.ee\/fi\/#organization","name":"Minu Baltic O\u00dc","url":"https:\/\/minubaltic.ee\/fi\/","logo":{"@type":"ImageObject","inLanguage":"fi","@id":"https:\/\/minubaltic.ee\/fi\/#\/schema\/logo\/image\/","url":"https:\/\/minubaltic.ee\/wp-content\/uploads\/2023\/10\/cropped-cropped-cropped-logo.png","contentUrl":"https:\/\/minubaltic.ee\/wp-content\/uploads\/2023\/10\/cropped-cropped-cropped-logo.png","width":500,"height":237,"caption":"Minu Baltic O\u00dc"},"image":{"@id":"https:\/\/minubaltic.ee\/fi\/#\/schema\/logo\/image\/"},"sameAs":["https:\/\/www.facebook.com\/minubaltic"]}]}},"_links":{"self":[{"href":"https:\/\/minubaltic.ee\/fi\/wp-json\/wp\/v2\/product\/38768","targetHints":{"allow":["GET"]}}],"collection":[{"href":"https:\/\/minubaltic.ee\/fi\/wp-json\/wp\/v2\/product"}],"about":[{"href":"https:\/\/minubaltic.ee\/fi\/wp-json\/wp\/v2\/types\/product"}],"replies":[{"embeddable":true,"href":"https:\/\/minubaltic.ee\/fi\/wp-json\/wp\/v2\/comments?post=38768"}],"version-history":[{"count":2,"href":"https:\/\/minubaltic.ee\/fi\/wp-json\/wp\/v2\/product\/38768\/revisions"}],"predecessor-version":[{"id":38815,"href":"https:\/\/minubaltic.ee\/fi\/wp-json\/wp\/v2\/product\/38768\/revisions\/38815"}],"wp:featuredmedia":[{"embeddable":true,"href":"https:\/\/minubaltic.ee\/fi\/wp-json\/wp\/v2\/media\/38774"}],"wp:attachment":[{"href":"https:\/\/minubaltic.ee\/fi\/wp-json\/wp\/v2\/media?parent=38768"}],"wp:term":[{"taxonomy":"product_brand","embeddable":true,"href":"https:\/\/minubaltic.ee\/fi\/wp-json\/wp\/v2\/product_brand?post=38768"},{"taxonomy":"product_cat","embeddable":true,"href":"https:\/\/minubaltic.ee\/fi\/wp-json\/wp\/v2\/product_cat?post=38768"},{"taxonomy":"product_tag","embeddable":true,"href":"https:\/\/minubaltic.ee\/fi\/wp-json\/wp\/v2\/product_tag?post=38768"}],"curies":[{"name":"wp","href":"https:\/\/api.w.org\/{rel}","templated":true}]}}