{"id":38412,"date":"2024-11-08T00:31:31","date_gmt":"2024-11-07T21:31:31","guid":{"rendered":"https:\/\/minubaltic.ee\/?post_type=product&#038;p=38412"},"modified":"2024-11-08T00:50:50","modified_gmt":"2024-11-07T21:50:50","slug":"kylpypyyhe-70x140-kevyt-kahvi","status":"publish","type":"product","link":"https:\/\/minubaltic.ee\/fi\/e-pood\/pyyhkeet\/kylpypyyhe-70x140-kevyt-kahvi\/","title":{"rendered":"Kylpypyyhe 70&#215;140 (Kevyt kahvi)"},"content":{"rendered":"<p>Puuvillainen kylpypyyhe, jonka mitat ovat 70&#215;140 cm, on suunniteltu tarjoamaan mukavuutta p\u00e4ivitt\u00e4isiss\u00e4 kylpyhuonerituaaleissa. Valmistettu 100 % luonnollisesta ja korkealaatuisesta puuvillasta, se on pehme\u00e4 ja hell\u00e4varainen iholle, ihanteellinen sek\u00e4 herk\u00e4lle ett\u00e4 normaalille iholle. Pyyhkeen poikkeuksellinen imukyky varmistaa nopean ja tehokkaan kuivumisen j\u00e4tt\u00e4en ihon miellytt\u00e4v\u00e4n raikkaaksi ja kuivaksi jokaisen pesun j\u00e4lkeen.<\/p>\n<p>Eritt\u00e4in hengitt\u00e4v\u00e4 materiaali antaa kosteuden haihtua nopeasti pyyhkeest\u00e4, mik\u00e4 pit\u00e4\u00e4 sen hygieenisen\u00e4 ja raikkaana. Pyyhkeen klassinen ja yksinkertainen muotoilu tuo kylpyhuoneeseen vankan ilmeen ja sopii helposti erilaisiin sisustustyyleihin.<\/p>\n<p>T\u00e4ydellisen kokoinen kylpypyyhe on riitt\u00e4v\u00e4n suuri antamaan t\u00e4yden peitt\u00e4vyyden ja pehmeyden vartaloa kuivattaessa, mutta silti se on helppo taittaa, s\u00e4ilytt\u00e4\u00e4 ja matkustaa. Laadukas puuvilla s\u00e4ilytt\u00e4\u00e4 pehmeytens\u00e4 ja eloisuutensa my\u00f6s toistuvien pesujen j\u00e4lkeen, joten se on pitk\u00e4aikainen investointi mukavuuteen ja eleganssiin. Se on t\u00e4ydellinen valinta niille, jotka arvostavat yhdistetty\u00e4 laatua ja ajatonta tyyli\u00e4.<\/p>\n","protected":false},"excerpt":{"rendered":"<ul>\n<li><span class=\"product-attribute__label\">Kankaan koostumus: <\/span><span class=\"product-attribute__value\" data-attribute-code=\"fabric_composition\">100% puuvillaa<\/span><\/li>\n<li>Tuote pakkauksessa: 1 kpl<\/li>\n<li>Koko: 70&#215;140 cm \u00b13<\/li>\n<li>Paino: 450g\/m2<\/li>\n<\/ul>\n","protected":false},"featured_media":38417,"comment_status":"open","ping_status":"closed","template":"","meta":[],"product_brand":[],"product_cat":[389,730,384],"product_tag":[402,403,401,400],"class_list":{"0":"post-38412","1":"product","2":"type-product","3":"status-publish","4":"has-post-thumbnail","6":"product_cat-kylpypyyhkeet","7":"product_cat-kylpypyyhkeet-70-140","8":"product_cat-pyyhkeet","9":"product_tag-kodin-tekstiilit","10":"product_tag-pyyhkeet","11":"product_tag-tekstiili","12":"product_tag-verkkokauppa","14":"first","15":"instock","16":"shipping-taxable","17":"purchasable","18":"product-type-simple"},"yoast_head":"<!-- This site is optimized with the Yoast SEO plugin v27.3 - https:\/\/yoast.com\/product\/yoast-seo-wordpress\/ -->\n<title>Kylpypyyhe 70x140 (Kevyt kahvi) - Minu Baltic<\/title>\n<meta name=\"description\" content=\"Pehme\u00e4 rakenne ja koko 70x140 cm kylpypyyhe tarjoaa mukavuutta ja eleganssia kylpyhuoneeseesi. 100 % puuvillarakenteella se antaa ihollesi hell\u00e4varaisen...\" \/>\n<meta name=\"robots\" content=\"index, follow, max-snippet:-1, max-image-preview:large, max-video-preview:-1\" \/>\n<link rel=\"canonical\" href=\"https:\/\/minubaltic.ee\/fi\/e-pood\/pyyhkeet\/kylpypyyhe-70x140-kevyt-kahvi\/\" \/>\n<meta property=\"og:locale\" content=\"fi_FI\" \/>\n<meta property=\"og:type\" content=\"article\" \/>\n<meta property=\"og:title\" content=\"Kylpypyyhe 70x140 (Kevyt kahvi) - Minu Baltic\" \/>\n<meta property=\"og:description\" content=\"Pehme\u00e4 rakenne ja koko 70x140 cm kylpypyyhe tarjoaa mukavuutta ja eleganssia kylpyhuoneeseesi. 100 % puuvillarakenteella se antaa ihollesi hell\u00e4varaisen...\" \/>\n<meta property=\"og:url\" content=\"https:\/\/minubaltic.ee\/fi\/e-pood\/pyyhkeet\/kylpypyyhe-70x140-kevyt-kahvi\/\" \/>\n<meta property=\"article:publisher\" content=\"https:\/\/www.facebook.com\/minubaltic\" \/>\n<meta property=\"article:modified_time\" content=\"2024-11-07T21:50:50+00:00\" \/>\n<meta property=\"og:image\" content=\"https:\/\/minubaltic.ee\/wp-content\/uploads\/2024\/11\/Vanniratik-70x140-4.jpg\" \/>\n\t<meta property=\"og:image:width\" content=\"800\" \/>\n\t<meta property=\"og:image:height\" content=\"800\" \/>\n\t<meta property=\"og:image:type\" content=\"image\/jpeg\" \/>\n<meta name=\"twitter:card\" content=\"summary_large_image\" \/>\n<meta name=\"twitter:label1\" content=\"Arvioitu lukuaika\" \/>\n\t<meta name=\"twitter:data1\" content=\"1 minuutti\" \/>\n<script type=\"application\/ld+json\" class=\"yoast-schema-graph\">{\"@context\":\"https:\\\/\\\/schema.org\",\"@graph\":[{\"@type\":\"WebPage\",\"@id\":\"https:\\\/\\\/minubaltic.ee\\\/fi\\\/e-pood\\\/pyyhkeet\\\/kylpypyyhe-70x140-kevyt-kahvi\\\/\",\"url\":\"https:\\\/\\\/minubaltic.ee\\\/fi\\\/e-pood\\\/pyyhkeet\\\/kylpypyyhe-70x140-kevyt-kahvi\\\/\",\"name\":\"Kylpypyyhe 70x140 (Kevyt kahvi) - Minu Baltic\",\"isPartOf\":{\"@id\":\"https:\\\/\\\/minubaltic.ee\\\/fi\\\/#website\"},\"primaryImageOfPage\":{\"@id\":\"https:\\\/\\\/minubaltic.ee\\\/fi\\\/e-pood\\\/pyyhkeet\\\/kylpypyyhe-70x140-kevyt-kahvi\\\/#primaryimage\"},\"image\":{\"@id\":\"https:\\\/\\\/minubaltic.ee\\\/fi\\\/e-pood\\\/pyyhkeet\\\/kylpypyyhe-70x140-kevyt-kahvi\\\/#primaryimage\"},\"thumbnailUrl\":\"https:\\\/\\\/minubaltic.ee\\\/wp-content\\\/uploads\\\/2024\\\/11\\\/Vanniratik-70x140-4.jpg\",\"datePublished\":\"2024-11-07T21:31:31+00:00\",\"dateModified\":\"2024-11-07T21:50:50+00:00\",\"description\":\"Pehme\u00e4 rakenne ja koko 70x140 cm kylpypyyhe tarjoaa mukavuutta ja eleganssia kylpyhuoneeseesi. 100 % puuvillarakenteella se antaa ihollesi hell\u00e4varaisen...\",\"breadcrumb\":{\"@id\":\"https:\\\/\\\/minubaltic.ee\\\/fi\\\/e-pood\\\/pyyhkeet\\\/kylpypyyhe-70x140-kevyt-kahvi\\\/#breadcrumb\"},\"inLanguage\":\"fi\",\"potentialAction\":[{\"@type\":\"ReadAction\",\"target\":[\"https:\\\/\\\/minubaltic.ee\\\/fi\\\/e-pood\\\/pyyhkeet\\\/kylpypyyhe-70x140-kevyt-kahvi\\\/\"]}]},{\"@type\":\"ImageObject\",\"inLanguage\":\"fi\",\"@id\":\"https:\\\/\\\/minubaltic.ee\\\/fi\\\/e-pood\\\/pyyhkeet\\\/kylpypyyhe-70x140-kevyt-kahvi\\\/#primaryimage\",\"url\":\"https:\\\/\\\/minubaltic.ee\\\/wp-content\\\/uploads\\\/2024\\\/11\\\/Vanniratik-70x140-4.jpg\",\"contentUrl\":\"https:\\\/\\\/minubaltic.ee\\\/wp-content\\\/uploads\\\/2024\\\/11\\\/Vanniratik-70x140-4.jpg\",\"width\":800,\"height\":800,\"caption\":\"Vannir\u00e4tik\"},{\"@type\":\"BreadcrumbList\",\"@id\":\"https:\\\/\\\/minubaltic.ee\\\/fi\\\/e-pood\\\/pyyhkeet\\\/kylpypyyhe-70x140-kevyt-kahvi\\\/#breadcrumb\",\"itemListElement\":[{\"@type\":\"ListItem\",\"position\":1,\"name\":\"Home\",\"item\":\"https:\\\/\\\/minubaltic.ee\\\/fi\\\/\"},{\"@type\":\"ListItem\",\"position\":2,\"name\":\"Verkkokauppa\",\"item\":\"https:\\\/\\\/minubaltic.ee\\\/fi\\\/verkkokauppa\\\/\"},{\"@type\":\"ListItem\",\"position\":3,\"name\":\"Kylpypyyhe 70&#215;140 (Kevyt kahvi)\"}]},{\"@type\":\"WebSite\",\"@id\":\"https:\\\/\\\/minubaltic.ee\\\/fi\\\/#website\",\"url\":\"https:\\\/\\\/minubaltic.ee\\\/fi\\\/\",\"name\":\"minubaltic.ee\",\"description\":\"\",\"publisher\":{\"@id\":\"https:\\\/\\\/minubaltic.ee\\\/fi\\\/#organization\"},\"potentialAction\":[{\"@type\":\"SearchAction\",\"target\":{\"@type\":\"EntryPoint\",\"urlTemplate\":\"https:\\\/\\\/minubaltic.ee\\\/fi\\\/?s={search_term_string}\"},\"query-input\":{\"@type\":\"PropertyValueSpecification\",\"valueRequired\":true,\"valueName\":\"search_term_string\"}}],\"inLanguage\":\"fi\"},{\"@type\":\"Organization\",\"@id\":\"https:\\\/\\\/minubaltic.ee\\\/fi\\\/#organization\",\"name\":\"Minu Baltic O\u00dc\",\"url\":\"https:\\\/\\\/minubaltic.ee\\\/fi\\\/\",\"logo\":{\"@type\":\"ImageObject\",\"inLanguage\":\"fi\",\"@id\":\"https:\\\/\\\/minubaltic.ee\\\/fi\\\/#\\\/schema\\\/logo\\\/image\\\/\",\"url\":\"https:\\\/\\\/minubaltic.ee\\\/wp-content\\\/uploads\\\/2023\\\/10\\\/cropped-cropped-cropped-logo.png\",\"contentUrl\":\"https:\\\/\\\/minubaltic.ee\\\/wp-content\\\/uploads\\\/2023\\\/10\\\/cropped-cropped-cropped-logo.png\",\"width\":500,\"height\":237,\"caption\":\"Minu Baltic O\u00dc\"},\"image\":{\"@id\":\"https:\\\/\\\/minubaltic.ee\\\/fi\\\/#\\\/schema\\\/logo\\\/image\\\/\"},\"sameAs\":[\"https:\\\/\\\/www.facebook.com\\\/minubaltic\"]}]}<\/script>\n<!-- \/ Yoast SEO plugin. -->","yoast_head_json":{"title":"Kylpypyyhe 70x140 (Kevyt kahvi) - Minu Baltic","description":"Pehme\u00e4 rakenne ja koko 70x140 cm kylpypyyhe tarjoaa mukavuutta ja eleganssia kylpyhuoneeseesi. 100 % puuvillarakenteella se antaa ihollesi hell\u00e4varaisen...","robots":{"index":"index","follow":"follow","max-snippet":"max-snippet:-1","max-image-preview":"max-image-preview:large","max-video-preview":"max-video-preview:-1"},"canonical":"https:\/\/minubaltic.ee\/fi\/e-pood\/pyyhkeet\/kylpypyyhe-70x140-kevyt-kahvi\/","og_locale":"fi_FI","og_type":"article","og_title":"Kylpypyyhe 70x140 (Kevyt kahvi) - Minu Baltic","og_description":"Pehme\u00e4 rakenne ja koko 70x140 cm kylpypyyhe tarjoaa mukavuutta ja eleganssia kylpyhuoneeseesi. 100 % puuvillarakenteella se antaa ihollesi hell\u00e4varaisen...","og_url":"https:\/\/minubaltic.ee\/fi\/e-pood\/pyyhkeet\/kylpypyyhe-70x140-kevyt-kahvi\/","article_publisher":"https:\/\/www.facebook.com\/minubaltic","article_modified_time":"2024-11-07T21:50:50+00:00","og_image":[{"width":800,"height":800,"url":"https:\/\/minubaltic.ee\/wp-content\/uploads\/2024\/11\/Vanniratik-70x140-4.jpg","type":"image\/jpeg"}],"twitter_card":"summary_large_image","twitter_misc":{"Arvioitu lukuaika":"1 minuutti"},"schema":{"@context":"https:\/\/schema.org","@graph":[{"@type":"WebPage","@id":"https:\/\/minubaltic.ee\/fi\/e-pood\/pyyhkeet\/kylpypyyhe-70x140-kevyt-kahvi\/","url":"https:\/\/minubaltic.ee\/fi\/e-pood\/pyyhkeet\/kylpypyyhe-70x140-kevyt-kahvi\/","name":"Kylpypyyhe 70x140 (Kevyt kahvi) - Minu Baltic","isPartOf":{"@id":"https:\/\/minubaltic.ee\/fi\/#website"},"primaryImageOfPage":{"@id":"https:\/\/minubaltic.ee\/fi\/e-pood\/pyyhkeet\/kylpypyyhe-70x140-kevyt-kahvi\/#primaryimage"},"image":{"@id":"https:\/\/minubaltic.ee\/fi\/e-pood\/pyyhkeet\/kylpypyyhe-70x140-kevyt-kahvi\/#primaryimage"},"thumbnailUrl":"https:\/\/minubaltic.ee\/wp-content\/uploads\/2024\/11\/Vanniratik-70x140-4.jpg","datePublished":"2024-11-07T21:31:31+00:00","dateModified":"2024-11-07T21:50:50+00:00","description":"Pehme\u00e4 rakenne ja koko 70x140 cm kylpypyyhe tarjoaa mukavuutta ja eleganssia kylpyhuoneeseesi. 100 % puuvillarakenteella se antaa ihollesi hell\u00e4varaisen...","breadcrumb":{"@id":"https:\/\/minubaltic.ee\/fi\/e-pood\/pyyhkeet\/kylpypyyhe-70x140-kevyt-kahvi\/#breadcrumb"},"inLanguage":"fi","potentialAction":[{"@type":"ReadAction","target":["https:\/\/minubaltic.ee\/fi\/e-pood\/pyyhkeet\/kylpypyyhe-70x140-kevyt-kahvi\/"]}]},{"@type":"ImageObject","inLanguage":"fi","@id":"https:\/\/minubaltic.ee\/fi\/e-pood\/pyyhkeet\/kylpypyyhe-70x140-kevyt-kahvi\/#primaryimage","url":"https:\/\/minubaltic.ee\/wp-content\/uploads\/2024\/11\/Vanniratik-70x140-4.jpg","contentUrl":"https:\/\/minubaltic.ee\/wp-content\/uploads\/2024\/11\/Vanniratik-70x140-4.jpg","width":800,"height":800,"caption":"Vannir\u00e4tik"},{"@type":"BreadcrumbList","@id":"https:\/\/minubaltic.ee\/fi\/e-pood\/pyyhkeet\/kylpypyyhe-70x140-kevyt-kahvi\/#breadcrumb","itemListElement":[{"@type":"ListItem","position":1,"name":"Home","item":"https:\/\/minubaltic.ee\/fi\/"},{"@type":"ListItem","position":2,"name":"Verkkokauppa","item":"https:\/\/minubaltic.ee\/fi\/verkkokauppa\/"},{"@type":"ListItem","position":3,"name":"Kylpypyyhe 70&#215;140 (Kevyt kahvi)"}]},{"@type":"WebSite","@id":"https:\/\/minubaltic.ee\/fi\/#website","url":"https:\/\/minubaltic.ee\/fi\/","name":"minubaltic.ee","description":"","publisher":{"@id":"https:\/\/minubaltic.ee\/fi\/#organization"},"potentialAction":[{"@type":"SearchAction","target":{"@type":"EntryPoint","urlTemplate":"https:\/\/minubaltic.ee\/fi\/?s={search_term_string}"},"query-input":{"@type":"PropertyValueSpecification","valueRequired":true,"valueName":"search_term_string"}}],"inLanguage":"fi"},{"@type":"Organization","@id":"https:\/\/minubaltic.ee\/fi\/#organization","name":"Minu Baltic O\u00dc","url":"https:\/\/minubaltic.ee\/fi\/","logo":{"@type":"ImageObject","inLanguage":"fi","@id":"https:\/\/minubaltic.ee\/fi\/#\/schema\/logo\/image\/","url":"https:\/\/minubaltic.ee\/wp-content\/uploads\/2023\/10\/cropped-cropped-cropped-logo.png","contentUrl":"https:\/\/minubaltic.ee\/wp-content\/uploads\/2023\/10\/cropped-cropped-cropped-logo.png","width":500,"height":237,"caption":"Minu Baltic O\u00dc"},"image":{"@id":"https:\/\/minubaltic.ee\/fi\/#\/schema\/logo\/image\/"},"sameAs":["https:\/\/www.facebook.com\/minubaltic"]}]}},"_links":{"self":[{"href":"https:\/\/minubaltic.ee\/fi\/wp-json\/wp\/v2\/product\/38412","targetHints":{"allow":["GET"]}}],"collection":[{"href":"https:\/\/minubaltic.ee\/fi\/wp-json\/wp\/v2\/product"}],"about":[{"href":"https:\/\/minubaltic.ee\/fi\/wp-json\/wp\/v2\/types\/product"}],"replies":[{"embeddable":true,"href":"https:\/\/minubaltic.ee\/fi\/wp-json\/wp\/v2\/comments?post=38412"}],"version-history":[{"count":2,"href":"https:\/\/minubaltic.ee\/fi\/wp-json\/wp\/v2\/product\/38412\/revisions"}],"predecessor-version":[{"id":38513,"href":"https:\/\/minubaltic.ee\/fi\/wp-json\/wp\/v2\/product\/38412\/revisions\/38513"}],"wp:featuredmedia":[{"embeddable":true,"href":"https:\/\/minubaltic.ee\/fi\/wp-json\/wp\/v2\/media\/38417"}],"wp:attachment":[{"href":"https:\/\/minubaltic.ee\/fi\/wp-json\/wp\/v2\/media?parent=38412"}],"wp:term":[{"taxonomy":"product_brand","embeddable":true,"href":"https:\/\/minubaltic.ee\/fi\/wp-json\/wp\/v2\/product_brand?post=38412"},{"taxonomy":"product_cat","embeddable":true,"href":"https:\/\/minubaltic.ee\/fi\/wp-json\/wp\/v2\/product_cat?post=38412"},{"taxonomy":"product_tag","embeddable":true,"href":"https:\/\/minubaltic.ee\/fi\/wp-json\/wp\/v2\/product_tag?post=38412"}],"curies":[{"name":"wp","href":"https:\/\/api.w.org\/{rel}","templated":true}]}}