{"id":37836,"date":"2024-11-01T23:12:45","date_gmt":"2024-11-01T20:12:45","guid":{"rendered":"https:\/\/minubaltic.ee\/?post_type=product&#038;p=37836"},"modified":"2024-11-02T00:20:15","modified_gmt":"2024-11-01T21:20:15","slug":"bambu-pyyhe-lumikki","status":"publish","type":"product","link":"https:\/\/minubaltic.ee\/fi\/e-pood\/bambu-pyyhkeet\/bambu-kasipyyhkeet\/bambu-pyyhe-lumikki\/","title":{"rendered":"Bambu pyyhe (Lumikki)"},"content":{"rendered":"<ul>\n<li><strong>Kankaan koostumus:<\/strong> 100% bambu<\/li>\n<li><strong>Tuote pakkauksessa:<\/strong> 1 kpl<\/li>\n<li><strong>Mitat:<\/strong> 35\u00d775 cm \u00b13<\/li>\n<li><strong>Paino:<\/strong> 420g\/m2<\/li>\n<\/ul>\n","protected":false},"excerpt":{"rendered":"<p>\ud83c\udf31Bambupyyhkeet on valmistettu luonnollisista bambukuiduista, jotka ovat eritt\u00e4in pehmeit\u00e4 ja silkkisi\u00e4 ja tarjoavat mukavuutta ja pehmeytt\u00e4 iholle.<br \/>\n\ud83c\udf31Pyyhkeill\u00e4 on erinomainen imukyky ja luonnolliset antibakteeriset ominaisuudet, jotka auttavat pit\u00e4m\u00e4\u00e4n pyyhkeet raikkaina ja hygieenisin\u00e4.<\/p>\n","protected":false},"featured_media":37842,"comment_status":"open","ping_status":"closed","template":"","meta":[],"product_brand":[],"product_cat":[791,790,379,384,385],"product_tag":[402,403,400],"class_list":{"0":"post-37836","1":"product","2":"type-product","3":"status-publish","4":"has-post-thumbnail","6":"product_cat-bambu-kasipyyhkeet","7":"product_cat-bambu-pyyhkeet","8":"product_cat-kasipyyhe","9":"product_cat-pyyhkeet","10":"product_cat-pyyhkeet-35-75","11":"product_tag-kodin-tekstiilit","12":"product_tag-pyyhkeet","13":"product_tag-verkkokauppa","15":"first","16":"instock","17":"shipping-taxable","18":"purchasable","19":"product-type-simple"},"yoast_head":"<!-- This site is optimized with the Yoast SEO plugin v27.3 - https:\/\/yoast.com\/product\/yoast-seo-wordpress\/ -->\n<title>Bambu pyyhe (Lumikki) - ja kylpypyyhe 100 % bambua<\/title>\n<meta name=\"description\" content=\"Bambupyyhkeet kooltaan 35x75 cm ovat antibakteerisia ja ihanteellisia jokap\u00e4iv\u00e4iseen k\u00e4ytt\u00f6\u00f6n. Bambukuiduilla on silkkinen rakenne ja erinomainen imukyky..\" \/>\n<meta name=\"robots\" content=\"index, follow, max-snippet:-1, max-image-preview:large, max-video-preview:-1\" \/>\n<link rel=\"canonical\" href=\"https:\/\/minubaltic.ee\/fi\/e-pood\/bambu-pyyhkeet\/bambu-kasipyyhkeet\/bambu-pyyhe-lumikki\/\" \/>\n<meta property=\"og:locale\" content=\"fi_FI\" \/>\n<meta property=\"og:type\" content=\"article\" \/>\n<meta property=\"og:title\" content=\"Bambu pyyhe (Lumikki) - ja kylpypyyhe 100 % bambua\" \/>\n<meta property=\"og:description\" content=\"Bambupyyhkeet kooltaan 35x75 cm ovat antibakteerisia ja ihanteellisia jokap\u00e4iv\u00e4iseen k\u00e4ytt\u00f6\u00f6n. Bambukuiduilla on silkkinen rakenne ja erinomainen imukyky..\" \/>\n<meta property=\"og:url\" content=\"https:\/\/minubaltic.ee\/fi\/e-pood\/bambu-pyyhkeet\/bambu-kasipyyhkeet\/bambu-pyyhe-lumikki\/\" \/>\n<meta property=\"article:publisher\" content=\"https:\/\/www.facebook.com\/minubaltic\" \/>\n<meta property=\"article:modified_time\" content=\"2024-11-01T21:20:15+00:00\" \/>\n<meta property=\"og:image\" content=\"https:\/\/minubaltic.ee\/wp-content\/uploads\/2024\/11\/Bambusest-ratik-22.jpg\" \/>\n\t<meta property=\"og:image:width\" content=\"800\" \/>\n\t<meta property=\"og:image:height\" content=\"800\" \/>\n\t<meta property=\"og:image:type\" content=\"image\/jpeg\" \/>\n<meta name=\"twitter:card\" content=\"summary_large_image\" \/>\n<meta name=\"twitter:label1\" content=\"Arvioitu lukuaika\" \/>\n\t<meta name=\"twitter:data1\" content=\"1 minuutti\" \/>\n<script type=\"application\/ld+json\" class=\"yoast-schema-graph\">{\"@context\":\"https:\\\/\\\/schema.org\",\"@graph\":[{\"@type\":\"WebPage\",\"@id\":\"https:\\\/\\\/minubaltic.ee\\\/fi\\\/e-pood\\\/bambu-pyyhkeet\\\/bambu-kasipyyhkeet\\\/bambu-pyyhe-lumikki\\\/\",\"url\":\"https:\\\/\\\/minubaltic.ee\\\/fi\\\/e-pood\\\/bambu-pyyhkeet\\\/bambu-kasipyyhkeet\\\/bambu-pyyhe-lumikki\\\/\",\"name\":\"Bambu pyyhe (Lumikki) - ja kylpypyyhe 100 % bambua\",\"isPartOf\":{\"@id\":\"https:\\\/\\\/minubaltic.ee\\\/fi\\\/#website\"},\"primaryImageOfPage\":{\"@id\":\"https:\\\/\\\/minubaltic.ee\\\/fi\\\/e-pood\\\/bambu-pyyhkeet\\\/bambu-kasipyyhkeet\\\/bambu-pyyhe-lumikki\\\/#primaryimage\"},\"image\":{\"@id\":\"https:\\\/\\\/minubaltic.ee\\\/fi\\\/e-pood\\\/bambu-pyyhkeet\\\/bambu-kasipyyhkeet\\\/bambu-pyyhe-lumikki\\\/#primaryimage\"},\"thumbnailUrl\":\"https:\\\/\\\/minubaltic.ee\\\/wp-content\\\/uploads\\\/2024\\\/11\\\/Bambusest-ratik-22.jpg\",\"datePublished\":\"2024-11-01T20:12:45+00:00\",\"dateModified\":\"2024-11-01T21:20:15+00:00\",\"description\":\"Bambupyyhkeet kooltaan 35x75 cm ovat antibakteerisia ja ihanteellisia jokap\u00e4iv\u00e4iseen k\u00e4ytt\u00f6\u00f6n. Bambukuiduilla on silkkinen rakenne ja erinomainen imukyky..\",\"breadcrumb\":{\"@id\":\"https:\\\/\\\/minubaltic.ee\\\/fi\\\/e-pood\\\/bambu-pyyhkeet\\\/bambu-kasipyyhkeet\\\/bambu-pyyhe-lumikki\\\/#breadcrumb\"},\"inLanguage\":\"fi\",\"potentialAction\":[{\"@type\":\"ReadAction\",\"target\":[\"https:\\\/\\\/minubaltic.ee\\\/fi\\\/e-pood\\\/bambu-pyyhkeet\\\/bambu-kasipyyhkeet\\\/bambu-pyyhe-lumikki\\\/\"]}]},{\"@type\":\"ImageObject\",\"inLanguage\":\"fi\",\"@id\":\"https:\\\/\\\/minubaltic.ee\\\/fi\\\/e-pood\\\/bambu-pyyhkeet\\\/bambu-kasipyyhkeet\\\/bambu-pyyhe-lumikki\\\/#primaryimage\",\"url\":\"https:\\\/\\\/minubaltic.ee\\\/wp-content\\\/uploads\\\/2024\\\/11\\\/Bambusest-ratik-22.jpg\",\"contentUrl\":\"https:\\\/\\\/minubaltic.ee\\\/wp-content\\\/uploads\\\/2024\\\/11\\\/Bambusest-ratik-22.jpg\",\"width\":800,\"height\":800,\"caption\":\"Bambusest r\u00e4tik\"},{\"@type\":\"BreadcrumbList\",\"@id\":\"https:\\\/\\\/minubaltic.ee\\\/fi\\\/e-pood\\\/bambu-pyyhkeet\\\/bambu-kasipyyhkeet\\\/bambu-pyyhe-lumikki\\\/#breadcrumb\",\"itemListElement\":[{\"@type\":\"ListItem\",\"position\":1,\"name\":\"Home\",\"item\":\"https:\\\/\\\/minubaltic.ee\\\/fi\\\/\"},{\"@type\":\"ListItem\",\"position\":2,\"name\":\"Verkkokauppa\",\"item\":\"https:\\\/\\\/minubaltic.ee\\\/fi\\\/verkkokauppa\\\/\"},{\"@type\":\"ListItem\",\"position\":3,\"name\":\"Bambu pyyhe (Lumikki)\"}]},{\"@type\":\"WebSite\",\"@id\":\"https:\\\/\\\/minubaltic.ee\\\/fi\\\/#website\",\"url\":\"https:\\\/\\\/minubaltic.ee\\\/fi\\\/\",\"name\":\"minubaltic.ee\",\"description\":\"\",\"publisher\":{\"@id\":\"https:\\\/\\\/minubaltic.ee\\\/fi\\\/#organization\"},\"potentialAction\":[{\"@type\":\"SearchAction\",\"target\":{\"@type\":\"EntryPoint\",\"urlTemplate\":\"https:\\\/\\\/minubaltic.ee\\\/fi\\\/?s={search_term_string}\"},\"query-input\":{\"@type\":\"PropertyValueSpecification\",\"valueRequired\":true,\"valueName\":\"search_term_string\"}}],\"inLanguage\":\"fi\"},{\"@type\":\"Organization\",\"@id\":\"https:\\\/\\\/minubaltic.ee\\\/fi\\\/#organization\",\"name\":\"Minu Baltic O\u00dc\",\"url\":\"https:\\\/\\\/minubaltic.ee\\\/fi\\\/\",\"logo\":{\"@type\":\"ImageObject\",\"inLanguage\":\"fi\",\"@id\":\"https:\\\/\\\/minubaltic.ee\\\/fi\\\/#\\\/schema\\\/logo\\\/image\\\/\",\"url\":\"https:\\\/\\\/minubaltic.ee\\\/wp-content\\\/uploads\\\/2023\\\/10\\\/cropped-cropped-cropped-logo.png\",\"contentUrl\":\"https:\\\/\\\/minubaltic.ee\\\/wp-content\\\/uploads\\\/2023\\\/10\\\/cropped-cropped-cropped-logo.png\",\"width\":500,\"height\":237,\"caption\":\"Minu Baltic O\u00dc\"},\"image\":{\"@id\":\"https:\\\/\\\/minubaltic.ee\\\/fi\\\/#\\\/schema\\\/logo\\\/image\\\/\"},\"sameAs\":[\"https:\\\/\\\/www.facebook.com\\\/minubaltic\"]}]}<\/script>\n<!-- \/ Yoast SEO plugin. -->","yoast_head_json":{"title":"Bambu pyyhe (Lumikki) - ja kylpypyyhe 100 % bambua","description":"Bambupyyhkeet kooltaan 35x75 cm ovat antibakteerisia ja ihanteellisia jokap\u00e4iv\u00e4iseen k\u00e4ytt\u00f6\u00f6n. Bambukuiduilla on silkkinen rakenne ja erinomainen imukyky..","robots":{"index":"index","follow":"follow","max-snippet":"max-snippet:-1","max-image-preview":"max-image-preview:large","max-video-preview":"max-video-preview:-1"},"canonical":"https:\/\/minubaltic.ee\/fi\/e-pood\/bambu-pyyhkeet\/bambu-kasipyyhkeet\/bambu-pyyhe-lumikki\/","og_locale":"fi_FI","og_type":"article","og_title":"Bambu pyyhe (Lumikki) - ja kylpypyyhe 100 % bambua","og_description":"Bambupyyhkeet kooltaan 35x75 cm ovat antibakteerisia ja ihanteellisia jokap\u00e4iv\u00e4iseen k\u00e4ytt\u00f6\u00f6n. Bambukuiduilla on silkkinen rakenne ja erinomainen imukyky..","og_url":"https:\/\/minubaltic.ee\/fi\/e-pood\/bambu-pyyhkeet\/bambu-kasipyyhkeet\/bambu-pyyhe-lumikki\/","article_publisher":"https:\/\/www.facebook.com\/minubaltic","article_modified_time":"2024-11-01T21:20:15+00:00","og_image":[{"width":800,"height":800,"url":"https:\/\/minubaltic.ee\/wp-content\/uploads\/2024\/11\/Bambusest-ratik-22.jpg","type":"image\/jpeg"}],"twitter_card":"summary_large_image","twitter_misc":{"Arvioitu lukuaika":"1 minuutti"},"schema":{"@context":"https:\/\/schema.org","@graph":[{"@type":"WebPage","@id":"https:\/\/minubaltic.ee\/fi\/e-pood\/bambu-pyyhkeet\/bambu-kasipyyhkeet\/bambu-pyyhe-lumikki\/","url":"https:\/\/minubaltic.ee\/fi\/e-pood\/bambu-pyyhkeet\/bambu-kasipyyhkeet\/bambu-pyyhe-lumikki\/","name":"Bambu pyyhe (Lumikki) - ja kylpypyyhe 100 % bambua","isPartOf":{"@id":"https:\/\/minubaltic.ee\/fi\/#website"},"primaryImageOfPage":{"@id":"https:\/\/minubaltic.ee\/fi\/e-pood\/bambu-pyyhkeet\/bambu-kasipyyhkeet\/bambu-pyyhe-lumikki\/#primaryimage"},"image":{"@id":"https:\/\/minubaltic.ee\/fi\/e-pood\/bambu-pyyhkeet\/bambu-kasipyyhkeet\/bambu-pyyhe-lumikki\/#primaryimage"},"thumbnailUrl":"https:\/\/minubaltic.ee\/wp-content\/uploads\/2024\/11\/Bambusest-ratik-22.jpg","datePublished":"2024-11-01T20:12:45+00:00","dateModified":"2024-11-01T21:20:15+00:00","description":"Bambupyyhkeet kooltaan 35x75 cm ovat antibakteerisia ja ihanteellisia jokap\u00e4iv\u00e4iseen k\u00e4ytt\u00f6\u00f6n. Bambukuiduilla on silkkinen rakenne ja erinomainen imukyky..","breadcrumb":{"@id":"https:\/\/minubaltic.ee\/fi\/e-pood\/bambu-pyyhkeet\/bambu-kasipyyhkeet\/bambu-pyyhe-lumikki\/#breadcrumb"},"inLanguage":"fi","potentialAction":[{"@type":"ReadAction","target":["https:\/\/minubaltic.ee\/fi\/e-pood\/bambu-pyyhkeet\/bambu-kasipyyhkeet\/bambu-pyyhe-lumikki\/"]}]},{"@type":"ImageObject","inLanguage":"fi","@id":"https:\/\/minubaltic.ee\/fi\/e-pood\/bambu-pyyhkeet\/bambu-kasipyyhkeet\/bambu-pyyhe-lumikki\/#primaryimage","url":"https:\/\/minubaltic.ee\/wp-content\/uploads\/2024\/11\/Bambusest-ratik-22.jpg","contentUrl":"https:\/\/minubaltic.ee\/wp-content\/uploads\/2024\/11\/Bambusest-ratik-22.jpg","width":800,"height":800,"caption":"Bambusest r\u00e4tik"},{"@type":"BreadcrumbList","@id":"https:\/\/minubaltic.ee\/fi\/e-pood\/bambu-pyyhkeet\/bambu-kasipyyhkeet\/bambu-pyyhe-lumikki\/#breadcrumb","itemListElement":[{"@type":"ListItem","position":1,"name":"Home","item":"https:\/\/minubaltic.ee\/fi\/"},{"@type":"ListItem","position":2,"name":"Verkkokauppa","item":"https:\/\/minubaltic.ee\/fi\/verkkokauppa\/"},{"@type":"ListItem","position":3,"name":"Bambu pyyhe (Lumikki)"}]},{"@type":"WebSite","@id":"https:\/\/minubaltic.ee\/fi\/#website","url":"https:\/\/minubaltic.ee\/fi\/","name":"minubaltic.ee","description":"","publisher":{"@id":"https:\/\/minubaltic.ee\/fi\/#organization"},"potentialAction":[{"@type":"SearchAction","target":{"@type":"EntryPoint","urlTemplate":"https:\/\/minubaltic.ee\/fi\/?s={search_term_string}"},"query-input":{"@type":"PropertyValueSpecification","valueRequired":true,"valueName":"search_term_string"}}],"inLanguage":"fi"},{"@type":"Organization","@id":"https:\/\/minubaltic.ee\/fi\/#organization","name":"Minu Baltic O\u00dc","url":"https:\/\/minubaltic.ee\/fi\/","logo":{"@type":"ImageObject","inLanguage":"fi","@id":"https:\/\/minubaltic.ee\/fi\/#\/schema\/logo\/image\/","url":"https:\/\/minubaltic.ee\/wp-content\/uploads\/2023\/10\/cropped-cropped-cropped-logo.png","contentUrl":"https:\/\/minubaltic.ee\/wp-content\/uploads\/2023\/10\/cropped-cropped-cropped-logo.png","width":500,"height":237,"caption":"Minu Baltic O\u00dc"},"image":{"@id":"https:\/\/minubaltic.ee\/fi\/#\/schema\/logo\/image\/"},"sameAs":["https:\/\/www.facebook.com\/minubaltic"]}]}},"_links":{"self":[{"href":"https:\/\/minubaltic.ee\/fi\/wp-json\/wp\/v2\/product\/37836","targetHints":{"allow":["GET"]}}],"collection":[{"href":"https:\/\/minubaltic.ee\/fi\/wp-json\/wp\/v2\/product"}],"about":[{"href":"https:\/\/minubaltic.ee\/fi\/wp-json\/wp\/v2\/types\/product"}],"replies":[{"embeddable":true,"href":"https:\/\/minubaltic.ee\/fi\/wp-json\/wp\/v2\/comments?post=37836"}],"version-history":[{"count":2,"href":"https:\/\/minubaltic.ee\/fi\/wp-json\/wp\/v2\/product\/37836\/revisions"}],"predecessor-version":[{"id":38017,"href":"https:\/\/minubaltic.ee\/fi\/wp-json\/wp\/v2\/product\/37836\/revisions\/38017"}],"wp:featuredmedia":[{"embeddable":true,"href":"https:\/\/minubaltic.ee\/fi\/wp-json\/wp\/v2\/media\/37842"}],"wp:attachment":[{"href":"https:\/\/minubaltic.ee\/fi\/wp-json\/wp\/v2\/media?parent=37836"}],"wp:term":[{"taxonomy":"product_brand","embeddable":true,"href":"https:\/\/minubaltic.ee\/fi\/wp-json\/wp\/v2\/product_brand?post=37836"},{"taxonomy":"product_cat","embeddable":true,"href":"https:\/\/minubaltic.ee\/fi\/wp-json\/wp\/v2\/product_cat?post=37836"},{"taxonomy":"product_tag","embeddable":true,"href":"https:\/\/minubaltic.ee\/fi\/wp-json\/wp\/v2\/product_tag?post=37836"}],"curies":[{"name":"wp","href":"https:\/\/api.w.org\/{rel}","templated":true}]}}