{"id":37791,"date":"2024-11-01T21:45:44","date_gmt":"2024-11-01T18:45:44","guid":{"rendered":"https:\/\/minubaltic.ee\/e-pood\/Ei-luokiteltu\/5-osaline-ratikute-komplekt-50x90\/"},"modified":"2024-11-01T22:01:19","modified_gmt":"2024-11-01T19:01:19","slug":"5-osainen-pyyhesarja-50x90","status":"publish","type":"product","link":"https:\/\/minubaltic.ee\/fi\/e-pood\/kasipyyhe\/5-osainen-pyyhesarja-50x90\/","title":{"rendered":"5-osainen pyyhesarja 50&#215;90"},"content":{"rendered":"<p>5-osainen 50 x 90 cm puuvillapyyhesarja on t\u00e4ydellinen valinta laatua arvostavalle. Pehmeist\u00e4 ja eritt\u00e4in imukykyisist\u00e4 puuvillakuiduista valmistetut pyyhkeet varmistavat mukavan ja miellytt\u00e4v\u00e4n k\u00e4ytt\u00f6kokemuksen. Sarjan viiden pyyhkeen avulla voit sovittaa v\u00e4rit ja muotoilun sisustuksen tai tarpeen mukaan, joten varaa riitt\u00e4\u00e4 aina joka tilanteeseen.<\/p>\n","protected":false},"excerpt":{"rendered":"<ul>\n<li>Kankaan koostumus: 100% puuvillaa<\/li>\n<li>Tuote pakkauksessa: 5 kpl<\/li>\n<li>Koko: 50&#215;90 cm \u00b13<\/li>\n<li>Paino: 400g\/m2<\/li>\n<\/ul>\n","protected":false},"featured_media":37773,"comment_status":"open","ping_status":"closed","template":"","meta":[],"product_brand":[],"product_cat":[815,379,388,384,387],"product_tag":[402,403,401,400],"class_list":{"0":"post-37791","1":"product","2":"type-product","3":"status-publish","4":"has-post-thumbnail","6":"product_cat-100-puuvillaa","7":"product_cat-kasipyyhe","8":"product_cat-pyyhesarjat","9":"product_cat-pyyhkeet","10":"product_cat-pyyhkeet-50-90","11":"product_tag-kodin-tekstiilit","12":"product_tag-pyyhkeet","13":"product_tag-tekstiili","14":"product_tag-verkkokauppa","16":"first","17":"instock","18":"shipping-taxable","19":"purchasable","20":"product-type-simple"},"yoast_head":"<!-- This site is optimized with the Yoast SEO plugin v27.3 - https:\/\/yoast.com\/product\/yoast-seo-wordpress\/ -->\n<title>5-osainen pyyhesarja 50x90 - Minu Baltic<\/title>\n<meta name=\"description\" content=\"5-osainen 50 x 90 cm puuvillapyyhesarja on t\u00e4ydellinen valinta laatua arvostavalle. Pehmeist\u00e4 ja eritt\u00e4in imukykyisist\u00e4 puuvillakuiduista valmistetut ...\" \/>\n<meta name=\"robots\" content=\"index, follow, max-snippet:-1, max-image-preview:large, max-video-preview:-1\" \/>\n<link rel=\"canonical\" href=\"https:\/\/minubaltic.ee\/fi\/e-pood\/kasipyyhe\/5-osainen-pyyhesarja-50x90\/\" \/>\n<meta property=\"og:locale\" content=\"fi_FI\" \/>\n<meta property=\"og:type\" content=\"article\" \/>\n<meta property=\"og:title\" content=\"5-osainen pyyhesarja 50x90 - Minu Baltic\" \/>\n<meta property=\"og:description\" content=\"5-osainen 50 x 90 cm puuvillapyyhesarja on t\u00e4ydellinen valinta laatua arvostavalle. Pehmeist\u00e4 ja eritt\u00e4in imukykyisist\u00e4 puuvillakuiduista valmistetut ...\" \/>\n<meta property=\"og:url\" content=\"https:\/\/minubaltic.ee\/fi\/e-pood\/kasipyyhe\/5-osainen-pyyhesarja-50x90\/\" \/>\n<meta property=\"article:publisher\" content=\"https:\/\/www.facebook.com\/minubaltic\" \/>\n<meta property=\"article:modified_time\" content=\"2024-11-01T19:01:19+00:00\" \/>\n<meta property=\"og:image\" content=\"https:\/\/minubaltic.ee\/wp-content\/uploads\/2024\/11\/Puuvillane-ratik-5.jpg\" \/>\n\t<meta property=\"og:image:width\" content=\"800\" \/>\n\t<meta property=\"og:image:height\" content=\"800\" \/>\n\t<meta property=\"og:image:type\" content=\"image\/jpeg\" \/>\n<meta name=\"twitter:card\" content=\"summary_large_image\" \/>\n<meta name=\"twitter:label1\" content=\"Arvioitu lukuaika\" \/>\n\t<meta name=\"twitter:data1\" content=\"1 minuutti\" \/>\n<script type=\"application\/ld+json\" class=\"yoast-schema-graph\">{\"@context\":\"https:\\\/\\\/schema.org\",\"@graph\":[{\"@type\":\"WebPage\",\"@id\":\"https:\\\/\\\/minubaltic.ee\\\/fi\\\/e-pood\\\/kasipyyhe\\\/5-osainen-pyyhesarja-50x90\\\/\",\"url\":\"https:\\\/\\\/minubaltic.ee\\\/fi\\\/e-pood\\\/kasipyyhe\\\/5-osainen-pyyhesarja-50x90\\\/\",\"name\":\"5-osainen pyyhesarja 50x90 - Minu Baltic\",\"isPartOf\":{\"@id\":\"https:\\\/\\\/minubaltic.ee\\\/fi\\\/#website\"},\"primaryImageOfPage\":{\"@id\":\"https:\\\/\\\/minubaltic.ee\\\/fi\\\/e-pood\\\/kasipyyhe\\\/5-osainen-pyyhesarja-50x90\\\/#primaryimage\"},\"image\":{\"@id\":\"https:\\\/\\\/minubaltic.ee\\\/fi\\\/e-pood\\\/kasipyyhe\\\/5-osainen-pyyhesarja-50x90\\\/#primaryimage\"},\"thumbnailUrl\":\"https:\\\/\\\/minubaltic.ee\\\/wp-content\\\/uploads\\\/2024\\\/11\\\/Puuvillane-ratik-5.jpg\",\"datePublished\":\"2024-11-01T18:45:44+00:00\",\"dateModified\":\"2024-11-01T19:01:19+00:00\",\"description\":\"5-osainen 50 x 90 cm puuvillapyyhesarja on t\u00e4ydellinen valinta laatua arvostavalle. Pehmeist\u00e4 ja eritt\u00e4in imukykyisist\u00e4 puuvillakuiduista valmistetut ...\",\"breadcrumb\":{\"@id\":\"https:\\\/\\\/minubaltic.ee\\\/fi\\\/e-pood\\\/kasipyyhe\\\/5-osainen-pyyhesarja-50x90\\\/#breadcrumb\"},\"inLanguage\":\"fi\",\"potentialAction\":[{\"@type\":\"ReadAction\",\"target\":[\"https:\\\/\\\/minubaltic.ee\\\/fi\\\/e-pood\\\/kasipyyhe\\\/5-osainen-pyyhesarja-50x90\\\/\"]}]},{\"@type\":\"ImageObject\",\"inLanguage\":\"fi\",\"@id\":\"https:\\\/\\\/minubaltic.ee\\\/fi\\\/e-pood\\\/kasipyyhe\\\/5-osainen-pyyhesarja-50x90\\\/#primaryimage\",\"url\":\"https:\\\/\\\/minubaltic.ee\\\/wp-content\\\/uploads\\\/2024\\\/11\\\/Puuvillane-ratik-5.jpg\",\"contentUrl\":\"https:\\\/\\\/minubaltic.ee\\\/wp-content\\\/uploads\\\/2024\\\/11\\\/Puuvillane-ratik-5.jpg\",\"width\":800,\"height\":800,\"caption\":\"r\u00e4tikute komplekt\"},{\"@type\":\"BreadcrumbList\",\"@id\":\"https:\\\/\\\/minubaltic.ee\\\/fi\\\/e-pood\\\/kasipyyhe\\\/5-osainen-pyyhesarja-50x90\\\/#breadcrumb\",\"itemListElement\":[{\"@type\":\"ListItem\",\"position\":1,\"name\":\"Home\",\"item\":\"https:\\\/\\\/minubaltic.ee\\\/fi\\\/\"},{\"@type\":\"ListItem\",\"position\":2,\"name\":\"Verkkokauppa\",\"item\":\"https:\\\/\\\/minubaltic.ee\\\/fi\\\/verkkokauppa\\\/\"},{\"@type\":\"ListItem\",\"position\":3,\"name\":\"5-osainen pyyhesarja 50&#215;90\"}]},{\"@type\":\"WebSite\",\"@id\":\"https:\\\/\\\/minubaltic.ee\\\/fi\\\/#website\",\"url\":\"https:\\\/\\\/minubaltic.ee\\\/fi\\\/\",\"name\":\"minubaltic.ee\",\"description\":\"\",\"publisher\":{\"@id\":\"https:\\\/\\\/minubaltic.ee\\\/fi\\\/#organization\"},\"potentialAction\":[{\"@type\":\"SearchAction\",\"target\":{\"@type\":\"EntryPoint\",\"urlTemplate\":\"https:\\\/\\\/minubaltic.ee\\\/fi\\\/?s={search_term_string}\"},\"query-input\":{\"@type\":\"PropertyValueSpecification\",\"valueRequired\":true,\"valueName\":\"search_term_string\"}}],\"inLanguage\":\"fi\"},{\"@type\":\"Organization\",\"@id\":\"https:\\\/\\\/minubaltic.ee\\\/fi\\\/#organization\",\"name\":\"Minu Baltic O\u00dc\",\"url\":\"https:\\\/\\\/minubaltic.ee\\\/fi\\\/\",\"logo\":{\"@type\":\"ImageObject\",\"inLanguage\":\"fi\",\"@id\":\"https:\\\/\\\/minubaltic.ee\\\/fi\\\/#\\\/schema\\\/logo\\\/image\\\/\",\"url\":\"https:\\\/\\\/minubaltic.ee\\\/wp-content\\\/uploads\\\/2023\\\/10\\\/cropped-cropped-cropped-logo.png\",\"contentUrl\":\"https:\\\/\\\/minubaltic.ee\\\/wp-content\\\/uploads\\\/2023\\\/10\\\/cropped-cropped-cropped-logo.png\",\"width\":500,\"height\":237,\"caption\":\"Minu Baltic O\u00dc\"},\"image\":{\"@id\":\"https:\\\/\\\/minubaltic.ee\\\/fi\\\/#\\\/schema\\\/logo\\\/image\\\/\"},\"sameAs\":[\"https:\\\/\\\/www.facebook.com\\\/minubaltic\"]}]}<\/script>\n<!-- \/ Yoast SEO plugin. -->","yoast_head_json":{"title":"5-osainen pyyhesarja 50x90 - Minu Baltic","description":"5-osainen 50 x 90 cm puuvillapyyhesarja on t\u00e4ydellinen valinta laatua arvostavalle. Pehmeist\u00e4 ja eritt\u00e4in imukykyisist\u00e4 puuvillakuiduista valmistetut ...","robots":{"index":"index","follow":"follow","max-snippet":"max-snippet:-1","max-image-preview":"max-image-preview:large","max-video-preview":"max-video-preview:-1"},"canonical":"https:\/\/minubaltic.ee\/fi\/e-pood\/kasipyyhe\/5-osainen-pyyhesarja-50x90\/","og_locale":"fi_FI","og_type":"article","og_title":"5-osainen pyyhesarja 50x90 - Minu Baltic","og_description":"5-osainen 50 x 90 cm puuvillapyyhesarja on t\u00e4ydellinen valinta laatua arvostavalle. Pehmeist\u00e4 ja eritt\u00e4in imukykyisist\u00e4 puuvillakuiduista valmistetut ...","og_url":"https:\/\/minubaltic.ee\/fi\/e-pood\/kasipyyhe\/5-osainen-pyyhesarja-50x90\/","article_publisher":"https:\/\/www.facebook.com\/minubaltic","article_modified_time":"2024-11-01T19:01:19+00:00","og_image":[{"width":800,"height":800,"url":"https:\/\/minubaltic.ee\/wp-content\/uploads\/2024\/11\/Puuvillane-ratik-5.jpg","type":"image\/jpeg"}],"twitter_card":"summary_large_image","twitter_misc":{"Arvioitu lukuaika":"1 minuutti"},"schema":{"@context":"https:\/\/schema.org","@graph":[{"@type":"WebPage","@id":"https:\/\/minubaltic.ee\/fi\/e-pood\/kasipyyhe\/5-osainen-pyyhesarja-50x90\/","url":"https:\/\/minubaltic.ee\/fi\/e-pood\/kasipyyhe\/5-osainen-pyyhesarja-50x90\/","name":"5-osainen pyyhesarja 50x90 - Minu Baltic","isPartOf":{"@id":"https:\/\/minubaltic.ee\/fi\/#website"},"primaryImageOfPage":{"@id":"https:\/\/minubaltic.ee\/fi\/e-pood\/kasipyyhe\/5-osainen-pyyhesarja-50x90\/#primaryimage"},"image":{"@id":"https:\/\/minubaltic.ee\/fi\/e-pood\/kasipyyhe\/5-osainen-pyyhesarja-50x90\/#primaryimage"},"thumbnailUrl":"https:\/\/minubaltic.ee\/wp-content\/uploads\/2024\/11\/Puuvillane-ratik-5.jpg","datePublished":"2024-11-01T18:45:44+00:00","dateModified":"2024-11-01T19:01:19+00:00","description":"5-osainen 50 x 90 cm puuvillapyyhesarja on t\u00e4ydellinen valinta laatua arvostavalle. Pehmeist\u00e4 ja eritt\u00e4in imukykyisist\u00e4 puuvillakuiduista valmistetut ...","breadcrumb":{"@id":"https:\/\/minubaltic.ee\/fi\/e-pood\/kasipyyhe\/5-osainen-pyyhesarja-50x90\/#breadcrumb"},"inLanguage":"fi","potentialAction":[{"@type":"ReadAction","target":["https:\/\/minubaltic.ee\/fi\/e-pood\/kasipyyhe\/5-osainen-pyyhesarja-50x90\/"]}]},{"@type":"ImageObject","inLanguage":"fi","@id":"https:\/\/minubaltic.ee\/fi\/e-pood\/kasipyyhe\/5-osainen-pyyhesarja-50x90\/#primaryimage","url":"https:\/\/minubaltic.ee\/wp-content\/uploads\/2024\/11\/Puuvillane-ratik-5.jpg","contentUrl":"https:\/\/minubaltic.ee\/wp-content\/uploads\/2024\/11\/Puuvillane-ratik-5.jpg","width":800,"height":800,"caption":"r\u00e4tikute komplekt"},{"@type":"BreadcrumbList","@id":"https:\/\/minubaltic.ee\/fi\/e-pood\/kasipyyhe\/5-osainen-pyyhesarja-50x90\/#breadcrumb","itemListElement":[{"@type":"ListItem","position":1,"name":"Home","item":"https:\/\/minubaltic.ee\/fi\/"},{"@type":"ListItem","position":2,"name":"Verkkokauppa","item":"https:\/\/minubaltic.ee\/fi\/verkkokauppa\/"},{"@type":"ListItem","position":3,"name":"5-osainen pyyhesarja 50&#215;90"}]},{"@type":"WebSite","@id":"https:\/\/minubaltic.ee\/fi\/#website","url":"https:\/\/minubaltic.ee\/fi\/","name":"minubaltic.ee","description":"","publisher":{"@id":"https:\/\/minubaltic.ee\/fi\/#organization"},"potentialAction":[{"@type":"SearchAction","target":{"@type":"EntryPoint","urlTemplate":"https:\/\/minubaltic.ee\/fi\/?s={search_term_string}"},"query-input":{"@type":"PropertyValueSpecification","valueRequired":true,"valueName":"search_term_string"}}],"inLanguage":"fi"},{"@type":"Organization","@id":"https:\/\/minubaltic.ee\/fi\/#organization","name":"Minu Baltic O\u00dc","url":"https:\/\/minubaltic.ee\/fi\/","logo":{"@type":"ImageObject","inLanguage":"fi","@id":"https:\/\/minubaltic.ee\/fi\/#\/schema\/logo\/image\/","url":"https:\/\/minubaltic.ee\/wp-content\/uploads\/2023\/10\/cropped-cropped-cropped-logo.png","contentUrl":"https:\/\/minubaltic.ee\/wp-content\/uploads\/2023\/10\/cropped-cropped-cropped-logo.png","width":500,"height":237,"caption":"Minu Baltic O\u00dc"},"image":{"@id":"https:\/\/minubaltic.ee\/fi\/#\/schema\/logo\/image\/"},"sameAs":["https:\/\/www.facebook.com\/minubaltic"]}]}},"_links":{"self":[{"href":"https:\/\/minubaltic.ee\/fi\/wp-json\/wp\/v2\/product\/37791","targetHints":{"allow":["GET"]}}],"collection":[{"href":"https:\/\/minubaltic.ee\/fi\/wp-json\/wp\/v2\/product"}],"about":[{"href":"https:\/\/minubaltic.ee\/fi\/wp-json\/wp\/v2\/types\/product"}],"replies":[{"embeddable":true,"href":"https:\/\/minubaltic.ee\/fi\/wp-json\/wp\/v2\/comments?post=37791"}],"version-history":[{"count":2,"href":"https:\/\/minubaltic.ee\/fi\/wp-json\/wp\/v2\/product\/37791\/revisions"}],"predecessor-version":[{"id":37800,"href":"https:\/\/minubaltic.ee\/fi\/wp-json\/wp\/v2\/product\/37791\/revisions\/37800"}],"wp:featuredmedia":[{"embeddable":true,"href":"https:\/\/minubaltic.ee\/fi\/wp-json\/wp\/v2\/media\/37773"}],"wp:attachment":[{"href":"https:\/\/minubaltic.ee\/fi\/wp-json\/wp\/v2\/media?parent=37791"}],"wp:term":[{"taxonomy":"product_brand","embeddable":true,"href":"https:\/\/minubaltic.ee\/fi\/wp-json\/wp\/v2\/product_brand?post=37791"},{"taxonomy":"product_cat","embeddable":true,"href":"https:\/\/minubaltic.ee\/fi\/wp-json\/wp\/v2\/product_cat?post=37791"},{"taxonomy":"product_tag","embeddable":true,"href":"https:\/\/minubaltic.ee\/fi\/wp-json\/wp\/v2\/product_tag?post=37791"}],"curies":[{"name":"wp","href":"https:\/\/api.w.org\/{rel}","templated":true}]}}