{"id":37567,"date":"2024-10-26T19:30:44","date_gmt":"2024-10-26T16:30:44","guid":{"rendered":"https:\/\/minubaltic.ee\/?post_type=product&#038;p=37567"},"modified":"2024-10-26T19:39:22","modified_gmt":"2024-10-26T16:39:22","slug":"puuvillapyyhe-manteli","status":"publish","type":"product","link":"https:\/\/minubaltic.ee\/fi\/e-pood\/kasipyyhe\/puuvillapyyhe-manteli\/","title":{"rendered":"Puuvillapyyhe (Manteli)"},"content":{"rendered":"<p>Puuvillaiset pyyhkeet ovat pehmeit\u00e4 ja imukykyisi\u00e4, ihanteellisia p\u00e4ivitt\u00e4iseen k\u00e4ytt\u00f6\u00f6n. Ne on valmistettu luonnonkuiduista, jotka tarjoavat iholle pehmeytt\u00e4 ja kest\u00e4vyytt\u00e4. Kuivaa ihoa hell\u00e4varaisesti, ei aiheuta \u00e4rsytyst\u00e4 ja s\u00e4ilytt\u00e4\u00e4 pehmeytens\u00e4 useidenkin pesujen j\u00e4lkeen. Lis\u00e4ksi puuvillapyyhkeit\u00e4 on saatavilla eri v\u00e4reiss\u00e4 ja koossa, joten voit valita tyyliisi ja tarpeisiisi sopivan.<\/p>\n","protected":false},"excerpt":{"rendered":"<ul>\n<li><span class=\"product-attribute__label\">Kankaan koostumus: <\/span><span class=\"product-attribute__value\" data-attribute-code=\"fabric_composition\">100% puuvillaa<\/span><\/li>\n<li>Tuote pakkauksessa: 1 kpl<\/li>\n<li>Koko: 35&#215;75 cm \u00b13<\/li>\n<li>Paino: 400g\/m2<\/li>\n<\/ul>\n","protected":false},"featured_media":37572,"comment_status":"open","ping_status":"closed","template":"","meta":[],"product_brand":[],"product_cat":[379,384,385],"product_tag":[402,403,399,401,400],"class_list":{"0":"post-37567","1":"product","2":"type-product","3":"status-publish","4":"has-post-thumbnail","6":"product_cat-kasipyyhe","7":"product_cat-pyyhkeet","8":"product_cat-pyyhkeet-35-75","9":"product_tag-kodin-tekstiilit","10":"product_tag-pyyhkeet","11":"product_tag-sahkoinen-kaupankaynti","12":"product_tag-tekstiili","13":"product_tag-verkkokauppa","15":"first","16":"instock","17":"shipping-taxable","18":"purchasable","19":"product-type-simple"},"yoast_head":"<!-- This site is optimized with the Yoast SEO plugin v27.3 - https:\/\/yoast.com\/product\/yoast-seo-wordpress\/ -->\n<title>Puuvillapyyhe (Manteli) - Puuvillapyyhkeet 2\u20ac Minu Baltic<\/title>\n<meta name=\"description\" content=\"Puuvillapyyhkeet ovat loistava valinta, sill\u00e4 ne imev\u00e4t hyvin kosteutta ja ovat pehmeit\u00e4 ja ihoyst\u00e4v\u00e4llisi\u00e4 nauttiakseen mukavuudesta ja ......\" \/>\n<meta name=\"robots\" content=\"index, follow, max-snippet:-1, max-image-preview:large, max-video-preview:-1\" \/>\n<link rel=\"canonical\" href=\"https:\/\/minubaltic.ee\/fi\/e-pood\/kasipyyhe\/puuvillapyyhe-manteli\/\" \/>\n<meta property=\"og:locale\" content=\"fi_FI\" \/>\n<meta property=\"og:type\" content=\"article\" \/>\n<meta property=\"og:title\" content=\"Puuvillapyyhe (Manteli) - Puuvillapyyhkeet 2\u20ac Minu Baltic\" \/>\n<meta property=\"og:description\" content=\"Puuvillapyyhkeet ovat loistava valinta, sill\u00e4 ne imev\u00e4t hyvin kosteutta ja ovat pehmeit\u00e4 ja ihoyst\u00e4v\u00e4llisi\u00e4 nauttiakseen mukavuudesta ja ......\" \/>\n<meta property=\"og:url\" content=\"https:\/\/minubaltic.ee\/fi\/e-pood\/kasipyyhe\/puuvillapyyhe-manteli\/\" \/>\n<meta property=\"article:publisher\" content=\"https:\/\/www.facebook.com\/minubaltic\" \/>\n<meta property=\"article:modified_time\" content=\"2024-10-26T16:39:22+00:00\" \/>\n<meta property=\"og:image\" content=\"https:\/\/minubaltic.ee\/wp-content\/uploads\/2024\/10\/Puuvillane-ratik-18.jpg\" \/>\n\t<meta property=\"og:image:width\" content=\"800\" \/>\n\t<meta property=\"og:image:height\" content=\"800\" \/>\n\t<meta property=\"og:image:type\" content=\"image\/jpeg\" \/>\n<meta name=\"twitter:card\" content=\"summary_large_image\" \/>\n<meta name=\"twitter:label1\" content=\"Arvioitu lukuaika\" \/>\n\t<meta name=\"twitter:data1\" content=\"1 minuutti\" \/>\n<script type=\"application\/ld+json\" class=\"yoast-schema-graph\">{\"@context\":\"https:\\\/\\\/schema.org\",\"@graph\":[{\"@type\":\"WebPage\",\"@id\":\"https:\\\/\\\/minubaltic.ee\\\/fi\\\/e-pood\\\/kasipyyhe\\\/puuvillapyyhe-manteli\\\/\",\"url\":\"https:\\\/\\\/minubaltic.ee\\\/fi\\\/e-pood\\\/kasipyyhe\\\/puuvillapyyhe-manteli\\\/\",\"name\":\"Puuvillapyyhe (Manteli) - Puuvillapyyhkeet 2\u20ac Minu Baltic\",\"isPartOf\":{\"@id\":\"https:\\\/\\\/minubaltic.ee\\\/fi\\\/#website\"},\"primaryImageOfPage\":{\"@id\":\"https:\\\/\\\/minubaltic.ee\\\/fi\\\/e-pood\\\/kasipyyhe\\\/puuvillapyyhe-manteli\\\/#primaryimage\"},\"image\":{\"@id\":\"https:\\\/\\\/minubaltic.ee\\\/fi\\\/e-pood\\\/kasipyyhe\\\/puuvillapyyhe-manteli\\\/#primaryimage\"},\"thumbnailUrl\":\"https:\\\/\\\/minubaltic.ee\\\/wp-content\\\/uploads\\\/2024\\\/10\\\/Puuvillane-ratik-18.jpg\",\"datePublished\":\"2024-10-26T16:30:44+00:00\",\"dateModified\":\"2024-10-26T16:39:22+00:00\",\"description\":\"Puuvillapyyhkeet ovat loistava valinta, sill\u00e4 ne imev\u00e4t hyvin kosteutta ja ovat pehmeit\u00e4 ja ihoyst\u00e4v\u00e4llisi\u00e4 nauttiakseen mukavuudesta ja ......\",\"breadcrumb\":{\"@id\":\"https:\\\/\\\/minubaltic.ee\\\/fi\\\/e-pood\\\/kasipyyhe\\\/puuvillapyyhe-manteli\\\/#breadcrumb\"},\"inLanguage\":\"fi\",\"potentialAction\":[{\"@type\":\"ReadAction\",\"target\":[\"https:\\\/\\\/minubaltic.ee\\\/fi\\\/e-pood\\\/kasipyyhe\\\/puuvillapyyhe-manteli\\\/\"]}]},{\"@type\":\"ImageObject\",\"inLanguage\":\"fi\",\"@id\":\"https:\\\/\\\/minubaltic.ee\\\/fi\\\/e-pood\\\/kasipyyhe\\\/puuvillapyyhe-manteli\\\/#primaryimage\",\"url\":\"https:\\\/\\\/minubaltic.ee\\\/wp-content\\\/uploads\\\/2024\\\/10\\\/Puuvillane-ratik-18.jpg\",\"contentUrl\":\"https:\\\/\\\/minubaltic.ee\\\/wp-content\\\/uploads\\\/2024\\\/10\\\/Puuvillane-ratik-18.jpg\",\"width\":800,\"height\":800},{\"@type\":\"BreadcrumbList\",\"@id\":\"https:\\\/\\\/minubaltic.ee\\\/fi\\\/e-pood\\\/kasipyyhe\\\/puuvillapyyhe-manteli\\\/#breadcrumb\",\"itemListElement\":[{\"@type\":\"ListItem\",\"position\":1,\"name\":\"Home\",\"item\":\"https:\\\/\\\/minubaltic.ee\\\/fi\\\/\"},{\"@type\":\"ListItem\",\"position\":2,\"name\":\"Verkkokauppa\",\"item\":\"https:\\\/\\\/minubaltic.ee\\\/fi\\\/verkkokauppa\\\/\"},{\"@type\":\"ListItem\",\"position\":3,\"name\":\"Puuvillapyyhe (Manteli)\"}]},{\"@type\":\"WebSite\",\"@id\":\"https:\\\/\\\/minubaltic.ee\\\/fi\\\/#website\",\"url\":\"https:\\\/\\\/minubaltic.ee\\\/fi\\\/\",\"name\":\"minubaltic.ee\",\"description\":\"\",\"publisher\":{\"@id\":\"https:\\\/\\\/minubaltic.ee\\\/fi\\\/#organization\"},\"potentialAction\":[{\"@type\":\"SearchAction\",\"target\":{\"@type\":\"EntryPoint\",\"urlTemplate\":\"https:\\\/\\\/minubaltic.ee\\\/fi\\\/?s={search_term_string}\"},\"query-input\":{\"@type\":\"PropertyValueSpecification\",\"valueRequired\":true,\"valueName\":\"search_term_string\"}}],\"inLanguage\":\"fi\"},{\"@type\":\"Organization\",\"@id\":\"https:\\\/\\\/minubaltic.ee\\\/fi\\\/#organization\",\"name\":\"Minu Baltic O\u00dc\",\"url\":\"https:\\\/\\\/minubaltic.ee\\\/fi\\\/\",\"logo\":{\"@type\":\"ImageObject\",\"inLanguage\":\"fi\",\"@id\":\"https:\\\/\\\/minubaltic.ee\\\/fi\\\/#\\\/schema\\\/logo\\\/image\\\/\",\"url\":\"https:\\\/\\\/minubaltic.ee\\\/wp-content\\\/uploads\\\/2023\\\/10\\\/cropped-cropped-cropped-logo.png\",\"contentUrl\":\"https:\\\/\\\/minubaltic.ee\\\/wp-content\\\/uploads\\\/2023\\\/10\\\/cropped-cropped-cropped-logo.png\",\"width\":500,\"height\":237,\"caption\":\"Minu Baltic O\u00dc\"},\"image\":{\"@id\":\"https:\\\/\\\/minubaltic.ee\\\/fi\\\/#\\\/schema\\\/logo\\\/image\\\/\"},\"sameAs\":[\"https:\\\/\\\/www.facebook.com\\\/minubaltic\"]}]}<\/script>\n<!-- \/ Yoast SEO plugin. -->","yoast_head_json":{"title":"Puuvillapyyhe (Manteli) - Puuvillapyyhkeet 2\u20ac Minu Baltic","description":"Puuvillapyyhkeet ovat loistava valinta, sill\u00e4 ne imev\u00e4t hyvin kosteutta ja ovat pehmeit\u00e4 ja ihoyst\u00e4v\u00e4llisi\u00e4 nauttiakseen mukavuudesta ja ......","robots":{"index":"index","follow":"follow","max-snippet":"max-snippet:-1","max-image-preview":"max-image-preview:large","max-video-preview":"max-video-preview:-1"},"canonical":"https:\/\/minubaltic.ee\/fi\/e-pood\/kasipyyhe\/puuvillapyyhe-manteli\/","og_locale":"fi_FI","og_type":"article","og_title":"Puuvillapyyhe (Manteli) - Puuvillapyyhkeet 2\u20ac Minu Baltic","og_description":"Puuvillapyyhkeet ovat loistava valinta, sill\u00e4 ne imev\u00e4t hyvin kosteutta ja ovat pehmeit\u00e4 ja ihoyst\u00e4v\u00e4llisi\u00e4 nauttiakseen mukavuudesta ja ......","og_url":"https:\/\/minubaltic.ee\/fi\/e-pood\/kasipyyhe\/puuvillapyyhe-manteli\/","article_publisher":"https:\/\/www.facebook.com\/minubaltic","article_modified_time":"2024-10-26T16:39:22+00:00","og_image":[{"width":800,"height":800,"url":"https:\/\/minubaltic.ee\/wp-content\/uploads\/2024\/10\/Puuvillane-ratik-18.jpg","type":"image\/jpeg"}],"twitter_card":"summary_large_image","twitter_misc":{"Arvioitu lukuaika":"1 minuutti"},"schema":{"@context":"https:\/\/schema.org","@graph":[{"@type":"WebPage","@id":"https:\/\/minubaltic.ee\/fi\/e-pood\/kasipyyhe\/puuvillapyyhe-manteli\/","url":"https:\/\/minubaltic.ee\/fi\/e-pood\/kasipyyhe\/puuvillapyyhe-manteli\/","name":"Puuvillapyyhe (Manteli) - Puuvillapyyhkeet 2\u20ac Minu Baltic","isPartOf":{"@id":"https:\/\/minubaltic.ee\/fi\/#website"},"primaryImageOfPage":{"@id":"https:\/\/minubaltic.ee\/fi\/e-pood\/kasipyyhe\/puuvillapyyhe-manteli\/#primaryimage"},"image":{"@id":"https:\/\/minubaltic.ee\/fi\/e-pood\/kasipyyhe\/puuvillapyyhe-manteli\/#primaryimage"},"thumbnailUrl":"https:\/\/minubaltic.ee\/wp-content\/uploads\/2024\/10\/Puuvillane-ratik-18.jpg","datePublished":"2024-10-26T16:30:44+00:00","dateModified":"2024-10-26T16:39:22+00:00","description":"Puuvillapyyhkeet ovat loistava valinta, sill\u00e4 ne imev\u00e4t hyvin kosteutta ja ovat pehmeit\u00e4 ja ihoyst\u00e4v\u00e4llisi\u00e4 nauttiakseen mukavuudesta ja ......","breadcrumb":{"@id":"https:\/\/minubaltic.ee\/fi\/e-pood\/kasipyyhe\/puuvillapyyhe-manteli\/#breadcrumb"},"inLanguage":"fi","potentialAction":[{"@type":"ReadAction","target":["https:\/\/minubaltic.ee\/fi\/e-pood\/kasipyyhe\/puuvillapyyhe-manteli\/"]}]},{"@type":"ImageObject","inLanguage":"fi","@id":"https:\/\/minubaltic.ee\/fi\/e-pood\/kasipyyhe\/puuvillapyyhe-manteli\/#primaryimage","url":"https:\/\/minubaltic.ee\/wp-content\/uploads\/2024\/10\/Puuvillane-ratik-18.jpg","contentUrl":"https:\/\/minubaltic.ee\/wp-content\/uploads\/2024\/10\/Puuvillane-ratik-18.jpg","width":800,"height":800},{"@type":"BreadcrumbList","@id":"https:\/\/minubaltic.ee\/fi\/e-pood\/kasipyyhe\/puuvillapyyhe-manteli\/#breadcrumb","itemListElement":[{"@type":"ListItem","position":1,"name":"Home","item":"https:\/\/minubaltic.ee\/fi\/"},{"@type":"ListItem","position":2,"name":"Verkkokauppa","item":"https:\/\/minubaltic.ee\/fi\/verkkokauppa\/"},{"@type":"ListItem","position":3,"name":"Puuvillapyyhe (Manteli)"}]},{"@type":"WebSite","@id":"https:\/\/minubaltic.ee\/fi\/#website","url":"https:\/\/minubaltic.ee\/fi\/","name":"minubaltic.ee","description":"","publisher":{"@id":"https:\/\/minubaltic.ee\/fi\/#organization"},"potentialAction":[{"@type":"SearchAction","target":{"@type":"EntryPoint","urlTemplate":"https:\/\/minubaltic.ee\/fi\/?s={search_term_string}"},"query-input":{"@type":"PropertyValueSpecification","valueRequired":true,"valueName":"search_term_string"}}],"inLanguage":"fi"},{"@type":"Organization","@id":"https:\/\/minubaltic.ee\/fi\/#organization","name":"Minu Baltic O\u00dc","url":"https:\/\/minubaltic.ee\/fi\/","logo":{"@type":"ImageObject","inLanguage":"fi","@id":"https:\/\/minubaltic.ee\/fi\/#\/schema\/logo\/image\/","url":"https:\/\/minubaltic.ee\/wp-content\/uploads\/2023\/10\/cropped-cropped-cropped-logo.png","contentUrl":"https:\/\/minubaltic.ee\/wp-content\/uploads\/2023\/10\/cropped-cropped-cropped-logo.png","width":500,"height":237,"caption":"Minu Baltic O\u00dc"},"image":{"@id":"https:\/\/minubaltic.ee\/fi\/#\/schema\/logo\/image\/"},"sameAs":["https:\/\/www.facebook.com\/minubaltic"]}]}},"_links":{"self":[{"href":"https:\/\/minubaltic.ee\/fi\/wp-json\/wp\/v2\/product\/37567","targetHints":{"allow":["GET"]}}],"collection":[{"href":"https:\/\/minubaltic.ee\/fi\/wp-json\/wp\/v2\/product"}],"about":[{"href":"https:\/\/minubaltic.ee\/fi\/wp-json\/wp\/v2\/types\/product"}],"replies":[{"embeddable":true,"href":"https:\/\/minubaltic.ee\/fi\/wp-json\/wp\/v2\/comments?post=37567"}],"version-history":[{"count":2,"href":"https:\/\/minubaltic.ee\/fi\/wp-json\/wp\/v2\/product\/37567\/revisions"}],"predecessor-version":[{"id":37604,"href":"https:\/\/minubaltic.ee\/fi\/wp-json\/wp\/v2\/product\/37567\/revisions\/37604"}],"wp:featuredmedia":[{"embeddable":true,"href":"https:\/\/minubaltic.ee\/fi\/wp-json\/wp\/v2\/media\/37572"}],"wp:attachment":[{"href":"https:\/\/minubaltic.ee\/fi\/wp-json\/wp\/v2\/media?parent=37567"}],"wp:term":[{"taxonomy":"product_brand","embeddable":true,"href":"https:\/\/minubaltic.ee\/fi\/wp-json\/wp\/v2\/product_brand?post=37567"},{"taxonomy":"product_cat","embeddable":true,"href":"https:\/\/minubaltic.ee\/fi\/wp-json\/wp\/v2\/product_cat?post=37567"},{"taxonomy":"product_tag","embeddable":true,"href":"https:\/\/minubaltic.ee\/fi\/wp-json\/wp\/v2\/product_tag?post=37567"}],"curies":[{"name":"wp","href":"https:\/\/api.w.org\/{rel}","templated":true}]}}