{"id":34897,"date":"2024-09-04T17:13:51","date_gmt":"2024-09-04T14:13:51","guid":{"rendered":"https:\/\/minubaltic.ee\/?post_type=product&#038;p=34897"},"modified":"2024-09-04T17:31:20","modified_gmt":"2024-09-04T14:31:20","slug":"premium-vuodevaatteet-setti-villi-ruusu-lyocell-puuvilla","status":"publish","type":"product","link":"https:\/\/minubaltic.ee\/fi\/e-pood\/vuodevaatteet\/premium-vuodevaatteet-setti-villi-ruusu-lyocell-puuvilla\/","title":{"rendered":"Premium vuodevaatteet setti Villi ruusu | Lyocell\/Puuvilla"},"content":{"rendered":"<p>Lyocellin ja puuvillan sekoitusvuodevaatteet yhdist\u00e4v\u00e4t ylellisen pehmeyden ja hengitt\u00e4v\u00e4n mukavuuden. Silkkisest\u00e4 koostumuksestaan \u200b\u200bja kosteutta siirt\u00e4v\u00e4st\u00e4\u00e4n tunnettu lyocell varmistaa raikkauden koko y\u00f6n ajan. Puuvilla lis\u00e4\u00e4 kest\u00e4vyytt\u00e4 ja luonnollista hengitt\u00e4vyytt\u00e4, mik\u00e4 tekee setist\u00e4 ihanteellisen jokap\u00e4iv\u00e4iseen k\u00e4ytt\u00f6\u00f6n.<\/p>\n","protected":false},"excerpt":{"rendered":"<p><strong>Materiaali:<\/strong> 70% Lyocellia, 30% Puuvillaa<br \/>\n<strong>Mukavuus:<\/strong> Hengitt\u00e4v\u00e4 ja pehme\u00e4 rakenne<br \/>\n<strong>Sarjan sis\u00e4lt\u00f6:<\/strong> 1 pussilakana, 2 tyynyliinaa<br \/>\n<strong>Pussilakana:<\/strong> 200\u00d7220<br \/>\n<strong>Tyynyliina:<\/strong> 50\u00d775 (2 kpl)<\/p>\n","protected":false},"featured_media":34909,"comment_status":"open","ping_status":"closed","template":"","meta":[],"product_brand":[],"product_cat":[868,766,821,826,396,398,617],"product_tag":[402,401,400],"class_list":{"0":"post-34897","1":"product","2":"type-product","3":"status-publish","4":"has-post-thumbnail","6":"product_cat-lyocell-vuodevaatteet","7":"product_cat-orgaaniset-vuodevaatteet","8":"product_cat-puuvillaiset-vuodevaatteet","9":"product_cat-puuvillaiset-vuodevaatteet-setit","10":"product_cat-vuodevaatteet","11":"product_cat-vuodevaatteet-200-220","12":"product_cat-vuodevaatteet-setit","13":"product_tag-kodin-tekstiilit","14":"product_tag-tekstiili","15":"product_tag-verkkokauppa","17":"first","18":"instock","19":"shipping-taxable","20":"purchasable","21":"product-type-simple"},"yoast_head":"<!-- This site is optimized with the Yoast SEO plugin v27.4 - https:\/\/yoast.com\/product\/yoast-seo-wordpress\/ -->\n<title>Premium vuodevaatteet setti Villi ruusu | Lyocell\/Puuvilla<\/title>\n<meta name=\"description\" content=\"Lyocellin ja puuvillan sekoitusvuodevaatteet yhdist\u00e4v\u00e4t ylellisen pehmeyden ja hengitt\u00e4v\u00e4n mukavuuden. Silkkisest\u00e4 koostumuksestaan \u200b\u200bja kosteutta....\" \/>\n<meta name=\"robots\" content=\"index, follow, max-snippet:-1, max-image-preview:large, max-video-preview:-1\" \/>\n<link rel=\"canonical\" href=\"https:\/\/minubaltic.ee\/fi\/e-pood\/vuodevaatteet\/premium-vuodevaatteet-setti-villi-ruusu-lyocell-puuvilla\/\" \/>\n<meta property=\"og:locale\" content=\"fi_FI\" \/>\n<meta property=\"og:type\" content=\"article\" \/>\n<meta property=\"og:title\" content=\"Premium vuodevaatteet setti Villi ruusu | Lyocell\/Puuvilla\" \/>\n<meta property=\"og:description\" content=\"Lyocellin ja puuvillan sekoitusvuodevaatteet yhdist\u00e4v\u00e4t ylellisen pehmeyden ja hengitt\u00e4v\u00e4n mukavuuden. Silkkisest\u00e4 koostumuksestaan \u200b\u200bja kosteutta....\" \/>\n<meta property=\"og:url\" content=\"https:\/\/minubaltic.ee\/fi\/e-pood\/vuodevaatteet\/premium-vuodevaatteet-setti-villi-ruusu-lyocell-puuvilla\/\" \/>\n<meta property=\"article:publisher\" content=\"https:\/\/www.facebook.com\/minubaltic\" \/>\n<meta property=\"article:modified_time\" content=\"2024-09-04T14:31:20+00:00\" \/>\n<meta property=\"og:image\" content=\"https:\/\/minubaltic.ee\/wp-content\/uploads\/2024\/09\/Puuvillased-voodipesukomplekt-43.jpg\" \/>\n\t<meta property=\"og:image:width\" content=\"800\" \/>\n\t<meta property=\"og:image:height\" content=\"800\" \/>\n\t<meta property=\"og:image:type\" content=\"image\/jpeg\" \/>\n<meta name=\"twitter:card\" content=\"summary_large_image\" \/>\n<meta name=\"twitter:label1\" content=\"Arvioitu lukuaika\" \/>\n\t<meta name=\"twitter:data1\" content=\"1 minuutti\" \/>\n<script type=\"application\/ld+json\" class=\"yoast-schema-graph\">{\"@context\":\"https:\\\/\\\/schema.org\",\"@graph\":[{\"@type\":\"WebPage\",\"@id\":\"https:\\\/\\\/minubaltic.ee\\\/fi\\\/e-pood\\\/vuodevaatteet\\\/premium-vuodevaatteet-setti-villi-ruusu-lyocell-puuvilla\\\/\",\"url\":\"https:\\\/\\\/minubaltic.ee\\\/fi\\\/e-pood\\\/vuodevaatteet\\\/premium-vuodevaatteet-setti-villi-ruusu-lyocell-puuvilla\\\/\",\"name\":\"Premium vuodevaatteet setti Villi ruusu | Lyocell\\\/Puuvilla\",\"isPartOf\":{\"@id\":\"https:\\\/\\\/minubaltic.ee\\\/fi\\\/#website\"},\"primaryImageOfPage\":{\"@id\":\"https:\\\/\\\/minubaltic.ee\\\/fi\\\/e-pood\\\/vuodevaatteet\\\/premium-vuodevaatteet-setti-villi-ruusu-lyocell-puuvilla\\\/#primaryimage\"},\"image\":{\"@id\":\"https:\\\/\\\/minubaltic.ee\\\/fi\\\/e-pood\\\/vuodevaatteet\\\/premium-vuodevaatteet-setti-villi-ruusu-lyocell-puuvilla\\\/#primaryimage\"},\"thumbnailUrl\":\"https:\\\/\\\/minubaltic.ee\\\/wp-content\\\/uploads\\\/2024\\\/09\\\/Puuvillased-voodipesukomplekt-43.jpg\",\"datePublished\":\"2024-09-04T14:13:51+00:00\",\"dateModified\":\"2024-09-04T14:31:20+00:00\",\"description\":\"Lyocellin ja puuvillan sekoitusvuodevaatteet yhdist\u00e4v\u00e4t ylellisen pehmeyden ja hengitt\u00e4v\u00e4n mukavuuden. Silkkisest\u00e4 koostumuksestaan \u200b\u200bja kosteutta....\",\"breadcrumb\":{\"@id\":\"https:\\\/\\\/minubaltic.ee\\\/fi\\\/e-pood\\\/vuodevaatteet\\\/premium-vuodevaatteet-setti-villi-ruusu-lyocell-puuvilla\\\/#breadcrumb\"},\"inLanguage\":\"fi\",\"potentialAction\":[{\"@type\":\"ReadAction\",\"target\":[\"https:\\\/\\\/minubaltic.ee\\\/fi\\\/e-pood\\\/vuodevaatteet\\\/premium-vuodevaatteet-setti-villi-ruusu-lyocell-puuvilla\\\/\"]}]},{\"@type\":\"ImageObject\",\"inLanguage\":\"fi\",\"@id\":\"https:\\\/\\\/minubaltic.ee\\\/fi\\\/e-pood\\\/vuodevaatteet\\\/premium-vuodevaatteet-setti-villi-ruusu-lyocell-puuvilla\\\/#primaryimage\",\"url\":\"https:\\\/\\\/minubaltic.ee\\\/wp-content\\\/uploads\\\/2024\\\/09\\\/Puuvillased-voodipesukomplekt-43.jpg\",\"contentUrl\":\"https:\\\/\\\/minubaltic.ee\\\/wp-content\\\/uploads\\\/2024\\\/09\\\/Puuvillased-voodipesukomplekt-43.jpg\",\"width\":800,\"height\":800},{\"@type\":\"BreadcrumbList\",\"@id\":\"https:\\\/\\\/minubaltic.ee\\\/fi\\\/e-pood\\\/vuodevaatteet\\\/premium-vuodevaatteet-setti-villi-ruusu-lyocell-puuvilla\\\/#breadcrumb\",\"itemListElement\":[{\"@type\":\"ListItem\",\"position\":1,\"name\":\"Home\",\"item\":\"https:\\\/\\\/minubaltic.ee\\\/fi\\\/\"},{\"@type\":\"ListItem\",\"position\":2,\"name\":\"Verkkokauppa\",\"item\":\"https:\\\/\\\/minubaltic.ee\\\/fi\\\/verkkokauppa\\\/\"},{\"@type\":\"ListItem\",\"position\":3,\"name\":\"Premium vuodevaatteet setti Villi ruusu | Lyocell\\\/Puuvilla\"}]},{\"@type\":\"WebSite\",\"@id\":\"https:\\\/\\\/minubaltic.ee\\\/fi\\\/#website\",\"url\":\"https:\\\/\\\/minubaltic.ee\\\/fi\\\/\",\"name\":\"minubaltic.ee\",\"description\":\"\",\"publisher\":{\"@id\":\"https:\\\/\\\/minubaltic.ee\\\/fi\\\/#organization\"},\"potentialAction\":[{\"@type\":\"SearchAction\",\"target\":{\"@type\":\"EntryPoint\",\"urlTemplate\":\"https:\\\/\\\/minubaltic.ee\\\/fi\\\/?s={search_term_string}\"},\"query-input\":{\"@type\":\"PropertyValueSpecification\",\"valueRequired\":true,\"valueName\":\"search_term_string\"}}],\"inLanguage\":\"fi\"},{\"@type\":\"Organization\",\"@id\":\"https:\\\/\\\/minubaltic.ee\\\/fi\\\/#organization\",\"name\":\"Minu Baltic O\u00dc\",\"url\":\"https:\\\/\\\/minubaltic.ee\\\/fi\\\/\",\"logo\":{\"@type\":\"ImageObject\",\"inLanguage\":\"fi\",\"@id\":\"https:\\\/\\\/minubaltic.ee\\\/fi\\\/#\\\/schema\\\/logo\\\/image\\\/\",\"url\":\"https:\\\/\\\/minubaltic.ee\\\/wp-content\\\/uploads\\\/2023\\\/10\\\/cropped-cropped-cropped-logo.png\",\"contentUrl\":\"https:\\\/\\\/minubaltic.ee\\\/wp-content\\\/uploads\\\/2023\\\/10\\\/cropped-cropped-cropped-logo.png\",\"width\":500,\"height\":237,\"caption\":\"Minu Baltic O\u00dc\"},\"image\":{\"@id\":\"https:\\\/\\\/minubaltic.ee\\\/fi\\\/#\\\/schema\\\/logo\\\/image\\\/\"},\"sameAs\":[\"https:\\\/\\\/www.facebook.com\\\/minubaltic\"]}]}<\/script>\n<!-- \/ Yoast SEO plugin. -->","yoast_head_json":{"title":"Premium vuodevaatteet setti Villi ruusu | Lyocell\/Puuvilla","description":"Lyocellin ja puuvillan sekoitusvuodevaatteet yhdist\u00e4v\u00e4t ylellisen pehmeyden ja hengitt\u00e4v\u00e4n mukavuuden. Silkkisest\u00e4 koostumuksestaan \u200b\u200bja kosteutta....","robots":{"index":"index","follow":"follow","max-snippet":"max-snippet:-1","max-image-preview":"max-image-preview:large","max-video-preview":"max-video-preview:-1"},"canonical":"https:\/\/minubaltic.ee\/fi\/e-pood\/vuodevaatteet\/premium-vuodevaatteet-setti-villi-ruusu-lyocell-puuvilla\/","og_locale":"fi_FI","og_type":"article","og_title":"Premium vuodevaatteet setti Villi ruusu | Lyocell\/Puuvilla","og_description":"Lyocellin ja puuvillan sekoitusvuodevaatteet yhdist\u00e4v\u00e4t ylellisen pehmeyden ja hengitt\u00e4v\u00e4n mukavuuden. Silkkisest\u00e4 koostumuksestaan \u200b\u200bja kosteutta....","og_url":"https:\/\/minubaltic.ee\/fi\/e-pood\/vuodevaatteet\/premium-vuodevaatteet-setti-villi-ruusu-lyocell-puuvilla\/","article_publisher":"https:\/\/www.facebook.com\/minubaltic","article_modified_time":"2024-09-04T14:31:20+00:00","og_image":[{"width":800,"height":800,"url":"https:\/\/minubaltic.ee\/wp-content\/uploads\/2024\/09\/Puuvillased-voodipesukomplekt-43.jpg","type":"image\/jpeg"}],"twitter_card":"summary_large_image","twitter_misc":{"Arvioitu lukuaika":"1 minuutti"},"schema":{"@context":"https:\/\/schema.org","@graph":[{"@type":"WebPage","@id":"https:\/\/minubaltic.ee\/fi\/e-pood\/vuodevaatteet\/premium-vuodevaatteet-setti-villi-ruusu-lyocell-puuvilla\/","url":"https:\/\/minubaltic.ee\/fi\/e-pood\/vuodevaatteet\/premium-vuodevaatteet-setti-villi-ruusu-lyocell-puuvilla\/","name":"Premium vuodevaatteet setti Villi ruusu | Lyocell\/Puuvilla","isPartOf":{"@id":"https:\/\/minubaltic.ee\/fi\/#website"},"primaryImageOfPage":{"@id":"https:\/\/minubaltic.ee\/fi\/e-pood\/vuodevaatteet\/premium-vuodevaatteet-setti-villi-ruusu-lyocell-puuvilla\/#primaryimage"},"image":{"@id":"https:\/\/minubaltic.ee\/fi\/e-pood\/vuodevaatteet\/premium-vuodevaatteet-setti-villi-ruusu-lyocell-puuvilla\/#primaryimage"},"thumbnailUrl":"https:\/\/minubaltic.ee\/wp-content\/uploads\/2024\/09\/Puuvillased-voodipesukomplekt-43.jpg","datePublished":"2024-09-04T14:13:51+00:00","dateModified":"2024-09-04T14:31:20+00:00","description":"Lyocellin ja puuvillan sekoitusvuodevaatteet yhdist\u00e4v\u00e4t ylellisen pehmeyden ja hengitt\u00e4v\u00e4n mukavuuden. Silkkisest\u00e4 koostumuksestaan \u200b\u200bja kosteutta....","breadcrumb":{"@id":"https:\/\/minubaltic.ee\/fi\/e-pood\/vuodevaatteet\/premium-vuodevaatteet-setti-villi-ruusu-lyocell-puuvilla\/#breadcrumb"},"inLanguage":"fi","potentialAction":[{"@type":"ReadAction","target":["https:\/\/minubaltic.ee\/fi\/e-pood\/vuodevaatteet\/premium-vuodevaatteet-setti-villi-ruusu-lyocell-puuvilla\/"]}]},{"@type":"ImageObject","inLanguage":"fi","@id":"https:\/\/minubaltic.ee\/fi\/e-pood\/vuodevaatteet\/premium-vuodevaatteet-setti-villi-ruusu-lyocell-puuvilla\/#primaryimage","url":"https:\/\/minubaltic.ee\/wp-content\/uploads\/2024\/09\/Puuvillased-voodipesukomplekt-43.jpg","contentUrl":"https:\/\/minubaltic.ee\/wp-content\/uploads\/2024\/09\/Puuvillased-voodipesukomplekt-43.jpg","width":800,"height":800},{"@type":"BreadcrumbList","@id":"https:\/\/minubaltic.ee\/fi\/e-pood\/vuodevaatteet\/premium-vuodevaatteet-setti-villi-ruusu-lyocell-puuvilla\/#breadcrumb","itemListElement":[{"@type":"ListItem","position":1,"name":"Home","item":"https:\/\/minubaltic.ee\/fi\/"},{"@type":"ListItem","position":2,"name":"Verkkokauppa","item":"https:\/\/minubaltic.ee\/fi\/verkkokauppa\/"},{"@type":"ListItem","position":3,"name":"Premium vuodevaatteet setti Villi ruusu | Lyocell\/Puuvilla"}]},{"@type":"WebSite","@id":"https:\/\/minubaltic.ee\/fi\/#website","url":"https:\/\/minubaltic.ee\/fi\/","name":"minubaltic.ee","description":"","publisher":{"@id":"https:\/\/minubaltic.ee\/fi\/#organization"},"potentialAction":[{"@type":"SearchAction","target":{"@type":"EntryPoint","urlTemplate":"https:\/\/minubaltic.ee\/fi\/?s={search_term_string}"},"query-input":{"@type":"PropertyValueSpecification","valueRequired":true,"valueName":"search_term_string"}}],"inLanguage":"fi"},{"@type":"Organization","@id":"https:\/\/minubaltic.ee\/fi\/#organization","name":"Minu Baltic O\u00dc","url":"https:\/\/minubaltic.ee\/fi\/","logo":{"@type":"ImageObject","inLanguage":"fi","@id":"https:\/\/minubaltic.ee\/fi\/#\/schema\/logo\/image\/","url":"https:\/\/minubaltic.ee\/wp-content\/uploads\/2023\/10\/cropped-cropped-cropped-logo.png","contentUrl":"https:\/\/minubaltic.ee\/wp-content\/uploads\/2023\/10\/cropped-cropped-cropped-logo.png","width":500,"height":237,"caption":"Minu Baltic O\u00dc"},"image":{"@id":"https:\/\/minubaltic.ee\/fi\/#\/schema\/logo\/image\/"},"sameAs":["https:\/\/www.facebook.com\/minubaltic"]}]}},"_links":{"self":[{"href":"https:\/\/minubaltic.ee\/fi\/wp-json\/wp\/v2\/product\/34897","targetHints":{"allow":["GET"]}}],"collection":[{"href":"https:\/\/minubaltic.ee\/fi\/wp-json\/wp\/v2\/product"}],"about":[{"href":"https:\/\/minubaltic.ee\/fi\/wp-json\/wp\/v2\/types\/product"}],"replies":[{"embeddable":true,"href":"https:\/\/minubaltic.ee\/fi\/wp-json\/wp\/v2\/comments?post=34897"}],"version-history":[{"count":2,"href":"https:\/\/minubaltic.ee\/fi\/wp-json\/wp\/v2\/product\/34897\/revisions"}],"predecessor-version":[{"id":34942,"href":"https:\/\/minubaltic.ee\/fi\/wp-json\/wp\/v2\/product\/34897\/revisions\/34942"}],"wp:featuredmedia":[{"embeddable":true,"href":"https:\/\/minubaltic.ee\/fi\/wp-json\/wp\/v2\/media\/34909"}],"wp:attachment":[{"href":"https:\/\/minubaltic.ee\/fi\/wp-json\/wp\/v2\/media?parent=34897"}],"wp:term":[{"taxonomy":"product_brand","embeddable":true,"href":"https:\/\/minubaltic.ee\/fi\/wp-json\/wp\/v2\/product_brand?post=34897"},{"taxonomy":"product_cat","embeddable":true,"href":"https:\/\/minubaltic.ee\/fi\/wp-json\/wp\/v2\/product_cat?post=34897"},{"taxonomy":"product_tag","embeddable":true,"href":"https:\/\/minubaltic.ee\/fi\/wp-json\/wp\/v2\/product_tag?post=34897"}],"curies":[{"name":"wp","href":"https:\/\/api.w.org\/{rel}","templated":true}]}}