{"id":33771,"date":"2024-08-31T02:11:12","date_gmt":"2024-08-30T23:11:12","guid":{"rendered":"https:\/\/minubaltic.ee\/?post_type=product&#038;p=33771"},"modified":"2024-08-31T02:22:20","modified_gmt":"2024-08-30T23:22:20","slug":"kesapeitto-setti-lilja","status":"publish","type":"product","link":"https:\/\/minubaltic.ee\/fi\/e-pood\/peittosetit\/kesapeitto-setti-lilja\/","title":{"rendered":"Kes\u00e4peitto setti | Lilja"},"content":{"rendered":"<p>Kes\u00e4peittosetin mukana tulee kevyt peitto, viilent\u00e4v\u00e4 lakana ja tyynyliinat, jotka takaavat ihanteellisen nukkumismukavuuden kuumina \u00f6in\u00e4. Sarjan materiaalit on valittu hengitt\u00e4viksi ja nopeasti kuivuviksi, mik\u00e4 auttaa pit\u00e4m\u00e4\u00e4n sinut viile\u00e4n\u00e4 koko y\u00f6n. Lis\u00e4ksi setin v\u00e4rit ja muotoilu antavat makuuhuoneeseen raikkaan ilmeen.<\/p>\n","protected":false},"excerpt":{"rendered":"<p><strong>Materiaali:<\/strong> Polyesteri<br \/>\n<strong>Tuote pakkauksessa:<\/strong> 4 kpl<br \/>\n<strong>Peitto:<\/strong> 200\u00d7230<br \/>\n<strong>Lakana:<\/strong> 250\u00d7250<br \/>\n<strong>Tyynyliinaa:<\/strong> 50\u00d775 (2 kpl)<\/p>\n","protected":false},"featured_media":33777,"comment_status":"open","ping_status":"closed","template":"","meta":[],"product_brand":[],"product_cat":[881],"product_tag":[402,407,401,400],"class_list":{"0":"post-33771","1":"product","2":"type-product","3":"status-publish","4":"has-post-thumbnail","6":"product_cat-peittosetit","7":"product_tag-kodin-tekstiilit","8":"product_tag-peitto","9":"product_tag-tekstiili","10":"product_tag-verkkokauppa","12":"first","13":"instock","14":"shipping-taxable","15":"purchasable","16":"product-type-simple"},"yoast_head":"<!-- This site is optimized with the Yoast SEO plugin v27.3 - https:\/\/yoast.com\/product\/yoast-seo-wordpress\/ -->\n<title>Kes\u00e4peitto setti | Lilja - Minu Baltic<\/title>\n<meta name=\"description\" content=\"Kes\u00e4peitto Setin mukana tulee kevyt peitto, viilent\u00e4v\u00e4 lakana ja tyynyliinat, jotka takaavat ihanteellisen nukkumismukavuuden kuumina \u00f6in\u00e4...\" \/>\n<meta name=\"robots\" content=\"index, follow, max-snippet:-1, max-image-preview:large, max-video-preview:-1\" \/>\n<link rel=\"canonical\" href=\"https:\/\/minubaltic.ee\/fi\/e-pood\/peittosetit\/kesapeitto-setti-lilja\/\" \/>\n<meta property=\"og:locale\" content=\"fi_FI\" \/>\n<meta property=\"og:type\" content=\"article\" \/>\n<meta property=\"og:title\" content=\"Kes\u00e4peitto setti | Lilja - Minu Baltic\" \/>\n<meta property=\"og:description\" content=\"Kes\u00e4peitto Setin mukana tulee kevyt peitto, viilent\u00e4v\u00e4 lakana ja tyynyliinat, jotka takaavat ihanteellisen nukkumismukavuuden kuumina \u00f6in\u00e4...\" \/>\n<meta property=\"og:url\" content=\"https:\/\/minubaltic.ee\/fi\/e-pood\/peittosetit\/kesapeitto-setti-lilja\/\" \/>\n<meta property=\"article:publisher\" content=\"https:\/\/www.facebook.com\/minubaltic\" \/>\n<meta property=\"article:modified_time\" content=\"2024-08-30T23:22:20+00:00\" \/>\n<meta property=\"og:image\" content=\"https:\/\/minubaltic.ee\/wp-content\/uploads\/2024\/08\/Suvine-tekikomplekt-16.jpg\" \/>\n\t<meta property=\"og:image:width\" content=\"800\" \/>\n\t<meta property=\"og:image:height\" content=\"800\" \/>\n\t<meta property=\"og:image:type\" content=\"image\/jpeg\" \/>\n<meta name=\"twitter:card\" content=\"summary_large_image\" \/>\n<meta name=\"twitter:label1\" content=\"Arvioitu lukuaika\" \/>\n\t<meta name=\"twitter:data1\" content=\"1 minuutti\" \/>\n<script type=\"application\/ld+json\" class=\"yoast-schema-graph\">{\"@context\":\"https:\\\/\\\/schema.org\",\"@graph\":[{\"@type\":\"WebPage\",\"@id\":\"https:\\\/\\\/minubaltic.ee\\\/fi\\\/e-pood\\\/peittosetit\\\/kesapeitto-setti-lilja\\\/\",\"url\":\"https:\\\/\\\/minubaltic.ee\\\/fi\\\/e-pood\\\/peittosetit\\\/kesapeitto-setti-lilja\\\/\",\"name\":\"Kes\u00e4peitto setti | Lilja - Minu Baltic\",\"isPartOf\":{\"@id\":\"https:\\\/\\\/minubaltic.ee\\\/fi\\\/#website\"},\"primaryImageOfPage\":{\"@id\":\"https:\\\/\\\/minubaltic.ee\\\/fi\\\/e-pood\\\/peittosetit\\\/kesapeitto-setti-lilja\\\/#primaryimage\"},\"image\":{\"@id\":\"https:\\\/\\\/minubaltic.ee\\\/fi\\\/e-pood\\\/peittosetit\\\/kesapeitto-setti-lilja\\\/#primaryimage\"},\"thumbnailUrl\":\"https:\\\/\\\/minubaltic.ee\\\/wp-content\\\/uploads\\\/2024\\\/08\\\/Suvine-tekikomplekt-16.jpg\",\"datePublished\":\"2024-08-30T23:11:12+00:00\",\"dateModified\":\"2024-08-30T23:22:20+00:00\",\"description\":\"Kes\u00e4peitto Setin mukana tulee kevyt peitto, viilent\u00e4v\u00e4 lakana ja tyynyliinat, jotka takaavat ihanteellisen nukkumismukavuuden kuumina \u00f6in\u00e4...\",\"breadcrumb\":{\"@id\":\"https:\\\/\\\/minubaltic.ee\\\/fi\\\/e-pood\\\/peittosetit\\\/kesapeitto-setti-lilja\\\/#breadcrumb\"},\"inLanguage\":\"fi\",\"potentialAction\":[{\"@type\":\"ReadAction\",\"target\":[\"https:\\\/\\\/minubaltic.ee\\\/fi\\\/e-pood\\\/peittosetit\\\/kesapeitto-setti-lilja\\\/\"]}]},{\"@type\":\"ImageObject\",\"inLanguage\":\"fi\",\"@id\":\"https:\\\/\\\/minubaltic.ee\\\/fi\\\/e-pood\\\/peittosetit\\\/kesapeitto-setti-lilja\\\/#primaryimage\",\"url\":\"https:\\\/\\\/minubaltic.ee\\\/wp-content\\\/uploads\\\/2024\\\/08\\\/Suvine-tekikomplekt-16.jpg\",\"contentUrl\":\"https:\\\/\\\/minubaltic.ee\\\/wp-content\\\/uploads\\\/2024\\\/08\\\/Suvine-tekikomplekt-16.jpg\",\"width\":800,\"height\":800},{\"@type\":\"BreadcrumbList\",\"@id\":\"https:\\\/\\\/minubaltic.ee\\\/fi\\\/e-pood\\\/peittosetit\\\/kesapeitto-setti-lilja\\\/#breadcrumb\",\"itemListElement\":[{\"@type\":\"ListItem\",\"position\":1,\"name\":\"Home\",\"item\":\"https:\\\/\\\/minubaltic.ee\\\/fi\\\/\"},{\"@type\":\"ListItem\",\"position\":2,\"name\":\"Verkkokauppa\",\"item\":\"https:\\\/\\\/minubaltic.ee\\\/fi\\\/verkkokauppa\\\/\"},{\"@type\":\"ListItem\",\"position\":3,\"name\":\"Kes\u00e4peitto setti | Lilja\"}]},{\"@type\":\"WebSite\",\"@id\":\"https:\\\/\\\/minubaltic.ee\\\/fi\\\/#website\",\"url\":\"https:\\\/\\\/minubaltic.ee\\\/fi\\\/\",\"name\":\"minubaltic.ee\",\"description\":\"\",\"publisher\":{\"@id\":\"https:\\\/\\\/minubaltic.ee\\\/fi\\\/#organization\"},\"potentialAction\":[{\"@type\":\"SearchAction\",\"target\":{\"@type\":\"EntryPoint\",\"urlTemplate\":\"https:\\\/\\\/minubaltic.ee\\\/fi\\\/?s={search_term_string}\"},\"query-input\":{\"@type\":\"PropertyValueSpecification\",\"valueRequired\":true,\"valueName\":\"search_term_string\"}}],\"inLanguage\":\"fi\"},{\"@type\":\"Organization\",\"@id\":\"https:\\\/\\\/minubaltic.ee\\\/fi\\\/#organization\",\"name\":\"Minu Baltic O\u00dc\",\"url\":\"https:\\\/\\\/minubaltic.ee\\\/fi\\\/\",\"logo\":{\"@type\":\"ImageObject\",\"inLanguage\":\"fi\",\"@id\":\"https:\\\/\\\/minubaltic.ee\\\/fi\\\/#\\\/schema\\\/logo\\\/image\\\/\",\"url\":\"https:\\\/\\\/minubaltic.ee\\\/wp-content\\\/uploads\\\/2023\\\/10\\\/cropped-cropped-cropped-logo.png\",\"contentUrl\":\"https:\\\/\\\/minubaltic.ee\\\/wp-content\\\/uploads\\\/2023\\\/10\\\/cropped-cropped-cropped-logo.png\",\"width\":500,\"height\":237,\"caption\":\"Minu Baltic O\u00dc\"},\"image\":{\"@id\":\"https:\\\/\\\/minubaltic.ee\\\/fi\\\/#\\\/schema\\\/logo\\\/image\\\/\"},\"sameAs\":[\"https:\\\/\\\/www.facebook.com\\\/minubaltic\"]}]}<\/script>\n<!-- \/ Yoast SEO plugin. -->","yoast_head_json":{"title":"Kes\u00e4peitto setti | Lilja - Minu Baltic","description":"Kes\u00e4peitto Setin mukana tulee kevyt peitto, viilent\u00e4v\u00e4 lakana ja tyynyliinat, jotka takaavat ihanteellisen nukkumismukavuuden kuumina \u00f6in\u00e4...","robots":{"index":"index","follow":"follow","max-snippet":"max-snippet:-1","max-image-preview":"max-image-preview:large","max-video-preview":"max-video-preview:-1"},"canonical":"https:\/\/minubaltic.ee\/fi\/e-pood\/peittosetit\/kesapeitto-setti-lilja\/","og_locale":"fi_FI","og_type":"article","og_title":"Kes\u00e4peitto setti | Lilja - Minu Baltic","og_description":"Kes\u00e4peitto Setin mukana tulee kevyt peitto, viilent\u00e4v\u00e4 lakana ja tyynyliinat, jotka takaavat ihanteellisen nukkumismukavuuden kuumina \u00f6in\u00e4...","og_url":"https:\/\/minubaltic.ee\/fi\/e-pood\/peittosetit\/kesapeitto-setti-lilja\/","article_publisher":"https:\/\/www.facebook.com\/minubaltic","article_modified_time":"2024-08-30T23:22:20+00:00","og_image":[{"width":800,"height":800,"url":"https:\/\/minubaltic.ee\/wp-content\/uploads\/2024\/08\/Suvine-tekikomplekt-16.jpg","type":"image\/jpeg"}],"twitter_card":"summary_large_image","twitter_misc":{"Arvioitu lukuaika":"1 minuutti"},"schema":{"@context":"https:\/\/schema.org","@graph":[{"@type":"WebPage","@id":"https:\/\/minubaltic.ee\/fi\/e-pood\/peittosetit\/kesapeitto-setti-lilja\/","url":"https:\/\/minubaltic.ee\/fi\/e-pood\/peittosetit\/kesapeitto-setti-lilja\/","name":"Kes\u00e4peitto setti | Lilja - Minu Baltic","isPartOf":{"@id":"https:\/\/minubaltic.ee\/fi\/#website"},"primaryImageOfPage":{"@id":"https:\/\/minubaltic.ee\/fi\/e-pood\/peittosetit\/kesapeitto-setti-lilja\/#primaryimage"},"image":{"@id":"https:\/\/minubaltic.ee\/fi\/e-pood\/peittosetit\/kesapeitto-setti-lilja\/#primaryimage"},"thumbnailUrl":"https:\/\/minubaltic.ee\/wp-content\/uploads\/2024\/08\/Suvine-tekikomplekt-16.jpg","datePublished":"2024-08-30T23:11:12+00:00","dateModified":"2024-08-30T23:22:20+00:00","description":"Kes\u00e4peitto Setin mukana tulee kevyt peitto, viilent\u00e4v\u00e4 lakana ja tyynyliinat, jotka takaavat ihanteellisen nukkumismukavuuden kuumina \u00f6in\u00e4...","breadcrumb":{"@id":"https:\/\/minubaltic.ee\/fi\/e-pood\/peittosetit\/kesapeitto-setti-lilja\/#breadcrumb"},"inLanguage":"fi","potentialAction":[{"@type":"ReadAction","target":["https:\/\/minubaltic.ee\/fi\/e-pood\/peittosetit\/kesapeitto-setti-lilja\/"]}]},{"@type":"ImageObject","inLanguage":"fi","@id":"https:\/\/minubaltic.ee\/fi\/e-pood\/peittosetit\/kesapeitto-setti-lilja\/#primaryimage","url":"https:\/\/minubaltic.ee\/wp-content\/uploads\/2024\/08\/Suvine-tekikomplekt-16.jpg","contentUrl":"https:\/\/minubaltic.ee\/wp-content\/uploads\/2024\/08\/Suvine-tekikomplekt-16.jpg","width":800,"height":800},{"@type":"BreadcrumbList","@id":"https:\/\/minubaltic.ee\/fi\/e-pood\/peittosetit\/kesapeitto-setti-lilja\/#breadcrumb","itemListElement":[{"@type":"ListItem","position":1,"name":"Home","item":"https:\/\/minubaltic.ee\/fi\/"},{"@type":"ListItem","position":2,"name":"Verkkokauppa","item":"https:\/\/minubaltic.ee\/fi\/verkkokauppa\/"},{"@type":"ListItem","position":3,"name":"Kes\u00e4peitto setti | Lilja"}]},{"@type":"WebSite","@id":"https:\/\/minubaltic.ee\/fi\/#website","url":"https:\/\/minubaltic.ee\/fi\/","name":"minubaltic.ee","description":"","publisher":{"@id":"https:\/\/minubaltic.ee\/fi\/#organization"},"potentialAction":[{"@type":"SearchAction","target":{"@type":"EntryPoint","urlTemplate":"https:\/\/minubaltic.ee\/fi\/?s={search_term_string}"},"query-input":{"@type":"PropertyValueSpecification","valueRequired":true,"valueName":"search_term_string"}}],"inLanguage":"fi"},{"@type":"Organization","@id":"https:\/\/minubaltic.ee\/fi\/#organization","name":"Minu Baltic O\u00dc","url":"https:\/\/minubaltic.ee\/fi\/","logo":{"@type":"ImageObject","inLanguage":"fi","@id":"https:\/\/minubaltic.ee\/fi\/#\/schema\/logo\/image\/","url":"https:\/\/minubaltic.ee\/wp-content\/uploads\/2023\/10\/cropped-cropped-cropped-logo.png","contentUrl":"https:\/\/minubaltic.ee\/wp-content\/uploads\/2023\/10\/cropped-cropped-cropped-logo.png","width":500,"height":237,"caption":"Minu Baltic O\u00dc"},"image":{"@id":"https:\/\/minubaltic.ee\/fi\/#\/schema\/logo\/image\/"},"sameAs":["https:\/\/www.facebook.com\/minubaltic"]}]}},"_links":{"self":[{"href":"https:\/\/minubaltic.ee\/fi\/wp-json\/wp\/v2\/product\/33771","targetHints":{"allow":["GET"]}}],"collection":[{"href":"https:\/\/minubaltic.ee\/fi\/wp-json\/wp\/v2\/product"}],"about":[{"href":"https:\/\/minubaltic.ee\/fi\/wp-json\/wp\/v2\/types\/product"}],"replies":[{"embeddable":true,"href":"https:\/\/minubaltic.ee\/fi\/wp-json\/wp\/v2\/comments?post=33771"}],"version-history":[{"count":2,"href":"https:\/\/minubaltic.ee\/fi\/wp-json\/wp\/v2\/product\/33771\/revisions"}],"predecessor-version":[{"id":33809,"href":"https:\/\/minubaltic.ee\/fi\/wp-json\/wp\/v2\/product\/33771\/revisions\/33809"}],"wp:featuredmedia":[{"embeddable":true,"href":"https:\/\/minubaltic.ee\/fi\/wp-json\/wp\/v2\/media\/33777"}],"wp:attachment":[{"href":"https:\/\/minubaltic.ee\/fi\/wp-json\/wp\/v2\/media?parent=33771"}],"wp:term":[{"taxonomy":"product_brand","embeddable":true,"href":"https:\/\/minubaltic.ee\/fi\/wp-json\/wp\/v2\/product_brand?post=33771"},{"taxonomy":"product_cat","embeddable":true,"href":"https:\/\/minubaltic.ee\/fi\/wp-json\/wp\/v2\/product_cat?post=33771"},{"taxonomy":"product_tag","embeddable":true,"href":"https:\/\/minubaltic.ee\/fi\/wp-json\/wp\/v2\/product_tag?post=33771"}],"curies":[{"name":"wp","href":"https:\/\/api.w.org\/{rel}","templated":true}]}}