{"id":33159,"date":"2024-08-29T18:44:25","date_gmt":"2024-08-29T15:44:25","guid":{"rendered":"https:\/\/minubaltic.ee\/?post_type=product&#038;p=33159"},"modified":"2024-08-29T18:57:02","modified_gmt":"2024-08-29T15:57:02","slug":"premium-egyptilaisesta-puuvillasta-valmistetut-vuodevaatteet-setti-pionit","status":"publish","type":"product","link":"https:\/\/minubaltic.ee\/fi\/e-pood\/vuodevaatteet\/premium-egyptilaisesta-puuvillasta-valmistetut-vuodevaatteet-setti-pionit\/","title":{"rendered":"Premium Egyptil\u00e4isest\u00e4 puuvillasta valmistetut vuodevaatteet setti | Pionit"},"content":{"rendered":"<p>Egyptil\u00e4isest\u00e4 puuvillasta valmistetut vuodevaatteet tuovat ylellisyytt\u00e4 ja mukavuutta makuuhuoneeseesi. Valmistettu 100 % egyptil\u00e4isest\u00e4 puuvillasta, joka tunnetaan poikkeuksellisesta laadustaan \u200b\u200bja kest\u00e4vyydest\u00e4\u00e4n, t\u00e4m\u00e4 setti takaa sinulle parhaan unikokemuksen.<br \/>\nEgyptil\u00e4isest\u00e4 puuvillasta valmistetut vuodevaatteet tarjoavat parasta ylellisyytt\u00e4 ja mukavuutta, mik\u00e4 tekee jokaisesta illasta erityisen. Sen pehme\u00e4 ja hengitt\u00e4v\u00e4 kangas takaa levollisen unen, ja sen tyylik\u00e4s ulkon\u00e4k\u00f6 lis\u00e4\u00e4 tyyli\u00e4 makuuhuoneeseesi. Valitse egyptil\u00e4inen puuvilla ja nauti laadusta, joka kest\u00e4\u00e4 vuosia.<\/p>\n","protected":false},"excerpt":{"rendered":"<p><strong>Materiaali:<\/strong> 100% Egyptil\u00e4ist\u00e4 puuvillaa<br \/>\n<strong>Kangas:<\/strong> 400 TC<br \/>\n<strong>Mukavuus:<\/strong> Hengitt\u00e4v\u00e4 ja pehme\u00e4 rakenne<br \/>\n<strong>Sarjan sis\u00e4lt\u00f6:<\/strong> 1 pussilakana, 2 tyynyliinaa<br \/>\n<strong>Pussilakana:<\/strong> 200\u00d7220<br \/>\n<strong>Tyynyliina:<\/strong> 50\u00d775 (2 kpl)<\/p>\n","protected":false},"featured_media":33171,"comment_status":"open","ping_status":"closed","template":"","meta":[],"product_brand":[],"product_cat":[862,766,821,826,396,398,617],"product_tag":[402,401,400],"class_list":{"0":"post-33159","1":"product","2":"type-product","3":"status-publish","4":"has-post-thumbnail","6":"product_cat-mako-satin-vuodevaatteet","7":"product_cat-orgaaniset-vuodevaatteet","8":"product_cat-puuvillaiset-vuodevaatteet","9":"product_cat-puuvillaiset-vuodevaatteet-setit","10":"product_cat-vuodevaatteet","11":"product_cat-vuodevaatteet-200-220","12":"product_cat-vuodevaatteet-setit","13":"product_tag-kodin-tekstiilit","14":"product_tag-tekstiili","15":"product_tag-verkkokauppa","17":"first","18":"instock","19":"shipping-taxable","20":"purchasable","21":"product-type-simple"},"yoast_head":"<!-- This site is optimized with the Yoast SEO plugin v27.3 - https:\/\/yoast.com\/product\/yoast-seo-wordpress\/ -->\n<title>Egyptil\u00e4isest\u00e4 puuvillasta valmistetut vuodevaatteet setti | Pionit<\/title>\n<meta name=\"description\" content=\"Egyptil\u00e4isest\u00e4 puuvillasta valmistetut vuodevaatteet tarjoavat parasta ylellisyytt\u00e4 ja mukavuutta, mik\u00e4 tekee jokaisesta illasta erityisen. Sen pehme...\" \/>\n<meta name=\"robots\" content=\"index, follow, max-snippet:-1, max-image-preview:large, max-video-preview:-1\" \/>\n<link rel=\"canonical\" href=\"https:\/\/minubaltic.ee\/fi\/e-pood\/vuodevaatteet\/premium-egyptilaisesta-puuvillasta-valmistetut-vuodevaatteet-setti-pionit\/\" \/>\n<meta property=\"og:locale\" content=\"fi_FI\" \/>\n<meta property=\"og:type\" content=\"article\" \/>\n<meta property=\"og:title\" content=\"Egyptil\u00e4isest\u00e4 puuvillasta valmistetut vuodevaatteet setti | Pionit\" \/>\n<meta property=\"og:description\" content=\"Egyptil\u00e4isest\u00e4 puuvillasta valmistetut vuodevaatteet tarjoavat parasta ylellisyytt\u00e4 ja mukavuutta, mik\u00e4 tekee jokaisesta illasta erityisen. Sen pehme...\" \/>\n<meta property=\"og:url\" content=\"https:\/\/minubaltic.ee\/fi\/e-pood\/vuodevaatteet\/premium-egyptilaisesta-puuvillasta-valmistetut-vuodevaatteet-setti-pionit\/\" \/>\n<meta property=\"article:publisher\" content=\"https:\/\/www.facebook.com\/minubaltic\" \/>\n<meta property=\"article:modified_time\" content=\"2024-08-29T15:57:02+00:00\" \/>\n<meta property=\"og:image\" content=\"https:\/\/minubaltic.ee\/wp-content\/uploads\/2024\/08\/voodipesukomplekt-100-puuvill-26.jpg\" \/>\n\t<meta property=\"og:image:width\" content=\"800\" \/>\n\t<meta property=\"og:image:height\" content=\"800\" \/>\n\t<meta property=\"og:image:type\" content=\"image\/jpeg\" \/>\n<meta name=\"twitter:card\" content=\"summary_large_image\" \/>\n<meta name=\"twitter:label1\" content=\"Arvioitu lukuaika\" \/>\n\t<meta name=\"twitter:data1\" content=\"1 minuutti\" \/>\n<script type=\"application\/ld+json\" class=\"yoast-schema-graph\">{\"@context\":\"https:\\\/\\\/schema.org\",\"@graph\":[{\"@type\":\"WebPage\",\"@id\":\"https:\\\/\\\/minubaltic.ee\\\/fi\\\/e-pood\\\/vuodevaatteet\\\/premium-egyptilaisesta-puuvillasta-valmistetut-vuodevaatteet-setti-pionit\\\/\",\"url\":\"https:\\\/\\\/minubaltic.ee\\\/fi\\\/e-pood\\\/vuodevaatteet\\\/premium-egyptilaisesta-puuvillasta-valmistetut-vuodevaatteet-setti-pionit\\\/\",\"name\":\"Egyptil\u00e4isest\u00e4 puuvillasta valmistetut vuodevaatteet setti | Pionit\",\"isPartOf\":{\"@id\":\"https:\\\/\\\/minubaltic.ee\\\/fi\\\/#website\"},\"primaryImageOfPage\":{\"@id\":\"https:\\\/\\\/minubaltic.ee\\\/fi\\\/e-pood\\\/vuodevaatteet\\\/premium-egyptilaisesta-puuvillasta-valmistetut-vuodevaatteet-setti-pionit\\\/#primaryimage\"},\"image\":{\"@id\":\"https:\\\/\\\/minubaltic.ee\\\/fi\\\/e-pood\\\/vuodevaatteet\\\/premium-egyptilaisesta-puuvillasta-valmistetut-vuodevaatteet-setti-pionit\\\/#primaryimage\"},\"thumbnailUrl\":\"https:\\\/\\\/minubaltic.ee\\\/wp-content\\\/uploads\\\/2024\\\/08\\\/voodipesukomplekt-100-puuvill-26.jpg\",\"datePublished\":\"2024-08-29T15:44:25+00:00\",\"dateModified\":\"2024-08-29T15:57:02+00:00\",\"description\":\"Egyptil\u00e4isest\u00e4 puuvillasta valmistetut vuodevaatteet tarjoavat parasta ylellisyytt\u00e4 ja mukavuutta, mik\u00e4 tekee jokaisesta illasta erityisen. Sen pehme...\",\"breadcrumb\":{\"@id\":\"https:\\\/\\\/minubaltic.ee\\\/fi\\\/e-pood\\\/vuodevaatteet\\\/premium-egyptilaisesta-puuvillasta-valmistetut-vuodevaatteet-setti-pionit\\\/#breadcrumb\"},\"inLanguage\":\"fi\",\"potentialAction\":[{\"@type\":\"ReadAction\",\"target\":[\"https:\\\/\\\/minubaltic.ee\\\/fi\\\/e-pood\\\/vuodevaatteet\\\/premium-egyptilaisesta-puuvillasta-valmistetut-vuodevaatteet-setti-pionit\\\/\"]}]},{\"@type\":\"ImageObject\",\"inLanguage\":\"fi\",\"@id\":\"https:\\\/\\\/minubaltic.ee\\\/fi\\\/e-pood\\\/vuodevaatteet\\\/premium-egyptilaisesta-puuvillasta-valmistetut-vuodevaatteet-setti-pionit\\\/#primaryimage\",\"url\":\"https:\\\/\\\/minubaltic.ee\\\/wp-content\\\/uploads\\\/2024\\\/08\\\/voodipesukomplekt-100-puuvill-26.jpg\",\"contentUrl\":\"https:\\\/\\\/minubaltic.ee\\\/wp-content\\\/uploads\\\/2024\\\/08\\\/voodipesukomplekt-100-puuvill-26.jpg\",\"width\":800,\"height\":800},{\"@type\":\"BreadcrumbList\",\"@id\":\"https:\\\/\\\/minubaltic.ee\\\/fi\\\/e-pood\\\/vuodevaatteet\\\/premium-egyptilaisesta-puuvillasta-valmistetut-vuodevaatteet-setti-pionit\\\/#breadcrumb\",\"itemListElement\":[{\"@type\":\"ListItem\",\"position\":1,\"name\":\"Home\",\"item\":\"https:\\\/\\\/minubaltic.ee\\\/fi\\\/\"},{\"@type\":\"ListItem\",\"position\":2,\"name\":\"Verkkokauppa\",\"item\":\"https:\\\/\\\/minubaltic.ee\\\/fi\\\/verkkokauppa\\\/\"},{\"@type\":\"ListItem\",\"position\":3,\"name\":\"Premium Egyptil\u00e4isest\u00e4 puuvillasta valmistetut vuodevaatteet setti | Pionit\"}]},{\"@type\":\"WebSite\",\"@id\":\"https:\\\/\\\/minubaltic.ee\\\/fi\\\/#website\",\"url\":\"https:\\\/\\\/minubaltic.ee\\\/fi\\\/\",\"name\":\"minubaltic.ee\",\"description\":\"\",\"publisher\":{\"@id\":\"https:\\\/\\\/minubaltic.ee\\\/fi\\\/#organization\"},\"potentialAction\":[{\"@type\":\"SearchAction\",\"target\":{\"@type\":\"EntryPoint\",\"urlTemplate\":\"https:\\\/\\\/minubaltic.ee\\\/fi\\\/?s={search_term_string}\"},\"query-input\":{\"@type\":\"PropertyValueSpecification\",\"valueRequired\":true,\"valueName\":\"search_term_string\"}}],\"inLanguage\":\"fi\"},{\"@type\":\"Organization\",\"@id\":\"https:\\\/\\\/minubaltic.ee\\\/fi\\\/#organization\",\"name\":\"Minu Baltic O\u00dc\",\"url\":\"https:\\\/\\\/minubaltic.ee\\\/fi\\\/\",\"logo\":{\"@type\":\"ImageObject\",\"inLanguage\":\"fi\",\"@id\":\"https:\\\/\\\/minubaltic.ee\\\/fi\\\/#\\\/schema\\\/logo\\\/image\\\/\",\"url\":\"https:\\\/\\\/minubaltic.ee\\\/wp-content\\\/uploads\\\/2023\\\/10\\\/cropped-cropped-cropped-logo.png\",\"contentUrl\":\"https:\\\/\\\/minubaltic.ee\\\/wp-content\\\/uploads\\\/2023\\\/10\\\/cropped-cropped-cropped-logo.png\",\"width\":500,\"height\":237,\"caption\":\"Minu Baltic O\u00dc\"},\"image\":{\"@id\":\"https:\\\/\\\/minubaltic.ee\\\/fi\\\/#\\\/schema\\\/logo\\\/image\\\/\"},\"sameAs\":[\"https:\\\/\\\/www.facebook.com\\\/minubaltic\"]}]}<\/script>\n<!-- \/ Yoast SEO plugin. -->","yoast_head_json":{"title":"Egyptil\u00e4isest\u00e4 puuvillasta valmistetut vuodevaatteet setti | Pionit","description":"Egyptil\u00e4isest\u00e4 puuvillasta valmistetut vuodevaatteet tarjoavat parasta ylellisyytt\u00e4 ja mukavuutta, mik\u00e4 tekee jokaisesta illasta erityisen. Sen pehme...","robots":{"index":"index","follow":"follow","max-snippet":"max-snippet:-1","max-image-preview":"max-image-preview:large","max-video-preview":"max-video-preview:-1"},"canonical":"https:\/\/minubaltic.ee\/fi\/e-pood\/vuodevaatteet\/premium-egyptilaisesta-puuvillasta-valmistetut-vuodevaatteet-setti-pionit\/","og_locale":"fi_FI","og_type":"article","og_title":"Egyptil\u00e4isest\u00e4 puuvillasta valmistetut vuodevaatteet setti | Pionit","og_description":"Egyptil\u00e4isest\u00e4 puuvillasta valmistetut vuodevaatteet tarjoavat parasta ylellisyytt\u00e4 ja mukavuutta, mik\u00e4 tekee jokaisesta illasta erityisen. Sen pehme...","og_url":"https:\/\/minubaltic.ee\/fi\/e-pood\/vuodevaatteet\/premium-egyptilaisesta-puuvillasta-valmistetut-vuodevaatteet-setti-pionit\/","article_publisher":"https:\/\/www.facebook.com\/minubaltic","article_modified_time":"2024-08-29T15:57:02+00:00","og_image":[{"width":800,"height":800,"url":"https:\/\/minubaltic.ee\/wp-content\/uploads\/2024\/08\/voodipesukomplekt-100-puuvill-26.jpg","type":"image\/jpeg"}],"twitter_card":"summary_large_image","twitter_misc":{"Arvioitu lukuaika":"1 minuutti"},"schema":{"@context":"https:\/\/schema.org","@graph":[{"@type":"WebPage","@id":"https:\/\/minubaltic.ee\/fi\/e-pood\/vuodevaatteet\/premium-egyptilaisesta-puuvillasta-valmistetut-vuodevaatteet-setti-pionit\/","url":"https:\/\/minubaltic.ee\/fi\/e-pood\/vuodevaatteet\/premium-egyptilaisesta-puuvillasta-valmistetut-vuodevaatteet-setti-pionit\/","name":"Egyptil\u00e4isest\u00e4 puuvillasta valmistetut vuodevaatteet setti | Pionit","isPartOf":{"@id":"https:\/\/minubaltic.ee\/fi\/#website"},"primaryImageOfPage":{"@id":"https:\/\/minubaltic.ee\/fi\/e-pood\/vuodevaatteet\/premium-egyptilaisesta-puuvillasta-valmistetut-vuodevaatteet-setti-pionit\/#primaryimage"},"image":{"@id":"https:\/\/minubaltic.ee\/fi\/e-pood\/vuodevaatteet\/premium-egyptilaisesta-puuvillasta-valmistetut-vuodevaatteet-setti-pionit\/#primaryimage"},"thumbnailUrl":"https:\/\/minubaltic.ee\/wp-content\/uploads\/2024\/08\/voodipesukomplekt-100-puuvill-26.jpg","datePublished":"2024-08-29T15:44:25+00:00","dateModified":"2024-08-29T15:57:02+00:00","description":"Egyptil\u00e4isest\u00e4 puuvillasta valmistetut vuodevaatteet tarjoavat parasta ylellisyytt\u00e4 ja mukavuutta, mik\u00e4 tekee jokaisesta illasta erityisen. Sen pehme...","breadcrumb":{"@id":"https:\/\/minubaltic.ee\/fi\/e-pood\/vuodevaatteet\/premium-egyptilaisesta-puuvillasta-valmistetut-vuodevaatteet-setti-pionit\/#breadcrumb"},"inLanguage":"fi","potentialAction":[{"@type":"ReadAction","target":["https:\/\/minubaltic.ee\/fi\/e-pood\/vuodevaatteet\/premium-egyptilaisesta-puuvillasta-valmistetut-vuodevaatteet-setti-pionit\/"]}]},{"@type":"ImageObject","inLanguage":"fi","@id":"https:\/\/minubaltic.ee\/fi\/e-pood\/vuodevaatteet\/premium-egyptilaisesta-puuvillasta-valmistetut-vuodevaatteet-setti-pionit\/#primaryimage","url":"https:\/\/minubaltic.ee\/wp-content\/uploads\/2024\/08\/voodipesukomplekt-100-puuvill-26.jpg","contentUrl":"https:\/\/minubaltic.ee\/wp-content\/uploads\/2024\/08\/voodipesukomplekt-100-puuvill-26.jpg","width":800,"height":800},{"@type":"BreadcrumbList","@id":"https:\/\/minubaltic.ee\/fi\/e-pood\/vuodevaatteet\/premium-egyptilaisesta-puuvillasta-valmistetut-vuodevaatteet-setti-pionit\/#breadcrumb","itemListElement":[{"@type":"ListItem","position":1,"name":"Home","item":"https:\/\/minubaltic.ee\/fi\/"},{"@type":"ListItem","position":2,"name":"Verkkokauppa","item":"https:\/\/minubaltic.ee\/fi\/verkkokauppa\/"},{"@type":"ListItem","position":3,"name":"Premium Egyptil\u00e4isest\u00e4 puuvillasta valmistetut vuodevaatteet setti | Pionit"}]},{"@type":"WebSite","@id":"https:\/\/minubaltic.ee\/fi\/#website","url":"https:\/\/minubaltic.ee\/fi\/","name":"minubaltic.ee","description":"","publisher":{"@id":"https:\/\/minubaltic.ee\/fi\/#organization"},"potentialAction":[{"@type":"SearchAction","target":{"@type":"EntryPoint","urlTemplate":"https:\/\/minubaltic.ee\/fi\/?s={search_term_string}"},"query-input":{"@type":"PropertyValueSpecification","valueRequired":true,"valueName":"search_term_string"}}],"inLanguage":"fi"},{"@type":"Organization","@id":"https:\/\/minubaltic.ee\/fi\/#organization","name":"Minu Baltic O\u00dc","url":"https:\/\/minubaltic.ee\/fi\/","logo":{"@type":"ImageObject","inLanguage":"fi","@id":"https:\/\/minubaltic.ee\/fi\/#\/schema\/logo\/image\/","url":"https:\/\/minubaltic.ee\/wp-content\/uploads\/2023\/10\/cropped-cropped-cropped-logo.png","contentUrl":"https:\/\/minubaltic.ee\/wp-content\/uploads\/2023\/10\/cropped-cropped-cropped-logo.png","width":500,"height":237,"caption":"Minu Baltic O\u00dc"},"image":{"@id":"https:\/\/minubaltic.ee\/fi\/#\/schema\/logo\/image\/"},"sameAs":["https:\/\/www.facebook.com\/minubaltic"]}]}},"_links":{"self":[{"href":"https:\/\/minubaltic.ee\/fi\/wp-json\/wp\/v2\/product\/33159","targetHints":{"allow":["GET"]}}],"collection":[{"href":"https:\/\/minubaltic.ee\/fi\/wp-json\/wp\/v2\/product"}],"about":[{"href":"https:\/\/minubaltic.ee\/fi\/wp-json\/wp\/v2\/types\/product"}],"replies":[{"embeddable":true,"href":"https:\/\/minubaltic.ee\/fi\/wp-json\/wp\/v2\/comments?post=33159"}],"version-history":[{"count":3,"href":"https:\/\/minubaltic.ee\/fi\/wp-json\/wp\/v2\/product\/33159\/revisions"}],"predecessor-version":[{"id":33199,"href":"https:\/\/minubaltic.ee\/fi\/wp-json\/wp\/v2\/product\/33159\/revisions\/33199"}],"wp:featuredmedia":[{"embeddable":true,"href":"https:\/\/minubaltic.ee\/fi\/wp-json\/wp\/v2\/media\/33171"}],"wp:attachment":[{"href":"https:\/\/minubaltic.ee\/fi\/wp-json\/wp\/v2\/media?parent=33159"}],"wp:term":[{"taxonomy":"product_brand","embeddable":true,"href":"https:\/\/minubaltic.ee\/fi\/wp-json\/wp\/v2\/product_brand?post=33159"},{"taxonomy":"product_cat","embeddable":true,"href":"https:\/\/minubaltic.ee\/fi\/wp-json\/wp\/v2\/product_cat?post=33159"},{"taxonomy":"product_tag","embeddable":true,"href":"https:\/\/minubaltic.ee\/fi\/wp-json\/wp\/v2\/product_tag?post=33159"}],"curies":[{"name":"wp","href":"https:\/\/api.w.org\/{rel}","templated":true}]}}