{"id":32194,"date":"2024-08-16T20:53:16","date_gmt":"2024-08-16T17:53:16","guid":{"rendered":"https:\/\/minubaltic.ee\/?post_type=product&#038;p=32194"},"modified":"2024-08-16T21:07:29","modified_gmt":"2024-08-16T18:07:29","slug":"marmorinen-kuvio-luksus-jacquard-vuodevaatteet-setti-musta-kulta","status":"publish","type":"product","link":"https:\/\/minubaltic.ee\/fi\/e-pood\/vuodevaatteet\/marmorinen-kuvio-luksus-jacquard-vuodevaatteet-setti-musta-kulta\/","title":{"rendered":"Marmorinen kuvio Luksus Jacquard vuodevaatteet setti | Musta kulta"},"content":{"rendered":"<ul>\n<li><strong>Materiaali:<\/strong> 100% egyptil\u00e4ist\u00e4 puuvillaa<\/li>\n<li><strong>Kangas:<\/strong> 1000 TC ja tiheys 250 g\/m2.<\/li>\n<li><strong>Tyyli:<\/strong> Jacquard<\/li>\n<li><strong>Sarjan sis\u00e4lt\u00f6:<\/strong> 1 pussilakana, 1 lakana, 2 tyynyliinaa<\/li>\n<li><strong>Pussilakana:<\/strong> 200\u00d7230<\/li>\n<li><strong>Lakana:<\/strong> 245\u00d7250<\/li>\n<li><strong>Tyynyliinaa:<\/strong> 45\u00d775 (2kpl)<\/li>\n<\/ul>\n<p>Egyptil\u00e4isest\u00e4 puuvillasta valmistettu vuodevaatteet setti on hyv\u00e4 sijoitus, joka tuo ylellisyytt\u00e4 ja mukavuutta jokap\u00e4iv\u00e4iseen el\u00e4m\u00e4\u00e4si. Valitsemalla egyptil\u00e4isest\u00e4 puuvillasta valmistetun vuodevaatteet, voit nauttia vuosia kest\u00e4v\u00e4n maailman parhaan puuvillan pehmeydest\u00e4, kest\u00e4vyydest\u00e4 ja laadusta.<\/p>\n<p><strong>1. Poikkeuksellinen pehmeys:<\/strong> Egyptil\u00e4isest\u00e4 puuvillasta valmistetut vuodevaatteet tunnetaan silkkisest\u00e4 ja ylellisest\u00e4 pehmeydest\u00e4, joka tarjoaa \u00e4\u00e4rimm\u00e4ist\u00e4 mukavuutta ja hell\u00e4varaisen tunteen iholla.<\/p>\n<p><strong>2. Erinomainen kest\u00e4vyys:<\/strong> Pitkien ja vahvojen kuitujen ansiosta egyptil\u00e4isest\u00e4 puuvillasta valmistetut vuodevaatteet s\u00e4ilytt\u00e4v\u00e4t laatunsa useidenkin pesujen j\u00e4lkeen ja kest\u00e4v\u00e4t vuosia ilman kulumisen merkkej\u00e4.<\/p>\n<p><strong>3. Hengitt\u00e4v\u00e4 ja l\u00e4mp\u00f6tilaa s\u00e4\u00e4telev\u00e4:<\/strong> Egyptil\u00e4inen puuvilla on luonnollisesti hengitt\u00e4v\u00e4\u00e4, mik\u00e4 auttaa pit\u00e4m\u00e4\u00e4n kehon viile\u00e4n\u00e4 kes\u00e4ll\u00e4 ja l\u00e4mpim\u00e4n\u00e4 talvella varmistaen mukavan unen ymp\u00e4ri vuoden.<\/p>\n<p><strong>4. Luonnollinen ja hypoallergeeninen:<\/strong> Egyptin puuvillaa kasvatetaan ilman kemikaaleja, joten se on turvallinen ja terveellinen valinta herkk\u00e4ihoisille, mik\u00e4 v\u00e4hent\u00e4\u00e4 allergioiden riski\u00e4.<\/p>\n<p><strong>5. Rikas v\u00e4ri- ja viimeistelylaatu:<\/strong> Egyptil\u00e4isest\u00e4 puuvillasta valmistetut vuodevaatteet s\u00e4ilytt\u00e4v\u00e4t eloisat v\u00e4rins\u00e4 ja tyylikk\u00e4\u00e4n lopputuloksensa pidemp\u00e4\u00e4n ja tarjoavat ylellisen ulkon\u00e4\u00f6n ja tuntuman jokaisella k\u00e4ytt\u00f6kerralla.<\/p>\n<p><strong>T\u00e4m\u00e4 vuodevaatteet rikastuttaa makuuhuoneesi sek\u00e4 eleganssilla ett\u00e4 mukavuudella. Ihanteellinen valinta lahjaksi itsellesi tai l\u00e4heisillesi.<\/strong><\/p>\n","protected":false},"excerpt":{"rendered":"<p>Egyptil\u00e4ist\u00e4 puuvillaa pidet\u00e4\u00e4n maailman hienoimpana ja ylellisimpana puuvillana, ja sen poikkeuksellinen laatu ja kest\u00e4vyys ovat tehneet siit\u00e4 ensisijaisen valinnan vuodevaatteille.<\/p>\n","protected":false},"featured_media":32200,"comment_status":"open","ping_status":"closed","template":"","meta":[],"product_brand":[],"product_cat":[766,821,826,396,611,617],"product_tag":[402,401,400],"class_list":{"0":"post-32194","1":"product","2":"type-product","3":"status-publish","4":"has-post-thumbnail","6":"product_cat-orgaaniset-vuodevaatteet","7":"product_cat-puuvillaiset-vuodevaatteet","8":"product_cat-puuvillaiset-vuodevaatteet-setit","9":"product_cat-vuodevaatteet","10":"product_cat-vuodevaatteet-200-230","11":"product_cat-vuodevaatteet-setit","12":"product_tag-kodin-tekstiilit","13":"product_tag-tekstiili","14":"product_tag-verkkokauppa","16":"first","17":"outofstock","18":"shipping-taxable","19":"purchasable","20":"product-type-simple"},"yoast_head":"<!-- This site is optimized with the Yoast SEO plugin v27.4 - https:\/\/yoast.com\/product\/yoast-seo-wordpress\/ -->\n<title>Marmorinen kuvio Luksus Jacquard vuodevaatteet setti |Mustakulta<\/title>\n<meta name=\"description\" content=\"Egyptil\u00e4isest\u00e4 puuvillasta valmistettu vuodevaatesetti on hyv\u00e4 investointi, joka tuo ylellisyytt\u00e4 ja mukavuutta arkeesi. Valitsemalla egyptil\u00e4isen puuvill.\" \/>\n<meta name=\"robots\" content=\"index, follow, max-snippet:-1, max-image-preview:large, max-video-preview:-1\" \/>\n<link rel=\"canonical\" href=\"https:\/\/minubaltic.ee\/fi\/e-pood\/vuodevaatteet\/marmorinen-kuvio-luksus-jacquard-vuodevaatteet-setti-musta-kulta\/\" \/>\n<meta property=\"og:locale\" content=\"fi_FI\" \/>\n<meta property=\"og:type\" content=\"article\" \/>\n<meta property=\"og:title\" content=\"Marmorinen kuvio Luksus Jacquard vuodevaatteet setti |Mustakulta\" \/>\n<meta property=\"og:description\" content=\"Egyptil\u00e4isest\u00e4 puuvillasta valmistettu vuodevaatesetti on hyv\u00e4 investointi, joka tuo ylellisyytt\u00e4 ja mukavuutta arkeesi. Valitsemalla egyptil\u00e4isen puuvill.\" \/>\n<meta property=\"og:url\" content=\"https:\/\/minubaltic.ee\/fi\/e-pood\/vuodevaatteet\/marmorinen-kuvio-luksus-jacquard-vuodevaatteet-setti-musta-kulta\/\" \/>\n<meta property=\"article:publisher\" content=\"https:\/\/www.facebook.com\/minubaltic\" \/>\n<meta property=\"article:modified_time\" content=\"2024-08-16T18:07:29+00:00\" \/>\n<meta property=\"og:image\" content=\"https:\/\/minubaltic.ee\/wp-content\/uploads\/2024\/08\/Marmor-mustriga-luksuslik-Jacquard-voodipesukomplekt-23.jpg\" \/>\n\t<meta property=\"og:image:width\" content=\"800\" \/>\n\t<meta property=\"og:image:height\" content=\"800\" \/>\n\t<meta property=\"og:image:type\" content=\"image\/jpeg\" \/>\n<meta name=\"twitter:card\" content=\"summary_large_image\" \/>\n<meta name=\"twitter:label1\" content=\"Arvioitu lukuaika\" \/>\n\t<meta name=\"twitter:data1\" content=\"2 minuuttia\" \/>\n<script type=\"application\/ld+json\" class=\"yoast-schema-graph\">{\"@context\":\"https:\\\/\\\/schema.org\",\"@graph\":[{\"@type\":\"WebPage\",\"@id\":\"https:\\\/\\\/minubaltic.ee\\\/fi\\\/e-pood\\\/vuodevaatteet\\\/marmorinen-kuvio-luksus-jacquard-vuodevaatteet-setti-musta-kulta\\\/\",\"url\":\"https:\\\/\\\/minubaltic.ee\\\/fi\\\/e-pood\\\/vuodevaatteet\\\/marmorinen-kuvio-luksus-jacquard-vuodevaatteet-setti-musta-kulta\\\/\",\"name\":\"Marmorinen kuvio Luksus Jacquard vuodevaatteet setti |Mustakulta\",\"isPartOf\":{\"@id\":\"https:\\\/\\\/minubaltic.ee\\\/fi\\\/#website\"},\"primaryImageOfPage\":{\"@id\":\"https:\\\/\\\/minubaltic.ee\\\/fi\\\/e-pood\\\/vuodevaatteet\\\/marmorinen-kuvio-luksus-jacquard-vuodevaatteet-setti-musta-kulta\\\/#primaryimage\"},\"image\":{\"@id\":\"https:\\\/\\\/minubaltic.ee\\\/fi\\\/e-pood\\\/vuodevaatteet\\\/marmorinen-kuvio-luksus-jacquard-vuodevaatteet-setti-musta-kulta\\\/#primaryimage\"},\"thumbnailUrl\":\"https:\\\/\\\/minubaltic.ee\\\/wp-content\\\/uploads\\\/2024\\\/08\\\/Marmor-mustriga-luksuslik-Jacquard-voodipesukomplekt-23.jpg\",\"datePublished\":\"2024-08-16T17:53:16+00:00\",\"dateModified\":\"2024-08-16T18:07:29+00:00\",\"description\":\"Egyptil\u00e4isest\u00e4 puuvillasta valmistettu vuodevaatesetti on hyv\u00e4 investointi, joka tuo ylellisyytt\u00e4 ja mukavuutta arkeesi. Valitsemalla egyptil\u00e4isen puuvill.\",\"breadcrumb\":{\"@id\":\"https:\\\/\\\/minubaltic.ee\\\/fi\\\/e-pood\\\/vuodevaatteet\\\/marmorinen-kuvio-luksus-jacquard-vuodevaatteet-setti-musta-kulta\\\/#breadcrumb\"},\"inLanguage\":\"fi\",\"potentialAction\":[{\"@type\":\"ReadAction\",\"target\":[\"https:\\\/\\\/minubaltic.ee\\\/fi\\\/e-pood\\\/vuodevaatteet\\\/marmorinen-kuvio-luksus-jacquard-vuodevaatteet-setti-musta-kulta\\\/\"]}]},{\"@type\":\"ImageObject\",\"inLanguage\":\"fi\",\"@id\":\"https:\\\/\\\/minubaltic.ee\\\/fi\\\/e-pood\\\/vuodevaatteet\\\/marmorinen-kuvio-luksus-jacquard-vuodevaatteet-setti-musta-kulta\\\/#primaryimage\",\"url\":\"https:\\\/\\\/minubaltic.ee\\\/wp-content\\\/uploads\\\/2024\\\/08\\\/Marmor-mustriga-luksuslik-Jacquard-voodipesukomplekt-23.jpg\",\"contentUrl\":\"https:\\\/\\\/minubaltic.ee\\\/wp-content\\\/uploads\\\/2024\\\/08\\\/Marmor-mustriga-luksuslik-Jacquard-voodipesukomplekt-23.jpg\",\"width\":800,\"height\":800},{\"@type\":\"BreadcrumbList\",\"@id\":\"https:\\\/\\\/minubaltic.ee\\\/fi\\\/e-pood\\\/vuodevaatteet\\\/marmorinen-kuvio-luksus-jacquard-vuodevaatteet-setti-musta-kulta\\\/#breadcrumb\",\"itemListElement\":[{\"@type\":\"ListItem\",\"position\":1,\"name\":\"Home\",\"item\":\"https:\\\/\\\/minubaltic.ee\\\/fi\\\/\"},{\"@type\":\"ListItem\",\"position\":2,\"name\":\"Verkkokauppa\",\"item\":\"https:\\\/\\\/minubaltic.ee\\\/fi\\\/verkkokauppa\\\/\"},{\"@type\":\"ListItem\",\"position\":3,\"name\":\"Marmorinen kuvio Luksus Jacquard vuodevaatteet setti | Musta kulta\"}]},{\"@type\":\"WebSite\",\"@id\":\"https:\\\/\\\/minubaltic.ee\\\/fi\\\/#website\",\"url\":\"https:\\\/\\\/minubaltic.ee\\\/fi\\\/\",\"name\":\"minubaltic.ee\",\"description\":\"\",\"publisher\":{\"@id\":\"https:\\\/\\\/minubaltic.ee\\\/fi\\\/#organization\"},\"potentialAction\":[{\"@type\":\"SearchAction\",\"target\":{\"@type\":\"EntryPoint\",\"urlTemplate\":\"https:\\\/\\\/minubaltic.ee\\\/fi\\\/?s={search_term_string}\"},\"query-input\":{\"@type\":\"PropertyValueSpecification\",\"valueRequired\":true,\"valueName\":\"search_term_string\"}}],\"inLanguage\":\"fi\"},{\"@type\":\"Organization\",\"@id\":\"https:\\\/\\\/minubaltic.ee\\\/fi\\\/#organization\",\"name\":\"Minu Baltic O\u00dc\",\"url\":\"https:\\\/\\\/minubaltic.ee\\\/fi\\\/\",\"logo\":{\"@type\":\"ImageObject\",\"inLanguage\":\"fi\",\"@id\":\"https:\\\/\\\/minubaltic.ee\\\/fi\\\/#\\\/schema\\\/logo\\\/image\\\/\",\"url\":\"https:\\\/\\\/minubaltic.ee\\\/wp-content\\\/uploads\\\/2023\\\/10\\\/cropped-cropped-cropped-logo.png\",\"contentUrl\":\"https:\\\/\\\/minubaltic.ee\\\/wp-content\\\/uploads\\\/2023\\\/10\\\/cropped-cropped-cropped-logo.png\",\"width\":500,\"height\":237,\"caption\":\"Minu Baltic O\u00dc\"},\"image\":{\"@id\":\"https:\\\/\\\/minubaltic.ee\\\/fi\\\/#\\\/schema\\\/logo\\\/image\\\/\"},\"sameAs\":[\"https:\\\/\\\/www.facebook.com\\\/minubaltic\"]}]}<\/script>\n<!-- \/ Yoast SEO plugin. -->","yoast_head_json":{"title":"Marmorinen kuvio Luksus Jacquard vuodevaatteet setti |Mustakulta","description":"Egyptil\u00e4isest\u00e4 puuvillasta valmistettu vuodevaatesetti on hyv\u00e4 investointi, joka tuo ylellisyytt\u00e4 ja mukavuutta arkeesi. Valitsemalla egyptil\u00e4isen puuvill.","robots":{"index":"index","follow":"follow","max-snippet":"max-snippet:-1","max-image-preview":"max-image-preview:large","max-video-preview":"max-video-preview:-1"},"canonical":"https:\/\/minubaltic.ee\/fi\/e-pood\/vuodevaatteet\/marmorinen-kuvio-luksus-jacquard-vuodevaatteet-setti-musta-kulta\/","og_locale":"fi_FI","og_type":"article","og_title":"Marmorinen kuvio Luksus Jacquard vuodevaatteet setti |Mustakulta","og_description":"Egyptil\u00e4isest\u00e4 puuvillasta valmistettu vuodevaatesetti on hyv\u00e4 investointi, joka tuo ylellisyytt\u00e4 ja mukavuutta arkeesi. Valitsemalla egyptil\u00e4isen puuvill.","og_url":"https:\/\/minubaltic.ee\/fi\/e-pood\/vuodevaatteet\/marmorinen-kuvio-luksus-jacquard-vuodevaatteet-setti-musta-kulta\/","article_publisher":"https:\/\/www.facebook.com\/minubaltic","article_modified_time":"2024-08-16T18:07:29+00:00","og_image":[{"width":800,"height":800,"url":"https:\/\/minubaltic.ee\/wp-content\/uploads\/2024\/08\/Marmor-mustriga-luksuslik-Jacquard-voodipesukomplekt-23.jpg","type":"image\/jpeg"}],"twitter_card":"summary_large_image","twitter_misc":{"Arvioitu lukuaika":"2 minuuttia"},"schema":{"@context":"https:\/\/schema.org","@graph":[{"@type":"WebPage","@id":"https:\/\/minubaltic.ee\/fi\/e-pood\/vuodevaatteet\/marmorinen-kuvio-luksus-jacquard-vuodevaatteet-setti-musta-kulta\/","url":"https:\/\/minubaltic.ee\/fi\/e-pood\/vuodevaatteet\/marmorinen-kuvio-luksus-jacquard-vuodevaatteet-setti-musta-kulta\/","name":"Marmorinen kuvio Luksus Jacquard vuodevaatteet setti |Mustakulta","isPartOf":{"@id":"https:\/\/minubaltic.ee\/fi\/#website"},"primaryImageOfPage":{"@id":"https:\/\/minubaltic.ee\/fi\/e-pood\/vuodevaatteet\/marmorinen-kuvio-luksus-jacquard-vuodevaatteet-setti-musta-kulta\/#primaryimage"},"image":{"@id":"https:\/\/minubaltic.ee\/fi\/e-pood\/vuodevaatteet\/marmorinen-kuvio-luksus-jacquard-vuodevaatteet-setti-musta-kulta\/#primaryimage"},"thumbnailUrl":"https:\/\/minubaltic.ee\/wp-content\/uploads\/2024\/08\/Marmor-mustriga-luksuslik-Jacquard-voodipesukomplekt-23.jpg","datePublished":"2024-08-16T17:53:16+00:00","dateModified":"2024-08-16T18:07:29+00:00","description":"Egyptil\u00e4isest\u00e4 puuvillasta valmistettu vuodevaatesetti on hyv\u00e4 investointi, joka tuo ylellisyytt\u00e4 ja mukavuutta arkeesi. Valitsemalla egyptil\u00e4isen puuvill.","breadcrumb":{"@id":"https:\/\/minubaltic.ee\/fi\/e-pood\/vuodevaatteet\/marmorinen-kuvio-luksus-jacquard-vuodevaatteet-setti-musta-kulta\/#breadcrumb"},"inLanguage":"fi","potentialAction":[{"@type":"ReadAction","target":["https:\/\/minubaltic.ee\/fi\/e-pood\/vuodevaatteet\/marmorinen-kuvio-luksus-jacquard-vuodevaatteet-setti-musta-kulta\/"]}]},{"@type":"ImageObject","inLanguage":"fi","@id":"https:\/\/minubaltic.ee\/fi\/e-pood\/vuodevaatteet\/marmorinen-kuvio-luksus-jacquard-vuodevaatteet-setti-musta-kulta\/#primaryimage","url":"https:\/\/minubaltic.ee\/wp-content\/uploads\/2024\/08\/Marmor-mustriga-luksuslik-Jacquard-voodipesukomplekt-23.jpg","contentUrl":"https:\/\/minubaltic.ee\/wp-content\/uploads\/2024\/08\/Marmor-mustriga-luksuslik-Jacquard-voodipesukomplekt-23.jpg","width":800,"height":800},{"@type":"BreadcrumbList","@id":"https:\/\/minubaltic.ee\/fi\/e-pood\/vuodevaatteet\/marmorinen-kuvio-luksus-jacquard-vuodevaatteet-setti-musta-kulta\/#breadcrumb","itemListElement":[{"@type":"ListItem","position":1,"name":"Home","item":"https:\/\/minubaltic.ee\/fi\/"},{"@type":"ListItem","position":2,"name":"Verkkokauppa","item":"https:\/\/minubaltic.ee\/fi\/verkkokauppa\/"},{"@type":"ListItem","position":3,"name":"Marmorinen kuvio Luksus Jacquard vuodevaatteet setti | Musta kulta"}]},{"@type":"WebSite","@id":"https:\/\/minubaltic.ee\/fi\/#website","url":"https:\/\/minubaltic.ee\/fi\/","name":"minubaltic.ee","description":"","publisher":{"@id":"https:\/\/minubaltic.ee\/fi\/#organization"},"potentialAction":[{"@type":"SearchAction","target":{"@type":"EntryPoint","urlTemplate":"https:\/\/minubaltic.ee\/fi\/?s={search_term_string}"},"query-input":{"@type":"PropertyValueSpecification","valueRequired":true,"valueName":"search_term_string"}}],"inLanguage":"fi"},{"@type":"Organization","@id":"https:\/\/minubaltic.ee\/fi\/#organization","name":"Minu Baltic O\u00dc","url":"https:\/\/minubaltic.ee\/fi\/","logo":{"@type":"ImageObject","inLanguage":"fi","@id":"https:\/\/minubaltic.ee\/fi\/#\/schema\/logo\/image\/","url":"https:\/\/minubaltic.ee\/wp-content\/uploads\/2023\/10\/cropped-cropped-cropped-logo.png","contentUrl":"https:\/\/minubaltic.ee\/wp-content\/uploads\/2023\/10\/cropped-cropped-cropped-logo.png","width":500,"height":237,"caption":"Minu Baltic O\u00dc"},"image":{"@id":"https:\/\/minubaltic.ee\/fi\/#\/schema\/logo\/image\/"},"sameAs":["https:\/\/www.facebook.com\/minubaltic"]}]}},"_links":{"self":[{"href":"https:\/\/minubaltic.ee\/fi\/wp-json\/wp\/v2\/product\/32194","targetHints":{"allow":["GET"]}}],"collection":[{"href":"https:\/\/minubaltic.ee\/fi\/wp-json\/wp\/v2\/product"}],"about":[{"href":"https:\/\/minubaltic.ee\/fi\/wp-json\/wp\/v2\/types\/product"}],"replies":[{"embeddable":true,"href":"https:\/\/minubaltic.ee\/fi\/wp-json\/wp\/v2\/comments?post=32194"}],"version-history":[{"count":2,"href":"https:\/\/minubaltic.ee\/fi\/wp-json\/wp\/v2\/product\/32194\/revisions"}],"predecessor-version":[{"id":32266,"href":"https:\/\/minubaltic.ee\/fi\/wp-json\/wp\/v2\/product\/32194\/revisions\/32266"}],"wp:featuredmedia":[{"embeddable":true,"href":"https:\/\/minubaltic.ee\/fi\/wp-json\/wp\/v2\/media\/32200"}],"wp:attachment":[{"href":"https:\/\/minubaltic.ee\/fi\/wp-json\/wp\/v2\/media?parent=32194"}],"wp:term":[{"taxonomy":"product_brand","embeddable":true,"href":"https:\/\/minubaltic.ee\/fi\/wp-json\/wp\/v2\/product_brand?post=32194"},{"taxonomy":"product_cat","embeddable":true,"href":"https:\/\/minubaltic.ee\/fi\/wp-json\/wp\/v2\/product_cat?post=32194"},{"taxonomy":"product_tag","embeddable":true,"href":"https:\/\/minubaltic.ee\/fi\/wp-json\/wp\/v2\/product_tag?post=32194"}],"curies":[{"name":"wp","href":"https:\/\/api.w.org\/{rel}","templated":true}]}}