{"id":31358,"date":"2024-08-08T01:06:19","date_gmt":"2024-08-07T22:06:19","guid":{"rendered":"https:\/\/minubaltic.ee\/?post_type=product&#038;p=31358"},"modified":"2024-08-08T01:52:58","modified_gmt":"2024-08-07T22:52:58","slug":"premium-lyocell-vuodevaatteet-setti-lilja","status":"publish","type":"product","link":"https:\/\/minubaltic.ee\/fi\/e-pood\/vuodevaatteet\/premium-lyocell-vuodevaatteet-setti-lilja\/","title":{"rendered":"Premium Lyocell vuodevaatteet setti | Lilja"},"content":{"rendered":"<ul>\n<li><strong>Materiaali:<\/strong> 100% Lyocell<\/li>\n<li><strong>Mukavuus:<\/strong> hengitt\u00e4v\u00e4 ja pehme\u00e4 rakenne<\/li>\n<li><strong>Sarjan sis\u00e4lt\u00f6:<\/strong> 1 pussilakana, 1 lakana, 2 tyynyliinaa<\/li>\n<li><strong>Pussilakana:<\/strong> 200\u00d7230<\/li>\n<li><strong>Lakana:<\/strong> 245\u00d7250<\/li>\n<li><strong>Tyynyliinaa:<\/strong> 50\u00d775 (2kpl)<\/li>\n<\/ul>\n<p><strong>Miksi valita Lyocell-pussilakanasetti?<\/strong><\/p>\n<ol>\n<li>Poikkeuksellinen pehmeys: lyocell on silkkisen pehme\u00e4\u00e4 ja miellytt\u00e4v\u00e4\u00e4 unta.<\/li>\n<li>Erinomainen hengitt\u00e4vyys: Materiaali siirt\u00e4\u00e4 kosteuden pois kehosta.<\/li>\n<li>Kosteutta siirt\u00e4v\u00e4: lyocell imee enemm\u00e4n kosteutta kuin puuvilla, mik\u00e4 auttaa ehk\u00e4isem\u00e4\u00e4n hikoilua.<\/li>\n<li>Antibakteeriset ominaisuudet: Lyocell on antibakteerista, v\u00e4hent\u00e4\u00e4 hajuja ja s\u00e4ilytt\u00e4\u00e4 vuodevaatteiden raikkauden.<\/li>\n<li>Ymp\u00e4rist\u00f6yst\u00e4v\u00e4llinen: Valmistettu kest\u00e4v\u00e4sti kasvatetuista eukalyptuspuista, jolloin vett\u00e4 kuluu v\u00e4hemm\u00e4n.<\/li>\n<li>Hypoallergeeninen: Se sopii hyvin herkk\u00e4ihoisille ja allergikoille, koska se on hell\u00e4varainen ja v\u00e4hemm\u00e4n \u00e4rsytt\u00e4v\u00e4.<\/li>\n<li>Kest\u00e4vyys: Lyocell on kest\u00e4v\u00e4\u00e4 ja s\u00e4ilytt\u00e4\u00e4 laatunsa my\u00f6s toistuvan pesun j\u00e4lkeen.<\/li>\n<\/ol>\n<p><strong>Valitsemalla Lyocell Prem\u0131um -vuodevaatteet investoit sek\u00e4 unesi laatuun ett\u00e4 ymp\u00e4rist\u00f6n hyvinvointiin.<\/strong><\/p>\n","protected":false},"excerpt":{"rendered":"<p>Lyocell-vuodevaatteet on valmistettu kest\u00e4v\u00e4sti kasvatetusta puusta, p\u00e4\u00e4asiassa eukalyptuspuista, saaduista selluloosakuiduista. T\u00e4m\u00e4 materiaali tunnetaan ylellisest\u00e4 pehmeydest\u00e4 ja silkkisest\u00e4 koostumuksestaan, joka tarjoaa poikkeuksellista nukkumismukavuutta.<\/p>\n","protected":false},"featured_media":31364,"comment_status":"open","ping_status":"closed","template":"","meta":[],"product_brand":[],"product_cat":[868,766,396,611,617],"product_tag":[402,401,400],"class_list":{"0":"post-31358","1":"product","2":"type-product","3":"status-publish","4":"has-post-thumbnail","6":"product_cat-lyocell-vuodevaatteet","7":"product_cat-orgaaniset-vuodevaatteet","8":"product_cat-vuodevaatteet","9":"product_cat-vuodevaatteet-200-230","10":"product_cat-vuodevaatteet-setit","11":"product_tag-kodin-tekstiilit","12":"product_tag-tekstiili","13":"product_tag-verkkokauppa","15":"first","16":"outofstock","17":"shipping-taxable","18":"purchasable","19":"product-type-simple"},"yoast_head":"<!-- This site is optimized with the Yoast SEO plugin v27.3 - https:\/\/yoast.com\/product\/yoast-seo-wordpress\/ -->\n<title>Premium Lyocell vuodevaatteet setti | Lilja - Minu Baltic<\/title>\n<meta name=\"description\" content=\"Lyocell-vuodevaatteissa on silkkinen rakenne ja se on ymp\u00e4rist\u00f6yst\u00e4v\u00e4llinen, koska se on saatu kest\u00e4v\u00e4sti kasvatetusta puusta, p\u00e4\u00e4asiassa eukalyptuspuista.\" \/>\n<meta name=\"robots\" content=\"index, follow, max-snippet:-1, max-image-preview:large, max-video-preview:-1\" \/>\n<link rel=\"canonical\" href=\"https:\/\/minubaltic.ee\/fi\/e-pood\/vuodevaatteet\/premium-lyocell-vuodevaatteet-setti-lilja\/\" \/>\n<meta property=\"og:locale\" content=\"fi_FI\" \/>\n<meta property=\"og:type\" content=\"article\" \/>\n<meta property=\"og:title\" content=\"Premium Lyocell vuodevaatteet setti | Lilja - Minu Baltic\" \/>\n<meta property=\"og:description\" content=\"Lyocell-vuodevaatteissa on silkkinen rakenne ja se on ymp\u00e4rist\u00f6yst\u00e4v\u00e4llinen, koska se on saatu kest\u00e4v\u00e4sti kasvatetusta puusta, p\u00e4\u00e4asiassa eukalyptuspuista.\" \/>\n<meta property=\"og:url\" content=\"https:\/\/minubaltic.ee\/fi\/e-pood\/vuodevaatteet\/premium-lyocell-vuodevaatteet-setti-lilja\/\" \/>\n<meta property=\"article:publisher\" content=\"https:\/\/www.facebook.com\/minubaltic\" \/>\n<meta property=\"article:modified_time\" content=\"2024-08-07T22:52:58+00:00\" \/>\n<meta property=\"og:image\" content=\"https:\/\/minubaltic.ee\/wp-content\/uploads\/2024\/08\/Lyocell-voodipesukomplekt-2.jpg\" \/>\n\t<meta property=\"og:image:width\" content=\"800\" \/>\n\t<meta property=\"og:image:height\" content=\"800\" \/>\n\t<meta property=\"og:image:type\" content=\"image\/jpeg\" \/>\n<meta name=\"twitter:card\" content=\"summary_large_image\" \/>\n<meta name=\"twitter:label1\" content=\"Arvioitu lukuaika\" \/>\n\t<meta name=\"twitter:data1\" content=\"1 minuutti\" \/>\n<script type=\"application\/ld+json\" class=\"yoast-schema-graph\">{\"@context\":\"https:\\\/\\\/schema.org\",\"@graph\":[{\"@type\":\"WebPage\",\"@id\":\"https:\\\/\\\/minubaltic.ee\\\/fi\\\/e-pood\\\/vuodevaatteet\\\/premium-lyocell-vuodevaatteet-setti-lilja\\\/\",\"url\":\"https:\\\/\\\/minubaltic.ee\\\/fi\\\/e-pood\\\/vuodevaatteet\\\/premium-lyocell-vuodevaatteet-setti-lilja\\\/\",\"name\":\"Premium Lyocell vuodevaatteet setti | Lilja - Minu Baltic\",\"isPartOf\":{\"@id\":\"https:\\\/\\\/minubaltic.ee\\\/fi\\\/#website\"},\"primaryImageOfPage\":{\"@id\":\"https:\\\/\\\/minubaltic.ee\\\/fi\\\/e-pood\\\/vuodevaatteet\\\/premium-lyocell-vuodevaatteet-setti-lilja\\\/#primaryimage\"},\"image\":{\"@id\":\"https:\\\/\\\/minubaltic.ee\\\/fi\\\/e-pood\\\/vuodevaatteet\\\/premium-lyocell-vuodevaatteet-setti-lilja\\\/#primaryimage\"},\"thumbnailUrl\":\"https:\\\/\\\/minubaltic.ee\\\/wp-content\\\/uploads\\\/2024\\\/08\\\/Lyocell-voodipesukomplekt-2.jpg\",\"datePublished\":\"2024-08-07T22:06:19+00:00\",\"dateModified\":\"2024-08-07T22:52:58+00:00\",\"description\":\"Lyocell-vuodevaatteissa on silkkinen rakenne ja se on ymp\u00e4rist\u00f6yst\u00e4v\u00e4llinen, koska se on saatu kest\u00e4v\u00e4sti kasvatetusta puusta, p\u00e4\u00e4asiassa eukalyptuspuista.\",\"breadcrumb\":{\"@id\":\"https:\\\/\\\/minubaltic.ee\\\/fi\\\/e-pood\\\/vuodevaatteet\\\/premium-lyocell-vuodevaatteet-setti-lilja\\\/#breadcrumb\"},\"inLanguage\":\"fi\",\"potentialAction\":[{\"@type\":\"ReadAction\",\"target\":[\"https:\\\/\\\/minubaltic.ee\\\/fi\\\/e-pood\\\/vuodevaatteet\\\/premium-lyocell-vuodevaatteet-setti-lilja\\\/\"]}]},{\"@type\":\"ImageObject\",\"inLanguage\":\"fi\",\"@id\":\"https:\\\/\\\/minubaltic.ee\\\/fi\\\/e-pood\\\/vuodevaatteet\\\/premium-lyocell-vuodevaatteet-setti-lilja\\\/#primaryimage\",\"url\":\"https:\\\/\\\/minubaltic.ee\\\/wp-content\\\/uploads\\\/2024\\\/08\\\/Lyocell-voodipesukomplekt-2.jpg\",\"contentUrl\":\"https:\\\/\\\/minubaltic.ee\\\/wp-content\\\/uploads\\\/2024\\\/08\\\/Lyocell-voodipesukomplekt-2.jpg\",\"width\":800,\"height\":800},{\"@type\":\"BreadcrumbList\",\"@id\":\"https:\\\/\\\/minubaltic.ee\\\/fi\\\/e-pood\\\/vuodevaatteet\\\/premium-lyocell-vuodevaatteet-setti-lilja\\\/#breadcrumb\",\"itemListElement\":[{\"@type\":\"ListItem\",\"position\":1,\"name\":\"Home\",\"item\":\"https:\\\/\\\/minubaltic.ee\\\/fi\\\/\"},{\"@type\":\"ListItem\",\"position\":2,\"name\":\"Verkkokauppa\",\"item\":\"https:\\\/\\\/minubaltic.ee\\\/fi\\\/verkkokauppa\\\/\"},{\"@type\":\"ListItem\",\"position\":3,\"name\":\"Premium Lyocell vuodevaatteet setti | Lilja\"}]},{\"@type\":\"WebSite\",\"@id\":\"https:\\\/\\\/minubaltic.ee\\\/fi\\\/#website\",\"url\":\"https:\\\/\\\/minubaltic.ee\\\/fi\\\/\",\"name\":\"minubaltic.ee\",\"description\":\"\",\"publisher\":{\"@id\":\"https:\\\/\\\/minubaltic.ee\\\/fi\\\/#organization\"},\"potentialAction\":[{\"@type\":\"SearchAction\",\"target\":{\"@type\":\"EntryPoint\",\"urlTemplate\":\"https:\\\/\\\/minubaltic.ee\\\/fi\\\/?s={search_term_string}\"},\"query-input\":{\"@type\":\"PropertyValueSpecification\",\"valueRequired\":true,\"valueName\":\"search_term_string\"}}],\"inLanguage\":\"fi\"},{\"@type\":\"Organization\",\"@id\":\"https:\\\/\\\/minubaltic.ee\\\/fi\\\/#organization\",\"name\":\"Minu Baltic O\u00dc\",\"url\":\"https:\\\/\\\/minubaltic.ee\\\/fi\\\/\",\"logo\":{\"@type\":\"ImageObject\",\"inLanguage\":\"fi\",\"@id\":\"https:\\\/\\\/minubaltic.ee\\\/fi\\\/#\\\/schema\\\/logo\\\/image\\\/\",\"url\":\"https:\\\/\\\/minubaltic.ee\\\/wp-content\\\/uploads\\\/2023\\\/10\\\/cropped-cropped-cropped-logo.png\",\"contentUrl\":\"https:\\\/\\\/minubaltic.ee\\\/wp-content\\\/uploads\\\/2023\\\/10\\\/cropped-cropped-cropped-logo.png\",\"width\":500,\"height\":237,\"caption\":\"Minu Baltic O\u00dc\"},\"image\":{\"@id\":\"https:\\\/\\\/minubaltic.ee\\\/fi\\\/#\\\/schema\\\/logo\\\/image\\\/\"},\"sameAs\":[\"https:\\\/\\\/www.facebook.com\\\/minubaltic\"]}]}<\/script>\n<!-- \/ Yoast SEO plugin. -->","yoast_head_json":{"title":"Premium Lyocell vuodevaatteet setti | Lilja - Minu Baltic","description":"Lyocell-vuodevaatteissa on silkkinen rakenne ja se on ymp\u00e4rist\u00f6yst\u00e4v\u00e4llinen, koska se on saatu kest\u00e4v\u00e4sti kasvatetusta puusta, p\u00e4\u00e4asiassa eukalyptuspuista.","robots":{"index":"index","follow":"follow","max-snippet":"max-snippet:-1","max-image-preview":"max-image-preview:large","max-video-preview":"max-video-preview:-1"},"canonical":"https:\/\/minubaltic.ee\/fi\/e-pood\/vuodevaatteet\/premium-lyocell-vuodevaatteet-setti-lilja\/","og_locale":"fi_FI","og_type":"article","og_title":"Premium Lyocell vuodevaatteet setti | Lilja - Minu Baltic","og_description":"Lyocell-vuodevaatteissa on silkkinen rakenne ja se on ymp\u00e4rist\u00f6yst\u00e4v\u00e4llinen, koska se on saatu kest\u00e4v\u00e4sti kasvatetusta puusta, p\u00e4\u00e4asiassa eukalyptuspuista.","og_url":"https:\/\/minubaltic.ee\/fi\/e-pood\/vuodevaatteet\/premium-lyocell-vuodevaatteet-setti-lilja\/","article_publisher":"https:\/\/www.facebook.com\/minubaltic","article_modified_time":"2024-08-07T22:52:58+00:00","og_image":[{"width":800,"height":800,"url":"https:\/\/minubaltic.ee\/wp-content\/uploads\/2024\/08\/Lyocell-voodipesukomplekt-2.jpg","type":"image\/jpeg"}],"twitter_card":"summary_large_image","twitter_misc":{"Arvioitu lukuaika":"1 minuutti"},"schema":{"@context":"https:\/\/schema.org","@graph":[{"@type":"WebPage","@id":"https:\/\/minubaltic.ee\/fi\/e-pood\/vuodevaatteet\/premium-lyocell-vuodevaatteet-setti-lilja\/","url":"https:\/\/minubaltic.ee\/fi\/e-pood\/vuodevaatteet\/premium-lyocell-vuodevaatteet-setti-lilja\/","name":"Premium Lyocell vuodevaatteet setti | Lilja - Minu Baltic","isPartOf":{"@id":"https:\/\/minubaltic.ee\/fi\/#website"},"primaryImageOfPage":{"@id":"https:\/\/minubaltic.ee\/fi\/e-pood\/vuodevaatteet\/premium-lyocell-vuodevaatteet-setti-lilja\/#primaryimage"},"image":{"@id":"https:\/\/minubaltic.ee\/fi\/e-pood\/vuodevaatteet\/premium-lyocell-vuodevaatteet-setti-lilja\/#primaryimage"},"thumbnailUrl":"https:\/\/minubaltic.ee\/wp-content\/uploads\/2024\/08\/Lyocell-voodipesukomplekt-2.jpg","datePublished":"2024-08-07T22:06:19+00:00","dateModified":"2024-08-07T22:52:58+00:00","description":"Lyocell-vuodevaatteissa on silkkinen rakenne ja se on ymp\u00e4rist\u00f6yst\u00e4v\u00e4llinen, koska se on saatu kest\u00e4v\u00e4sti kasvatetusta puusta, p\u00e4\u00e4asiassa eukalyptuspuista.","breadcrumb":{"@id":"https:\/\/minubaltic.ee\/fi\/e-pood\/vuodevaatteet\/premium-lyocell-vuodevaatteet-setti-lilja\/#breadcrumb"},"inLanguage":"fi","potentialAction":[{"@type":"ReadAction","target":["https:\/\/minubaltic.ee\/fi\/e-pood\/vuodevaatteet\/premium-lyocell-vuodevaatteet-setti-lilja\/"]}]},{"@type":"ImageObject","inLanguage":"fi","@id":"https:\/\/minubaltic.ee\/fi\/e-pood\/vuodevaatteet\/premium-lyocell-vuodevaatteet-setti-lilja\/#primaryimage","url":"https:\/\/minubaltic.ee\/wp-content\/uploads\/2024\/08\/Lyocell-voodipesukomplekt-2.jpg","contentUrl":"https:\/\/minubaltic.ee\/wp-content\/uploads\/2024\/08\/Lyocell-voodipesukomplekt-2.jpg","width":800,"height":800},{"@type":"BreadcrumbList","@id":"https:\/\/minubaltic.ee\/fi\/e-pood\/vuodevaatteet\/premium-lyocell-vuodevaatteet-setti-lilja\/#breadcrumb","itemListElement":[{"@type":"ListItem","position":1,"name":"Home","item":"https:\/\/minubaltic.ee\/fi\/"},{"@type":"ListItem","position":2,"name":"Verkkokauppa","item":"https:\/\/minubaltic.ee\/fi\/verkkokauppa\/"},{"@type":"ListItem","position":3,"name":"Premium Lyocell vuodevaatteet setti | Lilja"}]},{"@type":"WebSite","@id":"https:\/\/minubaltic.ee\/fi\/#website","url":"https:\/\/minubaltic.ee\/fi\/","name":"minubaltic.ee","description":"","publisher":{"@id":"https:\/\/minubaltic.ee\/fi\/#organization"},"potentialAction":[{"@type":"SearchAction","target":{"@type":"EntryPoint","urlTemplate":"https:\/\/minubaltic.ee\/fi\/?s={search_term_string}"},"query-input":{"@type":"PropertyValueSpecification","valueRequired":true,"valueName":"search_term_string"}}],"inLanguage":"fi"},{"@type":"Organization","@id":"https:\/\/minubaltic.ee\/fi\/#organization","name":"Minu Baltic O\u00dc","url":"https:\/\/minubaltic.ee\/fi\/","logo":{"@type":"ImageObject","inLanguage":"fi","@id":"https:\/\/minubaltic.ee\/fi\/#\/schema\/logo\/image\/","url":"https:\/\/minubaltic.ee\/wp-content\/uploads\/2023\/10\/cropped-cropped-cropped-logo.png","contentUrl":"https:\/\/minubaltic.ee\/wp-content\/uploads\/2023\/10\/cropped-cropped-cropped-logo.png","width":500,"height":237,"caption":"Minu Baltic O\u00dc"},"image":{"@id":"https:\/\/minubaltic.ee\/fi\/#\/schema\/logo\/image\/"},"sameAs":["https:\/\/www.facebook.com\/minubaltic"]}]}},"_links":{"self":[{"href":"https:\/\/minubaltic.ee\/fi\/wp-json\/wp\/v2\/product\/31358","targetHints":{"allow":["GET"]}}],"collection":[{"href":"https:\/\/minubaltic.ee\/fi\/wp-json\/wp\/v2\/product"}],"about":[{"href":"https:\/\/minubaltic.ee\/fi\/wp-json\/wp\/v2\/types\/product"}],"replies":[{"embeddable":true,"href":"https:\/\/minubaltic.ee\/fi\/wp-json\/wp\/v2\/comments?post=31358"}],"version-history":[{"count":4,"href":"https:\/\/minubaltic.ee\/fi\/wp-json\/wp\/v2\/product\/31358\/revisions"}],"predecessor-version":[{"id":31434,"href":"https:\/\/minubaltic.ee\/fi\/wp-json\/wp\/v2\/product\/31358\/revisions\/31434"}],"wp:featuredmedia":[{"embeddable":true,"href":"https:\/\/minubaltic.ee\/fi\/wp-json\/wp\/v2\/media\/31364"}],"wp:attachment":[{"href":"https:\/\/minubaltic.ee\/fi\/wp-json\/wp\/v2\/media?parent=31358"}],"wp:term":[{"taxonomy":"product_brand","embeddable":true,"href":"https:\/\/minubaltic.ee\/fi\/wp-json\/wp\/v2\/product_brand?post=31358"},{"taxonomy":"product_cat","embeddable":true,"href":"https:\/\/minubaltic.ee\/fi\/wp-json\/wp\/v2\/product_cat?post=31358"},{"taxonomy":"product_tag","embeddable":true,"href":"https:\/\/minubaltic.ee\/fi\/wp-json\/wp\/v2\/product_tag?post=31358"}],"curies":[{"name":"wp","href":"https:\/\/api.w.org\/{rel}","templated":true}]}}