{"id":31164,"date":"2024-08-07T01:06:56","date_gmt":"2024-08-06T22:06:56","guid":{"rendered":"https:\/\/minubaltic.ee\/e-pood\/Ei-luokiteltu\/disney-vuodevaatteet-setti\/"},"modified":"2024-08-07T01:28:41","modified_gmt":"2024-08-06T22:28:41","slug":"disney-vuodevaatteet-setti","status":"publish","type":"product","link":"https:\/\/minubaltic.ee\/fi\/e-pood\/vuodevaatteet\/disney-vuodevaatteet-setti\/","title":{"rendered":"Disney vuodevaatteet setti"},"content":{"rendered":"<ul>\n<li><strong>Kangaskoostumus:<\/strong> 100% puuvillaa<\/li>\n<li><strong>Pussilakana:<\/strong> 150\u00d7200<\/li>\n<li><strong>Lakana:<\/strong> 200\u00d7230<\/li>\n<li><strong>Tyynyliinaa:<\/strong> 75\u00d750 (2kpl)<\/li>\n<li>Tuotekuvat ovat havainnollistavia<\/li>\n<\/ul>\n<p>Lasten vuodevaatesetti on valmistettu pehme\u00e4st\u00e4 ja hengitt\u00e4v\u00e4st\u00e4 puuvillasta, joka takaa mukavan ja miellytt\u00e4v\u00e4n unen. Kirkkaanv\u00e4riset kuviot ja s\u00f6p\u00f6t hahmot tekev\u00e4t siit\u00e4 t\u00e4ydellisen valinnan lastenhuoneisiin, ja se on leikkis\u00e4 ja viihtyis\u00e4 nukkumapaikka.<\/p>\n","protected":false},"excerpt":{"rendered":"<p>Kangaskoostumus: 100% puuvillaa Pussilakana: 150\u00d7200 Lakana: 200\u00d7230 Tyynyliinaa: 75\u00d750 (2kpl) Tuotekuvat ovat havainnollistavia Lasten vuodevaatesetti on valmistettu pehme\u00e4st\u00e4 ja hengitt\u00e4v\u00e4st\u00e4<\/p>\n","protected":false},"featured_media":31146,"comment_status":"open","ping_status":"closed","template":"","meta":[],"product_brand":[],"product_cat":[852,857,396,617],"product_tag":[402,401,400,404],"class_list":{"0":"post-31164","1":"product","2":"type-product","3":"status-publish","4":"has-post-thumbnail","6":"product_cat-lasten-maailma","7":"product_cat-lasten-vuodevaatteet","8":"product_cat-vuodevaatteet","9":"product_cat-vuodevaatteet-setit","10":"product_tag-kodin-tekstiilit","11":"product_tag-tekstiili","12":"product_tag-verkkokauppa","13":"product_tag-vuodevaatteet-setti","15":"first","16":"outofstock","17":"shipping-taxable","18":"purchasable","19":"product-type-simple"},"yoast_head":"<!-- This site is optimized with the Yoast SEO plugin v27.3 - https:\/\/yoast.com\/product\/yoast-seo-wordpress\/ -->\n<title>Disney vuodevaatteet setti - Lasten vuodevaatteet<\/title>\n<meta name=\"description\" content=\"Lasten vuodevaatesetti on valmistettu pehme\u00e4st\u00e4 ja hengitt\u00e4v\u00e4st\u00e4 puuvillasta, joka takaa mukavan ja miellytt\u00e4v\u00e4n unen. Kirkkaanv\u00e4riset kuviot ja s\u00f6p\u00f6t ....\" \/>\n<meta name=\"robots\" content=\"index, follow, max-snippet:-1, max-image-preview:large, max-video-preview:-1\" \/>\n<link rel=\"canonical\" href=\"https:\/\/minubaltic.ee\/fi\/e-pood\/vuodevaatteet\/disney-vuodevaatteet-setti\/\" \/>\n<meta property=\"og:locale\" content=\"fi_FI\" \/>\n<meta property=\"og:type\" content=\"article\" \/>\n<meta property=\"og:title\" content=\"Disney vuodevaatteet setti - Lasten vuodevaatteet\" \/>\n<meta property=\"og:description\" content=\"Lasten vuodevaatesetti on valmistettu pehme\u00e4st\u00e4 ja hengitt\u00e4v\u00e4st\u00e4 puuvillasta, joka takaa mukavan ja miellytt\u00e4v\u00e4n unen. Kirkkaanv\u00e4riset kuviot ja s\u00f6p\u00f6t ....\" \/>\n<meta property=\"og:url\" content=\"https:\/\/minubaltic.ee\/fi\/e-pood\/vuodevaatteet\/disney-vuodevaatteet-setti\/\" \/>\n<meta property=\"article:publisher\" content=\"https:\/\/www.facebook.com\/minubaltic\" \/>\n<meta property=\"article:modified_time\" content=\"2024-08-06T22:28:41+00:00\" \/>\n<meta property=\"og:image\" content=\"https:\/\/minubaltic.ee\/wp-content\/uploads\/2024\/08\/Disney-voodipesukomplekt-3.jpg\" \/>\n\t<meta property=\"og:image:width\" content=\"800\" \/>\n\t<meta property=\"og:image:height\" content=\"800\" \/>\n\t<meta property=\"og:image:type\" content=\"image\/jpeg\" \/>\n<meta name=\"twitter:card\" content=\"summary_large_image\" \/>\n<meta name=\"twitter:label1\" content=\"Arvioitu lukuaika\" \/>\n\t<meta name=\"twitter:data1\" content=\"1 minuutti\" \/>\n<script type=\"application\/ld+json\" class=\"yoast-schema-graph\">{\"@context\":\"https:\\\/\\\/schema.org\",\"@graph\":[{\"@type\":\"WebPage\",\"@id\":\"https:\\\/\\\/minubaltic.ee\\\/fi\\\/e-pood\\\/vuodevaatteet\\\/disney-vuodevaatteet-setti\\\/\",\"url\":\"https:\\\/\\\/minubaltic.ee\\\/fi\\\/e-pood\\\/vuodevaatteet\\\/disney-vuodevaatteet-setti\\\/\",\"name\":\"Disney vuodevaatteet setti - Lasten vuodevaatteet\",\"isPartOf\":{\"@id\":\"https:\\\/\\\/minubaltic.ee\\\/fi\\\/#website\"},\"primaryImageOfPage\":{\"@id\":\"https:\\\/\\\/minubaltic.ee\\\/fi\\\/e-pood\\\/vuodevaatteet\\\/disney-vuodevaatteet-setti\\\/#primaryimage\"},\"image\":{\"@id\":\"https:\\\/\\\/minubaltic.ee\\\/fi\\\/e-pood\\\/vuodevaatteet\\\/disney-vuodevaatteet-setti\\\/#primaryimage\"},\"thumbnailUrl\":\"https:\\\/\\\/minubaltic.ee\\\/wp-content\\\/uploads\\\/2024\\\/08\\\/Disney-voodipesukomplekt-3.jpg\",\"datePublished\":\"2024-08-06T22:06:56+00:00\",\"dateModified\":\"2024-08-06T22:28:41+00:00\",\"description\":\"Lasten vuodevaatesetti on valmistettu pehme\u00e4st\u00e4 ja hengitt\u00e4v\u00e4st\u00e4 puuvillasta, joka takaa mukavan ja miellytt\u00e4v\u00e4n unen. Kirkkaanv\u00e4riset kuviot ja s\u00f6p\u00f6t ....\",\"breadcrumb\":{\"@id\":\"https:\\\/\\\/minubaltic.ee\\\/fi\\\/e-pood\\\/vuodevaatteet\\\/disney-vuodevaatteet-setti\\\/#breadcrumb\"},\"inLanguage\":\"fi\",\"potentialAction\":[{\"@type\":\"ReadAction\",\"target\":[\"https:\\\/\\\/minubaltic.ee\\\/fi\\\/e-pood\\\/vuodevaatteet\\\/disney-vuodevaatteet-setti\\\/\"]}]},{\"@type\":\"ImageObject\",\"inLanguage\":\"fi\",\"@id\":\"https:\\\/\\\/minubaltic.ee\\\/fi\\\/e-pood\\\/vuodevaatteet\\\/disney-vuodevaatteet-setti\\\/#primaryimage\",\"url\":\"https:\\\/\\\/minubaltic.ee\\\/wp-content\\\/uploads\\\/2024\\\/08\\\/Disney-voodipesukomplekt-3.jpg\",\"contentUrl\":\"https:\\\/\\\/minubaltic.ee\\\/wp-content\\\/uploads\\\/2024\\\/08\\\/Disney-voodipesukomplekt-3.jpg\",\"width\":800,\"height\":800},{\"@type\":\"BreadcrumbList\",\"@id\":\"https:\\\/\\\/minubaltic.ee\\\/fi\\\/e-pood\\\/vuodevaatteet\\\/disney-vuodevaatteet-setti\\\/#breadcrumb\",\"itemListElement\":[{\"@type\":\"ListItem\",\"position\":1,\"name\":\"Home\",\"item\":\"https:\\\/\\\/minubaltic.ee\\\/fi\\\/\"},{\"@type\":\"ListItem\",\"position\":2,\"name\":\"Verkkokauppa\",\"item\":\"https:\\\/\\\/minubaltic.ee\\\/fi\\\/verkkokauppa\\\/\"},{\"@type\":\"ListItem\",\"position\":3,\"name\":\"Disney vuodevaatteet setti\"}]},{\"@type\":\"WebSite\",\"@id\":\"https:\\\/\\\/minubaltic.ee\\\/fi\\\/#website\",\"url\":\"https:\\\/\\\/minubaltic.ee\\\/fi\\\/\",\"name\":\"minubaltic.ee\",\"description\":\"\",\"publisher\":{\"@id\":\"https:\\\/\\\/minubaltic.ee\\\/fi\\\/#organization\"},\"potentialAction\":[{\"@type\":\"SearchAction\",\"target\":{\"@type\":\"EntryPoint\",\"urlTemplate\":\"https:\\\/\\\/minubaltic.ee\\\/fi\\\/?s={search_term_string}\"},\"query-input\":{\"@type\":\"PropertyValueSpecification\",\"valueRequired\":true,\"valueName\":\"search_term_string\"}}],\"inLanguage\":\"fi\"},{\"@type\":\"Organization\",\"@id\":\"https:\\\/\\\/minubaltic.ee\\\/fi\\\/#organization\",\"name\":\"Minu Baltic O\u00dc\",\"url\":\"https:\\\/\\\/minubaltic.ee\\\/fi\\\/\",\"logo\":{\"@type\":\"ImageObject\",\"inLanguage\":\"fi\",\"@id\":\"https:\\\/\\\/minubaltic.ee\\\/fi\\\/#\\\/schema\\\/logo\\\/image\\\/\",\"url\":\"https:\\\/\\\/minubaltic.ee\\\/wp-content\\\/uploads\\\/2023\\\/10\\\/cropped-cropped-cropped-logo.png\",\"contentUrl\":\"https:\\\/\\\/minubaltic.ee\\\/wp-content\\\/uploads\\\/2023\\\/10\\\/cropped-cropped-cropped-logo.png\",\"width\":500,\"height\":237,\"caption\":\"Minu Baltic O\u00dc\"},\"image\":{\"@id\":\"https:\\\/\\\/minubaltic.ee\\\/fi\\\/#\\\/schema\\\/logo\\\/image\\\/\"},\"sameAs\":[\"https:\\\/\\\/www.facebook.com\\\/minubaltic\"]}]}<\/script>\n<!-- \/ Yoast SEO plugin. -->","yoast_head_json":{"title":"Disney vuodevaatteet setti - Lasten vuodevaatteet","description":"Lasten vuodevaatesetti on valmistettu pehme\u00e4st\u00e4 ja hengitt\u00e4v\u00e4st\u00e4 puuvillasta, joka takaa mukavan ja miellytt\u00e4v\u00e4n unen. Kirkkaanv\u00e4riset kuviot ja s\u00f6p\u00f6t ....","robots":{"index":"index","follow":"follow","max-snippet":"max-snippet:-1","max-image-preview":"max-image-preview:large","max-video-preview":"max-video-preview:-1"},"canonical":"https:\/\/minubaltic.ee\/fi\/e-pood\/vuodevaatteet\/disney-vuodevaatteet-setti\/","og_locale":"fi_FI","og_type":"article","og_title":"Disney vuodevaatteet setti - Lasten vuodevaatteet","og_description":"Lasten vuodevaatesetti on valmistettu pehme\u00e4st\u00e4 ja hengitt\u00e4v\u00e4st\u00e4 puuvillasta, joka takaa mukavan ja miellytt\u00e4v\u00e4n unen. Kirkkaanv\u00e4riset kuviot ja s\u00f6p\u00f6t ....","og_url":"https:\/\/minubaltic.ee\/fi\/e-pood\/vuodevaatteet\/disney-vuodevaatteet-setti\/","article_publisher":"https:\/\/www.facebook.com\/minubaltic","article_modified_time":"2024-08-06T22:28:41+00:00","og_image":[{"width":800,"height":800,"url":"https:\/\/minubaltic.ee\/wp-content\/uploads\/2024\/08\/Disney-voodipesukomplekt-3.jpg","type":"image\/jpeg"}],"twitter_card":"summary_large_image","twitter_misc":{"Arvioitu lukuaika":"1 minuutti"},"schema":{"@context":"https:\/\/schema.org","@graph":[{"@type":"WebPage","@id":"https:\/\/minubaltic.ee\/fi\/e-pood\/vuodevaatteet\/disney-vuodevaatteet-setti\/","url":"https:\/\/minubaltic.ee\/fi\/e-pood\/vuodevaatteet\/disney-vuodevaatteet-setti\/","name":"Disney vuodevaatteet setti - Lasten vuodevaatteet","isPartOf":{"@id":"https:\/\/minubaltic.ee\/fi\/#website"},"primaryImageOfPage":{"@id":"https:\/\/minubaltic.ee\/fi\/e-pood\/vuodevaatteet\/disney-vuodevaatteet-setti\/#primaryimage"},"image":{"@id":"https:\/\/minubaltic.ee\/fi\/e-pood\/vuodevaatteet\/disney-vuodevaatteet-setti\/#primaryimage"},"thumbnailUrl":"https:\/\/minubaltic.ee\/wp-content\/uploads\/2024\/08\/Disney-voodipesukomplekt-3.jpg","datePublished":"2024-08-06T22:06:56+00:00","dateModified":"2024-08-06T22:28:41+00:00","description":"Lasten vuodevaatesetti on valmistettu pehme\u00e4st\u00e4 ja hengitt\u00e4v\u00e4st\u00e4 puuvillasta, joka takaa mukavan ja miellytt\u00e4v\u00e4n unen. Kirkkaanv\u00e4riset kuviot ja s\u00f6p\u00f6t ....","breadcrumb":{"@id":"https:\/\/minubaltic.ee\/fi\/e-pood\/vuodevaatteet\/disney-vuodevaatteet-setti\/#breadcrumb"},"inLanguage":"fi","potentialAction":[{"@type":"ReadAction","target":["https:\/\/minubaltic.ee\/fi\/e-pood\/vuodevaatteet\/disney-vuodevaatteet-setti\/"]}]},{"@type":"ImageObject","inLanguage":"fi","@id":"https:\/\/minubaltic.ee\/fi\/e-pood\/vuodevaatteet\/disney-vuodevaatteet-setti\/#primaryimage","url":"https:\/\/minubaltic.ee\/wp-content\/uploads\/2024\/08\/Disney-voodipesukomplekt-3.jpg","contentUrl":"https:\/\/minubaltic.ee\/wp-content\/uploads\/2024\/08\/Disney-voodipesukomplekt-3.jpg","width":800,"height":800},{"@type":"BreadcrumbList","@id":"https:\/\/minubaltic.ee\/fi\/e-pood\/vuodevaatteet\/disney-vuodevaatteet-setti\/#breadcrumb","itemListElement":[{"@type":"ListItem","position":1,"name":"Home","item":"https:\/\/minubaltic.ee\/fi\/"},{"@type":"ListItem","position":2,"name":"Verkkokauppa","item":"https:\/\/minubaltic.ee\/fi\/verkkokauppa\/"},{"@type":"ListItem","position":3,"name":"Disney vuodevaatteet setti"}]},{"@type":"WebSite","@id":"https:\/\/minubaltic.ee\/fi\/#website","url":"https:\/\/minubaltic.ee\/fi\/","name":"minubaltic.ee","description":"","publisher":{"@id":"https:\/\/minubaltic.ee\/fi\/#organization"},"potentialAction":[{"@type":"SearchAction","target":{"@type":"EntryPoint","urlTemplate":"https:\/\/minubaltic.ee\/fi\/?s={search_term_string}"},"query-input":{"@type":"PropertyValueSpecification","valueRequired":true,"valueName":"search_term_string"}}],"inLanguage":"fi"},{"@type":"Organization","@id":"https:\/\/minubaltic.ee\/fi\/#organization","name":"Minu Baltic O\u00dc","url":"https:\/\/minubaltic.ee\/fi\/","logo":{"@type":"ImageObject","inLanguage":"fi","@id":"https:\/\/minubaltic.ee\/fi\/#\/schema\/logo\/image\/","url":"https:\/\/minubaltic.ee\/wp-content\/uploads\/2023\/10\/cropped-cropped-cropped-logo.png","contentUrl":"https:\/\/minubaltic.ee\/wp-content\/uploads\/2023\/10\/cropped-cropped-cropped-logo.png","width":500,"height":237,"caption":"Minu Baltic O\u00dc"},"image":{"@id":"https:\/\/minubaltic.ee\/fi\/#\/schema\/logo\/image\/"},"sameAs":["https:\/\/www.facebook.com\/minubaltic"]}]}},"_links":{"self":[{"href":"https:\/\/minubaltic.ee\/fi\/wp-json\/wp\/v2\/product\/31164","targetHints":{"allow":["GET"]}}],"collection":[{"href":"https:\/\/minubaltic.ee\/fi\/wp-json\/wp\/v2\/product"}],"about":[{"href":"https:\/\/minubaltic.ee\/fi\/wp-json\/wp\/v2\/types\/product"}],"replies":[{"embeddable":true,"href":"https:\/\/minubaltic.ee\/fi\/wp-json\/wp\/v2\/comments?post=31164"}],"version-history":[{"count":1,"href":"https:\/\/minubaltic.ee\/fi\/wp-json\/wp\/v2\/product\/31164\/revisions"}],"predecessor-version":[{"id":31170,"href":"https:\/\/minubaltic.ee\/fi\/wp-json\/wp\/v2\/product\/31164\/revisions\/31170"}],"wp:featuredmedia":[{"embeddable":true,"href":"https:\/\/minubaltic.ee\/fi\/wp-json\/wp\/v2\/media\/31146"}],"wp:attachment":[{"href":"https:\/\/minubaltic.ee\/fi\/wp-json\/wp\/v2\/media?parent=31164"}],"wp:term":[{"taxonomy":"product_brand","embeddable":true,"href":"https:\/\/minubaltic.ee\/fi\/wp-json\/wp\/v2\/product_brand?post=31164"},{"taxonomy":"product_cat","embeddable":true,"href":"https:\/\/minubaltic.ee\/fi\/wp-json\/wp\/v2\/product_cat?post=31164"},{"taxonomy":"product_tag","embeddable":true,"href":"https:\/\/minubaltic.ee\/fi\/wp-json\/wp\/v2\/product_tag?post=31164"}],"curies":[{"name":"wp","href":"https:\/\/api.w.org\/{rel}","templated":true}]}}