{"id":30761,"date":"2024-07-27T09:28:46","date_gmt":"2024-07-27T06:28:46","guid":{"rendered":"https:\/\/minubaltic.ee\/?post_type=product&#038;p=30761"},"modified":"2024-07-27T10:35:06","modified_gmt":"2024-07-27T07:35:06","slug":"premium-100-puuvillaa-vuodevaatteet-setti-pehmea-ja-hengittava","status":"publish","type":"product","link":"https:\/\/minubaltic.ee\/fi\/e-pood\/vuodevaatteet\/premium-100-puuvillaa-vuodevaatteet-setti-pehmea-ja-hengittava\/","title":{"rendered":"Premium 100% puuvillaa vuodevaatteet setti | pehme\u00e4 ja hengitt\u00e4v\u00e4"},"content":{"rendered":"<ul>\n<li><strong>Materiaali:<\/strong> 100% korkealaatuista puuvillaa<\/li>\n<li><strong>Kudonta:<\/strong> tiiviisti kudottu, kest\u00e4v\u00e4 ja pitk\u00e4ik\u00e4inen.<\/li>\n<li><strong>Mukavuus:<\/strong> hengitt\u00e4v\u00e4 ja pehme\u00e4 rakenne<\/li>\n<li><strong>Sarjan sis\u00e4lt\u00f6:<\/strong> 1 pussilakana, 1 lakana, 2 tyynyliinaa<\/li>\n<li><strong>Pussilakana:<\/strong> 200\u00d7230<\/li>\n<li><strong>Lakana:<\/strong> 245\u00d7254<\/li>\n<li><strong>Tyynyliinaa:<\/strong> 45\u00d775 (2kpl)<\/li>\n<\/ul>\n<p><strong>Miksi sinun pit\u00e4isi valita 100 % puuvillainen vuodevaatesetti?<\/strong><\/p>\n<ol>\n<li>Mukavuus ja laatu: ensiluokkaisen puuvillan ansiosta se tuo ylellisyytt\u00e4 ja mukavuutta makuuhuoneeseesi.<\/li>\n<li>Hengitt\u00e4vyys: raikas ja mukava koko y\u00f6n.<\/li>\n<li>Pehmeys: t\u00e4ydellinen unikokemus ihoyst\u00e4v\u00e4llisen ja pehme\u00e4n rakenteensa ansiosta.<\/li>\n<li>Kest\u00e4vyys: tihe\u00e4n kudoksen ansiosta se takaa pitk\u00e4aikaisen k\u00e4yt\u00f6n.<\/li>\n<\/ol>\n<p><strong>T\u00e4m\u00e4 liinavaatesetti rikastuttaa makuuhuoneesi sek\u00e4 tyylikkyydell\u00e4 ett\u00e4 mukavuudella. T\u00e4ydellinen lahja itsellesi tai rakkaallesi.<\/strong><\/p>\n","protected":false},"excerpt":{"rendered":"<p>Ensiluokkainen 100-prosenttisesta puuvillasta valmistettu vuodevaatesetti her\u00e4tt\u00e4\u00e4 huomiota tekstuurillaan ja erinomaisella viimeistelyll\u00e4\u00e4n, mik\u00e4 nostaa nukkumiskokemuksesi uudelle tasolle. T\u00e4m\u00e4 vuodevaatesetti pit\u00e4\u00e4 sinut viile\u00e4n\u00e4 ja mukavana koko y\u00f6n sen hengitt\u00e4v\u00e4n rakenteen ansiosta. Samalla sen pehme\u00e4 koostumus on hell\u00e4varainen ihollesi ja sopii my\u00f6s herk\u00e4lle iholle.<\/p>\n","protected":false},"featured_media":30767,"comment_status":"open","ping_status":"closed","template":"","meta":[],"product_brand":[],"product_cat":[766,821,826,396,611,617],"product_tag":[402,401,400],"class_list":{"0":"post-30761","1":"product","2":"type-product","3":"status-publish","4":"has-post-thumbnail","6":"product_cat-orgaaniset-vuodevaatteet","7":"product_cat-puuvillaiset-vuodevaatteet","8":"product_cat-puuvillaiset-vuodevaatteet-setit","9":"product_cat-vuodevaatteet","10":"product_cat-vuodevaatteet-200-230","11":"product_cat-vuodevaatteet-setit","12":"product_tag-kodin-tekstiilit","13":"product_tag-tekstiili","14":"product_tag-verkkokauppa","16":"first","17":"instock","18":"shipping-taxable","19":"purchasable","20":"product-type-simple"},"yoast_head":"<!-- This site is optimized with the Yoast SEO plugin v27.3 - https:\/\/yoast.com\/product\/yoast-seo-wordpress\/ -->\n<title>Premium 100% puuvillaa vuodevaatteet setti | pehme\u00e4 ja hengitt\u00e4v<\/title>\n<meta name=\"description\" content=\"Lis\u00e4\u00e4 ylellisyytt\u00e4 s\u00e4nkyyn laadukkaalla 100 % puuvillaisella vuodevaatesarjalla. Nauti mukavasta nukkumiskokemuksesta sen hengitt\u00e4v\u00e4n ja pehme\u00e4....\" \/>\n<meta name=\"robots\" content=\"index, follow, max-snippet:-1, max-image-preview:large, max-video-preview:-1\" \/>\n<link rel=\"canonical\" href=\"https:\/\/minubaltic.ee\/fi\/e-pood\/vuodevaatteet\/premium-100-puuvillaa-vuodevaatteet-setti-pehmea-ja-hengittava\/\" \/>\n<meta property=\"og:locale\" content=\"fi_FI\" \/>\n<meta property=\"og:type\" content=\"article\" \/>\n<meta property=\"og:title\" content=\"Premium 100% puuvillaa vuodevaatteet setti | pehme\u00e4 ja hengitt\u00e4v\" \/>\n<meta property=\"og:description\" content=\"Lis\u00e4\u00e4 ylellisyytt\u00e4 s\u00e4nkyyn laadukkaalla 100 % puuvillaisella vuodevaatesarjalla. Nauti mukavasta nukkumiskokemuksesta sen hengitt\u00e4v\u00e4n ja pehme\u00e4....\" \/>\n<meta property=\"og:url\" content=\"https:\/\/minubaltic.ee\/fi\/e-pood\/vuodevaatteet\/premium-100-puuvillaa-vuodevaatteet-setti-pehmea-ja-hengittava\/\" \/>\n<meta property=\"article:publisher\" content=\"https:\/\/www.facebook.com\/minubaltic\" \/>\n<meta property=\"article:modified_time\" content=\"2024-07-27T07:35:06+00:00\" \/>\n<meta property=\"og:image\" content=\"https:\/\/minubaltic.ee\/wp-content\/uploads\/2024\/07\/Premium-100-puuvillane-voodipesukomplekt-4.jpg\" \/>\n\t<meta property=\"og:image:width\" content=\"800\" \/>\n\t<meta property=\"og:image:height\" content=\"800\" \/>\n\t<meta property=\"og:image:type\" content=\"image\/jpeg\" \/>\n<meta name=\"twitter:card\" content=\"summary_large_image\" \/>\n<meta name=\"twitter:label1\" content=\"Arvioitu lukuaika\" \/>\n\t<meta name=\"twitter:data1\" content=\"1 minuutti\" \/>\n<script type=\"application\/ld+json\" class=\"yoast-schema-graph\">{\"@context\":\"https:\\\/\\\/schema.org\",\"@graph\":[{\"@type\":\"WebPage\",\"@id\":\"https:\\\/\\\/minubaltic.ee\\\/fi\\\/e-pood\\\/vuodevaatteet\\\/premium-100-puuvillaa-vuodevaatteet-setti-pehmea-ja-hengittava\\\/\",\"url\":\"https:\\\/\\\/minubaltic.ee\\\/fi\\\/e-pood\\\/vuodevaatteet\\\/premium-100-puuvillaa-vuodevaatteet-setti-pehmea-ja-hengittava\\\/\",\"name\":\"Premium 100% puuvillaa vuodevaatteet setti | pehme\u00e4 ja hengitt\u00e4v\",\"isPartOf\":{\"@id\":\"https:\\\/\\\/minubaltic.ee\\\/fi\\\/#website\"},\"primaryImageOfPage\":{\"@id\":\"https:\\\/\\\/minubaltic.ee\\\/fi\\\/e-pood\\\/vuodevaatteet\\\/premium-100-puuvillaa-vuodevaatteet-setti-pehmea-ja-hengittava\\\/#primaryimage\"},\"image\":{\"@id\":\"https:\\\/\\\/minubaltic.ee\\\/fi\\\/e-pood\\\/vuodevaatteet\\\/premium-100-puuvillaa-vuodevaatteet-setti-pehmea-ja-hengittava\\\/#primaryimage\"},\"thumbnailUrl\":\"https:\\\/\\\/minubaltic.ee\\\/wp-content\\\/uploads\\\/2024\\\/07\\\/Premium-100-puuvillane-voodipesukomplekt-4.jpg\",\"datePublished\":\"2024-07-27T06:28:46+00:00\",\"dateModified\":\"2024-07-27T07:35:06+00:00\",\"description\":\"Lis\u00e4\u00e4 ylellisyytt\u00e4 s\u00e4nkyyn laadukkaalla 100 % puuvillaisella vuodevaatesarjalla. Nauti mukavasta nukkumiskokemuksesta sen hengitt\u00e4v\u00e4n ja pehme\u00e4....\",\"breadcrumb\":{\"@id\":\"https:\\\/\\\/minubaltic.ee\\\/fi\\\/e-pood\\\/vuodevaatteet\\\/premium-100-puuvillaa-vuodevaatteet-setti-pehmea-ja-hengittava\\\/#breadcrumb\"},\"inLanguage\":\"fi\",\"potentialAction\":[{\"@type\":\"ReadAction\",\"target\":[\"https:\\\/\\\/minubaltic.ee\\\/fi\\\/e-pood\\\/vuodevaatteet\\\/premium-100-puuvillaa-vuodevaatteet-setti-pehmea-ja-hengittava\\\/\"]}]},{\"@type\":\"ImageObject\",\"inLanguage\":\"fi\",\"@id\":\"https:\\\/\\\/minubaltic.ee\\\/fi\\\/e-pood\\\/vuodevaatteet\\\/premium-100-puuvillaa-vuodevaatteet-setti-pehmea-ja-hengittava\\\/#primaryimage\",\"url\":\"https:\\\/\\\/minubaltic.ee\\\/wp-content\\\/uploads\\\/2024\\\/07\\\/Premium-100-puuvillane-voodipesukomplekt-4.jpg\",\"contentUrl\":\"https:\\\/\\\/minubaltic.ee\\\/wp-content\\\/uploads\\\/2024\\\/07\\\/Premium-100-puuvillane-voodipesukomplekt-4.jpg\",\"width\":800,\"height\":800},{\"@type\":\"BreadcrumbList\",\"@id\":\"https:\\\/\\\/minubaltic.ee\\\/fi\\\/e-pood\\\/vuodevaatteet\\\/premium-100-puuvillaa-vuodevaatteet-setti-pehmea-ja-hengittava\\\/#breadcrumb\",\"itemListElement\":[{\"@type\":\"ListItem\",\"position\":1,\"name\":\"Home\",\"item\":\"https:\\\/\\\/minubaltic.ee\\\/fi\\\/\"},{\"@type\":\"ListItem\",\"position\":2,\"name\":\"Verkkokauppa\",\"item\":\"https:\\\/\\\/minubaltic.ee\\\/fi\\\/verkkokauppa\\\/\"},{\"@type\":\"ListItem\",\"position\":3,\"name\":\"Premium 100% puuvillaa vuodevaatteet setti | pehme\u00e4 ja hengitt\u00e4v\u00e4\"}]},{\"@type\":\"WebSite\",\"@id\":\"https:\\\/\\\/minubaltic.ee\\\/fi\\\/#website\",\"url\":\"https:\\\/\\\/minubaltic.ee\\\/fi\\\/\",\"name\":\"minubaltic.ee\",\"description\":\"\",\"publisher\":{\"@id\":\"https:\\\/\\\/minubaltic.ee\\\/fi\\\/#organization\"},\"potentialAction\":[{\"@type\":\"SearchAction\",\"target\":{\"@type\":\"EntryPoint\",\"urlTemplate\":\"https:\\\/\\\/minubaltic.ee\\\/fi\\\/?s={search_term_string}\"},\"query-input\":{\"@type\":\"PropertyValueSpecification\",\"valueRequired\":true,\"valueName\":\"search_term_string\"}}],\"inLanguage\":\"fi\"},{\"@type\":\"Organization\",\"@id\":\"https:\\\/\\\/minubaltic.ee\\\/fi\\\/#organization\",\"name\":\"Minu Baltic O\u00dc\",\"url\":\"https:\\\/\\\/minubaltic.ee\\\/fi\\\/\",\"logo\":{\"@type\":\"ImageObject\",\"inLanguage\":\"fi\",\"@id\":\"https:\\\/\\\/minubaltic.ee\\\/fi\\\/#\\\/schema\\\/logo\\\/image\\\/\",\"url\":\"https:\\\/\\\/minubaltic.ee\\\/wp-content\\\/uploads\\\/2023\\\/10\\\/cropped-cropped-cropped-logo.png\",\"contentUrl\":\"https:\\\/\\\/minubaltic.ee\\\/wp-content\\\/uploads\\\/2023\\\/10\\\/cropped-cropped-cropped-logo.png\",\"width\":500,\"height\":237,\"caption\":\"Minu Baltic O\u00dc\"},\"image\":{\"@id\":\"https:\\\/\\\/minubaltic.ee\\\/fi\\\/#\\\/schema\\\/logo\\\/image\\\/\"},\"sameAs\":[\"https:\\\/\\\/www.facebook.com\\\/minubaltic\"]}]}<\/script>\n<!-- \/ Yoast SEO plugin. -->","yoast_head_json":{"title":"Premium 100% puuvillaa vuodevaatteet setti | pehme\u00e4 ja hengitt\u00e4v","description":"Lis\u00e4\u00e4 ylellisyytt\u00e4 s\u00e4nkyyn laadukkaalla 100 % puuvillaisella vuodevaatesarjalla. Nauti mukavasta nukkumiskokemuksesta sen hengitt\u00e4v\u00e4n ja pehme\u00e4....","robots":{"index":"index","follow":"follow","max-snippet":"max-snippet:-1","max-image-preview":"max-image-preview:large","max-video-preview":"max-video-preview:-1"},"canonical":"https:\/\/minubaltic.ee\/fi\/e-pood\/vuodevaatteet\/premium-100-puuvillaa-vuodevaatteet-setti-pehmea-ja-hengittava\/","og_locale":"fi_FI","og_type":"article","og_title":"Premium 100% puuvillaa vuodevaatteet setti | pehme\u00e4 ja hengitt\u00e4v","og_description":"Lis\u00e4\u00e4 ylellisyytt\u00e4 s\u00e4nkyyn laadukkaalla 100 % puuvillaisella vuodevaatesarjalla. Nauti mukavasta nukkumiskokemuksesta sen hengitt\u00e4v\u00e4n ja pehme\u00e4....","og_url":"https:\/\/minubaltic.ee\/fi\/e-pood\/vuodevaatteet\/premium-100-puuvillaa-vuodevaatteet-setti-pehmea-ja-hengittava\/","article_publisher":"https:\/\/www.facebook.com\/minubaltic","article_modified_time":"2024-07-27T07:35:06+00:00","og_image":[{"width":800,"height":800,"url":"https:\/\/minubaltic.ee\/wp-content\/uploads\/2024\/07\/Premium-100-puuvillane-voodipesukomplekt-4.jpg","type":"image\/jpeg"}],"twitter_card":"summary_large_image","twitter_misc":{"Arvioitu lukuaika":"1 minuutti"},"schema":{"@context":"https:\/\/schema.org","@graph":[{"@type":"WebPage","@id":"https:\/\/minubaltic.ee\/fi\/e-pood\/vuodevaatteet\/premium-100-puuvillaa-vuodevaatteet-setti-pehmea-ja-hengittava\/","url":"https:\/\/minubaltic.ee\/fi\/e-pood\/vuodevaatteet\/premium-100-puuvillaa-vuodevaatteet-setti-pehmea-ja-hengittava\/","name":"Premium 100% puuvillaa vuodevaatteet setti | pehme\u00e4 ja hengitt\u00e4v","isPartOf":{"@id":"https:\/\/minubaltic.ee\/fi\/#website"},"primaryImageOfPage":{"@id":"https:\/\/minubaltic.ee\/fi\/e-pood\/vuodevaatteet\/premium-100-puuvillaa-vuodevaatteet-setti-pehmea-ja-hengittava\/#primaryimage"},"image":{"@id":"https:\/\/minubaltic.ee\/fi\/e-pood\/vuodevaatteet\/premium-100-puuvillaa-vuodevaatteet-setti-pehmea-ja-hengittava\/#primaryimage"},"thumbnailUrl":"https:\/\/minubaltic.ee\/wp-content\/uploads\/2024\/07\/Premium-100-puuvillane-voodipesukomplekt-4.jpg","datePublished":"2024-07-27T06:28:46+00:00","dateModified":"2024-07-27T07:35:06+00:00","description":"Lis\u00e4\u00e4 ylellisyytt\u00e4 s\u00e4nkyyn laadukkaalla 100 % puuvillaisella vuodevaatesarjalla. Nauti mukavasta nukkumiskokemuksesta sen hengitt\u00e4v\u00e4n ja pehme\u00e4....","breadcrumb":{"@id":"https:\/\/minubaltic.ee\/fi\/e-pood\/vuodevaatteet\/premium-100-puuvillaa-vuodevaatteet-setti-pehmea-ja-hengittava\/#breadcrumb"},"inLanguage":"fi","potentialAction":[{"@type":"ReadAction","target":["https:\/\/minubaltic.ee\/fi\/e-pood\/vuodevaatteet\/premium-100-puuvillaa-vuodevaatteet-setti-pehmea-ja-hengittava\/"]}]},{"@type":"ImageObject","inLanguage":"fi","@id":"https:\/\/minubaltic.ee\/fi\/e-pood\/vuodevaatteet\/premium-100-puuvillaa-vuodevaatteet-setti-pehmea-ja-hengittava\/#primaryimage","url":"https:\/\/minubaltic.ee\/wp-content\/uploads\/2024\/07\/Premium-100-puuvillane-voodipesukomplekt-4.jpg","contentUrl":"https:\/\/minubaltic.ee\/wp-content\/uploads\/2024\/07\/Premium-100-puuvillane-voodipesukomplekt-4.jpg","width":800,"height":800},{"@type":"BreadcrumbList","@id":"https:\/\/minubaltic.ee\/fi\/e-pood\/vuodevaatteet\/premium-100-puuvillaa-vuodevaatteet-setti-pehmea-ja-hengittava\/#breadcrumb","itemListElement":[{"@type":"ListItem","position":1,"name":"Home","item":"https:\/\/minubaltic.ee\/fi\/"},{"@type":"ListItem","position":2,"name":"Verkkokauppa","item":"https:\/\/minubaltic.ee\/fi\/verkkokauppa\/"},{"@type":"ListItem","position":3,"name":"Premium 100% puuvillaa vuodevaatteet setti | pehme\u00e4 ja hengitt\u00e4v\u00e4"}]},{"@type":"WebSite","@id":"https:\/\/minubaltic.ee\/fi\/#website","url":"https:\/\/minubaltic.ee\/fi\/","name":"minubaltic.ee","description":"","publisher":{"@id":"https:\/\/minubaltic.ee\/fi\/#organization"},"potentialAction":[{"@type":"SearchAction","target":{"@type":"EntryPoint","urlTemplate":"https:\/\/minubaltic.ee\/fi\/?s={search_term_string}"},"query-input":{"@type":"PropertyValueSpecification","valueRequired":true,"valueName":"search_term_string"}}],"inLanguage":"fi"},{"@type":"Organization","@id":"https:\/\/minubaltic.ee\/fi\/#organization","name":"Minu Baltic O\u00dc","url":"https:\/\/minubaltic.ee\/fi\/","logo":{"@type":"ImageObject","inLanguage":"fi","@id":"https:\/\/minubaltic.ee\/fi\/#\/schema\/logo\/image\/","url":"https:\/\/minubaltic.ee\/wp-content\/uploads\/2023\/10\/cropped-cropped-cropped-logo.png","contentUrl":"https:\/\/minubaltic.ee\/wp-content\/uploads\/2023\/10\/cropped-cropped-cropped-logo.png","width":500,"height":237,"caption":"Minu Baltic O\u00dc"},"image":{"@id":"https:\/\/minubaltic.ee\/fi\/#\/schema\/logo\/image\/"},"sameAs":["https:\/\/www.facebook.com\/minubaltic"]}]}},"_links":{"self":[{"href":"https:\/\/minubaltic.ee\/fi\/wp-json\/wp\/v2\/product\/30761","targetHints":{"allow":["GET"]}}],"collection":[{"href":"https:\/\/minubaltic.ee\/fi\/wp-json\/wp\/v2\/product"}],"about":[{"href":"https:\/\/minubaltic.ee\/fi\/wp-json\/wp\/v2\/types\/product"}],"replies":[{"embeddable":true,"href":"https:\/\/minubaltic.ee\/fi\/wp-json\/wp\/v2\/comments?post=30761"}],"version-history":[{"count":2,"href":"https:\/\/minubaltic.ee\/fi\/wp-json\/wp\/v2\/product\/30761\/revisions"}],"predecessor-version":[{"id":30817,"href":"https:\/\/minubaltic.ee\/fi\/wp-json\/wp\/v2\/product\/30761\/revisions\/30817"}],"wp:featuredmedia":[{"embeddable":true,"href":"https:\/\/minubaltic.ee\/fi\/wp-json\/wp\/v2\/media\/30767"}],"wp:attachment":[{"href":"https:\/\/minubaltic.ee\/fi\/wp-json\/wp\/v2\/media?parent=30761"}],"wp:term":[{"taxonomy":"product_brand","embeddable":true,"href":"https:\/\/minubaltic.ee\/fi\/wp-json\/wp\/v2\/product_brand?post=30761"},{"taxonomy":"product_cat","embeddable":true,"href":"https:\/\/minubaltic.ee\/fi\/wp-json\/wp\/v2\/product_cat?post=30761"},{"taxonomy":"product_tag","embeddable":true,"href":"https:\/\/minubaltic.ee\/fi\/wp-json\/wp\/v2\/product_tag?post=30761"}],"curies":[{"name":"wp","href":"https:\/\/api.w.org\/{rel}","templated":true}]}}