{"id":30480,"date":"2024-07-18T23:34:52","date_gmt":"2024-07-18T20:34:52","guid":{"rendered":"https:\/\/minubaltic.ee\/e-pood\/Ei-luokiteltu\/bambu-kylpypyyhe-sarja-3-kpl-valkoinen\/"},"modified":"2024-07-19T00:12:58","modified_gmt":"2024-07-18T21:12:58","slug":"bambu-kylpypyyhe-sarja-3-kpl-valkoinen","status":"publish","type":"product","link":"https:\/\/minubaltic.ee\/fi\/e-pood\/bambu-pyyhkeet\/bambupyyhe-sarjat\/bambu-kylpypyyhe-sarja-3-kpl-valkoinen\/","title":{"rendered":"Bambu kylpypyyhe sarja 3 kpl. (valkoinen)"},"content":{"rendered":"<ul>\n<li><strong>Kankaan koostumus:<\/strong> 100% bambu<\/li>\n<li><strong>Tuote pakkauksessa:<\/strong> 3 kpl<\/li>\n<li><strong>Mitat:<\/strong> (70\u00d7140 cm 1 kpl) + (35\u00d775 cm 2 kpl).<\/li>\n<li><strong>V\u00e4ri<\/strong>: Valkoinen<\/li>\n<li><strong>Paino:<\/strong> 420g\/m2<\/li>\n<li>Niiden herkk\u00e4 ja silkkinen kosketus tarjoaa jokap\u00e4iv\u00e4ist\u00e4 mukavuutta, ja luonnolliset ominaisuudet auttavat pit\u00e4m\u00e4\u00e4n pyyhkeet tuoreina pidemp\u00e4\u00e4n.<\/li>\n<\/ul>\n","protected":false},"excerpt":{"rendered":"<p>\ud83c\udf31Bambupyyhesarja sis\u00e4lt\u00e4\u00e4 yhden saunapyyhkeen, jonka koko on 75\u00d7140 cm (1 kpl) ja kaksi k\u00e4sipyyhkett\u00e4 kokoa 35\u00d775 cm (2 kpl).<br \/>\n\ud83c\udf31N\u00e4m\u00e4 bambukuidusta valmistetut pyyhkeet ovat eritt\u00e4in pehmeit\u00e4, kest\u00e4vi\u00e4 ja erinomaiset kosteuden kuivaamiseen.<\/p>\n","protected":false},"featured_media":30467,"comment_status":"open","ping_status":"closed","template":"","meta":[],"product_brand":[],"product_cat":[809,790,792,388,384],"product_tag":[402,403,400],"class_list":{"0":"post-30480","1":"product","2":"type-product","3":"status-publish","4":"has-post-thumbnail","6":"product_cat-100-bambua","7":"product_cat-bambu-pyyhkeet","8":"product_cat-bambupyyhe-sarjat","9":"product_cat-pyyhesarjat","10":"product_cat-pyyhkeet","11":"product_tag-kodin-tekstiilit","12":"product_tag-pyyhkeet","13":"product_tag-verkkokauppa","15":"first","16":"instock","17":"shipping-taxable","18":"purchasable","19":"product-type-simple"},"yoast_head":"<!-- This site is optimized with the Yoast SEO plugin v27.3 - https:\/\/yoast.com\/product\/yoast-seo-wordpress\/ -->\n<title>Bambu kylpypyyhe sarja 3 kpl. (valkoinen) - 100% bambu<\/title>\n<meta name=\"description\" content=\"3-osainen bambupyyhesetti koostuu 1 70x140 cm:n kylpypyyhkeest\u00e4 ja 2 35x75 cm:n pyyhkeest\u00e4. Bambukylpyammeen liinavaatteet soveltuvat k\u00e4ytett\u00e4v\u00e4ksi ....\" \/>\n<meta name=\"robots\" content=\"index, follow, max-snippet:-1, max-image-preview:large, max-video-preview:-1\" \/>\n<link rel=\"canonical\" href=\"https:\/\/minubaltic.ee\/fi\/e-pood\/bambu-pyyhkeet\/bambupyyhe-sarjat\/bambu-kylpypyyhe-sarja-3-kpl-valkoinen\/\" \/>\n<meta property=\"og:locale\" content=\"fi_FI\" \/>\n<meta property=\"og:type\" content=\"article\" \/>\n<meta property=\"og:title\" content=\"Bambu kylpypyyhe sarja 3 kpl. (valkoinen) - 100% bambu\" \/>\n<meta property=\"og:description\" content=\"3-osainen bambupyyhesetti koostuu 1 70x140 cm:n kylpypyyhkeest\u00e4 ja 2 35x75 cm:n pyyhkeest\u00e4. Bambukylpyammeen liinavaatteet soveltuvat k\u00e4ytett\u00e4v\u00e4ksi ....\" \/>\n<meta property=\"og:url\" content=\"https:\/\/minubaltic.ee\/fi\/e-pood\/bambu-pyyhkeet\/bambupyyhe-sarjat\/bambu-kylpypyyhe-sarja-3-kpl-valkoinen\/\" \/>\n<meta property=\"article:publisher\" content=\"https:\/\/www.facebook.com\/minubaltic\" \/>\n<meta property=\"article:modified_time\" content=\"2024-07-18T21:12:58+00:00\" \/>\n<meta property=\"og:image\" content=\"https:\/\/minubaltic.ee\/wp-content\/uploads\/2024\/07\/BAMBUSEST-RATIK-9.jpg\" \/>\n\t<meta property=\"og:image:width\" content=\"800\" \/>\n\t<meta property=\"og:image:height\" content=\"800\" \/>\n\t<meta property=\"og:image:type\" content=\"image\/jpeg\" \/>\n<meta name=\"twitter:card\" content=\"summary_large_image\" \/>\n<meta name=\"twitter:label1\" content=\"Arvioitu lukuaika\" \/>\n\t<meta name=\"twitter:data1\" content=\"1 minuutti\" \/>\n<script type=\"application\/ld+json\" class=\"yoast-schema-graph\">{\"@context\":\"https:\\\/\\\/schema.org\",\"@graph\":[{\"@type\":\"WebPage\",\"@id\":\"https:\\\/\\\/minubaltic.ee\\\/fi\\\/e-pood\\\/bambu-pyyhkeet\\\/bambupyyhe-sarjat\\\/bambu-kylpypyyhe-sarja-3-kpl-valkoinen\\\/\",\"url\":\"https:\\\/\\\/minubaltic.ee\\\/fi\\\/e-pood\\\/bambu-pyyhkeet\\\/bambupyyhe-sarjat\\\/bambu-kylpypyyhe-sarja-3-kpl-valkoinen\\\/\",\"name\":\"Bambu kylpypyyhe sarja 3 kpl. (valkoinen) - 100% bambu\",\"isPartOf\":{\"@id\":\"https:\\\/\\\/minubaltic.ee\\\/fi\\\/#website\"},\"primaryImageOfPage\":{\"@id\":\"https:\\\/\\\/minubaltic.ee\\\/fi\\\/e-pood\\\/bambu-pyyhkeet\\\/bambupyyhe-sarjat\\\/bambu-kylpypyyhe-sarja-3-kpl-valkoinen\\\/#primaryimage\"},\"image\":{\"@id\":\"https:\\\/\\\/minubaltic.ee\\\/fi\\\/e-pood\\\/bambu-pyyhkeet\\\/bambupyyhe-sarjat\\\/bambu-kylpypyyhe-sarja-3-kpl-valkoinen\\\/#primaryimage\"},\"thumbnailUrl\":\"https:\\\/\\\/minubaltic.ee\\\/wp-content\\\/uploads\\\/2024\\\/07\\\/BAMBUSEST-RATIK-9.jpg\",\"datePublished\":\"2024-07-18T20:34:52+00:00\",\"dateModified\":\"2024-07-18T21:12:58+00:00\",\"description\":\"3-osainen bambupyyhesetti koostuu 1 70x140 cm:n kylpypyyhkeest\u00e4 ja 2 35x75 cm:n pyyhkeest\u00e4. Bambukylpyammeen liinavaatteet soveltuvat k\u00e4ytett\u00e4v\u00e4ksi ....\",\"breadcrumb\":{\"@id\":\"https:\\\/\\\/minubaltic.ee\\\/fi\\\/e-pood\\\/bambu-pyyhkeet\\\/bambupyyhe-sarjat\\\/bambu-kylpypyyhe-sarja-3-kpl-valkoinen\\\/#breadcrumb\"},\"inLanguage\":\"fi\",\"potentialAction\":[{\"@type\":\"ReadAction\",\"target\":[\"https:\\\/\\\/minubaltic.ee\\\/fi\\\/e-pood\\\/bambu-pyyhkeet\\\/bambupyyhe-sarjat\\\/bambu-kylpypyyhe-sarja-3-kpl-valkoinen\\\/\"]}]},{\"@type\":\"ImageObject\",\"inLanguage\":\"fi\",\"@id\":\"https:\\\/\\\/minubaltic.ee\\\/fi\\\/e-pood\\\/bambu-pyyhkeet\\\/bambupyyhe-sarjat\\\/bambu-kylpypyyhe-sarja-3-kpl-valkoinen\\\/#primaryimage\",\"url\":\"https:\\\/\\\/minubaltic.ee\\\/wp-content\\\/uploads\\\/2024\\\/07\\\/BAMBUSEST-RATIK-9.jpg\",\"contentUrl\":\"https:\\\/\\\/minubaltic.ee\\\/wp-content\\\/uploads\\\/2024\\\/07\\\/BAMBUSEST-RATIK-9.jpg\",\"width\":800,\"height\":800},{\"@type\":\"BreadcrumbList\",\"@id\":\"https:\\\/\\\/minubaltic.ee\\\/fi\\\/e-pood\\\/bambu-pyyhkeet\\\/bambupyyhe-sarjat\\\/bambu-kylpypyyhe-sarja-3-kpl-valkoinen\\\/#breadcrumb\",\"itemListElement\":[{\"@type\":\"ListItem\",\"position\":1,\"name\":\"Home\",\"item\":\"https:\\\/\\\/minubaltic.ee\\\/fi\\\/\"},{\"@type\":\"ListItem\",\"position\":2,\"name\":\"Verkkokauppa\",\"item\":\"https:\\\/\\\/minubaltic.ee\\\/fi\\\/verkkokauppa\\\/\"},{\"@type\":\"ListItem\",\"position\":3,\"name\":\"Bambu kylpypyyhe sarja 3 kpl. (valkoinen)\"}]},{\"@type\":\"WebSite\",\"@id\":\"https:\\\/\\\/minubaltic.ee\\\/fi\\\/#website\",\"url\":\"https:\\\/\\\/minubaltic.ee\\\/fi\\\/\",\"name\":\"minubaltic.ee\",\"description\":\"\",\"publisher\":{\"@id\":\"https:\\\/\\\/minubaltic.ee\\\/fi\\\/#organization\"},\"potentialAction\":[{\"@type\":\"SearchAction\",\"target\":{\"@type\":\"EntryPoint\",\"urlTemplate\":\"https:\\\/\\\/minubaltic.ee\\\/fi\\\/?s={search_term_string}\"},\"query-input\":{\"@type\":\"PropertyValueSpecification\",\"valueRequired\":true,\"valueName\":\"search_term_string\"}}],\"inLanguage\":\"fi\"},{\"@type\":\"Organization\",\"@id\":\"https:\\\/\\\/minubaltic.ee\\\/fi\\\/#organization\",\"name\":\"Minu Baltic O\u00dc\",\"url\":\"https:\\\/\\\/minubaltic.ee\\\/fi\\\/\",\"logo\":{\"@type\":\"ImageObject\",\"inLanguage\":\"fi\",\"@id\":\"https:\\\/\\\/minubaltic.ee\\\/fi\\\/#\\\/schema\\\/logo\\\/image\\\/\",\"url\":\"https:\\\/\\\/minubaltic.ee\\\/wp-content\\\/uploads\\\/2023\\\/10\\\/cropped-cropped-cropped-logo.png\",\"contentUrl\":\"https:\\\/\\\/minubaltic.ee\\\/wp-content\\\/uploads\\\/2023\\\/10\\\/cropped-cropped-cropped-logo.png\",\"width\":500,\"height\":237,\"caption\":\"Minu Baltic O\u00dc\"},\"image\":{\"@id\":\"https:\\\/\\\/minubaltic.ee\\\/fi\\\/#\\\/schema\\\/logo\\\/image\\\/\"},\"sameAs\":[\"https:\\\/\\\/www.facebook.com\\\/minubaltic\"]}]}<\/script>\n<!-- \/ Yoast SEO plugin. -->","yoast_head_json":{"title":"Bambu kylpypyyhe sarja 3 kpl. (valkoinen) - 100% bambu","description":"3-osainen bambupyyhesetti koostuu 1 70x140 cm:n kylpypyyhkeest\u00e4 ja 2 35x75 cm:n pyyhkeest\u00e4. Bambukylpyammeen liinavaatteet soveltuvat k\u00e4ytett\u00e4v\u00e4ksi ....","robots":{"index":"index","follow":"follow","max-snippet":"max-snippet:-1","max-image-preview":"max-image-preview:large","max-video-preview":"max-video-preview:-1"},"canonical":"https:\/\/minubaltic.ee\/fi\/e-pood\/bambu-pyyhkeet\/bambupyyhe-sarjat\/bambu-kylpypyyhe-sarja-3-kpl-valkoinen\/","og_locale":"fi_FI","og_type":"article","og_title":"Bambu kylpypyyhe sarja 3 kpl. (valkoinen) - 100% bambu","og_description":"3-osainen bambupyyhesetti koostuu 1 70x140 cm:n kylpypyyhkeest\u00e4 ja 2 35x75 cm:n pyyhkeest\u00e4. Bambukylpyammeen liinavaatteet soveltuvat k\u00e4ytett\u00e4v\u00e4ksi ....","og_url":"https:\/\/minubaltic.ee\/fi\/e-pood\/bambu-pyyhkeet\/bambupyyhe-sarjat\/bambu-kylpypyyhe-sarja-3-kpl-valkoinen\/","article_publisher":"https:\/\/www.facebook.com\/minubaltic","article_modified_time":"2024-07-18T21:12:58+00:00","og_image":[{"width":800,"height":800,"url":"https:\/\/minubaltic.ee\/wp-content\/uploads\/2024\/07\/BAMBUSEST-RATIK-9.jpg","type":"image\/jpeg"}],"twitter_card":"summary_large_image","twitter_misc":{"Arvioitu lukuaika":"1 minuutti"},"schema":{"@context":"https:\/\/schema.org","@graph":[{"@type":"WebPage","@id":"https:\/\/minubaltic.ee\/fi\/e-pood\/bambu-pyyhkeet\/bambupyyhe-sarjat\/bambu-kylpypyyhe-sarja-3-kpl-valkoinen\/","url":"https:\/\/minubaltic.ee\/fi\/e-pood\/bambu-pyyhkeet\/bambupyyhe-sarjat\/bambu-kylpypyyhe-sarja-3-kpl-valkoinen\/","name":"Bambu kylpypyyhe sarja 3 kpl. (valkoinen) - 100% bambu","isPartOf":{"@id":"https:\/\/minubaltic.ee\/fi\/#website"},"primaryImageOfPage":{"@id":"https:\/\/minubaltic.ee\/fi\/e-pood\/bambu-pyyhkeet\/bambupyyhe-sarjat\/bambu-kylpypyyhe-sarja-3-kpl-valkoinen\/#primaryimage"},"image":{"@id":"https:\/\/minubaltic.ee\/fi\/e-pood\/bambu-pyyhkeet\/bambupyyhe-sarjat\/bambu-kylpypyyhe-sarja-3-kpl-valkoinen\/#primaryimage"},"thumbnailUrl":"https:\/\/minubaltic.ee\/wp-content\/uploads\/2024\/07\/BAMBUSEST-RATIK-9.jpg","datePublished":"2024-07-18T20:34:52+00:00","dateModified":"2024-07-18T21:12:58+00:00","description":"3-osainen bambupyyhesetti koostuu 1 70x140 cm:n kylpypyyhkeest\u00e4 ja 2 35x75 cm:n pyyhkeest\u00e4. Bambukylpyammeen liinavaatteet soveltuvat k\u00e4ytett\u00e4v\u00e4ksi ....","breadcrumb":{"@id":"https:\/\/minubaltic.ee\/fi\/e-pood\/bambu-pyyhkeet\/bambupyyhe-sarjat\/bambu-kylpypyyhe-sarja-3-kpl-valkoinen\/#breadcrumb"},"inLanguage":"fi","potentialAction":[{"@type":"ReadAction","target":["https:\/\/minubaltic.ee\/fi\/e-pood\/bambu-pyyhkeet\/bambupyyhe-sarjat\/bambu-kylpypyyhe-sarja-3-kpl-valkoinen\/"]}]},{"@type":"ImageObject","inLanguage":"fi","@id":"https:\/\/minubaltic.ee\/fi\/e-pood\/bambu-pyyhkeet\/bambupyyhe-sarjat\/bambu-kylpypyyhe-sarja-3-kpl-valkoinen\/#primaryimage","url":"https:\/\/minubaltic.ee\/wp-content\/uploads\/2024\/07\/BAMBUSEST-RATIK-9.jpg","contentUrl":"https:\/\/minubaltic.ee\/wp-content\/uploads\/2024\/07\/BAMBUSEST-RATIK-9.jpg","width":800,"height":800},{"@type":"BreadcrumbList","@id":"https:\/\/minubaltic.ee\/fi\/e-pood\/bambu-pyyhkeet\/bambupyyhe-sarjat\/bambu-kylpypyyhe-sarja-3-kpl-valkoinen\/#breadcrumb","itemListElement":[{"@type":"ListItem","position":1,"name":"Home","item":"https:\/\/minubaltic.ee\/fi\/"},{"@type":"ListItem","position":2,"name":"Verkkokauppa","item":"https:\/\/minubaltic.ee\/fi\/verkkokauppa\/"},{"@type":"ListItem","position":3,"name":"Bambu kylpypyyhe sarja 3 kpl. (valkoinen)"}]},{"@type":"WebSite","@id":"https:\/\/minubaltic.ee\/fi\/#website","url":"https:\/\/minubaltic.ee\/fi\/","name":"minubaltic.ee","description":"","publisher":{"@id":"https:\/\/minubaltic.ee\/fi\/#organization"},"potentialAction":[{"@type":"SearchAction","target":{"@type":"EntryPoint","urlTemplate":"https:\/\/minubaltic.ee\/fi\/?s={search_term_string}"},"query-input":{"@type":"PropertyValueSpecification","valueRequired":true,"valueName":"search_term_string"}}],"inLanguage":"fi"},{"@type":"Organization","@id":"https:\/\/minubaltic.ee\/fi\/#organization","name":"Minu Baltic O\u00dc","url":"https:\/\/minubaltic.ee\/fi\/","logo":{"@type":"ImageObject","inLanguage":"fi","@id":"https:\/\/minubaltic.ee\/fi\/#\/schema\/logo\/image\/","url":"https:\/\/minubaltic.ee\/wp-content\/uploads\/2023\/10\/cropped-cropped-cropped-logo.png","contentUrl":"https:\/\/minubaltic.ee\/wp-content\/uploads\/2023\/10\/cropped-cropped-cropped-logo.png","width":500,"height":237,"caption":"Minu Baltic O\u00dc"},"image":{"@id":"https:\/\/minubaltic.ee\/fi\/#\/schema\/logo\/image\/"},"sameAs":["https:\/\/www.facebook.com\/minubaltic"]}]}},"_links":{"self":[{"href":"https:\/\/minubaltic.ee\/fi\/wp-json\/wp\/v2\/product\/30480","targetHints":{"allow":["GET"]}}],"collection":[{"href":"https:\/\/minubaltic.ee\/fi\/wp-json\/wp\/v2\/product"}],"about":[{"href":"https:\/\/minubaltic.ee\/fi\/wp-json\/wp\/v2\/types\/product"}],"replies":[{"embeddable":true,"href":"https:\/\/minubaltic.ee\/fi\/wp-json\/wp\/v2\/comments?post=30480"}],"version-history":[{"count":1,"href":"https:\/\/minubaltic.ee\/fi\/wp-json\/wp\/v2\/product\/30480\/revisions"}],"predecessor-version":[{"id":30538,"href":"https:\/\/minubaltic.ee\/fi\/wp-json\/wp\/v2\/product\/30480\/revisions\/30538"}],"wp:featuredmedia":[{"embeddable":true,"href":"https:\/\/minubaltic.ee\/fi\/wp-json\/wp\/v2\/media\/30467"}],"wp:attachment":[{"href":"https:\/\/minubaltic.ee\/fi\/wp-json\/wp\/v2\/media?parent=30480"}],"wp:term":[{"taxonomy":"product_brand","embeddable":true,"href":"https:\/\/minubaltic.ee\/fi\/wp-json\/wp\/v2\/product_brand?post=30480"},{"taxonomy":"product_cat","embeddable":true,"href":"https:\/\/minubaltic.ee\/fi\/wp-json\/wp\/v2\/product_cat?post=30480"},{"taxonomy":"product_tag","embeddable":true,"href":"https:\/\/minubaltic.ee\/fi\/wp-json\/wp\/v2\/product_tag?post=30480"}],"curies":[{"name":"wp","href":"https:\/\/api.w.org\/{rel}","templated":true}]}}