{"id":29971,"date":"2024-07-14T03:03:20","date_gmt":"2024-07-14T00:03:20","guid":{"rendered":"https:\/\/minubaltic.ee\/?post_type=product&#038;p=29971"},"modified":"2026-03-15T19:17:49","modified_gmt":"2026-03-15T16:17:49","slug":"4-vuodenajan-peitto-2","status":"publish","type":"product","link":"https:\/\/minubaltic.ee\/fi\/e-pood\/peitot\/4-vuodenajan-peitto-2\/","title":{"rendered":"4 vuodenajan peitto"},"content":{"rendered":"<ul>\n<li><strong>Tuote pakkauksessa:<\/strong> 1 kpl<\/li>\n<li><strong>Paino:<\/strong> 3 kg<\/li>\n<li><strong>Koko:<\/strong> 200\u00d7230 cm<\/li>\n<li><strong>Erittely:<\/strong> \u00b15<\/li>\n<li><strong>Kausi:<\/strong> Kaikki vuodenajat<\/li>\n<li><strong>Tyyli:<\/strong> Kiina<\/li>\n<li><strong>Lis\u00e4tiedot:<\/strong> eritt\u00e4in pehme\u00e4, mukava, paksu, l\u00e4mmin, hengitt\u00e4v\u00e4.<\/li>\n<li>Tuotekuvat ovat havainnollistavia<\/li>\n<\/ul>\n","protected":false},"excerpt":{"rendered":"<p>\u2740 Peiton kangas on harjattua puuvillaa, joka on pehme\u00e4\u00e4 ja miellytt\u00e4v\u00e4n tuntuista. Se ei aiheuta ep\u00e4mukavuutta vartalolle, ei haalistu ja on erityisesti suunniteltu huopia varten.<br \/>\n\u2740 Valittu filamenttipuuvilla on silkkist\u00e4 ja herkk\u00e4\u00e4. Se on pehme\u00e4 kosketukseen, kosteutta imev\u00e4 ja hengitt\u00e4v\u00e4 eik\u00e4 kutistu.<\/p>\n","protected":false},"featured_media":29977,"comment_status":"open","ping_status":"closed","template":"","meta":[],"product_brand":[],"product_cat":[392,394],"product_tag":[406,407,399,401,400],"class_list":{"0":"post-29971","1":"product","2":"type-product","3":"status-publish","4":"has-post-thumbnail","6":"product_cat-peitot","7":"product_cat-peitot-200-230","8":"product_tag-peitot","9":"product_tag-peitto","10":"product_tag-sahkoinen-kaupankaynti","11":"product_tag-tekstiili","12":"product_tag-verkkokauppa","14":"first","15":"outofstock","16":"shipping-taxable","17":"purchasable","18":"product-type-simple"},"yoast_head":"<!-- This site is optimized with the Yoast SEO plugin v27.4 - https:\/\/yoast.com\/product\/yoast-seo-wordpress\/ -->\n<title>Nelj\u00e4n vuodenajan peitto - Peitot ja tyynyt<\/title>\n<meta name=\"description\" content=\"Nelj\u00e4n vuodenajan peitto sopii k\u00e4ytett\u00e4v\u00e4ksi ymp\u00e4ri vuoden ja tarjoaa optimaalisen mukavuuden kes\u00e4ll\u00e4 ja talvella. Valmistettu korkealaatuisista materiaal\" \/>\n<meta name=\"robots\" content=\"index, follow, max-snippet:-1, max-image-preview:large, max-video-preview:-1\" \/>\n<link rel=\"canonical\" href=\"https:\/\/minubaltic.ee\/fi\/e-pood\/peitot\/4-vuodenajan-peitto-2\/\" \/>\n<meta property=\"og:locale\" content=\"fi_FI\" \/>\n<meta property=\"og:type\" content=\"article\" \/>\n<meta property=\"og:title\" content=\"Nelj\u00e4n vuodenajan peitto - Peitot ja tyynyt\" \/>\n<meta property=\"og:description\" content=\"Nelj\u00e4n vuodenajan peitto sopii k\u00e4ytett\u00e4v\u00e4ksi ymp\u00e4ri vuoden ja tarjoaa optimaalisen mukavuuden kes\u00e4ll\u00e4 ja talvella. Valmistettu korkealaatuisista materiaal\" \/>\n<meta property=\"og:url\" content=\"https:\/\/minubaltic.ee\/fi\/e-pood\/peitot\/4-vuodenajan-peitto-2\/\" \/>\n<meta property=\"article:publisher\" content=\"https:\/\/www.facebook.com\/minubaltic\" \/>\n<meta property=\"article:modified_time\" content=\"2026-03-15T16:17:49+00:00\" \/>\n<meta property=\"og:image\" content=\"https:\/\/minubaltic.ee\/wp-content\/uploads\/2024\/07\/4-hooaja-tekk-5.jpg\" \/>\n\t<meta property=\"og:image:width\" content=\"650\" \/>\n\t<meta property=\"og:image:height\" content=\"650\" \/>\n\t<meta property=\"og:image:type\" content=\"image\/jpeg\" \/>\n<meta name=\"twitter:card\" content=\"summary_large_image\" \/>\n<meta name=\"twitter:label1\" content=\"Arvioitu lukuaika\" \/>\n\t<meta name=\"twitter:data1\" content=\"1 minuutti\" \/>\n<script type=\"application\/ld+json\" class=\"yoast-schema-graph\">{\"@context\":\"https:\\\/\\\/schema.org\",\"@graph\":[{\"@type\":\"WebPage\",\"@id\":\"https:\\\/\\\/minubaltic.ee\\\/fi\\\/e-pood\\\/peitot\\\/4-vuodenajan-peitto-2\\\/\",\"url\":\"https:\\\/\\\/minubaltic.ee\\\/fi\\\/e-pood\\\/peitot\\\/4-vuodenajan-peitto-2\\\/\",\"name\":\"Nelj\u00e4n vuodenajan peitto - Peitot ja tyynyt\",\"isPartOf\":{\"@id\":\"https:\\\/\\\/minubaltic.ee\\\/fi\\\/#website\"},\"primaryImageOfPage\":{\"@id\":\"https:\\\/\\\/minubaltic.ee\\\/fi\\\/e-pood\\\/peitot\\\/4-vuodenajan-peitto-2\\\/#primaryimage\"},\"image\":{\"@id\":\"https:\\\/\\\/minubaltic.ee\\\/fi\\\/e-pood\\\/peitot\\\/4-vuodenajan-peitto-2\\\/#primaryimage\"},\"thumbnailUrl\":\"https:\\\/\\\/minubaltic.ee\\\/wp-content\\\/uploads\\\/2024\\\/07\\\/4-hooaja-tekk-5.jpg\",\"datePublished\":\"2024-07-14T00:03:20+00:00\",\"dateModified\":\"2026-03-15T16:17:49+00:00\",\"description\":\"Nelj\u00e4n vuodenajan peitto sopii k\u00e4ytett\u00e4v\u00e4ksi ymp\u00e4ri vuoden ja tarjoaa optimaalisen mukavuuden kes\u00e4ll\u00e4 ja talvella. Valmistettu korkealaatuisista materiaal\",\"breadcrumb\":{\"@id\":\"https:\\\/\\\/minubaltic.ee\\\/fi\\\/e-pood\\\/peitot\\\/4-vuodenajan-peitto-2\\\/#breadcrumb\"},\"inLanguage\":\"fi\",\"potentialAction\":[{\"@type\":\"ReadAction\",\"target\":[\"https:\\\/\\\/minubaltic.ee\\\/fi\\\/e-pood\\\/peitot\\\/4-vuodenajan-peitto-2\\\/\"]}]},{\"@type\":\"ImageObject\",\"inLanguage\":\"fi\",\"@id\":\"https:\\\/\\\/minubaltic.ee\\\/fi\\\/e-pood\\\/peitot\\\/4-vuodenajan-peitto-2\\\/#primaryimage\",\"url\":\"https:\\\/\\\/minubaltic.ee\\\/wp-content\\\/uploads\\\/2024\\\/07\\\/4-hooaja-tekk-5.jpg\",\"contentUrl\":\"https:\\\/\\\/minubaltic.ee\\\/wp-content\\\/uploads\\\/2024\\\/07\\\/4-hooaja-tekk-5.jpg\",\"width\":650,\"height\":650},{\"@type\":\"BreadcrumbList\",\"@id\":\"https:\\\/\\\/minubaltic.ee\\\/fi\\\/e-pood\\\/peitot\\\/4-vuodenajan-peitto-2\\\/#breadcrumb\",\"itemListElement\":[{\"@type\":\"ListItem\",\"position\":1,\"name\":\"Home\",\"item\":\"https:\\\/\\\/minubaltic.ee\\\/fi\\\/\"},{\"@type\":\"ListItem\",\"position\":2,\"name\":\"Verkkokauppa\",\"item\":\"https:\\\/\\\/minubaltic.ee\\\/fi\\\/verkkokauppa\\\/\"},{\"@type\":\"ListItem\",\"position\":3,\"name\":\"4 vuodenajan peitto\"}]},{\"@type\":\"WebSite\",\"@id\":\"https:\\\/\\\/minubaltic.ee\\\/fi\\\/#website\",\"url\":\"https:\\\/\\\/minubaltic.ee\\\/fi\\\/\",\"name\":\"minubaltic.ee\",\"description\":\"\",\"publisher\":{\"@id\":\"https:\\\/\\\/minubaltic.ee\\\/fi\\\/#organization\"},\"potentialAction\":[{\"@type\":\"SearchAction\",\"target\":{\"@type\":\"EntryPoint\",\"urlTemplate\":\"https:\\\/\\\/minubaltic.ee\\\/fi\\\/?s={search_term_string}\"},\"query-input\":{\"@type\":\"PropertyValueSpecification\",\"valueRequired\":true,\"valueName\":\"search_term_string\"}}],\"inLanguage\":\"fi\"},{\"@type\":\"Organization\",\"@id\":\"https:\\\/\\\/minubaltic.ee\\\/fi\\\/#organization\",\"name\":\"Minu Baltic O\u00dc\",\"url\":\"https:\\\/\\\/minubaltic.ee\\\/fi\\\/\",\"logo\":{\"@type\":\"ImageObject\",\"inLanguage\":\"fi\",\"@id\":\"https:\\\/\\\/minubaltic.ee\\\/fi\\\/#\\\/schema\\\/logo\\\/image\\\/\",\"url\":\"https:\\\/\\\/minubaltic.ee\\\/wp-content\\\/uploads\\\/2023\\\/10\\\/cropped-cropped-cropped-logo.png\",\"contentUrl\":\"https:\\\/\\\/minubaltic.ee\\\/wp-content\\\/uploads\\\/2023\\\/10\\\/cropped-cropped-cropped-logo.png\",\"width\":500,\"height\":237,\"caption\":\"Minu Baltic O\u00dc\"},\"image\":{\"@id\":\"https:\\\/\\\/minubaltic.ee\\\/fi\\\/#\\\/schema\\\/logo\\\/image\\\/\"},\"sameAs\":[\"https:\\\/\\\/www.facebook.com\\\/minubaltic\"]}]}<\/script>\n<!-- \/ Yoast SEO plugin. -->","yoast_head_json":{"title":"Nelj\u00e4n vuodenajan peitto - Peitot ja tyynyt","description":"Nelj\u00e4n vuodenajan peitto sopii k\u00e4ytett\u00e4v\u00e4ksi ymp\u00e4ri vuoden ja tarjoaa optimaalisen mukavuuden kes\u00e4ll\u00e4 ja talvella. Valmistettu korkealaatuisista materiaal","robots":{"index":"index","follow":"follow","max-snippet":"max-snippet:-1","max-image-preview":"max-image-preview:large","max-video-preview":"max-video-preview:-1"},"canonical":"https:\/\/minubaltic.ee\/fi\/e-pood\/peitot\/4-vuodenajan-peitto-2\/","og_locale":"fi_FI","og_type":"article","og_title":"Nelj\u00e4n vuodenajan peitto - Peitot ja tyynyt","og_description":"Nelj\u00e4n vuodenajan peitto sopii k\u00e4ytett\u00e4v\u00e4ksi ymp\u00e4ri vuoden ja tarjoaa optimaalisen mukavuuden kes\u00e4ll\u00e4 ja talvella. Valmistettu korkealaatuisista materiaal","og_url":"https:\/\/minubaltic.ee\/fi\/e-pood\/peitot\/4-vuodenajan-peitto-2\/","article_publisher":"https:\/\/www.facebook.com\/minubaltic","article_modified_time":"2026-03-15T16:17:49+00:00","og_image":[{"width":650,"height":650,"url":"https:\/\/minubaltic.ee\/wp-content\/uploads\/2024\/07\/4-hooaja-tekk-5.jpg","type":"image\/jpeg"}],"twitter_card":"summary_large_image","twitter_misc":{"Arvioitu lukuaika":"1 minuutti"},"schema":{"@context":"https:\/\/schema.org","@graph":[{"@type":"WebPage","@id":"https:\/\/minubaltic.ee\/fi\/e-pood\/peitot\/4-vuodenajan-peitto-2\/","url":"https:\/\/minubaltic.ee\/fi\/e-pood\/peitot\/4-vuodenajan-peitto-2\/","name":"Nelj\u00e4n vuodenajan peitto - Peitot ja tyynyt","isPartOf":{"@id":"https:\/\/minubaltic.ee\/fi\/#website"},"primaryImageOfPage":{"@id":"https:\/\/minubaltic.ee\/fi\/e-pood\/peitot\/4-vuodenajan-peitto-2\/#primaryimage"},"image":{"@id":"https:\/\/minubaltic.ee\/fi\/e-pood\/peitot\/4-vuodenajan-peitto-2\/#primaryimage"},"thumbnailUrl":"https:\/\/minubaltic.ee\/wp-content\/uploads\/2024\/07\/4-hooaja-tekk-5.jpg","datePublished":"2024-07-14T00:03:20+00:00","dateModified":"2026-03-15T16:17:49+00:00","description":"Nelj\u00e4n vuodenajan peitto sopii k\u00e4ytett\u00e4v\u00e4ksi ymp\u00e4ri vuoden ja tarjoaa optimaalisen mukavuuden kes\u00e4ll\u00e4 ja talvella. Valmistettu korkealaatuisista materiaal","breadcrumb":{"@id":"https:\/\/minubaltic.ee\/fi\/e-pood\/peitot\/4-vuodenajan-peitto-2\/#breadcrumb"},"inLanguage":"fi","potentialAction":[{"@type":"ReadAction","target":["https:\/\/minubaltic.ee\/fi\/e-pood\/peitot\/4-vuodenajan-peitto-2\/"]}]},{"@type":"ImageObject","inLanguage":"fi","@id":"https:\/\/minubaltic.ee\/fi\/e-pood\/peitot\/4-vuodenajan-peitto-2\/#primaryimage","url":"https:\/\/minubaltic.ee\/wp-content\/uploads\/2024\/07\/4-hooaja-tekk-5.jpg","contentUrl":"https:\/\/minubaltic.ee\/wp-content\/uploads\/2024\/07\/4-hooaja-tekk-5.jpg","width":650,"height":650},{"@type":"BreadcrumbList","@id":"https:\/\/minubaltic.ee\/fi\/e-pood\/peitot\/4-vuodenajan-peitto-2\/#breadcrumb","itemListElement":[{"@type":"ListItem","position":1,"name":"Home","item":"https:\/\/minubaltic.ee\/fi\/"},{"@type":"ListItem","position":2,"name":"Verkkokauppa","item":"https:\/\/minubaltic.ee\/fi\/verkkokauppa\/"},{"@type":"ListItem","position":3,"name":"4 vuodenajan peitto"}]},{"@type":"WebSite","@id":"https:\/\/minubaltic.ee\/fi\/#website","url":"https:\/\/minubaltic.ee\/fi\/","name":"minubaltic.ee","description":"","publisher":{"@id":"https:\/\/minubaltic.ee\/fi\/#organization"},"potentialAction":[{"@type":"SearchAction","target":{"@type":"EntryPoint","urlTemplate":"https:\/\/minubaltic.ee\/fi\/?s={search_term_string}"},"query-input":{"@type":"PropertyValueSpecification","valueRequired":true,"valueName":"search_term_string"}}],"inLanguage":"fi"},{"@type":"Organization","@id":"https:\/\/minubaltic.ee\/fi\/#organization","name":"Minu Baltic O\u00dc","url":"https:\/\/minubaltic.ee\/fi\/","logo":{"@type":"ImageObject","inLanguage":"fi","@id":"https:\/\/minubaltic.ee\/fi\/#\/schema\/logo\/image\/","url":"https:\/\/minubaltic.ee\/wp-content\/uploads\/2023\/10\/cropped-cropped-cropped-logo.png","contentUrl":"https:\/\/minubaltic.ee\/wp-content\/uploads\/2023\/10\/cropped-cropped-cropped-logo.png","width":500,"height":237,"caption":"Minu Baltic O\u00dc"},"image":{"@id":"https:\/\/minubaltic.ee\/fi\/#\/schema\/logo\/image\/"},"sameAs":["https:\/\/www.facebook.com\/minubaltic"]}]}},"_links":{"self":[{"href":"https:\/\/minubaltic.ee\/fi\/wp-json\/wp\/v2\/product\/29971","targetHints":{"allow":["GET"]}}],"collection":[{"href":"https:\/\/minubaltic.ee\/fi\/wp-json\/wp\/v2\/product"}],"about":[{"href":"https:\/\/minubaltic.ee\/fi\/wp-json\/wp\/v2\/types\/product"}],"replies":[{"embeddable":true,"href":"https:\/\/minubaltic.ee\/fi\/wp-json\/wp\/v2\/comments?post=29971"}],"version-history":[{"count":2,"href":"https:\/\/minubaltic.ee\/fi\/wp-json\/wp\/v2\/product\/29971\/revisions"}],"predecessor-version":[{"id":30000,"href":"https:\/\/minubaltic.ee\/fi\/wp-json\/wp\/v2\/product\/29971\/revisions\/30000"}],"wp:featuredmedia":[{"embeddable":true,"href":"https:\/\/minubaltic.ee\/fi\/wp-json\/wp\/v2\/media\/29977"}],"wp:attachment":[{"href":"https:\/\/minubaltic.ee\/fi\/wp-json\/wp\/v2\/media?parent=29971"}],"wp:term":[{"taxonomy":"product_brand","embeddable":true,"href":"https:\/\/minubaltic.ee\/fi\/wp-json\/wp\/v2\/product_brand?post=29971"},{"taxonomy":"product_cat","embeddable":true,"href":"https:\/\/minubaltic.ee\/fi\/wp-json\/wp\/v2\/product_cat?post=29971"},{"taxonomy":"product_tag","embeddable":true,"href":"https:\/\/minubaltic.ee\/fi\/wp-json\/wp\/v2\/product_tag?post=29971"}],"curies":[{"name":"wp","href":"https:\/\/api.w.org\/{rel}","templated":true}]}}